{"id":56080,"date":"2023-06-16T00:51:59","date_gmt":"2023-06-15T15:51:59","guid":{"rendered":"https:\/\/monolith.law\/en\/?page_id=56080"},"modified":"2024-08-05T18:54:35","modified_gmt":"2024-08-05T09:54:35","slug":"internet","status":"publish","type":"page","link":"https:\/\/monolith.law\/de\/internet","title":{"rendered":"Internet"},"content":{"rendered":"\n<section class=\"heading-area\">\n\t<div class=\"heading-area-inner\">\n\t\t<h2 class=\"icon-internet\">Internet<\/h2>\n\t\t<p>Als eine Kanzlei mit ausgepr\u00e4gter IT-Kompetenz haben wir einen nachgewiesenen Erfolgstrack in der umfassenden rechtlichen Unterst\u00fctzung von Unternehmern in der Internetbranche, einschlie\u00dflich YouTubern. Wir sind ebenfalls auf die Handhabung von Streitigkeiten im Zusammenhang mit Online-Plattformen spezialisiert und haben Klienten erfolgreich dabei unterst\u00fctzt, negative Webseiten zu entfernen und Online-Konflikte zu l\u00f6sen.<\/p>\n\t<\/div>\n<\/section>\n\n<section class=\"white-section\">\n\t<div class=\"section-inner pdt0  border-bottom-section\">\n\t\t<p class=\"mgb-small\">Die MONOLITH LAW OFFICE verf\u00fcgt \u00fcber umfangreiche Erfahrungen in IT-rechtlichen Angelegenheiten und ist besonders versiert in der Unterst\u00fctzung von internetbasierten Gesch\u00e4ften, einschlie\u00dflich YouTubern und Unternehmen, die in YouTube-bezogenen Aktivit\u00e4ten engagiert sind.<\/p>\n\t\t<p>Wir verstehen die inh\u00e4renten Risiken, die mit dem Internet verbunden sind, wie negative Webseiten und Beitr\u00e4ge auf Online-Foren. Unsere Kanzlei hat zahlreiche F\u00e4lle im Bereich des Online-Reputationsmanagements f\u00fcr eine breite Palette von Klienten, von Einzelpersonen bis hin zu gro\u00dfen Unternehmen, erfolgreich bearbeitet. Negative Webseiten stellen in Japan eine einzigartige rechtliche Herausforderung dar, und unsere qualifizierten Anw\u00e4lte sind darauf vorbereitet, effektive L\u00f6sungen anzubieten. Wir freuen uns darauf, Sie zu beraten und unsere Expertise und Erfahrung bei der L\u00f6sung von Problemen im Zusammenhang mit negativen Webseiten einzusetzen.<\/p>\n\t<\/div>\n<\/section>\n\n<section class=\"second-nav\">\n\t<div class=\"second-nav-inner\">\n\t\t<p>THEMEN<\/p>\n\t\t<nav>\n\t\t\t<ul>\n\t\t\t\t<li><a href=\"#legal-support-for-youtuber\">Rechtliche Unterst\u00fctzung f\u00fcr YouTuber<\/a><\/li>\n\t\t\t\t<li><a href=\"#legal-support-for-vtuber\">Rechtliche Unterst\u00fctzung f\u00fcr VTuber<\/a><\/li>\n\t\t\t\t<li><a href=\"#manda-of-sns-accounts\">M&amp;A von SNS-Konten<\/a><\/li>\n\t\t\t\t<li><a href=\"#mitigating-reputational-damage\">Minderung von Reputationssch\u00e4den<\/a><\/li>\n\t\t\t\t<li><a href=\"#id-of-the-defamatory-statement\">Identifizierung der diffamierenden Aussage<\/a><\/li>\n\t\t\t\t<li><a href=\"#corporate-reputation-management\">Unternehmensreputationsmanagement<\/a><\/li>\n\t\t\t\t<li><a href=\"#removal-of-past-unwanted-info\">Entfernung unerw\u00fcnschter Informationen aus der Vergangenheit<\/a><\/li>\n\t\t\t\t<li><a href=\"#monolith-law-magazine\">MONOLITH LAW MAGAZINE<\/a><\/li>\n\t\t\t\t<li><a href=\"#fee-structure\">Geb\u00fchrenstruktur<\/a><\/li>\n\t\t\t<\/ul>\n\t\t<\/nav>\n\t<\/div>\n<\/section>\n\n<section class=\"purple-section mgt-section\">\n\t<div class=\"anchor\" id=\"legal-support-for-youtuber\"><\/div>\n\t<div class=\"section-inner\">\n\t\t<div class=\"flex\">\n\t\t\t<div class=\"width41\"><img decoding=\"async\" src=\"\/wp-content\/themes\/monolith2021\/img\/pic\/pic_practices-youtuberlaw.jpg\" alt=\"Rechtliche Unterst\u00fctzung f\u00fcr YouTuber\"><\/div>\n\t\t\t<div class=\"width51\">\n\t\t\t\t<h3>Rechtliche Unterst\u00fctzung f\u00fcr YouTuber<\/h3>\n\t\t\t\t<p class=\"mgb-small\">YouTube-Kan\u00e4le, die von YouTuber-Agenturen, Unternehmen, die virtuelle YouTuber (VTuber) betreiben, und Gesch\u00e4ftsunternehmen verwaltet werden, ben\u00f6tigen alle Rechtsberater mit spezialisiertem Know-how und Erfahrung in Japan.<\/p>\n\t\t\t\t<p class=\"mgb-middle\">Zu unseren Kunden geh\u00f6ren gro\u00dfe japanische YouTuber-Managementunternehmen, prominente einzelne YouTuber und verschiedene VTuber-Gesch\u00e4ftsmanagementunternehmen in ganz Japan. Wir bieten auch hochspezialisierte Unterst\u00fctzung bei der Erstellung und \u00dcberpr\u00fcfung von YouTuber- und VTuber-bezogenen Vertr\u00e4gen und bei der Bew\u00e4ltigung rechtlicher Fragen im Zusammenhang mit der Videoproduktion in Japan.<\/p>\n\t\t\t\t<div class=\"btn-area align-left\">\n\t\t\t\t\t<div class=\"btn icon-legal-support-for-youtuber\"><a href=\"\/de\/legal-support-for-youtuber\/\">Rechtliche Unterst\u00fctzung<br>f\u00fcr YouTuber<\/a><\/div>\n\t\t\t\t<\/div>\n\t\t\t<\/div>\n\t\t<\/div>\n\t<\/div>\n<\/section>\n\n<section class=\"white-section\">\n\t<div class=\"anchor\" id=\"legal-support-for-vtuber\"><\/div>\n\t<div class=\"section-inner\">\n\t\t<div class=\"flex reverse\">\n\t\t\t<div class=\"width41\"><img decoding=\"async\" src=\"\/wp-content\/themes\/monolith2021\/img\/vtuberlaw\/pic_practices-vtuberlaw.jpg\" alt=\"Rechtliche Unterst\u00fctzung f\u00fcr VTuber\"><\/div>\n\t\t\t<div class=\"width51\">\n\t\t\t\t<h3>Rechtliche Unterst\u00fctzung f\u00fcr VTuber<\/h3>\n\t\t\t\t<p class=\"mgb-small\">Die Beliebtheit von VTubern, YouTubern, die 2D- oder 3D-Avatare verwenden, um Videos und Livestreams zu erstellen, hat sich etabliert. Es begann in Japan und hat sich nun auf L\u00e4nder auf der ganzen Welt ausgebreitet.<\/p>\n\t\t\t\t<p class=\"mgb-middle\">Seit 2017 befassen wir uns mit rechtlichen Angelegenheiten von VTubern in Japan und haben eine F\u00fclle von Erfahrungen und eine solide Erfolgsbilanz gesammelt. Wir sind voll und ganz darauf ausgerichtet, VTubern und ihren verbundenen Unternehmen und Agenturen weltweit umfassende Unterst\u00fctzung zu bieten.<\/p>\n\t\t\t\t<div class=\"btn-area align-left\">\n\t\t\t\t\t<div class=\"btn icon-legal-support-for-vtuber\"><a href=\"\/de\/legal-support-for-vtuber\/\">Rechtliche Unterst\u00fctzung<br>f\u00fcr VTuber<\/a><\/div>\n\t\t\t\t<\/div>\n\t\t\t<\/div>\n\t\t<\/div>\n\t<\/div>\n<\/section>\n\n<section class=\"white-section\">\n\t<div class=\"anchor\" id=\"manda-of-sns-accounts\"><\/div>\n\t<div class=\"section-inner\">\n\t\t<div class=\"flex\">\n\t\t\t<div class=\"width41\"><img decoding=\"async\" src=\"\/wp-content\/themes\/monolith2021\/img\/pic\/pic_sns_manda.jpg\" alt=\"M&amp;A von SNS-Konten\"><\/div>\n\t\t\t<div class=\"width51\">\n\t\t\t\t<h3>M&amp;A von SNS-Konten<\/h3>\n\t\t\t\t<p class=\"mgb-small\">\u00c4hnlich wie Websites k\u00f6nnen auch YouTube-Kan\u00e4le und Twitter-Konten Gegenstand von M&amp;As sein. Da diese M&amp;As jedoch spezielle F\u00e4lle sind, ist eine Anwaltskanzlei mit spezialisiertem Wissen und Know-how erforderlich. Die MONOLITH LAW OFFICE ist eine auf IT, Internet und Gesch\u00e4ft spezialisierte Anwaltskanzlei. Unsere Anw\u00e4lte k\u00fcmmern sich um alles, von der Vertragsentwurf bis zur Due Diligence (DD) f\u00fcr viele M&amp;As, von kleinen Projekten mit YouTube-Kan\u00e4len bis zu Projekten, die 100 Millionen Yen \u00fcberschreiten.<\/p>\n\t\t\t\t<div class=\"btn-area align-left\">\n\t\t\t\t\t<div class=\"btn icon-m-and-a-of-sns-accounts\"><a href=\"\/de\/m-and-a-of-sns-accounts\/\">M&amp;A von SNS-Konten<\/a><\/div>\n\t\t\t\t<\/div>\n\n\t\t\t<\/div>\n\t\t<\/div>\n\t<\/div>\n<\/section>\n\n<section class=\"purple-section\">\n\t<div class=\"anchor\" id=\"mitigating-reputational-damage\"><\/div>\n\t<div class=\"section-inner\">\n\t\t<div class=\"flex reverse\">\n\t\t\t<div class=\"width41\"><img decoding=\"async\" src=\"\/wp-content\/themes\/monolith2021\/img\/pic\/pic_practices-reputation.jpg\" alt=\"Reputationssch\u00e4den mildern\"><\/div>\n\t\t\t<div class=\"width51\">\n\t\t\t\t<h3>Abmilderung von Reputationssch\u00e4den<\/h3>\n\t\t\t\t<p class=\"mgb-small\">Negative Webseiten, die Angriffe auf Unternehmen oder Einzelpersonen starten, k\u00f6nnen deren Ruf erheblich sch\u00e4digen. Das japanische Recht sieht jedoch Vorkehrungen f\u00fcr die Entfernung solcher Webseiten vor, wenn sie Diffamierung oder eine Verletzung der Privatsph\u00e4re darstellen. Bei MONOLITH LAW OFFICE sind wir auf rechtliche Angelegenheiten im Internet spezialisiert und haben zahlreiche F\u00e4lle erfolgreich bearbeitet, in denen es um die Entfernung sch\u00e4dlicher Informationen aus dem Internet ging.<\/p>\n\t\t\t\t<p class=\"mgb-middle\">Mit unserer starken Internet-Erfahrung und tiefgehenden Kenntnissen der japanischen Rechtsgrunds\u00e4tze hat unser engagiertes Team einer breiten Palette von Mandanten geholfen, darunter gro\u00dfe Unternehmen und Einzelpersonen, um effektiv gegen negative Webseiten vorzugehen. Durch strategische rechtliche Interventionen arbeiten wir gewissenhaft daran, den Ruf unserer Mandanten zu sch\u00fctzen und den durch verleumderische oder die Privatsph\u00e4re verletzende Inhalte verursachten Schaden zu mindern.<\/p>\n\t\t\t\t<div class=\"btn-area align-left\">\n\t\t\t\t\t<div class=\"btn icon-mitigating-reputational-damage\"><a href=\"\/de\/mitigating-reputational-damage\/\">Abmilderung<br>von Reputationssch\u00e4den<\/a><\/div>\n\t\t\t\t<\/div>\n\t\t\t<\/div>\n\t\t<\/div>\n\t<\/div>\n<\/section>\n\n<section class=\"white-section\">\n\t<div class=\"anchor\" id=\"id-of-the-defamatory-statement\"><\/div>\n\t<div class=\"section-inner\">\n\t\t<div class=\"flex\">\n\t\t\t<div class=\"width41\"><img decoding=\"async\" src=\"\/wp-content\/themes\/monolith2021\/img\/pic\/pic_reputation.jpg\" alt=\"ID der Quelle der diffamierenden Aussage\"><\/div>\n\t\t\t<div class=\"width51\">\n\t\t\t\t<h3>Identifizierung der diffamierenden Aussage<\/h3>\n\t\t\t\t<p class=\"mgb-small\">Nach japanischem Recht kann die Identifizierung von Personen, die f\u00fcr illegale Postings, wie zum Beispiel Diffamierungen, verantwortlich sind, durch die Bestimmungen des japanischen &#8220;Provider Liability Limitation Act&#8221; (Gesetz zur Begrenzung der Haftung von Anbietern) verfolgt werden. Dieses rechtliche Verfahren wird in einem japanischen Gericht durchgef\u00fchrt.<\/p>\n\t\t\t\t<p class=\"mgb-middle\">In F\u00e4llen, in denen hochgradig b\u00f6sartige Postings, die nicht ignoriert werden k\u00f6nnen, wie zum Beispiel falsche Anschuldigungen, die einen Gesch\u00e4ftsinhaber mit antisozialen Kr\u00e4ften in Verbindung bringen, ist es entscheidend, die T\u00e4ter zu identifizieren und angemessene rechtliche Sanktionen zu suchen. Dar\u00fcber hinaus sollten bei anhaltenden illegalen Postings Anstrengungen unternommen werden, um diese zu identifizieren und ein Wiederauftreten zu verhindern.<\/p>\n\t\t\t\t<div class=\"btn-area align-left\">\n\t\t\t\t\t<div class=\"btn icon-id-of-the-defamatory-statement\"><a href=\"\/de\/id-of-the-defamatory-statement\/\">Identifizierung der diffamierenden<br>Aussage<\/a><\/div>\n\t\t\t\t<\/div>\n\t\t\t<\/div>\n\t\t<\/div>\n\t<\/div>\n<\/section>\n\n<section class=\"orange-section\">\n\t<div class=\"anchor\" id=\"corporate-reputation-management\"><\/div>\n\t<div class=\"section-inner\">\n\t\t<div class=\"flex reverse\">\n\t\t\t<div class=\"width41\"><img decoding=\"async\" src=\"\/en\/wp-content\/uploads\/sites\/6\/2023\/06\/pic_practices-listedcompany.jpg\" alt=\"Unternehmensreputationsmanagement\"><\/div>\n\t\t\t<div class=\"width51\">\n\t\t\t\t<h3>Unternehmensreputationsmanagement<\/h3>\n\t\t\t\t<p class=\"mgb-small\">Wenn ein gro\u00dfes Unternehmen aufgrund zahlreicher negativer Webseiten im Internet mit Reputationssch\u00e4den konfrontiert wird, wird die Probleml\u00f6sung komplex. Die Priorisierung, welche Seiten entfernt werden sollen, und die Bewertung der Kostenwirksamkeit von Entfernungsma\u00dfnahmen stellen erhebliche Herausforderungen dar. Als Anwaltskanzlei, die sowohl \u00fcber juristische Expertise als auch \u00fcber IT-Beratung verf\u00fcgt, bieten wir umfassende L\u00f6sungen, die auf diese komplexen Problemszenarien zugeschnitten sind.<\/p>\n\t\t\t\t<p>Unser Team aus Anw\u00e4lten und IT-Beratern bietet Fachwissen in der Priorit\u00e4tensetzung, der Gestaltung von Schl\u00fcsselleistungsindikatoren (KPIs) und der Sch\u00e4tzung von Kosten-Nutzen-Verh\u00e4ltnissen im Zusammenhang mit der Budgetzuweisung. Wir gehen \u00e4hnlich wie Beratungsunternehmen an die Situation heran und bieten strategische Anleitung und Analyse, um den Prozess effektiv zu steuern.<\/p>\n\t\t\t<\/div>\n\t\t<\/div>\n\t<\/div>\n<\/section>\n\n<section class=\"white-section\">\n\t<div class=\"anchor\" id=\"removal-of-past-unwanted-info\"><\/div>\n\t<div class=\"section-inner\">\n\t\t<div class=\"flex\">\n\t\t\t<div class=\"width41\"><img decoding=\"async\" src=\"\/en\/wp-content\/uploads\/sites\/6\/2023\/06\/pastunwantedcontent.jpg\" alt=\"Entfernung von unerw\u00fcnschten Inhalten aus der Vergangenheit\"><\/div>\n\t\t\t<div class=\"width51\">\n\t\t\t\t<h3>Entfernung von unerw\u00fcnschten Informationen aus der Vergangenheit<\/h3>\n\t\t\t\t<p class=\"mgb-small\">Die MONOLITH LAW OFFICE ist spezialisiert auf die Bew\u00e4ltigung der Herausforderung, die eigene Online-Pr\u00e4senz zu verwalten, insbesondere f\u00fcr Personen, die in der Unterhaltungsindustrie t\u00e4tig sind. Wir verstehen, dass sowohl offizielle als auch inoffizielle Informationen einen langfristigen Einfluss auf das pers\u00f6nliche und berufliche Leben haben k\u00f6nnen. Unsere Kanzlei bietet umfassende L\u00f6sungen zur Bew\u00e4ltigung dieser Bedenken, indem sie eine einzigartige Kombination aus juristischer Expertise und Informationstechnologie nutzt. Ob es sich um die Entfernung unerw\u00fcnschter Inhalte, die Verwaltung digitaler Fu\u00dfabdr\u00fccke oder die Navigation durch &#8220;Recht auf Vergessenwerden&#8221;-Probleme handelt, wir bieten eine Komplettl\u00f6sung zum Schutz Ihres Online-Rufs.<\/p>\n\t\t\t\t<p>Vertrauen Sie auf die MONOLITH LAW OFFICE, um Ihre Privatsph\u00e4re zu sch\u00fctzen und einen nahtlosen \u00dcbergang zu Ihren zuk\u00fcnftigen Unternehmungen zu gew\u00e4hrleisten.<\/p>\n\t\t\t<\/div>\n\t\t<\/div>\n\t<\/div>\n<\/section>\n\n<section class=\"purple2-section\">\n\t<div class=\"anchor\" id=\"monolith-law-magazine\"><\/div>\n\t<div class=\"section-inner\">\n\t\t    <section class=\"white-section temp-article\">\n        <div class=\"section-inner\">\n            <h4>MONOLITH LAW MAGAZINE<\/h4>\n            <div class=\"articles type_practice_column\">\n                                                                    <div class=\"article article-area\">\n                        <figure>\n                            <div class=\"img-wrap\">\n                                <img alt=\"Welche rechtlichen Verantwortlichkeiten bestehen bei der Verbreitung und Verst\u00e4rkung von Falschinformationen? Eine Erkl\u00e4rung von zwei strafrechtlichen Haftungen anhand von Verhaftungsf\u00e4llen\" src=\"https:\/\/monolith.law\/de\/wp-content\/uploads\/sites\/14\/2025\/08\/7d8b9299c2a15a801c04913ba0d80d99.webp\" width=\"500\" height=\"250\">\n                            <\/div>\n                            <figcaption>\n                                <div class=\"figcaption-inner\">\n                                    <h3>Welche rechtlichen Verantwortlichkeiten bestehen bei der Verbreitung und Verst\u00e4r.<\/h3>\n                                <\/div>\n                            <\/figcaption>\n                            <a href=\"https:\/\/monolith.law\/de\/internet\/false-information-criminal-liability\"><\/a>\n                        <\/figure>\n                    <\/div>\n                                                    <div class=\"article article-area\">\n                        <figure>\n                            <div class=\"img-wrap\">\n                                <img alt=\"Wie weit ist die \u00c4hnlichkeit von Marken zul\u00e4ssig? Kriterien f\u00fcr \u00c4hnlichkeit und Erkl\u00e4rung von F\u00e4llen der Markenrechtsverletzung\" src=\"https:\/\/monolith.law\/de\/wp-content\/uploads\/sites\/14\/2025\/08\/eac576e0765af2cac6d210d899b2d93d.webp\" width=\"500\" height=\"250\">\n                            <\/div>\n                            <figcaption>\n                                <div class=\"figcaption-inner\">\n                                    <h3>Wie weit ist die \u00c4hnlichkeit von Marken zul\u00e4ssig? Kriterien f\u00fcr \u00c4hnlichkeit und .<\/h3>\n                                <\/div>\n                            <\/figcaption>\n                            <a href=\"https:\/\/monolith.law\/de\/internet\/trademark-infringement\"><\/a>\n                        <\/figure>\n                    <\/div>\n                                                    <div class=\"article article-area\">\n                        <figure>\n                            <div class=\"img-wrap\">\n                                <img alt=\"Lernen aus dem Rechtsstreit zwischen Dwango und FC2: Die Bedeutung von Patentrechtsverletzungen und Territorialit\u00e4tsprinzip\" src=\"https:\/\/monolith.law\/de\/wp-content\/uploads\/sites\/14\/2025\/08\/3d197fbdd689457ec22de396ff65b2df.webp\" width=\"500\" height=\"250\">\n                            <\/div>\n                            <figcaption>\n                                <div class=\"figcaption-inner\">\n                                    <h3>Lernen aus dem Rechtsstreit zwischen Dwango und FC2: Die Bedeutung von Patentrec.<\/h3>\n                                <\/div>\n                            <\/figcaption>\n                            <a href=\"https:\/\/monolith.law\/de\/internet\/patent-infringement-territoriality\"><\/a>\n                        <\/figure>\n                    <\/div>\n                                            <\/div>\n            <div class=\"btn-more\"><a href=\"https:\/\/monolith.law\/de\/tag\/internet\">Read More<\/a><\/div>\n        <\/div>\n    <\/section>\n\t<\/div>\n<\/section>\n\n<section class=\"orange2-section\">\n\t<div class=\"anchor\" id=\"fee-structure\"><\/div>\n\t<div class=\"section-inner\">\n\t<div class=\"planWrap\">\n\t<h3>Geb\u00fchrenstruktur<\/h3>\n\t<ul class=\"plan\">\n\t\t<li class=\"txt-left\">\n\t\t\t<div class=\"plan-inner\">\n\t\t\t<div class=\"plan-header\">\n\t\t\t<h4 class=\"plan-title\">Stundensatz<\/h4>\n\t\t\t<div class=\"plan-price\"><span class=\"price-figure\">$300<\/span>pro Stunde<span class=\"price-tax\"><\/span><\/div>\n\t\t\t<\/div>\n\t\t\t<div class=\"plan-body\">In bestimmten F\u00e4llen k\u00f6nnen wir die \u00dcbernahme eines Streitfalls oder einer Klage mit einer Anfangsgeb\u00fchr und einer erfolgsabh\u00e4ngigen Verg\u00fctung in Betracht ziehen. F\u00fcr weitere Details stehen wir Ihnen gerne zur Verf\u00fcgung.<\/div>\n\t\t\t<\/div>\n\t\t<\/li>\n\t\t<li class=\"txt-left\">\n\t\t\t<div class=\"plan-inner\">\n\t\t\t<div class=\"plan-header\">\n\t\t\t<h4 class=\"plan-title\">Vertragsentwurf<\/h4>\n\t\t\t<div class=\"plan-price\"><span class=\"price-value\">ab<\/span><span class=\"price-figure\">$500<\/span><span class=\"price-value\">bis $2.000 oder mehr<\/span><span class=\"price-tax\"><\/span><\/div>\n\t\t\t<\/div>\n\t\t\t<div class=\"plan-body\">Die Preisstruktur kann je nach Art und Umfang der Vertr\u00e4ge variieren. Wir bieten Ihnen gerne eine vorl\u00e4ufige Kostensch\u00e4tzung auf Anfrage an, daher laden wir Sie ein, sich f\u00fcr weitere Einzelheiten an uns zu wenden.<\/div>\n\t\t\t<\/div>\n\t\t<\/li>\n\t\t<li class=\"txt-left\">\n\t\t\t<div class=\"plan-inner\">\n\t\t\t<div class=\"plan-header\">\n\t\t\t<h4 class=\"plan-title\">Weitere Dienstleistungen<\/h4>\n\t\t\t<div class=\"plan-price\"><span class=\"price-figure\">Kontaktieren Sie uns<\/span><\/div>\n\t\t\t<\/div>\n\t\t\t<div class=\"plan-body\">Wir bieten eine breite Palette von Dienstleistungen an, einschlie\u00dflich Unternehmensgr\u00fcndung, Vertragspr\u00fcfung, Rechtsgutachten, Fallpr\u00fcfung oder Forschungsschreiben. Sollten Sie Fragen oder Bedenken haben, laden wir Sie herzlich ein, uns zu kontaktieren, und unser kompetentes Team wird Ihnen gerne behilflich sein.<\/div>\n\t\t\t<\/div>\n\t\t\t<\/div>\n\t\t<\/li>\n\t<\/ul>\n\t<\/div>\n\t<\/div>\n<\/section>\n\n<section class=\"white-section\">\n\t<div class=\"section-inner\">\n\t\t<div class=\"btn-area\">\n\t\t\t<div class=\"btn icon-contact\"><a href=\"\/de\/contact\">Kontaktieren Sie uns<\/a><\/div>\n\t\t<\/div>\n\t<\/div>\n<\/section>\n","protected":false},"excerpt":{"rendered":"<p>Internet Als eine Kanzlei mit ausgepr\u00e4gter IT-Kompetenz haben wir einen nachgewiesenen Erfolgstrack in der umfassenden rechtlichen Unterst\u00fctzung von Unternehmern in der Internetbranche, einschlie\u00dflich [&hellip;]<\/p>\n","protected":false},"author":26,"featured_media":57159,"parent":0,"menu_order":0,"comment_status":"closed","ping_status":"closed","template":"other-page-temp.php","meta":{"footnotes":""},"acf":[],"_links":{"self":[{"href":"https:\/\/monolith.law\/de\/wp-json\/wp\/v2\/pages\/56080"}],"collection":[{"href":"https:\/\/monolith.law\/de\/wp-json\/wp\/v2\/pages"}],"about":[{"href":"https:\/\/monolith.law\/de\/wp-json\/wp\/v2\/types\/page"}],"author":[{"embeddable":true,"href":"https:\/\/monolith.law\/de\/wp-json\/wp\/v2\/users\/26"}],"replies":[{"embeddable":true,"href":"https:\/\/monolith.law\/de\/wp-json\/wp\/v2\/comments?post=56080"}],"version-history":[{"count":27,"href":"https:\/\/monolith.law\/de\/wp-json\/wp\/v2\/pages\/56080\/revisions"}],"predecessor-version":[{"id":69889,"href":"https:\/\/monolith.law\/de\/wp-json\/wp\/v2\/pages\/56080\/revisions\/69889"}],"wp:featuredmedia":[{"embeddable":true,"href":"https:\/\/monolith.law\/de\/wp-json\/wp\/v2\/media\/57159"}],"wp:attachment":[{"href":"https:\/\/monolith.law\/de\/wp-json\/wp\/v2\/media?parent=56080"}],"curies":[{"name":"wp","href":"https:\/\/api.w.org\/{rel}","templated":true}]}}