{"id":25864,"date":"2024-12-27T21:19:39","date_gmt":"2024-12-27T12:19:39","guid":{"rendered":"https:\/\/monolith.law\/?page_id=25864"},"modified":"2025-08-19T19:21:05","modified_gmt":"2025-08-19T10:21:05","slug":"access","status":"publish","type":"page","link":"https:\/\/monolith.law\/es\/access","title":{"rendered":"Acceda a"},"content":{"rendered":"\n<section class=\"heading-area\">\n\t<div class=\"heading-area-inner\">\n\t\t<h2 class=\"icon-access\">Acceda a<\/h2>\n\t<\/div>\n<\/section>\n<section class=\"second-nav\">\n\t<div class=\"second-nav-inner\">\n\t\t<p>MENU<\/p>\n\t\t<nav>\n\t\t\t<ul>\n\t\t\t\t<li><a href=\"#law-firm-with-strength-in-it-internet-and-business\">Despacho de abogados con especializaci\u00f3n en IT, Internet y Negocios<\/a><\/li>\n\t\t\t\t<li><a href=\"#access-map\">MONOLITH LAW OFFICE (Oficina de Otemachi)<\/a><\/li>\n\t\t\t\t<li><a href=\"#expansion-and-relocation-to-otemachi-financial-city\">Ampliaci\u00f3n y traslado a la ciudad financiera de Otemachi<\/a><\/li>\n\t\t\t<\/ul>\n\t\t<\/nav>\n\t<\/div>\n<\/section>\n<section class=\"white-section\">\n\t<div class=\"anchor\" id=\"section01\"><\/div>\n\t<div class=\"section-inner\">\n\t\t<div class=\"flex\">\n\t\t\t<div class=\"width41\"><img decoding=\"async\" src=\"\/wordpress\/wp-content\/themes\/monolith2021\/img\/access\/access_pic1.jpg\" alt=\"Law Firm with Strength in IT, Internet, and Business\"><\/div>\n\t\t\t<div class=\"width51\">\n\t\t\t\t<h3>Despacho de abogados con especializaci\u00f3n en IT, Internet y Negocios<\/h3>\n\t\t\t\t<p class=\"mgb-small\">MONOLITH LAW OFFICE es un bufete de abogados situado en Otemachi, Chiyoda-ku, Tokio, Jap\u00f3n, directamente conectado con la estaci\u00f3n de Otemachi y a 7 minutos a pie de la estaci\u00f3n de Tokio.<\/p>\n\t\t\t\t<p class=\"mgb-small\">Hemos prestado asesoramiento jur\u00eddico (incluidos diversos contratos con directores, ejecutivos, etc.) a 1087 empresas, desde empresas que cotizan en la TSE prime hasta empresas de capital riesgo en fase inicial. Nuestro trabajo relacionado con TI\/Internet incluye la prevenci\u00f3n de da\u00f1os a la reputaci\u00f3n, la lucha contra la difamaci\u00f3n y los litigios relacionados con el desarrollo de sistemas. Tambi\u00e9n prestamos servicios jur\u00eddicos relacionados con empresas de nueva creaci\u00f3n, lo que incluye inversiones de 100 millones de yenes o m\u00e1s por parte de empresas que cotizan en la TSE y fusiones y adquisiciones por parte de empresas de riesgo. Hasta ahora hemos prestado servicios jur\u00eddicos a 1855 clientes.<\/p>\n\t\t\t\t<p class=\"mgb-middle\">&#8220;Entender las TI y los negocios&#8221; es lo que nos hace especiales.<\/p>\n\t\t\t\t<div class=\"btn-area\">\n\t\t\t\t\t<div class=\"btn icon-services\"><a href=\"\/es\/services\">Servicios<\/a><\/div>\n\t\t\t\t\t<div class=\"btn icon-overview-of-our-firm\"><a href=\"\/es\/overview-of-our-firm\">Nuestra Firma<\/a><\/div>\n\t\t\t\t<\/div>\n\t\t\t<\/div>\n\t\t<\/div>\n\t<\/div>\n<\/section>\n<section class=\"purple-section\">\n\t<div class=\"anchor\" id=\"section02\"><\/div>\n\t<div class=\"section-inner\">\n\t\t<div class=\"flex reverse\">\n\t\t\t<div class=\"width41\"><img decoding=\"async\" src=\"\/wordpress\/wp-content\/themes\/monolith2021\/img\/about\/about_pic2.jpg\" alt=\"MONOLITH LAW OFFICE (Otemachi Office) \"><\/div>\n\t\t\t<div class=\"width51\">\n\t\t\t\t<h3>MONOLITH LAW OFFICE (Oficina de Otemachi)<\/h3>\n\t\t\t\t<p><a href=\"https:\/\/goo.gl\/maps\/YfcgPhBgXFyg1hHF6\" target=\"_blank\" rel=\"noopener noreferrer\">21\/F Financial City North Tower 1-9-5 Otemachi, Chiyoda-ku Tokyo 100-0004, Japan<\/a><\/p>\n\t\t\t\t<p>Metro de Tokio L\u00ednea Marunouchi, L\u00ednea Tozai, L\u00ednea Chiyoda, L\u00ednea Hanzomon, Metro Toei L\u00ednea Mita<\/p>\n\t\t\t\t<p class=\"mgb-small\"><a href=\"https:\/\/www.tokyometro.jp\/station\/otemachi\/yardmap\/index.html\" target=\"_blank\" rel=\"noopener noreferrer\">Acceso directo desde la salida A1 de la estaci\u00f3n de Otemachi<\/a><\/p>\n\t\t\t\t<p>Shinkansen: Tohoku Shinkansen, Joetsu Shinkansen, Hokuriku Shinkansen, Hokkaido Shinkansen, Yamagata Shinkansen, Akita Shinkansen, JR Tokaido Line, Keihin Tohoku Line, Yamanote Line, Chuo Line, Yokosuka Line, Keiyo Line, Tokyo Metro Marunouchi Line<\/p>\n\t\t\t\t<p class=\"mgb-small\"><a href=\"https:\/\/www.tokyometro.jp\/station\/tokyo\/index.html\" target=\"_blank\" rel=\"noopener noreferrer\">A 7 minutos a pie de la salida norte de Marunouchi de la estaci\u00f3n de Tokio.<\/a><\/p>\n\t\t\t\t<p>Aparcamiento de la Ciudad Financiera de Otemachi<\/p>\n\t\t\t\t<p class=\"mgb-middle\"><a href=\"https:\/\/www.otemachi-financialcity.jp\/access\/\">1-9-5, 1-9-7, Otemachi, Chiyoda-ku, Tokyo<\/a><\/p>\n\t\t\t\t<div class=\"btn-area align-left\">\n\t\t\t\t\t<div class=\"btn icon-contact\"><a href=\"\/en\/contact\">Contacto<\/a><\/div>\n\t\t\t\t<\/div>\n\t\t\t<\/div>\n\t\t<\/div>\n\t<\/div>\n<\/section>\t \n<section class=\"google-maps\"><iframe src=\"https:\/\/www.google.com\/maps\/embed?pb=!1m18!1m12!1m3!1d3240.5592679810325!2d139.7638561346405!3d35.687852699281585!2m3!1f0!2f0!3f0!3m2!1i1024!2i768!4f13.1!3m3!1m2!1s0x60188cec724a6ae9%3A0x6efbadeb18528c88!2sMonolith%20Law%20Office!5e0!3m2!1ses!2sjp!4v1696489485436!5m2!1ses!2sjp\" width=\"600\" height=\"450\" style=\"border:0;\" allowfullscreen=\"\" loading=\"lazy\" referrerpolicy=\"no-referrer-when-downgrade\"><\/iframe><\/section>\n<section class=\"white-section\">\n\t<div class=\"anchor\" id=\"section03\"><\/div>\n\t<div class=\"section-inner\">\n\t\t<div class=\"flex\">\n\t\t\t<div class=\"width41\"><img decoding=\"async\" src=\"\/wp-content\/uploads\/2022\/11\/financialcity.jpg\" alt=\"Expansion and Relocation to Otemachi Financial City\"><\/div>\n\t\t\t<div class=\"width51\">\n\t\t\t\t<h3>Ampliaci\u00f3n y traslado a la ciudad financiera de Otemachi<\/h3>\n\t\t\t\t<p class=\"mgb-small\">Tras su apertura en Yotsuya, Shinjuku-ku, Tokio, en marzo de 2017, MONOLITH LAW OFFICE se traslad\u00f3 a Otemachi (Edificio Asahi Seimei Otemachi) en agosto de 2018, gracias a su apoyo, y se constituy\u00f3 como despacho de abogados en marzo de 2020. En diciembre de 2020, abrimos una sucursal en la planta 29 del mismo edificio que nuestra oficina de Otemachi (Edificio Asahi Seimei Otemachi).<\/p>\n\t\t\t\t<p class=\"mgb-small\">Posteriormente, en septiembre de 2022, nos ampliamos y nos trasladamos a la Ciudad Financiera de Otemachi.<\/p>\n\t\t\t\t<p class=\"mgb-small\">Estamos deseando trabajar con usted.<\/p>\n\t\t\t<\/div>\n\t\t<\/div>\n\t<\/div>\n<\/section>\n","protected":false},"excerpt":{"rendered":"<p>Acceda a MENU Despacho de abogados con especializaci\u00f3n en IT, Internet y Negocios MONOLITH LAW OFFICE (Oficina de Otemachi) Ampliaci\u00f3n y traslado a la ciudad financiera de Otemachi Despacho de abogado [&hellip;]<\/p>\n","protected":false},"author":1,"featured_media":55782,"parent":0,"menu_order":10,"comment_status":"closed","ping_status":"closed","template":"other-page-temp.php","meta":{"footnotes":""},"acf":[],"_links":{"self":[{"href":"https:\/\/monolith.law\/es\/wp-json\/wp\/v2\/pages\/25864"}],"collection":[{"href":"https:\/\/monolith.law\/es\/wp-json\/wp\/v2\/pages"}],"about":[{"href":"https:\/\/monolith.law\/es\/wp-json\/wp\/v2\/types\/page"}],"author":[{"embeddable":true,"href":"https:\/\/monolith.law\/es\/wp-json\/wp\/v2\/users\/1"}],"replies":[{"embeddable":true,"href":"https:\/\/monolith.law\/es\/wp-json\/wp\/v2\/comments?post=25864"}],"version-history":[{"count":27,"href":"https:\/\/monolith.law\/es\/wp-json\/wp\/v2\/pages\/25864\/revisions"}],"predecessor-version":[{"id":69300,"href":"https:\/\/monolith.law\/es\/wp-json\/wp\/v2\/pages\/25864\/revisions\/69300"}],"wp:featuredmedia":[{"embeddable":true,"href":"https:\/\/monolith.law\/es\/wp-json\/wp\/v2\/media\/55782"}],"wp:attachment":[{"href":"https:\/\/monolith.law\/es\/wp-json\/wp\/v2\/media?parent=25864"}],"curies":[{"name":"wp","href":"https:\/\/api.w.org\/{rel}","templated":true}]}}