{"id":30628,"date":"2024-12-23T22:20:08","date_gmt":"2024-12-23T13:20:08","guid":{"rendered":"https:\/\/monolith.law\/?page_id=30628"},"modified":"2025-08-19T19:41:04","modified_gmt":"2025-08-19T10:41:04","slug":"contract-drafting-and-review","status":"publish","type":"page","link":"https:\/\/monolith.law\/es\/contract-drafting-and-review","title":{"rendered":"Redacci\u00f3n y Revisi\u00f3n de Contratos"},"content":{"rendered":"\n<section class=\"heading-area\">\n\t<div class=\"heading-area-inner\">\n\t\t<h2 class=\"icon-contract-drafting-and-review\">Redacci\u00f3n y Revisi\u00f3n de Contratos<\/h2>\n\t\t<p>Como asesores legales de empresas de IT y startups, y ocasionalmente como abogados especializados en IT para corporaciones, redactamos y revisamos una amplia variedad de contratos altamente especializados relacionados con IT. Nuestro objetivo es asegurar una posici\u00f3n s\u00f3lida en un entorno empresarial que cambia r\u00e1pidamente en Jap\u00f3n.<\/p>\n\t<\/div>\n<\/section>\n<section class=\"white-section mgb-section\">\n\t<div class=\"section-inner pdt0 border-bottom-section\">\n\t\t<p>MONOLITH LAW OFFICE act\u00faa como asesor legal para empresas japonesas de IT y startups en relaci\u00f3n con varios tipos de contratos, incluyendo contratos de outsourcing relacionados con sus operaciones externalizadas, contratos de utilizaci\u00f3n y agencia relacionados con sus productos, contratos de inversi\u00f3n y acuerdos de accionistas como contratos relacionados con el capital, y contratos de empleo como contratos relacionados con la empresa. Tambi\u00e9n actuamos como abogados de IT para empresas de negocios japonesas.<br>Adem\u00e1s, como abogados de IT para empresas operativas, redactamos y revisamos contratos relacionados con nuevos negocios de IT, contratos relacionados con el outsourcing a empresas de IT y otros contratos tambi\u00e9n.<\/p>\n\t<\/div>\n<\/section>\n<section class=\"white-section\">\n\t<div class=\"section-inner pdt0\">\n\t\t<h3 class=\"ttl-enjp mgb-middle\"><span class=\"en\"><\/span><span class=\"ja\">Caracter\u00edsticas de MONOLITH LAW OFFICE <\/span><\/h3>\n\t\t<ol class=\"practices-list\">\n\t\t\t<li>\n\t\t\t\t<h4><img decoding=\"async\" src=\"\/wp-content\/themes\/monolith_en\/img\/practices\/practices_1_1.svg\" alt=\"1.Servicios Legales para Startups\"><\/h4>\n\t\t\t\t<img decoding=\"async\" src=\"\/wp-content\/themes\/monolith2021\/img\/practices\/practices_1_1_pic.png\" alt=\"Servicios Legales para Startups\">\n\t\t\t\t<p>Tenemos una amplia experiencia en servicios legales relacionados con asuntos empresariales y de capital, incluyendo la recaudaci\u00f3n de fondos, transferencias de negocios y adquisiciones en Jap\u00f3n.<\/p>\n\t\t\t<\/li>\n\t\t\t<li>\n\t\t\t\t<h4><img decoding=\"async\" src=\"\/wp-content\/themes\/monolith_en\/img\/practices\/practices_1_2.svg\" alt=\"2.Servicios Legales de IT y Propiedad Intelectual\"><\/h4>\n\t\t\t\t<img decoding=\"async\" src=\"\/wp-content\/themes\/monolith2021\/img\/practices\/practices_1_2_pic.png\" alt=\"Servicios Legales de IT y Propiedad Intelectual\">\n\t\t\t\t<p>Nuestros abogados, incluyendo a nuestro abogado fundador, quien es un ex ingeniero, se esfuerzan por comprender profundamente su producto, a veces incluso leyendo el c\u00f3digo.<\/p>\n\t\t\t<\/li>\n\t\t\t<li>\n\t\t\t\t<h4><img decoding=\"async\" src=\"\/wp-content\/themes\/monolith_en\/img\/practices\/practices_1_3.svg\" alt=\"3.Velocidad\"><\/h4>\n\t\t\t\t<img decoding=\"async\" src=\"\/wp-content\/themes\/monolith2021\/img\/practices\/practices_1_3_pic.png\" alt=\"Velocidad\">\n\t\t\t\t<p>Entendemos la importancia de responder r\u00e1pidamente a las necesidades de su negocio, y generalmente respondemos dentro de un d\u00eda h\u00e1bil.<\/p>\n\t\t\t<\/li>\n\t\t\t<li>\n\t\t\t\t<h4><img decoding=\"async\" src=\"\/wp-content\/themes\/monolith_en\/img\/practices\/practices_1_4.svg\" alt=\"4. Servicios Legales Corporativos para Peque\u00f1as y Medianas Empresas\"><\/h4>\n\t\t\t\t<img decoding=\"async\" src=\"\/wp-content\/themes\/monolith2021\/img\/practices\/practices_1_4_pic.png\" alt=\"Servicios Legales Corporativos para Peque\u00f1as y Medianas Empresas\">\n\t\t\t\t<p>Nuestro abogado fundador, con experiencia en la gesti\u00f3n corporativa japonesa, comprende los desaf\u00edos de dirigir un negocio.<\/p>\n\t\t\t<\/li>\n\t\t<\/ol>\n\t<\/div>\n<\/section>\n<section class=\"second-nav\">\n\t<div class=\"second-nav-inner\">\n\t\t<p>TEMAS<\/p>\n\t\t<nav>\n\t\t\t<ul>\n\t\t\t\t<li><a href=\"#our-experience-in-contract-drafting-etc\">Nuestra Experiencia en la Redacci\u00f3n de Contratos, etc.<\/a><\/li>\n\t\t\t\t<li><a href=\"#handling-more-than-3000-contracts-per-year-as-an-organization\">Gesti\u00f3n de M\u00e1s de 3,000 Contratos al A\u00f1o<\/a><\/li>\n\t\t\t\t<li><a href=\"#IT\">IT<\/a><\/li>\n\t\t\t\t<li><a href=\"#extensive-experience-in-investment-contracts-etc\">Amplia Experiencia en Contratos de Inversi\u00f3n, entre Otros<\/a><\/li>\n\t\t\t\t<li><a href=\"#examples-of-support-provided-by-our-firm\">Ejemplos de Asistencia Proporcionada por Nuestra Firma<\/a><\/li>\n\t\t\t\t<li><a href=\"#monolith-law-magazine\">MONOLITH LAW MAGAZINE<\/a><\/li>\n\t\t\t\t<li><a href=\"#fee-structure\">Estructura de Honorarios<\/a><\/li>\n\t\t\t<\/ul>\n\t\t<\/nav>\n\t<\/div>\n<\/section>\n<section class=\"white-section mgt-section mgb-section\">\n\t<div class=\"anchor\" id=\"our-experience-in-contract-drafting-etc\"><\/div>\n\t<div class=\"section-inner-black\">\n\t\t<h3>Nuestra Experiencia en la Redacci\u00f3n de Contratos, <br class=\"spOnly\">etc.<\/h3>\n\t\t<p class=\"mgb-middle\">MONOLITH LAW OFFICE, como un despacho de abogados especializado en &#8220;IT, Internet y Negocios&#8221;, proporciona diversos tipos de servicios de redacci\u00f3n y revisi\u00f3n de contratos relacionados con IT y negocios. Algunos ejemplos de nuestros servicios incluyen, pero no se limitan a los siguientes:<\/p>\n\t\t<p class=\"mgb-middle\">Contrato de Outsourcing de SEO, Contrato de Outsourcing de Operaciones de SNS, Contrato de Fusi\u00f3n, Contrato de Transferencia de Acciones, Contrato de Suscripci\u00f3n de Acciones, Contrato de Investigaci\u00f3n Conjunta, Contrato de Empresa Conjunta, Contrato de Servicios, Contrato de Alianza Empresarial, Contrato de Pr\u00e9stamo, Contrato de Outsourcing Publicitario, Contrato B\u00e1sico de Transacciones Publicitarias, Contrato de Asesor\u00eda, Contrato de Empleo, Contrato de Consultor\u00eda, Contrato de Cesi\u00f3n de Cr\u00e9ditos, Contrato de Cesi\u00f3n de Garant\u00eda, Contrato de Transferencia de Negocios, Contrato de Cesi\u00f3n de Marca Registrada, Contrato B\u00e1sico de Reclutamiento, Contrato de Alianza de Capital y Negocios, Contrato de Responsabilidad Limitada, Contrato de Afiliaci\u00f3n de Talentos, Contrato de Indemnizaci\u00f3n, Contrato de Agencia, Contrato de Transferencia de Derechos de Autor, Contrato de Inversi\u00f3n, Contrato de Compra B\u00e1sico, Contrato de Distribuci\u00f3n, Contrato de Confidencialidad, Contrato de Franquicia, Contrato General de Suscripci\u00f3n, Contrato de Gesti\u00f3n, Contrato MEO, Contrato de Licencia, Contrato de Outsourcing de Trabajadores, Contrato de Liquidaci\u00f3n<\/p>\n\t<\/div>\n<\/section>\n<section class=\"purple-section\">\n\t<div class=\"anchor\" id=\"handling-more-than-3000-contracts-per-year-as-an-organization\"><\/div>\n\t<div class=\"section-inner\">\n\t\t<div class=\"flex\">\n\t\t\t<div class=\"width51\">\n\t\t\t\t<h3>Gesti\u00f3n de M\u00e1s de 3,000 Contratos al A\u00f1o como Organizaci\u00f3n<\/h3>\n\t\t\t\t<p class=\"mgb-small\">MONOLITH LAW OFFICE es una organizaci\u00f3n compuesta por 30 abogados, liderada por nuestro abogado fundador, un ex ingeniero de IT y ejecutivo de negocios.<\/p>\n\t\t\t\t<p class=\"mgb-small\">Nuestro despacho redacta y revisa m\u00e1s de 3,000 contratos anualmente, demostrando una amplia experiencia y especializaci\u00f3n en estos asuntos.<\/p>\n\t\t\t\t<p>*Los gr\u00e1ficos se basan en cifras estimadas, y puede haber un error de hasta el 20%.<\/p>\n\t\t\t<\/div>\n\t\t\t<div class=\"width41\"><img decoding=\"async\" src=\"\/wp-content\/themes\/monolith_en\/img\/contractcreation\/contractcreation_pic1.png\" alt=\"Gestionando m\u00e1s de 2,000 contratos por a\u00f1o como organizaci\u00f3n\"><\/div>\n\t\t<\/div>\n\t<\/div>\n<\/section>\n\n<section class=\"white-section\">\n\t<div id=\"IT\"><\/div>\n\t<div class=\"section-inner\">\n\t<div class=\"flex\">\n\t<div class=\"width41\"><img decoding=\"async\" src=\"\/wp-content\/themes\/monolith2021\/img\/pic\/pic_practices-itlaw.jpg\" alt=\"IT\" \/><\/div>\n\t<div class=\"width51\">\n\t\t<h3>IT<\/h3>\n\t\t<p class=\"mgb-middle\">MONOLITH LAW OFFICE se especializa en derecho de IT y proporciona un soporte legal integral a diversas empresas de IT. Nuestra experiencia incluye la redacci\u00f3n de contratos relacionados con tecnolog\u00edas de vanguardia, as\u00ed como transacciones de inversi\u00f3n y fusiones y adquisiciones que involucran a empresas emergentes. Con nuestra amplia experiencia en la redacci\u00f3n de contratos, particularmente en el sector de IT, estamos bien equipados para satisfacer las necesidades legales \u00fanicas de las empresas impulsadas por la tecnolog\u00eda.<\/p>\n\t\t<div class=\"btn-area align-left\">\n\t\t\t<div class=\"btn icon-it\"><a href=\"\/es\/it\">IT<\/a><\/div>\n\t\t<\/div>\n\t<\/div>\n\t<\/div>\n\t<\/div>\n<\/section>\n\n<section class=\"white-section\">\n\t<div class=\"anchor\" id=\"extensive-experience-in-investment-contracts-etc\"><\/div>\n\t<div class=\"section-inner-black\">\n\t\t<h3>Amplia Experiencia en Contratos de Inversi\u00f3n, entre Otros<\/h3>\n\t\t<p class=\"mgb-middle\">En lo que respecta a la emisi\u00f3n de acciones mediante asignaci\u00f3n a terceros, en MONOLITH LAW OFFICE nos encargamos de todo, desde la preparaci\u00f3n de hojas de t\u00e9rminos hasta la redacci\u00f3n de acuerdos de inversi\u00f3n y acuerdos de accionistas. Tambi\u00e9n manejamos el dise\u00f1o de acciones de clase que estipulan distribuci\u00f3n preferente, la emisi\u00f3n de derechos de adquisici\u00f3n de acciones, acuerdos entre fundadores, transferencia de acciones y diversas otras estrategias y contratos relacionados con el capital social.<\/p>\n\t<\/div>\n<\/section>\n\n<section class=\"orange-section mgt-section\">\n\t<div class=\"anchor\" id=\"examples-of-support-provided-by-our-firm\"><\/div>\n\t<div class=\"section-inner\">\n\t\t<h3 class=\"mgb-middle\">Ejemplos de Asistencia Proporcionada por MONOLITH LAW OFFICE<\/h3>\n\t\t<p class=\"mgb-middle\">MONOLITH LAW OFFICE ha actuado como asesor legal para empresas japonesas de IT y startups en relaci\u00f3n con varios tipos de contratos, incluyendo contratos de outsourcing para operaciones externalizadas, contratos de uso y agencia para productos de la empresa, contratos de inversi\u00f3n y acuerdos de accionistas para contratos relacionados con el capital social, y contratos de empleo para contratos relacionados con la empresa. Tambi\u00e9n actuamos como abogados de IT para empresas comerciales en Jap\u00f3n, redactando y revisando contratos para nuevos negocios relacionados con IT y contratos relacionados con empresas de IT.<\/p>\n\t\t<div class=\"white-base\">\n\t\t\t<ul>\n\t\t\t\t<li class=\"mgb-small\">\n\t\t\t\t\t<figure><img decoding=\"async\" alt=\"HAZAMA ANDO CORPORATION\" src=\"\/wp-content\/themes\/monolith2021\/img\/clients\/logo_andohazama.png\"><\/figure>\n\t\t\t\t\t<h4 class=\"mgt-small mgb-small\">HAZAMA ANDO CORPORATION<\/h4>\n\t\t\t\t\t<p>Nuestro despacho redact\u00f3 un contrato relacionado con IT para este cliente, un importante contratista general listado en la Bolsa de Valores de Tokio Prime.<\/p>\n\t\t\t\t<\/li>\n\t\t\t\t<li class=\"mgb-small\">\n\t\t\t\t\t<figure><img decoding=\"async\" alt=\"Gftd Japan\" src=\"\/wp-content\/themes\/monolith2021\/img\/clients\/logo_gftd.png\"><\/figure>\n\t\t\t\t\t<h4 class=\"mgt-small mgb-small\">Gftd Japan<\/h4>\n\t\t\t\t\t<p>Gftd Japan es una empresa startup relacionada con blockchain para la cual hemos redactado varios tipos de contratos, desde contratos relacionados con el negocio hasta contratos de empleo.<\/p>\n\t\t\t\t<\/li>\n\t\t\t\t<li class=\"mgb-small\">\n\t\t\t\t\t<figure><img decoding=\"async\" alt=\"TOKIUM Inc.\" src=\"\/wp-content\/uploads\/2022\/04\/logo_tokium.png\"><\/figure>\n\t\t\t\t\t<h4 class=\"mgt-small mgb-small\">TOKIUM Inc.<\/h4>\n\t\t\t\t\t<p>Tokium es una empresa startup relacionada con fintech, para la cual hemos redactado contratos que van desde acuerdos de alianza de capital y negocios hasta acuerdos relacionados con el negocio.<\/p>\n\t\t\t\t<\/li>\n\t\t\t\t<li class=\"mgb-small\">\n\t\t\t\t\t<figure><img decoding=\"async\" alt=\"MI-6 Ltd.\" src=\"\/wp-content\/themes\/monolith2021\/img\/clients\/logo_mi-6.png\"><\/figure>\n\t\t\t\t\t<h4 class=\"mgt-small mgb-small\">MI-6 Ltd.<\/h4>\n\t\t\t\t\t<p>Nuestro despacho prepar\u00f3 contratos de inversi\u00f3n, emisiones de opciones de acciones tipo J-KISS y contratos relacionados con investigaciones conjuntas.<\/p>\n\t\t\t\t<\/li>\n\t\t\t<\/ul><p class=\"mgb-small\">\n\t\t<p class=\"txt-s\">*Somos responsables de muchos otros proyectos de clientes. Solo listamos algunos de nuestros clientes que nos han dado permiso para divulgar su estatus como clientes (o est\u00e1n registrados como miembros del consejo). Como regla general, la confidencialidad del cliente se mantiene bajo el deber de confidencialidad.<\/p>\n\t<\/div><\/div>\n<\/section>\n\n<section class=\"purple2-section\">\n\t<div class=\"anchor\" id=\"monolith-law-magazine\"><\/div>\n\t<div class=\"section-inner\">\n\t\t    <section class=\"white-section temp-article\">\n        <div class=\"section-inner\">\n            <h4>MONOLITH LAW MAGAZINE<\/h4>\n            <div class=\"articles type_practice_column\">\n                                                                    <div class=\"article article-area\">\n                        <figure>\n                            <div class=\"img-wrap\">\n                                <img alt=\"Explicaci\u00f3n de las sanciones por incumplimiento de la nueva ley de freelancers basada en tres casos pr\u00e1cticos\" src=\"https:\/\/monolith.law\/es\/wp-content\/uploads\/sites\/9\/2025\/08\/6d129f9213bc4489ca4b5e0a5df7378f.webp\" width=\"500\" height=\"250\">\n                            <\/div>\n                            <figcaption>\n                                <div class=\"figcaption-inner\">\n                                    <h3>Explicaci\u00f3n de las sanciones por incumplimiento de la nueva ley de freelancers b.<\/h3>\n                                <\/div>\n                            <\/figcaption>\n                            <a href=\"https:\/\/monolith.law\/es\/general-corporate\/freelance-law-penalties\"><\/a>\n                        <\/figure>\n                    <\/div>\n                                                    <div class=\"article article-area\">\n                        <figure>\n                            <div class=\"img-wrap\">\n                                <img alt=\"\u00bfQu\u00e9 es la nueva ley para freelancers? Explicaci\u00f3n de los puntos clave con base en un ejemplo de contrato adaptado a la nueva legislaci\u00f3n.\" src=\"https:\/\/monolith.law\/es\/wp-content\/uploads\/sites\/9\/2025\/08\/873e76645ec995ae22ee695f1ecd9a55.webp\" width=\"500\" height=\"250\">\n                            <\/div>\n                            <figcaption>\n                                <div class=\"figcaption-inner\">\n                                    <h3>\u00bfQu\u00e9 es la nueva ley para freelancers? Explicaci\u00f3n de los puntos clave con base .<\/h3>\n                                <\/div>\n                            <\/figcaption>\n                            <a href=\"https:\/\/monolith.law\/es\/general-corporate\/freelance-law-contract\"><\/a>\n                        <\/figure>\n                    <\/div>\n                                                    <div class=\"article article-area\">\n                        <figure>\n                            <div class=\"img-wrap\">\n                                <img alt=\"Respuesta legal ante la manipulaci\u00f3n fraudulenta en los eSports\" src=\"https:\/\/monolith.law\/es\/wp-content\/uploads\/sites\/9\/2025\/03\/0802b4723e014f9d924abc2aba82d44a-1024x538.jpg\" width=\"500\" height=\"250\">\n                            <\/div>\n                            <figcaption>\n                                <div class=\"figcaption-inner\">\n                                    <h3>Respuesta legal ante la manipulaci\u00f3n fraudulenta en los eSports<\/h3>\n                                <\/div>\n                            <\/figcaption>\n                            <a href=\"https:\/\/monolith.law\/es\/general-corporate\/legal-response-rigging-e-sports\"><\/a>\n                        <\/figure>\n                    <\/div>\n                                            <\/div>\n            <div class=\"btn-more\"><a href=\"https:\/\/monolith.law\/es\/tag\/contract-drafting-and-review\">Read More<\/a><\/div>\n        <\/div>\n    <\/section>\n\t<\/div>\n<\/section>\n\n<section class=\"orange2-section\">\n\t<div id=\"fee-structure\"><\/div>\n\t<div class=\"section-inner\">\n\t<div class=\"planWrap\">\n\t<h3>Estructura de<br>Honorarios<\/h3>\n\t<ul class=\"plan\">\n\t\t<li class=\"txt-left\">\n\t\t\t<div class=\"plan-inner\">\n\t\t\t<div class=\"plan-header\">\n\t\t\t<h4 class=\"plan-title\">Tarifa por Hora<\/h4>\n\t\t\t<div class=\"plan-price\"><span class=\"price-figure\">$300<\/span> por hora<span class=\"price-value\"><\/span><\/div>\n\t\t\t<\/div>\n\t\t\t<div class=\"plan-body\">En ciertas circunstancias, podr\u00edamos considerar aceptar un litigio o demanda con una tarifa inicial y una tarifa de contingencia. Para obtener m\u00e1s detalles, no dude en ponerse en contacto con nosotros.<\/div>\n\t\t\t<\/div>\n\t\t<\/li>\n\t\t<li class=\"txt-left\">\n\t\t\t<div class=\"plan-inner\">\n\t\t\t<div class=\"plan-header\">\n\t\t\t<h4 class=\"plan-title\">Redacci\u00f3n de Contratos<\/h4>\n\t\t\t<div class=\"plan-price\"><span class=\"price-value\">desde<\/span><span class=\"price-figure\">$500<\/span><span class=\"price-value\"> hasta $2,000 o m\u00e1s<\/span><\/div>\n\t\t\t<\/div>\n\t\t\t<div class=\"plan-body\">La estructura de precios puede variar en funci\u00f3n del tipo y la cantidad de contratos. Estamos encantados de ofrecer un presupuesto preliminar al realizar la consulta, por lo que le animamos a que se comunique con nosotros para obtener m\u00e1s detalles.<\/div>\n\t\t\t<\/div>\n\t\t<\/li>\n\t\t<li class=\"txt-left\">\n\t\t\t<div class=\"plan-inner\">\n\t\t\t<div class=\"plan-header\">\n\t\t\t<h4 class=\"plan-title\">Otros Servicios<\/h4>\n\t\t\t<div class=\"plan-price\"><span class=\"price-figure\">Cont\u00e1ctenos<\/span><\/div>\n\t\t\t<\/div>\n\t\t\t<div class=\"plan-body\">Ofrecemos una amplia gama de servicios que incluyen la formaci\u00f3n de empresas, revisi\u00f3n de contratos, opiniones legales, revisi\u00f3n de casos o cartas de investigaci\u00f3n. Si tiene alguna consulta o preocupaci\u00f3n, le invitamos cordialmente a contactarnos y nuestro equipo experto estar\u00e1 encantado de asistirle.<\/div>\n\t\t\t<\/div>\n\t\t<\/li>\n\t<\/ul>\n\t<\/div>\n\t<\/div>\n<\/section>\n\n<section class=\"white-section\">\n\t<div class=\"section-inner\">\n\t<div class=\"btn-area\">\n\t<div class=\"btn icon-contact\"><a href=\"\/es\/contact\">Cont\u00e1ctenos<\/a><\/div>\n\t<\/div>\n\t<\/div>\n<\/section>\n","protected":false},"excerpt":{"rendered":"<p>Redacci\u00f3n y Revisi\u00f3n de Contratos Como asesores legales de empresas de IT y startups, y ocasionalmente como abogados especializados en IT para corporaciones, redactamos y revisamos una amplia variedad [&hellip;]<\/p>\n","protected":false},"author":1,"featured_media":30659,"parent":0,"menu_order":7,"comment_status":"closed","ping_status":"closed","template":"other-page-temp.php","meta":{"footnotes":""},"acf":[],"_links":{"self":[{"href":"https:\/\/monolith.law\/es\/wp-json\/wp\/v2\/pages\/30628"}],"collection":[{"href":"https:\/\/monolith.law\/es\/wp-json\/wp\/v2\/pages"}],"about":[{"href":"https:\/\/monolith.law\/es\/wp-json\/wp\/v2\/types\/page"}],"author":[{"embeddable":true,"href":"https:\/\/monolith.law\/es\/wp-json\/wp\/v2\/users\/1"}],"replies":[{"embeddable":true,"href":"https:\/\/monolith.law\/es\/wp-json\/wp\/v2\/comments?post=30628"}],"version-history":[{"count":94,"href":"https:\/\/monolith.law\/es\/wp-json\/wp\/v2\/pages\/30628\/revisions"}],"predecessor-version":[{"id":70812,"href":"https:\/\/monolith.law\/es\/wp-json\/wp\/v2\/pages\/30628\/revisions\/70812"}],"wp:featuredmedia":[{"embeddable":true,"href":"https:\/\/monolith.law\/es\/wp-json\/"}],"wp:attachment":[{"href":"https:\/\/monolith.law\/es\/wp-json\/wp\/v2\/media?parent=30628"}],"curies":[{"name":"wp","href":"https:\/\/api.w.org\/{rel}","templated":true}]}}