{"id":30684,"date":"2024-12-21T17:39:20","date_gmt":"2024-12-21T08:39:20","guid":{"rendered":"https:\/\/monolith.law\/?page_id=30684"},"modified":"2025-08-19T19:43:38","modified_gmt":"2025-08-19T10:43:38","slug":"id-of-the-defamatory-statement","status":"publish","type":"page","link":"https:\/\/monolith.law\/es\/id-of-the-defamatory-statement","title":{"rendered":"Identificaci\u00f3n de la Declaraci\u00f3n Difamatoria"},"content":{"rendered":"\n<section class=\"heading-area\">\n\t<div class=\"heading-area-inner\">\n\t\t<h2 class=\"icon-id-of-the-defamatory-statement\">Identificaci\u00f3n de la Declaraci\u00f3n Difamatoria<\/h2>\n\t\t<p>Seg\u00fan la ley japonesa, si una empresa o individuo sufre difamaci\u00f3n o infracci\u00f3n de privacidad por parte de un usuario an\u00f3nimo en internet, es posible identificar al autor an\u00f3nimo mediante varios procedimientos legales facilitados por el tribunal. Aunque hay casos de difamaci\u00f3n por usuarios an\u00f3nimos en el espacio en l\u00ednea japon\u00e9s, es factible identificar al autor y buscar una reclamaci\u00f3n de da\u00f1os a trav\u00e9s de un abogado.<\/p>\n\t<\/div>\n<\/section>\n\n<section class=\"white-section\">\n\t<div class=\"section-inner pdt0 border-bottom-section\">\n\t\t<p class=\"mgb-small\">Si has sido objeto de difamaci\u00f3n por un usuario an\u00f3nimo en internet y deseas presentar una reclamaci\u00f3n de da\u00f1os, es necesario primero identificar la identidad de dicho usuario. La ley japonesa proporciona procedimientos legales para la identificaci\u00f3n de usuarios an\u00f3nimos en internet.<\/p>\n\t\t<p>MONOLITH LAW OFFICE es un bufete de abogados japon\u00e9s especializado en asuntos relacionados con internet. Hemos trabajado en la identificaci\u00f3n de autores de declaraciones difamatorias bas\u00e1ndonos en solicitudes de diversos clientes, incluyendo empresas cotizadas en bolsa, ejecutivos destacados e individuos influyentes. Con nuestra amplia experiencia y trayectoria comprobada, estamos capacitados para manejar disputas en el espacio en l\u00ednea japon\u00e9s.<\/p>\n\t<\/div>\n<\/section>\n\n<section class=\"second-nav\">\n\t<div class=\"second-nav-inner\">\n\t\t<p>TEMAS<\/p>\n\t\t<nav>\n\t\t\t<ul>\n\t\t\t\t<li><a href=\"#identification-of-the-defamatory-statement\">Identificaci\u00f3n de la Declaraci\u00f3n Difamatoria<\/a><\/li>\n\t\t\t\t<li><a href=\"#examples-of-identifications-by-our-firm-target-sites\">Ejemplos de identificaciones realizadas por nuestro bufete: Sitios Objetivo<\/a><\/li>\n\t\t\t\t<li><a href=\"#examples-of-support-provided-by-our-firm\">Ejemplos de apoyo proporcionado por nuestro bufete<\/a><\/li>\n\t\t\t\t<li><a href=\"#procedures-for-identifying-authors-under-japanese-law\">Procedimientos para Identificar Autores bajo la Ley Japonesa<\/a><\/li>\n\t\t\t\t<li><a href=\"#publications-as-a-lawyer-specializing-in-mitigating-reputational-damage\">Publicaciones como Abogado Especializado en la Mitigaci\u00f3n de Da\u00f1os a la Reputaci\u00f3n<\/a><\/li>\n\t\t\t\t<li><a href=\"#monolith-law-magazine\">MONOLITH LAW MAGAZINE<\/a><\/li>\n\t\t\t\t<li><a href=\"#fee-structure\">Estructura de Honorarios<\/a><\/li>\n\t\t\t<\/ul>\n\t\t<\/nav>\n\t<\/div>\n<\/section>\n\n<section class=\"white-section\">\n\t<div class=\"anchor\" id=\"identification-of-the-defamatory-statement\"><\/div>\n\t<div class=\"section-inner\">\n\t\t<div class=\"flex\">\n\t\t\t<div class=\"width41\"><img decoding=\"async\" src=\"\/wp-content\/themes\/monolith2021\/img\/pic\/pic_reputation.jpg\" alt=\"Fuente de la Identificaci\u00f3n de la Declaraci\u00f3n Difamatoria\"><\/div>\n\t\t\t<div class=\"width51\">\n\t\t\t\t<h3>Identificaci\u00f3n de la Declaraci\u00f3n Difamatoria<\/h3>\n\t\t\t\t<p>Seg\u00fan la ley japonesa, es posible emprender acciones legales para identificar a individuos responsables de publicaciones ilegales, incluyendo declaraciones difamatorias, mediante un procedimiento judicial. Si su empresa es blanco de usuarios an\u00f3nimos de internet que realizan ataques en el ciberespacio japon\u00e9s, podr\u00eda ser posible revelar la identidad, incluyendo el nombre y la direcci\u00f3n, del usuario an\u00f3nimo al consultar con un abogado altamente especializado. Una vez que se revele la identidad, usted tendr\u00e1 la oportunidad de presentar una demanda por da\u00f1os y perjuicios contra el usuario de internet. Es crucial trabajar con un abogado experimentado que pueda guiarle a trav\u00e9s del proceso legal y proteger los intereses de su empresa.<\/p>\n\t\t\t<\/div>\n\t\t<\/div>\n\t<\/div>\n<\/section>\n\n<section class=\"white-section mgb-section\">\n\t<div class=\"anchor\" id=\"examples-of-identifications-by-our-firm-target-sites\"><\/div>\n\t<div class=\"section-inner-black\">\n\t\t<h3 class=\"mgb-middle\">Ejemplos de identificaciones realizadas por nuestra firma: Sitios Objetivo<\/h3>\n\t\t<p class=\"mgb-middle\">MONOLITH LAW OFFICE tiene un historial y experiencia en la identificaci\u00f3n de los autores de publicaciones difamatorias en diversos sitios web, incluyendo, pero no limit\u00e1ndose a, casos de difamaci\u00f3n, infracci\u00f3n de la privacidad, violaci\u00f3n de derechos de autor e impersonaci\u00f3n. Hemos asistido con \u00e9xito a clientes en la identificaci\u00f3n de los autores detr\u00e1s de dichas publicaciones, utilizando nuestra experiencia y conocimiento en el campo.<\/p>\n\t\t<p class=\"mgb-middle\">2channel, 5channel, Twitter, Facebook, Instagram, Google Maps (My Business), Yahoo! Finance, Food Log, rese\u00f1as de clientes en Amazon, Girls Channel, Bakusai, Mansion Community, Hostlove y varios otros sitios de tablones de anuncios. Yahoo! Chiebukuro, resumen de NAVER, b\u00fasqueda de n\u00fameros de tel\u00e9fono (jpnumber, etc.), Livedoor Blog, FC2 Blog, Ameba Blog, Hatena Blog, entre otros. Otros diversos sitios de blogs, YouTube, Nico Nico Douga, FC2 Video y otros sitios de videos. MILKCAFE, openwork, Lighthouse (anteriormente Reputaci\u00f3n de Kaisha), otros sitios de rese\u00f1as de empleo, otros sitios de dominios originales.<\/p>\n\t<\/div>\n<\/section>\n\n<section class=\"purple-section\">\n\t<div class=\"anchor\" id=\"examples-of-support-provided-by-our-firm\"><\/div>\n\t<div class=\"section-inner\">\n\t\t<h3 class=\"mgb-middle\">Ejemplos de apoyo proporcionado por nuestra firma<\/h3>\n\t\t<ul class=\"layout-column4 mgb-big\">\n\t\t\t<li>\n\t\t\t\t<div><img decoding=\"async\" src=\"\/wp-content\/themes\/monolith2021\/img\/identificationofslander\/identificationofslander_support_pic1.jpg\" alt=\"Empresa cotizada en la TSE\"><\/div>\n\t\t\t\t<h4>Empresa cotizada en la TSE<\/h4>\n\t\t\t\t<p>Hemos identificado a los autores de publicaciones persistentes que difunden informaci\u00f3n falsa, como esc\u00e1ndalos internos, en plataformas como Yahoo! Finance y Google Reviews.<\/p>\n\t\t\t<\/li>\n\t\t\t<li>\n\t\t\t\t<div><img decoding=\"async\" src=\"\/wp-content\/themes\/monolith2021\/img\/identificationofslander\/identificationofslander_support_pic2.jpg\" alt=\"Ejecutivo destacado\"><\/div>\n\t\t\t\t<h4>Ejecutivo destacado<\/h4>\n\t\t\t\t<p>Hemos llevado a cabo la identificaci\u00f3n de autores para cuentas en Twitter que participan en difamaci\u00f3n, suplantaci\u00f3n de identidad y publicaciones despectivas dirigidas a ejecutivos individuales.<\/p>\n\t\t\t<\/li>\n\t\t\t<li>\n\t\t\t\t<div><img decoding=\"async\" src=\"\/wp-content\/themes\/monolith2021\/img\/systemdevelopment\/systemdevelopment_support_pic3.jpg\" alt=\"Corporaci\u00f3n empresarial\"><\/div>\n\t\t\t\t<h4>Corporaci\u00f3n empresarial<\/h4>\n\t\t\t\t<p>Hemos realizado la identificaci\u00f3n de autores de publicaciones difamatorias dirigidas a ejecutivos espec\u00edficos en foros an\u00f3nimos como 5channel y Google Reviews.<\/p>\n\t\t\t<\/li>\n\t\t\t<li>\n\t\t\t\t<div><img decoding=\"async\" src=\"\/wp-content\/themes\/monolith2021\/img\/identificationofslander\/identificationofslander_support_pic4.jpg\" alt=\"YouTuber prominente\"><\/div>\n\t\t\t\t<h4>YouTuber prominente<\/h4>\n\t\t\t\t<p>Hemos asistido en la identificaci\u00f3n de autores en casos que involucran filtraciones de informaci\u00f3n personal y comentarios difamatorios hechos en videos de otros YouTubers, blogs personales y otras plataformas.<\/p>\n\t\t\t<\/li>\n\t\t<\/ul>\n\t\t<div class=\"frame2-white max-width860 txt-center-pc\">\n\t\t\t<p class=\"txt-l bold\">La identificaci\u00f3n de autores requiere de una experiencia altamente especializada, que abarca la planificaci\u00f3n estrat\u00e9gica y tareas operativas espec\u00edficas.<\/p>\n\t\t<\/div>\n\t<\/div>\n<\/section>\n\n<section class=\"white-section\">\n\t<div class=\"anchor\" id=\"procedures-for-identifying-authors-under-japanese-law\"><\/div>\n\t<div class=\"section-inner pdb0\">\n\t\t<h3>Procedimientos para la Identificaci\u00f3n de Autores seg\u00fan la Ley Japonesa<\/h3>\n\t\t<p class=\"mgb-middle\">En Jap\u00f3n, existen diversos procedimientos legales disponibles para identificar a los autores de publicaciones difamatorias en l\u00ednea y combatir la difamaci\u00f3n cibern\u00e9tica. Como profesionales del derecho, empleamos estos procedimientos de manera selectiva y combinada para lograr la identificaci\u00f3n del autor. Aunque es un desaf\u00edo proporcionar una explicaci\u00f3n exhaustiva en esta p\u00e1gina debido a la naturaleza altamente especializada de estos procedimientos, ofreceremos un resumen.<\/p>\n\t\t<ul class=\"layout-datalist\">\n\t\t\t<li>\n\t\t\t\t<h4>A: Solicitud de Revelaci\u00f3n (Disposici\u00f3n Provisional)<\/h4>\n\t\t\t\t<p>Esta medida provisional acelerada nos permite solicitar a los operadores de sitios web o administradores de servidores de alojamiento que revelen la direcci\u00f3n IP del autor de la publicaci\u00f3n, sin necesidad de recurrir a un litigio formal. Sin embargo, es importante se\u00f1alar que algunos sitios web pueden proporcionar la revelaci\u00f3n de la direcci\u00f3n IP de manera voluntaria a trav\u00e9s de negociaciones informales sin la necesidad de este procedimiento. Tomar la decisi\u00f3n correcta en tales casos requiere la experiencia y pericia de abogados especializados.<\/p>\n\t\t\t<\/li>\n\t\t\t<li>\n\t\t\t\t<h4>B: Prohibici\u00f3n de Eliminaci\u00f3n de Informaci\u00f3n<\/h4>\n\t\t\t\t<p>Al analizar la direcci\u00f3n IP revelada obtenida a trav\u00e9s del Procedimiento A, es posible identificar al proveedor de servicios de internet (ISP) utilizado por el usuario an\u00f3nimo. En el Procedimiento C, es crucial solicitar al ISP que no elimine la informaci\u00f3n del remitente (datos de registro relacionados con la conexi\u00f3n a internet del usuario) para preservar las pruebas.<\/p>\n\t\t\t<\/li>\n\t\t\t<li>\n\t\t\t\t<h4>C: Solicitud de Revelaci\u00f3n (Demanda Judicial)<\/h4>\n\t\t\t\t<p>Este procedimiento implica demandar al ISP identificado como demandado para solicitar la revelaci\u00f3n de la direcci\u00f3n y nombre del usuario an\u00f3nimo. En el caso de sitios web donde el usuario an\u00f3nimo registr\u00f3 un n\u00famero de tel\u00e9fono, este procedimiento puede utilizarse contra el operador del sitio web para solicitar la revelaci\u00f3n de dicho n\u00famero de tel\u00e9fono. No se pueden utilizar medidas provisionales r\u00e1pidas en este procedimiento, y se requiere un litigio formal de acuerdo con los precedentes legales japoneses.<\/p>\n\t\t\t<\/li>\n\t\t\t<li>\n\t\t\t\t<h4>D: Orden de Revelaci\u00f3n (la Enmienda de 2022)<\/h4>\n\t\t\t\t<p>Este marco legal recientemente introducido combina los Procedimientos A, B y C en un solo procedimiento, permitiendo la implementaci\u00f3n de todos los pasos (A, B y C) en un plazo m\u00e1s corto. Este procedimiento utiliza un mecanismo acelerado. Actualmente, se considera el principio general para la identificaci\u00f3n del autor. Sin embargo, hay excepciones, como sitios web donde solo se registra un n\u00famero de tel\u00e9fono sin una direcci\u00f3n IP o casos en los que la revelaci\u00f3n de la direcci\u00f3n IP se puede lograr a trav\u00e9s de negociaciones voluntarias. La pericia y el conocimiento de los profesionales legales son esenciales para manejar estas excepciones.<\/p>\n\t\t\t<\/li>\n\t\t\t<li>\n\t\t\t\t<h4>E: Procedimiento de consulta a trav\u00e9s del Colegio de Abogados<\/h4>\n\t\t\t\t<p>En los casos en que se conoce el n\u00famero de tel\u00e9fono del autor durante los procedimientos mencionados, es necesario solicitar la divulgaci\u00f3n de la direcci\u00f3n o el nombre de la persona que utiliza ese n\u00famero de tel\u00e9fono a la compa\u00f1\u00eda de telecomunicaciones. En Jap\u00f3n, las compa\u00f1\u00edas de telefon\u00eda m\u00f3vil tienen la pr\u00e1ctica de proporcionar la divulgaci\u00f3n de informaci\u00f3n cuando un abogado realiza una consulta adecuada a trav\u00e9s de su Colegio de Abogados afiliado.<\/p>\n\t\t\t<\/li>\n\t\t<\/ul>\n\t<\/div>\n<\/section>\n\n<section class=\"white-section\">\n\t<div class=\"section-inner\">\n\t\t<div class=\"frame2 max-width860 txt-center-pc\">\n\t\t\t<p class=\"bold txt-l\">Identificar a los autores de publicaciones difamatorias de acuerdo con la ley japonesa es, de hecho, un \u00e1rea altamente compleja y especializada. Si tiene alguna pregunta o inquietud, incluyendo aspectos de viabilidad y costos, no dude en ponerse en contacto con nosotros. Estamos aqu\u00ed para ayudarlo y proporcionar la orientaci\u00f3n necesaria.<\/p>\n\t\t<\/div>\n\t<\/div>\n<\/section>\n\n<section class=\"orange-section\">\n\t<div class=\"anchor\" id=\"publications-as-a-lawyer-specializing-in-mitigating-reputational-damage\"><\/div>\n\t<div class=\"section-inner\">\n\t\t<div class=\"flex\">\n\t\t\t<div class=\"width41\"><img decoding=\"async\" src=\"\/wp-content\/themes\/monolith2021\/img\/pic\/pic_publishing2.jpg\" alt=\"Publicaciones como Abogado Especializado en Mitigaci\u00f3n de Da\u00f1os a la Reputaci\u00f3n\"><\/div>\n\t\t\t<div class=\"width51\">\n\t\t\t\t<h3>Publicaciones como Abogado Especializado en Mitigaci\u00f3n de Da\u00f1os a la Reputaci\u00f3n<\/h3>\n\t\t\t\t<p class=\"mgb-small\">Particip\u00e9 en la redacci\u00f3n de &#8220;Precedentes Judiciales de la Ley de Limitaci\u00f3n de Responsabilidad de los Proveedores&#8221;, una recopilaci\u00f3n de casos sobre medidas contra da\u00f1os a la reputaci\u00f3n, como parte del Grupo de Estudio Pr\u00e1ctico sobre la Ley de Limitaci\u00f3n de Responsabilidad de los Proveedores formado por abogados.<\/p>\n\t\t\t\t<p>Publiqu\u00e9 &#8220;Tatuaje Digital &#8211; Difamaci\u00f3n en Internet y Archivo de Casos de Da\u00f1os a la Reputaci\u00f3n&#8221; con la editorial Jiyuukokumin-sha, conocida por &#8220;Gendai Yogo no Kihonjitsu&#8221; (Conocimientos B\u00e1sicos de la Terminolog\u00eda Moderna), y estuve a cargo de la redacci\u00f3n del guion del drama de s\u00e1bado de NHK &#8220;Tatuaje Digital&#8221; basado en este registro de publicaciones.<\/p>\n\t\t\t<\/div>\n\t\t<\/div>\n\t<\/div>\n<\/section>\n\n<section class=\"purple2-section\">\n\t<div class=\"anchor\" id=\"monolith-law-magazine\"><\/div>\n\t<div class=\"section-inner\">\n\t\t    <section class=\"white-section temp-article\">\n        <div class=\"section-inner\">\n            <h4>MONOLITH LAW MAGAZINE<\/h4>\n            <div class=\"articles type_practice_column\">\n                                                                    <div class=\"article article-area\">\n                        <figure>\n                            <div class=\"img-wrap\">\n                                <img alt=\"\u00bfC\u00f3mo conservar las pruebas de difamaci\u00f3n en Instagram para utilizarlas en un juicio? Explicaci\u00f3n del m\u00e9todo para guardar evidencia admisible en tribunales.\" src=\"https:\/\/monolith.law\/es\/wp-content\/uploads\/sites\/9\/2025\/08\/b7a6d88c3f4a061d0c0c2cfa711ac604.webp\" width=\"500\" height=\"250\">\n                            <\/div>\n                            <figcaption>\n                                <div class=\"figcaption-inner\">\n                                    <h3>\u00bfC\u00f3mo conservar las pruebas de difamaci\u00f3n en Instagram para utilizarlas en un ju.<\/h3>\n                                <\/div>\n                            <\/figcaption>\n                            <a href=\"https:\/\/monolith.law\/es\/it\/instagram-preservation-evidence\"><\/a>\n                        <\/figure>\n                    <\/div>\n                                                    <div class=\"article article-area\">\n                        <figure>\n                            <div class=\"img-wrap\">\n                                <img alt=\"\u00bfEs posible solicitar la revelaci\u00f3n de insultos y difamaciones en juegos en l\u00ednea? Explicaci\u00f3n tambi\u00e9n del procedimiento judicial para identificar a la otra parte.\" src=\"https:\/\/monolith.law\/es\/wp-content\/uploads\/sites\/9\/2024\/11\/onlinegame1.webp\" width=\"500\" height=\"250\">\n                            <\/div>\n                            <figcaption>\n                                <div class=\"figcaption-inner\">\n                                    <h3>\u00bfEs posible solicitar la revelaci\u00f3n de insultos y difamaciones en juegos en l\u00edne.<\/h3>\n                                <\/div>\n                            <\/figcaption>\n                            <a href=\"https:\/\/monolith.law\/es\/internet\/onlinegame-defamation\"><\/a>\n                        <\/figure>\n                    <\/div>\n                                                    <div class=\"article article-area\">\n                        <figure>\n                            <div class=\"img-wrap\">\n                                <img alt=\"\u00bfEs posible identificar una cuenta desechable? Explicaci\u00f3n del proceso y las medidas legales apropiadas.\" src=\"https:\/\/monolith.law\/es\/wp-content\/uploads\/sites\/9\/2024\/11\/29306999_m-1024x683-1.webp\" width=\"500\" height=\"250\">\n                            <\/div>\n                            <figcaption>\n                                <div class=\"figcaption-inner\">\n                                    <h3>\u00bfEs posible identificar una cuenta desechable? Explicaci\u00f3n del proceso y las med.<\/h3>\n                                <\/div>\n                            <\/figcaption>\n                            <a href=\"https:\/\/monolith.law\/es\/internet\/throwaway-account\"><\/a>\n                        <\/figure>\n                    <\/div>\n                                            <\/div>\n            <div class=\"btn-more\"><a href=\"https:\/\/monolith.law\/es\/tag\/id-of-the-defamatory-statement\">Read More<\/a><\/div>\n        <\/div>\n    <\/section>\n\t<\/div>\n<\/section>\n\n<section class=\"orange2-section\">\n\t<div class=\"anchor\" id=\"fee-structure\"><\/div>\n\t<div class=\"section-inner\">\n\t<div class=\"planWrap\">\n\t<h3>Fee Structure<\/h3>\n\t<ul class=\"plan\">\n\t\t<li class=\"txt-left\">\n\t\t\t<div class=\"plan-inner\">\n\t\t\t<div class=\"plan-header\">\n\t\t\t<h4 class=\"plan-title\">Tarifa por Hora<\/h4>\n\t\t\t<div class=\"plan-price\"><span class=\"price-figure\">$300<\/span> por hora <span class=\"price-tax\"><\/span><\/div>\n\t\t\t<\/div>\n\t\t\t<div class=\"plan-body\">En ciertos casos, podr\u00edamos considerar aceptar una disputa o demanda con una tarifa inicial y una tarifa de contingencia. Para m\u00e1s detalles, no dude en contactarnos.<\/div>\n\t\t\t<\/div>\n\t\t<\/li>\n\t\t<li class=\"txt-left\">\n\t\t\t<div class=\"plan-inner\">\n\t\t\t<div class=\"plan-header\">\n\t\t\t<h4 class=\"plan-title\">Redacci\u00f3n de Contratos<\/h4>\n\t\t\t<div class=\"plan-price\"><span class=\"price-value\">desde<\/span><span class=\"price-figure\">$500<\/span><span class=\"price-value\">hasta $2,000 o m\u00e1s<\/span><span class=\"price-tax\"><\/span><\/div>\n\t\t\t<\/div>\n\t\t\t<div class=\"plan-body\">La estructura de precios puede variar seg\u00fan el tipo y la cantidad de contratos. Estamos encantados de ofrecer un presupuesto preliminar al realizar la consulta, por lo que le animamos a que se ponga en contacto con nosotros para obtener m\u00e1s detalles.<\/div>\n\t\t\t<\/div>\n\t\t<\/li>\n\t\t<li class=\"txt-left\">\n\t\t\t<div class=\"plan-inner\">\n\t\t\t<div class=\"plan-header\">\n\t\t\t<h4 class=\"plan-title\">Otros Servicios<\/h4>\n\t\t\t<div class=\"plan-price\"><span class=\"price-figure\">Cont\u00e1ctenos<\/span><\/div>\n\t\t\t<\/div>\n\t\t\t<div class=\"plan-body\">Ofrecemos una amplia gama de servicios que incluyen la formaci\u00f3n de empresas, revisi\u00f3n de contratos, opiniones legales, revisi\u00f3n de casos o cartas de investigaci\u00f3n. Si tiene alguna consulta o preocupaci\u00f3n, le invitamos cordialmente a contactarnos y nuestro equipo experto estar\u00e1 encantado de asistirle.<\/div>\n\t\t\t<\/div>\n\t\t\t<\/div>\n\t\t<\/li>\n\t<\/ul>\n\t<\/div>\n\t<\/div>\n<\/section>\n\n<section class=\"white-section\">\n\t<div class=\"section-inner\">\n\t\t<div class=\"btn-area\">\n\t\t\t<div class=\"btn icon-contact\"><a href=\"\/es\/contact\">Cont\u00e1ctenos<\/a><\/div>\n\t\t<\/div>\n\t<\/div>\n<\/section>\n","protected":false},"excerpt":{"rendered":"<p>Identificaci\u00f3n de la Declaraci\u00f3n Difamatoria Seg\u00fan la ley japonesa, si una empresa o individuo sufre difamaci\u00f3n o infracci\u00f3n de privacidad por parte de un usuario an\u00f3nimo en internet, es posible ident [&hellip;]<\/p>\n","protected":false},"author":1,"featured_media":30723,"parent":0,"menu_order":7,"comment_status":"closed","ping_status":"closed","template":"other-page-temp.php","meta":{"footnotes":""},"acf":[],"_links":{"self":[{"href":"https:\/\/monolith.law\/es\/wp-json\/wp\/v2\/pages\/30684"}],"collection":[{"href":"https:\/\/monolith.law\/es\/wp-json\/wp\/v2\/pages"}],"about":[{"href":"https:\/\/monolith.law\/es\/wp-json\/wp\/v2\/types\/page"}],"author":[{"embeddable":true,"href":"https:\/\/monolith.law\/es\/wp-json\/wp\/v2\/users\/1"}],"replies":[{"embeddable":true,"href":"https:\/\/monolith.law\/es\/wp-json\/wp\/v2\/comments?post=30684"}],"version-history":[{"count":25,"href":"https:\/\/monolith.law\/es\/wp-json\/wp\/v2\/pages\/30684\/revisions"}],"predecessor-version":[{"id":71385,"href":"https:\/\/monolith.law\/es\/wp-json\/wp\/v2\/pages\/30684\/revisions\/71385"}],"wp:featuredmedia":[{"embeddable":true,"href":"https:\/\/monolith.law\/es\/wp-json\/"}],"wp:attachment":[{"href":"https:\/\/monolith.law\/es\/wp-json\/wp\/v2\/media?parent=30684"}],"curies":[{"name":"wp","href":"https:\/\/api.w.org\/{rel}","templated":true}]}}