{"id":31513,"date":"2024-12-21T19:59:32","date_gmt":"2024-12-21T10:59:32","guid":{"rendered":"https:\/\/monolith.law\/?page_id=31513"},"modified":"2025-08-19T19:43:19","modified_gmt":"2025-08-19T10:43:19","slug":"m-and-a-of-sns-accounts","status":"publish","type":"page","link":"https:\/\/monolith.law\/es\/m-and-a-of-sns-accounts","title":{"rendered":"Fusiones y Adquisiciones de Cuentas en Redes Sociales"},"content":{"rendered":"\n<section class=\"heading-area\">\n\t<div class=\"heading-area-inner\">\n\t\t<h2 class=\"icon-m-and-a-of-sns-accounts\">Fusiones y Adquisiciones de Cuentas en Redes Sociales<\/h2>\n\t\t<p>Las fusiones y adquisiciones (M&amp;A) de canales de YouTube y cuentas de Twitter son campos altamente especializados que requieren conocimientos y habilidades espec\u00edficas. Como un bufete de abogados con especialistas en IT, Internet y negocios, proporcionamos asistencia integral en esta \u00e1rea.<\/p>\n\t<\/div>\n<\/section>\n\n<section class=\"white-section\">\n\t<div class=\"section-inner pdt0 border-bottom-section\">\n\t\t<p>Al igual que los sitios web, los canales de YouTube y las cuentas de Twitter tambi\u00e9n est\u00e1n sujetos a M&amp;A. Sin embargo, debido a que estas M&amp;A son situaciones \u00fanicas, es necesario contratar un bufete de abogados con conocimientos y experiencia especializados. MONOLITH LAW OFFICE es un bufete de abogados especializado en IT, Internet y negocios. Nuestros abogados manejan todos los aspectos de numerosas M&amp;A, desde peque\u00f1os proyectos que involucran canales de YouTube hasta proyectos valorados en m\u00e1s de 100 millones de yenes, abarcando desde la redacci\u00f3n de contratos hasta la due diligence (DD).<\/p>\n\t<\/div>\n<\/section>\n\n<section class=\"second-nav\">\n\t<div class=\"second-nav-inner\">\n\t\t<p>TEMAS<\/p>\n\t\t<nav>\n\t\t\t<ul>\n\t\t\t\t<li><a href=\"#an-example-of-ma-track-record\">Ejemplos de historial de M&amp;A<\/a><\/li>\n\t\t\t\t<li><a href=\"#ma-special-feature-on-sns-such-as-youtube\">Especial sobre M&amp;A en redes sociales como YouTube<\/a><\/li>\n\t\t\t\t<li><a href=\"#responding-to-legal-due-diligence-dd\">Respuesta a la due diligence legal<\/a><\/li>\n\t\t\t\t<li><a href=\"#legal-due-diligence-dd-peculiarities-of-sns-etc\">Distinciones de la due diligence legal en redes sociales<\/a><\/li>\n\t\t\t\t<li><a href=\"#an-example-of-our-client\">Un ejemplo de nuestro cliente<\/a><\/li>\n\t\t\t\t<li><a href=\"#book-writing-records\">Registros de publicaciones<\/a><\/li>\n\t\t\t\t<li><a href=\"#media-appearance-record\">Registros de apariciones en medios<\/a><\/li>\n\t\t\t\t<li><a href=\"#monolith-law-magazine\">MONOLITH LAW MAGAZINE<\/a><\/li>\n\t\t\t\t<li><a href=\"#fee-structure\">Estructura de Honorarios<\/a><\/li>\n\t\t\t<\/ul>\n\t\t<\/nav>\n\t<\/div>\n<\/section>\n\n<section class=\"white-section\">\n\t<div class=\"anchor\" id=\"an-example-of-ma-track-record\"><\/div>\n\t<div class=\"section-inner\">\n\t\t<h3>Ejemplos de historial en M&amp;A<\/h3>\n\t\t<ul class=\"layout-column4\">\n\t\t\t<li>\n\t\t\t\t<div><img decoding=\"async\" src=\"\/wp-content\/themes\/monolith2021\/img\/practices-youtuberlaw\/practices-youtuberlaw_necessity_pic3.jpg\" alt=\"YouTube channel\"><\/div>\n\t\t\t\t<h4>Canal de YouTube<\/h4>\n\t\t\t\t<p>Contamos con un historial en transacciones de M&amp;A y due diligence que superan los 100 millones de yenes, como la transferencia de canales de VTuber y anime en YouTube.<\/p>\n\t\t\t<\/li>\n\t\t\t<li>\n\t\t\t\t<div><img decoding=\"async\" src=\"\/wp-content\/themes\/monolith2021\/img\/snsmalaw\/snsmalaw_example_pic2.jpg\" alt=\"Cuenta de Twitter\"><\/div>\n\t\t\t\t<h4>Cuenta de Twitter<\/h4>\n\t\t\t\t<p>Manejamos un gran n\u00famero de contratos y due diligence relacionados con la transferencia de cuentas de Twitter que proporcionan informaci\u00f3n.<\/p>\n\t\t\t<\/li>\n\t\t\t<li>\n\t\t\t\t<div><img decoding=\"async\" src=\"\/wp-content\/themes\/monolith2021\/img\/snsmalaw\/snsmalaw_example_pic3.jpg\" alt=\"Cuenta de Instagram\"><\/div>\n\t\t\t\t<h4>Cuenta de Instagram<\/h4>\n\t\t\t\t<p>Apoyamos la transferencia de cuentas de Instagram como parte de la transferencia de negocios de medios propios.<\/p>\n\t\t\t<\/li>\n\t\t\t<li>\n\t\t\t\t<div><img decoding=\"async\" src=\"\/wp-content\/themes\/monolith2021\/img\/snsmalaw\/snsmalaw_example_pic4.jpg\" alt=\"Otras redes sociales\"><\/div>\n\t\t\t\t<h4>Otras redes sociales<\/h4>\n\t\t\t\t<p>Tambi\u00e9n tenemos experiencia y conocimientos en cuanto a otras redes sociales y servicios web.<\/p>\n\t\t\t<\/li>\n\t\t<\/ul>\n\t<\/div>\n<\/section>\n\n<section class=\"white-section\">\n\t<div class=\"section-inner pdt0\">\n\t\t<div class=\"frame2 max-width860 txt-center-pc\">\n\t\t\t<p class=\"bold txt-l\">MONOLITH LAW OFFICE es un despacho de abogados especializado en IT, Internet y negocios.<br class=\"pcOnly\">Ofrecemos servicios legales que abarcan desde la redacci\u00f3n de contratos hasta la due diligence (DD) para M&amp;As, incluyendo canales de YouTube,<br class=\"pcOnly\"> desde operaciones peque\u00f1as hasta transacciones que superan los 100 millones de yenes.<br class=\"pcOnly\"><\/p>\n\t\t<\/div>\n\t<\/div>\n<\/section>\n\n<section class=\"orange-section\">\n\t<div class=\"anchor\" id=\"ma-special-feature-on-sns-such-as-youtube\"><\/div>\n\t<div class=\"section-inner\">\n\t\t<h3>Caracter\u00edsticas especiales de M&amp;A en redes sociales como YouTube<\/h3>\n\t\t<ul class=\"layout-column4\">\n\t\t\t<li>\n\t\t\t\t<div><img decoding=\"async\" src=\"\/wp-content\/themes\/monolith2021\/img\/snsmalaw\/snsmalaw_specificity_pic1.jpg\" alt=\"Asuntos legales de IT\/Internet\"><\/div>\n\t\t\t\t<h4>Asuntos legales de IT\/Internet<\/h4>\n\t\t\t\t<p>Ser\u00eda dif\u00edcil determinar adecuadamente los puntos legales clave de la transacci\u00f3n sin ser un bufete de abogados con amplia experiencia en IT y en Internet.<\/p>\n\t\t\t<\/li>\n\t\t\t<li>\n\t\t\t\t<div><img decoding=\"async\" src=\"\/wp-content\/themes\/monolith2021\/img\/snsmalaw\/snsmalaw_specificity_pic2.jpg\" alt=\"Derecho de propiedad intelectual\"><\/div>\n\t\t\t\t<h4>Derecho de propiedad intelectual<\/h4>\n\t\t\t\t<p>Se requiere un conocimiento experto en derechos de propiedad intelectual, como los derechos de autor, para manejar adecuadamente los derechos al transferir cuentas de SNS.<\/p>\n\t\t\t<\/li>\n\t\t\t<li>\n\t\t\t\t<div><img decoding=\"async\" src=\"\/wp-content\/themes\/monolith2021\/img\/snsmalaw\/snsmalaw_specificity_pic3.jpg\" alt=\"Licenciamiento, etc.\"><\/div>\n\t\t\t\t<h4>Licenciamiento de PI<\/h4>\n\t\t\t\t<p>Comprender las licencias establecidas por terceros es esencial al difundir contenido en diversos medios, y hacerlo correctamente es una tarea altamente especializada.<\/p>\n\t\t\t<\/li>\n\t\t\t<li>\n\t\t\t\t<div><img decoding=\"async\" src=\"\/wp-content\/themes\/monolith2021\/img\/snsmalaw\/snsmalaw_specificity_pic4.jpg\" alt=\"T\u00e9rminos y directrices\"><\/div>\n\t\t\t\t<h4>T\u00e9rminos<\/h4>\n\t\t\t\t<p>Por ejemplo, el proceso de Due Diligence (DD) para canales de YouTube requiere conocimiento de la terminolog\u00eda y estar al d\u00eda con las versiones m\u00e1s recientes de diversas directrices.<\/p>\n\t\t\t<\/li>\n\t\t<\/ul>\n\t<\/div>\n<\/section>\n\n<section class=\"white-section\">\n\t<div class=\"anchor\" id=\"responding-to-legal-due-diligence-dd\"><\/div>\n\t<div class=\"section-inner\">\n\t\t<div class=\"flex reverse\">\n\t\t\t<div class=\"width41\"><img decoding=\"async\" src=\"\/wp-content\/themes\/monolith2021\/img\/pic\/pic_legalduediligence.jpg\" alt=\"Respuesta a la due diligence (DD) legal\"><\/div>\n\t\t\t<div class=\"width51\">\n\t\t\t\t<h3>Respondiendo a la diligencia debida legal<\/h3>\n\t\t\t\t<p class=\"mgb-small\">La transferencia de negocios de cuentas de SNS como canales de YouTube y Twitter, as\u00ed como la transferencia de acciones de las empresas que las poseen, son contratos que, en algunos casos, requieren una diligencia debida legal (DD), al igual que las fusiones y adquisiciones (M&amp;A) ordinarias.<\/p>\n\t\t\t\t<p class=\"mgb-small\">Nuestra firma, MONOLITH LAW OFFICE, tambi\u00e9n prepara la diligencia debida legal (DD) y los informes de DD para estas transacciones de M&amp;A altamente especializadas.<\/p>\n\t\t\t\t<p class=\"txt-s\">* En el caso de la creaci\u00f3n de un informe de DD, las horas de trabajo del abogado son, en principio, 30 horas o m\u00e1s (el honorario del abogado es de 1 mill\u00f3n de yenes o m\u00e1s).<\/p>\n\t\t\t<\/div>\n\t\t<\/div>\n\t<\/div>\n<\/section>\n\n<section class=\"white-section\">\n\t<div class=\"anchor\" id=\"legal-due-diligence-dd-peculiarities-of-sns-etc\"><\/div>\n\t<div class=\"section-inner-black\">\n\t\t<h3><br class=\"spOnly\">Caracter\u00edsticas especiales de la diligencia debida legal para SNS<\/h3>\n\t\t<p class=\"mgb-small\">Al realizar la diligencia debida (DD) de fusiones y adquisiciones (M&amp;A) para un canal de YouTube, por ejemplo, es crucial evaluar la legalidad de los v\u00eddeos publicados en el canal, as\u00ed como su compatibilidad con los t\u00e9rminos de servicio de YouTube y diversas directrices. Si surgen problemas en estos aspectos, los v\u00eddeos p\u00fablicos pueden ser eliminados y, en el peor de los casos, se pueden implementar medidas como la suspensi\u00f3n de la cuenta, lo que podr\u00eda llevar a una valoraci\u00f3n err\u00f3nea del valor del canal.<\/p>\n\t\t<p class=\"mgb-small\">Para ello, se requiere conocimiento legal en una variedad de campos, incluyendo los derechos de autor de objetos y m\u00fasica utilizados en los v\u00eddeos, derechos de imagen y privacidad relacionados con la aparici\u00f3n de personas, y regulaciones publicitarias que pueden ser problem\u00e1ticas al introducir cosm\u00e9ticos y alimentos saludables. Es fundamental comprender los t\u00e9rminos de uso y las diversas directrices, as\u00ed como mantenerse al d\u00eda con la \u00faltima versi\u00f3n.<\/p>\n\t\t<p class=\"mgb-middle\">Adem\u00e1s, dado que los t\u00e9rminos de uso y las directrices se crean de manera voluntaria, es esencial encontrar un despacho de abogados especializado en este campo, como MONOLITH LAW OFFICE.<\/p>\n\n\n\n\t<\/div>\n<\/section>\n\n<section class=\"white-section\">\n\t<div class=\"anchor\" id=\"an-example-of-our-client\"><\/div>\n\t<div class=\"section-inner\">\n\t\t<h3>Ejemplo de nuestro cliente<\/h3>\n\t\t<ul class=\"layout-column4 mgb-middle\">\n\t\t\t<li>\n\t\t\t\t<div><img decoding=\"async\" src=\"\/wp-content\/themes\/monolith2021\/img\/clients\/logo_zizai.png\" alt=\"ZIZAI\"><\/div>\n\t\t\t\t<h4><a href=\"https:\/\/zizai.co.jp\/\" target=\"_blank\" rel=\"noopener noreferrer\">ZIZAI Inc.<\/a><\/h4>\n\t\t\t\t<p>Gestionamos un proyecto para ZIZAI Inc., que opera el VTuber\/virtual YouTuber Miraiakari y el canal de v\u00eddeos de entrenamiento de pachinko\/slot Sulopachi Station.<\/p>\n\t\t\t<\/li>\n\t\t\t<li>\n\t\t\t\t<div><img decoding=\"async\" src=\"\/wp-content\/themes\/monolith2021\/img\/clients\/logo_plott.png\" alt=\"Plott Inc.\"><\/div>\n\t\t\t\t<h4><a href=\"https:\/\/plott.tokyo\/\" target=\"_blank\" rel=\"noopener noreferrer\">Plott Inc.<\/a><\/h4>\n\t\t\t\t<p>Gestionamos un proyecto de Plott Co., Ltd., que administra canales de anime en YouTube como &#8220;Teikou Penguin&#8221;, &#8220;KAREKORE of MIXED BLOOD&#8221;, &#8220;Grim Reaper Flag Chan!&#8221; y &#8220;Yaruminati&#8221;.<\/p>\n\t\t\t<\/li>\n\t\t\t<li>\n\t\t\t\t<div><img decoding=\"async\" src=\"\/wp-content\/themes\/monolith2021\/img\/clients\/logo_algorithm.png\" alt=\"Algorithm\"><\/div>\n\t\t\t\t<h4><a href=\"https:\/\/algorithms.co.jp\/\" target=\"_blank\" rel=\"noopenerrnoreferrer noopener\">Algorithm Inc.<\/a><\/h4>\n\t\t\t\t<p>Gestionamos un proyecto para Algorithm Inc., cuyo negocio principal es la adquisici\u00f3n y activaci\u00f3n de medios afiliados, as\u00ed como la operaci\u00f3n de &#8220;feely&#8221; y &#8220;tabiyori&#8221;.<\/p>\n\t\t\t<\/li>\n\t\t\t<li>\n\t\t\t\t<div><img decoding=\"async\" src=\"\/wp-content\/themes\/monolith2021\/img\/clients\/logo_mediano.png\" alt=\"Mediano\"><\/div>\n\t\t\t\t<h4><a href=\"https:\/\/mediano-ltd.co.jp\/\" target=\"_blank\" rel=\"noopener noreferrer\">Mediano Co., Ltd.<\/a><\/h4>\n\t\t\t\t<p>Adem\u00e1s de aplicaciones para smartphones, gestionamos un proyecto para Mediano Co., Ltd., cuyo negocio principal son las transacciones de M&amp;A que realizan colaboraciones aprovechando las fortalezas de ambas partes y tambi\u00e9n la adquisici\u00f3n de contenido de medios programado para transferencia.<\/p>\n\t\t\t<\/li>\n\t\t<\/ul>\n\t\t<p class=\"txt-s\">*Tambi\u00e9n estamos a cargo de muchos otros proyectos de clientes. Solo se enumeran las empresas que han dado permiso para divulgar la informaci\u00f3n de su socio comercial. Debido a las obligaciones de confidencialidad, el hecho de ser nuestro cliente se mantiene estrictamente confidencial.<\/p>\n\t<\/div>\n<\/section>\n\n<section class=\"white-section\">\n\t<div class=\"section-inner\">\n\t\t<div class=\"frame2 max-width860 txt-center-pc\">\n\t\t\t<p class=\"bold txt-l mgb-small\">Actividades de publicaci\u00f3n en asuntos legales de YouTubers \/ VTubers<\/p>\n\t\t\t<p>Los asuntos legales para YouTubers\/VTubers son un campo altamente especializado. Toki Kawase, nuestro abogado representante, tambi\u00e9n participa en actividades de publicaci\u00f3n relacionadas con estos temas.<\/p>\n\t\t<\/div>\n\t<\/div>\n<\/section>\n<section class=\"orange-section\">\n\t<div class=\"anchor\" id=\"book-writing-records\"><\/div>\n\t<div class=\"section-inner\">\n\t\t<div class=\"flex reverse\">\n\t\t\t<div class=\"width41\"><img decoding=\"async\" src=\"\/wp-content\/uploads\/2022\/07\/it_law_book.jpg\" alt=\"Registro de publicaciones como abogado especializado en asuntos legales relacionados con redes sociales como YouTube\"><\/div>\n\t\t\t<div class=\"width51\">\n\t\t\t\t<h3>Actividades de publicaci\u00f3n como abogado especializado en asuntos legales de las redes sociales, incluyendo YouTube<\/h3>\n\t\t\t\t<p>El libro &#8220;Abogado de IT, Por Favor, Cu\u00e9ntenos Sobre las Leyes y T\u00e9rminos de YouTube&#8221; (Shodensha, 30 de julio de 2022) ha sido publicado para explicar las regulaciones y t\u00e9rminos relacionados con YouTube a los principiantes. En un formato de preguntas y respuestas, el libro explica c\u00f3mo crear varios contratos y puntos de control para cada tema, desde contratos que son requisitos previos para las fusiones y adquisiciones (M&amp;A) hasta contratos de transferencia de negocios.<\/p>\n\t\t\t<\/div>\n\t\t<\/div>\n\t<\/div>\n<\/section>\n<section class=\"white-section\">\n\t<div class=\"anchor\" id=\"media-appearance-record\"><\/div>\n\t<div class=\"section-inner\">\n\t\t<div class=\"flex\">\n\t\t\t<div class=\"width41\"><img decoding=\"async\" src=\"\/wp-content\/themes\/monolith2021\/img\/practices-youtuberlaw\/practices-youtuberlaw_pic2.jpg\"><\/div>\n\t\t\t<div class=\"width51\">\n\t\t\t\t<h3>Participaci\u00f3n especial relacionada con VTubers en &#8220;ABEMA Prime&#8221;<\/h3>\n\t\t\t\t<p>En &#8220;ABEMA Prime&#8221;, un programa que se emiti\u00f3 el 16 de febrero y el 20 de mayo de 2022, nuestro abogado representante coment\u00f3 sobre temas legales como la privacidad de los VTubers y los pol\u00e9micos influencers que est\u00e1n causando revuelo en Internet.<\/p>\n\t\t\t<\/div>\n\t\t<\/div>\n\t<\/div>\n<\/section>\n\n<section class=\"purple2-section\">\n\t<div class=\"anchor\" id=\"monolith-law-magazine\"><\/div>\n\t<div class=\"section-inner\">\n\t\t    <section class=\"white-section temp-article\">\n        <div class=\"section-inner\">\n            <h4>MONOLITH LAW MAGAZINE<\/h4>\n            <div class=\"articles type_practice_column\">\n                                                            <\/div>\n            <div class=\"btn-more\"><a href=\"https:\/\/monolith.law\/es\/tag\/m-and-a-of-sns-accounts\">Read More<\/a><\/div>\n        <\/div>\n    <\/section>\n\t<\/div>\n<\/section>\n\n<section class=\"orange2-section\">\n\t<div class=\"anchor\" id=\"fee-structure\"><\/div>\n\t<div class=\"section-inner\">\n\t<div class=\"planWrap\">\n\t<h3>Estructura de<br>Honorarios<\/h3>\n\t<ul class=\"plan\">\n\t\t<li class=\"txt-left\">\n\t\t\t<div class=\"plan-inner\">\n\t\t\t<div class=\"plan-header\">\n\t\t\t<h4 class=\"plan-title\">Tarifa por Hora<\/h4>\n\t\t\t<div class=\"plan-price\"><span class=\"price-figure\">$300<\/span> por hora <span class=\"price-tax\"><\/span><\/div>\n\t\t\t<\/div>\n\t\t\t<div class=\"plan-body\">En ciertas circunstancias, podr\u00edamos considerar aceptar un litigio o demanda con una tarifa inicial y una tarifa de contingencia. Para m\u00e1s detalles, no dude en ponerse en contacto con nosotros.<\/div>\n\t\t\t<\/div>\n\t\t<\/li>\n\t\t<li class=\"txt-left\">\n\t\t\t<div class=\"plan-inner\">\n\t\t\t<div class=\"plan-header\">\n\t\t\t<h4 class=\"plan-title\">Redacci\u00f3n de Contratos<\/h4>\n\t\t\t<div class=\"plan-price\"><span class=\"price-value\">desde<\/span><span class=\"price-figure\">$500<\/span><span class=\"price-value\">hasta $2,000 o m\u00e1s<\/span><span class=\"price-tax\"><\/span><\/div>\n\t\t\t<\/div>\n\t\t\t<div class=\"plan-body\">La estructura de precios puede variar en funci\u00f3n del tipo y la cantidad de contratos. Estamos encantados de ofrecer un presupuesto preliminar al realizar la consulta, por lo que le animamos a que se comunique con nosotros para obtener m\u00e1s detalles.<\/div>\n\t\t\t<\/div>\n\t\t<\/li>\n\t\t<li class=\"txt-left\">\n\t\t\t<div class=\"plan-inner\">\n\t\t\t<div class=\"plan-header\">\n\t\t\t<h4 class=\"plan-title\">Otros Servicios<\/h4>\n\t\t\t<div class=\"plan-price\"><span class=\"price-figure\">Cont\u00e1ctenos<\/span><\/div>\n\t\t\t<\/div>\n\t\t\t<div class=\"plan-body\">Ofrecemos una amplia gama de servicios que incluyen la formaci\u00f3n de empresas, revisi\u00f3n de contratos, opiniones legales, revisi\u00f3n de casos o cartas de investigaci\u00f3n. Si tiene alguna consulta o preocupaci\u00f3n, le invitamos cordialmente a contactarnos y nuestro equipo experto estar\u00e1 encantado de asistirle.<\/div>\n\t\t\t<\/div>\n\t\t\t<\/div>\n\t\t<\/li>\n\t<\/ul>\n\t<\/div>\n\t<\/div>\n<\/section>\n\n<section class=\"white-section\">\n\t<div class=\"section-inner\">\n\t\t<div class=\"btn-area\">\n\t\t\t<div class=\"btn icon-contact\"><a href=\"\/es\/contact\">Cont\u00e1ctenos<\/a><\/div>\n\t\t<\/div>\n\t<\/div>\n<\/section>\n","protected":false},"excerpt":{"rendered":"<p>Fusiones y Adquisiciones de Cuentas en Redes Sociales Las fusiones y adquisiciones (M&amp;A) de canales de YouTube y cuentas de Twitter son campos altamente especializados que requieren conocimientos  [&hellip;]<\/p>\n","protected":false},"author":1,"featured_media":31653,"parent":0,"menu_order":7,"comment_status":"closed","ping_status":"closed","template":"other-page-temp.php","meta":{"footnotes":""},"acf":[],"_links":{"self":[{"href":"https:\/\/monolith.law\/es\/wp-json\/wp\/v2\/pages\/31513"}],"collection":[{"href":"https:\/\/monolith.law\/es\/wp-json\/wp\/v2\/pages"}],"about":[{"href":"https:\/\/monolith.law\/es\/wp-json\/wp\/v2\/types\/page"}],"author":[{"embeddable":true,"href":"https:\/\/monolith.law\/es\/wp-json\/wp\/v2\/users\/1"}],"replies":[{"embeddable":true,"href":"https:\/\/monolith.law\/es\/wp-json\/wp\/v2\/comments?post=31513"}],"version-history":[{"count":32,"href":"https:\/\/monolith.law\/es\/wp-json\/wp\/v2\/pages\/31513\/revisions"}],"predecessor-version":[{"id":70932,"href":"https:\/\/monolith.law\/es\/wp-json\/wp\/v2\/pages\/31513\/revisions\/70932"}],"wp:featuredmedia":[{"embeddable":true,"href":"https:\/\/monolith.law\/es\/wp-json\/"}],"wp:attachment":[{"href":"https:\/\/monolith.law\/es\/wp-json\/wp\/v2\/media?parent=31513"}],"curies":[{"name":"wp","href":"https:\/\/api.w.org\/{rel}","templated":true}]}}