{"id":31896,"date":"2024-12-22T17:41:19","date_gmt":"2024-12-22T08:41:19","guid":{"rendered":"https:\/\/monolith.law\/?page_id=31896"},"modified":"2025-08-19T19:43:02","modified_gmt":"2025-08-19T10:43:02","slug":"cybercrime","status":"publish","type":"page","link":"https:\/\/monolith.law\/es\/cybercrime","title":{"rendered":"Ciberdelincuencia"},"content":{"rendered":"\n<section class=\"heading-area\">\n\t<div class=\"heading-area-inner\">\n\t\t<h2 class=\"icon-cybercrime\">Ciberdelincuencia<\/h2>\n\t\t<p>La ciberdelincuencia es un problema grave en la sociedad actual, y es crucial que las empresas tomen medidas apropiadas cuando son v\u00edctimas de tales cr\u00edmenes. Con un equipo de abogados con conocimientos legales y experiencia en IT, as\u00ed como ingenieros de IT activos y consultores de IT, nuestra firma puede proporcionar asesoramiento preciso adaptado a la situaci\u00f3n espec\u00edfica de la empresa y asistencia en el inicio de procedimientos penales.<\/p>\n\t<\/div>\n<\/section>\n\n<section class=\"white-section\">\n\t<div class=\"section-inner pdt0  border-bottom-section\">\n\t\t<p>Es efectivo recurrir a la ayuda de expertos que est\u00e1n bien versados en los procedimientos penales japoneses para impulsar una investigaci\u00f3n y arresto por parte de la polic\u00eda japonesa en casos de acceso no autorizado en Jap\u00f3n. Como una firma de abogados especializada en IT, brindamos asistencia legal a empresas que han sido v\u00edctimas de ciberdelitos como el acceso no autorizado y la exfiltraci\u00f3n il\u00edcita de datos, incluyendo ayuda con la presentaci\u00f3n de denuncias penales e informes para iniciar la investigaci\u00f3n criminal.<\/p>\n\t<\/div>\n<\/section>\n\n<section class=\"second-nav\">\n\t<div class=\"second-nav-inner\">\n\t\t<p>TEMAS<\/p>\n\t\t<nav>\n\t\t\t<ul>\n\t\t\t\t<li><a href=\"#specialized-expertise-in-cybersecurity\">Especializaci\u00f3n en Ciberseguridad<\/a><\/li>\n\t\t\t\t<li><a href=\"#the-need-for-addressing-cybercrime\">La Necesidad de Abordar el Cibercrimen<\/a><\/li>\n\t\t\t\t<li><a href=\"#the-challenges-of-criminal-prosecution-in-cybercrime-cases\">Los Desaf\u00edos de la Persecuci\u00f3n Penal en Casos de Ciberdelincuencia<\/a><\/li>\n\t\t\t\t<li><a href=\"#synergy-of-lawyers-and-it-consultants\">Colaboraci\u00f3n entre Abogados y Consultores de IT<\/a><\/li>\n\t\t\t\t<li><a href=\"#monolith-law-magazine\">MONOLITH LAW MAGAZINE<\/a><\/li>\n\t\t\t\t<li><a href=\"#fee-structure\">Estructura de Honorarios<\/a><\/li>\n\t\t\t<\/ul>\n\t\t<\/nav>\n\t<\/div>\n<\/section>\n\n<section class=\"white-section\">\n\t<div class=\"anchor\" id=\"specialized-expertise-in-cybersecurity\"><\/div>\n\t<div class=\"section-inner pdb0\">\n\t\t<h3>Especializaci\u00f3n en Ciberseguridad<\/h3>\n\t\t<div class=\"max-width980 mgb-small\"><img decoding=\"async\" src=\"\/wp-content\/themes\/monolith2021\/img\/dispute\/dispute_member.jpg\" alt=\"Especializaci\u00f3n en Ciberseguridad\"><\/div>\n\t\t<div class=\"frame2 max-width860 txt-center-pc\">\n\t\t\t<p class=\"bold txt-l\">MONOLITH LAW OFFICE proporciona una especializaci\u00f3n en derecho de IT, liderada por un abogado representante con antecedentes como ex ingeniero de IT y ejecutivo. El despacho est\u00e1 compuesto por 30 abogados, Kenji Shinjo (asesor), ex fiscal de la Fiscal\u00eda Superior de Tokio, y un equipo de 16 consultores de IT. Ofrecemos soluciones para resolver disputas complejas relacionadas con la ciberseguridad, aprovechando el profundo conocimiento y experiencia de nuestro equipo en derecho de IT.<\/p>\n\t\t<\/div>\n\t<\/div>\n<\/section>\n\n<section class=\"orange-section mgt-section\">\n\t<div class=\"anchor\" id=\"the-need-for-addressing-cybercrime\"><\/div>\n\t<div class=\"section-inner\">\n\t\t<div class=\"flex\">\n\t\t\t<div class=\"width41\"><img decoding=\"async\" src=\"\/wp-content\/uploads\/2023\/05\/dispute_pic2.jpg\" alt=\"La Necesidad de Abordar el Cibercrimen\"><\/div>\n\t\t\t<div class=\"width51\">\n\t\t\t\t<h3>La Necesidad de Abordar el Cibercrimen<\/h3>\n\t\t\t\t<p class=\"mgb-small\">En el mundo moderno, el cibercrimen representa una amenaza cada vez m\u00e1s significativa. Existen diversos tipos de ciberataques, incluyendo el acceso no autorizado, la exfiltraci\u00f3n il\u00edcita de datos, correos electr\u00f3nicos spam, estafas de phishing y ataques de malware.<\/p>\n\t\t\t\t<p class=\"mgb-small\">El acceso no autorizado se refiere a la infiltraci\u00f3n en un sistema inform\u00e1tico para robar o alterar informaci\u00f3n. Para las empresas, esto puede resultar en el robo de informaci\u00f3n confidencial o interrupciones del sistema que llevan a una disminuci\u00f3n de la productividad. La exfiltraci\u00f3n il\u00edcita de datos implica la fuga de informaci\u00f3n sensible de la empresa hacia fuentes externas. Esto puede ocurrir cuando los empleados, actuando como insiders, sustraen informaci\u00f3n confidencial de la empresa o cuando atacantes externos obtienen acceso no autorizado para robar informaci\u00f3n.<\/p>\n\t\t\t\t<p>Estos ciberataques no solo causan un da\u00f1o significativo a las empresas, como brechas de datos y trastornos en las operaciones comerciales, sino que tambi\u00e9n socavan la confianza social de la empresa a trav\u00e9s de la filtraci\u00f3n de informaci\u00f3n personal. Es crucial emprender medidas legales para abordar el cibercrimen con el fin de proteger la seguridad tanto de las empresas como de los individuos.<\/p>\n\t\t\t<\/div>\n\t\t<\/div>\n\t<\/div>\n<\/section>\n\n<section class=\"white-section\">\n\t<div class=\"anchor\" id=\"the-challenges-of-criminal-prosecution-in-cybercrime-cases\"><\/div>\n\t<div class=\"section-inner\">\n\t\t<div class=\"flex reverse\">\n\t\t\t<div class=\"width41\"><img decoding=\"async\" src=\"\/wp-content\/uploads\/2023\/05\/dispute_pic2-1.jpg\" alt=\"Los Desaf\u00edos de la Persecuci\u00f3n Penal en Casos de Cibercrimen\"><\/div>\n\t\t\t<div class=\"width51\">\n\t\t\t\t<h3>Los Desaf\u00edos de la Persecuci\u00f3n Penal en Casos de Ciberdelincuencia<\/h3>\n\t\t\t\t<p class=\"mgb-small\">Cuando un individuo se convierte en v\u00edctima de un ciberdelito y reporta el incidente a la polic\u00eda, se espera generalmente que la polic\u00eda realice una investigaci\u00f3n, identifique al perpetrador y proceda con arrestos y enjuiciamientos. Esta es la &#8220;percepci\u00f3n del ciudadano com\u00fan&#8221;. Sin embargo, desafortunadamente, en Jap\u00f3n, cuando se trata de delitos econ\u00f3micos que no involucran amenazas a la vida humana o al bienestar f\u00edsico, particularmente en el caso de ciberdelitos, los recursos de investigaci\u00f3n de la polic\u00eda son limitados en la pr\u00e1ctica. Sin que la v\u00edctima realice investigaciones exhaustivas y cree documentaci\u00f3n extensa, como &#8220;informes de incidentes&#8221;, es dif\u00edcil impulsar efectivamente las investigaciones policiales.<\/p>\n\t\t\t\t<p class=\"mgb-small\">La cantidad de documentos creados por nuestro bufete de abogados, MONOLITH LAW OFFICE, en un caso espec\u00edfico de ciberdelito para lograr el arresto y condena real del perpetrador se muestra en la foto a la derecha. Incluso despu\u00e9s de presentar una denuncia penal o un informe de v\u00edctima, la v\u00edctima debe continuar creando y presentando varios materiales detallados seg\u00fan lo solicitado por la polic\u00eda. Para facilitar las investigaciones y arrestos, se debe preparar y presentar una cantidad significativa de documentaci\u00f3n.<\/p>\n\t\t\t\t<p>Apoyar la persecuci\u00f3n penal de v\u00edctimas de ciberdelitos requiere de un bufete de abogados con alta especializaci\u00f3n y capacidades organizativas, como MONOLITH LAW OFFICE, que combina experiencia en IT y AI con servicios legales \u00fanicos y efectivos.<\/p>\n\t\t\t<\/div>\n\t\t<\/div>\n\t<\/div>\n<\/section>\n\n<section class=\"purple-section\">\n\t<div class=\"anchor\" id=\"synergy-of-lawyers-and-it-consultants\"><\/div>\n\t<div class=\"section-inner\">\n\t\t<div class=\"flex reverse\">\n\t\t\t<div class=\"width51\">\n\t\t\t\t<h3>Colaboraci\u00f3n entre Abogados y Consultores de IT<\/h3>\n\t\t\t\t<p class=\"mgb-small\">Para informar eficazmente a la polic\u00eda sobre la magnitud de los da\u00f1os y proporcionar informaci\u00f3n que conduzca a los culpables de ciberdelitos, es esencial una combinaci\u00f3n de conocimientos avanzados en IT y an\u00e1lisis legal. Por ejemplo, en casos de acceso no autorizado, es necesario interpretar registros de plataformas como Apache, identificar accesos problem\u00e1ticos y evaluar sus implicaciones legales para explicar por qu\u00e9 se consideran &#8220;no autorizados&#8221;. Estos hallazgos deben presentarse en un documento l\u00f3gica y coherentemente.<\/p>\n\t\t\t\t<p class=\"mgb-small\">Para lograr esto, son indispensables conocimientos especializados equivalentes a los de ingenieros de IT y un conocimiento especializado en leyes de IT.<\/p>\n\t\t\t\t<p>En MONOLITH LAW OFFICE, nuestro bufete de abogados est\u00e1 compuesto por 30 abogados, liderados por un abogado representante que es un ex ingeniero de IT con experiencia en empresas basadas en la web, junto con un equipo de 16 consultores de IT y 85 miembros del personal. Con esta estructura organizativa, estamos en una posici\u00f3n \u00fanica para proporcionar soluciones integrales de ventanilla \u00fanica.<\/p>\n\t\t\t<\/div>\n\t\t\t<div class=\"width41\"><img decoding=\"async\" src=\"\/wp-content\/themes\/monolith_en\/img\/operationofofmedia\/operationofofmedia_pic5.svg\" alt=\"Sinergia entre Abogados y Consultores de IT\"><\/div>\n\t\t<\/div>\n\t<\/div>\n<\/section>\n\n<section class=\"purple2-section\">\n\t<div class=\"anchor\" id=\"monolith-law-magazine\"><\/div>\n\t<div class=\"section-inner\">\n\t\t    <section class=\"white-section temp-article\">\n        <div class=\"section-inner\">\n            <h4>MONOLITH LAW MAGAZINE<\/h4>\n            <div class=\"articles type_practice_column\">\n                                                                    <div class=\"article article-area\">\n                        <figure>\n                            <div class=\"img-wrap\">\n                                <img alt=\"\u00bfEs la captura de pantalla una infracci\u00f3n de derechos de autor? Explicaci\u00f3n sobre la identificaci\u00f3n del autor de la publicaci\u00f3n y m\u00e9todos de eliminaci\u00f3n\" src=\"https:\/\/monolith.law\/es\/wp-content\/uploads\/sites\/9\/2024\/11\/30375485_m-1024x683-1.webp\" width=\"500\" height=\"250\">\n                            <\/div>\n                            <figcaption>\n                                <div class=\"figcaption-inner\">\n                                    <h3>\u00bfEs la captura de pantalla una infracci\u00f3n de derechos de autor? Explicaci\u00f3n sobr.<\/h3>\n                                <\/div>\n                            <\/figcaption>\n                            <a href=\"https:\/\/monolith.law\/es\/it\/screenshots-copyright\"><\/a>\n                        <\/figure>\n                    <\/div>\n                                                    <div class=\"article article-area\">\n                        <figure>\n                            <div class=\"img-wrap\">\n                                <img alt=\"\u3010\u00daltima hora\u3011El n\u00famero de casos reconocidos de acceso no autorizado en el a\u00f1o Reiwa 5 (2023) se triplica en un a\u00f1o\" src=\"https:\/\/monolith.law\/es\/wp-content\/uploads\/sites\/9\/2024\/07\/Shutterstock_2236181323.webp\" width=\"500\" height=\"250\">\n                            <\/div>\n                            <figcaption>\n                                <div class=\"figcaption-inner\">\n                                    <h3>\u3010\u00daltima hora\u3011El n\u00famero de casos reconocidos de acceso no autorizado en el a\u00f1o Re.<\/h3>\n                                <\/div>\n                            <\/figcaption>\n                            <a href=\"https:\/\/monolith.law\/es\/it\/unauthorized-access-statistics-2023\"><\/a>\n                        <\/figure>\n                    <\/div>\n                                                    <div class=\"article article-area\">\n                        <figure>\n                            <div class=\"img-wrap\">\n                                <img alt=\"Acciones prohibidas bajo la Ley Japonesa de Prohibici\u00f3n de Acceso No Autorizado\" src=\"https:\/\/monolith.law\/es\/wp-content\/uploads\/sites\/9\/2024\/03\/shutterstock_322514297-1024x575.jpg\" width=\"500\" height=\"250\">\n                            <\/div>\n                            <figcaption>\n                                <div class=\"figcaption-inner\">\n                                    <h3>Acciones prohibidas bajo la Ley Japonesa de Prohibici\u00f3n de Acceso No Autorizado<\/h3>\n                                <\/div>\n                            <\/figcaption>\n                            <a href=\"https:\/\/monolith.law\/es\/it\/unauthorized-computer-access\"><\/a>\n                        <\/figure>\n                    <\/div>\n                                            <\/div>\n            <div class=\"btn-more\"><a href=\"https:\/\/monolith.law\/es\/tag\/cybercrime\">Read More<\/a><\/div>\n        <\/div>\n    <\/section>\n\t<\/div>\n<\/section>\n\n<section class=\"orange2-section\">\n\t<div class=\"anchor\" id=\"fee-structure\"><\/div>\n\t<div class=\"section-inner\">\n\t<div class=\"planWrap\">\n\t<h3>Estructura de Honorarios<\/h3>\n\t<ul class=\"plan\">\n\t\t<li class=\"txt-left\">\n\t\t\t<div class=\"plan-inner\">\n\t\t\t<div class=\"plan-header\">\n\t\t\t<h4 class=\"plan-title\">Tarifa por Hora<\/h4>\n\t\t\t<div class=\"plan-price\"><span class=\"price-figure\">$300<\/span> por hora <span class=\"price-tax\"><\/span><\/div>\n\t\t\t<\/div>\n\t\t\t<div class=\"plan-body\">En ciertas circunstancias, podr\u00edamos considerar aceptar un litigio o demanda con una tarifa inicial y una tarifa de contingencia. Para obtener m\u00e1s detalles, no dude en ponerse en contacto con nosotros.<\/div>\n\t\t\t<\/div>\n\t\t<\/li>\n\t\t<li class=\"txt-left\">\n\t\t\t<div class=\"plan-inner\">\n\t\t\t<div class=\"plan-header\">\n\t\t\t<h4 class=\"plan-title\">Redacci\u00f3n de Contratos<\/h4>\n\t\t\t<div class=\"plan-price\"><span class=\"price-value\">desde<\/span><span class=\"price-figure\">$500<\/span><span class=\"price-value\">hasta $2,000 o m\u00e1s<\/span><span class=\"price-tax\"><\/span><\/div>\n\t\t\t<\/div>\n\t\t\t<div class=\"plan-body\">La estructura de precios puede variar en funci\u00f3n del tipo y la cantidad de contratos. Estamos encantados de ofrecer un presupuesto preliminar al realizar la consulta, por lo que le animamos a que se comunique con nosotros para obtener m\u00e1s detalles.<\/div>\n\t\t\t<\/div>\n\t\t<\/li>\n\t\t<li class=\"txt-left\">\n\t\t\t<div class=\"plan-inner\">\n\t\t\t<div class=\"plan-header\">\n\t\t\t<h4 class=\"plan-title\">Otros Servicios<\/h4>\n\t\t\t<div class=\"plan-price\"><span class=\"price-figure\">Cont\u00e1ctenos<\/span><\/div>\n\t\t\t<\/div>\n\t\t\t<div class=\"plan-body\">Ofrecemos una amplia gama de servicios que incluyen la formaci\u00f3n de empresas, revisi\u00f3n de contratos, opiniones legales, revisi\u00f3n de casos o cartas de investigaci\u00f3n. Si tiene alguna consulta o preocupaci\u00f3n, le invitamos cordialmente a ponerse en contacto con nosotros y nuestro equipo experto estar\u00e1 encantado de asistirle.<\/div>\n\t\t\t<\/div>\n\t\t\t<\/div>\n\t\t<\/li>\n\t<\/ul>\n\t<\/div>\n\t<\/div>\n<\/section>\n\n<section class=\"white-section\">\n\t<div class=\"section-inner\">\n\t\t<div class=\"btn-area\">\n\t\t\t<div class=\"btn icon-contact\"><a href=\"\/es\/contact\">Cont\u00e1ctenos<\/a><\/div>\n\t\t<\/div>\n\t<\/div>\n<\/section>\n","protected":false},"excerpt":{"rendered":"<p>Ciberdelincuencia La ciberdelincuencia es un problema grave en la sociedad actual, y es crucial que las empresas tomen medidas apropiadas cuando son v\u00edctimas de tales cr\u00edmenes. Con un equipo de abogad [&hellip;]<\/p>\n","protected":false},"author":1,"featured_media":20036,"parent":0,"menu_order":7,"comment_status":"closed","ping_status":"closed","template":"other-page-temp.php","meta":{"footnotes":""},"acf":[],"_links":{"self":[{"href":"https:\/\/monolith.law\/es\/wp-json\/wp\/v2\/pages\/31896"}],"collection":[{"href":"https:\/\/monolith.law\/es\/wp-json\/wp\/v2\/pages"}],"about":[{"href":"https:\/\/monolith.law\/es\/wp-json\/wp\/v2\/types\/page"}],"author":[{"embeddable":true,"href":"https:\/\/monolith.law\/es\/wp-json\/wp\/v2\/users\/1"}],"replies":[{"embeddable":true,"href":"https:\/\/monolith.law\/es\/wp-json\/wp\/v2\/comments?post=31896"}],"version-history":[{"count":16,"href":"https:\/\/monolith.law\/es\/wp-json\/wp\/v2\/pages\/31896\/revisions"}],"predecessor-version":[{"id":70921,"href":"https:\/\/monolith.law\/es\/wp-json\/wp\/v2\/pages\/31896\/revisions\/70921"}],"wp:featuredmedia":[{"embeddable":true,"href":"https:\/\/monolith.law\/es\/wp-json\/"}],"wp:attachment":[{"href":"https:\/\/monolith.law\/es\/wp-json\/wp\/v2\/media?parent=31896"}],"curies":[{"name":"wp","href":"https:\/\/api.w.org\/{rel}","templated":true}]}}