{"id":32193,"date":"2024-12-22T20:23:51","date_gmt":"2024-12-22T11:23:51","guid":{"rendered":"https:\/\/monolith.law\/?page_id=32193"},"modified":"2025-08-19T19:42:53","modified_gmt":"2025-08-19T10:42:53","slug":"terms-of-use","status":"publish","type":"page","link":"https:\/\/monolith.law\/es\/terms-of-use","title":{"rendered":"T\u00e9rminos de Uso"},"content":{"rendered":"\n<section class=\"heading-area\">\n\t<div class=\"heading-area-inner\">\n\t\t<h2 class=\"icon-terms-of-use\">T\u00e9rminos de Uso<\/h2>\n\t\t<p>En MONOLITH LAW OFFICE nos encargamos de la creaci\u00f3n y revisi\u00f3n de t\u00e9rminos de uso y pol\u00edticas de privacidad para diversas aplicaciones, servicios y juegos en Jap\u00f3n. Adem\u00e1s, podemos analizar su definici\u00f3n de requisitos para el desarrollo de la aplicaci\u00f3n correspondiente, estructuras de Adobe XD, p\u00e1ginas de aterrizaje (LPs), materiales de venta para clientes potenciales y otros documentos y datos existentes.<\/p>\n\t<\/div>\n<\/section>\n\n<section class=\"white-section\">\n\t<div class=\"section-inner pdt0  border-bottom-section\">\n\t\t<p class=\"mgb-small\">En MONOLITH LAW OFFICE, manejamos la creaci\u00f3n, modificaci\u00f3n y revisi\u00f3n de diversos t\u00e9rminos y condiciones, pol\u00edticas de privacidad y otros acuerdos necesarios, asegurando el cumplimiento con las leyes y regulaciones aplicables en Jap\u00f3n. Nos especializamos en proporcionar apoyo legal para aplicaciones, servicios, juegos y otras plataformas digitales.<\/p>\n\t\t<p class=\"mgb-small\">Podemos trabajar con sus materiales y datos existentes, como definiciones de requisitos, marcos creados con Adobe XD, p\u00e1ginas de aterrizaje y materiales de venta dirigidos a clientes potenciales. Nuestro equipo es capaz de comprender y analizar estos materiales para garantizar el cumplimiento legal y ofrecer perspectivas valiosas.<\/p>\n\t\t<p>No dude en contactarnos para cualquier asistencia con la redacci\u00f3n o actualizaci\u00f3n de sus t\u00e9rminos y condiciones, pol\u00edticas de privacidad u otros documentos legales necesarios para la operaci\u00f3n y lanzamiento de su aplicaci\u00f3n o servicio digital.<\/p>\n\t<\/div>\n<\/section>\n\n<section class=\"second-nav\">\n\t<div class=\"second-nav-inner\">\n\t\t<p>TEMAS<\/p>\n\t\t<nav>\n\t\t\t<ul>\n\t\t\t\t<li><a href=\"#apps-web-services-and-digital-platforms\">Aplicaciones, Servicios Web y Plataformas Digitales<\/a><\/li>\n\t\t\t\t<li><a href=\"#games\">Juegos<\/a><\/li>\n\t\t\t\t<li><a href=\"#publication-of-books-on-legal-matters-related-to-it\">Publicaci\u00f3n de Libros sobre Asuntos Legales Relacionados con IT<\/a><\/li>\n\t\t\t\t<li><a href=\"#crypto-asset-and-blockchain\">Criptoactivos y Blockchain<\/a><\/li>\n\t\t\t\t<li><a href=\"#medical-Apps-etc\">Aplicaciones M\u00e9dicas, etc.<\/a><\/li>\n\t\t\t\t<li><a href=\"#drafting-with-minimal-operating-time\">Redacci\u00f3n con Tiempo Operativo M\u00ednimo<\/a><\/li>\n\t\t\t\t<li><a href=\"#some-examples-of-our-clients-and-the-products\">Algunos Ejemplos de Nuestros Clientes y Sus Productos<\/a><\/li>\n\t\t\t\t<li><a href=\"#monolith-law-magazine\">MONOLITH LAW MAGAZINE<\/a><\/li>\n\t\t\t\t<li><a href=\"#fee-structure\">Estructura de Honorarios<\/a><\/li>\n\t\t\t<\/ul>\n\t\t<\/nav>\n\t<\/div>\n<\/section>\n\n<section class=\"white-section mgt-section mgb-section80\">\n\t<div class=\"anchor\" id=\"apps-web-services-and-digital-platforms\"><\/div>\n\t<div class=\"section-inner-black\">\n\t\t<h3>Aplicaciones, Servicios Web y Plataformas Digitales<\/h3>\n\t\t<p class=\"mgb-middle\">En MONOLITH LAW OFFICE contamos con una amplia experiencia en la creaci\u00f3n y modificaci\u00f3n de t\u00e9rminos y condiciones, pol\u00edticas de privacidad y otros documentos legales relacionados con aplicaciones, servicios web y plataformas digitales. Adem\u00e1s, proporcionamos servicios de consultor\u00eda para asistir en la operaci\u00f3n legal de servicios web y aplicaciones de acuerdo con las regulaciones aplicables.<\/p>\n\t\t<h4 class=\"mgb-small\">Aqu\u00ed hay algunos ejemplos de nuestros logros<\/h4>\n\t\t<p class=\"mgb-middle\">Servicios de distribuci\u00f3n de BGM y efectos de sonido, aplicaciones de reproducci\u00f3n de m\u00fasica de fondo, servicios de reconocimiento de voz basados en SaaS para B2B, sitios de comercio electr\u00f3nico directo al consumidor, plataformas EC, servicios que facilitan la integraci\u00f3n de datos entre plataformas SaaS, servicios de integraci\u00f3n para proveedores de SaaS, plataformas para artistas, herramientas de apoyo a la venta, aplicaciones de gesti\u00f3n de finanzas personales, servicios web y plataformas de b\u00fasqueda de empleo, servicios basados en la nube para la gesti\u00f3n de gastos, gesti\u00f3n de asistencia, reembolso de gastos de viaje, servicios de venta de suplementos, servicios de redes sociales relacionadas con la pol\u00edtica, aplicaciones para la asignaci\u00f3n de taxis, servicios de externalizaci\u00f3n de an\u00e1lisis de datos, servicios de redes sociales basados en video, plataformas de redes sociales orientadas a negocios, sitios web de emparejamiento empresarial, plataformas de citas para hospitales, escuelas de programaci\u00f3n, servicios de redes sociales basados en blockchain, redes de publicidad basadas en blockchain, servicios de referencia, servicios de conserjer\u00eda de viajes, servicios de confirmaci\u00f3n de seguridad, sistemas de informaci\u00f3n de redes m\u00e9dicas, intercambios de criptomonedas (internacionales), sitios web de bases de datos de cl\u00ednicas ortod\u00f3nticas, servicios de apoyo a personas con discapacidad, servicios basados en la nube para la contrataci\u00f3n de reci\u00e9n graduados, gesti\u00f3n de empleados y formaci\u00f3n de empleados, sitios web oficiales de venta de coches importados, servicios de apoyo al estilo de vida, servicios de apoyo a startups y servicios de verificaci\u00f3n de antecedentes sociales.<\/p>\n\t<\/div>\n<\/section>\n\n<section class=\"white-section mgt-section mgb-section\">\n\t<div class=\"anchor\" id=\"games\"><\/div>\n\t<div class=\"section-inner-black\">\n\t\t<h3>Juegos<\/h3>\n\t\t<p class=\"mgb-small\">Contamos con una amplia experiencia en la redacci\u00f3n de t\u00e9rminos de uso para diversos tipos de juegos, desde juegos de consola hasta juegos para dispositivos m\u00f3viles. Comprendemos las implicaciones legales y los requisitos relacionados con la operaci\u00f3n de juegos, incluyendo la ley de derechos de autor japonesa, la ley de promoci\u00f3n de premios japonesa, la ley de servicios de pago japonesa, la ley de contratos de consumo japonesa, la ley de transacciones comerciales espec\u00edficas japonesa y la ley de negocios de telecomunicaciones japonesa. Podemos asistirle en la creaci\u00f3n de t\u00e9rminos de uso exhaustivos que cumplan con las regulaciones pertinentes.<\/p>\n\t\t<p class=\"mgb-small\">Adem\u00e1s, nuestros servicios van m\u00e1s all\u00e1 de la redacci\u00f3n inicial de los t\u00e9rminos de uso. Ofrecemos consultor\u00eda sobre la implementaci\u00f3n legal de eventos y otras actividades relacionadas con la operaci\u00f3n de juegos. Nuestro equipo est\u00e1 informado sobre los aspectos legales de los eventos de juegos y puede proporcionar orientaci\u00f3n para asegurar el cumplimiento de las leyes y regulaciones aplicables.<\/p>\n\t\t<p class=\"mgb-middle\">Ya sea que usted sea un desarrollador de juegos o una empresa involucrada en la operaci\u00f3n de juegos, estamos perfectamente equipados para proporcionar apoyo legal a medida para satisfacer sus necesidades espec\u00edficas en la industria del juego.<\/p>\n\t<\/div>\n<\/section>\n\n<section class=\"purple-section\">\n\t<div class=\"anchor\" id=\"publication-of-books-on-legal-matters-related-to-it\"><\/div>\n\t<div class=\"section-inner\">\n\t\t<div class=\"flex reverse\">\n\t\t\t<div class=\"width41\"><img decoding=\"async\" src=\"\/wp-content\/themes\/monolith2021\/img\/pic\/pic_publishing.jpg\" alt=\"Publicaci\u00f3n de Libros sobre Asuntos Legales Relacionados con IT\"><\/div>\n\t\t\t<div class=\"width51\">\n\t\t\t\t<h3>Publicaci\u00f3n de Libros sobre Asuntos Legales Relacionados con IT<\/h3>\n\t\t\t\t<p>Como una firma de abogados especializada en desarrollo de sistemas y asuntos legales relacionados con IT, incluyendo la creaci\u00f3n de t\u00e9rminos de servicio, servicios web, aplicaciones y problemas relacionados con juegos, MONOLITH LAW OFFICE ha publicado un libro titulado &#8220;Preguntas y Respuestas de Derecho F\u00e1cil de Entender para Ingenieros de IT&#8221;. El libro, escrito por un ex ingeniero convertido en abogado, est\u00e1 dirigido principalmente a ingenieros de IT. Proporciona explicaciones de conocimientos legales espec\u00edficamente adaptados a sus necesidades, cubriendo temas como la creaci\u00f3n de t\u00e9rminos de servicio. El objetivo del libro es presentar de manera accesible los conceptos legales y ayudar a los ingenieros de IT a navegar los aspectos legales de su trabajo.<\/p>\n\t\t\t<\/div>\n\t\t<\/div>\n\t<\/div>\n<\/section>\n\n<section class=\"white-section\">\n\t<div class=\"anchor\" id=\"crypto-asset-and-blockchain\"><\/div>\n\t<div class=\"section-inner\">\n\t\t<div class=\"flex\">\n\t\t\t<div class=\"width41\"><img decoding=\"async\" src=\"\/wp-content\/uploads\/2022\/07\/shutterstock_1151380622_2.png\" alt=\"Criptoactivos y Blockchain\"><\/div>\n\t\t\t<div class=\"width51\">\n\t\t\t\t<h3>Criptoactivos y Blockchain<\/h3>\n\t\t\t\t<p>MONOLITH LAW OFFICE ha estado activamente involucrado en trabajos legales relacionados con activos criptogr\u00e1ficos y tecnolog\u00eda blockchain desde su establecimiento en 2017. Estamos bien equipados para manejar asuntos legales relacionados con juegos basados en blockchain. Con nuestra experiencia en IT y problemas legales relacionados con los juegos, podemos proporcionar un soporte integral para navegar las complejidades legales de los juegos blockchain, incluyendo el cumplimiento regulatorio, la protecci\u00f3n de la propiedad intelectual, los acuerdos de usuario y m\u00e1s.<\/p>\n\t\t\t<\/div>\n\t\t<\/div>\n\t<\/div>\n<\/section>\n\n<section class=\"white-section mgb-section\">\n\t<div class=\"anchor\" id=\"medical-Apps-etc\"><\/div>\n\t<div class=\"section-inner-black\">\n\t\t<h3>Aplicaciones M\u00e9dicas, etc.<\/h3>\n\t\t<p class=\"mgb-small\">Nuestro bufete de abogados cuenta con un s\u00f3lido equipo de abogados, incluyendo al abogado fundador que tiene una formaci\u00f3n en ingenier\u00eda de IT, y abogados con amplia experiencia en el manejo de casos relacionados con la medicina. Con esta experiencia, estamos bien equipados para manejar negocios, aplicaciones y servicios web relacionados con la industria de la salud. Tenemos un historial probado en este campo.<\/p>\n\t\t<p class=\"mgb-middle\">El panorama legal que rodea a la atenci\u00f3n de la salud en Jap\u00f3n puede ser complejo, pero puedes confiar en nuestro bufete para navegar a trav\u00e9s de las complejidades. Podemos proporcionar un soporte legal integral adaptado a las necesidades \u00fanicas del sector m\u00e9dico, incluyendo el cumplimiento normativo, la privacidad de los datos, la licencia, los contratos y la resoluci\u00f3n de disputas. Nuestro objetivo es asegurar que tus empresas relacionadas con la salud se realicen en cumplimiento con las leyes y regulaciones aplicables, mientras protegemos tus intereses.<\/p>\n\t<\/div>\n<\/section>\n\n<section class=\"orange-section\">\n\t<div class=\"anchor\" id=\"drafting-with-minimal-operating-time\"><\/div>\n\t<div class=\"section-inner\">\n\t\t<div class=\"flex\">\n\t\t\t<div class=\"width41\"><img decoding=\"async\" src=\"\/wp-content\/themes\/monolith2021\/img\/pic\/pic_draft.jpg\" alt=\"Redacci\u00f3n con Tiempo Operativo M\u00ednimo\"><\/div>\n\t\t\t<div class=\"width51\">\n\t\t\t\t<h3>Redacci\u00f3n con Tiempo Operativo M\u00ednimo<\/h3>\n\t\t\t\t<p class=\"mgb-small\">Con nuestro abogado principal siendo un ex ingeniero de IT, tenemos la capacidad de entender los aspectos t\u00e9cnicos, la interfaz de usuario y la funcionalidad de las aplicaciones y servicios web al crear t\u00e9rminos de servicio y otros documentos relacionados. Podemos aprovechar las definiciones de requisitos existentes, marcos, p\u00e1ginas de aterrizaje y materiales de marketing que su empresa ya posee, lo que nos permite interpretar y extraer la informaci\u00f3n necesaria por nuestra parte.<\/p>\n\t\t\t\t<p>Al minimizar la necesidad de entrevistas o reuniones extensas, podemos redactar los t\u00e9rminos de servicio de manera eficiente, reduciendo los costos de comunicaci\u00f3n y los plazos. Este enfoque nos permite optimizar el proceso y entregar resultados de manera oportuna.<\/p>\n\t\t\t<\/div>\n\t\t<\/div>\n\t<\/div>\n<\/section>\n\n<section class=\"white-section\">\n\t<div class=\"anchor\" id=\"some-examples-of-our-clients-and-the-products\"><\/div>\n\t<div class=\"section-inner\">\n\t\t<h3>Algunos Ejemplos de Nuestros Clientes y Sus Productos<\/h3>\n\t\t<ul class=\"layout-column4 mgb-middle\">\n\t\t\t<li>\n\t\t\t\t<div><img decoding=\"async\" src=\"\/wp-content\/themes\/monolith2021\/img\/clients\/logo_tokium.png\"><\/div>\n\t\t\t\t<h4><a href=\"https:\/\/www.keihi.com\/lp\/\" target=\"_blank\" rel=\"noopener noreferrer\">TOKIUM Expense Reimbursement<\/a><\/h4>\n\t\t\t\t<p>Hemos trabajado con TOKIUM Inc., la empresa detr\u00e1s de la aplicaci\u00f3n de finanzas corporativas &#8220;TOKIUM Expense Reimbursement&#8221;, como su Director Jur\u00eddico. Hemos proporcionado apoyo legal para sus proyectos, incluyendo el lanzamiento de su sistema de reembolso de gastos &#8220;TOKIUM Invoice&#8221;.<\/p>\n\t\t\t<\/li>\n\t\t\t<li>\n\t\t\t\t<div><img decoding=\"async\" src=\"\/wp-content\/themes\/monolith2021\/img\/clients\/logo_seculio.png\"><\/div>\n\t\t\t\t<h4><a href=\"https:\/\/www.lrm.jp\/seculio\/feature\/\" target=\"_blank\" rel=\"noopener noreferrer\">Securio<\/a><\/h4>\n\t\t\t\t<p>Hemos sido auditores para LRM Corporation, que lanza Securio, una herramienta que mejora la percepci\u00f3n de la seguridad de la informaci\u00f3n en toda la empresa.<\/p>\n\t\t\t<\/li>\n\t\t\t<li>\n\t\t\t\t<div><img decoding=\"async\" src=\"\/wp-content\/themes\/monolith2021\/img\/clients\/logo_tribeau.png\"><\/div>\n\t\t\t\t<h4><a href=\"https:\/\/corp.tribeau.jp\/\" target=\"_blank\" rel=\"noopener noreferrer\">TRIBEAU<\/a><\/h4>\n\t\t\t\t<p>Hemos trabajado con TRIBEAU Inc., la empresa detr\u00e1s de la aplicaci\u00f3n de rese\u00f1as y reservas de medicina est\u00e9tica &#8220;TRIBEAU&#8221;. Hemos proporcionado asistencia legal para el lanzamiento de las versiones de su aplicaci\u00f3n y servicio web.<\/p>\n\t\t\t<\/li>\n\t\t\t<li>\n\t\t\t\t<div><img decoding=\"async\" src=\"\/wp-content\/themes\/monolith2021\/img\/clients\/logo_flowerknightgirl.png\"><\/div>\n\t\t\t\t<h4><a href=\"https:\/\/flower-knight-girl.com\/\" target=\"_blank\" rel=\"noopener noreferrer\">FLOWER KNIGHT GIRL<\/a><\/h4>\n\t\t\t\t<p>Hemos asistido a YourGames Inc. en el lanzamiento de su popular juego RPG &#8220;FLOWER KNIGHT GIRL&#8221;, que ha superado el mill\u00f3n de usuarios registrados. El juego est\u00e1 disponible en la plataforma DMM GAMES.<\/p>\n\t\t\t<\/li>\n\t\t<\/ul>\n\t\t<p class=\"txt-s\">* Por favor, tenga en cuenta que estos son solo algunos ejemplos y hemos trabajado con muchos otros clientes. Priorizamos la confidencialidad del cliente y solo divulgamos la participaci\u00f3n con empresas que han dado su consentimiento para el reconocimiento p\u00fablico o aquellas registradas en registros p\u00fablicos como oficiales.<\/p>\n\t<\/div>\n<\/section>\n\n<section class=\"purple2-section\">\n\t<div class=\"anchor\" id=\"monolith-law-magazine\"><\/div>\n\t<div class=\"section-inner\">\n\t\t    <section class=\"white-section temp-article\">\n        <div class=\"section-inner\">\n            <h4>MONOLITH LAW MAGAZINE<\/h4>\n            <div class=\"articles type_practice_column\">\n                                                                    <div class=\"article article-area\">\n                        <figure>\n                            <div class=\"img-wrap\">\n                                <img alt=\"\u00bfQu\u00e9 es la \"excepci\u00f3n de la nube\" en la Ley de Protecci\u00f3n de Informaci\u00f3n Personal? Una explicaci\u00f3n basada en ejemplos reales de orientaci\u00f3n administrativa recibida por proveedores de servicios en la nube.\" src=\"https:\/\/monolith.law\/es\/wp-content\/uploads\/sites\/9\/2025\/08\/0cdfadb6e93fc71449935bfe824bbde2.jpg\" width=\"500\" height=\"250\">\n                            <\/div>\n                            <figcaption>\n                                <div class=\"figcaption-inner\">\n                                    <h3>\u00bfQu\u00e9 es la \"excepci\u00f3n de la nube\" en la Ley de Protecci\u00f3n de Informaci\u00f3n Persona.<\/h3>\n                                <\/div>\n                            <\/figcaption>\n                            <a href=\"https:\/\/monolith.law\/es\/it\/personal-information-cloud-exceptions\"><\/a>\n                        <\/figure>\n                    <\/div>\n                                                    <div class=\"article article-area\">\n                        <figure>\n                            <div class=\"img-wrap\">\n                                <img alt=\"\u00bfEs ilegal la gesti\u00f3n de rese\u00f1as de Google? Explicaci\u00f3n de la relaci\u00f3n con la Ley de Indicaci\u00f3n de Premios y sus sanciones.\" src=\"https:\/\/monolith.law\/es\/wp-content\/uploads\/sites\/9\/2025\/08\/18d044df35c4f42bb7e1507848a5e228.webp\" width=\"500\" height=\"250\">\n                            <\/div>\n                            <figcaption>\n                                <div class=\"figcaption-inner\">\n                                    <h3>\u00bfEs ilegal la gesti\u00f3n de rese\u00f1as de Google? Explicaci\u00f3n de la relaci\u00f3n con la Le.<\/h3>\n                                <\/div>\n                            <\/figcaption>\n                            <a href=\"https:\/\/monolith.law\/es\/it\/google-review-agency\"><\/a>\n                        <\/figure>\n                    <\/div>\n                                                    <div class=\"article article-area\">\n                        <figure>\n                            <div class=\"img-wrap\">\n                                <img alt=\"Un abogado explica c\u00f3mo redactar los t\u00e9rminos de uso de servicios web, etc. (Primera parte)\" src=\"https:\/\/monolith.law\/es\/wp-content\/uploads\/sites\/9\/2024\/03\/ebdb2f6e26807e639f7e0ed33984d7bc-1024x683.jpg\" width=\"500\" height=\"250\">\n                            <\/div>\n                            <figcaption>\n                                <div class=\"figcaption-inner\">\n                                    <h3>Un abogado explica c\u00f3mo redactar los t\u00e9rminos de uso de servicios web, etc. (Pri.<\/h3>\n                                <\/div>\n                            <\/figcaption>\n                            <a href=\"https:\/\/monolith.law\/es\/it\/points-of-user-policy-firsthalf\"><\/a>\n                        <\/figure>\n                    <\/div>\n                                            <\/div>\n            <div class=\"btn-more\"><a href=\"https:\/\/monolith.law\/es\/tag\/terms-of-use\">Read More<\/a><\/div>\n        <\/div>\n    <\/section>\n\t<\/div>\n<\/section>\n\n<section class=\"orange2-section\">\n\t<div class=\"anchor\" id=\"fee-structure\"><\/div>\n\t<div class=\"section-inner\">\n\t<div class=\"planWrap\">\n\t<h3>Estructura de<br>Honorarios<\/h3>\n\t<ul class=\"plan\">\n\t\t<li class=\"txt-left\">\n\t\t\t<div class=\"plan-inner\">\n\t\t\t<div class=\"plan-header\">\n\t\t\t<h4 class=\"plan-title\">Tarifa por Hora<\/h4>\n\t\t\t<div class=\"plan-price\"><span class=\"price-figure\">$300<\/span> por hora <span class=\"price-tax\"><\/span><\/div>\n\t\t\t<\/div>\n\t\t\t<div class=\"plan-body\">En ciertas circunstancias, podr\u00edamos considerar aceptar un litigio o demanda con una tarifa inicial y una tarifa de contingencia. Para obtener m\u00e1s detalles, no dude en ponerse en contacto con nosotros.<\/div>\n\t\t\t<\/div>\n\t\t<\/li>\n\t\t<li class=\"txt-left\">\n\t\t\t<div class=\"plan-inner\">\n\t\t\t<div class=\"plan-header\">\n\t\t\t<h4 class=\"plan-title\">Redacci\u00f3n de Contratos<\/h4>\n\t\t\t<div class=\"plan-price\"><span class=\"price-value\">desde<\/span><span class=\"price-figure\">$500<\/span><span class=\"price-value\">hasta $2,000 o m\u00e1s<\/span><span class=\"price-tax\"><\/span><\/div>\n\t\t\t<\/div>\n\t\t\t<div class=\"plan-body\">La estructura de precios puede variar en funci\u00f3n del tipo y la cantidad de contratos. Estamos encantados de ofrecer un presupuesto preliminar al realizar la consulta, por lo que le animamos a que se comunique con nosotros para obtener m\u00e1s detalles.<\/div>\n\t\t\t<\/div>\n\t\t<\/li>\n\t\t<li class=\"txt-left\">\n\t\t\t<div class=\"plan-inner\">\n\t\t\t<div class=\"plan-header\">\n\t\t\t<h4 class=\"plan-title\">Otros Servicios<\/h4>\n\t\t\t<div class=\"plan-price\"><span class=\"price-figure\">Cont\u00e1ctenos<\/span><\/div>\n\t\t\t<\/div>\n\t\t\t<div class=\"plan-body\">Ofrecemos una amplia gama de servicios que incluyen la formaci\u00f3n de empresas, revisi\u00f3n de contratos, opiniones legales, revisi\u00f3n de casos o cartas de investigaci\u00f3n. Si tiene alguna consulta o preocupaci\u00f3n, le invitamos cordialmente a contactarnos y nuestro equipo experto estar\u00e1 encantado de asistirle.<\/div>\n\t\t\t<\/div>\n\t\t\t<\/div>\n\t\t<\/li>\n\t<\/ul>\n\t<\/div>\n\t<\/div>\n<\/section>\n\n<section class=\"white-section\">\n\t<div class=\"section-inner\">\n\t\t<div class=\"btn-area\">\n\t\t\t<div class=\"btn icon-contact\"><a href=\"\/es\/contact\">Cont\u00e1ctenos<\/a><\/div>\n\t\t<\/div>\n\t<\/div>\n<\/section>\n","protected":false},"excerpt":{"rendered":"<p>T\u00e9rminos de Uso En MONOLITH LAW OFFICE nos encargamos de la creaci\u00f3n y revisi\u00f3n de t\u00e9rminos de uso y pol\u00edticas de privacidad para diversas aplicaciones, servicios y juegos en Jap\u00f3n. Adem\u00e1s, podemos an [&hellip;]<\/p>\n","protected":false},"author":1,"featured_media":32242,"parent":0,"menu_order":7,"comment_status":"closed","ping_status":"closed","template":"other-page-temp.php","meta":{"footnotes":""},"acf":[],"_links":{"self":[{"href":"https:\/\/monolith.law\/es\/wp-json\/wp\/v2\/pages\/32193"}],"collection":[{"href":"https:\/\/monolith.law\/es\/wp-json\/wp\/v2\/pages"}],"about":[{"href":"https:\/\/monolith.law\/es\/wp-json\/wp\/v2\/types\/page"}],"author":[{"embeddable":true,"href":"https:\/\/monolith.law\/es\/wp-json\/wp\/v2\/users\/1"}],"replies":[{"embeddable":true,"href":"https:\/\/monolith.law\/es\/wp-json\/wp\/v2\/comments?post=32193"}],"version-history":[{"count":14,"href":"https:\/\/monolith.law\/es\/wp-json\/wp\/v2\/pages\/32193\/revisions"}],"predecessor-version":[{"id":70826,"href":"https:\/\/monolith.law\/es\/wp-json\/wp\/v2\/pages\/32193\/revisions\/70826"}],"wp:featuredmedia":[{"embeddable":true,"href":"https:\/\/monolith.law\/es\/wp-json\/"}],"wp:attachment":[{"href":"https:\/\/monolith.law\/es\/wp-json\/wp\/v2\/media?parent=32193"}],"curies":[{"name":"wp","href":"https:\/\/api.w.org\/{rel}","templated":true}]}}