{"id":32253,"date":"2024-12-22T21:20:39","date_gmt":"2024-12-22T12:20:39","guid":{"rendered":"https:\/\/monolith.law\/?page_id=32253"},"modified":"2025-08-19T19:41:52","modified_gmt":"2025-08-19T10:41:52","slug":"system-development","status":"publish","type":"page","link":"https:\/\/monolith.law\/es\/system-development","title":{"rendered":"Desarrollo de Sistemas"},"content":{"rendered":"\n<section class=\"heading-area\">\n\t<div class=\"heading-area-inner\">\n\t\t<h2 class=\"icon-system-development\">Desarrollo de Sistemas<\/h2>\n\t\t<p>El desarrollo de sistemas altamente especializados a menudo conlleva problemas complejos y negociaciones contractuales dif\u00edciles. Estamos preparados para apoyar a su empresa, utilizando nuestro conocimiento no solo como expertos legales, sino tambi\u00e9n como expertos en IT, para determinar lo que es esencial para la compa\u00f1\u00eda.<\/p>\n\t<\/div>\n<\/section>\n\n<section class=\"white-section\">\n\t<div class=\"section-inner pdt0 border-bottom-section\">\n\t\t<p>Somos un bufete de abogados dirigido por Toki Kawase, un abogado que fue ingeniero de IT. Nos encargamos de todo, desde la redacci\u00f3n, revisi\u00f3n y negociaci\u00f3n de contratos para el desarrollo de sistemas altamente especializados hasta la resoluci\u00f3n de disputas cuando surgen. Tambi\u00e9n redactamos contratos desde cero bas\u00e1ndonos en materiales existentes, como documentos de propuestas, y con un m\u00ednimo de reuniones.<\/p>\n\t<\/div>\n<\/section>\n\n<section class=\"second-nav\">\n\t<div class=\"second-nav-inner\">\n\t\t<p>TEMAS<\/p>\n\t\t<nav>\n\t\t\t<ul>\n\t\t\t\t<li><a href=\"#contract-drafting-in-system-development\">Redacci\u00f3n de Contratos en Desarrollo de Sistemas<\/a><\/li>\n\t\t\t\t<li><a href=\"#dispute-resolution-in-system-development\">Resoluci\u00f3n de Disputas en Desarrollo de Sistemas<\/a><\/li>\n\t\t\t\t<li><a href=\"#drafting-with-minimal-operating-time\">Redacci\u00f3n con Tiempo Operativo M\u00ednimo<\/a><\/li>\n\t\t\t\t<li><a href=\"#examples-of-support-provided-by-our-firm\">Ejemplos de Soporte Proporcionado por Nuestra Firma<\/a><\/li>\n\t\t\t\t<li><a href=\"#publication-achievements-systems-development-legal\">Logros en Publicaciones<\/a><\/li>\n\t\t\t\t<li><a href=\"#crypto-assets-and-blockchain\">Criptoactivos y Blockchain<\/a><\/li>\n\t\t\t\t<li><a href=\"#manda\">M&amp;A<\/a><\/li>\n\t\t\t\t<li><a href=\"#monolith-law-magazine\">MONOLITH LAW MAGAZINE<\/a><\/li>\n\t\t\t\t<li><a href=\"#fee-structure\">Estructura de\nHonorarios<\/a><\/li>\n\t\t\t<\/ul>\n\t\t<\/nav>\n\t<\/div>\n<\/section>\n\n<section class=\"white-section mgt-section mgb-section80\">\n\t<div class=\"anchor\" id=\"contract-drafting-in-system-development\"><\/div>\n\t<div class=\"section-inner-black\">\n\t\t<h3>Redacci\u00f3n de Contratos en Desarrollo de Sistemas<\/h3>\n\t\t<p class=\"mgb-small\">En el caso del desarrollo de sistemas, aunque se pueden proporcionar cl\u00e1usulas abstractas como la responsabilidad en caso de incumplimiento contractual, el contrato solo dice &#8220;por acuerdo separado&#8221;. En otras palabras, las circunstancias espec\u00edficas del sistema o del proyecto no se mencionan directamente. Como resultado, a menudo es incierto cu\u00e1l ser\u00e1 el resultado en caso de una disputa real.<\/p>\n\t\t<p class=\"mgb-middle\">Nuestra firma considera que no solo la redacci\u00f3n de contratos, sino tambi\u00e9n una comprensi\u00f3n profunda del desarrollo de sistemas relacionados es una parte importante de nuestro trabajo.<\/p>\n\n\t<\/div>\n<\/section>\n\n<section class=\"purple-section\">\n\t<div class=\"anchor\" id=\"dispute-resolution-in-system-development\"><\/div>\n\t<div class=\"section-inner\">\n\t\t<div class=\"flex\">\n\t\t\t<div class=\"width41\"><img decoding=\"async\" src=\"\/wp-content\/themes\/monolith2021\/img\/systemdevelopment\/systemdevelopment_pic1.jpg\" alt=\" Resoluci\u00f3n de Disputas en Desarrollo de Sistemas\"><\/div>\n\t\t\t<div class=\"width51\">\n\t\t\t\t<h3> Resoluci\u00f3n de Disputas en Desarrollo de Sistemas<\/h3>\n\t\t\t\t<p class=\"mgb-small\">Cuando surge una disputa, nos hacemos responsables de las reclamaciones extrajudiciales por da\u00f1os, as\u00ed como de las medidas cautelares y los juicios.<\/p>\n\t\t\t\t<p>Sin embargo, es preferible que nunca surjan disputas, y aunque exista la oportunidad para una disputa, es mejor que no llegue a juicio. Esta es nuestra visi\u00f3n y postura b\u00e1sica, y proporcionamos servicios legales diarios a nuestros clientes corporativos bas\u00e1ndonos en este principio.<\/p>\n\t\t\t<\/div>\n\t\t<\/div>\n\t<\/div>\n<\/section>\n\n<section class=\"white-section\">\n\t<div class=\"anchor\" id=\"drafting-with-minimal-operating-time\"><\/div>\n\t<div class=\"section-inner\">\n\t\t<div class=\"flex reverse\">\n\t\t\t<div class=\"width41\"><img decoding=\"async\" src=\"\/wp-content\/themes\/monolith2021\/img\/pic\/pic_draft.jpg\" alt=\"Redacci\u00f3n con Tiempo M\u00ednimo de Operaci\u00f3n\"><\/div>\n\t\t\t<div class=\"width51\">\n\t\t\t\t<h3>Redacci\u00f3n con Tiempo Operativo M\u00ednimo<\/h3>\n\t\t\t\t<p class=\"mgb-small\">Nuestro abogado fundador es un ex ingeniero de IT. Adem\u00e1s, en nuestro equipo contamos no solo con abogados, sino tambi\u00e9n con ingenieros de IT en activo y un equipo de consultores de IT.<\/p>\n\t\t\t\t<p class=\"mgb-small\">Para redactar un contrato de desarrollo de sistemas y dise\u00f1ar un esquema como base para dicho contrato, es esencial comprender el panorama del sistema relevante. Podemos analizar diversos documentos y datos ya existentes en su empresa, como definiciones de requisitos y materiales de ventas para potenciales clientes relacionados con el desarrollo del sistema en cuesti\u00f3n, desde nuestro lado.<\/p>\n\t\t\t\t<p>Por lo tanto, podemos preparar borradores de contratos y otros documentos con un m\u00ednimo de tiempo invertido en reuniones, reduciendo efectivamente los costos de comunicaci\u00f3n y el tiempo necesario para la preparaci\u00f3n.<\/p>\n\t\t\t<\/div>\n\t\t<\/div>\n\t<\/div>\n<\/section>\n\n<section class=\"orange-section\">\n\t<div class=\"anchor\" id=\"examples-of-support-provided-by-our-firm\"><\/div>\n\t<div class=\"section-inner\">\n\t\t<h3 class=\"mgb-middle\">Ejemplos de Soporte Proporcionado por MONOLITH LAW OFFICE<\/h3>\n\t\t<ul class=\"layout-column4\">\n\t\t\t<li>\n\t\t\t\t<div><img decoding=\"async\" src=\"\/wp-content\/themes\/monolith2021\/img\/systemdevelopment\/systemdevelopment_support_pic1.jpg\"><\/div>\n\t\t\t\t<h4>Proveedores de IT<\/h4>\n\t\t\t\t<p>Proporcionamos una variedad de servicios para empresas que ofrecen servicios de desarrollo de sistemas, desde la redacci\u00f3n de contratos relacionados con el desarrollo de sistemas hasta la resoluci\u00f3n de disputas, en forma de asesoramiento legal y otros servicios legales. Tambi\u00e9n manejamos \u00e1reas de vanguardia como asuntos relacionados con la tecnolog\u00eda blockchain.<\/p>\n\t\t\t<\/li>\n\t\t\t<li>\n\t\t\t\t<div><img decoding=\"async\" src=\"\/wp-content\/themes\/monolith2021\/img\/systemdevelopment\/systemdevelopment_support_pic2.jpg\"><\/div>\n\t\t\t\t<h4>Empresas Comerciales<\/h4>\n\t\t\t\t<p>Proporcionamos una variedad de servicios a empresas que encargan trabajos de desarrollo de sistemas. En particular, para nuevos negocios de empresas que no se especializan en IT, podemos ofrecer apoyo integral, incluyendo el dise\u00f1o del sistema para todo el negocio, incluido el seguimiento posterior a la entrega.<\/p>\n\t\t\t<\/li>\n\t\t\t<li>\n\t\t\t\t<div><img decoding=\"async\" src=\"\/wp-content\/themes\/monolith2021\/img\/systemdevelopment\/systemdevelopment_support_pic3.jpg\"><\/div>\n\t\t\t\t<h4>Servicios de Ingenier\u00eda de Sistemas (SES)<\/h4>\n\t\t\t\t<p>MONOLITH LAW OFFICE ofrece servicios legales a muchas empresas de Servicios de Ingenier\u00eda de Sistemas (SES). Nos dedicamos a la redacci\u00f3n de contratos relacionados con SES, la resoluci\u00f3n de disputas extrajudiciales sobre problemas espec\u00edficos y la gesti\u00f3n de litigios.<\/p>\n\t\t\t<\/li>\n\t\t\t<li>\n\t\t\t\t<div><img decoding=\"async\" src=\"\/wp-content\/themes\/monolith2021\/img\/systemdevelopment\/systemdevelopment_support_pic4.jpg\"><\/div>\n\t\t\t\t<h4>Software de C\u00f3digo Abierto (OSS)<\/h4>\n\t\t\t\t<p>Hemos proporcionado con \u00e9xito dise\u00f1o profesional y supervisi\u00f3n de documentaci\u00f3n de usuario para empresas que ofrecen tanto licencias de c\u00f3digo abierto como GPL, as\u00ed como licencias comerciales.<\/p>\n\t\t\t<\/li>\n\t\t<\/ul>\n\t<\/div>\n<\/section>\n\n<section class=\"white-section\">\n\t<div class=\"anchor\" id=\"publication-achievements-systems-development-legal\"><\/div>\n\t<div class=\"section-inner\">\n\t\t<div class=\"flex reverse\">\n\t\t\t<div class=\"width41\"><img decoding=\"async\" src=\"\/wp-content\/themes\/monolith2021\/img\/pic\/pic_publishing.jpg\" alt=\"Publicaci\u00f3n de Libros sobre Asuntos Legales Relacionados con el Desarrollo de Sistemas\"><\/div>\n\t\t\t<div class=\"width51\">\n\t\t\t\t<h3>Publicaci\u00f3n de Libros sobre Asuntos Legales Relacionados con el Desarrollo de Sistemas<\/h3>\n\t\t\t\t<p class=\"mgb-small\">Como un bufete de abogados especializado en el desarrollo de sistemas para servicios web, aplicaciones y juegos, hemos publicado el libro &#8220;Preguntas y Respuestas Legales para Ingenieros de IT&#8221;. En el libro, un ex ingeniero que ahora es abogado explica conocimientos legales principalmente para ingenieros de IT.<\/p>\n\t\t\t\t<p>El libro est\u00e1 compuesto por los cap\u00edtulos Trampas del Derecho de Autor, Trampas de los Contratos de Desarrollo, Trampas de las Relaciones Laborales, Puntos de Control de los Contratos, proporciona explicaciones legales de puntos espec\u00edficos que pueden ser problem\u00e1ticos en situaciones reales de desarrollo de sistemas.<\/p>\n\t\t\t<\/div>\n\t\t<\/div>\n\t<\/div>\n<\/section>\n\n<section class=\"purple-section\">\n\t<div class=\"anchor\" id=\"crypto-assets-and-blockchain\"><\/div>\n\t<div class=\"section-inner\">\n\t\t<div class=\"flex\">\n\t\t\t<div class=\"width41\"><img decoding=\"async\" src=\"\/wp-content\/uploads\/2022\/07\/shutterstock_1151380622_2.png\" alt=\"Activos Criptogr\u00e1ficos y Blockchain\"><\/div>\n\t\t\t<div class=\"width51\">\n\t\t\t\t<h3>Criptoactivos y Blockchain<\/h3>\n\t\t\t\t<p>Blockchain es una base de datos descentralizada, con bajo riesgo de p\u00e9rdida de registros y dif\u00edcil de alterar registros pasados. Se logra a trav\u00e9s de t\u00e9cnicas de IT, como algoritmos de consenso, criptograf\u00eda y redes P2P. MONOLITH LAW OFFICE ha estado involucrado en el trabajo legal de criptoactivos y blockchain desde su apertura en 2017.<\/p>\n\t\t\t<\/div>\n\t\t<\/div>\n\t<\/div>\n<\/section>\n\n<section class=\"white-section mgt-section mgb-section\">\n\t<div class=\"anchor\" id=\"manda\"><\/div>\n\t<div class=\"section-inner-black\">\n\t\t<h3>M&amp;A<\/h3>\n\t\t<p class=\"mgb-middle\">Tenemos una amplia experiencia en M&amp;A que involucra sistemas de IT, incluyendo transferencias de negocios y adquisiciones de aplicaciones y servicios web.<\/p>\n\t<\/div>\n<\/section>\n\n<section class=\"purple2-section\">\n\t<div class=\"anchor\" id=\"monolith-law-magazine\"><\/div>\n\t<div class=\"section-inner\">\n\t\t    <section class=\"white-section temp-article\">\n        <div class=\"section-inner\">\n            <h4>MONOLITH LAW MAGAZINE<\/h4>\n            <div class=\"articles type_practice_column\">\n                                                                    <div class=\"article article-area\">\n                        <figure>\n                            <div class=\"img-wrap\">\n                                <img alt=\"\u00bfHasta d\u00f3nde llega la responsabilidad de los proveedores en las entregas que incluyen OSS? Explicaci\u00f3n de la responsabilidad civil y medidas por tipo de contrato\" src=\"https:\/\/monolith.law\/es\/wp-content\/uploads\/sites\/9\/2025\/08\/a3e2bebbbd18ab9195487c8b62e3ba94.webp\" width=\"500\" height=\"250\">\n                            <\/div>\n                            <figcaption>\n                                <div class=\"figcaption-inner\">\n                                    <h3>\u00bfHasta d\u00f3nde llega la responsabilidad de los proveedores en las entregas que inc.<\/h3>\n                                <\/div>\n                            <\/figcaption>\n                            <a href=\"https:\/\/monolith.law\/es\/it\/oss-contract\"><\/a>\n                        <\/figure>\n                    <\/div>\n                                                    <div class=\"article article-area\">\n                        <figure>\n                            <div class=\"img-wrap\">\n                                <img alt=\"Explicaci\u00f3n de las 8 leyes problem\u00e1ticas en el desarrollo de software utilizando software de c\u00f3digo abierto (OSS)\" src=\"https:\/\/monolith.law\/es\/wp-content\/uploads\/sites\/9\/2025\/08\/2e3dcd72416c364f481cdcf21967a2a8.webp\" width=\"500\" height=\"250\">\n                            <\/div>\n                            <figcaption>\n                                <div class=\"figcaption-inner\">\n                                    <h3>Explicaci\u00f3n de las 8 leyes problem\u00e1ticas en el desarrollo de software utilizando.<\/h3>\n                                <\/div>\n                            <\/figcaption>\n                            <a href=\"https:\/\/monolith.law\/es\/it\/oss-law\"><\/a>\n                        <\/figure>\n                    <\/div>\n                                                    <div class=\"article article-area\">\n                        <figure>\n                            <div class=\"img-wrap\">\n                                <img alt=\"Puntos clave a tener en cuenta al utilizar OSS en contratos de desarrollo de software por encargo\" src=\"https:\/\/monolith.law\/es\/wp-content\/uploads\/sites\/9\/2025\/08\/9132dea58501d53c6b72439e72a5a1e0.webp\" width=\"500\" height=\"250\">\n                            <\/div>\n                            <figcaption>\n                                <div class=\"figcaption-inner\">\n                                    <h3>Puntos clave a tener en cuenta al utilizar OSS en contratos de desarrollo de sof.<\/h3>\n                                <\/div>\n                            <\/figcaption>\n                            <a href=\"https:\/\/monolith.law\/es\/it\/oss-development-contract\"><\/a>\n                        <\/figure>\n                    <\/div>\n                                            <\/div>\n            <div class=\"btn-more\"><a href=\"https:\/\/monolith.law\/es\/tag\/system-development\">Read More<\/a><\/div>\n        <\/div>\n    <\/section>\n\t<\/div>\n<\/section>\n\n<section class=\"orange2-section\">\n\t<div class=\"anchor\" id=\"fee-structure\"><\/div>\n\t<div class=\"section-inner\">\n\t<div class=\"planWrap\">\n\t<h3>Estructura de<br>Honorarios<\/h3>\n\t<ul class=\"plan\">\n\t\t<li class=\"txt-left\">\n\t\t\t<div class=\"plan-inner\">\n\t\t\t<div class=\"plan-header\">\n\t\t\t<h4 class=\"plan-title\">Tarifa por Hora<\/h4>\n\t\t\t<div class=\"plan-price\"><span class=\"price-figure\">$300<\/span> por hora <span class=\"price-tax\"><\/span><\/div>\n\t\t\t<\/div>\n\t\t\t<div class=\"plan-body\">En ciertas circunstancias, podr\u00edamos considerar aceptar un litigio o demanda con una tarifa inicial y una tarifa de contingencia. Para obtener m\u00e1s detalles, no dude en ponerse en contacto con nosotros.<\/div>\n\t\t\t<\/div>\n\t\t<\/li>\n\t\t<li class=\"txt-left\">\n\t\t\t<div class=\"plan-inner\">\n\t\t\t<div class=\"plan-header\">\n\t\t\t<h4 class=\"plan-title\">Redacci\u00f3n de Contratos<\/h4>\n\t\t\t<div class=\"plan-price\"><span class=\"price-value\">desde<\/span><span class=\"price-figure\">$500<\/span><span class=\"price-value\">hasta $2,000 o m\u00e1s<\/span><span class=\"price-tax\"><\/span><\/div>\n\t\t\t<\/div>\n\t\t\t<div class=\"plan-body\">La estructura de precios puede variar en funci\u00f3n del tipo y la cantidad de contratos. Estamos encantados de ofrecer un presupuesto preliminar al realizar la consulta, por lo que le animamos a que se comunique con nosotros para obtener m\u00e1s detalles.<\/div>\n\t\t\t<\/div>\n\t\t<\/li>\n\t\t<li class=\"txt-left\">\n\t\t\t<div class=\"plan-inner\">\n\t\t\t<div class=\"plan-header\">\n\t\t\t<h4 class=\"plan-title\">Otros Servicios<\/h4>\n\t\t\t<div class=\"plan-price\"><span class=\"price-figure\">Cont\u00e1ctenos<\/span><\/div>\n\t\t\t<\/div>\n\t\t\t<div class=\"plan-body\">Ofrecemos una amplia gama de servicios que incluyen la formaci\u00f3n de empresas, revisi\u00f3n de contratos, opiniones legales, revisi\u00f3n de casos o cartas de investigaci\u00f3n. Si tiene alguna consulta o preocupaci\u00f3n, le invitamos cordialmente a ponerse en contacto con nosotros y nuestro equipo experto estar\u00e1 encantado de asistirle.<\/div>\n\t\t\t<\/div>\n\t\t\t<\/div>\n\t\t<\/li>\n\t<\/ul>\n\t<\/div>\n\t<\/div>\n<\/section>\n\n<section class=\"white-section\">\n\t<div class=\"section-inner\">\n\t\t<div class=\"btn-area\">\n\t\t\t<div class=\"btn icon-contact\"><a href=\"\/es\/contact\">Cont\u00e1ctenos<\/a><\/div>\n\t\t<\/div>\n\t<\/div>\n<\/section>\n","protected":false},"excerpt":{"rendered":"<p>Desarrollo de Sistemas El desarrollo de sistemas altamente especializados a menudo conlleva problemas complejos y negociaciones contractuales dif\u00edciles. Estamos preparados para apoyar a su empresa, ut [&hellip;]<\/p>\n","protected":false},"author":1,"featured_media":32269,"parent":0,"menu_order":7,"comment_status":"closed","ping_status":"closed","template":"other-page-temp.php","meta":{"footnotes":""},"acf":[],"_links":{"self":[{"href":"https:\/\/monolith.law\/es\/wp-json\/wp\/v2\/pages\/32253"}],"collection":[{"href":"https:\/\/monolith.law\/es\/wp-json\/wp\/v2\/pages"}],"about":[{"href":"https:\/\/monolith.law\/es\/wp-json\/wp\/v2\/types\/page"}],"author":[{"embeddable":true,"href":"https:\/\/monolith.law\/es\/wp-json\/wp\/v2\/users\/1"}],"replies":[{"embeddable":true,"href":"https:\/\/monolith.law\/es\/wp-json\/wp\/v2\/comments?post=32253"}],"version-history":[{"count":19,"href":"https:\/\/monolith.law\/es\/wp-json\/wp\/v2\/pages\/32253\/revisions"}],"predecessor-version":[{"id":70824,"href":"https:\/\/monolith.law\/es\/wp-json\/wp\/v2\/pages\/32253\/revisions\/70824"}],"wp:featuredmedia":[{"embeddable":true,"href":"https:\/\/monolith.law\/es\/wp-json\/"}],"wp:attachment":[{"href":"https:\/\/monolith.law\/es\/wp-json\/wp\/v2\/media?parent=32253"}],"curies":[{"name":"wp","href":"https:\/\/api.w.org\/{rel}","templated":true}]}}