{"id":32408,"date":"2024-12-23T20:12:29","date_gmt":"2024-12-23T11:12:29","guid":{"rendered":"https:\/\/monolith.law\/?page_id=32408"},"modified":"2025-08-19T19:41:20","modified_gmt":"2025-08-19T10:41:20","slug":"m-and-a","status":"publish","type":"page","link":"https:\/\/monolith.law\/es\/m-and-a","title":{"rendered":"M&amp;A"},"content":{"rendered":"\n<section class=\"heading-area\">\n\t<div class=\"heading-area-inner\">\n\t\t<h2 class=\"icon-m-and-a\">M&amp;A<\/h2>\n\t\t<p>En MONOLITH LAW OFFICE hemos gestionado numerosos asuntos legales relacionados con el capital y M&amp;A centrados en IT, incluyendo aplicaciones y servicios web. Somos capaces de manejar la diligencia debida legal (DD) en adquisiciones corporativas y otras situaciones.<\/p>\n\t<\/div>\n<\/section>\n\n<section class=\"white-section\">\n\t<div class=\"section-inner pdt0 border-bottom-section\">\n\t\t<p>MONOLITH LAW OFFICE ha gestionado numerosas transacciones de M&amp;A, incluyendo transferencias de negocios, asuntos legales relacionados con el capital como la asignaci\u00f3n de acciones a terceros, emisi\u00f3n de opciones sobre acciones, adquisiciones por parte de la direcci\u00f3n (MBO) y establecimiento de empresas conjuntas (JVs), as\u00ed como la resoluci\u00f3n de disputas relacionadas con estas transacciones, principalmente en el campo de IT, incluyendo aplicaciones y servicios web. Adem\u00e1s, contamos con un sistema para manejar la llamada diligencia debida legal (DD), que es una investigaci\u00f3n legal para confirmar si existen o no problemas legales particularmente graves en situaciones como adquisiciones corporativas.<\/p>\n\t<\/div>\n<\/section>\n\n<section class=\"second-nav\">\n\t<div class=\"second-nav-inner\">\n\t\t<p>TEMAS<\/p>\n\t\t<nav>\n\t\t\t<ul>\n\t\t\t\t<li><a href=\"#examples-of-support-provided-by-our-firm\">Ejemplos de Asistencia Proporcionada por Nuestra Firma<\/a><\/li>\n\t\t\t\t<li><a href=\"#share-and-capital-increase\">Aumento de Capital y Acciones<\/a><\/li>\n\t\t\t\t<li><a href=\"#ma-related-legal-affairs\">Asuntos Legales Relacionados con M&amp;A<\/a><\/li>\n\t\t\t\t<li><a href=\"#ma-of-sns-such-as-youtube\">M&amp;A de Redes Sociales como YouTube<\/a><\/li>\n\t\t\t\t<li><a href=\"#one-stop-service-in-cooperation-with-judicial-scriveners\">Servicio Integral en Cooperaci\u00f3n con Escribanos Judiciales<\/a><\/li>\n\t\t\t\t<li><a href=\"#legal-due-diligence-dd-support\">Casos de Diligencia Debida Legal que Hemos Gestionado<\/a><\/li>\n\t\t\t\t<li><a href=\"#disputes-related-to-stocks-and-investments\">Disputas Relacionadas con<\/a><\/li>\n\t\t\t\t<li><a href=\"#monolith-law-magazine\">MONOLITH LAW MAGAZINE<\/a><\/li>\n\t\t\t\t<li><a href=\"#fee-structure\">Estructura de Honorarios<\/a><\/li>\n\t\t\t<\/ul>\n\t\t<\/nav>\n\t<\/div>\n<\/section>\n\n<section class=\"white-section\">\n\t<div class=\"anchor\" id=\"examples-of-support-provided-by-our-firm\"><\/div>\n\t<div class=\"section-inner-bottomhalf\">\n\t\t<h3 class=\"mgb-middle\">Ejemplos de Asistencia Proporcionada por MONOLITH LAW OFFICE<\/h3>\n\t\t<ul class=\"mgb-small layout-column4\">\n\t\t\t<li>\n\t\t\t\t<h4>Aumento de capital a trav\u00e9s de asignaci\u00f3n de acciones a terceros<\/h4>\n\t\t\t\t<div><img decoding=\"async\" src=\"\/wp-content\/themes\/monolith2021\/img\/stockrelatedlaw\/stockrelatedlaw_support_pic1.jpg\"><\/div>\n\t\t\t\t<p>Hemos asistido a numerosas empresas emergentes en la captaci\u00f3n de capital a trav\u00e9s de la asignaci\u00f3n de acciones a terceros. Tambi\u00e9n hemos asistido a una empresa cotizada en su primera inversi\u00f3n de capital de riesgo, redactando un term sheet y un acuerdo de inversi\u00f3n.<\/p>\n\t\t\t<\/li>\n\t\t\t<li>\n\t\t\t\t<h4>Compra por parte de la Direcci\u00f3n (MBO)<\/h4>\n\t\t\t\t<div><img decoding=\"async\" src=\"\/wp-content\/themes\/monolith2021\/img\/stockrelatedlaw\/stockrelatedlaw_support_pic2.jpg\"><\/div>\n\t\t\t\t<p>Hemos colaborado con empresas de capital riesgo que enfrentaban problemas de relaci\u00f3n de capital para desarrollar estrategias y redactar diversos acuerdos para compras por parte de la direcci\u00f3n (MBOs), tales como la recaudaci\u00f3n de fondos, la creaci\u00f3n de una nueva entidad legal que act\u00fae como veh\u00edculo y permitir que esta nueva entidad adquiera acciones de los accionistas existentes.<\/p>\n\t\t\t<\/li>\n\t\t\t<li>\n\t\t\t\t<h4>Establecimiento de Empresas Conjuntas (Joint Ventures)<\/h4>\n\t\t\t\t<div><img decoding=\"async\" src=\"\/wp-content\/themes\/monolith2021\/img\/stockrelatedlaw\/stockrelatedlaw_support_pic3.jpg\"><\/div>\n\t\t\t\t<p>Hemos trabajado con empresas emergentes en el establecimiento de empresas conjuntas (JVs), en las que una empresa emergente y una gran empresa mantienen acciones en la misma compa\u00f1\u00eda, redactando hojas de t\u00e9rminos, negociando contratos y transfiriendo el negocio de la empresa emergente a la compa\u00f1\u00eda reci\u00e9n establecida.<\/p>\n\t\t\t\t<\/li>\n\t\t\t<li>\n\t\t\t\t<h4>Litigios relacionados con acciones<\/h4>\n\t\t\t\t<div><img decoding=\"async\" src=\"\/wp-content\/themes\/monolith2021\/img\/stockrelatedlaw\/stockrelatedlaw_support_pic4.jpg\"><\/div>\n\t\t\t\t<p>Hemos manejado casos en los que una empresa emergente recibi\u00f3 inversi\u00f3n de un inversor privado y posteriormente se disput\u00f3 la validez del contrato de inversi\u00f3n, y casos en los que al fundador de una empresa exitosa tras un buyout se le reclam\u00f3 haber incumplido sus obligaciones y recibi\u00f3 una demanda de da\u00f1os por parte de la empresa a la que hab\u00eda vendido las acciones, desde negociaciones extrajudiciales hasta litigios.<\/p>\n\t\t\t<\/li>\n\t\t<\/ul>\n\t<\/div>\n<\/section>\n\n<section class=\"white-section\">\n\t<div class=\"section-inner-tophalf\">\n\t\t<div class=\"frame2 max-width860 txt-center-pc\">\n\t\t\t<p class=\"bold txt-l\">Hemos servido como asesores legales para numerosas empresas emergentes de IT.<br>El trabajo legal relacionado con acciones y fusiones y adquisiciones (M&amp;A) es una de nuestras principales \u00e1reas de pr\u00e1ctica.<\/p>\n\t\t<\/div>\n\t<\/div>\n<\/section>\n\n<section class=\"white-section mgb-section80\">\n\t<div class=\"anchor\" id=\"share-and-capital-increase\"><\/div>\n\t<div class=\"section-inner-black\">\n\t\t<h3>Aumento de Capital y Acciones<\/h3>\n\t\t<p class=\"mgb-middle\">En lo que respecta a la emisi\u00f3n de acciones a trav\u00e9s de la asignaci\u00f3n a terceros, nos encargamos de todo, desde la preparaci\u00f3n de hojas de t\u00e9rminos hasta la redacci\u00f3n de acuerdos de inversi\u00f3n y acuerdos de accionistas. Tambi\u00e9n manejamos el dise\u00f1o de acciones de clase que estipulan una distribuci\u00f3n preferente, etc., la emisi\u00f3n de derechos de adquisici\u00f3n de acciones, acuerdos de fundador a fundador, transferencia de acciones y diversas otras estrategias y contratos relacionados con el capital, etc.<\/p>\n\n\n\n\t<\/div>\n<\/section>\n\n<section class=\"white-section mgb-section100\">\n\t<div class=\"anchor\" id=\"ma-related-legal-affairs\"><\/div>\n\t<div class=\"section-inner-black\">\n\t\t<h3>Asuntos Legales Relacionados con M&amp;A<\/h3>\n\t\t<p class=\"mgb-middle\">Tenemos una amplia experiencia en transacciones de M&amp;A en el sentido amplio del t\u00e9rmino, principalmente en el campo de IT, incluyendo transferencias de negocios de servicios web y aplicaciones, y adquisiciones de empresas de venture. Tambi\u00e9n hemos actuado como cliente para una empresa listada en el primer segmento de la Bolsa de Valores de Tokio en la transferencia de su negocio de sistemas de IT de una empresa de venture.<\/p>\n\n\n\n\t<\/div>\n<\/section>\n\n<section class=\"purple-section\">\n\t<div class=\"anchor\" id=\"ma-of-sns-such-as-youtube\"><\/div>\n\t<div class=\"section-inner\">\n\t\t<div class=\"flex reverse\">\n\t\t\t<div class=\"width41\"><img decoding=\"async\" src=\"\/wp-content\/themes\/monolith2021\/img\/pic\/pic_sns_manda.jpg\" alt=\"M&amp;A de SNS como YouTube\"><\/div>\n\t\t\t<div class=\"width51\">\n\t\t\t\t<h3>M&amp;A de Redes Sociales como YouTube<\/h3>\n\t\t\t\t<p class=\"mgb-small\">Los canales de YouTube y las cuentas de Twitter est\u00e1n sujetos a M&amp;A, al igual que los sitios web, etc. Sin embargo, debido a la naturaleza especial de estas transacciones de M&amp;A, se requiere una firma de abogados con conocimientos y experiencia especializados.<\/p>\n\t\t\t\t<p class=\"mgb-small\">Nuestra firma ha manejado numerosas transacciones de M&amp;A para canales de YouTube y otros, que van desde peque\u00f1as cantidades hasta aquellas que involucran m\u00e1s de 100 millones de yenes, proporcionando servicios legales que van desde la redacci\u00f3n de contratos hasta la diligencia debida (DD).<\/p>\n\t\t\t\t<div class=\"btn-area align-left\">\n\t\t\t\t\t\n\t\t\t\t<\/div>\n\t\t\t<\/div>\n\t\t<\/div>\n\t<\/div>\n<\/section>\n\n<section class=\"white-section\">\n\t<div class=\"anchor\" id=\"one-stop-service-in-cooperation-with-judicial-scriveners\"><\/div>\n\t<div class=\"section-inner\">\n\t\t<div class=\"flex\">\n\t\t\t<div class=\"width41\"><img decoding=\"async\" src=\"\/wp-content\/themes\/monolith2021\/img\/stockrelatedlaw\/stockrelatedlaw_pic2.jpg\" alt=\"Servicio integral en cooperaci\u00f3n con escribanos judiciales\"><\/div>\n\t\t\t<div class=\"width51\">\n\t\t\t\t<h3>Servicio Integral en Cooperaci\u00f3n con Escribanos Judiciales<\/h3>\n\t\t\t\t<p class=\"mgb-small\">Diversos tipos de trabajos, como la asignaci\u00f3n a terceros de nuevas acciones, se dividen principalmente en la preparaci\u00f3n de hojas de t\u00e9rminos, negociaci\u00f3n de contratos, y preparaci\u00f3n de acuerdos de inversi\u00f3n y acuerdos de accionistas, en los que los abogados tienen experiencia, y trabajos relacionados con el registro, en los que los escribanos judiciales tienen experiencia.<\/p>\n\t\t\t\t<p class=\"mgb-small\">Y dado que estos est\u00e1n interrelacionados, los costos de comunicaci\u00f3n se inflan si los clientes tienen que tratar con varias firmas por separado.<\/p>\n\t\t\t\t<p>MONOLITH LAW OFFICE, en cooperaci\u00f3n con las oficinas de escribanos judiciales, puede manejar todos estos servicios en un solo punto de contacto y de manera unificada.<\/p>\n\t\t\t<\/div>\n\t\t<\/div>\n\t<\/div>\n<\/section>\n\n<section class=\"orange-section\">\n\t<div class=\"anchor\" id=\"legal-due-diligence-dd-support\"><\/div>\n\t<div class=\"section-inner\">\n\t\t<div class=\"flex reverse\">\n\t\t\t<div class=\"width41\"><img decoding=\"async\" src=\"\/wp-content\/themes\/monolith2021\/img\/pic\/pic_legalduediligence.jpg\" alt=\"Soporte de Diligencia Debida Legal\"><\/div>\n\t\t\t<div class=\"width51\">\n\t\t\t\t<h3>Casos de Diligencia Debida Legal que Hemos Gestionado<\/h3>\n\t\t\t\t<p class=\"mgb-small\">En adquisiciones corporativas y otras situaciones, la due diligence legal (DD) es una investigaci\u00f3n jur\u00eddica para determinar si existen o no problemas legales particularmente graves en las siguientes \u00e1reas: incorporaci\u00f3n, estructura corporativa, acciones, accionistas, afiliados, M&amp;A, bienes ra\u00edces, activos muebles, derechos de propiedad intelectual, finanzas, contratos, litigios y disputas, cumplimiento, y as\u00ed sucesivamente. La due diligence (DD) es una tarea que requiere habilidades organizativas por parte de los bufetes de abogados. Nuestro equipo de 30 abogados es capaz de llevar a cabo dicha due diligence legal y preparar informes de DD de manera oportuna.<\/p>\n\t\t\t\t<p><span class=\"bold\">*Al preparar un informe de DD, generalmente se requiere m\u00e1s de 30 horas de tiempo del abogado (honorarios de abogado de un poco m\u00e1s de $12,000).<\/span><\/p>\n\t\t\t<\/div>\n\t\t<\/div>\n\t<\/div>\n<\/section>\n\n<section class=\"orange2-section\">\n\t<div class=\"anchor\" id=\"disputes-related-to-stocks-and-investments\"><\/div>\n\t<div class=\"section-inner\">\n\t\t<h3>Disputas Relacionadas con<\/h3>\n\t\t<p class=\"mgb-small\">B\u00e1sicamente, el alcance de la Due Diligence incluye asuntos que son fundamentales para las empresas o las operaciones comerciales, as\u00ed como aquellos que tienen un impacto significativo en las actividades corporativas.<\/p>\n\t\t<p class=\"mgb-small\">Espec\u00edficamente, implica evaluar en t\u00e9rminos de estructura corporativa y gobernanza si las empresas o negocios pueden sostenerse, identificando las regulaciones legales necesarias y los permisos para que las empresas y negocios avancen, y determinar si es factible el mantenimiento de dichos permisos. Adem\u00e1s, conlleva evaluar el estado de activos y pasivos importantes relacionados con las operaciones comerciales, descubrir la ausencia de contratos esenciales (incluyendo laborales y transacciones con partes relacionadas), evaluar la viabilidad de la continuaci\u00f3n de condiciones favorables y evaluar el impacto potencial de riesgos manifiestos que puedan surgir.<\/p>\n\t\t<p class=\"mgb-middle\">Aunque fundamentalmente basado en estos aspectos, el alcance de la due diligence legal est\u00e1 sujeto a puntos espec\u00edficos adaptados a la naturaleza de la empresa o negocio.<\/p>\n\t\t<ol class=\"layout-datalist\">\n\t\t\t<li>\n\t\t\t\t<h4>Una Startup de Tecnolog\u00eda<\/h4>\n\t\t\t\t<p>Comenzando por la investigaci\u00f3n en la estructura corporativa, incluyendo la emisi\u00f3n de acciones y la composici\u00f3n de accionistas y directores, tambi\u00e9n ponemos \u00e9nfasis en un examen detallado de las invenciones patentadas y otros derechos relacionados con el negocio principal, el an\u00e1lisis del negocio.<\/p>\n\t\t\t<\/li>\n\t\t\t<li>\n\t\t\t\t<h4>Una Empresa de Gesti\u00f3n de Medios<\/h4>\n\t\t\t\t<p>Examinamos sus canales de YouTube para ver si operaban de acuerdo con los T\u00e9rminos de Servicio y la Pol\u00edtica de Privacidad, as\u00ed como si el contenido de video que hab\u00edan publicado previamente cumpl\u00eda con las regulaciones de derechos de autor y publicidad.<\/p>\n\t\t\t<\/li>\n\t\t\t<li>\n\t\t\t\t<h4>Una Empresa de IT basada en Contratos<\/h4>\n\t\t\t\t<p>Dado que se identific\u00f3 una discrepancia entre los Estatutos Sociales y la situaci\u00f3n real respecto a la emisi\u00f3n de acciones y la celebraci\u00f3n de asambleas de accionistas, aclaramos los riesgos asociados con estos problemas, as\u00ed como ayudamos a implementar medidas correctivas para el futuro.<\/p>\n\t\t\t<\/li>\n\t\t\t<li>\n\t\t\t\t<h4>Vendedores de PC<\/h4>\n\t\t\t\t<p>En lugar de centrarnos \u00fanicamente en el negocio en s\u00ed, tambi\u00e9n evaluamos el estado de las transacciones con otras empresas y el estado de los contratos para la compra de productos de la empresa. Adem\u00e1s, considerando que la empresa tambi\u00e9n se dedicaba a la contrataci\u00f3n de construcci\u00f3n, confirmamos cuidadosamente los detalles de las licencias y permisos relacionados con la continuaci\u00f3n del negocio de construcci\u00f3n y su estado de renovaci\u00f3n, incluyendo la ubicaci\u00f3n de la parte responsable.<\/p>\n\t\t\t<\/li>\n\t\t\t<li>\n\t\t\t\t<h4>Fabricantes de PC<\/h4>\n\t\t\t\t<p>Adem\u00e1s de investigar las condiciones laborales como las normas de trabajo y las regulaciones salariales, dado que la empresa pose\u00eda varias maquinarias de trabajo, f\u00e1bricas y terrenos, examinamos detenidamente los derechos y el valor de adquisici\u00f3n de estos tambi\u00e9n.<\/p>\n\t\t\t<\/li>\n\t\t<\/ol>\n\t<\/div>\n<\/section>\n\n<section class=\"white-section\">\n\t<div class=\"anchor\" id=\"disputes-related-to-stocks-and-investments\"><\/div>\n\t<div class=\"section-inner\">\n\t\t<div class=\"flex\">\n\t\t\t<div class=\"width41\"><img decoding=\"async\" src=\"\/wp-content\/themes\/monolith2021\/img\/stockrelatedlaw\/stockrelatedlaw_pic4.jpg\" alt=\"Disputas Relacionadas con Acciones e Inversiones\"><\/div>\n\t\t\t<div class=\"width51\">\n\t\t\t\t<h3>Disputas Relacionadas con Acciones e Inversiones<\/h3>\n\t\t\t\t<p>Tenemos una gran experiencia en la resoluci\u00f3n de problemas y disputas relacionadas con inversiones y otros asuntos, que van desde litigios entre corporaciones y accionistas, como demandas derivadas de accionistas, hasta problemas relacionados con aumentos de capital, adquisiciones y otros temas.<\/p>\n\t\t\t<\/div>\n\t\t<\/div>\n\t<\/div>\n<\/section>\n\n<section class=\"purple2-section\">\n\t<div class=\"anchor\" id=\"monolith-law-magazine\"><\/div>\n\t<div class=\"section-inner\">\n\t\t    <section class=\"white-section temp-article\">\n        <div class=\"section-inner\">\n            <h4>MONOLITH LAW MAGAZINE<\/h4>\n            <div class=\"articles type_practice_column\">\n                                                            <\/div>\n            <div class=\"btn-more\"><a href=\"https:\/\/monolith.law\/es\/tag\/m-and-a\">Read More<\/a><\/div>\n        <\/div>\n    <\/section>\n\t<\/div>\n<\/section>\n\n<section class=\"orange2-section\">\n\t<div class=\"anchor\" id=\"fee-structure\"><\/div>\n\t<div class=\"section-inner\">\n\t<div class=\"planWrap\">\n\t<h3>Estructura de Honorarios<\/h3>\n\t<ul class=\"plan\">\n\t\t<li class=\"txt-left\">\n\t\t\t<div class=\"plan-inner\">\n\t\t\t<div class=\"plan-header\">\n\t\t\t<h4 class=\"plan-title\">Tarifa por Hora<\/h4>\n\t\t\t<div class=\"plan-price\"><span class=\"price-figure\">$300<\/span> por hora <span class=\"price-tax\"><\/span><\/div>\n\t\t\t<\/div>\n\t\t\t<div class=\"plan-body\">En ciertas circunstancias, podr\u00edamos considerar aceptar un litigio o demanda con una tarifa inicial y una tarifa de contingencia. Para m\u00e1s detalles, no dude en ponerse en contacto con nosotros.<\/div>\n\t\t\t<\/div>\n\t\t<\/li>\n\t\t<li class=\"txt-left\">\n\t\t\t<div class=\"plan-inner\">\n\t\t\t<div class=\"plan-header\">\n\t\t\t<h4 class=\"plan-title\">Redacci\u00f3n de Contratos<\/h4>\n\t\t\t<div class=\"plan-price\"><span class=\"price-value\">desde<\/span><span class=\"price-figure\">$500<\/span><span class=\"price-value\">hasta $2,000 o m\u00e1s<\/span><span class=\"price-tax\"><\/span><\/div>\n\t\t\t<\/div>\n\t\t\t<div class=\"plan-body\">La estructura de precios puede variar en funci\u00f3n del tipo y la cantidad de contratos. Estamos encantados de ofrecer un presupuesto preliminar al realizar la consulta, por lo que le animamos a que se comunique con nosotros para obtener m\u00e1s detalles.<\/div>\n\t\t\t<\/div>\n\t\t<\/li>\n\t\t<li class=\"txt-left\">\n\t\t\t<div class=\"plan-inner\">\n\t\t\t<div class=\"plan-header\">\n\t\t\t<h4 class=\"plan-title\">Otros Servicios<\/h4>\n\t\t\t<div class=\"plan-price\"><span class=\"price-figure\">Cont\u00e1ctenos<\/span><\/div>\n\t\t\t<\/div>\n\t\t\t<div class=\"plan-body\">Ofrecemos una amplia gama de servicios que incluyen la formaci\u00f3n de empresas, revisi\u00f3n de contratos, opiniones legales, revisi\u00f3n de casos o cartas de investigaci\u00f3n. Si tiene alguna consulta o preocupaci\u00f3n, le invitamos cordialmente a contactarnos y nuestro equipo experto estar\u00e1 encantado de asistirle.<\/div>\n\t\t\t<\/div>\n\t\t\t<\/div>\n\t\t<\/li>\n\t<\/ul>\n\t<\/div>\n\t<\/div>\n<\/section>\n\n<section class=\"white-section\">\n\t<div class=\"section-inner\">\n\t\t<div class=\"btn-area\">\n\t\t\t<div class=\"btn icon-contact\"><a href=\"\/es\/contact\">Cont\u00e1ctenos<\/a><\/div>\n\t\t<\/div>\n\t<\/div>\n<\/section>\n","protected":false},"excerpt":{"rendered":"<p>M&amp;A En MONOLITH LAW OFFICE hemos gestionado numerosos asuntos legales relacionados con el capital y M&amp;A centrados en IT, incluyendo aplicaciones y servicios web. Somos capaces de manejar la di [&hellip;]<\/p>\n","protected":false},"author":1,"featured_media":32451,"parent":0,"menu_order":7,"comment_status":"closed","ping_status":"closed","template":"other-page-temp.php","meta":{"footnotes":""},"acf":[],"_links":{"self":[{"href":"https:\/\/monolith.law\/es\/wp-json\/wp\/v2\/pages\/32408"}],"collection":[{"href":"https:\/\/monolith.law\/es\/wp-json\/wp\/v2\/pages"}],"about":[{"href":"https:\/\/monolith.law\/es\/wp-json\/wp\/v2\/types\/page"}],"author":[{"embeddable":true,"href":"https:\/\/monolith.law\/es\/wp-json\/wp\/v2\/users\/1"}],"replies":[{"embeddable":true,"href":"https:\/\/monolith.law\/es\/wp-json\/wp\/v2\/comments?post=32408"}],"version-history":[{"count":26,"href":"https:\/\/monolith.law\/es\/wp-json\/wp\/v2\/pages\/32408\/revisions"}],"predecessor-version":[{"id":70814,"href":"https:\/\/monolith.law\/es\/wp-json\/wp\/v2\/pages\/32408\/revisions\/70814"}],"wp:featuredmedia":[{"embeddable":true,"href":"https:\/\/monolith.law\/es\/wp-json\/"}],"wp:attachment":[{"href":"https:\/\/monolith.law\/es\/wp-json\/wp\/v2\/media?parent=32408"}],"curies":[{"name":"wp","href":"https:\/\/api.w.org\/{rel}","templated":true}]}}