{"id":4096,"date":"2024-12-27T23:42:29","date_gmt":"2024-12-27T14:42:29","guid":{"rendered":"https:\/\/monolith.law\/?page_id=4096"},"modified":"2025-08-19T19:20:10","modified_gmt":"2025-08-19T10:20:10","slug":"overview-of-our-firm","status":"publish","type":"page","link":"https:\/\/monolith.law\/es\/overview-of-our-firm","title":{"rendered":"Visi\u00f3n General de Nuestro Despacho"},"content":{"rendered":"\n<section class=\"heading-area\">\n\t<div class=\"heading-area-inner\">\n\t\t<h2 class=\"icon-overview-of-our-firm\">Visi\u00f3n General de Nuestro Despacho<\/h2>\n\t\t<p>MONOLITH LAW OFFICE es un despacho de abogados japon\u00e9s con sede en Tokio, especializado en los campos de IT, Internet y Negocios, compuesto por especialistas en IT, incluyendo al Abogado Fundador que tiene una amplia experiencia como ingeniero de IT.<\/p>\n\t<\/div>\n<\/section>\n<section class=\"white-section\">\n\t<div class=\"section-inner pdt0 border-bottom-section\">\n\t\t<p>Nuestro Abogado Fundador, Toki Kawase, se interes\u00f3 por la programaci\u00f3n desde el tercer grado de la escuela primaria y trabaj\u00f3 en la industria de IT mientras era estudiante universitario. En sus veintes, experiment\u00f3 la gesti\u00f3n de empresas emergentes y negocios de mayor envergadura. A trav\u00e9s de la sinergia de estas experiencias \u00fanicas, nuestro despacho cuenta con un equipo de profesionales de IT que ayudan a proporcionar soluciones a nuestros clientes.<br>MONOLITH LAW OFFICE ofrece servicios de consultor\u00eda legal aprovechando plenamente su fortaleza en el campo de IT. Nuestros clientes van desde compa\u00f1\u00edas de primer nivel hasta empresas emergentes en la etapa inicial. Tenemos una amplia experiencia en la prestaci\u00f3n de servicios legales relacionados con IT a diversas empresas.<\/p>\n\t<\/div>\n<\/section>\n<section class=\"second-nav\">\n\t<div class=\"second-nav-inner\">\n\t\t<p>TEMAS<\/p>\n\t\t<nav>\n\t\t\t<ul>\n\t\t\t\t<li><a href=\"#specialization-in-it\">Especializaci\u00f3n en IT<\/a><\/li>\n\t\t\t\t<li><a href=\"#law-firm-at-otemachi-tokyo\">Despacho de Abogados en Otemachi, Tokio<\/a><\/li>\n\t\t\t\t<li><a href=\"#what-is-a-monolith\">\u00bfQu\u00e9 es un Monolith?<\/a><\/li>\n\t\t\t\t<li><a href=\"#from-legal-advisor-to-it-specialized-lawyer\">De Asesor Legal a Abogado Especializado en IT<\/a><\/li>\n\t\t\t\t<li><a href=\"#handling-cross-border-legal-matters\">Manejo de Asuntos Legales Transfronterizos<\/a><\/li>\n\t\t\t\t<li><a href=\"#our-clients\">Nuestros Clientes<\/a><\/li>\n\t\t\t<\/ul>\n\t\t<\/nav>\n\t<\/div>\n<\/section>\n<section class=\"white-section\">\n\t<div class=\"anchor\" id=\"specialization-in-it\"><\/div>\n\t<div class=\"section-inner\">\n\t\t<div class=\"flex\">\n\t\t\t<div class=\"width41\"><img decoding=\"async\" src=\"\/wp-content\/uploads\/2023\/06\/about_pic1.jpg\" alt=\"Specialization in IT\"><\/div>\n\t\t\t<div class=\"width51\">\n\t\t\t\t<h3>Especializaci\u00f3n en IT<\/h3>\n\t\t\t\t<p class=\"mgb-small\">Somos un bufete de abogados japon\u00e9s con sede en Tokio, especializado en Tecnolog\u00eda de la Informaci\u00f3n (IT). No solo contamos con un equipo de abogados especializados en diversas \u00e1reas de IT, sino que tambi\u00e9n tenemos un equipo de consultores de IT con un amplio conocimiento en el sector. A trav\u00e9s de la sinergia entre el derecho y la IT, garantizamos los mejores intereses de nuestros clientes.<\/p>\n\t\t\t\t<p class=\"mgb-small\">Nuestro abogado representante, Toki Kawase, comenz\u00f3 a programar en tercer grado de la escuela primaria. Toki se sumergi\u00f3 en la industria de la IT justo despu\u00e9s de entrar a la universidad; y en el mundo de los negocios, especialmente en startups y empresas de tama\u00f1o peque\u00f1o y mediano, experiencia que adquiri\u00f3 cuando estaba en sus veinte a\u00f1os. Estas son las fortalezas de Toki Kawase, nuestro Abogado Fundador, y las \u00e1reas de pr\u00e1ctica de MONOLITH LAW OFFICE.<\/p>\n\t\t\t\t<p class=\"mgb-middle\">Desde estas perspectivas, MONOLITH LAW OFFICE se enfoca en servicios de asesor\u00eda y otros servicios con &#8220;IT&#8221; como palabra clave, desde empresas de primer nivel hasta startups en etapa inicial, as\u00ed como servicios con &#8220;Internet&#8221; y &#8220;Negocios&#8221; como palabras clave, desde asuntos legales en internet para empresas cotizadas hasta fusiones y adquisiciones (M&amp;A).<\/p>\n\t\t\t\t<div class=\"btn-area\">\n\t\t\t\t\t<div class=\"btn icon-services\"><a href=\"\/es\/services\">Servicios<\/a><\/div>\n\t\t\t\t\t<div class=\"btn icon-people\"><a href=\"\/en\/people\">Equipo<\/a><\/div>\n\t\t\t\t<\/div>\n\t\t\t<\/div>\n\t\t<\/div>\n\t<\/div>\n<\/section>\n<section class=\"purple-section\">\n\t<div class=\"anchor\" id=\"law-firm-at-otemachi-tokyo\"><\/div>\n\t<div class=\"section-inner\">\n\t\t<div class=\"flex reverse\">\n\t\t\t<div class=\"width41\"><img decoding=\"async\" src=\"\/wp-content\/uploads\/2023\/06\/about_pic2.jpg\" alt=\"Law Firm at Otemachi, Tokyo\"><\/div>\n\t\t\t<div class=\"width51\">\n\t\t\t\t<div class=\"inline-inner\">\n\t\t\t\t\t<h3>Despacho de Abogados en Otemachi, Tokio<\/h3>\n\t\t\t\t\t<p class=\"mgb-small\">MONOLITH LAW OFFICE es un despacho de abogados japon\u00e9s ubicado en Otemachi, Chiyoda-ku, Tokio.<\/p>\n\t\t\t\t\t<p class=\"mgb-small\">Hemos servido como asesores legales para aproximadamente 1087 empresas de IT, que van desde startups en etapa inicial hasta empresas de la Primera Secci\u00f3n de la Bolsa de Valores de Tokio, que representan a las empresas m\u00e1s grandes y prestigiosas que cotizan en la bolsa. Proporcionamos servicios legales a un total de 1855 clientes, centr\u00e1ndonos en asuntos legales relacionados con IT, como la prevenci\u00f3n de da\u00f1os a la reputaci\u00f3n, la difamaci\u00f3n y las disputas relacionadas con el desarrollo de sistemas.<\/p>\n\t\t\t\t\t<p class=\"mgb-middle\">&#8220;Especializaci\u00f3n en IT y Negocios&#8221; es lo que nos hace especiales.<\/p>\n\t\t\t\t\t<div class=\"btn-area\">\n\t\t\t\t\t\t<div class=\"btn icon-access\"><a href=\"\/es\/access\">Access<\/a><\/div>\n\t\t\t\t\t<\/div>\n\t\t\t\t<\/div>\n\t\t\t<\/div>\n\t\t<\/div>\n\t<\/div>\n<\/section>\n<section class=\"white-section\">\n\t<div class=\"anchor\" id=\"what-is-a-monolith\"><\/div>\n\t<div class=\"section-inner\">\n\t\t<div class=\"flex\">\n\t\t\t<div class=\"width41\"><img decoding=\"async\" src=\"\/wp-content\/themes\/monolith2021\/img\/about\/about_pic3.jpg\" alt=\"What is a Monolith\"><\/div>\n\t\t\t<div class=\"width51\">\n\t\t\t\t<h3>\u00bfQu\u00e9 es un Monolito?<\/h3>\n\t\t\t\t<p class=\"mgb-small\">La palabra &#8220;monolito&#8221; se deriva del lat\u00edn, significando una roca \u00fanica o aislada. En la pel\u00edcula de Stanley Kubrick &#8220;2001: Una odisea del espacio&#8221;, se representan como herramientas de inteligencia extraterrestre, con el papel de catalizar la evoluci\u00f3n humana.<\/p>\n\t\t\t\t<p class=\"mgb-small\">La misi\u00f3n de MONOLITH LAW OFFICE es promover la evoluci\u00f3n de IT y otras tecnolog\u00edas, as\u00ed como los sistemas sociales como especialista legal. MONOLITH trabaja para probar la hip\u00f3tesis planteada por las empresas emergentes, coordinar IT y la ley en medidas de contrarresto de da\u00f1os a la reputaci\u00f3n, as\u00ed como en la resoluci\u00f3n de disputas, y construir sistemas de negocios m\u00e1s fluidos.<\/p>\n\t\t\t\t<p class=\"mgb-small\">MONOLITH LAW OFFICE cree que la ley cataliza la evoluci\u00f3n de la humanidad a trav\u00e9s de la tecnolog\u00eda y la sociedad. <\/p>\n\t\t\t\t<p class=\"mgb-middle\">El objetivo final de MONOLITH LAW OFFICE es promover la evoluci\u00f3n de IT, la sociedad y la humanidad. <\/p>\n\t\t<\/div>\n\t<\/div>\n<\/section>\n<section class=\"orange-section\">\n\t<div class=\"anchor\" id=\"from-legal-advisor-to-it-specialized-lawyer\"><\/div>\n\t<div class=\"section-inner\">\n\t\t<div class=\"flex reverse\">\n\t\t\t<div class=\"width41\"><img decoding=\"async\" src=\"\/wp-content\/uploads\/2023\/06\/about_pic4.jpg\" alt=\"From \"><\/div>\n\t\t\t<div class=\"width51\">\n\t\t\t\t<h3>De Asesor\u00eda Legal a Especialistas en Derecho IT<\/h3>\n\t\t\t\t<p class=\"mgb-small\">MONOLITH LAW OFFICE destaca sus ventajas en &#8220;asuntos legales de IT, asuntos legales de Internet y asuntos legales empresariales&#8221;. Brindamos servicios legales a muchas empresas con un enfoque en IT. Ofrecemos dos tipos principales de servicios legales.<\/p>\n\t\t\t\t<p class=\"mgb-small\">Uno es un servicio basado en la posici\u00f3n de &#8220;Consejero General&#8221; o &#8220;Director Legal&#8221; para una empresa de IT. Dado que el negocio principal de la empresa est\u00e1 relacionado con IT, nuestro despacho es elegido por su capacidad para comprender tanto la tecnolog\u00eda IT como el negocio del cliente.<\/p>\n\t\t\t\t<p class=\"mgb-small\">El segundo es trabajar como un &#8220;profesional legal de IT\/Internet&#8221; para empresas donde IT no es su negocio principal. Aunque IT no sea el n\u00facleo de negocios como finanzas, bienes ra\u00edces y restaurantes, estos no pueden existir sin IT e Internet. Proporcionamos apoyo desde una perspectiva legal a las empresas en sus operaciones relacionadas con IT e Internet.<\/p>\n\t\t\t\t<p class=\"mgb-middle\">MONOLITH LAW OFFICE trabajar\u00e1 con usted en diversas posiciones bas\u00e1ndonos en nuestro alto nivel de especializaci\u00f3n para apoyar el desarrollo de su empresa.<\/p>\n\t\t\t\t<div class=\"btn-area\">\n\t\t\t\t\t<div class=\"btn icon-general-corporate\"><a href=\"\/es\/services#general-corporate\">Derecho Empresarial<\/a><\/div>\n\t\t\t\t\t<div class=\"btn icon-it\"><a href=\"\/es\/services#it\">IT<\/a><\/div>\n\t\t\t\t<\/div>\n\t\t\t<\/div>\n\t\t<\/div>\n\t<\/div>\n<\/section>\n<section class=\"white-section\">\n\t<div class=\"anchor\" id=\"handling-cross-border-legal-matters\"><\/div>\n\t<div class=\"section-inner\">\n\t\t<div class=\"flex\">\n\t\t\t<div class=\"width41\"><img decoding=\"async\" src=\"\/wp-content\/uploads\/2023\/06\/about_pic5.jpg\" alt=\"Handling cross-border legal matters\"><\/div>\n\t\t\t<div class=\"width51\">\n\t\t\t\t<h3>Gesti\u00f3n de asuntos legales transfronterizos<\/h3>\n\t\t\t\t<p class=\"mgb-small\">Gestionar asuntos legales transfronterizos en los sectores de IT y Internet es nuestra especialidad. A medida que la globalizaci\u00f3n y las actividades transfronterizas cobran importancia, contar con el apoyo legal adecuado se vuelve crucial.<\/p>\n\t\t\t\t<p class=\"mgb-small\">Por ejemplo, cuando una empresa japonesa de SaaS se expande a mercados internacionales, es esencial cumplir con los requisitos y regulaciones legales locales. De manera similar, al recibir inversiones extranjeras, es necesaria la asistencia en la redacci\u00f3n y negociaci\u00f3n de acuerdos de inversi\u00f3n y documentos legales relacionados. Por el contrario, para las empresas japonesas involucradas en fusiones y adquisiciones en el extranjero o en la expansi\u00f3n global, comprender las leyes y regulaciones locales es vital. Adem\u00e1s, superar las barreras ling\u00fc\u00edsticas y culturales en casos como el marketing de influencers y la demanda entrante requiere abordar las leyes locales y asuntos contractuales.<\/p>\n\t\t\t\t<p class=\"mgb-middle\">MONOLITH LAW OFFICE ha fortalecido sus capacidades en campos legales de vanguardia para satisfacer las demandas de la globalizaci\u00f3n y los negocios transfronterizos. Combinando nuestro equipo de abogados con ingenieros y otros profesionales, proporcionamos un soporte integral, aprovechando el conocimiento t\u00e9cnico y la experiencia legal, para los esfuerzos de expansi\u00f3n internacional y negocios globales de nuestros clientes.<\/p>\n\t\t\t\t<div class=\"btn-area\">\n\t\t\t\t\t<div class=\"btn icon-cross-border\"><a href=\"\/es\/services#cross-border\">Cross-border<\/a><\/div>\n\t\t\t\t<\/div>\n\t\t\t<\/div>\n\t\t<\/div>\n\t<\/div>\n<\/section>\n<section class=\"purple-section\">\n\t<div class=\"anchor\" id=\"our-clients\"><\/div>\n\t<div class=\"section-inner\">\n\t\t<div class=\"flex reverse\">\n\t\t\t<div class=\"width41\"><img decoding=\"async\" src=\"\/wp-content\/uploads\/2019\/09\/beartail_kurosaki.jpg\" alt=\"Our Clients\"><\/div>\n\t\t\t<div class=\"width51\">\n\t\t\t\t<h3>Nuestros Clientes<\/h3>\n\t\t\t\t<p class=\"mgb-small\">MONOLITH LAW OFFICE ofrece dos tipos principales de servicios. Uno es actuar como asesor general o director legal de una empresa de IT y startups, manejando todos los asuntos legales de la empresa. El segundo es actuar como un &#8220;abogado de IT y propiedad intelectual (PI)&#8221; para diversas empresas, y manejar los asuntos legales de IT y PI de la empresa.<\/p>\n\t\t\t\t<p class=\"mgb-small\">Hemos recibido el siguiente mensaje de nuestros clientes:<\/p>\n\t\t\t\t<p class=\"mgb-small\">&#8220;Asumir el riesgo legal requiere una comprensi\u00f3n de la tecnolog\u00eda, y MONOLITH LAW OFFICE es un profesional en esta \u00e1rea.&#8221;<\/p>\n\t\t\t\t<p class=\"mgb-small\">&#8220;MONOLITH LAW OFFICE es \u00fatil porque trabajan con nosotros para descubrir &#8216;c\u00f3mo controlar el riesgo&#8217; desde la perspectiva de un ejecutivo de la empresa.&#8221;<\/p>\n\t\t\t\t<p class=\"mgb-middle\">&#8220;MONOLITH LAW OFFICE es tanto un bufete de abogados como un consultor de gesti\u00f3n. Proporcionan una base legal para sus explicaciones.&#8221;<\/p>\n\t\t\t\t\n\t\t<\/div>\n\t<\/div>\n<\/section>\n","protected":false},"excerpt":{"rendered":"<p>Visi\u00f3n General de Nuestro Despacho MONOLITH LAW OFFICE es un despacho de abogados japon\u00e9s con sede en Tokio, especializado en los campos de IT, Internet y Negocios, compuesto por especialistas en IT,  [&hellip;]<\/p>\n","protected":false},"author":1,"featured_media":56661,"parent":0,"menu_order":1,"comment_status":"closed","ping_status":"closed","template":"other-page-temp.php","meta":{"footnotes":""},"acf":[],"_links":{"self":[{"href":"https:\/\/monolith.law\/es\/wp-json\/wp\/v2\/pages\/4096"}],"collection":[{"href":"https:\/\/monolith.law\/es\/wp-json\/wp\/v2\/pages"}],"about":[{"href":"https:\/\/monolith.law\/es\/wp-json\/wp\/v2\/types\/page"}],"author":[{"embeddable":true,"href":"https:\/\/monolith.law\/es\/wp-json\/wp\/v2\/users\/1"}],"replies":[{"embeddable":true,"href":"https:\/\/monolith.law\/es\/wp-json\/wp\/v2\/comments?post=4096"}],"version-history":[{"count":88,"href":"https:\/\/monolith.law\/es\/wp-json\/wp\/v2\/pages\/4096\/revisions"}],"predecessor-version":[{"id":69097,"href":"https:\/\/monolith.law\/es\/wp-json\/wp\/v2\/pages\/4096\/revisions\/69097"}],"wp:featuredmedia":[{"embeddable":true,"href":"https:\/\/monolith.law\/es\/wp-json\/wp\/v2\/media\/56661"}],"wp:attachment":[{"href":"https:\/\/monolith.law\/es\/wp-json\/wp\/v2\/media?parent=4096"}],"curies":[{"name":"wp","href":"https:\/\/api.w.org\/{rel}","templated":true}]}}