{"id":41151,"date":"2024-12-30T14:33:54","date_gmt":"2024-12-30T05:33:54","guid":{"rendered":"https:\/\/monolith.law\/?page_id=41151"},"modified":"2025-08-30T08:38:39","modified_gmt":"2025-08-29T23:38:39","slug":"home","status":"publish","type":"page","link":"https:\/\/monolith.law\/es\/","title":{"rendered":"MONOLITH Law Office | Tokio, Jap\u00f3n"},"content":{"rendered":"\n<p>\n<\/p>\n\n\n\n<section class=\"white-section front-top\" data-delighter=\"\">\n\t<div class=\"section-inner\">\n\t<div class=\"top-logo\">\n\t<div class=\"base\"><\/div>\n\t<img decoding=\"async\" src=\"\/wordpress\/wp-content\/themes\/monolith2021\/img\/top\/top_logo_m.svg\" alt=\"M\" class=\"top-logo-1\">\n\t<img decoding=\"async\" src=\"\/wordpress\/wp-content\/themes\/monolith2021\/img\/top\/top_logo_o.svg\" alt=\"O\" class=\"top-logo-2\">\n\t<img decoding=\"async\" src=\"\/wordpress\/wp-content\/themes\/monolith2021\/img\/top\/top_logo_n.svg\" alt=\"N\" class=\"top-logo-3\">\n\t<img decoding=\"async\" src=\"\/wordpress\/wp-content\/themes\/monolith2021\/img\/top\/top_logo_o.svg\" alt=\"O\" class=\"top-logo-4\">\n\t<img decoding=\"async\" src=\"\/wordpress\/wp-content\/themes\/monolith2021\/img\/top\/top_logo_l.svg\" alt=\"L\" class=\"top-logo-5\">\n\t<img decoding=\"async\" src=\"\/wordpress\/wp-content\/themes\/monolith2021\/img\/top\/top_logo_i.svg\" alt=\"I\" class=\"top-logo-6\">\n\t<img decoding=\"async\" src=\"\/wordpress\/wp-content\/themes\/monolith2021\/img\/top\/top_logo_t.svg\" alt=\"T\" class=\"top-logo-7\">\n\t<img decoding=\"async\" src=\"\/wordpress\/wp-content\/themes\/monolith2021\/img\/top\/top_logo_h.svg\" alt=\"H\" class=\"top-logo-8\">\n\t<\/div>\n\t<p class=\"text1\"><strong>Evolucionar las TI<\/strong><\/p>\n\t<p class=\"text2\">Hoy en d\u00eda, las TI est\u00e1n en el centro de las operaciones empresariales modernas, pero el uso de las TI para los negocios requiere una gesti\u00f3n de los riesgos jur\u00eddicos.<br>Nuestra misi\u00f3n es impulsar la innovaci\u00f3n en TI y fomentar el crecimiento en Jap\u00f3n, permitiendo a las empresas alcanzar cotas sin precedentes.<\/p>\n\t<\/div>\n<\/section>\n<section class=\"white-section front-about\">\n\t<div class=\"section-inner\">\n\t<div class=\"text\">\n\t<p class=\"en\">ACERCA DE MONOLITH LAW OFFICE<\/p>\n\t<h2>Nuestra misi\u00f3n como profesional del Derecho con formaci\u00f3n en ingenier\u00eda inform\u00e1tica.<\/h2>\n\t<p class=\"text\">MONOLITH LAW OFFICE es un bufete de abogados japon\u00e9s con sede en Tokio que presta servicios jur\u00eddicos de TI a diversas empresas.<br>Toki Kawase, nuestro abogado director, ha trabajado como ingeniero inform\u00e1tico aut\u00f3nomo desde que era estudiante universitario. Tiene experiencia en la creaci\u00f3n de una empresa de TI y tambi\u00e9n ha trabajado como ingeniero inform\u00e1tico. Toki ha visto con sus propios ojos el importante crecimiento de nuevas empresas y otras compa\u00f1\u00edas a trav\u00e9s de las TI, y los diversos riesgos que conlleva el proceso. Es consciente de que, para que las TI sigan aportando grandes beneficios a las empresas en el futuro, es necesario tener una perspectiva jur\u00eddica innovadora.\nBas\u00e1ndose en esta experiencia, ha fundado MONOLITH LAW OFFICE, una organizaci\u00f3n de abogados y consultores de TI altamente especializados para ofrecer diversas soluciones.<\/p>\n\t<\/div>\n\t<div class=\"pic\"><img decoding=\"async\" src=\"\/wordpress\/wp-content\/themes\/monolith2021\/img\/top\/kawase_pic.png\" alt=\"Our Founding Lawyer Toki Kawase\"><\/div>\n\t<\/div>\n<\/section>\n<section class=\"white-section front-numbers\">\n\t<div class=\"section-inner\">\n\t<p class=\"en\">EN CIFRAS MONOLITH LAW OFFICE<\/p>\n\t<h2>Nuestra experiencia como bufete de abogados y especialista en TI para empresas<\/h2>\n\t<div class=\"box-wrap\">\n\t<div class=\"sub-box\">\n\t\t<h3>Clientes<\/h3>\n\t\t<p class=\"code\">1855\n\t\t<p class=\"text\">Hemos prestado apoyo a diversos tipos de empresas de distintos sectores. Nuestra clientela abarca desde organizaciones japonesas de primer nivel hasta peque\u00f1as y medianas empresas. Ofrecemos servicios adaptados a las necesidades de cada cliente. <\/p>\n\t<\/div>\n\t<div class=\"sub-box\">\n\t\t<h3>Soluciones TI originales<\/h3>\n\t\t<p class=\"code\">7\n\t\t<p class=\"text\">Somos un equipo especializado en TI corporativa. MONOLITH LAW OFFICE es un equipo de abogados cualificados y consultores inform\u00e1ticos dedicados a crear soluciones personalizadas para sus necesidades espec\u00edficas.<\/p>\n\t<\/div>\n\t<div class=\"sub-box\">\n\t\t<h3>Abogados<\/h3>\n\t\t<p class=\"code\">30\n\t\t<p class=\"text\">El factor m\u00e1s importante en la resoluci\u00f3n de problemas inform\u00e1ticos es la rapidez de la respuesta inicial. MONOLITH LAW OFFICE cuenta con numerosos abogados que pueden responder diariamente a una gran variedad de consultas.<\/p>\n\t<\/div>\n\t<div class=\"sub-box\">\n\t\t<h3>Consultores TI<\/h3>\n\t\t<p class=\"code\">16\n\t\t<p class=\"text\">Creemos que los consultores inform\u00e1ticos son tan importantes como los abogados para mantenerse al d\u00eda con la tecnolog\u00eda en constante evoluci\u00f3n y hacer frente a los retos inform\u00e1ticos corporativos m\u00e1s sofisticados.<\/p>\n\t<\/div>\n\t<div class=\"sub-box\">\n\t\t<h3>Pa\u00edses admitidos<\/h3>\n\t\t<p class=\"code\">18\n\t\t<p class=\"text\">Despacho de abogados japon\u00e9s con experiencia transfronteriza. Especializado en transacciones internacionales, litigios y cumplimiento normativo. Soluciones a medida para clientes globales en asuntos empresariales y jur\u00eddicos.<\/p>\n<\/div>\n<div class=\"sub-box\">\n\t\t<h3>Art\u00edculos de Perspectivas en TI y Legal<\/h3>\n\t\t<p class=\"code\">978\n\t\t<p class=\"text\">Analizamos y explicamos diversos estudios de caso en TI corporativa en el medio web \u201cMONOLITH LAW MAGAZINE\u201d. Continuamente investigamos soluciones adecuadas para los desaf\u00edos cada vez m\u00e1s complejos y diversos en la TI corporativa.<\/p>\n\t<\/div>\n\t<\/div>\n\t<\/div>\n<\/section>\n<section class=\"front-service\">\n\t<div class=\"section-inner\">\n\t\t<p class=\"en\">SERVICIO DE MONOLITH LAW OFFICE<\/p>\n\t\t<h2>Nuestras soluciones para riesgos inform\u00e1ticos complejos.<\/h2>\n\t<\/div>\n\t<div class=\"front-service-field\">\n\t<div class=\"section-inner\">\n\t<h3><a href=\"\/en\/services\">Servicios<\/a><\/h3>\n\t<div class=\"box-wrap\">\n\t<div class=\"sub-box\">\n\t\t<h4>General Corporate<\/h4>\n\t\t<div class=\"icon\"><img decoding=\"async\" src=\"\/wordpress\/wp-content\/themes\/monolith_en\/img\/top\/service_general-corporate.svg\" alt=\"Corporate Legal Affairs for IT and Startup Businesses\"><\/div>\n\t\t<p>Los conocimientos especializados y la experiencia son fundamentales para prestar un apoyo jur\u00eddico preciso en el entorno din\u00e1mico propio de las empresas de TI y de nueva creaci\u00f3n. Nuestro bufete cuenta con numerosos especialistas en este sector, y hemos actuado como asesores jur\u00eddicos de 477 empresas, principalmente de TI, desde empresas de la primera secci\u00f3n de la TSE hasta Startups en fase semilla.<\/p>\n\t\t<div class=\"btn-more\"><a href=\"\/es\/services#general-corporate\">Ver m\u00e1s<\/a><\/div>\n\t<\/div>\n\t<div class=\"sub-box\">\n\t\t<h4>TI<\/h4>\n\t\t<div class=\"icon\"><img decoding=\"async\" src=\"\/wordpress\/wp-content\/themes\/monolith_en\/img\/top\/service_it.svg\" alt=\"IT and IP legal affairs for various companies\"><\/div>\n\t\t<p>Hoy en d\u00eda, todas las empresas, independientemente de su \u00e1mbito de negocio o tama\u00f1o, est\u00e1n involucradas de alguna manera con las TI en sus actividades corporativas. Podemos desempe\u00f1ar el papel de &#8220;abogados especializados en el \u00e1rea de TI y propiedad intelectual&#8221; para empresas que ya cuentan con un asesor jur\u00eddico principal, o incluso para empresas cuya actividad principal no es la TI.<\/p>\n\t\t<div class=\"btn-more\"><a href=\"\/es\/services#it\">Ver m\u00e1s<\/a><\/div>\n\t<\/div>\n\t<div class=\"sub-box\">\n\t\t<h4>Transfronterizo<\/h4>\n\t\t<div class=\"icon\"><img decoding=\"async\" src=\"\/wordpress\/wp-content\/themes\/monolith_en\/img\/top\/service_cross-border.svg\" alt=\"International Legal Affairs\"><\/div>\n\t\t<p>Nuestro principal objetivo es prestar servicios jur\u00eddicos integrales a las empresas japonesas de TI que se introducen en el mercado internacional. Adem\u00e1s, proporcionamos apoyo jur\u00eddico profesional a empresas de TI extranjeras en Jap\u00f3n. Ahora estamos ampliando el alcance de nuestro apoyo y evolucionando constantemente con la incorporaci\u00f3n a nuestro bufete de nuevos abogados con licencia estadounidense.<\/p>\n\t\t<div class=\"btn-more\"><a href=\"\/es\/services#cross-border\">Ver m\u00e1s<\/a><\/div>\n\t<\/div>\n\t<div class=\"sub-box\">\n\t\t<h4>Internet<\/h4>\n\t\t<div class=\"icon\"><img decoding=\"async\" src=\"\/wordpress\/wp-content\/themes\/monolith_en\/img\/top\/service_internet.svg\" alt=\"Influencer Marketing\"><\/div>\n\t\t<p>Con experiencia en derecho de internet, ofrecemos apoyo jur\u00eddico integral a empresarios de internet, incluidos YouTubers y empresas que utilizan SNS. Estamos especializados en la resoluci\u00f3n de conflictos en l\u00ednea, la eliminaci\u00f3n de p\u00e1ginas web negativas y la gesti\u00f3n de la reputaci\u00f3n en l\u00ednea. Consulte a nuestros abogados cualificados para obtener soluciones eficaces para Internet.<\/p>\n\t\t<div class=\"btn-more\"><a href=\"\/es\/services#internet\">Ver m\u00e1s<\/a><\/div>\n\t<\/div>\n\t<\/div>\n\t<\/div>\n\t<\/div>\n\t<div class=\"front-service-example\">\n\t<div class=\"section-inner\">\n\t<p>Por ejemplo<\/p>\n\t<ul class=\"clearfix\">\n\t\t<li>\n\t\t\t<div class=\"icon\"><a href=\"\/en\/system-development\/\"><img decoding=\"async\" src=\"\/wordpress\/wp-content\/themes\/monolith_en\/img\/top\/service_ex_system-development.svg\" alt=\"System Development\"><\/a><\/div>\n\t\t\t<p>Desarrollo de sistemas<\/p>\n\t\t<\/li>\n\t\t<li>\n\t\t\t<div class=\"icon\"><a href=\"\/en\/crypto-asset-and-blockchain\/\"><img decoding=\"async\" src=\"\/wordpress\/wp-content\/themes\/monolith_en\/img\/top\/service_ex_crypto-asset-and-blockchain.svg\" alt=\"Crypto Asset and Blockchain\"><\/a><\/div>\n\t\t\t<p>Criptoactivos y Blockchain<\/p>\n\t\t<\/li>\n\t\t<li>\n\t\t\t<div class=\"icon\"><a href=\"\/en\/ai\/\"><img decoding=\"async\" src=\"\/wordpress\/wp-content\/themes\/monolith_en\/img\/top\/service_ex_ai.svg\" alt=\"ai\"><\/a><\/div>\n\t\t\t<p>IA (ChatGPT, etc.)<\/p>\n\t\t<\/li>\n\t\t<li>\n\t\t\t<div class=\"icon\"><a href=\"\/en\/advertisement-review\/\"><img decoding=\"async\" src=\"\/wordpress\/wp-content\/themes\/monolith_en\/img\/top\/service_ex_advertisement-review.svg\" alt=\"Advertisement Review\"><\/a><\/div>\n\t\t\t<p>Revisi\u00f3n de anuncios<\/p>\n\t\t<\/li>\n\t\t<li>\n\t\t\t<div class=\"icon\"><a href=\"\/en\/mitigating-reputational-damage\/\"><img decoding=\"async\" src=\"\/wordpress\/wp-content\/themes\/monolith_en\/img\/top\/service_ex_mitigating-reputational-damage.svg\" alt=\"Mitigating Reputational Damage\"><\/a><\/div>\n\t\t\t<p>Mitigaci\u00f3n del da\u00f1o a la reputaci\u00f3n<\/p>\n\t\t<\/li>\n\t<\/ul>\n\t<\/div>\n\t<\/div>\n<\/section>\n<section class=\"white-section front-client\">\n\t<div class=\"section-inner\">\n\t\t<h2>CLIENTE<\/h2>\n\t\t<ul>\n\t\t\t<li><img src=\"https:\/\/monolith.law\/es\/wp-content\/themes\/monolith_SPA\/img\/clients\/logo_01.png\"><\/li>\n\t\t\t<li><img src=\"https:\/\/monolith.law\/es\/wp-content\/themes\/monolith_SPA\/img\/clients\/logo_02.png\"><\/li>\n\t\t\t<li><img src=\"https:\/\/monolith.law\/es\/wp-content\/themes\/monolith_SPA\/img\/clients\/logo_03.png\"><\/li>\n\t\t\t<li><img src=\"https:\/\/monolith.law\/es\/wp-content\/themes\/monolith_SPA\/img\/clients\/logo_04.png\"><\/li>\n\t\t\t<li><img src=\"https:\/\/monolith.law\/es\/wp-content\/themes\/monolith_SPA\/img\/clients\/logo_05.png\"><\/li>\n\t\t\t<li><img src=\"https:\/\/monolith.law\/es\/wp-content\/themes\/monolith_SPA\/img\/clients\/logo_06.png\"><\/li>\n\t\t\t<li><img src=\"https:\/\/monolith.law\/es\/wp-content\/themes\/monolith_SPA\/img\/clients\/logo_07.png\"><\/li>\n\t\t\t<li><img src=\"https:\/\/monolith.law\/es\/wp-content\/themes\/monolith_SPA\/img\/clients\/logo_08.png\"><\/li>\n\t\t\t<li><img src=\"https:\/\/monolith.law\/es\/wp-content\/themes\/monolith_SPA\/img\/clients\/logo_09.png\"><\/li>\n\t\t\t<li><img src=\"https:\/\/monolith.law\/es\/wp-content\/themes\/monolith_SPA\/img\/clients\/logo_10.png\"><\/li>\n\t\t\t<li><img src=\"https:\/\/monolith.law\/es\/wp-content\/themes\/monolith_SPA\/img\/clients\/logo_11.png\"><\/li>\n\t\t\t<li><img src=\"https:\/\/monolith.law\/es\/wp-content\/themes\/monolith_SPA\/img\/clients\/logo_12.png\"><\/li>\n\t\t\t<li><img src=\"https:\/\/monolith.law\/es\/wp-content\/themes\/monolith_SPA\/img\/clients\/logo_13.png\"><\/li>\n\t\t\t<li><img src=\"https:\/\/monolith.law\/es\/wp-content\/themes\/monolith_SPA\/img\/clients\/logo_14.png\"><\/li>\n\t\t\t<li><img src=\"https:\/\/monolith.law\/es\/wp-content\/themes\/monolith_SPA\/img\/clients\/logo_15.png\"><\/li>\n\t\t<\/ul>\n\t\t<!--<div class=\"btn-more\"><a href=\"https:\/\/monolith.law\/es\/clients\">See More<\/a><\/div>-->\n\t<\/div>\n<\/section>\n<section class=\"white-section front-news\">\n    <div class=\"section-inner\">\n        <h2>Noticias [en]<\/h2>\n        <div>\n                        <ul>\n                                                    <li><span class=\"date\">2026.04.01<\/span><span class=\"category news-category-2\">NEWS<\/span><span class=\"subject\">Attorney Shota Akiyama has joined the firm.<\/span><\/li>\n                                                                <li><span class=\"date\">2026.03.26<\/span><span class=\"category news-category-2\">NEWS<\/span><span class=\"subject\">Attorneys Miki Takatsuki, Toko Takayanagi, Mizuki Kobayashi, Ryo Watanabe, and Shuto Ishimura have joined our firm.<\/span><\/li>\n                                                                <li><span class=\"date\">2025.05.08<\/span><span class=\"category news-category-2\">NEWS<\/span><span class=\"subject\">Monolith Law Office has been selected as a finalist for the Rising Law Firm of the Year category of the ALB Japan Law Awards, hosted by Asian Legal Business, an international law firm evaluation organization.<\/span><\/li>\n                                                                <li><span class=\"date\">2025.04.01<\/span><span class=\"category news-category-2\">NEWS<\/span><span class=\"subject\">Attorney Keita Yokoyama has joined the firm.<\/span><\/li>\n                                                                <li><span class=\"date\">2025.03.27<\/span><span class=\"category news-category-2\">NEWS<\/span><span class=\"subject\">Attorneys Yusuke Mizutani, Ryusei Juman, Mizuki Koyama, and Yusuke Muto have joined the firm.<\/span><\/li>\n                                                                <li><span class=\"date\">2024.06.12<\/span><span class=\"category news-category-2\">NEWS<\/span><span class=\"subject\">Attorney Akira Yoshida has joined the firm.<\/span><\/li>\n                                                            <\/ul>\n            <div class=\"btn-more\"><a href=\"\/en\/news\/\">Ver m\u00e1s<\/a><\/div>\n        <\/div>\n    <\/div>\n<\/section>\n<section class=\"white-section front-banner\">\n<div class=\"section-inner\">\n<div class=\"banner-slider\">\n<div><a href=\"\/es\/cross-border\"><img decoding=\"async\" src=\"\/wordpress\/wp-content\/themes\/monolith_en\/img\/top\/banner_crossborder.png\" alt=\"Cross-border\"><\/a><\/div>\n<div><a href=\"\/en\/job-openings\"><img decoding=\"async\" src=\"\/wordpress\/wp-content\/themes\/monolith_en\/img\/top\/banner_jobopenings.png\" alt=\"Job Openings\"><\/a><\/div>\n<div><a href=\"https:\/\/www.linkedin.com\/company\/monolith-law-office\/\" target=\"\u201d_blank\u201d\" rel=\"noopener\"><img decoding=\"async\" src=\"\/wordpress\/wp-content\/themes\/monolith_en\/img\/top\/banner_linkedin.png\" alt=\"LinkedIn\"><\/a><\/div>\n<div><a href=\"\/es\/article\"><img decoding=\"async\" src=\"\/wordpress\/wp-content\/themes\/monolith_en\/img\/top\/banner_monolithlawmagazine.svg\" alt=\"MONOLITH LAW MAGAZINE\"><\/a><\/div>\n<\/div>\n<\/div>\n<\/section>\n","protected":false},"excerpt":{"rendered":"<p>Evolucionar las TI Hoy en d\u00eda, las TI est\u00e1n en el centro de las operaciones empresariales modernas, pero el uso de las TI para los negocios requiere una gesti\u00f3n de los riesgos jur\u00eddicos.Nuestra misi\u00f3n [&hellip;]<\/p>\n","protected":false},"author":1,"featured_media":56656,"parent":0,"menu_order":0,"comment_status":"closed","ping_status":"closed","template":"front-page-temp.php","meta":{"footnotes":""},"acf":[],"_links":{"self":[{"href":"https:\/\/monolith.law\/es\/wp-json\/wp\/v2\/pages\/41151"}],"collection":[{"href":"https:\/\/monolith.law\/es\/wp-json\/wp\/v2\/pages"}],"about":[{"href":"https:\/\/monolith.law\/es\/wp-json\/wp\/v2\/types\/page"}],"author":[{"embeddable":true,"href":"https:\/\/monolith.law\/es\/wp-json\/wp\/v2\/users\/1"}],"replies":[{"embeddable":true,"href":"https:\/\/monolith.law\/es\/wp-json\/wp\/v2\/comments?post=41151"}],"version-history":[{"count":138,"href":"https:\/\/monolith.law\/es\/wp-json\/wp\/v2\/pages\/41151\/revisions"}],"predecessor-version":[{"id":71391,"href":"https:\/\/monolith.law\/es\/wp-json\/wp\/v2\/pages\/41151\/revisions\/71391"}],"wp:featuredmedia":[{"embeddable":true,"href":"https:\/\/monolith.law\/es\/wp-json\/wp\/v2\/media\/56656"}],"wp:attachment":[{"href":"https:\/\/monolith.law\/es\/wp-json\/wp\/v2\/media?parent=41151"}],"curies":[{"name":"wp","href":"https:\/\/api.w.org\/{rel}","templated":true}]}}