{"id":4213,"date":"2024-12-24T04:28:26","date_gmt":"2024-12-23T19:28:26","guid":{"rendered":"https:\/\/monolith.law\/?page_id=4213"},"modified":"2025-08-19T19:23:02","modified_gmt":"2025-08-19T10:23:02","slug":"services","status":"publish","type":"page","link":"https:\/\/monolith.law\/es\/services","title":{"rendered":"Servicios"},"content":{"rendered":"\n<section class=\"heading-area\">\n\t<div class=\"heading-area-inner\">\n\t\t<h2 class=\"icon-services\">Servicios<\/h2>\n\t\t<p>Con la experiencia de nuestro abogado gestor como ingeniero de IT y su experiencia en la gesti\u00f3n de empresas de IT, MONOLITH LAW OFFICE se destaca como una firma de abogados l\u00edder en Jap\u00f3n, especializada en IT, negocios e Internet. Nuestra organizaci\u00f3n global nos permite ofrecer servicios legales altamente especializados en estas \u00e1reas.<\/p>\n\t<\/div>\n<\/section>\n<section class=\"second-nav\">\n\t<div class=\"second-nav-inner\">\n\t\t<p>TEMAS<\/p>\n\t\t<nav>\n\t\t\t<ul>\n\t\t\t\t<li><a href=\"#general-corporate\">Corporativo General<\/a><\/li>\n\t\t\t\t<li><a href=\"#it\">IT<\/a><\/li>\n\t\t\t\t<li><a href=\"#cross-border\">Transfronterizo<\/a><\/li>\n\t\t\t\t<li><a href=\"#internet\">Internet<\/a><\/li>\n\t\t\t<\/ul>\n\t\t<\/nav>\n\t<\/div>\n<\/section>\n<section class=\"white-section\">\n\t<div class=\"anchor\" id=\"general-corporate\"><\/div>\n\t<div class=\"section-inner pdb0\">\n\t\t<div class=\"flex\">\n\t\t\t<div class=\"width41\"><img decoding=\"async\" src=\"\/wp-content\/themes\/monolith2021\/img\/pic\/pic_practices-corporate.jpg\" alt=\"Corporativo General\"><\/div>\n\t\t\t<div class=\"width51\">\n\t\t\t\t<div class=\"inline-inner\">\n\t\t\t\t\t<h3>Corporativo General<\/h3>\n\t\t\t\t\t<p>Para ofrecer un soporte legal preciso en el din\u00e1mico entorno de los negocios de IT y startups, es fundamental contar con conocimientos especializados y experiencia. Nuestro despacho, MONOLITH LAW OFFICE, cuenta con numerosos especialistas en esta \u00e1rea y tenemos experiencia en actuar como asesores legales (incluyendo diversos contratos para directores, ejecutivos, etc.) para aproximadamente 1087 empresas, compuestas principalmente por compa\u00f1\u00edas de IT, que van desde empresas de primer nivel hasta startups en fase inicial en Jap\u00f3n.<\/p>\n\t\t\t\t<\/div>\n\t\t\t<\/div>\n\t\t<\/div>\n\t<\/div>\n<\/section>\n<section class=\"white-section\">\n\t<div class=\"section-inner\">\n\t\t<ol class=\"practices-list mgb-big\">\n\t\t\t<li>\n\t\t\t\t<h4><img decoding=\"async\" src=\"\/wp-content\/themes\/monolith_en\/img\/practices\/practices_1_1.svg\" alt=\"1.Derecho de Emprendimientos\"><\/h4>\n\t\t\t\t<img decoding=\"async\" src=\"\/wp-content\/themes\/monolith2021\/img\/practices\/practices_1_1_pic.png\" alt=\"Derecho de Emprendimientos\">\n\t\t\t\t<p>Tenemos una amplia experiencia en asuntos legales relacionados con negocios y capital, incluyendo financiamiento, transferencias de negocios y adquisiciones.<\/p>\n\t\t\t<\/li>\n\t\t\t<li>\n\t\t\t\t<h4><img decoding=\"async\" src=\"\/wp-content\/themes\/monolith_en\/img\/practices\/practices_1_2.svg\" alt=\"2.Derecho de IT y Propiedad Intelectual\"><\/h4>\n\t\t\t\t<img decoding=\"async\" src=\"\/wp-content\/themes\/monolith2021\/img\/practices\/practices_1_2_pic.png\" alt=\"Derecho de IT y Propiedad Intelectual\">\n\t\t\t\t<p>Toki Kawase, nuestro Abogado Representante con experiencia previa como ingeniero, obtendr\u00e1 un profundo entendimiento de los productos de su empresa, en ocasiones leyendo directamente el c\u00f3digo.<\/p>\n\t\t\t<\/li>\n\t\t\t<li>\n\t\t\t\t<h4><img decoding=\"async\" src=\"\/wp-content\/themes\/monolith_en\/img\/practices\/practices_1_3.svg\" alt=\"3.Velocidad\"><\/h4>\n\t\t\t\t<img decoding=\"async\" src=\"\/wp-content\/themes\/monolith2021\/img\/practices\/practices_1_3_pic.png\" alt=\"Velocidad\">\n\t\t\t\t<p>Entendemos la importancia de una respuesta r\u00e1pida para su negocio y empresa. Como regla general, respondemos en un plazo de un d\u00eda h\u00e1bil.<\/p>\n\t\t\t<\/li>\n\t\t\t<li>\n\t\t\t\t<h4><img decoding=\"async\" src=\"\/wp-content\/themes\/monolith_en\/img\/practices\/practices_1_4.svg\" alt=\"4.Asuntos Legales de Peque\u00f1as y Medianas Empresas\"><\/h4>\n\t\t\t\t<img decoding=\"async\" src=\"\/wp-content\/themes\/monolith2021\/img\/practices\/practices_1_4_pic.png\" alt=\"Asuntos Legales de Peque\u00f1as y Medianas Empresas\">\n\t\t\t\t<p>Como nuestro abogado fundador tiene experiencia en la gesti\u00f3n empresarial, comprende personalmente las dificultades de la gesti\u00f3n.<\/p>\n\t\t\t<\/li>\n\t\t<\/ol>\n\t\t<div class=\"btn-area\">\n\t\t\t<div class=\"btn icon-general-corporate\"><a href=\"\/es\/general-corporate\">Derecho Corporativo General<\/a><\/div>\n\t\t<\/div>\n\t<\/div>\n<\/section>\n<section class=\"purple-section\">\n\t<div class=\"anchor\" id=\"it\"><\/div>\n\t<div class=\"section-inner\">\n\t\t<div class=\"flex mgb-middle\">\n\t\t\t<div class=\"width41\"><img decoding=\"async\" src=\"\/wp-content\/themes\/monolith2021\/img\/pic\/pic_practices-itlaw.jpg\" alt=\"IT\"><\/div>\n\t\t\t<div class=\"width51\">\n\t\t\t\t<div class=\"inline-inner\">\n\t\t\t\t\t<h3>IT<\/h3>\n\t\t\t\t\t<p class=\" mgb-middle\">Es importante que los abogados de empresas de IT comprendan la tecnolog\u00eda y las operaciones relacionadas con IT y la propiedad intelectual en el d\u00eda a d\u00eda de la empresa. <br>MONOLITH LAW OFFICE act\u00faa como asesor legal y director jur\u00eddico para empresas de IT, manejando asuntos legales especializados y sofisticados relacionados con IT,<br>como el desarrollo de sistemas, el mantenimiento de t\u00e9rminos de uso para aplicaciones y servicios, la gesti\u00f3n de medios, operaciones de marketing, blockchain, AI, protecci\u00f3n de informaci\u00f3n personal y asuntos legales relacionados con la propiedad intelectual en Jap\u00f3n. <\/p>\n\t\t\t\t<\/div>\n\t\t\t<\/div>\n\t\t<\/div>\n\t\t<ul class=\"layout-column4 mgb-big\">\n\t\t\t<li>\n\t\t\t\t<div><img decoding=\"async\" src=\"\/wp-content\/themes\/monolith2021\/img\/practices-itlaw\/practices-itlaw_pic1.jpg\"><\/div>\n\t\t\t\t<h4>Desarrollo de Sistemas<\/h4>\n\t\t\t\t<p>Desde la redacci\u00f3n, revisi\u00f3n y negociaci\u00f3n de contratos hasta la resoluci\u00f3n de disputas cuando surgen problemas<\/p>\n\t\t\t<\/li>\n\t\t\t<li>\n\t\t\t\t<div><img decoding=\"async\" src=\"\/wp-content\/themes\/monolith2021\/img\/practices-itlaw\/practices-itlaw_pic2.jpg\"><\/div>\n\t\t\t\t<h4>T\u00e9rminos de Uso<\/h4>\n\t\t\t\t<p>Creaci\u00f3n y modificaci\u00f3n de t\u00e9rminos y condiciones, as\u00ed como pol\u00edticas de privacidad, necesarias para la publicaci\u00f3n o operaci\u00f3n. <\/p>\n\t\t\t<\/li>\n\t\t\t<li>\n\t\t\t\t<div><img decoding=\"async\" src=\"\/wp-content\/uploads\/2023\/05\/oss.jpg\"><\/div>\n\t\t\t\t<h4>OSS<\/h4>\n\t\t\t\t<p>Varios tipos de apoyo basados en la comprensi\u00f3n del software, incluyendo el dise\u00f1o de licencias y acuerdos de licencia<\/p>\n\t\t\t<\/li>\n\t\t\t<li>\n\t\t\t\t<div><img decoding=\"async\" src=\"\/wp-content\/uploads\/2022\/07\/shutterstock_1151380622_2.png\"><\/div>\n\t\t\t\t<h4>Activos Criptogr\u00e1ficos<\/h4>\n\t\t\t\t<p>Apoyo a negocios relacionados con blockchain desde una perspectiva legal, incluyendo la recaudaci\u00f3n de fondos, negocios de contenido y NFTs<\/p>\n\t\t\t<\/li>\n\t\t<\/ul>\n\t\t<div class=\"btn-area\">\n\t\t\t<div class=\"btn icon-it\"><a href=\"\/es\/it\">IT<\/a><\/div>\n\t\t<\/div>\n\t<\/div>\n<\/section>\n<section class=\"white-section\">\n\t<div class=\"anchor\" id=\"cross-border\"><\/div>\n\t<div class=\"section-inner\">\n\t\t<div class=\"flex reverse\">\n\t\t\t<div class=\"width41\"><img decoding=\"async\" src=\"\/en\/wp-content\/uploads\/sites\/6\/2023\/06\/global.jpg\" alt=\"Cross Border\"><\/div>\n\t\t\t<div class=\"width51\">\n\t\t\t\t<div class=\"inline-inner\">\n\t\t\t\t\t<h3>Transfronterizo<\/h3>\n\t\t\t\t\t<p class=\"mgb-small\">MONOLITH LAW OFFICE se especializa en ofrecer una amplia gama de servicios legales para empresas extranjeras que desean ingresar al mercado japon\u00e9s. Con experiencia en IT y startups, nuestros abogados experimentados brindan apoyo en acuerdos de licencia, derechos de propiedad intelectual, cumplimiento de privacidad de datos, negociaci\u00f3n de contratos y gesti\u00f3n de riesgos legales.<\/p>\n\t\t\t\t\t<p class=\"mgb-small\">Tambi\u00e9n nos especializamos en asistir a startups con la recaudaci\u00f3n de fondos, acuerdos de inversi\u00f3n y salidas a bolsa (IPOs), impulsando su crecimiento y \u00e9xito a trav\u00e9s de un soporte legal estrat\u00e9gico. Nuestro equipo comprende las caracter\u00edsticas \u00fanicas y los objetivos de cada negocio, proporcionando asesoramiento y soluciones a medida que combinan una perspectiva internacional con conocimientos locales.<\/p>\n\t\t\t\t\t<p class=\"mgb-small\">Resolver problemas legales es vital para una expansi\u00f3n exitosa en Jap\u00f3n. Cont\u00e1ctenos para discutir c\u00f3mo podemos ayudar a su negocio a prosperar en el mercado japon\u00e9s.<\/p>\n\t\t\t\t<\/div>\n\t\t\t<\/div>\n\t\t<\/div>\n\t\t<div class=\"max-width980 mgb-small\"><img decoding=\"async\" src=\"\/wp-content\/uploads\/2023\/05\/global_map.png\" alt=\"Pa\u00edses Soportados\"><\/div>\n\t\t<div class=\"frame2 max-width860 mgb-big txt-center-pc\">\n\t\t\t<p>Servicios Legales Globales: Experticia y Alcance M\u00e1s All\u00e1 de las Fronteras. Asistencia integral en todo el mundo a trav\u00e9s de firmas asociadas de confianza. Cont\u00e1ctenos para necesidades legales transfronterizas.<\/p>\n\t\t<\/div>\n\t\t<div class=\"btn-area\">\n\t\t\t<div class=\"btn icon-cross-border\"><a href=\"\/es\/cross-border\">Cross-border<\/a><\/div>\n\t\t<\/div>\n\t<\/div>\n<\/section>\n\n<section class=\"orange-section\">\n\t<div class=\"anchor\" id=\"internet\"><\/div>\n\t<div class=\"section-inner\">\n\t\t<div class=\"flex mgb-middle\">\n\t\t\t<div class=\"width41\"><img decoding=\"async\" src=\"\/en\/wp-content\/uploads\/sites\/6\/2023\/06\/internet.jpg\" alt=\"Internet\"><\/div>\n\t\t\t<div class=\"width51\">\n\t\t\t\t<h3>Internet<\/h3>\n\t\t\t\t<p class=\"mgb-small\">MONOLITH LAW OFFICE, con su amplia experiencia en asuntos legales relacionados con IT, se destaca en el apoyo a negocios basados en internet, incluyendo YouTubers y empresas involucradas en actividades relacionadas con YouTube.<\/p>\n\t\t\t\t<p class=\"mgb-middle\">Entendemos los riesgos inherentes asociados con internet, como p\u00e1ginas web negativas y publicaciones en foros en l\u00ednea. Nuestro despacho ha manejado con \u00e9xito numerosos casos de gesti\u00f3n de reputaci\u00f3n en l\u00ednea para una amplia gama de clientes, desde individuos hasta grandes corporaciones. Las p\u00e1ginas web negativas presentan un desaf\u00edo legal \u00fanico en Jap\u00f3n, y nuestros abogados calificados est\u00e1n equipados para ofrecer soluciones efectivas. Estamos deseosos de consultar con usted, aprovechando nuestra experiencia y especializaci\u00f3n en la resoluci\u00f3n de problemas relacionados con p\u00e1ginas web negativas.<\/p>\n\t\t\t<\/div>\n\t\t<\/div>\n\t\t<ul class=\"layout-column4 mgb-big\">\n\t\t\t<li>\n\t\t\t\t<div><img decoding=\"async\" src=\"\/wp-content\/themes\/monolith2021\/img\/pic\/pic_practices-youtuberlaw.jpg\" alt=\"YouTuber\"><\/div>\n\t\t\t\t<h4>YouTuber<\/h4>\n\t\t\t\t<p>Experiencia en gesti\u00f3n de influencers. Entendemos la ley japonesa y el panorama de internet en constante evoluci\u00f3n. Conf\u00edan en nosotros las principales agencias de YouTubers, compa\u00f1\u00edas de VTubers y creadores. Ofrecemos soporte legal especializado para contratos y cuestiones relacionadas con videos en Jap\u00f3n.<\/p>\n\t\t\t<\/li>\n\t\t\t<li>\n\t\t\t\t<div><img decoding=\"async\" src=\"\/wp-content\/themes\/monolith2021\/img\/pic\/pic_sns_manda.jpg\" alt=\"M&amp;A de SNS\"><\/div>\n\t\t\t\t<h4>M&amp;A de SNS<\/h4>\n\t\t\t\t<p>Experiencia en M&amp;A de redes sociales. Nuestro despacho comprende la naturaleza \u00fanica de las transacciones de cuentas de YouTube y Twitter. Con un fuerte conocimiento en IT e internet, proporcionamos apoyo integral para contratos, due diligence y aspectos legales. Conf\u00ede en nosotros para proteger y maximizar el valor de sus activos digitales.<\/p>\n\t\t\t<\/li>\n\t\t\t<li>\n\t\t\t\t<div><img decoding=\"async\" src=\"\/wp-content\/themes\/monolith2021\/img\/pic\/pic_practices-reputation.jpg\" alt=\"P\u00e1ginas Web Negativas\"><\/div>\n\t\t\t\t<h4>P\u00e1ginas Web Negativas<\/h4>\n\t\t\t\t<p>Defensa contra ataques en l\u00ednea. Especializados en derecho de internet, eliminamos p\u00e1ginas web da\u00f1inas que perjudican reputaciones. Confiados por corporaciones e individuos, proporcionamos intervenciones legales estrat\u00e9gicas y soluciones integrales para proteger su presencia y reputaci\u00f3n en l\u00ednea.<\/p>\n\t\t\t<\/li>\n\t\t\t<li>\n\t\t\t\t<div><img decoding=\"async\" src=\"\/wp-content\/themes\/monolith2021\/img\/pic\/pic_reputation.jpg\" alt=\"Identificaci\u00f3n de Postadores\"><\/div>\n\t\t\t\t<h4>Identificaci\u00f3n de Publicadores<\/h4>\n\t\t\t\t<p>Nos dedicamos a la identificaci\u00f3n de los responsables de publicaciones ilegales. En MONOLITH LAW OFFICE, somos especialistas en derecho de internet y tenemos una amplia experiencia en el manejo de casos que involucran contenido en l\u00ednea negativo. Navegamos por los procesos legales con el objetivo de buscar justicia y proteger los intereses de nuestros clientes.<\/p>\n\t\t\t<\/li>\n\t\t<\/ul>\n\t\t<div class=\"btn-area\">\n\t\t\t<div class=\"btn icon-internet\"><a href=\"\/es\/internet\">Internet<\/a><\/div>\n\t\t<\/div>\n\t<\/div>\n<\/section>\n","protected":false},"excerpt":{"rendered":"<p>Servicios Con la experiencia de nuestro abogado gestor como ingeniero de IT y su experiencia en la gesti\u00f3n de empresas de IT, MONOLITH LAW OFFICE se destaca como una firma de abogados l\u00edder en Jap\u00f3n,  [&hellip;]<\/p>\n","protected":false},"author":1,"featured_media":4207,"parent":0,"menu_order":4,"comment_status":"closed","ping_status":"closed","template":"practices-page-temp.php","meta":{"footnotes":""},"acf":[],"_links":{"self":[{"href":"https:\/\/monolith.law\/es\/wp-json\/wp\/v2\/pages\/4213"}],"collection":[{"href":"https:\/\/monolith.law\/es\/wp-json\/wp\/v2\/pages"}],"about":[{"href":"https:\/\/monolith.law\/es\/wp-json\/wp\/v2\/types\/page"}],"author":[{"embeddable":true,"href":"https:\/\/monolith.law\/es\/wp-json\/wp\/v2\/users\/1"}],"replies":[{"embeddable":true,"href":"https:\/\/monolith.law\/es\/wp-json\/wp\/v2\/comments?post=4213"}],"version-history":[{"count":119,"href":"https:\/\/monolith.law\/es\/wp-json\/wp\/v2\/pages\/4213\/revisions"}],"predecessor-version":[{"id":70806,"href":"https:\/\/monolith.law\/es\/wp-json\/wp\/v2\/pages\/4213\/revisions\/70806"}],"wp:featuredmedia":[{"embeddable":true,"href":"https:\/\/monolith.law\/es\/wp-json\/"}],"wp:attachment":[{"href":"https:\/\/monolith.law\/es\/wp-json\/wp\/v2\/media?parent=4213"}],"curies":[{"name":"wp","href":"https:\/\/api.w.org\/{rel}","templated":true}]}}