{"id":4232,"date":"2024-12-27T22:55:45","date_gmt":"2024-12-27T13:55:45","guid":{"rendered":"https:\/\/monolith.law\/?page_id=4232"},"modified":"2025-08-19T19:40:45","modified_gmt":"2025-08-19T10:40:45","slug":"greetings-from-the-managing-attorney","status":"publish","type":"page","link":"https:\/\/monolith.law\/es\/greetings-from-the-managing-attorney","title":{"rendered":"Saludos del Socio Director"},"content":{"rendered":"\n<section class=\"heading-area\">\n\t<div class=\"heading-area-inner\">\n\t\t<h2 class=\"icon-greetings-from-the-managing-attorney\">Saludos del Socio Director<\/h2>\n\t<\/div>\n<\/section>\n\n<section class=\"white-section\">\n\t<div class=\"section-inner section-inner-bottomhalf pdt0 border-bottom-section\">\n\t\t<div class=\"tagline\">\n\t\t\t<div class=\"textArea\">\n\t\t\t\t<p>El aprovechamiento del poder de la tecnolog\u00eda de la informaci\u00f3n ha revolucionado la historia de la humanidad,<br class=\"pcOnly\"> comparable al impacto de la dinamita.<br>Internet, en particular, ha transformado r\u00e1pidamente el curso de la evoluci\u00f3n,<br class=\"pcOnly\"> impulsando a la humanidad hacia adelante a un ritmo sin precedentes.<br>Sin embargo, con su inmenso poder tambi\u00e9n vienen grandes riesgos.<\/p>\n\t\t\t\t<p>En MONOLITH LAW OFFICE, creemos firmemente que es nuestra responsabilidad asegurar<br class=\"pcOnly\"> que las fuerzas de nuestro tiempo se utilicen no como una amenaza para los negocios,<br class=\"pcOnly\"> sino como un catalizador para su evoluci\u00f3n revolucionaria.<br>Nos esforzamos por ser un equipo innovador y con visi\u00f3n de futuro, proporcionando orientaci\u00f3n legal<br class=\"pcOnly\"> y apoyo que permite a las empresas desbloquear el potencial completo de la tecnolog\u00eda de la informaci\u00f3n.<\/p>\n\t\t\t\t<p>Nuestra misi\u00f3n es navegar por el complejo panorama legal, empoderando a las empresas<br class=\"pcOnly\"> para aprovechar al m\u00e1ximo la IT. Al abrazar las oportunidades presentadas por<br class=\"pcOnly\"> la era digital, nuestro objetivo es facilitar el crecimiento transformador de los negocios de nuestros clientes.<\/p>\n\t\t\t\t<p class=\"txt-l\">Evolucionando la IT<\/p>\n\t\t\t\t<p>MONOLITH LAW OFFICE<\/p>\n\t\t\t<\/div>\n\t\t\t<div class=\"logo\"><img decoding=\"async\" src=\"\/wp-content\/themes\/monolith2021\/img\/logo.svg\" alt=\"MONOLITH LAW OFFICE\"><\/div>\n\t\t<\/div>\n\t<\/div>\n<\/section>\n\n<section class=\"second-nav\">\n\t<div class=\"second-nav-inner\">\n\t\t<p>TEMAS<\/p>\n\t\t<nav>\n\t\t\t<ul>\n\t\t\t\t<li><a href=\"#law-firm-led-by-former-it-engineer-turned-lawyer-with-corporate-management-experience\">Despacho liderado por un ex ingeniero de IT convertido en abogado con experiencia en gesti\u00f3n corporativa<\/a><\/li>\n\t\t\t\t<li><a href=\"#a-law-firm-emphasizing-it-internet-and-business-expertise\">Un Despacho de Abogados con \u00c9nfasis en IT, Internet y Experticia Empresarial<\/a><\/li>\n\t\t\t\t<li><a href=\"#corporate-law-and-it-legal-expertise\">Derecho Corporativo y Experticia Legal en IT<\/a><\/li>\n\t\t\t\t<li><a href=\"#a-team-of-lawyers-and-it-consultants\">Un Equipo de Abogados y Consultores de IT<\/a><\/li>\n\t\t\t<\/ul>\n\t\t<\/nav>\n\t<\/div>\n<\/section>\n\n<section class=\"white-section\">\n\t<div class=\"anchor\" id=\"law-firm-led-by-former-it-engineer-turned-lawyer-with-corporate-management-experience\"><\/div>\n\t<div class=\"section-inner\">\n\t\t<div class=\"flex\">\n\t\t\t<div class=\"width41\"><img decoding=\"async\" src=\"\/wp-content\/uploads\/2023\/06\/message_1.jpg\" alt=\"Despacho liderado por un ex ingeniero de IT convertido en abogado con experiencia en gesti\u00f3n corporativa.\"><\/div>\n\t\t\t<div class=\"width51\">\n\t\t\t\t<h3>Despacho de abogados liderado por un ex ingeniero de IT convertido en abogado con experiencia en gesti\u00f3n empresarial<\/h3>\n\t\t\t\t<p class=\"font-h3 txt-right mgb-middle\">Abogado Gestor: Toki Kawase<\/p>\n\t\t\t\t<p class=\"mgb-small\">Desde ni\u00f1o, siempre he tenido una pasi\u00f3n por los ordenadores y la tecnolog\u00eda, lo que me vali\u00f3 el t\u00edtulo de &#8220;geek de la computaci\u00f3n&#8221;. A lo largo de mi adolescencia y comienzos de la vida adulta, me sumerg\u00ed en el mundo de la IT, dirigiendo mi propio negocio y adquiriendo una valiosa experiencia.<\/p>\n\t\t\t\t<p class=\"mgb-small\">Mi viaje comenz\u00f3 en la escuela primaria, cuando empec\u00e9 a programar en mi primer PC, un &#8220;MSX 2+&#8221;. En la secundaria, incluso me un\u00ed al equipo de computaci\u00f3n de la escuela, alimentando mi pasi\u00f3n por la programaci\u00f3n. Durante mis a\u00f1os universitarios, surgi\u00f3 la oportunidad de crear un sitio web para una empresa, lo que se convirti\u00f3 en un punto de inflexi\u00f3n en mi carrera. La flexibilidad y las recompensas financieras de esta empresa me llevaron a explorar varios negocios relacionados con la IT, como el desarrollo web, la creaci\u00f3n de servicios web y la optimizaci\u00f3n SEO.<\/p>\n\t\t\t\t<p class=\"mgb-small\">Durante este per\u00edodo, las startups lideradas por j\u00f3venes profesionales en el campo de la IT estaban cobrando impulso, y me encontr\u00e9 completamente inmerso en el mundo din\u00e1mico y en r\u00e1pida evoluci\u00f3n del emprendimiento. Trabajando incansablemente, abrac\u00e9 proyectos tanto nacionales como transfronterizos, colaborando con socios internacionales y adapt\u00e1ndome constantemente al cambiante panorama.<\/p>\n\t\t\t\t<p class=\"mgb-small\">Sin embargo, a finales de mis veinte a\u00f1os, tom\u00e9 una decisi\u00f3n que cambi\u00f3 mi vida. Pas\u00e9 el testigo de mi negocio de IT a otros y emprend\u00ed un nuevo camino. Me inscrib\u00ed en la facultad de derecho con el objetivo de combinar mi experiencia t\u00e9cnica con el conocimiento legal. Hoy, como abogado y ex ingeniero de IT con experiencia en gesti\u00f3n empresarial, lidero MONOLITH LAW OFFICE, un despacho que comprende las complejidades de la industria de la IT y ofrece servicios legales integrales.<\/p>\n\t\t\t\t<p>En nuestro despacho, aprovechamos nuestra mezcla \u00fanica de conocimientos de IT y experiencia legal para proporcionar orientaci\u00f3n y apoyo efectivos a nuestros clientes. Entendemos los desaf\u00edos y oportunidades que surgen en la era digital, y estamos dedicados a ayudar a las empresas a navegar por el panorama legal y alcanzar sus metas.<\/p>\n\t\t\t<\/div>\n\t\t<\/div>\n\t<\/div>\n<\/section>\n\n<section class=\"purple-section\">\n\t<div class=\"anchor\" id=\"a-law-firm-emphasizing-it-internet-and-business-expertise\"><\/div>\n\t<div class=\"section-inner\">\n\t\t<div class=\"flex reverse\">\n\t\t\t<div class=\"width41\"><img decoding=\"async\" src=\"\/wp-content\/uploads\/2023\/06\/message_2.jpg\" alt=\"Despacho de Abogados con \u00c9nfasis en IT, Internet y Experticia Empresarial\"><\/div>\n\t\t\t<div class=\"width51\">\n\t\t\t\t<h3>Un Bufete de Abogados con \u00c9nfasis en IT, Internet y Experticia Empresarial<\/h3>\n\t\t\t\t<p class=\"mgb-small\">Muchas personas ven mi transici\u00f3n de ser propietario de un negocio de IT a abogado como un cambio radical de 180 grados. Sin embargo, creo que el cambio no fue tan dr\u00e1stico como podr\u00eda parecer.<\/p>\n\t\t\t\t<p class=\"mgb-small\">Reflexionando sobre mi pasado, me doy cuenta de que, incluso siendo un ingeniero de IT orientado a la ciencia, siempre tuve una inclinaci\u00f3n natural por el pensamiento relacionado con las humanidades. El mundo de los negocios me intrigaba, lo que me llev\u00f3 a emprender en lugar de seguir una carrera convencional como ingeniero de IT.<\/p>\n\t\t\t\t<p class=\"mgb-small\">Hoy en d\u00eda, como abogado, me destaco por mi pensamiento cient\u00edfico en un campo tradicionalmente asociado con las humanidades. Este trasfondo me posiciona como el abogado gestor del MONOLITH LAW OFFICE, un bufete que pone un fuerte \u00e9nfasis en asuntos de IT, Internet y negocios.<\/p>\n\t\t\t\t<p class=\"mgb-big\">Aunque mi carrera difiere de la de un ingeniero de IT t\u00edpico, veo mi transici\u00f3n de ingeniero de IT a abogado m\u00e1s como un cambio gradual, quiz\u00e1s de unas pocas docenas de grados en lugar de un giro completo. De hecho, lo percibo como una progresi\u00f3n natural que me permite aprovechar mi combinaci\u00f3n \u00fanica de habilidades y conocimientos para servir mejor a nuestros clientes en los sectores de IT, Internet y negocios.<\/p>\n\t\t\t\t<div class=\"btn-area align-left\">\n\t\t\t\t\t<div class=\"btn icon-services\"><a href=\"\/es\/services\">Servicios<\/a><\/div>\n\t\t\t\t<\/div>\n\t\t\t<\/div>\n\t\t<\/div>\n\t<\/div>\n<\/section>\n\n<section class=\"white-section\">\n\t<div class=\"anchor\" id=\"corporate-law-and-it-legal-expertise\"><\/div>\n\t<div class=\"section-inner\">\n\t\t<div class=\"flex\">\n\t\t\t<div class=\"width41\"><img decoding=\"async\" src=\"\/wp-content\/uploads\/2023\/06\/message_3.jpg\" alt=\"Experiencia en Derecho Corporativo y Legal en IT\"><\/div>\n\t\t\t<div class=\"width51\">\n\t\t\t\t<h3>Derecho Corporativo y Experticia Legal en IT<\/h3>\n\t\t\t\t<p class=\"mgb-small\">En MONOLITH LAW OFFICE, desempe\u00f1o un doble papel. En primer lugar, proporciono apoyo en derecho corporativo a empresas de IT y startups como consultor. Comprender las complejidades de la industria de IT y los desaf\u00edos \u00fanicos que enfrentan las startups es esencial para ofrecer servicios legales efectivos y personalizados a sus necesidades. Con mi experiencia directa y especializaci\u00f3n en entornos de IT y startups, estoy perfectamente capacitado para brindar asistencia legal excepcional a estos clientes.<\/p>\n\t\t\t\t<p class=\"mgb-small\">En segundo lugar, trabajo como parte de un equipo de especialistas en IT y derecho, ofreciendo servicios de consultor\u00eda a empresas de diversos sectores que requieren orientaci\u00f3n en asuntos legales relacionados con IT. Nuestro equipo aprovecha nuestro conocimiento colectivo de IT y derecho para ensamblar y entregar soluciones \u00f3ptimas que se ajusten a los requerimientos espec\u00edficos de cada cliente.<\/p>\n\t\t\t\t<p class=\"mgb-small\">Mientras que los servicios legales tradicionales a menudo se centran en proporcionar productos espec\u00edficos, como la presentaci\u00f3n de demandas a petici\u00f3n, reconozco la importancia de asegurar que las soluciones proporcionadas satisfagan verdaderamente las necesidades del cliente. \u00bfPodemos confiar \u00fanicamente en el cliente para dise\u00f1ar una soluci\u00f3n que aborde efectivamente sus desaf\u00edos \u00fanicos? Estas son consideraciones cr\u00edticas que tengo en cuenta.<\/p>\n\t\t\t\t<p class=\"mgb-small\">Por ejemplo, consideremos el apoyo para Ofertas P\u00fablicas Iniciales (IPOs) en Jap\u00f3n. Para asegurar el cumplimiento, las empresas deben examinar minuciosamente todas las posibles enmiendas a las leyes y regulaciones japonesas que puedan impactar sus operaciones y tomar las acciones apropiadas. Sin embargo, seguir el rastro de las numerosas enmiendas, incluyendo las menores, puede ser un desaf\u00edo para los abogados en su trabajo diario.<\/p>\n\t\t\t\t<p>Como experto en IT y derecho, me esfuerzo por proporcionar &#8220;soluciones&#8221; que combinen el poder de IT y el derecho para abordar de manera efectiva estos problemas complejos.<\/p>\n\t\t\t<\/div>\n\t\t<\/div>\n\t<\/div>\n<\/section>\n\n<section class=\"orange-section\">\n\t<div class=\"anchor\" id=\"a-team-of-lawyers-and-it-consultants\"><\/div>\n\t<div class=\"section-inner\">\n\t\t<div class=\"flex reverse\">\n\t\t\t<div class=\"width41\"><img decoding=\"async\" src=\"\/wp-content\/uploads\/2023\/06\/message_4.jpg\" alt=\"Un Equipo de Abogados y Consultores de IT\"><\/div>\n\t\t\t<div class=\"width51\">\n\t\t\t\t<h3>Un Equipo de Abogados y Consultores de IT<\/h3>\n\t\t\t\t<p class=\"mgb-small\">Adem\u00e1s del ejemplo de apoyo a IPOs, existen numerosas situaciones en las que la combinaci\u00f3n de IT y derecho es esencial para satisfacer las necesidades de los clientes. Enfrentar escenarios de problemas complejos requiere de un equipo con habilidades y capacidades para tomar decisiones informadas e implementar medidas efectivas de un amplio abanico de opciones. Aunque los abogados son profesionales legales y especialistas en asuntos jur\u00eddicos, construir una &#8220;soluci\u00f3n&#8221; integral demanda m\u00e1s que solo conocimiento legal.<\/p>\n\t\t\t\t<p class=\"mgb-small\">Por eso, nuestro equipo incluye miembros que no son solo abogados, como consultores de IT, quienes aportan un conjunto diverso de habilidades. Con su capacidad para realizar investigaciones en internet, explicar propuestas de soluciones y ofrecer perspectivas que van m\u00e1s all\u00e1 del conocimiento legal tradicional, podemos proporcionar soluciones integrales y efectivas. Al manejar asuntos legales transfronterizos, la colaboraci\u00f3n con equipos m\u00e1s all\u00e1 de los abogados es crucial. Nuestros miembros del equipo con dominio de idiomas extranjeros y un profundo entendimiento de los entornos de negocios internacionales nos permiten navegar por campos de vanguardia en el sector IT transfronterizo.<\/p>\n\t\t\t\t<p class=\"mgb-small\">En cuanto al reclutamiento, es importante se\u00f1alar que muchos de nuestros abogados se unen a MONOLITH LAW OFFICE sin una amplia experiencia en IT. Fomentamos un ambiente colaborativo donde abogados con antecedentes y experiencias diversas en asuntos legales relacionados con IT trabajan juntos como un equipo. Las responsabilidades para los miembros del equipo que no son abogados a menudo se determinan en base a sus habilidades y caracter\u00edsticas despu\u00e9s de unirse a la firma y participar en diversos negocios. Damos la bienvenida a las solicitudes de abogados que quiz\u00e1s no tengan conocimientos especializados en IT o que duden en ser etiquetados como &#8220;especialistas&#8221;.<\/p>\n\t\t\t\t<p class=\"mgb-big\">En MONOLITH LAW OFFICE, valoramos la experiencia colectiva y las contribuciones de cada miembro del equipo, creando un ambiente din\u00e1mico e innovador que combina la competencia legal con perspectivas de IT.<\/p>\n\t\t\t\t<div class=\"btn-area align-left\">\n\t\t\t\t\t<div class=\"btn icon-job-openings\"><a href=\"\/en\/job-openings\/\">Ofertas de Empleo<\/a><\/div>\n\t\t\t\t<\/div>\n\t\t\t<\/div>\n\t\t<\/div>\n\t<\/div>\n<\/section>\n","protected":false},"excerpt":{"rendered":"<p>Saludos del Socio Director El aprovechamiento del poder de la tecnolog\u00eda de la informaci\u00f3n ha revolucionado la historia de la humanidad, comparable al impacto de la dinamita.Internet, en particular, h [&hellip;]<\/p>\n","protected":false},"author":1,"featured_media":4194,"parent":0,"menu_order":8,"comment_status":"closed","ping_status":"closed","template":"other-page-temp.php","meta":{"footnotes":""},"acf":[],"_links":{"self":[{"href":"https:\/\/monolith.law\/es\/wp-json\/wp\/v2\/pages\/4232"}],"collection":[{"href":"https:\/\/monolith.law\/es\/wp-json\/wp\/v2\/pages"}],"about":[{"href":"https:\/\/monolith.law\/es\/wp-json\/wp\/v2\/types\/page"}],"author":[{"embeddable":true,"href":"https:\/\/monolith.law\/es\/wp-json\/wp\/v2\/users\/1"}],"replies":[{"embeddable":true,"href":"https:\/\/monolith.law\/es\/wp-json\/wp\/v2\/comments?post=4232"}],"version-history":[{"count":30,"href":"https:\/\/monolith.law\/es\/wp-json\/wp\/v2\/pages\/4232\/revisions"}],"predecessor-version":[{"id":69085,"href":"https:\/\/monolith.law\/es\/wp-json\/wp\/v2\/pages\/4232\/revisions\/69085"}],"wp:featuredmedia":[{"embeddable":true,"href":"https:\/\/monolith.law\/es\/wp-json\/"}],"wp:attachment":[{"href":"https:\/\/monolith.law\/es\/wp-json\/wp\/v2\/media?parent=4232"}],"curies":[{"name":"wp","href":"https:\/\/api.w.org\/{rel}","templated":true}]}}