{"id":43788,"date":"2024-12-18T00:15:26","date_gmt":"2024-12-17T15:15:26","guid":{"rendered":"https:\/\/monolith.law\/?page_id=43788"},"modified":"2025-08-19T19:43:55","modified_gmt":"2025-08-19T10:43:55","slug":"tokikawase","status":"publish","type":"page","link":"https:\/\/monolith.law\/es\/tokikawase","title":{"rendered":"Abogado Gestor: Toki Kawase"},"content":{"rendered":"\n<section class=\"heading-area\">\n\t<div class=\"heading-area-inner\">\n\t\t<h2 class=\"icon-tokikawase\">Abogado Gestor: Toki Kawase<\/h2>\n\t<\/div>\n<\/section>\n<section class=\"second-nav\">\n\t<div class=\"second-nav-inner\">\n\t\t<p>TEMAS<\/p>\n\t\t<nav>\n\t\t\t<ul>\n\t\t\t\t<li><a href=\"#biography\">Biograf\u00eda<\/a><\/li>\n\t\t\t\t<li><a href=\"#introduction\">Introducci\u00f3n<\/a><\/li>\n\t\t\t\t<li><a href=\"#career\">Carrera<\/a><\/li>\n\t\t\t\t<li><a href=\"#thoughts-on-it-related-legal-services\">Pensamientos sobre los Servicios Legales relacionados con IT<\/a><\/li>\n\t\t\t\t<li><a href=\"#published-books-and-media-appearances\">Libros Publicados y Apariciones en Medios<\/a><\/li>\n\t\t\t\t<li><a href=\"#other-achievements\">Otros Logros<\/a><\/li>\n\t\t\t<\/ul>\n\t\t<\/nav>\n\t<\/div>\n<\/section>\n<section class=\"white-section\">\n\t<div class=\"anchor\" id=\"biography\"><\/div>\n\t<div class=\"section-inner\">\n\t\t<div class=\"flex\">\n\t\t\t<div class=\"width41\"><img decoding=\"async\" src=\"\/wp-content\/uploads\/2019\/08\/kawase-1024x1024.jpg\" alt=\"abogado representante Toki Kawase\"><\/div>\n\t\t\t<div class=\"width51\">\n\t\t\t\t<h3>Biograf\u00eda<\/h3>\n\t\t\t\t<p class=\"mgb-small\">Toki Kawase es el abogado fundador de MONOLITH LAW OFFICE. Despu\u00e9s de matricularse en la universidad y dirigir un negocio exitoso como ingeniero de IT y escritor, el Sr. Kawase comenz\u00f3 a estudiar derecho. Tras obtener su licencia de abogado, r\u00e1pidamente se destac\u00f3 como un letrado con amplia experiencia en IT debido a su historial como gerente en este campo. Luego, en 2017 (Heisei 29), estableci\u00f3 MONOLITH LAW OFFICE despu\u00e9s de trabajar en un bufete de abogados de Tokio especializado en IT.<\/p>\n\t\t\t\t<p class=\"mgb-small\">La posici\u00f3n del Sr. Kawase como abogado se basa en las habilidades que ha adquirido en los campos de la ciencia y la IT, incluyendo el razonamiento l\u00f3gico, la perspicacia empresarial y el conocimiento de la tecnolog\u00eda relacionada con IT e Internet. Contin\u00faa buscando nuevas maneras para que la comunidad legal potencie la tecnolog\u00eda en nuestra sociedad.<\/p>\n\t\t\t\t<p class=\"mgb-middle\"><a href=\"https:\/\/www.linkedin.com\/in\/tokikawase\" target=\"_blank\" rel=\"noopener\">LinkedIn (en)<\/a> \/ <a href=\"https:\/\/twitter.com\/tokikawase\" target=\"_blank\" rel=\"noopener\">Twitter (ja)<\/a> \/ <a href=\"https:\/\/www.facebook.com\/tokikawase\" target=\"_blank\" rel=\"noopener\">Facebook (ja)<\/a><\/p>\n\t\t\t\t<table class=\"wp-block-table aligncenter is-style-regular\">\n\t\t\t\t<tbody>\n\t\t\t\t<tr>\n\t\t\t\t\t<td style=\"width: 30%\">Cargo<\/td>\n\t\t\t\t\t<td>\n\t\t\t\t\t<p style=\"text-align: left\">Abogado Gestor<\/p>\n\t\t\t\t\t<\/td>\n\t\t\t\t<\/tr>\n\t\t\t\t<tr>\n\t\t\t\t\t<td>Afiliaci\u00f3n a la Firma<\/td>\n\t\t\t\t\t<td>\n\t\t\t\t\t<p style=\"text-align: left\">MONOLITH LAW OFFICE<\/p>\n\t\t\t\t\t<\/td>\n\t\t\t\t<\/tr>\n\t\t\t\t<tr>\n\t\t\t\t\t<td>Colegio de Abogados<\/td>\n\t\t\t\t\t<td>\n\t\t\t\t\t<p style=\"text-align: left\">Colegio de Abogados de Tokio (Jap\u00f3n)<\/p>\n\t\t\t\t\t<\/td>\n\t\t\t\t<\/tr>\n\t\t\t\t<tr>\n\t\t\t\t\t<td>N\u00famero de Registro<\/td>\n\t\t\t\t\t<td>\n\t\t\t\t\t<p style=\"text-align: left\">51306<\/p>\n\t\t\t\t\t<\/td>\n\t\t\t\t<\/tr>\n\t\t\t\t<tr>\n\t\t\t\t\t<td>Lugar de Nacimiento<\/td>\n\t\t\t\t\t<td>\n\t\t\t\t\t<p style=\"text-align: left\">Tokio, Jap\u00f3n<\/p>\n\t\t\t\t\t<\/td>\n\t\t\t\t<\/tr>\n\t\t\t\t<tr>\n\t\t\t\t\t<td>Educaci\u00f3n<\/td>\n\t\t\t\t\t<td>\n\t\t\t\t\t<p style=\"text-align: left\">Escuelas de Derecho y Pol\u00edtica, Facultad de Derecho &#8211; Universidad de Tokio<\/p>\n\t\t\t\t\t<\/td>\n\t\t\t\t<\/tr>\n\t\t\t\t<tr>\n\t\t\t\t\t<td>Afiliaciones<\/td>\n\t\t\t\t\t<td>\n\t\t\t\t\t<p style=\"text-align: left\">JAPAN MENSA<\/p>\n\t\t\t\t\t<\/td>\n\t\t\t\t<\/tr>\n\t\t\t\t<tr>\n\t\t\t\t<td>Libros Publicados<\/td>\n\t\t\t\t\t<td>\n\t\t\t\t\t<p style=\"text-align: left\">Leyes del ChatGPT (CHUOKEIZAI-SHA, 2023), IT Lawyer, Cu\u00e9ntame sobre la Ley y los T\u00e9rminos de YouTube (Shodensha, 2022), Preguntas y Respuestas Legales F\u00e1ciles para Ingenieros de IT (Gijutsu Hyoronsha, 2020), El Arte de la Persuasi\u00f3n (Daiwa Shobo, 2018), Tatuaje Digital (Jiyu Kokumin Sha Inc, 2017), M\u00e1s Inteligente. Rompecabezas &#8220;S\u00faper Dif\u00edciles&#8221; para Adultos (Long Sellers, 2016), Casos del Libro de Ley de Limitaci\u00f3n de Responsabilidad del Proveedor (LABO (Centro de Publicaciones del Sal\u00f3n de Abogados), 2016)<\/p>\n\t\t\t\t\t<\/p>\n\t\t\t\t\t<\/td>\n\t\t\t\t<\/tr>\n\t\t\t\t<tr>\n\t\t\t\t<td>Apariciones en Medios<\/td>\n\t\t\t\t\t<td>\n\t\t\t\t\t<p style=\"text-align: left\">AbemaPrime (AbemaTV, 16 de febrero de 2022), Canal de Noticias Abema &#8220;Keyaki Hills&#8221; (13 de diciembre de 2019), \u00a1Bebop High Heel! (Asahi Broadcasting Corporation, 19 de septiembre de 2019), \u00a1Live News it! (Fuji TV, 20 de agosto de 2019), Tatuaje Digital (Drama de S\u00e1bado de NHK, desde el 18 de mayo de 2019), Asaichi (NHK, 15 de mayo de 2019), AbemaPrime (AbemaTV, domingo, 22 de diciembre de 2017), Saturday Premium (Fuji TV, 30 de abril de 2016)<\/p>\n\t\t\t\t\t<\/p>\n\t\t\t\t\t<\/td>\n\t\t\t\t<\/tr>\n\t\t\t\t<\/tbody>\n\t\t\t\t<\/table>\n\t\t\t<\/div>\n\t\t<\/div>\n\t<\/div>\n<\/section>\n<section class=\"purple-section\">\n\t<div class=\"anchor\" id=\"introduction\"><\/div>\n\t<div class=\"section-inner\">\n\t\t<div class=\"flex reverse\">\n\t\t\t<div class=\"width41\"><img decoding=\"async\" src=\"\/en\/wp-content\/uploads\/sites\/6\/2023\/06\/message-manager01.jpg\" alt=\"Introducci\u00f3n\"><\/div>\n\t\t\t<div class=\"width51\">\n\t\t\t\t<h3>Introducci\u00f3n<\/h3>\n\t\t\t\t<p class=\"mgb-small\">Soy Toki Kawase, abogado fundador de MONOLITH LAW OFFICE. Comenc\u00e9 a estudiar derecho a finales de mis 20 a\u00f1os, despu\u00e9s de ingresar a la universidad y administrar un negocio como ingeniero de IT y escritor. Aprob\u00e9 el examen de la barra y me convert\u00ed en un &#8220;ex ingeniero de IT y abogado con experiencia en gesti\u00f3n de negocios&#8221;. Luego, despu\u00e9s de trabajar para un bufete de abogados relacionado con IT en Tokio, fund\u00e9 Monolith Law Office en 2017.<\/p>\n\t\t\t\t<p class=\"mgb-big\">Las cosas que he aprendido en el campo de la ciencia y la IT, como el pensamiento l\u00f3gico, el sentido y el conocimiento de la tecnolog\u00eda y los negocios relacionados con IT\/Internet, son los pilares de mi carrera como abogado. Me gustar\u00eda seguir reflexionando profundamente sobre c\u00f3mo los asuntos legales y los bufetes de abogados pueden tener un impacto positivo en la tecnolog\u00eda y la sociedad.<\/p>\n\t\t\t<\/div>\n\t\t<\/div>\n\t<\/div>\n<\/section>\n<section class=\"orange2-section\">\n\t<div class=\"section-inner-bottomhalf\">\n\t<div class=\"anchor\" id=\"career\"><\/div>\n\t\t<h3>Carrera<\/h3>\n\t\t<table class=\"type02\">\n\t\t<tbody>\n\t\t<tr>\n\t\t\t<td>Diciembre 2014<\/td>\n\t\t\t<td>Registrado como abogado y miembro de COSMOPOLITAN LAW OFFICE<\/td>\n\t\t<\/tr>\n\t\t<tr>\n\t\t\t<td>Marzo 2015<\/td>\n\t\t\t<td>Nombrado Director Representante de Easter Mobile Corporation (ahora Easter Corporation)<\/td>\n\t\t<\/tr>\n\t\t<tr>\n\t\t\t<td>Mayo 2016<\/td>\n\t\t\t<td>Nombrado Socio, COSMOPOLITAN LAW OFFICE<\/td>\n\t\t<\/tr>\n\t\t<tr>\n\t\t\t<td>Marzo 2017<\/td>\n\t\t\t<td>Apertura de MONOLITH LAW OFFICE<\/td>\n\t\t<\/tr>\n\t\t<tr>\n\t\t\t<td>Junio 2017 (hasta Septiembre 2022)<\/td>\n\t\t\t<td>Auditor, Rhelixa Corporation<\/td>\n\t\t<\/tr>\n\t\t<tr>\n\t\t\t<td>Julio 2017 (hasta Mayo 2019)<\/td>\n\t\t\t<td>Auditor, GIFTED AGENT K.K. (ahora Gftd Japan K.K.)<\/td>\n\t\t<\/tr>\n\t\t<tr>\n\t\t\t<td>Octubre 2018 (hasta Marzo 2021)<\/td>\n\t\t\t<td>Auditor, Algorithm Inc.<\/td>\n\t\t<\/tr>\n\t\t<tr>\n\t\t\t<td>Marzo 2020<\/td>\n\t\t\t<td>MONOLITH LAW OFFICE, incorporado como abogado<br>(Procedimientos para la reorganizaci\u00f3n regidos por la ley japonesa)<\/td>\n\t\t<\/tr>\n\t\t<tr>\n\t\t\t<td>Septiembre 2021<\/td>\n\t\t\t<td>Auditor, oVice K.K.<\/td>\n\t\t<\/tr>\n\t\t<tr>\n\t\t\t<td>Febrero 2023<\/td>\n\t\t\t<td>Auditor, LRM K.K.<\/td>\n\t\t<\/tr>\n\t\t<\/tbody>\n\t\t<\/table>\n\t<\/div>\n<\/section>\n<section class=\"white-section\">\n\t<div class=\"anchor\" id=\"thoughts-on-it-related-legal-services\"><\/div>\n\t<div class=\"section-inner-bottomhalf\">\n\t\t<div class=\"flex\">\n\t\t\t<div class=\"width41\"><img decoding=\"async\" src=\"\/en\/wp-content\/uploads\/sites\/6\/2023\/06\/jobopenings.jpg\" alt=\"Reflexiones sobre Servicios Legales Relacionados con IT\"><\/div>\n\t\t\t<div class=\"width51\">\n\t\t\t\t<h3>Reflexiones sobre los Servicios Legales Relacionados con IT<\/h3>\n\t\t\t\t<p class=\"mgb-small\">Yo, Toki Kawase, y MONOLITH LAW OFFICE, del cual soy el abogado representante, abogamos por &#8220;tener fortaleza en IT, Internet y negocios&#8221; y proporcionamos servicios legales, especialmente teniendo &#8220;IT&#8221; como palabra clave, a diversos clientes corporativos, incluyendo a nuestros clientes asesorados. En este contexto, hay dos tipos principales de significados.<\/p>\n\t\t\t\t<p class=\"mgb-small\">Primero, es el trabajo basado en la posici\u00f3n de &#8220;consejero legal&#8221; o &#8220;director legal&#8221; de una empresa de IT. Cuando el negocio principal de un cliente est\u00e1 relacionado con IT, nos eligen a m\u00ed o a nuestro despacho como abogados que entienden su tecnolog\u00eda y negocios relacionados con IT.<\/p>\n\t\t\t\t<p class=\"mgb-small\">Segundo, trabajamos como &#8220;abogados de IT\/Internet&#8221; para clientes cuyo negocio principal no es IT. Hoy en d\u00eda, por ejemplo, sectores como finanzas, bienes ra\u00edces, alimentos y bebidas, no pueden existir sin IT e Internet. En tales casos, nuestra posici\u00f3n es estar a cargo \u00fanicamente del negocio relacionado con IT e Internet.<\/p>\n\t\t\t\t<p class=\"mgb-big\">Como ex ingeniero de IT y propietario de negocios, creo en las posibilidades ilimitadas que IT puede aportar a los negocios.<\/p>\n\t\t\t\t<div class=\"btn-area align-left\">\n\t\t\t\t\t<div class=\"btn icon-services\"><a href=\"\/es\/services\">Servicios<\/a><\/div>\n\t\t\t\t<\/div>\n\t\t\t<\/div>\n\t\t<\/div>\n\t<\/div>\n<\/section>\n<section class=\"white-section text-and-btn\">\n\t<div class=\"anchor\" id=\"published-books-and-media-appearances\"><\/div>\n\t<div class=\"section-inner-tophalf\">\n\t\t<h3>Publicaciones y Apariciones en Medios<\/h3>\n\t\t<p>Adem\u00e1s de los libros publicados y apariciones en medios que se enumeran en mi biograf\u00eda, <br>art\u00edculos de entrevistas, incluyendo medios web, y<br>conferencias se enumeran en la p\u00e1gina de Noticias.<\/p>\n\t\t<div class=\"btn-area\">\n\t\t\t<div class=\"btn icon-news\"><a href=\"\/en\/news\"><span>Noticias<\/span><\/a><\/div>\n\t\t<\/div>\n\t<\/div>\n<\/section>\n<section class=\"orange-section\">\n\t<div class=\"anchor\" id=\"other-achievements\"><\/div>\n\t<div class=\"section-inner\">\n\t\t<div class=\"flex reverse\">\n\t\t\t<div class=\"width41\"><img decoding=\"async\" src=\"\/wp-content\/themes\/monolith2021\/img\/pic\/pic_tv_digitaltatto.jpg\" alt=\"Other Achievements\"><\/div>\n\t\t\t<div class=\"width51\">\n\t\t\t\t<h3>Otros Logros<\/h3>\n\t\t\t\t<p class=\"mgb-small\">Adem\u00e1s de escribir el libro &#8220;Digital Tattoo (Jiyuukokuminsha, Inc., 2017)&#8221;, Toki Kawase estuvo a cargo de la redacci\u00f3n del drama de s\u00e1bado de la NHK &#8220;Digital Tattoo&#8221;, que se emiti\u00f3 a partir del 18 de mayo de 2019 y trata sobre Internet y abogados. &#8220;Digital Tattoo&#8221; es un t\u00e9rmino japon\u00e9s que se refiere a la informaci\u00f3n pasada en Internet que es dif\u00edcil de eliminar y la NHK es una estaci\u00f3n de televisi\u00f3n cuasi estatal en Jap\u00f3n.<\/p>\n\t\t\t\t<p>Es un drama criminal sobre un abogado en sus 50 a\u00f1os, analfabeto en internet, interpretado por Katsumi Takahashi, y un YouTuber en sus 20 a\u00f1os, interpretado por Kouji Seto, para enfrentar los da\u00f1os causados por rumores y calumnias en internet, o los llamados &#8220;tatuajes digitales&#8221; en este drama.<\/p>\n\t\t\t<\/div>\n\t\t<\/div>\n\t<\/div>\n<\/section>\n","protected":false},"excerpt":{"rendered":"<p>Abogado Gestor: Toki Kawase TEMAS Biograf\u00eda Introducci\u00f3n Carrera Pensamientos sobre los Servicios Legales relacionados con IT Libros Publicados y Apariciones en Medios Otros Logros Biograf\u00eda Toki Kawa [&hellip;]<\/p>\n","protected":false},"author":1,"featured_media":4194,"parent":0,"menu_order":8,"comment_status":"closed","ping_status":"closed","template":"other-page-temp.php","meta":{"footnotes":""},"acf":[],"_links":{"self":[{"href":"https:\/\/monolith.law\/es\/wp-json\/wp\/v2\/pages\/43788"}],"collection":[{"href":"https:\/\/monolith.law\/es\/wp-json\/wp\/v2\/pages"}],"about":[{"href":"https:\/\/monolith.law\/es\/wp-json\/wp\/v2\/types\/page"}],"author":[{"embeddable":true,"href":"https:\/\/monolith.law\/es\/wp-json\/wp\/v2\/users\/1"}],"replies":[{"embeddable":true,"href":"https:\/\/monolith.law\/es\/wp-json\/wp\/v2\/comments?post=43788"}],"version-history":[{"count":27,"href":"https:\/\/monolith.law\/es\/wp-json\/wp\/v2\/pages\/43788\/revisions"}],"predecessor-version":[{"id":69094,"href":"https:\/\/monolith.law\/es\/wp-json\/wp\/v2\/pages\/43788\/revisions\/69094"}],"wp:featuredmedia":[{"embeddable":true,"href":"https:\/\/monolith.law\/es\/wp-json\/"}],"wp:attachment":[{"href":"https:\/\/monolith.law\/es\/wp-json\/wp\/v2\/media?parent=43788"}],"curies":[{"name":"wp","href":"https:\/\/api.w.org\/{rel}","templated":true}]}}