{"id":47528,"date":"2024-12-22T19:24:34","date_gmt":"2024-12-22T10:24:34","guid":{"rendered":"https:\/\/monolith.law\/?page_id=47528"},"modified":"2025-08-19T19:42:57","modified_gmt":"2025-08-19T10:42:57","slug":"crypto-asset-and-blockchain","status":"publish","type":"page","link":"https:\/\/monolith.law\/es\/crypto-asset-and-blockchain","title":{"rendered":"Activos Criptogr\u00e1ficos y Blockchains"},"content":{"rendered":"\n<section class=\"heading-area\">\n\t<div class=\"heading-area-inner\">\n\t\t<h2 class=\"icon-crypto-asset-and-blockchain\">Activos Criptogr\u00e1ficos y Blockchains<\/h2>\n\t\t<p>Los activos criptogr\u00e1ficos y blockchains son bases de datos descentralizadas creadas por diversos sistemas de IT, incluyendo algoritmos de consenso, criptograf\u00eda y redes P2P, que son dif\u00edciles de alterar y con bajo riesgo de p\u00e9rdida de datos. Como un bufete de abogados especializado en el campo de IT, apoyamos a las empresas involucradas en activos criptogr\u00e1ficos, NFTs y blockchains.<\/p>\n\t<\/div>\n<\/section>\n<section class=\"white-section\">\n\t<div class=\"section-inner pdt0 border-bottom-section\">\n\t<p class=\"mgb-small\">Los activos criptogr\u00e1ficos, NFTs y blockchains est\u00e1n evolucionando r\u00e1pidamente debido a la innovaci\u00f3n t\u00e9cnica continua y su potencial para una amplia gama de prop\u00f3sitos, desde la recaudaci\u00f3n de fondos hasta la gesti\u00f3n del arte digital. Como tal, tambi\u00e9n es un \u00e1rea compleja para regular por ley.<\/p>\n\t<p class=\"mgb-small\">MONOLITH LAW OFFICE es un bufete de abogados que se ha especializado en derecho cripto y blockchain desde su fundaci\u00f3n en 2017. Estamos familiarizados con las regulaciones legales de empresas extranjeras, sus emprendimientos en Jap\u00f3n, la orientaci\u00f3n empresarial adecuada hacia la implementaci\u00f3n y la preparaci\u00f3n de documentos y contratos para operaciones de negocios relacionadas con IT. Este trabajo requiere conocimiento y experiencia en IT internacional, legislaci\u00f3n empresarial y financiera, y otros asuntos legales.<\/p>\n\t<p>Proporcionamos soporte sofisticado para empresas que utilizan blockchains, incluyendo activos criptogr\u00e1ficos y NFTs, a trav\u00e9s de una colaboraci\u00f3n intrincada entre abogados y consultores de IT.<\/p>\n\t<\/div>\n<\/section>\n<section class=\"second-nav\">\n\t<div class=\"second-nav-inner\">\n\t\t<p>TEMAS<\/p>\n\t\t<nav>\n\t\t\t<ul>\n\t\t\t\t<li><a href=\"#highly-specialized-teams-and-global-network\">Equipos Altamente Especializados y Red Global<\/a><\/li>\n\t\t\t\t<li><a href=\"#examples-of-the-firms-support-achievements\">Ejemplos de Logros en el Soporte del Bufete<\/a><\/li>\n\t\t\t\t<li><a href=\"#advanced-technology-and-financial-legislation\">Tecnolog\u00eda Avanzada y Legislaci\u00f3n Financiera<\/a><\/li>\n\t\t\t\t<li><a href=\"#providing-one-stop-solutions\">Provisi\u00f3n de Soluciones Integrales<\/a><\/li>\n\t\t\t\t<li><a href=\"#legal-support-for-nft-related-businesses\">Asistencia Legal para Negocios Relacionados con NFT<\/a><\/li>\n\t\t\t\t<li><a href=\"#crypto-asset-businesses-and-custody-services\">Negocios de Criptoactivos y Servicios de Custodia<\/a><\/li>\n\t\t\t\t<li><a href=\"#other-crypto-assets-related-businesses\">Otros Negocios Relacionados con Criptoactivos y Blockchain<\/a><\/li>\n\t\t\t\t<li><a href=\"#system-development\">Desarrollo de Sistemas<\/a><\/li>\n\t\t\t\t<li><a href=\"#terms-of-use-maintenance-for-applications-etc\">Servicios de Documentaci\u00f3n<\/a><\/li>\n\t\t\t\t<li><a href=\"#monolith-law-magazine\">MONOLITH LAW MAGAZINE<\/a><\/li>\n\t\t\t\t<li><a href=\"#fee-structure\">Estructura de\nHonorarios<\/a><\/li>\n\t\t\t<\/ul>\n\t\t<\/nav>\n\t<\/div>\n<\/section>\n<section class=\"white-section\">\n\t<div class=\"anchor\" id=\"highly-specialized-teams-and-global-network\"><\/div>\n\t<div class=\"section-inner pdb0\">\n\t\t<h3>Equipos Altamente Especializados y Red Global<\/h3>\n\t\t<div class=\"max-width980 mgb-small\"><img decoding=\"async\" src=\"\/wp-content\/uploads\/2023\/05\/web3team.jpg\" alt=\"Abogados\"><\/div>\n\t\t<div class=\"frame2 max-width860 txt-center-pc\">\n\t\t\t<p class=\"bold txt-l mgb-small\">A medida que el panorama empresarial en torno a las blockchains y los activos criptogr\u00e1ficos evoluciona r\u00e1pidamente, son necesarios bufetes de abogados y abogados especializados en el campo.<\/p>\n\t\t\t<p> En MONOLITH LAW OFFICE, hemos establecido un equipo dedicado de abogados con amplios conocimientos en IT, abogados con calificaciones internacionales, y experimentados ingenieros de IT. A trav\u00e9s de nuestra s\u00f3lida red internacional, fomentamos el conocimiento, lo que nos permite mantenernos a la vanguardia de este campo din\u00e1mico.<\/p>\n\t\t<\/div>\n\t<\/div>\n<\/section>\n<section class=\"white-section\">\n\t<div class=\"anchor\" id=\"examples-of-the-firms-support-achievements\"><\/div>\n\t<div class=\"section-inner\">\n\t\t<h3>Ejemplos de Logros en el Soporte del Bufete<\/h3>\n\t\t<ul class=\"layout-column4\">\n\t\t\t<li>\n\t\t\t\t<div><img decoding=\"async\" src=\"\/wp-content\/uploads\/2022\/07\/shutterstock_1009471096.png\"><\/div>\n\t\t\t\t<h4>Recaudaci\u00f3n de Fondos (ICO, STO, IEO)<\/h4>\n\t\t\t\t<p>Hoy en d\u00eda, las Ofertas Iniciales de Monedas (ICO), Ofertas de Tokens de Seguridad (STO) y Ofertas Iniciales de Intercambio (IEO), que utilizan criptoactivos como medio para la recaudaci\u00f3n de fondos, est\u00e1n ganando popularidad. Se consideran una forma m\u00e1s flexible de obtener fondos en comparaci\u00f3n con las Ofertas P\u00fablicas Iniciales (IPO), al mismo tiempo que proporcionan protecci\u00f3n al inversor bajo las regulaciones de la Ley Japonesa de Instrumentos Financieros y Cambio y la Ley Japonesa de Servicios de Pago. MONOLITH LAW OFFICE apoya en la legalidad del negocio, ofreciendo asistencia y preparando informes.<\/p>\n\t\t\t<\/li>\n\t\t\t<li>\n\t\t\t\t<div><img decoding=\"async\" src=\"\/wp-content\/uploads\/2022\/07\/shutterstock_758063575-1.png\"><\/div>\n\t\t\t\t<h4>Miner\u00eda\/Staking<\/h4>\n\t\t\t\t<p>Realizamos investigaciones sobre la legalidad de la miner\u00eda y el staking en blockchains, as\u00ed como redactamos contratos y otros documentos relevantes. En algunos casos, participar en actividades de miner\u00eda y staking en blockchains puede requerir el registro como negocio de intercambio de criptoactivos. Nuestra especializaci\u00f3n radica en comprender los requisitos legales y asistir a los clientes para que cumplan con las regulaciones necesarias.<\/p>\n\t\t\t<\/li>\n\t\t\t<li>\n\t\t\t\t<div><img decoding=\"async\" src=\"\/wp-content\/uploads\/2022\/07\/shutterstock_1096851425.png\"><\/div>\n\t\t\t\t<h4>Intercambios de Criptoactivos y sus Operaciones<\/h4>\n\t\t\t\t<p>Conforme a la Ley Japonesa de Liquidaci\u00f3n de Fondos revisada, ahora se requiere el registro como negocio de intercambio de criptoactivos para comprar, vender, intercambiar y actuar como intermediario o agente de criptoactivos. Mediante la creaci\u00f3n de un modelo de negocio \u00fanico, es posible evitar dicho registro dentro del alcance de la ley. Tambi\u00e9n podemos asistir a nuestros clientes con el apoyo para el registro como intercambio de criptoactivos y soporte continuo para compa\u00f1\u00edas que operan intercambios de moneda virtual.<\/p>\n\t\t\t<li>\n\t\t\t\t<div><img decoding=\"async\" src=\"\/wp-content\/uploads\/2022\/07\/shutterstock_2118688160.png\"><\/div>\n\t\t\t\t<h4>Negocio de Contenidos \/ NFT<\/h4>\n\t\t\t\t<p>Los Tokens No Fungibles (NFTs), representados por arte digital, \u00edtems de juegos en blockchain, etc., pueden tener un estatus legal diferente, desde criptoactivos hasta medios de pago prepago y derechos de transferencia registrados electr\u00f3nicamente (valores mobiliarios), dependiendo del sistema. Sin embargo, est\u00e1n sujetos a reglas complejas y estrictas. Nos dedicamos a examinar la legalidad de los negocios de nuestros clientes y a brindarles apoyo desde una perspectiva legal.<\/p>\n\t\t\t<\/li>\n\t\t<\/ul>\n\t<\/div>\n<\/section>\n<section class=\"white-section\">\n\t<div class=\"anchor\" id=\"advanced-technology-and-financial-legislation\"><\/div>\n\t<div class=\"section-inner\">\n\t\t<div class=\"flex reverse\">\n\t\t\t<div class=\"width41\"><img decoding=\"async\" src=\"\/wp-content\/uploads\/2022\/07\/shutterstock_1144405721.png\" alt=\"Tecnolog\u00eda Avanzada y Legislaci\u00f3n Financiera\"><\/div>\n\t\t\t<div class=\"width51\">\n\t\t\t\t<h3>Tecnolog\u00eda Avanzada y Legislaci\u00f3n Financiera<\/h3>\n\t\t\t\t<p class=\"mgb-small\">El campo de las blockchains es uno en el que las empresas que las utilizan est\u00e1n evolucionando a un ritmo acelerado, especialmente en el extranjero. Las empresas involucradas en este campo deben considerar si es posible implementar dicho sistema en Jap\u00f3n bas\u00e1ndose en las \u00faltimas regulaciones extranjeras. Primero leemos los materiales divulgados por dichas empresas extranjeras bas\u00e1ndonos en nuestro conocimiento de TI de las \u00faltimas tecnolog\u00edas. Luego, examinamos la legalidad del sistema en Jap\u00f3n a la luz del sistema legal dom\u00e9stico, incluyendo la legislaci\u00f3n financiera y las opiniones administrativas. Finalmente, proporcionamos asesoramiento sobre c\u00f3mo implementar legalmente el sistema en Jap\u00f3n, bas\u00e1ndonos en nuestros juicios empresariales.<\/p>\n\t\t\t\t<p>La blockchain, incluyendo los activos cripto y NFT, es un campo complejo que requiere de bufetes de abogados y abogados con un alto nivel de experiencia tanto en IT como en derecho.<\/p>\n\t\t\t<\/div>\n\t\t<\/div>\n\t<\/div>\n<\/section>\n<section class=\"purple-section\">\n\t<div class=\"anchor\" id=\"providing-one-stop-solutions\"><\/div>\n\t<div class=\"section-inner\">\n\t\t<div class=\"flex reverse\">\n\t\t\t<div class=\"width51\">\n\t\t\t\t<h3>Provisi\u00f3n de Soluciones Integrales<\/h3>\n\t\t\t\t<p class=\"mgb-small\">Nuestro despacho est\u00e1 compuesto por 30 abogados y 85 miembros del personal, incluyendo consultores de IT, todos bajo la supervisi\u00f3n del fundador, quien es un ex ingeniero de IT y propietario de una empresa de IT.<\/p>\n\t\t\t\t<p>La traducci\u00f3n y comprensi\u00f3n t\u00e9cnica de documentos publicados por propietarios de negocios extranjeros, as\u00ed como de documentos t\u00e9cnicos y c\u00f3digos creados internamente, son realizadas por el abogado representante y el departamento de consultor\u00eda de IT. Los servicios legales, como la investigaci\u00f3n jur\u00eddica, la redacci\u00f3n de contratos, la preparaci\u00f3n de documentos y otros servicios legales, son realizados por el abogado representante y el abogado en ejercicio. De esta manera, podemos proporcionar un servicio integral para una serie de casos que requieren un alto nivel de experiencia tanto en IT como en derecho.<\/p>\n\t\t\t<\/div>\n\t\t\t<div class=\"width41\"><img decoding=\"async\" src=\"\/wp-content\/themes\/monolith_en\/img\/operationofofmedia\/operationofofmedia_pic5.svg\" alt=\"Proporcionando Soluciones Integrales\"><\/div>\n\t\t<\/div>\n\t<\/div>\n<\/section>\n<section class=\"white-section mgt-section\">\n\t<div class=\"anchor\" id=\"legal-support-for-nft-related-businesses\"><\/div>\n\t<div class=\"section-inner-black\">\n\t\t<h3>Asistencia Legal para Negocios Relacionados con NFT<\/h3>\n\t\t\t\t<p class=\"mgb-small\">Los Tokens No Fungibles (NFTs), principalmente construidos en la blockchain de Ethereum, se est\u00e1n utilizando de manera pr\u00e1ctica para crear productos \u00fanicos, incluyendo arte digital, \u00edtems de juegos en blockchain y tarjetas de intercambio, as\u00ed como para representar la prueba de propiedad de bienes inmuebles y membres\u00edas en el mundo real. <\/p>\n\t\t\t\t<p class=\"mgb-middle\">Los NFTs, dependiendo de su dise\u00f1o y esquema de negocio, pueden caer bajo la categor\u00eda de activos criptogr\u00e1ficos, medios de pago prepagados, derechos de transferencia de registros electr\u00f3nicos, etc. Apoyamos a los negocios relacionados con NFTs con nuestro alto nivel de experiencia.<\/p>\n\t<\/div>\n<\/section>\n<section class=\"white-section\">\n\t<div class=\"anchor\" id=\"crypto-asset-businesses-and-custody-services\"><\/div>\n\t<div class=\"section-inner\">\n\t\t<div class=\"flex reverse\">\n\t\t\t<div class=\"width41\"><img decoding=\"async\" src=\"\/wp-content\/uploads\/2022\/07\/shutterstock_1151380622_2.png\" alt=\"Negocios de Activos Criptogr\u00e1ficos y Servicios de Custodia\"><\/div>\n\t\t\t<div class=\"width51\">\n\t\t\t\t<h3>Negocios de Criptoactivos y Servicios de Custodia<\/h3>\n\t\t\t\t<p class=\"mgb-small\">De acuerdo con la revisi\u00f3n de la Ley Japonesa de Liquidaci\u00f3n de Dinero de 2020, &#8220;la gesti\u00f3n de activos cripto para terceros (es decir, el negocio de custodia)&#8221; ahora est\u00e1 incluida dentro del negocio de intercambio de activos cripto, requiriendo el registro como proveedor de servicios de activos cripto y por lo tanto est\u00e1 sujeto a varias regulaciones para implementar un esquema que incluye la gesti\u00f3n de activos cripto. Sin embargo, estas regulaciones son muy gravosas para aquellos que no son los llamados servicios de cambio de moneda virtual sino que solo proporcionan servicios de custodia.<\/p>\n\t\t\t\t<p>Estos servicios tendr\u00e1n que decidir si deben registrarse y hacer negocios como un intercambiador de activos cripto o si deben manejar activos cripto mientras evitan el registro.<\/p>\n\t\t\t<\/div>\n\t\t<\/div>\n\t<\/div>\n<\/section>\n<section class=\"white-section mgb-section\">\n\t<div class=\"anchor\" id=\"other-crypto-assets-related-businesses\"><\/div>\n\t<div class=\"section-inner-black\">\n\t\t<h3>Otros Negocios Relacionados con Criptoactivos y Blockchain<\/h3>\n\t\t<p class=\"mgb-small\">Los activos cripto y las blockchains son \u00e1reas tecnol\u00f3gicas y de negocios en constante evoluci\u00f3n. Esto incluye regulaciones sobre stablecoins, que fueron reguladas bajo la revisi\u00f3n de la Ley de Liquidaci\u00f3n de Fondos (Ley Japonesa de Liquidaci\u00f3n de Fondos) de 2022 (2022 en el calendario gregoriano), y las IEOs, un m\u00e9todo de financiaci\u00f3n que revisa los intercambios de moneda virtual, as\u00ed como los negocios relacionados con staking. Nuestro despacho se mantiene al d\u00eda con los \u00faltimos desarrollos y ofrece soporte para tales negocios.<\/p>\n\t\t<p class=\"mgb-middle\">Como un despacho de abogados liderado por un abogado fundador con experiencia previa como ingeniero de IT, contamos con consultores de IT con experiencia en la comprensi\u00f3n de white papers, documentos t\u00e9cnicos y otros materiales publicados en el extranjero para entender la tecnolog\u00eda y los modelos de negocio.<\/p>\n\t<\/div>\n<\/section>\n<section class=\"orange-section\">\n\t<div class=\"anchor\" id=\"system-development\"><\/div>\n\t<div class=\"section-inner\">\n\t\t<div class=\"flex reverse\">\n\t\t\t<div class=\"width41\"><img decoding=\"async\" src=\"\/wp-content\/themes\/monolith2021\/img\/practices-itlaw\/practices-itlaw_pic1.jpg\" alt=\"Desarrollo de Sistemas\"><\/div>\n\t\t\t<div class=\"width51\">\n\t\t\t\t<h3>Desarrollo de Sistemas<\/h3>\n\t\t\t\t<p>Fundada por un ex ingeniero de IT, MONOLITH LAW OFFICE es una firma de abogados que se encarga de la redacci\u00f3n, modificaci\u00f3n y negociaci\u00f3n de contratos, as\u00ed como de la resoluci\u00f3n de disputas cuando surgen problemas, no solo en el \u00e1rea de activos criptogr\u00e1ficos y asuntos relacionados con blockchain, sino tambi\u00e9n en diversas cuestiones de desarrollo de sistemas altamente especializados, como el desarrollo de sistemas para intercambios de moneda virtual. Tambi\u00e9n nos encargamos de la resoluci\u00f3n de disputas cuando surgen problemas.<\/p>\n\t\t\t<\/div>\n\t\t<\/div>\n\t<\/div>\n<\/section>\n<section class=\"white-section\">\n\t<div class=\"anchor\" id=\"terms-of-use-maintenance-for-applications-etc\"><\/div>\n\t<div class=\"section-inner\">\n\t\t<div class=\"flex\">\n\t\t\t<div class=\"width41\"><img decoding=\"async\" src=\"\/wp-content\/themes\/monolith2021\/img\/practices-itlaw\/practices-itlaw_pic2.jpg\" alt=\"Servicios de Documentaci\u00f3n\"><\/div>\n\t\t\t<div class=\"width51\">\n\t\t\t\t<h3>Servicios de Documentaci\u00f3n<\/h3>\n\t\t\t\t<p>MONOLITH LAW OFFICE se encarga de la creaci\u00f3n y revisi\u00f3n de documentos que establecen los t\u00e9rminos de uso y pol\u00edticas de privacidad para diversas aplicaciones, servicios y juegos, incluyendo aquellos para juegos de blockchain, activos criptogr\u00e1ficos y productos y servicios relacionados con blockchain. Tambi\u00e9n estudiamos los documentos corporativos y datos existentes, como las definiciones de requisitos para el desarrollo de aplicaciones relevantes, marcos creados en Adobe XD, LPs, materiales de ventas para clientes potenciales, etc.<\/p>\n\t\t\t<\/div>\n\t\t<\/div>\n\t<\/div>\n<\/section>\n\n<section class=\"purple2-section\">\n\t<div class=\"anchor\" id=\"monolith-law-magazine\"><\/div>\n\t<div class=\"section-inner\">\n\t\t    <section class=\"white-section temp-article\">\n        <div class=\"section-inner\">\n            <h4>MONOLITH LAW MAGAZINE<\/h4>\n            <div class=\"articles type_practice_column\">\n                                                                    <div class=\"article article-area\">\n                        <figure>\n                            <div class=\"img-wrap\">\n                                <img alt=\"\u3010Edici\u00f3n m\u00e1s reciente 2025\u3011Interpretaci\u00f3n legal de los activos criptogr\u00e1ficos (criptomonedas): Aplicabilidad como valores y puntos de atenci\u00f3n para los operadores.\" src=\"https:\/\/monolith.law\/es\/wp-content\/uploads\/sites\/9\/2025\/08\/Shutterstock_2049735344.webp\" width=\"500\" height=\"250\">\n                            <\/div>\n                            <figcaption>\n                                <div class=\"figcaption-inner\">\n                                    <h3>\u3010Edici\u00f3n m\u00e1s reciente 2025\u3011Interpretaci\u00f3n legal de los activos criptogr\u00e1ficos (c.<\/h3>\n                                <\/div>\n                            <\/figcaption>\n                            <a href=\"https:\/\/monolith.law\/es\/it\/crypto-assets-securities\"><\/a>\n                        <\/figure>\n                    <\/div>\n                                                    <div class=\"article article-area\">\n                        <figure>\n                            <div class=\"img-wrap\">\n                                <img alt=\"Requisitos de gobernanza corporativa necesarios para cotizar en NASDAQ\" src=\"https:\/\/monolith.law\/es\/wp-content\/uploads\/sites\/9\/2025\/08\/19e0312b170969f265c8e568bdf254db.webp\" width=\"500\" height=\"250\">\n                            <\/div>\n                            <figcaption>\n                                <div class=\"figcaption-inner\">\n                                    <h3>Requisitos de gobernanza corporativa necesarios para cotizar en NASDAQ<\/h3>\n                                <\/div>\n                            <\/figcaption>\n                            <a href=\"https:\/\/monolith.law\/es\/it\/nasdaq-corporate-governance\"><\/a>\n                        <\/figure>\n                    <\/div>\n                                                    <div class=\"article article-area\">\n                        <figure>\n                            <div class=\"img-wrap\">\n                                <img alt=\"\u00bfQu\u00e9 es un modelo de negocio que utiliza Web3? Explicaci\u00f3n de las \u00faltimas tendencias y casos pr\u00e1cticos\" src=\"https:\/\/monolith.law\/es\/wp-content\/uploads\/sites\/9\/2025\/08\/Shutterstock_2333502635.webp\" width=\"500\" height=\"250\">\n                            <\/div>\n                            <figcaption>\n                                <div class=\"figcaption-inner\">\n                                    <h3>\u00bfQu\u00e9 es un modelo de negocio que utiliza Web3? Explicaci\u00f3n de las \u00faltimas tenden.<\/h3>\n                                <\/div>\n                            <\/figcaption>\n                            <a href=\"https:\/\/monolith.law\/es\/it\/web3-business-model\"><\/a>\n                        <\/figure>\n                    <\/div>\n                                            <\/div>\n            <div class=\"btn-more\"><a href=\"https:\/\/monolith.law\/es\/tag\/crypto-assets-and-blockchains\">Read More<\/a><\/div>\n        <\/div>\n    <\/section>\n\t<\/div>\n<\/section>\n\n<section class=\"orange2-section\">\n\t<div class=\"anchor\" id=\"fee-structure\"><\/div>\n\t<div class=\"section-inner\">\n\t<div class=\"planWrap\">\n\t<h3>Estructura de<br>Honorarios<\/h3>\n\t<ul class=\"plan\">\n\t\t<li class=\"txt-left\">\n\t\t\t<div class=\"plan-inner\">\n\t\t\t<div class=\"plan-header\">\n\t\t\t<h4 class=\"plan-title\">Tarifa por Hora<\/h4>\n\t\t\t<div class=\"plan-price\"><span class=\"price-figure\">$300<\/span> por hora <span class=\"price-tax\"><\/span><\/div>\n\t\t\t<\/div>\n\t\t\t<div class=\"plan-body\">En ciertas circunstancias, podr\u00edamos considerar aceptar un litigio o demanda con una tarifa inicial y una tarifa de contingencia. Para obtener m\u00e1s detalles, no dude en ponerse en contacto con nosotros.<\/div>\n\t\t\t<\/div>\n\t\t<\/li>\n\t\t<li class=\"txt-left\">\n\t\t\t<div class=\"plan-inner\">\n\t\t\t<div class=\"plan-header\">\n\t\t\t<h4 class=\"plan-title\">Redacci\u00f3n de Contratos<\/h4>\n\t\t\t<div class=\"plan-price\"><span class=\"price-value\">desde<\/span><span class=\"price-figure\">$500<\/span><span class=\"price-value\">hasta $2,000 o m\u00e1s<\/span><span class=\"price-tax\"><\/span><\/div>\n\t\t\t<\/div>\n\t\t\t<div class=\"plan-body\">La estructura de precios puede variar en funci\u00f3n del tipo y la cantidad de contratos. Estaremos encantados de ofrecerle un presupuesto preliminar si lo solicita, por lo que le animamos a que se comunique con nosotros para obtener m\u00e1s detalles.<\/div>\n\t\t\t<\/div>\n\t\t<\/li>\n\t\t<li class=\"txt-left\">\n\t\t\t<div class=\"plan-inner\">\n\t\t\t<div class=\"plan-header\">\n\t\t\t<h4 class=\"plan-title\">Otros Servicios<\/h4>\n\t\t\t<div class=\"plan-price\"><span class=\"price-figure\">Cont\u00e1ctenos<\/span><\/div>\n\t\t\t<\/div>\n\t\t\t<div class=\"plan-body\">Ofrecemos una amplia gama de servicios que incluyen la formaci\u00f3n de empresas, revisi\u00f3n de contratos, opiniones legales, revisi\u00f3n de casos o cartas de investigaci\u00f3n. Si tiene alguna consulta o preocupaci\u00f3n, le invitamos cordialmente a ponerse en contacto con nosotros. Estaremos felices de asistirle.<\/div>\n\t\t\t<\/div>\n\t\t\t<\/div>\n\t\t<\/li>\n\t<\/ul>\n\t<\/div>\n\t<\/div>\n<\/section>\n\n<section class=\"white-section\">\n\t<div class=\"section-inner\">\n\t\t<div class=\"btn-area\">\n\t\t\t<div class=\"btn icon-contact\"><a href=\"\/es\/contact\">Cont\u00e1ctenos<\/a><\/div>\n\t\t<\/div>\n\t<\/div>\n<\/section>\n","protected":false},"excerpt":{"rendered":"<p>Activos Criptogr\u00e1ficos y Blockchains Los activos criptogr\u00e1ficos y blockchains son bases de datos descentralizadas creadas por diversos sistemas de IT, incluyendo algoritmos de consenso, criptograf\u00eda y [&hellip;]<\/p>\n","protected":false},"author":1,"featured_media":56655,"parent":0,"menu_order":6,"comment_status":"closed","ping_status":"closed","template":"other-page-temp.php","meta":{"footnotes":""},"acf":[],"_links":{"self":[{"href":"https:\/\/monolith.law\/es\/wp-json\/wp\/v2\/pages\/47528"}],"collection":[{"href":"https:\/\/monolith.law\/es\/wp-json\/wp\/v2\/pages"}],"about":[{"href":"https:\/\/monolith.law\/es\/wp-json\/wp\/v2\/types\/page"}],"author":[{"embeddable":true,"href":"https:\/\/monolith.law\/es\/wp-json\/wp\/v2\/users\/1"}],"replies":[{"embeddable":true,"href":"https:\/\/monolith.law\/es\/wp-json\/wp\/v2\/comments?post=47528"}],"version-history":[{"count":56,"href":"https:\/\/monolith.law\/es\/wp-json\/wp\/v2\/pages\/47528\/revisions"}],"predecessor-version":[{"id":70828,"href":"https:\/\/monolith.law\/es\/wp-json\/wp\/v2\/pages\/47528\/revisions\/70828"}],"wp:featuredmedia":[{"embeddable":true,"href":"https:\/\/monolith.law\/es\/wp-json\/wp\/v2\/media\/56655"}],"wp:attachment":[{"href":"https:\/\/monolith.law\/es\/wp-json\/wp\/v2\/media?parent=47528"}],"curies":[{"name":"wp","href":"https:\/\/api.w.org\/{rel}","templated":true}]}}