{"id":55833,"date":"2024-12-21T22:17:21","date_gmt":"2024-12-21T13:17:21","guid":{"rendered":"https:\/\/monolith.law\/en\/?page_id=55833"},"modified":"2025-08-19T19:43:10","modified_gmt":"2025-08-19T10:43:10","slug":"legal-support-for-youtuber","status":"publish","type":"page","link":"https:\/\/monolith.law\/es\/legal-support-for-youtuber","title":{"rendered":"Soporte Legal para YouTubers"},"content":{"rendered":"\n<section class=\"heading-area\">\n\t<div class=\"heading-area-inner\">\n\t\t<h2 class=\"icon-legal-support-for-youtuber\">Soporte Legal para YouTubers<\/h2>\n\t\t<p>La gesti\u00f3n de influencers en l\u00ednea requiere de un conocimiento especializado que difiere del de la producci\u00f3n de entretenimiento tradicional y la gesti\u00f3n de medios. Comprendemos las complejidades de la legislaci\u00f3n japonesa y las caracter\u00edsticas de Internet, lo que nos permite ofrecer un fuerte apoyo a su empresa para transmitir informaci\u00f3n a trav\u00e9s de un sistema que se actualiza continuamente con la \u00faltima informaci\u00f3n legal de Jap\u00f3n.<\/p>\n\t<\/div>\n<\/section>\n\n<section class=\"white-section\">\n\t<div class=\"section-inner pdt0 border-bottom-section\">\n\t\t<p>Canales de YouTube gestionados por agencias de YouTubers, empresas que operan YouTubers Virtuales (VTubers) y compa\u00f1\u00edas comerciales en Jap\u00f3n necesitan asesores legales con conocimientos especializados y experiencia. Entre nuestros clientes se encuentran importantes compa\u00f1\u00edas japonesas de gesti\u00f3n de YouTubers, destacados YouTubers individuales y diversas empresas de gesti\u00f3n de negocios de VTubers en todo Jap\u00f3n. Tambi\u00e9n proporcionamos apoyo altamente especializado en la redacci\u00f3n y revisi\u00f3n de contratos relacionados con YouTubers y VTubers, as\u00ed como en la resoluci\u00f3n de problemas legales relacionados con la creaci\u00f3n de videos en Jap\u00f3n.<\/p>\n\t<\/div>\n<\/section>\n\n<section class=\"second-nav\">\n\t<div class=\"second-nav-inner\">\n\t<p>TEMAS<\/p>\n\t<nav>\n\t<ul>\n\t \t<li><a href=\"#necessity-of-youtube-related-legal-counsel\">Necesidad de Asesoramiento Legal Relacionado con YouTube<\/a><\/li>\n\t \t<li><a href=\"#contracts\">Contratos<\/a><\/li>\n\t \t<li><a href=\"#creating-and-publishing-videos\">Creaci\u00f3n y Publicaci\u00f3n de Videos<\/a><\/li>\n\t \t<li><a href=\"#legal-support-for-vtubers\">Soporte Legal para VTubers<\/a><\/li>\n\t \t<li><a href=\"#terms-of-use-of-youtube\">T\u00e9rminos de Uso de YouTube<\/a><\/li>\n\t \t<li><a href=\"#our-youtube-channel\">Nuestro Canal de YouTube<\/a><\/li>\n\t \t<li><a href=\"#manda-of-sns\">M&amp;A de Redes Sociales<\/a><\/li>\n\t \t<li><a href=\"#IT\">IT<\/a><\/li>\n\t \t<li><a href=\"#countermeasures-against-reputational-damage\">Medidas Contra el Da\u00f1o Reputacional<\/a><\/li>\n\t \t<li><a href=\"#writings-and-other-activities\">Publicaciones y Otras Actividades<\/a><\/li>\n\t \t<li><a href=\"#examples-of-our-clients\">Ejemplos de Nuestros Clientes<\/a><\/li>\n\t\t<li><a href=\"#monolith-law-magazine\">MONOLITH LAW MAGAZINE<\/a><\/li>\n\t \t<li><a href=\"#fee-structure\">Estructura de Honorarios<\/a><\/li>\n\t<\/ul>\n\t<\/nav>\n\t<\/div>\n<\/section>\n\n<section class=\"white-section\">\n\t<div id=\"necessity-of-youtube-related-legal-counsel\"><\/div>\n\t<div class=\"section-inner\">\n\t<h3>Necesidad de Asesoramiento Legal Relacionado con YouTube<\/h3>\n\t<ul class=\"layout-column4\">\n\t \t<li>\n\t\t\t<div><img decoding=\"async\" src=\"\/wp-content\/themes\/monolith2021\/img\/practices-youtuberlaw\/practices-youtuberlaw_necessity_pic1.jpg\" alt=\"YouTuber\" \/><\/div>\n\t\t\t<h4>YouTuber<\/h4>\n\t\t\t<p>Un YouTuber con m\u00e1s de unos cientos de miles de suscriptores en su canal es una entidad \u00fanica y necesita un representante.<\/p>\n\t\t<\/li>\n\t \t<li>\n\t\t\t<div><img decoding=\"async\" src=\"\/wp-content\/themes\/monolith2021\/img\/practices-youtuberlaw\/practices-youtuberlaw_necessity_pic2.jpg\" alt=\"Empresas de Gesti\u00f3n de YouTubers\" \/><\/div>\n\t\t\t<h4>Empresas de Gesti\u00f3n de YouTubers<\/h4>\n\t\t\t<p>Hay precauciones espec\u00edficas y puntos de control que se deben considerar para la gesti\u00f3n de YouTubers, proyectos de clientes y otros contratos.<\/p>\n\t\t<\/li>\n\t \t<li>\n\t\t\t<div><img decoding=\"async\" src=\"\/wp-content\/themes\/monolith2021\/img\/practices-youtuberlaw\/practices-youtuberlaw_necessity_pic3.jpg\" alt=\"Virtual YouTuber\" \/><\/div>\n\t\t\t<h4>Virtual YouTuber<\/h4>\n\t\t\t<p>Los contratos y las fusiones y adquisiciones (M&amp;A) en el \u00e1rea donde se cruzan IT y entretenimiento son un campo altamente especializado.<\/p>\n\t\t<\/li>\n\t \t<li>\n\t\t\t<div><img decoding=\"async\" src=\"\/wp-content\/themes\/monolith2021\/img\/practices-youtuberlaw\/practices-youtuberlaw_necessity_pic4.jpg\" alt=\"Canal de YouTube para Empresas\" \/><\/div>\n\t\t\t<h4>Canal de YouTube<br>para Empresas<\/h4>\n\t\t\t<p>Cuando se opera un canal de YouTube, se necesita un asesor legal principal y un abogado separado para YouTube.<\/p>\n\t\t<\/li>\n\t<\/ul>\n\t<\/div>\n<\/section>\n\n<section class=\"white-section\">\n\t<div class=\"section-inner pdt0\">\n\t<div class=\"frame2 txt-center-pc max-width860\">\n\t<p class=\"bold txt-l\">Los YouTubers y Virtual YouTubers necesitan asesores legales que est\u00e9n familiarizados con la gesti\u00f3n de canales y la ejecuci\u00f3n de contratos.<\/p>\n\t<\/div>\n\t<\/div>\n<\/section>\n\n<section class=\"white-section mgb-section100\">\n\t<div id=\"contracts\"><\/div>\n\t<div class=\"section-inner-black\">\n\t<h3>Contratos<\/h3>\n\t<p class=\"mgb-middle\">En Jap\u00f3n, los YouTubers y VTubers generalmente firman un contrato de gesti\u00f3n con una agencia para llevar a cabo sus actividades, mientras que en algunos casos, firman un contrato con una empresa y participan en actividades publicitarias.<br>Tradicionalmente, en la industria del entretenimiento japon\u00e9s se utilizaban contratos de gesti\u00f3n entre artistas y agencias de entretenimiento, as\u00ed como contratos publicitarios entre artistas y empresas. Sin embargo, los YouTubers y VTubers son ligeramente diferentes de los artistas tradicionales debido a los t\u00e9rminos y condiciones de YouTube.<br>Un abogado con conocimiento y experiencia en contratos japoneses relacionados con YouTubers puede ayudarte a concluir un contrato de manera fluida, abordando los puntos esenciales. Nuestros expertos legales japoneses est\u00e1n bien versados en los aspectos \u00fanicos del mercado japon\u00e9s y las plataformas de video en l\u00ednea.<\/p>\n\t<\/div>\n<\/section>\n\n<section class=\"white-section mgb-section100\">\n\t<div id=\"creating-and-publishing-videos\"><\/div>\n\t<div class=\"section-inner-black\">\n\t<h3>Creaci\u00f3n y Publicaci\u00f3n de Videos<\/h3>\n\t<p class=\"mgb-middle\">Al crear y publicar v\u00eddeos en YouTube, es esencial poseer conocimientos legales en diversas \u00e1reas, como los derechos de autor para la m\u00fasica y los objetos que aparecen en el v\u00eddeo, los derechos de retrato\/privacidad, y las regulaciones publicitarias que pueden ser problem\u00e1ticas al presentar cosm\u00e9ticos y alimentos saludables en Jap\u00f3n. La falta de conocimientos legales en estas \u00e1reas puede llevar al riesgo de que tus v\u00eddeos sean eliminados o, en el peor de los casos, que tu cuenta sea prohibida en Jap\u00f3n.<\/p>\n\t<\/div>\n<\/section>\n\n<section class=\"purple-section mgb-section100\">\n\t<div id=\"legal-support-for-vtubers\"><\/div>\n\t<div class=\"section-inner\">\n\t<div class=\"flex reverse\">\n\t<div class=\"width41\"><img decoding=\"async\" src=\"\/wp-content\/themes\/monolith2021\/img\/vtuberlaw\/pic_practices-vtuberlaw.jpg\" alt=\"Soporte Legal para YouTubers Virtuales\" \/><\/div>\n\t<div class=\"width51\">\n\t\t<h3>Soporte Legal para VTubers<\/h3>\n\t\t<p class=\"mgb-small\">Desde 2017, cuando los VTubers estaban en sus primeros d\u00edas, MONOLITH LAW OFFICE ha estado manejando asuntos legales de VTubers, incluyendo varias relaciones contractuales y resoluci\u00f3n de disputas, para VTubers individuales y sus compa\u00f1\u00edas y oficinas relacionadas en Jap\u00f3n.<\/p>\n\t\t<p class=\"mgb-middle\">Nuestro equipo legal tiene la experiencia y el know-how para resolver los problemas muy complejos relacionados con los VTubers, tales como problemas de derechos de autor de ilustraciones y CG, propiedad de canales de YouTube y personajes, y la relaci\u00f3n de derechos entre la persona misma y el propietario.<\/p>\n\t<\/div>\n\t<\/div>\n\t<\/div>\n<\/section>\n\n<section class=\"white-section mgb-section\">\n\t<div id=\"terms-of-use-of-youtube\" class=\"anchor\"><\/div>\n\t<div class=\"section-inner-black\">\n\t<h3>T\u00e9rminos de Uso para YouTube y Otros Medios de Comunicaci\u00f3n<\/h3>\n\t<p class=\"mgb-middle\">Al operar un canal de YouTube en Jap\u00f3n, es necesario entender los t\u00e9rminos de servicio de YouTube y las legalidades asociadas. Incluso si un video es legalmente aceptable, puede estar sujeto a eliminaci\u00f3n o congelaci\u00f3n de la cuenta si viola los t\u00e9rminos de uso. Nuestra firma posee el conocimiento y la comprensi\u00f3n de los t\u00e9rminos de uso de YouTube y otros medios, as\u00ed como de la ley japonesa.<\/p>\n\t<\/div>\n<\/section>\n\n<section class=\"orange-section\">\n\t<div id=\"our-youtube-channel\"><\/div>\n\t<div class=\"section-inner\">\n\t<div class=\"flex reverse\">\n\t<div class=\"width41\"><img decoding=\"async\" src=\"\/wp-content\/themes\/monolith2021\/img\/practices-youtuberlaw\/practices-youtuberlaw_pic1.png\" alt=\"Asesoramiento Legal para YouTubers\" \/><\/div>\n\t<div class=\"width51\">\n\t\t<h3>Nuestro Canal de YouTube<\/h3>\n\t\t<p class=\"mgb-small\">Nuestro canal de YouTube &#8220;Asesoramiento Legal para YouTubers&#8221; explica temas legales relacionados con YouTube a trav\u00e9s de videos conversacionales, presentando a un abogado en la forma de un VTuber, un personaje amigable con un alto nivel de especializaci\u00f3n.<\/p>\n\t\t<p class=\"mgb-small\">Entregamos conocimiento legal para YouTubers japoneses desde varios \u00e1ngulos en cada ocasi\u00f3n, por lo que recomendamos nuestro canal si ya est\u00e1s administrando un canal o est\u00e1s a punto de hacerlo en Jap\u00f3n.<\/p>\n\t\t<p>Reconocemos que los abogados que asisten a YouTubers y operadores de negocios relacionados con YouTube requieren m\u00e1s que solo conocimiento de la teor\u00eda legal abstracta. Una visi\u00f3n profunda y comprensi\u00f3n de la plataforma YouTube son cruciales para proporcionar un apoyo legal efectivo en este campo.<\/p>\n\t<\/div>\n\t<\/div>\n\t<\/div>\n<\/section>\n\n<section class=\"white-section\">\n\t<div id=\"manda-of-sns\"><\/div>\n\t<div class=\"section-inner\">\n\t<div class=\"flex\">\n\t<div class=\"width41\"><img decoding=\"async\" src=\"\/wp-content\/themes\/monolith2021\/img\/pic\/pic_sns_manda.jpg\" alt=\"M&amp;A de SNS\" \/><\/div>\n\t<div class=\"width51\">\n\t<h3>M&amp;A de Redes Sociales<\/h3>\n\t\t<p class=\"mgb-small\">Los canales de YouTube, las cuentas de Twitter y los sitios web est\u00e1n sujetos a fusiones y adquisiciones (M&amp;A). Sin embargo, debido a las caracter\u00edsticas espec\u00edficas de estas M&amp;A, es esencial contar con un bufete de abogados con conocimientos especializados y experiencia en el mercado japon\u00e9s.<\/p>\n\t\t<p class=\"mgb-middle\">Desde peque\u00f1as cantidades hasta transacciones de m\u00e1s de 100 millones de yenes, MONOLITH LAW OFFICE ha manejado numerosas transacciones de M&amp;A como un bufete de abogados con una fuerte experiencia en el negocio de IT. Le asistimos en cada paso del proceso, desde la redacci\u00f3n de contratos hasta la realizaci\u00f3n de la diligencia debida (DD) para canales de YouTube y otros negocios.<\/p>\n\t<\/div>\n\t<\/div>\n\t<\/div>\n<\/section>\n\n<section class=\"purple-section\">\n\t<div id=\"IT\"><\/div>\n\t<div class=\"section-inner\">\n\t<div class=\"flex reverse\">\n\t<div class=\"width41\"><img decoding=\"async\" src=\"\/wp-content\/themes\/monolith2021\/img\/pic\/pic_practices-itlaw.jpg\" alt=\"IT\" \/><\/div>\n\t<div class=\"width51\">\n\t\t<h3>IT<\/h3>\n\t\t<p class=\"mgb-middle\">El desarrollo de sistemas en el campo de los VTubers, por ejemplo, es un \u00e1rea extremadamente especializada en Jap\u00f3n. El conocimiento de los derechos de propiedad intelectual es esencial para controlar el manejo de videos, im\u00e1genes y producciones que ocurren en las operaciones de SNS. Los abogados representantes de nuestra firma tienen experiencia como ingenieros de IT y brindan servicios en disputas y prevenci\u00f3n de problemas de desarrollo de sistemas. Proporcionamos soporte legal altamente especializado en IT y derechos de propiedad intelectual a numerosas empresas, incluyendo las empresas listadas en TSE Prime en Jap\u00f3n.<\/p>\n\t\t<div class=\"btn-area align-left\">\n\t\t\t<div class=\"btn icon-it\"><a href=\"\/es\/it\">IT<\/a><\/div>\n\t\t<\/div>\n\t<\/div>\n\t<\/div>\n\t<\/div>\n<\/section>\n\n<section class=\"white-section\">\n\t<div id=\"countermeasures-against-reputational-damage\"><\/div>\n\t<div class=\"section-inner\">\n\t<div class=\"flex\">\n\t<div class=\"width41\"><img decoding=\"async\" src=\"\/wp-content\/themes\/monolith2021\/img\/pic\/pic_practices-reputation.jpg\" alt=\"Medidas contra el da\u00f1o a la reputaci\u00f3n\" \/><\/div>\n\t<div class=\"width51\">\n\t\t<h3>Medidas Contra el Da\u00f1o Reputacional<\/h3>\n\t\t<p class=\"mgb-small\">A medida que los YouTubers y VTubers ganan espectadores, pueden sufrir da\u00f1os a su reputaci\u00f3n en Internet. Sin embargo, creemos que siempre se deben tomar medidas contra la difamaci\u00f3n excesiva y la filtraci\u00f3n de informaci\u00f3n personal.<\/p>\n\t\t<p class=\"mgb-middle\">Nuestra firma tiene una amplia experiencia y especializaci\u00f3n en la eliminaci\u00f3n e identificaci\u00f3n de autores de rumores en Internet. Hemos recibido numerosas solicitudes de clientes que van desde empresas listadas en la secci\u00f3n principal de la Bolsa de Valores de Tokio hasta individuos, demostrando nuestro compromiso con la protecci\u00f3n de la reputaci\u00f3n de los YouTubers y VTubers en Jap\u00f3n.<\/p>\n\t<\/div>\n\t<\/div>\n\t<\/div>\n<\/section>\n\n<section class=\"orange-section\">\n\t<div class=\"anchor\" id=\"writings-and-other-activities\"><\/div>\n\t<div class=\"section-inner\">\n\t\t<div class=\"frame2 max-width860 txt-center-pc\">\n\t\t\t<p class=\"bold txt-l mgb-small\">Escritos y otras actividades relacionadas con los asuntos legales de YouTuber\/VTuber<\/p>\n\t\t\t<p>Los asuntos legales de YouTuber y VTuber son \u00e1reas altamente especializadas.<br>Nuestro abogado fundador, Toki Kawase, participa en la escritura y otras actividades relacionadas con estos campos.<\/p>\n\t\t<\/div>\n\t<\/div>\n<\/section>\n\n<section class=\"white-section\">\n\t<div class=\"section-inner\">\n\t\t<div class=\"flex reverse\">\n\t\t\t<div class=\"width41\"><img decoding=\"async\" src=\"\/wp-content\/uploads\/2022\/11\/it_law_book.jpg\"><\/div>\n\t\t\t<div class=\"width51\">\n\t\t\t\t<h3>Publicaciones como Abogado Especializado en Asuntos Legales de YouTubers y VTubers<\/h3>\n\t\t\t\t<p class=\"mgb-small\">Nuestro abogado fundador public\u00f3 el libro &#8220;Abogado de IT, por favor, cu\u00e9ntame sobre las leyes y t\u00e9rminos de servicio de YouTuber&#8221;. Este libro aborda diferentes cuestiones legales que afectan a los YouTubers japoneses en un formato de preguntas y respuestas. Algunos de los temas discutidos incluyen &#8220;\u00bfEs el marketing encubierto una violaci\u00f3n de la ley?&#8221;, &#8220;\u00bfEs necesario desenfocar las placas de matr\u00edcula?&#8221;, y etc.<\/p>\n\t\t\t\t<p>Otra publicaci\u00f3n, &#8220;Una gu\u00eda para las leyes relacionadas con YouTube para profesionales legales&#8221;, es un manual pr\u00e1ctico sobre asuntos legales de YouTuber, para abogados y agentes de relaciones p\u00fablicas corporativas.<\/p>\n\t\t\t<\/div>\n\t\t<\/div>\n\t<\/div>\n<\/section>\n\n<section class=\"white-section\">\n\t<div class=\"section-inner\">\n\t\t<div class=\"flex\">\n\t\t\t<div class=\"width41\"><img decoding=\"async\" src=\"\/wp-content\/themes\/monolith2021\/img\/practices-youtuberlaw\/practices-youtuberlaw_pic2.jpg\"><\/div>\n\t\t\t<div class=\"width51\">\n\t\t\t\t<h3>Nuestro Abogado Fundador Hizo una Aparici\u00f3n Especial en &#8220;ABEMA Prime&#8221;<\/h3>\n\t\t\t\t<p class=\"mgb-small\">Nuestro abogado fundador fue invitado a la transmisi\u00f3n de &#8220;ABEMA Prime&#8221;, uno de los programas de transmisi\u00f3n en vivo m\u00e1s populares de Jap\u00f3n. <br>Hizo una aparici\u00f3n especial como abogado con experiencia en asuntos legales relacionados con YouTubers y VTubers.<\/p>\n\t\t\t\t<p>16 de febrero de 2022: asuntos legales como la privacidad de los VTubers<br>20 de mayo de 2022: asuntos legales de fuertes reacciones contra los influencers<\/p>\n\t\t\t<\/div>\n\t\t<\/div>\n\t<\/div>\n<\/section>\n\n<section class=\"white-section\">\n\t<div id=\"examples-of-our-clients\"><\/div>\n\t<div class=\"section-inner\">\n\t<h3>Ejemplos de YouTubers y VTubers como Clientes de Nuestro Despacho<\/h3>\n\t<ul class=\"layout-column4 mgb-middle\">\n\t \t<li>\n\t\t\t<div><img decoding=\"async\" src=\"\/wp-content\/themes\/monolith2021\/img\/practices-youtuberlaw\/practices-youtuberlaw_client_pic1.jpg\" alt=\"Carry On Inc.\" \/><\/div>\n\t\t\t<h4><a href=\"https:\/\/carry0n.co.jp\/\" target=\"_blank\" rel=\"noopener noreferrer\">Carry On Inc.<\/a><\/h4>\n\t\t\tHemos estado trabajando en proyectos para Carry On Inc. desde poco despu\u00e9s de la fundaci\u00f3n de la empresa, que incluyen a populares YouTubers como Kimagure Cook, Bryan, Channel Gado Man y muchos otros creadores.\n\t\t<\/li>\n\t \t<li>\n\t\t\t<div><img decoding=\"async\" src=\"\/wp-content\/themes\/monolith2021\/img\/practices-youtuberlaw\/practices-youtuberlaw_client_pic2.jpg\" alt=\"Tenchim\" \/><\/div>\n\t\t\t<h4><a href=\"https:\/\/www.youtube.com\/channel\/UCXzU-b8I0Y_fhMkLQMYt3vA\" target=\"_blank\" rel=\"noopener noreferrer\">Tenchim<\/a><\/h4>\n\t\t\tHemos estado trabajando en un proyecto para Tenchim, una bloguera, personalidad de televisi\u00f3n y modelo que dirige &#8220;Tenchim CH\/tenchim&#8221;.\n\t\t<\/li>\n\t \t<li>\n\t\t\t<div><img decoding=\"async\" src=\"\/wp-content\/themes\/monolith2021\/img\/practices-youtuberlaw\/practices-youtuberlaw_client_pic3.png\" alt=\"Mirai Akari\" \/><\/div>\n\t\t\t<h4><a href=\"https:\/\/akari-mir.ai\/\" target=\"_blank\" rel=\"noopener noreferrer\">Mirai Akari<\/a><\/h4>\n\t\t\tHemos estado trabajando en proyectos para ZIZAI Corporation desde 2016, antes del debut de su VTuber, Mirai Akari en 2017.\n\t\t<\/li>\n\t \t<li>\n\t\t\t<div><img decoding=\"async\" src=\"\/wp-content\/themes\/monolith2021\/img\/practices-youtuberlaw\/practices-youtuberlaw_client_pic4.png\" alt=\"Teiko Penguin\" \/><\/div>\n\t\t\t<h4><a href=\"https:\/\/www.youtube.com\/channel\/UCUTgXNqRBqR33D5q10DfQXw\" target=\"_blank\" rel=\"noopener noreferrer\">Teiko Penguin<\/a><\/h4>\n\t\t\tHemos estado trabajando en proyectos para Plott Corporation, operador del canal animado de YouTube &#8220;Teiko Penguin&#8221;, desde 2018, incluso antes del lanzamiento del canal.\n\t\t<\/li>\n\t<\/ul>\n\t<p class=\"txt-s\">*Esta es una lista parcial de empresas que nos han dado permiso para divulgar que son nuestros clientes o que est\u00e1n registradas como directores.<br>De hecho, trabajamos en proyectos para muchos clientes, incluyendo YouTubers independientes.<br>En principio, mantendremos su identidad confidencial bajo un acuerdo de confidencialidad.<\/p>\n\t<\/div>\n<\/section>\n\n<section class=\"purple2-section\">\n\t<div class=\"anchor\" id=\"monolith-law-magazine\"><\/div>\n\t<div class=\"section-inner\">\n\t\t    <section class=\"white-section temp-article\">\n        <div class=\"section-inner\">\n            <h4>MONOLITH LAW MAGAZINE<\/h4>\n            <div class=\"articles type_practice_column\">\n                                                                    <div class=\"article article-area\">\n                        <figure>\n                            <div class=\"img-wrap\">\n                                <img alt=\"Puntos clave de los T\u00e9rminos de Servicio de YouTube que se deben tener en cuenta al hacer videos de videojuegos en directo\" src=\"https:\/\/monolith.law\/es\/wp-content\/uploads\/sites\/9\/2024\/07\/Shutterstock_2091406600.webp\" width=\"500\" height=\"250\">\n                            <\/div>\n                            <figcaption>\n                                <div class=\"figcaption-inner\">\n                                    <h3>Puntos clave de los T\u00e9rminos de Servicio de YouTube que se deben tener en cuenta.<\/h3>\n                                <\/div>\n                            <\/figcaption>\n                            <a href=\"https:\/\/monolith.law\/es\/internet\/youtube-game-play-videos\"><\/a>\n                        <\/figure>\n                    <\/div>\n                                                    <div class=\"article article-area\">\n                        <figure>\n                            <div class=\"img-wrap\">\n                                <img alt=\"\u00bfPublicar videos de comida en YouTube no infringe los derechos de autor?\" src=\"https:\/\/monolith.law\/es\/wp-content\/uploads\/sites\/9\/2024\/03\/shutterstock_1533616925-1024x683.jpg\" width=\"500\" height=\"250\">\n                            <\/div>\n                            <figcaption>\n                                <div class=\"figcaption-inner\">\n                                    <h3>\u00bfPublicar videos de comida en YouTube no infringe los derechos de autor?<\/h3>\n                                <\/div>\n                            <\/figcaption>\n                            <a href=\"https:\/\/monolith.law\/es\/internet\/copyright-for-cooking-videos-published-on-youtube\"><\/a>\n                        <\/figure>\n                    <\/div>\n                                                    <div class=\"article article-area\">\n                        <figure>\n                            <div class=\"img-wrap\">\n                                <img alt=\"Derechos de imagen a tener en cuenta al publicar videos de ubicaci\u00f3n en YouTube\" src=\"https:\/\/monolith.law\/es\/wp-content\/uploads\/sites\/9\/2024\/03\/shutterstock_298767080-1024x683.jpg\" width=\"500\" height=\"250\">\n                            <\/div>\n                            <figcaption>\n                                <div class=\"figcaption-inner\">\n                                    <h3>Derechos de imagen a tener en cuenta al publicar videos de ubicaci\u00f3n en YouTube<\/h3>\n                                <\/div>\n                            <\/figcaption>\n                            <a href=\"https:\/\/monolith.law\/es\/internet\/portrait-rights-uploading-location-videos-on-youtube\"><\/a>\n                        <\/figure>\n                    <\/div>\n                                            <\/div>\n            <div class=\"btn-more\"><a href=\"https:\/\/monolith.law\/es\/tag\/legal-support-for-youtuber\">Read More<\/a><\/div>\n        <\/div>\n    <\/section>\n\t<\/div>\n<\/section>\n\n<section class=\"orange2-section\">\n\t<div class=\"anchor\" id=\"fee-structure\"><\/div>\n\t<div class=\"section-inner\">\n\t<div class=\"planWrap\">\n\t<h3>Estructura de<br>Honorarios<\/h3>\n\t<ul class=\"plan\">\n\t\t<li class=\"txt-left\">\n\t\t\t<div class=\"plan-inner\">\n\t\t\t<div class=\"plan-header\">\n\t\t\t<h4 class=\"plan-title\">Tarifa por Hora<\/h4>\n\t\t\t<div class=\"plan-price\"><span class=\"price-figure\">$300<\/span> por hora <span class=\"price-tax\"><\/span><\/div>\n\t\t\t<\/div>\n\t\t\t<div class=\"plan-body\">En ciertas circunstancias, podr\u00edamos considerar aceptar un litigio o demanda con una tarifa inicial y una tarifa de contingencia. Para obtener m\u00e1s detalles, no dude en ponerse en contacto con nosotros.<\/div>\n\t\t\t<\/div>\n\t\t<\/li>\n\t\t<li class=\"txt-left\">\n\t\t\t<div class=\"plan-inner\">\n\t\t\t<div class=\"plan-header\">\n\t\t\t<h4 class=\"plan-title\">Redacci\u00f3n de Contratos<\/h4>\n\t\t\t<div class=\"plan-price\"><span class=\"price-value\">desde<\/span><span class=\"price-figure\">$500<\/span><span class=\"price-value\">hasta $2,000 o m\u00e1s<\/span><span class=\"price-tax\"><\/span><\/div>\n\t\t\t<\/div>\n\t\t\t<div class=\"plan-body\">La estructura de precios puede variar en funci\u00f3n del tipo y la cantidad de contratos. Estamos encantados de ofrecer un presupuesto preliminar al realizar la consulta, por lo que le animamos a que se comunique con nosotros para obtener m\u00e1s detalles.<\/div>\n\t\t\t<\/div>\n\t\t<\/li>\n\t\t<li class=\"txt-left\">\n\t\t\t<div class=\"plan-inner\">\n\t\t\t<div class=\"plan-header\">\n\t\t\t<h4 class=\"plan-title\">Otros Servicios<\/h4>\n\t\t\t<div class=\"plan-price\"><span class=\"price-figure\">Cont\u00e1ctenos<\/span><\/div>\n\t\t\t<\/div>\n\t\t\t<div class=\"plan-body\">Ofrecemos una amplia gama de servicios que incluyen la formaci\u00f3n de empresas, revisi\u00f3n de contratos, opiniones legales, revisi\u00f3n de casos o cartas de investigaci\u00f3n. Si tiene alguna consulta o preocupaci\u00f3n, le invitamos cordialmente a contactarnos y nuestro equipo experto estar\u00e1 encantado de asistirle.<\/div>\n\t\t\t<\/div>\n\t\t\t<\/div>\n\t\t<\/li>\n\t<\/ul>\n\t<\/div>\n\t<\/div>\n<\/section>\n\n<section class=\"white-section\">\n\t<div class=\"section-inner\">\n\t\t<div class=\"btn-area\">\n\t\t\t<div class=\"btn icon-contact\"><a href=\"\/es\/contact\">Cont\u00e1ctenos<\/a><\/div>\n\t\t<\/div>\n\t<\/div>\n<\/section>\n","protected":false},"excerpt":{"rendered":"<p>Soporte Legal para YouTubers La gesti\u00f3n de influencers en l\u00ednea requiere de un conocimiento especializado que difiere del de la producci\u00f3n de entretenimiento tradicional y la gesti\u00f3n de medios. Compre [&hellip;]<\/p>\n","protected":false},"author":1,"featured_media":0,"parent":0,"menu_order":0,"comment_status":"closed","ping_status":"closed","template":"non-other-page-temp.php","meta":{"footnotes":""},"acf":[],"_links":{"self":[{"href":"https:\/\/monolith.law\/es\/wp-json\/wp\/v2\/pages\/55833"}],"collection":[{"href":"https:\/\/monolith.law\/es\/wp-json\/wp\/v2\/pages"}],"about":[{"href":"https:\/\/monolith.law\/es\/wp-json\/wp\/v2\/types\/page"}],"author":[{"embeddable":true,"href":"https:\/\/monolith.law\/es\/wp-json\/wp\/v2\/users\/1"}],"replies":[{"embeddable":true,"href":"https:\/\/monolith.law\/es\/wp-json\/wp\/v2\/comments?post=55833"}],"version-history":[{"count":26,"href":"https:\/\/monolith.law\/es\/wp-json\/wp\/v2\/pages\/55833\/revisions"}],"predecessor-version":[{"id":70927,"href":"https:\/\/monolith.law\/es\/wp-json\/wp\/v2\/pages\/55833\/revisions\/70927"}],"wp:attachment":[{"href":"https:\/\/monolith.law\/es\/wp-json\/wp\/v2\/media?parent=55833"}],"curies":[{"name":"wp","href":"https:\/\/api.w.org\/{rel}","templated":true}]}}