{"id":56075,"date":"2024-12-22T23:50:40","date_gmt":"2024-12-22T14:50:40","guid":{"rendered":"https:\/\/monolith.law\/en\/?page_id=56075"},"modified":"2025-08-19T19:41:40","modified_gmt":"2025-08-19T10:41:40","slug":"it","status":"publish","type":"page","link":"https:\/\/monolith.law\/es\/it","title":{"rendered":"IT"},"content":{"rendered":"\n<section class=\"heading-area\">\n\t<div class=\"heading-area-inner\">\n\t\t<h2 class=\"icon-it\">IT<\/h2>\n\t\t<p>En una sociedad donde la tecnolog\u00eda evoluciona r\u00e1pidamente, es crucial para los abogados corporativos en Jap\u00f3n tener un profundo entendimiento de la IT y la propiedad intelectual de una empresa. La fortaleza de nuestro despacho radica en nuestro equipo de especialistas en esta \u00e1rea.<\/p>\n\t<\/div>\n<\/section>\n\n<section class=\"white-section\">\n\t<div class=\"section-inner pdt0  border-bottom-section\">\n\t\t<p>Para los abogados de empresas de IT, es importante comprender la tecnolog\u00eda y las operaciones relacionadas con la IT y la propiedad intelectual en el d\u00eda a d\u00eda de la empresa. Sin conocimiento y comprensi\u00f3n de la IT, es imposible revisar cuidadosamente contratos y otros documentos relacionados con los productos que manejan, que son de suma importancia para las empresas, ni es posible considerar c\u00f3mo responder y prevenir problemas en caso de que ocurran. MONOLITH LAW OFFICE no solo maneja casos de empresas emergentes y empresas cotizadas especializadas en IT, sino tambi\u00e9n casos de IT e Internet que involucran a empresas no especializadas en IT, actuando como abogados a cargo de IT y propiedad intelectual.<\/p>\n\t<\/div>\n<\/section>\n\n\n<section class=\"white-section\">\n\t<div class=\"section-inner\">\n\t\t<h3 class=\"ttl-white\">Hoy en d\u00eda, la IT est\u00e1 presente en todos los aspectos de las actividades corporativas<\/h3>\n\t\t<ul class=\"layout-column4\">\n\t\t\t<li>\n\t\t\t\t<h4>Para el negocio de restaurantes<\/h4>\n\t\t\t\t<div><img decoding=\"async\" src=\"\/wp-content\/themes\/monolith2021\/img\/practices-itlaw\/practices-itlaw_illust1.png\"><\/div>\n\t\t\t\t<p>Atraer clientes a trav\u00e9s del <span class=\"bold\">marketing web<\/span> requiere subcontratar servicios de IT y empresas de IT.<\/p>\n\t\t\t<\/li>\n\t\t\t<li>\n\t\t\t\t<h4>Para la industria manufacturera<\/h4>\n\t\t\t\t<div><img decoding=\"async\" src=\"\/wp-content\/themes\/monolith2021\/img\/practices-itlaw\/practices-itlaw_illust2.png\"><\/div>\n\t\t\t\t<p>El desarrollo continuo de <span class=\"bold\">informaci\u00f3n basada en IT<\/span> es esencial para la gesti\u00f3n de la producci\u00f3n.<\/p>\n\t\t\t<\/li>\n\t\t\t<li>\n\t\t\t\t<h4>Para las empresas de comercio electr\u00f3nico<\/h4>\n\t\t\t\t<div><img decoding=\"async\" src=\"\/wp-content\/themes\/monolith2021\/img\/practices-itlaw\/practices-itlaw_illust3.png\"><\/div>\n\t\t\t\t<p>La gesti\u00f3n de sitios de comercio electr\u00f3nico y las operaciones de <span class=\"bold\">marketing en medios web<\/span> tambi\u00e9n forman parte de nuestro negocio relacionado con la IT.<\/p>\n\t\t\t<\/li>\n\t\t\t<li>\n\t\t\t\t<h4>Para la industria del entretenimiento<\/h4>\n\t\t\t\t<div><img decoding=\"async\" src=\"\/wp-content\/themes\/monolith2021\/img\/practices-itlaw\/practices-itlaw_illust4.png\"><\/div>\n\t\t\t\t<p>Internet es esencial para la <span class=\"bold\">gesti\u00f3n de medios y distribuci\u00f3n de contenido<\/span>.<\/p>\n\t\t\t<\/li>\n\t\t<\/ul>\n\t<\/div>\n<\/section>\n\n<section class=\"white-section\">\n\t<div class=\"section-inner pdt0\">\n\t\t<p class=\"txt-l txt-center mgb-middle\">Nuestro despacho aprovecha la experiencia de nuestro Socio Director, quien es un ex ingeniero de IT<br>Porque somos <span class=\"bold\">un despacho de abogados con fortaleza en la ley de IT\/PI japonesa<\/span><\/p>\n\t\t<div class=\"frame2 max-width860 txt-center-pc\">\n\t\t\t<p class=\"txt-l\"><span class=\"bold\">Podemos manejar todos los asuntos legales para empresas de IT y startups.<br>Para empresas que no se dedican a la IT como actividad principal, actuamos como <br>&#8220;abogados asesores legales de IT\/PI&#8221;.<\/p>\n\t\t<\/div>\n\t<\/div>\n<\/section>\n\n<section class=\"second-nav\">\n\t<div class=\"second-nav-inner\">\n\t\t<p>TEMAS<\/p>\n\t\t<nav>\n\t\t\t<ul>\n\t\t\t\t<li><a href=\"#system-development\">Desarrollo de Sistemas<\/a><\/li>\n\t\t\t\t<li><a href=\"#terms-of-use\">T\u00e9rminos de Uso<\/a><\/li>\n\t\t\t\t<li><a href=\"#crypto-assets-and-blockchain\">Criptoactivos y Blockchain<\/a><\/li>\n\t\t\t\t<li><a href=\"#ai-chatgpt-etc\">AI (ChatGPT, etc.)<\/a><\/li>\n\t\t\t\t<li><a href=\"#games\">Juegos<\/a><\/li>\n\t\t\t\t<li><a href=\"#swift-and-efficient-tech-legal-analysis\">An\u00e1lisis T\u00e9cnico\/Legal R\u00e1pido y Eficiente<\/a><\/li>\n\t\t\t\t<li><a href=\"#intellectual-property-rights\">Derechos de Propiedad Intelectual<\/a><\/li>\n\t\t\t\t<li><a href=\"#domain-name-disputes\">Disputas de Dominios<\/a><\/li>\n\t\t\t\t<li><a href=\"#e-commerce\">Comercio Electr\u00f3nico<\/a><\/li>\n\t\t\t\t<li><a href=\"#medical-law\">Derecho M\u00e9dico<\/a><\/li>\n\t\t\t\t<li><a href=\"#cybercrime\">Ciberdelitos<\/a><\/li>\n\t\t\t\t<li><a href=\"#monolith-law-magazine\">MONOLITH LAW MAGAZINE<\/a><\/li>\n\t\t\t\t<li><a href=\"#fee-structure\">Estructura de Honorarios<\/a><\/li>\n\t\t\t<\/ul>\n\t\t<\/nav>\n\t<\/div>\n<\/section>\n\n\n<section class=\"white-section\">\n\t<div class=\"anchor\" id=\"system-development\"><\/div>\n\t<div class=\"section-inner\">\n\t\t<div class=\"flex\">\n\t\t\t<div class=\"width41\"><img decoding=\"async\" src=\"\/wp-content\/themes\/monolith2021\/img\/practices-itlaw\/practices-itlaw_pic1.jpg\" alt=\"Desarrollo de Sistemas\"><\/div>\n\t\t\t<div class=\"width51\">\n\t\t\t\t<h3>Desarrollo de Sistemas<\/h3>\n\t\t\t\t<p class=\"mgb-middle\">Somos un despacho de abogados liderado por un ex ingeniero de IT, especializado en asuntos de desarrollo de sistemas, desde la redacci\u00f3n, revisi\u00f3n y negociaci\u00f3n de contratos hasta la resoluci\u00f3n de disputas. Tambi\u00e9n redactamos contratos desde cero bas\u00e1ndonos en materiales existentes, como documentos de propuesta, con un m\u00ednimo de entrevistas con el cliente.<\/p>\n\t\t\t\t<div class=\"btn-area align-left\">\n\t\t\t\t\t<div class=\"btn icon-system-development\"><a href=\"\/es\/system-development\">Desarrollo de Sistemas<\/a><\/div>\n\t\t\t\t<\/div>\n\t\t\t<\/div>\n\t\t<\/div>\n\t<\/div>\n<\/section>\n\n<section class=\"orange-section\">\n\t<div class=\"anchor\" id=\"terms-of-use\"><\/div>\n\t<div class=\"section-inner\">\n\t\t<div class=\"flex reverse\">\n\t\t\t<div class=\"width41\"><img decoding=\"async\" src=\"\/wp-content\/themes\/monolith2021\/img\/practices-itlaw\/practices-itlaw_pic2.jpg\" alt=\"Revisi\u00f3n de los T\u00e9rminos de Uso para Aplicaciones\"><\/div>\n\t\t\t<div class=\"width51\">\n\t\t\t\t<h3>T\u00e9rminos de Uso<\/h3>\n\t\t\t\t<p class=\"mgb-middle\">MONOLITH LAW OFFICE se encarga de la creaci\u00f3n y revisi\u00f3n de t\u00e9rminos de uso y pol\u00edticas de privacidad para diversas aplicaciones, servicios, juegos en Jap\u00f3n. Adem\u00e1s, podemos leer su definici\u00f3n de requisitos para el desarrollo de la aplicaci\u00f3n relevante, marcos de Adobe XD, LPs, materiales de ventas para posibles clientes y otros documentos y datos existentes.<\/p>\n\t\t\t\t<div class=\"btn-area align-left\">\n\t\t\t\t\t<div class=\"btn icon-terms-of-use\"><a href=\"\/es\/terms-of-use\">T\u00e9rminos de Uso<\/a><\/div>\n\t\t\t\t<\/div>\n\t\t\t<\/div>\n\t\t<\/div>\n\t<\/div>\n<\/section>\n\n<section class=\"white-section\">\n\t<div class=\"anchor\" id=\"crypto-assets-and-blockchain\"><\/div>\n\t<div class=\"section-inner\">\n\t\t<div class=\"flex\">\n\t\t\t<div class=\"width41\"><img decoding=\"async\" src=\"\/wp-content\/uploads\/2022\/07\/shutterstock_1151380622_2.png\" alt=\"Activos Criptogr\u00e1ficos y Blockchain\"><\/div>\n\t\t\t<div class=\"width51\">\n\t\t\t\t<h3>Criptoactivos y Blockchain<\/h3>\n\t\t\t\t<p class=\"mgb-middle\">Las blockchains son bases de datos descentralizadas que tienen un riesgo extremadamente bajo de p\u00e9rdida de registros, dificultan la falsificaci\u00f3n de registros pasados y son habilitadas por t\u00e9cnicas de IT como algoritmos de consenso, criptograf\u00eda y redes P2P. MONOLITH LAW OFFICE ha estado involucrado en el trabajo legal de criptoactivos y blockchain desde poco despu\u00e9s de su inicio en 2017.<\/p>\n\t\t\t\t<div class=\"btn-area align-left\">\n\t\t\t\t\t<div class=\"btn icon-crypto-asset-and-blockchain\"><a href=\"\/es\/crypto-asset-and-blockchain\">Criptoactivos<br>y Blockchain<\/a><\/div>\n\t\t\t\t<\/div>\n\t\t\t<\/div>\n\t\t<\/div>\n\t<\/div>\n<\/section>\n\n<section class=\"purple-section\">\n\t<div class=\"anchor\" id=\"ai-chatgpt-etc\"><\/div>\n\t<div class=\"section-inner\">\n\t\t<div class=\"flex reverse\">\n\t\t\t<div class=\"width41\"><img decoding=\"async\" src=\"\/wp-content\/themes\/monolith2021\/img\/practices-itlaw\/practices-itlaw_pic5.jpg\" alt=\"AI (ChatGPT, etc.)\"><\/div>\n\t\t\t<div class=\"width51\">\n\t\t\t\t<h3>AI (ChatGPT, etc.)<\/h3>\n\t\t\t\t<p class=\"mgb-small\">Ofrecemos servicios de verificaci\u00f3n legal, procesamiento de contratos y apoyo para notificaciones gubernamentales en servicios de IA de imagen y lenguaje natural, abordando cuestiones relacionadas con las leyes de derechos de autor, protecci\u00f3n de informaci\u00f3n personal, etc., a petici\u00f3n de startups de IT y empresas comerciales.<\/p>\n\t\t\t\t<p class=\"mgb-middle\">En ciertos casos, examinamos documentos t\u00e9cnicos y c\u00f3digos fuente para entender la operaci\u00f3n exacta de la biblioteca antes de evaluar la legalidad del servicio y el sistema necesario para su operaci\u00f3n legal en Jap\u00f3n.<\/p>\n\t\t\t\t<div class=\"btn-area align-left\">\n\t\t\t\t\t<div class=\"btn icon-ai\"><a href=\"\/es\/ai\">AI (ChatGPT, etc.)<\/a><\/div>\n\t\t\t\t<\/div>\n\t\t\t<\/div>\n\t\t<\/div>\n\t<\/div>\n<\/section>\n\n<section class=\"white-section mgt-section \">\n\t<div class=\"anchor\" id=\"games\"><\/div>\n\t<div class=\"section-inner-black\">\n\t\t<h3>Juegos<\/h3>\n\t\t<p class=\"mgb-middle\"> En Jap\u00f3n, varias leyes regulan la operaci\u00f3n de juegos sociales, incluyendo la Ley de Derechos de Autor Japonesa, la Ley contra Premios Injustificables y Representaciones Enga\u00f1osas, la Ley de Liquidaci\u00f3n de Fondos, la Ley de Contrato del Consumidor, la Ley de Transacciones Comerciales Espec\u00edficas y la Ley de Negocios de Telecomunicaciones son las principales.<br> Para evitar disputas y sanciones gubernamentales, es necesario garantizar el cumplimiento legal.<br> Nuestra firma tambi\u00e9n sirve como asesor legal para empresas de videojuegos y e-sports en Jap\u00f3n, requiriendo un entendimiento de la industria para asegurar su operaci\u00f3n legal.<\/p>\n\t<\/div>\n<\/section>\n\n<section class=\"white-section\">\n\t<div class=\"anchor\" id=\"swift-and-efficient-tech-legal-analysis\"><\/div>\n\t<div class=\"section-inner\">\n\t\t<div class=\"flex reverse\">\n\t\t\t<div class=\"width41\"><img decoding=\"async\" src=\"\/wp-content\/themes\/monolith2021\/img\/pic\/pic_draft.jpg\" alt=\"Redacci\u00f3n con tiempo m\u00ednimo de operaci\u00f3n\"><\/div>\n\t\t\t<div class=\"width51\">\n\t\t\t\t<h3>An\u00e1lisis T\u00e9cnico\/Legal R\u00e1pido y Eficiente<\/h3>\n\t\t\t\t<p class=\"mgb-middle\">Con nuestro Abogado Gerente, quien es un ex ingeniero de IT, y un equipo de consultores de IT, nuestra firma ofrece servicios de an\u00e1lisis t\u00e9cnico y revisi\u00f3n legal en un solo lugar, especialmente para tecnolog\u00edas avanzadas como la AI. <\/p>\n\t\t\t\t<p>La legalidad de los servicios que utilizan tecnolog\u00eda avanzada, especialmente la AI, no puede determinarse sin tener una comprensi\u00f3n t\u00e9cnica de c\u00f3mo funcionan dichos servicios. Como un servicio integral, podemos proporcionar tanto an\u00e1lisis t\u00e9cnico como revisi\u00f3n legal.<\/p>\n\t\t\t<\/div>\n\t\t<\/div>\n\t<\/div>\n<\/section>\n\n<section class=\"white-section mgb-section80\">\n\t<div class=\"anchor\" id=\"intellectual-property-rights\"><\/div>\n\t<div class=\"section-inner-black\">\n\t\t<h3>Derechos de Propiedad Intelectual<\/h3>\n\t\t<p class=\"mgb-middle\">We handle IP strategy planning, contractual relations and litigation in both the IT and entertainment fields.\nIn the case of disputes, we also handle highly specialized litigation, such as litigation over patent ownership rights.<\/p>\n\t<\/div>\n<\/section>\n\n<section class=\"white-section mgt-section80\">\n\t<div class=\"anchor\" id=\"domain-name-disputes\"><\/div>\n\t<div class=\"section-inner-black\">\n\t\t<h3>Disputas de Dominios<\/h3>\n\t\t<p class=\"mgb-middle\">We have expertise in handling domain names, intellectual property rights, and dispute resolution based on the JP Domain Name Dispute Resolution Policy (DRP) and litigation procedures using the Unfair Competition Prevention Act.\n<\/p>\n\t<\/div>\n<\/section>\n\n<section class=\"white-section\">\n\t<div class=\"anchor\" id=\"e-commerce\"><\/div>\n\t<div class=\"section-inner\">\n\t\t<div class=\"flex\">\n\t\t\t<div class=\"width41\"><img decoding=\"async\" src=\"\/wp-content\/themes\/monolith2021\/img\/practices-itlaw\/practices-itlaw_pic7.jpg\" alt=\"E-commerce\"><\/div>\n\t\t\t<div class=\"width51\">\n\t\t\t\t<h3>Comercio Electr\u00f3nico<\/h3>\n\t\t\t\t<p>Tenemos experiencia en la resoluci\u00f3n de diversos litigios de comercio electr\u00f3nico japon\u00e9s, incluyendo medidas cautelares contra la infracci\u00f3n de marcas registradas y derechos de autor en plataformas como Rakuten, Amazon y Yahoo! Shopping.<\/p>\n\t\t\t<\/div>\n\t\t<\/div>\n\t<\/div>\n<\/section>\n\n<section class=\"white-section mgb-section80\">\n\t<div class=\"anchor\" id=\"medical-law\"><\/div>\n\t<div class=\"section-inner-black\">\n\t\t<h3>Derecho M\u00e9dico<\/h3>\n\t\t<p class=\"mgb-middle\">The intersection of laws related to medical care in Japan, such as the Pharmaceutical Affairs Act, Medical Service Act, and Medical Practitioners Act, with IT and the Internet, is a complex and specialized area.\nOur firm has medical-related legal specialists and a founding lawyer who is a former IT engineer, is well-versed in the industry.<\/p>\n\t\t<h4 class=\"mgb-middle\">Nuestra Experiencia en Casos de Derecho M\u00e9dico (Ejemplos)<\/h4>\n\t\t<p class=\"mgb-middle\">Revisi\u00f3n legal bajo la Ley de Dispositivos M\u00e9dicos y Farmac\u00e9uticos (Japanese PMD Act) y otras leyes aplicables a los productos licenciados (LPs) de distribuidores de suplementos, revisiones legales y formulaci\u00f3n de directrices bajo la PMD Act y otras leyes aplicables para medios relacionados con la belleza, y la auditor\u00eda de la Legitimidad Legal de nuevos negocios en startups relacionadas con la medicina, redacci\u00f3n de contratos para investigaci\u00f3n conjunta con universidades en startups m\u00e9dicas. Revisi\u00f3n legal y preparaci\u00f3n de t\u00e9rminos de uso para servicios de colaboraci\u00f3n de informaci\u00f3n m\u00e9dica. Preparaci\u00f3n de descripciones del C\u00f3digo Comercial Especificado, etc., para negocios de venta de suplementos.<\/p>\n\t<\/div>\n<\/section>\n\n<section class=\"white-section\">\n\t<div class=\"anchor\" id=\"cybercrime\"><\/div>\n\t<div class=\"section-inner\">\n\t\t<div class=\"flex reverse\">\n\t\t\t<div class=\"width41\"><img decoding=\"async\" src=\"\/wp-content\/uploads\/2023\/05\/dispute_pic2.jpg\" alt=\"Ciberdelincuencia\"><\/div>\n\t\t\t<div class=\"width51\">\n\t\t\t\t<h3>Ciberdelitos<\/h3>\n\t\t\t\t<p class=\"mgb-middle\">Para impulsar la investigaci\u00f3n y el arresto por parte de la polic\u00eda japonesa en casos como el acceso no autorizado que ocurre en Jap\u00f3n, es efectivo contar con la ayuda de expertos que est\u00e1n bien versados en los procedimientos penales japoneses. Como una firma de abogados con experiencia en IT, ofrecemos apoyo legal para empresas que han sido v\u00edctimas de ciberdelitos como el acceso no autorizado y la exfiltraci\u00f3n il\u00edcita de datos, incluyendo la asistencia para presentar denuncias penales e informes para iniciar investigaciones criminales. Esta es una de nuestras caracter\u00edsticas distintivas.<\/p>\n\t\t\t\t<div class=\"btn-area align-left\">\n\t\t\t\t\t<div class=\"btn icon-cybercrime\"><a href=\"\/es\/ciberdelincuencia\">Ciberdelincuencia<\/a><\/div>\n\t\t\t\t<\/div>\n\t\t\t<\/div>\n\t\t<\/div>\n\t<\/div>\n<\/section>\n\n<section class=\"white-section\">\n\t<div class=\"section-inner pdt0\">\n\t\t<div class=\"frame2 max-width860 txt-center-pc\">\n\t\t\t<p class=\"bold txt-l\">Tambi\u00e9n podemos actuar como un &#8220;segundo abogado&#8221; para el negocio principal de su empresa, utilizando nuestras fortalezas en una capacidad separada del asesor legal principal de su empresa.<\/p>\n\t\t<\/div>\n\t<\/div>\n<\/section>\n\n<section class=\"purple2-section\">\n\t<div class=\"anchor\" id=\"monolith-law-magazine\"><\/div>\n\t<div class=\"section-inner\">\n\t\t    <section class=\"white-section temp-article\">\n        <div class=\"section-inner\">\n            <h4>MONOLITH LAW MAGAZINE<\/h4>\n            <div class=\"articles type_practice_column\">\n                                                                    <div class=\"article article-area\">\n                        <figure>\n                            <div class=\"img-wrap\">\n                                <img alt=\"La ley de regulaci\u00f3n de la IA en la UE y las respuestas necesarias para las empresas japonesas\" src=\"https:\/\/monolith.law\/es\/wp-content\/uploads\/sites\/9\/2025\/08\/a1a29c01832a47f3d2c7dc6bfde10302.webp\" width=\"500\" height=\"250\">\n                            <\/div>\n                            <figcaption>\n                                <div class=\"figcaption-inner\">\n                                    <h3>La ley de regulaci\u00f3n de la IA en la UE y las respuestas necesarias para las empr.<\/h3>\n                                <\/div>\n                            <\/figcaption>\n                            <a href=\"https:\/\/monolith.law\/es\/it\/eu-ai-act\"><\/a>\n                        <\/figure>\n                    <\/div>\n                                                    <div class=\"article article-area\">\n                        <figure>\n                            <div class=\"img-wrap\">\n                                <img alt=\"\u00bfHasta d\u00f3nde llega la responsabilidad de los proveedores en las entregas que incluyen OSS? Explicaci\u00f3n de la responsabilidad civil y medidas por tipo de contrato\" src=\"https:\/\/monolith.law\/es\/wp-content\/uploads\/sites\/9\/2025\/08\/a3e2bebbbd18ab9195487c8b62e3ba94.webp\" width=\"500\" height=\"250\">\n                            <\/div>\n                            <figcaption>\n                                <div class=\"figcaption-inner\">\n                                    <h3>\u00bfHasta d\u00f3nde llega la responsabilidad de los proveedores en las entregas que inc.<\/h3>\n                                <\/div>\n                            <\/figcaption>\n                            <a href=\"https:\/\/monolith.law\/es\/it\/oss-contract\"><\/a>\n                        <\/figure>\n                    <\/div>\n                                                    <div class=\"article article-area\">\n                        <figure>\n                            <div class=\"img-wrap\">\n                                <img alt=\"Explicaci\u00f3n de las 8 leyes problem\u00e1ticas en el desarrollo de software utilizando software de c\u00f3digo abierto (OSS)\" src=\"https:\/\/monolith.law\/es\/wp-content\/uploads\/sites\/9\/2025\/08\/2e3dcd72416c364f481cdcf21967a2a8.webp\" width=\"500\" height=\"250\">\n                            <\/div>\n                            <figcaption>\n                                <div class=\"figcaption-inner\">\n                                    <h3>Explicaci\u00f3n de las 8 leyes problem\u00e1ticas en el desarrollo de software utilizando.<\/h3>\n                                <\/div>\n                            <\/figcaption>\n                            <a href=\"https:\/\/monolith.law\/es\/it\/oss-law\"><\/a>\n                        <\/figure>\n                    <\/div>\n                                            <\/div>\n            <div class=\"btn-more\"><a href=\"https:\/\/monolith.law\/es\/tag\/it\">Read More<\/a><\/div>\n        <\/div>\n    <\/section>\n\t<\/div>\n<\/section>\n\n<section class=\"orange2-section\">\n\t<div class=\"anchor\" id=\"fee-structure\"><\/div>\n\t<div class=\"section-inner\">\n\t\t<div class=\"planWrap\">\n\t\t\t<h3>Estructura de<br>Honorarios<\/h3>\n\t\t\t<ul class=\"plan\">\n\t\t\t\t<li class=\"txt-left\">\n\t\t\t\t\t<div class=\"plan-inner\">\n\t\t\t\t\t<div class=\"plan-header\">\n\t\t\t\t\t\t<h4 class=\"plan-title\">Tarifa por Hora<\/h4>\n\t\t\t\t\t\t<div class=\"plan-price\">\n\t\t\t\t\t\t\t<div class=\"plan-price\"><span class=\"price-figure\">$300<\/span> por hora<span class=\"price-value\"><\/span><\/div>\n<\/div>\n\t\t\t\t\t<\/div>\n\t\t\t\t\t<div class=\"plan-body\">\n\t\t\t\t\t\t<p>En ciertas circunstancias, podr\u00edamos considerar aceptar un litigio o demanda con una tarifa de inicio y una tarifa de contingencia. Para obtener m\u00e1s detalles, no dude en ponerse en contacto con nosotros.<\/p>\n\t\t\t\t\t\t<p><\/p>\n\t\t\t\t\t\t<p class=\"txt-s\"><\/p>\n\t\t\t\t\t<\/div>\n\t\t\t\t\t<\/div>\n\t\t\t\t<\/li>\n\t\t\t\t<li class=\"txt-left\">\n\t\t\t\t\t<div class=\"plan-inner\">\n\t\t\t\t\t<div class=\"plan-header\">\n\t\t\t\t\t\t<h4 class=\"plan-title\">Redacci\u00f3n de Contratos<\/h4>\n\t\t\t\t\t\t<div class=\"plan-price\">\n\t\t\t\t\t\t<div class=\"plan-price\"><span class=\"price-value\">desde<\/span><span class=\"price-figure\">$500<\/span><span class=\"price-value\">hasta $2,000 o m\u00e1s<\/span><\/div>\n<\/div>\n\t\t\t\t\t<\/div>\n\t\t\t\t\t<div class=\"plan-body\">\n\t\t\t\t\t\t<p>The pricing structure is subject to variation based on the type and quantity of contracts. We are pleased to offer a preliminary estimate upon inquiry, thereby encouraging you to reach out to us for further details.\n<\/p>\n\t\t\t\t\t\t<p class=\"txt-s\"><\/p>\n\t\t\t\t\t<\/div>\n\t\t\t\t\t<\/div>\n\t\t\t\t<\/li>\n\t\t\t\t<li class=\"txt-left\">\n\t\t\t\t\t<div class=\"plan-inner\">\n\t\t\t\t\t<div class=\"plan-header\">\n\t\t\t\t\t<h4 class=\"plan-title\">Otros Servicios<\/h4>\n\t\t\t\t\t<div class=\"plan-price\">\n\t\t\t\t\t\t<div class=\"plan-price\"><span class=\"price-figure\">Cont\u00e1ctenos<\/span><\/div>\n\t\t\t\t\t<\/div>\n\t\t\t\t\t<div class=\"plan-body\">\n\t\t\t\t\t\t<p>Ofrecemos una amplia gama de servicios que incluyen la formaci\u00f3n de empresas, revisi\u00f3n de contratos, opiniones legales, revisi\u00f3n de casos o cartas de investigaci\u00f3n. Si tiene alguna consulta o preocupaci\u00f3n, le invitamos cordialmente a ponerse en contacto con nosotros y nuestro equipo experto estar\u00e1 encantado de asistirle.<\/p>\n\t\t\t\t\t\t<p>\n<\/p>\n\t\t\t\t\t\t<p class=\"txt-s\"><\/p>\n\t\t\t\t\t<\/div>\n\t\t\t\t\t<\/div>\n\t\t\t\t<\/li>\n\t\t\t<\/ul>\n\t\t<\/div>\n\t<\/div>\n<\/section>\n<section class=\"white-section\">\n\t<div class=\"section-inner\">\n\t\t<div class=\"btn-area\">\n\t\t\t<div class=\"btn icon-contact\"><a href=\"\/es\/contact\">Cont\u00e1ctenos<\/a><\/div>\n\t\t<\/div>\n\t<\/div>\n<\/section>\n","protected":false},"excerpt":{"rendered":"<p>IT En una sociedad donde la tecnolog\u00eda evoluciona r\u00e1pidamente, es crucial para los abogados corporativos en Jap\u00f3n tener un profundo entendimiento de la IT y la propiedad intelectual de una empresa. La [&hellip;]<\/p>\n","protected":false},"author":1,"featured_media":0,"parent":0,"menu_order":0,"comment_status":"closed","ping_status":"closed","template":"non-other-page-temp.php","meta":{"footnotes":""},"acf":[],"_links":{"self":[{"href":"https:\/\/monolith.law\/es\/wp-json\/wp\/v2\/pages\/56075"}],"collection":[{"href":"https:\/\/monolith.law\/es\/wp-json\/wp\/v2\/pages"}],"about":[{"href":"https:\/\/monolith.law\/es\/wp-json\/wp\/v2\/types\/page"}],"author":[{"embeddable":true,"href":"https:\/\/monolith.law\/es\/wp-json\/wp\/v2\/users\/1"}],"replies":[{"embeddable":true,"href":"https:\/\/monolith.law\/es\/wp-json\/wp\/v2\/comments?post=56075"}],"version-history":[{"count":26,"href":"https:\/\/monolith.law\/es\/wp-json\/wp\/v2\/pages\/56075\/revisions"}],"predecessor-version":[{"id":70822,"href":"https:\/\/monolith.law\/es\/wp-json\/wp\/v2\/pages\/56075\/revisions\/70822"}],"wp:attachment":[{"href":"https:\/\/monolith.law\/es\/wp-json\/wp\/v2\/media?parent=56075"}],"curies":[{"name":"wp","href":"https:\/\/api.w.org\/{rel}","templated":true}]}}