{"id":56080,"date":"2024-12-21T23:51:59","date_gmt":"2024-12-21T14:51:59","guid":{"rendered":"https:\/\/monolith.law\/en\/?page_id=56080"},"modified":"2025-08-19T19:43:06","modified_gmt":"2025-08-19T10:43:06","slug":"internet","status":"publish","type":"page","link":"https:\/\/monolith.law\/es\/internet","title":{"rendered":"Internet"},"content":{"rendered":"\n<section class=\"heading-area\">\n\t<div class=\"heading-area-inner\">\n\t\t<h2 class=\"icon-internet\">Internet<\/h2>\n\t\t<p>Como un bufete de abogados con una s\u00f3lida experiencia en IT, tenemos un historial comprobado en proporcionar apoyo legal integral a emprendedores de la industria de internet, incluyendo a YouTubers. Tambi\u00e9n nos especializamos en manejar disputas relacionadas con plataformas en l\u00ednea y hemos asistido con \u00e9xito a clientes en la eliminaci\u00f3n de p\u00e1ginas web negativas y en la resoluci\u00f3n de conflictos en l\u00ednea.<\/p>\n\t<\/div>\n<\/section>\n\n<section class=\"white-section\">\n\t<div class=\"section-inner pdt0  border-bottom-section\">\n\t\t<p class=\"mgb-small\">MONOLITH LAW OFFICE, con su amplia experiencia en asuntos legales relacionados con IT, est\u00e1 particularmente versado en apoyar a negocios basados en internet, incluyendo a YouTubers y compa\u00f1\u00edas que participan en actividades relacionadas con YouTube.<\/p>\n\t\t<p>Entendemos los riesgos inherentes asociados con internet, como las p\u00e1ginas web negativas y las publicaciones en foros en l\u00ednea. Nuestro bufete ha manejado con \u00e9xito numerosos casos involucrando la gesti\u00f3n de la reputaci\u00f3n en l\u00ednea para una amplia gama de clientes, desde individuos hasta grandes corporaciones. Las p\u00e1ginas web negativas presentan un desaf\u00edo legal \u00fanico en Jap\u00f3n, y nuestros abogados calificados est\u00e1n equipados para proporcionar soluciones efectivas. Estamos deseosos de consultar con usted, aprovechando nuestra experiencia y experiencia en la resoluci\u00f3n de problemas relacionados con p\u00e1ginas web negativas.<\/p>\n\t<\/div>\n<\/section>\n\n<section class=\"second-nav\">\n\t<div class=\"second-nav-inner\">\n\t\t<p>TEMAS<\/p>\n\t\t<nav>\n\t\t\t<ul>\n\t\t\t\t<li><a href=\"#legal-support-for-youtuber\">Asesor\u00eda Legal para YouTubers<\/a><\/li>\n\t\t\t\t<li><a href=\"#legal-support-for-vtuber\">Asesor\u00eda Legal para VTubers<\/a><\/li>\n\t\t\t\t<li><a href=\"#manda-of-sns-accounts\">M&amp;A de Cuentas en Redes Sociales<\/a><\/li>\n\t\t\t\t<li><a href=\"#mitigating-reputational-damage\">Mitigaci\u00f3n de Da\u00f1o Reputacional<\/a><\/li>\n\t\t\t\t<li><a href=\"#id-of-the-defamatory-statement\">Identificaci\u00f3n de la Declaraci\u00f3n Difamatoria<\/a><\/li>\n\t\t\t\t<li><a href=\"#corporate-reputation-management\">Gesti\u00f3n de la Reputaci\u00f3n Corporativa<\/a><\/li>\n\t\t\t\t<li><a href=\"#removal-of-past-unwanted-info\">Eliminaci\u00f3n de Informaci\u00f3n No Deseada del Pasado<\/a><\/li>\n\t\t\t\t<li><a href=\"#monolith-law-magazine\">MONOLITH LAW MAGAZINE<\/a><\/li>\n\t\t\t\t<li><a href=\"#fee-structure\">Estructura de Honorarios<\/a><\/li>\n\t\t\t<\/ul>\n\t\t<\/nav>\n\t<\/div>\n<\/section>\n\n<section class=\"purple-section mgt-section\">\n\t<div class=\"anchor\" id=\"legal-support-for-youtuber\"><\/div>\n\t<div class=\"section-inner\">\n\t\t<div class=\"flex\">\n\t\t\t<div class=\"width41\"><img decoding=\"async\" src=\"\/wp-content\/themes\/monolith2021\/img\/pic\/pic_practices-youtuberlaw.jpg\" alt=\"Apoyo Legal para YouTuber\"><\/div>\n\t\t\t<div class=\"width51\">\n\t\t\t\t<h3>Asesor\u00eda Legal para YouTubers<\/h3>\n\t\t\t\t<p class=\"mgb-small\">Los canales de YouTube gestionados por agencias de YouTubers, empresas que operan YouTubers Virtuales (VTubers) y compa\u00f1\u00edas comerciales, todos necesitan asesores legales con conocimientos especializados y experiencia en Jap\u00f3n.<\/p>\n\t\t\t\t<p class=\"mgb-middle\">Nuestros clientes incluyen grandes empresas japonesas de gesti\u00f3n de YouTubers, YouTubers individuales destacados y diversas empresas de gesti\u00f3n de negocios de VTubers en todo Jap\u00f3n. Tambi\u00e9n proporcionamos soporte altamente especializado en la redacci\u00f3n y revisi\u00f3n de contratos relacionados con YouTubers y VTubers, as\u00ed como en la resoluci\u00f3n de problemas legales relacionados con la creaci\u00f3n de videos en Jap\u00f3n.<\/p>\n\t\t\t\t<div class=\"btn-area align-left\">\n\t\t\t\t\t<div class=\"btn icon-legal-support-for-youtuber\"><a href=\"\/es\/legal-support-for-youtuber\/\">Soporte Legal<br> para YouTuber<\/a><\/div>\n\t\t\t\t<\/div>\n\t\t\t<\/div>\n\t\t<\/div>\n\t<\/div>\n<\/section>\n\n<section class=\"white-section\">\n\t<div class=\"anchor\" id=\"legal-support-for-vtuber\"><\/div>\n\t<div class=\"section-inner\">\n\t\t<div class=\"flex reverse\">\n\t\t\t<div class=\"width41\"><img decoding=\"async\" src=\"\/wp-content\/themes\/monolith2021\/img\/vtuberlaw\/pic_practices-vtuberlaw.jpg\" alt=\"Soporte Legal para VTuber\"><\/div>\n\t\t\t<div class=\"width51\">\n\t\t\t\t<h3>Asesor\u00eda Legal para VTubers<\/h3>\n\t\t\t\t<p class=\"mgb-small\">La popularidad de los VTubers, YouTubers que utilizan avatares 2D o 3D para crear videos y transmisiones en vivo, se ha consolidado. Este fen\u00f3meno comenz\u00f3 en Jap\u00f3n y ahora se ha extendido a pa\u00edses de todo el mundo.<\/p>\n\t\t\t\t<p class=\"mgb-middle\">Desde 2017, hemos estado manejando asuntos legales de VTubers en Jap\u00f3n, acumulando una gran experiencia y un s\u00f3lido historial. Estamos totalmente comprometidos a proporcionar un soporte integral a los VTubers y a sus empresas y agencias afiliadas en todo el mundo.<\/p>\n\t\t\t\t<div class=\"btn-area align-left\">\n\t\t\t\t\t<div class=\"btn icon-legal-support-for-vtuber\"><a href=\"\/es\/legal-support-for-vtuber\/\">Soporte Legal<br>para VTubers<\/a><\/div>\n\t\t\t\t<\/div>\n\t\t\t<\/div>\n\t\t<\/div>\n\t<\/div>\n<\/section>\n\n<section class=\"white-section\">\n\t<div class=\"anchor\" id=\"manda-of-sns-accounts\"><\/div>\n\t<div class=\"section-inner\">\n\t\t<div class=\"flex\">\n\t\t\t<div class=\"width41\"><img decoding=\"async\" src=\"\/wp-content\/themes\/monolith2021\/img\/pic\/pic_sns_manda.jpg\" alt=\"M&amp;A de cuentas SNS\"><\/div>\n\t\t\t<div class=\"width51\">\n\t\t\t\t<h3>M&amp;A de Cuentas en Redes Sociales<\/h3>\n\t\t\t\t<p class=\"mgb-small\">Al igual que los sitios web, los canales de YouTube y las cuentas de Twitter tambi\u00e9n est\u00e1n sujetos a fusiones y adquisiciones. Sin embargo, dado que estas transacciones son casos especiales, se requiere un bufete de abogados con conocimiento y experiencia especializados. MONOLITH LAW OFFICE es un bufete de abogados especializado en IT, internet y negocios. Nuestros abogados manejan todo, desde la redacci\u00f3n de contratos hasta la diligencia debida (DD) para muchas fusiones y adquisiciones, desde peque\u00f1os proyectos que involucran canales de YouTube hasta proyectos que superan los 100 millones de yenes.<\/p>\n\t\t\t\t<div class=\"btn-area align-left\">\n\t\t\t\t\t<div class=\"btn icon-m-and-a-of-sns-accounts\"><a href=\"\/es\/m-and-a-of-sns-accounts\/\">Fusiones y Adquisiciones de cuentas SNS<\/a><\/div>\n\t\t\t\t<\/div>\n\n\t\t\t<\/div>\n\t\t<\/div>\n\t<\/div>\n<\/section>\n\n<section class=\"purple-section\">\n\t<div class=\"anchor\" id=\"mitigating-reputational-damage\"><\/div>\n\t<div class=\"section-inner\">\n\t\t<div class=\"flex reverse\">\n\t\t\t<div class=\"width41\"><img decoding=\"async\" src=\"\/wp-content\/themes\/monolith2021\/img\/pic\/pic_practices-reputation.jpg\" alt=\"Mitigando Da\u00f1os a la Reputaci\u00f3n\"><\/div>\n\t\t\t<div class=\"width51\">\n\t\t\t\t<h3>Mitigaci\u00f3n de Da\u00f1o Reputacional<\/h3>\n\t\t\t\t<p class=\"mgb-small\">Las p\u00e1ginas web negativas que lanzan ataques contra empresas o individuos pueden tener efectos perjudiciales en su reputaci\u00f3n. Sin embargo, la ley japonesa incluye disposiciones para la eliminaci\u00f3n de dichas p\u00e1ginas web si constituyen difamaci\u00f3n o invasi\u00f3n de la privacidad. En MONOLITH LAW OFFICE, estamos especializados en asuntos legales relacionados con internet y hemos manejado con \u00e9xito numerosos casos que involucran la eliminaci\u00f3n de informaci\u00f3n da\u00f1ina de internet.<\/p>\n\t\t\t\t<p class=\"mgb-middle\">Con nuestra s\u00f3lida experiencia en internet y profundo entendimiento de los principios legales japoneses, nuestro equipo dedicado ha asistido a una amplia gama de clientes, incluyendo grandes corporaciones e individuos, para combatir eficazmente las p\u00e1ginas web negativas. A trav\u00e9s de intervenciones legales estrat\u00e9gicas, trabajamos diligentemente para proteger las reputaciones de nuestros clientes y atenuar el da\u00f1o causado por contenido difamatorio o que invade la privacidad.<\/p>\n\t\t\t\t<div class=\"btn-area align-left\">\n\t\t\t\t\t<div class=\"btn icon-mitigating-reputational-damage\"><a href=\"\/es\/mitigating-reputational-damage\/\">Atenuaci\u00f3n<br>de Da\u00f1os a la Reputaci\u00f3n<\/a><\/div>\n\t\t\t\t<\/div>\n\t\t\t<\/div>\n\t\t<\/div>\n\t<\/div>\n<\/section>\n\n<section class=\"white-section\">\n\t<div class=\"anchor\" id=\"id-of-the-defamatory-statement\"><\/div>\n\t<div class=\"section-inner\">\n\t\t<div class=\"flex\">\n\t\t\t<div class=\"width41\"><img decoding=\"async\" src=\"\/wp-content\/themes\/monolith2021\/img\/pic\/pic_reputation.jpg\" alt=\"ID de la Fuente de la Declaraci\u00f3n Difamatoria\"><\/div>\n\t\t\t<div class=\"width51\">\n\t\t\t\t<h3>Identificaci\u00f3n de la Declaraci\u00f3n Difamatoria<\/h3>\n\t\t\t\t<p class=\"mgb-small\">Seg\u00fan la ley japonesa, la identificaci\u00f3n de los individuos responsables de publicaciones ilegales, como las que constituyen difamaci\u00f3n, puede ser perseguida a trav\u00e9s de las disposiciones de la Ley de Limitaci\u00f3n de Responsabilidad del Proveedor (Japanese Provider Liability Limitation Act). Este procedimiento legal se lleva a cabo en un tribunal japon\u00e9s.<\/p>\n\t\t\t\t<p class=\"mgb-middle\">En casos que involucran publicaciones altamente maliciosas que no pueden ser pasadas por alto, como falsas acusaciones que vinculan a un due\u00f1o de negocio con fuerzas antisociales, es crucial identificar a los perpetradores y buscar sanciones legales apropiadas. Adem\u00e1s, cuando las publicaciones ilegales ocurren de manera persistente, se deben hacer esfuerzos para identificar y prevenir la recurrencia.<\/p>\n\t\t\t\t<div class=\"btn-area align-left\">\n\t\t\t\t\t<div class=\"btn icon-id-of-the-defamatory-statement\"><a href=\"\/es\/id-of-the-defamatory-statement\/\">Identificaci\u00f3n de la Declaraci\u00f3n<br>Difamatoria<\/a><\/div>\n\t\t\t\t<\/div>\n\t\t\t<\/div>\n\t\t<\/div>\n\t<\/div>\n<\/section>\n\n<section class=\"orange-section\">\n\t<div class=\"anchor\" id=\"corporate-reputation-management\"><\/div>\n\t<div class=\"section-inner\">\n\t\t<div class=\"flex reverse\">\n\t\t\t<div class=\"width41\"><img decoding=\"async\" src=\"\/en\/wp-content\/uploads\/sites\/6\/2023\/06\/pic_practices-listedcompany.jpg\" alt=\"Gesti\u00f3n de Reputaci\u00f3n Corporativa\"><\/div>\n\t\t\t<div class=\"width51\">\n\t\t\t\t<h3>Gesti\u00f3n de la Reputaci\u00f3n Corporativa<\/h3>\n\t\t\t\t<p class=\"mgb-small\">Cuando una gran empresa enfrenta da\u00f1os a su reputaci\u00f3n debido a numerosas p\u00e1ginas web negativas en Internet, abordar el problema se vuelve complejo. Priorizar qu\u00e9 p\u00e1ginas eliminar y evaluar la rentabilidad de los esfuerzos de eliminaci\u00f3n plantea desaf\u00edos significativos. Como un despacho de abogados equipado con experiencia legal y consultor\u00eda en IT, ofrecemos soluciones integrales adaptadas a estos escenarios de problemas complejos.<\/p>\n\t\t\t\t<p>Nuestro equipo de abogados y consultores de IT proporciona experiencia en la definici\u00f3n de prioridades, dise\u00f1o de indicadores clave de rendimiento (KPIs) y estimaci\u00f3n de relaciones costo-beneficio en relaci\u00f3n con la asignaci\u00f3n de presupuesto. Nos acercamos a la situaci\u00f3n de manera similar a las empresas de consultor\u00eda, ofreciendo orientaci\u00f3n estrat\u00e9gica y an\u00e1lisis para navegar el proceso de manera efectiva.<\/p>\n\t\t\t<\/div>\n\t\t<\/div>\n\t<\/div>\n<\/section>\n\n<section class=\"white-section\">\n\t<div class=\"anchor\" id=\"removal-of-past-unwanted-info\"><\/div>\n\t<div class=\"section-inner\">\n\t\t<div class=\"flex\">\n\t\t\t<div class=\"width41\"><img decoding=\"async\" src=\"\/en\/wp-content\/uploads\/sites\/6\/2023\/06\/pastunwantedcontent.jpg\" alt=\"Eliminaci\u00f3n de Contenido No Deseado del Pasado\"><\/div>\n\t\t\t<div class=\"width51\">\n\t\t\t\t<h3>Eliminaci\u00f3n de Informaci\u00f3n No Deseada del Pasado<\/h3>\n\t\t\t\t<p class=\"mgb-small\">MONOLITH LAW OFFICE se especializa en resolver el desaf\u00edo de gestionar la presencia en l\u00ednea, particularmente para individuos involucrados en la industria del entretenimiento. Entendemos que la informaci\u00f3n, tanto oficial como no oficial, puede tener un impacto duradero en la vida personal y profesional. Nuestro bufete ofrece soluciones integrales para abordar estas preocupaciones, utilizando una combinaci\u00f3n \u00fanica de experiencia legal y tecnolog\u00eda de la informaci\u00f3n. Ya sea para eliminar contenido no deseado, gestionar huellas digitales o navegar por los problemas del &#8220;derecho al olvido&#8221;, proporcionamos una soluci\u00f3n integral para proteger su reputaci\u00f3n en l\u00ednea.<\/p>\n\t\t\t\t<p>Conf\u00ede en MONOLITH LAW OFFICE para proteger su privacidad y garantizar una transici\u00f3n sin problemas hacia sus futuros emprendimientos.<\/p>\n\t\t\t<\/div>\n\t\t<\/div>\n\t<\/div>\n<\/section>\n\n<section class=\"purple2-section\">\n\t<div class=\"anchor\" id=\"monolith-law-magazine\"><\/div>\n\t<div class=\"section-inner\">\n\t\t    <section class=\"white-section temp-article\">\n        <div class=\"section-inner\">\n            <h4>MONOLITH LAW MAGAZINE<\/h4>\n            <div class=\"articles type_practice_column\">\n                                                                    <div class=\"article article-area\">\n                        <figure>\n                            <div class=\"img-wrap\">\n                                <img alt=\"\u00bfPor qu\u00e9 se suspenden o congelan repentinamente las cuentas de Meta? T\u00e9rminos y medidas de Facebook e Instagram\" src=\"https:\/\/monolith.law\/es\/wp-content\/uploads\/sites\/9\/2025\/08\/meta_ban.jpg\" width=\"500\" height=\"250\">\n                            <\/div>\n                            <figcaption>\n                                <div class=\"figcaption-inner\">\n                                    <h3>\u00bfPor qu\u00e9 se suspenden o congelan repentinamente las cuentas de Meta? T\u00e9rminos y .<\/h3>\n                                <\/div>\n                            <\/figcaption>\n                            <a href=\"https:\/\/monolith.law\/es\/internet\/meta-account-ban\"><\/a>\n                        <\/figure>\n                    <\/div>\n                                                    <div class=\"article article-area\">\n                        <figure>\n                            <div class=\"img-wrap\">\n                                <img alt=\"\u00bfConstituye una infracci\u00f3n de derechos de autor el acto de repostear (retuitear) im\u00e1genes publicadas sin autorizaci\u00f3n?\" src=\"https:\/\/monolith.law\/es\/wp-content\/uploads\/sites\/9\/2025\/08\/Shutterstock_2158943391.webp\" width=\"500\" height=\"250\">\n                            <\/div>\n                            <figcaption>\n                                <div class=\"figcaption-inner\">\n                                    <h3>\u00bfConstituye una infracci\u00f3n de derechos de autor el acto de repostear (retuitear).<\/h3>\n                                <\/div>\n                            <\/figcaption>\n                            <a href=\"https:\/\/monolith.law\/es\/internet\/repost-copyright\"><\/a>\n                        <\/figure>\n                    <\/div>\n                                                    <div class=\"article article-area\">\n                        <figure>\n                            <div class=\"img-wrap\">\n                                <img alt=\"Aprendiendo sobre la infracci\u00f3n de patentes y la importancia del principio de territorialidad a partir del caso de litigio entre Dwango y FC2.\" src=\"https:\/\/monolith.law\/es\/wp-content\/uploads\/sites\/9\/2025\/08\/3d197fbdd689457ec22de396ff65b2df.webp\" width=\"500\" height=\"250\">\n                            <\/div>\n                            <figcaption>\n                                <div class=\"figcaption-inner\">\n                                    <h3>Aprendiendo sobre la infracci\u00f3n de patentes y la importancia del principio de te.<\/h3>\n                                <\/div>\n                            <\/figcaption>\n                            <a href=\"https:\/\/monolith.law\/es\/internet\/patent-infringement-territoriality\"><\/a>\n                        <\/figure>\n                    <\/div>\n                                            <\/div>\n            <div class=\"btn-more\"><a href=\"https:\/\/monolith.law\/es\/tag\/internet\">Read More<\/a><\/div>\n        <\/div>\n    <\/section>\n\t<\/div>\n<\/section>\n\n<section class=\"orange2-section\">\n\t<div class=\"anchor\" id=\"fee-structure\"><\/div>\n\t<div class=\"section-inner\">\n\t<div class=\"planWrap\">\n\t<h3>Estructura de<br>Honorarios<\/h3>\n\t<ul class=\"plan\">\n\t\t<li class=\"txt-left\">\n\t\t\t<div class=\"plan-inner\">\n\t\t\t<div class=\"plan-header\">\n\t\t\t<h4 class=\"plan-title\">Tarifa por Hora<\/h4>\n\t\t\t<div class=\"plan-price\"><span class=\"price-figure\">$300<\/span> por hora <span class=\"price-tax\"><\/span><\/div>\n\t\t\t<\/div>\n\t\t\t<div class=\"plan-body\">En ciertas circunstancias, podr\u00edamos considerar aceptar un litigio o demanda con una tarifa inicial y una tarifa de contingencia. Para m\u00e1s detalles, no dude en ponerse en contacto con nosotros.<\/div>\n\t\t\t<\/div>\n\t\t<\/li>\n\t\t<li class=\"txt-left\">\n\t\t\t<div class=\"plan-inner\">\n\t\t\t<div class=\"plan-header\">\n\t\t\t<h4 class=\"plan-title\">Redacci\u00f3n de Contratos<\/h4>\n\t\t\t<div class=\"plan-price\"><span class=\"price-value\">desde<\/span><span class=\"price-figure\">$500<\/span><span class=\"price-value\">hasta $2,000 o m\u00e1s<\/span><span class=\"price-tax\"><\/span><\/div>\n\t\t\t<\/div>\n\t\t\t<div class=\"plan-body\">La estructura de precios puede variar en funci\u00f3n del tipo y la cantidad de contratos. Estamos encantados de ofrecer un presupuesto preliminar al realizar la consulta, por lo que le animamos a que se comunique con nosotros para obtener m\u00e1s detalles.<\/div>\n\t\t\t<\/div>\n\t\t<\/li>\n\t\t<li class=\"txt-left\">\n\t\t\t<div class=\"plan-inner\">\n\t\t\t<div class=\"plan-header\">\n\t\t\t<h4 class=\"plan-title\">Otros Servicios<\/h4>\n\t\t\t<div class=\"plan-price\"><span class=\"price-figure\">Cont\u00e1ctenos<\/span><\/div>\n\t\t\t<\/div>\n\t\t\t<div class=\"plan-body\">Ofrecemos una amplia gama de servicios que incluyen la formaci\u00f3n de empresas, revisi\u00f3n de contratos, opiniones legales, revisi\u00f3n de casos o cartas de investigaci\u00f3n. Si tiene alguna consulta o preocupaci\u00f3n, le invitamos cordialmente a contactarnos y nuestro equipo experto estar\u00e1 encantado de asistirle.<\/div>\n\t\t\t<\/div>\n\t\t\t<\/div>\n\t\t<\/li>\n\t<\/ul>\n\t<\/div>\n\t<\/div>\n<\/section>\n\n<section class=\"white-section\">\n\t<div class=\"section-inner\">\n\t\t<div class=\"btn-area\">\n\t\t\t<div class=\"btn icon-contact\"><a href=\"\/es\/contact\">Cont\u00e1ctenos<\/a><\/div>\n\t\t<\/div>\n\t<\/div>\n<\/section>\n","protected":false},"excerpt":{"rendered":"<p>Internet Como un bufete de abogados con una s\u00f3lida experiencia en IT, tenemos un historial comprobado en proporcionar apoyo legal integral a emprendedores de la industria de internet, incluyendo a You [&hellip;]<\/p>\n","protected":false},"author":1,"featured_media":0,"parent":0,"menu_order":0,"comment_status":"closed","ping_status":"closed","template":"other-page-temp.php","meta":{"footnotes":""},"acf":[],"_links":{"self":[{"href":"https:\/\/monolith.law\/es\/wp-json\/wp\/v2\/pages\/56080"}],"collection":[{"href":"https:\/\/monolith.law\/es\/wp-json\/wp\/v2\/pages"}],"about":[{"href":"https:\/\/monolith.law\/es\/wp-json\/wp\/v2\/types\/page"}],"author":[{"embeddable":true,"href":"https:\/\/monolith.law\/es\/wp-json\/wp\/v2\/users\/1"}],"replies":[{"embeddable":true,"href":"https:\/\/monolith.law\/es\/wp-json\/wp\/v2\/comments?post=56080"}],"version-history":[{"count":28,"href":"https:\/\/monolith.law\/es\/wp-json\/wp\/v2\/pages\/56080\/revisions"}],"predecessor-version":[{"id":70925,"href":"https:\/\/monolith.law\/es\/wp-json\/wp\/v2\/pages\/56080\/revisions\/70925"}],"wp:attachment":[{"href":"https:\/\/monolith.law\/es\/wp-json\/wp\/v2\/media?parent=56080"}],"curies":[{"name":"wp","href":"https:\/\/api.w.org\/{rel}","templated":true}]}}