{"id":25864,"date":"2023-11-11T23:30:39","date_gmt":"2023-11-11T14:30:39","guid":{"rendered":"https:\/\/monolith.law\/?page_id=25864"},"modified":"2024-07-18T19:50:17","modified_gmt":"2024-07-18T10:50:17","slug":"access","status":"publish","type":"page","link":"https:\/\/monolith.law\/et\/access","title":{"rendered":"Juurdep\u00e4\u00e4s"},"content":{"rendered":"\n<section class=\"heading-area\">\n\t<div class=\"heading-area-inner\">\n\t\t<h2 class=\"icon-access\">Juurdep\u00e4\u00e4s<\/h2>\n\t<\/div>\n<\/section>\n<section class=\"second-nav\">\n\t<div class=\"second-nav-inner\">\n\t\t<p>TEEMAD<\/p>\n\t\t<nav>\n\t\t\t<ul>\n\t\t\t\t<li><a href=\"#law-firm-with-strength-in-it-internet-and-business\">\u00d5igusb\u00fcroo, mille tugevused on IT, internet ja \u00e4ri<\/a><\/li>\n\t\t\t\t<li><a href=\"#access-map\">Juurdep\u00e4\u00e4su kaart<\/a><\/li>\n\t\t\t\t<li><a href=\"#expansion-and-relocation-to-otemachi-financial-city\">Laienemine ja kolimine Otemachi finantslinna<\/a><\/li>\n\t\t\t<\/ul>\n\t\t<\/nav>\n\t<\/div>\n<\/section>\n<section class=\"white-section\">\n\t<div class=\"anchor\" id=\"law-firm-with-strength-in-it-internet-and-business\"><\/div>\n\t<div class=\"section-inner\">\n\t\t<div class=\"flex\">\n\t\t\t<div class=\"width41\"><img decoding=\"async\" src=\"\/wp-content\/themes\/monolith2021\/img\/access\/access_pic1.jpg\" alt=\"\u00d5igusb\u00fcroo, mille tugevused on IT, internet ja \u00e4ri\"><\/div>\n\t\t\t<div class=\"width51\">\n\t\t\t\t<h3>\u00d5igusb\u00fcroo, mis on tugev IT, interneti ja \u00e4ri valdkonnas.<\/h3>\n\t\t\t\t<p class=\"mgb-small\">MONOLITH LAW OFFICE asub Jaapanis, T\u014dky\u014ds, Chiyoda linnaosas Otemachis. B\u00fcroo on otse\u00fchenduses Otemachi jaamaga ning Tokyo jaamast vaid 7-minutilise jalutusk\u00e4igu kaugusel.<\/p>\n\t\t\t\t<p class=\"mgb-small\">Oleme pakkunud \u00f5igusn\u00f5ustamisteenuseid (sh erinevaid lepinguid direktorite, t\u00e4idesaatvate ametnike jne. osas) 1087 ettev\u00f5ttele, alates T\u014dky\u014d b\u00f6rsi peamises nimekirjas olevatest ettev\u00f5tetest kuni seemnefaasis olevate idufirmadeni. Meie IT\/internetiga seotud t\u00f6\u00f6 h\u00f5lmab mainekahjustuste ennetamist, laimuvastaseid meetmeid ja s\u00fcsteemiarendusega seotud vaidluste lahendamist. Samuti pakume \u00f5igusteenuseid idufirmadele, sealhulgas T\u014dky\u014d b\u00f6rsil noteeritud ettev\u00f5tete poolt tehtud investeeringuid, mis \u00fcletavad 100 miljonit jeeni, ja idufirmade M&amp;A tehinguid. Seni oleme pakkunud \u00f5igusteenuseid 1855 kliendile.<\/p>\n\t\t\t\t<p class=\"mgb-middle\">&#8220;IT ja \u00e4ri m\u00f5istmine&#8221; on see, mis teeb meid eriliseks.<\/p>\n\t\t\t\t<div class=\"btn-area\">\n\t\t\t\t\t<div class=\"btn icon-services\"><a href=\"\/et\/services\">Teenused<\/a><\/div>\n\t\t\t\t\t<div class=\"btn icon-overview-of-our-firm\"><a href=\"\/et\/overview-of-our-firm\">Meie b\u00fcroo \u00fclevaade<\/a><\/div>\n\t\t\t\t<\/div>\n\t\t\t<\/div>\n\t\t<\/div>\n\t<\/div>\n<\/section>\n<section class=\"purple-section\">\n\t<div class=\"anchor\" id=\"access-map\"><\/div>\n\t<div class=\"section-inner\">\n\t\t<div class=\"flex reverse\">\n\t\t\t<div class=\"width41\"><img decoding=\"async\" src=\"\/wp-content\/themes\/monolith2021\/img\/about\/about_pic2.jpg\" alt=\"MONOLITH LAW OFFICE\"><\/div>\n\t\t\t<div class=\"width51\">\n\t\t\t\t<h3>MONOLITH LAW OFFICE (Otemachi kontor)<\/h3>\n\t\t\t\t<p><a href=\"https:\/\/goo.gl\/maps\/YfcgPhBgXFyg1hHF6\" target=\"_blank\" rel=\"noopener noreferrer\">21\/F Financial City North Tower 1-9-5 Otemachi, Chiyoda-ku Tokyo 100-0004, Japan <\/a><\/p>\n\t\t\t\t<p>Tokyo metroo Marunouchi liin, Tozai liin, Chiyoda liin, Hanzomon liin, Toei metroo Mita liin<\/p>\n\t\t\t\t<p class=\"mgb-small\"><a href=\"https:\/\/www.tokyometro.jp\/station\/otemachi\/yardmap\/index.html\" target=\"_blank\" rel=\"noopener noreferrer\">Otsene p\u00e4\u00e4s Otemachi jaama A1 v\u00e4ljap\u00e4\u00e4sust<\/a><\/p>\n\t\t\t\t<p>Shinkansen: Tohoku Shinkansen, Joetsu Shinkansen, Hokuriku Shinkansen, Hokkaido Shinkansen, Yamagata Shinkansen, Akita Shinkansen, JR Tokaido liin, Keihin Tohoku liin, Yamanote liin, Chuo liin, Yokosuka liin, Keiyo liin, Tokyo metroo Marunouchi liin<\/p>\n\t\t\t\t<p class=\"mgb-small\"><a href=\"https:\/\/www.tokyometro.jp\/station\/tokyo\/index.html\" target=\"_blank\" rel=\"noopener noreferrer\">7-minutiline jalutusk\u00e4ik Tokyo jaama Marunouchi p\u00f5hjav\u00e4ljap\u00e4\u00e4sust<\/a><\/p>\n\t\t\t\t<p>Otemachi Financial City parkla<\/p>\n\t\t\t\t<p class=\"mgb-middle\"><a href=\"https:\/\/www.otemachi-financialcity.jp\/access\/\">1-9-5, 1-9-7, Otemachi, Chiyoda-ku, Tokyo<\/a><\/p>\n\t\t\t\t<div class=\"btn-area align-left\">\n\t\t\t\t\t<div class=\"btn icon-contact\"><a href=\"\/et\/contact\">V\u00f5ta meiega \u00fchendust<\/a><\/div>\n\t\t\t\t<\/div>\n\t\t\t<\/div>\n\t\t<\/div>\n\t<\/div>\n<\/section>\t \n<section class=\"google-maps\"><iframe src=\"https:\/\/www.google.com\/maps\/embed?pb=!1m14!1m8!1m3!1d12962.166338362269!2d139.765927!3d35.688288!3m2!1i1024!2i768!4f13.1!3m3!1m2!1s0x60188cec724a6ae9%3A0x6efbadeb18528c88!2sMonolith%20Law%20Office!5e0!3m2!1set!2sjp!4v1721299612008!5m2!1set!2sjp\" width=\"600\" height=\"450\" style=\"border:0;\" allowfullscreen=\"\" loading=\"lazy\" referrerpolicy=\"no-referrer-when-downgrade\"><\/iframe><\/section>\n<section class=\"white-section\">\n\t<div class=\"anchor\" id=\"expansion-and-relocation-to-otemachi-financial-city\"><\/div>\n\t<div class=\"section-inner\">\n\t\t<div class=\"flex\">\n\t\t\t<div class=\"width41\"><img decoding=\"async\" src=\"\/wp-content\/uploads\/2022\/11\/financialcity.jpg\" alt=\"Laienemine ja kolimine Otemachi Financial Citysse\"><\/div>\n\t\t\t<div class=\"width51\">\n\t\t\t\t<h3>Laiaenemine ja kolimine Otemachi finantslinna<\/h3>\n\t\t\t\t<p class=\"mgb-small\">P\u00e4rast avamist Yotsuyas, Shinjuku piirkonnas, Tokyo, m\u00e4rtsis 2017, kolis MONOLITH LAW OFFICE teie toetuse t\u00f5ttu Otemachisse (Asahi Seimei Otemachi hoone) augustis 2018 ja registreeriti advokaadib\u00fcroona m\u00e4rtsis 2020. Detsembris 2020 avasime filiaali samas hoones, kus asub meie Otemachi kontor (Asahi Seimei Otemachi hoone), 29. korrusel.<\/p>\n\t\t\t\t<p class=\"mgb-small\">Seej\u00e4rel laienesime ja kolisime septembris 2022 Otemachi finantslinna.<\/p>\n\t\t\t\t<p class=\"mgb-small\">Ootame teiega koost\u00f6\u00f6 j\u00e4tkamist.<\/p>\n\t\t\t<\/div>\n\t\t<\/div>\n\t<\/div>\n<\/section>\n","protected":false},"excerpt":{"rendered":"<p>Juurdep\u00e4\u00e4s TEEMAD \u00d5igusb\u00fcroo, mille tugevused on IT, internet ja \u00e4ri Juurdep\u00e4\u00e4su kaart Laienemine ja kolimine Otemachi finantslinna \u00d5igusb\u00fcroo, mis on tugev IT, interneti ja \u00e4ri valdkonnas. MONOLITH L [&hellip;]<\/p>\n","protected":false},"author":1,"featured_media":57041,"parent":0,"menu_order":10,"comment_status":"closed","ping_status":"closed","template":"other-page-temp.php","meta":{"footnotes":""},"acf":[],"_links":{"self":[{"href":"https:\/\/monolith.law\/et\/wp-json\/wp\/v2\/pages\/25864"}],"collection":[{"href":"https:\/\/monolith.law\/et\/wp-json\/wp\/v2\/pages"}],"about":[{"href":"https:\/\/monolith.law\/et\/wp-json\/wp\/v2\/types\/page"}],"author":[{"embeddable":true,"href":"https:\/\/monolith.law\/et\/wp-json\/wp\/v2\/users\/1"}],"replies":[{"embeddable":true,"href":"https:\/\/monolith.law\/et\/wp-json\/wp\/v2\/comments?post=25864"}],"version-history":[{"count":29,"href":"https:\/\/monolith.law\/et\/wp-json\/wp\/v2\/pages\/25864\/revisions"}],"predecessor-version":[{"id":65902,"href":"https:\/\/monolith.law\/et\/wp-json\/wp\/v2\/pages\/25864\/revisions\/65902"}],"wp:featuredmedia":[{"embeddable":true,"href":"https:\/\/monolith.law\/et\/wp-json\/wp\/v2\/media\/57041"}],"wp:attachment":[{"href":"https:\/\/monolith.law\/et\/wp-json\/wp\/v2\/media?parent=25864"}],"curies":[{"name":"wp","href":"https:\/\/api.w.org\/{rel}","templated":true}]}}