{"id":30628,"date":"2023-11-07T23:40:08","date_gmt":"2023-11-07T14:40:08","guid":{"rendered":"https:\/\/monolith.law\/?page_id=30628"},"modified":"2024-04-30T16:16:53","modified_gmt":"2024-04-30T07:16:53","slug":"contract-drafting-and-review","status":"publish","type":"page","link":"https:\/\/monolith.law\/et\/contract-drafting-and-review","title":{"rendered":"Lepingute Koostamine ja \u00dclevaatamine"},"content":{"rendered":"\n<section class=\"heading-area\">\n\t<div class=\"heading-area-inner\">\n\t\t<h2 class=\"icon-contract-drafting-and-review\">Lepingute Koostamine ja \u00dclevaatamine<\/h2>\n\t\t<p>MONOLITH LAW OFFICE tegutseb n\u00f5ustajana IT ja idufirmadele ning aeg-ajalt ka IT n\u00f5ustajana ettev\u00f5tetele, koostades ja \u00fcle vaadates laia valikut k\u00f5rgelt spetsialiseeritud IT-alaseid lepinguid. Meie eesm\u00e4rk on tagada kindel positsioon kiiresti muutuvas \u00e4rikeskkonnas Jaapanis.<\/p>\n\t<\/div>\n<\/section>\n<section class=\"white-section mgb-section\">\n\t<div class=\"section-inner pdt0 border-bottom-section\">\n\t\t<p>MONOLITH LAW OFFICE toimib \u00f5igusn\u00f5ustajana Jaapani IT ja idufirmadele seoses erinevat t\u00fc\u00fcpi lepingutega, sealhulgas allhankelepingutega, mis on seotud nende allhangete tegevustega, toodete kasutamise ja agentuurilepingutega, investeerimislepingutega ja aktsion\u00e4ride lepingutega kui omakapitaliga seotud lepingutega ning t\u00f6\u00f6lepingutega kui ettev\u00f5ttega seotud lepingutega. Samuti tegutseme IT juristidena Jaapani \u00e4riettev\u00f5tetele.<br>Lisaks koostame ja vaatame \u00fcle lepinguid, mis on seotud uute IT-alaste \u00e4ritegevustega, IT ettev\u00f5tetele allhanke tegemisega seotud lepinguid ja muid lepinguid.<\/p>\n\t<\/div>\n<\/section>\n<section class=\"white-section\">\n\t<div class=\"section-inner pdt0\">\n\t\t<h3 class=\"ttl-enjp mgb-middle\"><span class=\"en\"><\/span><span class=\"ja\">MONOLITH LAW OFFICE erip\u00e4rad<\/span><\/h3>\n\t\t<ol class=\"practices-list\">\n\t\t\t<li>\n\t\t\t\t<h4><img decoding=\"async\" src=\"\/wp-content\/themes\/monolith_en\/img\/practices\/practices_1_1.svg\" alt=\"1. Idufirmade \u00d5igusteenused\"><\/h4>\n\t\t\t\t<img decoding=\"async\" src=\"\/wp-content\/themes\/monolith2021\/img\/practices\/practices_1_1_pic.png\" alt=\"Idufirmade \u00d5igusteenused\">\n\t\t\t\t<p>Meil on ulatuslik kogemus \u00f5igusteenuste osutamisel, mis on seotud \u00e4ri- ja kapitalik\u00fcsimustega, sealhulgas rahastamise kaasamine, \u00e4ri\u00fcleandmine ja v\u00e4ljaostud Jaapanis.<\/p>\n\t\t\t<\/li>\n\t\t\t<li>\n\t\t\t\t<h4><img decoding=\"async\" src=\"\/wp-content\/themes\/monolith_en\/img\/practices\/practices_1_2.svg\" alt=\"2. IT ja Intellektuaalomandi \u00d5igusteenused\"><\/h4>\n\t\t\t\t<img decoding=\"async\" src=\"\/wp-content\/themes\/monolith2021\/img\/practices\/practices_1_2_pic.png\" alt=\"IT ja Intellektuaalomandi \u00d5igusteenused\">\n\t\t\t\t<p>Meie advokaadid, sealhulgas asutaja, kes on endine insener, p\u00fc\u00fcavad s\u00fcvitsi m\u00f5ista teie toodet, m\u00f5nikord isegi koodi lugedes.<\/p>\n\t\t\t<\/li>\n\t\t\t<li>\n\t\t\t\t<h4><img decoding=\"async\" src=\"\/wp-content\/themes\/monolith_en\/img\/practices\/practices_1_3.svg\" alt=\"3. Kiirus\"><\/h4>\n\t\t\t\t<img decoding=\"async\" src=\"\/wp-content\/themes\/monolith2021\/img\/practices\/practices_1_3_pic.png\" alt=\"Kiirus\">\n\t\t\t\t<p>M\u00f5istame kiire reageerimise t\u00e4htsust teie \u00e4ri vajadustele ja \u00fcldiselt vastame \u00fche t\u00f6\u00f6p\u00e4eva jooksul.<\/p>\n\t\t\t<\/li>\n\t\t\t<li>\n\t\t\t\t<h4><img decoding=\"async\" src=\"\/wp-content\/themes\/monolith_en\/img\/practices\/practices_1_4.svg\" alt=\"4. Ettev\u00f5tte \u00f5igusteenused v\u00e4ikestele ja keskmise suurusega ettev\u00f5tetele\"><\/h4>\n\t\t\t\t<img decoding=\"async\" src=\"\/wp-content\/themes\/monolith2021\/img\/practices\/practices_1_4_pic.png\" alt=\"Ettev\u00f5tte \u00f5igusteenused v\u00e4ikestele ja keskmise suurusega ettev\u00f5tetele\">\n\t\t\t\t<p>Meie asutav jurist, kellel on kogemusi Jaapani ettev\u00f5tete juhtimises, m\u00f5istab \u00e4ritegevuse v\u00e4ljakutseid.<\/p>\n\t\t\t<\/li>\n\t\t<\/ol>\n\t<\/div>\n<\/section>\n<section class=\"second-nav\">\n\t<div class=\"second-nav-inner\">\n\t\t<p>TEEMAD<\/p>\n\t\t<nav>\n\t\t\t<ul>\n\t\t\t\t<li><a href=\"#our-experience-in-contract-drafting-etc\">Meie kogemus lepingute koostamisel jne.<\/a><\/li>\n\t\t\t\t<li><a href=\"#handling-more-than-3000-contracts-per-year-as-an-organization\">Rohkem kui 3000 lepingu k\u00e4sitlemine aastas organisatsioonina<\/a><\/li>\n\t\t\t\t<li><a href=\"#IT\">IT<\/a><\/li>\n\t\t\t\t<li><a href=\"#extensive-experience-in-investment-contracts-etc\">Ulatuslik kogemus investeerimislepingutes jne.<\/a><\/li>\n\t\t\t\t<li><a href=\"#examples-of-support-provided-by-our-firm\">N\u00e4ited meie firma poolt pakutavast toetusest<\/a><\/li>\n\t\t\t\t<li><a href=\"#monolith-law-magazine\">MONOLITH LAW MAGAZINE<\/a><\/li>\n\t\t\t\t<li><a href=\"#fee-structure\">Tasude struktuur<\/a><\/li>\n\t\t\t<\/ul>\n\t\t<\/nav>\n\t<\/div>\n<\/section>\n<section class=\"white-section mgt-section mgb-section\">\n\t<div class=\"anchor\" id=\"our-experience-in-contract-drafting-etc\"><\/div>\n\t<div class=\"section-inner-black\">\n\t\t<h3>Meie kogemus lepingute koostamisel, <br class=\"spOnly\">jne.<\/h3>\n\t\t<p class=\"mgb-middle\">MONOLITH LAW OFFICE, mis on spetsialiseerunud &#8220;IT, Internet ja \u00c4ri&#8221; valdkonnale, pakub mitmesuguseid IT-ga seotud ja \u00e4rialaseid lepingute koostamise ning \u00fclevaatamise teenuseid. Meie teenuste hulka kuuluvad muuhulgas j\u00e4rgmised:<\/p>\n\t\t<p class=\"mgb-middle\">SEO allhankimise leping, SNS-i haldamise allhankimise leping, \u00fchinemisleping, aktsiate \u00fcleandmise leping, aktsiate m\u00e4rkimise leping, \u00fchisuuringute leping, \u00fchisettev\u00f5tte leping, teenuste osutamise leping, \u00e4rialase koost\u00f6\u00f6 leping, laenuleping, reklaami allhankimise leping, p\u00f5hilised reklaamitehingute lepingud, n\u00f5ustamisleping, t\u00f6\u00f6leping, konsultatsioonileping, n\u00f5uete loovutamise leping, tagatis\u00f5iguse loovutamise leping, \u00e4ri \u00fcleandmise leping, kaubam\u00e4rgi loovutamise leping, p\u00f5hilised v\u00e4rbamislepingud, kapitali ja \u00e4rialase koost\u00f6\u00f6 leping, piiratud vastutusega leping, talendiagentuuri leping, lahkumish\u00fcvitise leping, agentuurileping, autori\u00f5iguse \u00fcleandmise leping, investeerimisleping, p\u00f5hilised ostulepingud, edasim\u00fc\u00fcgileping, konfidentsiaalsusleping, frantsiisileping, \u00fcldine tellimusleping, juhtimisleping, MEO leping, litsentsileping, t\u00f6\u00f6j\u00f5u allhankimise leping, kokkuleppeleping<\/p>\n\t<\/div>\n<\/section>\n<section class=\"purple-section\">\n\t<div class=\"anchor\" id=\"handling-more-than-3000-contracts-per-year-as-an-organization\"><\/div>\n\t<div class=\"section-inner\">\n\t\t<div class=\"flex\">\n\t\t\t<div class=\"width51\">\n\t\t\t\t<h3>Aastas rohkem kui 3000 lepingu k\u00e4sitlemine<\/h3>\n\t\t\t\t<p class=\"mgb-small\">MONOLITH LAW OFFICE on organisatsioon, mis koosneb 30 advokaadist, mida juhib meie asutav advokaat, endine IT-insener ja \u00e4rijuht.<\/p>\n\t\t\t\t<p class=\"mgb-small\">Meie firma koostab ja vaatab aastas l\u00e4bi rohkem kui 3000 lepingut, mis n\u00e4itab ulatuslikku kogemust ja p\u00e4devust nendes k\u00fcsimustes.<\/p>\n\t\t\t\t<p>*Graafikud p\u00f5hinevad hinnangulistel arvudel ja v\u00f5ib esineda kuni 20% viga.<\/p>\n\t\t\t<\/div>\n\t\t\t<div class=\"width41\"><img decoding=\"async\" src=\"\/wp-content\/themes\/monolith_en\/img\/contractcreation\/contractcreation_pic1.png\" alt=\"K\u00e4sitleme aastas rohkem kui 2000 lepingut organisatsioonina\"><\/div>\n\t\t<\/div>\n\t<\/div>\n<\/section>\n\n<section class=\"white-section\">\n\t<div id=\"IT\"><\/div>\n\t<div class=\"section-inner\">\n\t<div class=\"flex\">\n\t<div class=\"width41\"><img decoding=\"async\" src=\"\/wp-content\/themes\/monolith2021\/img\/pic\/pic_practices-itlaw.jpg\" alt=\"IT\" \/><\/div>\n\t<div class=\"width51\">\n\t\t<h3>IT<\/h3>\n\t\t<p class=\"mgb-middle\">MONOLITH LAW OFFICE on spetsialiseerunud IT-\u00f5igusele ja pakub terviklikku \u00f5iguslikku tuge erinevatele IT-ettev\u00f5tetele. Meie p\u00e4devus h\u00f5lmab lepingute koostamist seoses tipptehnoloogiatega, samuti investeeringute ja M&amp;A tehinguid alustavate ettev\u00f5tetega. Meie ulatusliku kogemusega lepingute koostamisel, eriti IT-sektoris, oleme h\u00e4sti varustatud tehnoloogiap\u00f5histe ettev\u00f5tete ainulaadsete \u00f5iguslike vajaduste rahuldamiseks.<\/p>\n\t\t<div class=\"btn-area align-left\">\n\t\t\t<div class=\"btn icon-it\"><a href=\"\/et\/it\">IT<\/a><\/div>\n\t\t<\/div>\n\t<\/div>\n\t<\/div>\n\t<\/div>\n<\/section>\n\n<section class=\"white-section\">\n\t<div class=\"anchor\" id=\"extensive-experience-in-investment-contracts-etc\"><\/div>\n\t<div class=\"section-inner-black\">\n\t\t<h3>Ulatuslik kogemus investeerimislepingutes jms<\/h3>\n\t\t<p class=\"mgb-middle\">MONOLITH LAW OFFICE tegeleb kolmandate osapoolte aktsiate emiteerimisel k\u00f5igega alates tingimuste lehtede ettevalmistamisest kuni investeerimislepingute ja aktsion\u00e4ride lepingute koostamiseni. Samuti kujundame eelisjaotust s\u00e4testavaid aktsiaklasse, aktsiate omandamis\u00f5iguste emiteerimist, asutajatevahelisi lepinguid, aktsiate \u00fcleandmist ning mitmesuguseid muid omakapitaliga seotud strateegiaid ja lepinguid.<\/p>\n\t<\/div>\n<\/section>\n\n<section class=\"orange-section mgt-section\">\n\t<div class=\"anchor\" id=\"examples-of-support-provided-by-our-firm\"><\/div>\n\t<div class=\"section-inner\">\n\t\t<h3 class=\"mgb-middle\">N\u00e4ited MONOLITH LAW OFFICE&#8217;i poolt pakutavast toest<\/h3>\n\t\t<p class=\"mgb-middle\">MONOLITH LAW OFFICE on tegutsenud \u00f5igusn\u00f5ustajana Jaapani IT- ja idufirmadele, tegeledes erinevat t\u00fc\u00fcpi lepingutega, sealhulgas allhankelepingutega v\u00e4ljastatud t\u00f6\u00f6de jaoks, ettev\u00f5tte toodete kasutamise ja agentuurilepingutega, omakapitaliga seotud investeerimislepingute ja aktsion\u00e4ride lepingutega ning ettev\u00f5ttega seotud t\u00f6\u00f6lepingutega. Samuti tegutseme IT-advokaatidena \u00e4riettev\u00f5tetele Jaapanis, koostades ja \u00fcle vaadates uute IT-alaste \u00e4riettev\u00f5tmiste lepinguid ning IT-ettev\u00f5tetega seotud lepinguid.<\/p>\n\t\t<div class=\"white-base\">\n\t\t\t<ul>\n\t\t\t\t<li class=\"mgb-small\">\n\t\t\t\t\t<figure><img decoding=\"async\" alt=\"HAZAMA ANDO CORPORATION\" src=\"\/wp-content\/themes\/monolith2021\/img\/clients\/logo_andohazama.png\"><\/figure>\n\t\t\t\t\t<h4 class=\"mgt-small mgb-small\">HAZAMA ANDO CORPORATION<\/h4>\n\t\t\t\t\t<p>Meie firma koostas sellele kliendile, mis on suur peat\u00f6\u00f6v\u00f5tja ja noteeritud Tokyo b\u00f6rsi Prime nimekirjas, IT-alase lepingu.<\/p>\n\t\t\t\t<\/li>\n\t\t\t\t<li class=\"mgb-small\">\n\t\t\t\t\t<figure><img decoding=\"async\" alt=\"Gftd Japan\" src=\"\/wp-content\/themes\/monolith2021\/img\/clients\/logo_gftd.png\"><\/figure>\n\t\t\t\t\t<h4 class=\"mgt-small mgb-small\">Gftd Japan<\/h4>\n\t\t\t\t\t<p>Gftd Japan on blockchain-tehnoloogiaga seotud idufirma, mille jaoks oleme koostanud mitmesuguseid lepinguid alates \u00e4riga seotud lepingutest kuni t\u00f6\u00f6lepinguteni.<\/p>\n\t\t\t\t<\/li>\n\t\t\t\t<li class=\"mgb-small\">\n\t\t\t\t\t<figure><img decoding=\"async\" alt=\"TOKIUM Inc.\" src=\"\/wp-content\/uploads\/2022\/04\/logo_tokium.png\"><\/figure>\n\t\t\t\t\t<h4 class=\"mgt-small mgb-small\">TOKIUM Inc.<\/h4>\n\t\t\t\t\t<p>Tokium on fintech-valdkonna idufirma, mille jaoks oleme koostanud lepinguid alates kapitali- ja \u00e4rialaste liitude lepingutest kuni \u00e4riga seotud lepinguteni.<\/p>\n\t\t\t\t<\/li>\n\t\t\t\t<li class=\"mgb-small\">\n\t\t\t\t\t<figure><img decoding=\"async\" alt=\"MI-6 Ltd.\" src=\"\/wp-content\/themes\/monolith2021\/img\/clients\/logo_mi-6.png\"><\/figure>\n\t\t\t\t\t<h4 class=\"mgt-small mgb-small\">MI-6 Ltd.<\/h4>\n\t\t\t\t\t<p>Meie firma valmistas ette investeerimislepingud, J-KISS t\u00fc\u00fcpi aktsiaoptsioonide v\u00e4ljaandmise ja \u00fchiste uurimist\u00f6\u00f6dega seotud lepingud.<\/p>\n\t\t\t\t<\/li>\n\t\t\t<\/ul><p class=\"mgb-small\">\n\t\t<p class=\"txt-s\">*Lisaks eeltoodule vastutab meie firma MONOLITH LAW OFFICE paljude teiste klientide projektide eest. Avaldame ainult nende klientide andmeid, kes on andnud meile loa oma kliendistaatuse avalikustamiseks (v\u00f5i on registreeritud juhatuse liikmetena). \u00dcldreeglina s\u00e4ilitame kliendi konfidentsiaalsust konfidentsiaalsuskohustuse alusel.<\/p>\n\t<\/div><\/div>\n<\/section>\n\n<section class=\"purple2-section\">\n\t<div class=\"anchor\" id=\"monolith-law-magazine\"><\/div>\n\t<div class=\"section-inner\">\n\t\t    <section class=\"white-section temp-article\">\n        <div class=\"section-inner\">\n            <h4>MONOLITH LAW MAGAZINE<\/h4>\n            <div class=\"articles type_practice_column\">\n                                                                    <div class=\"article article-area\">\n                        <figure>\n                            <div class=\"img-wrap\">\n                                <img alt=\"Freelance'i uue seaduse rikkumise karistused kolme n\u00e4ite p\u00f5hjal selgitatud\" src=\"https:\/\/monolith.law\/et\/wp-content\/uploads\/sites\/36\/2025\/08\/6d129f9213bc4489ca4b5e0a5df7378f.webp\" width=\"500\" height=\"250\">\n                            <\/div>\n                            <figcaption>\n                                <div class=\"figcaption-inner\">\n                                    <h3>Freelance'i uue seaduse rikkumise karistused kolme n\u00e4ite p\u00f5hjal selgitatud<\/h3>\n                                <\/div>\n                            <\/figcaption>\n                            <a href=\"https:\/\/monolith.law\/et\/general-corporate\/freelance-law-penalties\"><\/a>\n                        <\/figure>\n                    <\/div>\n                                                    <div class=\"article article-area\">\n                        <figure>\n                            <div class=\"img-wrap\">\n                                <img alt=\"Freelance uue seaduse m\u00f5istmine: Uue seadusega koosk\u00f5las oleva lepingu n\u00e4idise p\u00f5hjal selgitame kontrollpunkte\" src=\"https:\/\/monolith.law\/et\/wp-content\/uploads\/sites\/36\/2025\/08\/873e76645ec995ae22ee695f1ecd9a55.webp\" width=\"500\" height=\"250\">\n                            <\/div>\n                            <figcaption>\n                                <div class=\"figcaption-inner\">\n                                    <h3>Freelance uue seaduse m\u00f5istmine: Uue seadusega koosk\u00f5las oleva lepingu n\u00e4idise p.<\/h3>\n                                <\/div>\n                            <\/figcaption>\n                            <a href=\"https:\/\/monolith.law\/et\/general-corporate\/freelance-law-contract\"><\/a>\n                        <\/figure>\n                    <\/div>\n                                                    <div class=\"article article-area\">\n                        <figure>\n                            <div class=\"img-wrap\">\n                                <img alt=\"Digitaalsete m\u00e4ngude portree\u00f5igus ja \u00f5iguslik kaitse\" src=\"https:\/\/monolith.law\/et\/wp-content\/uploads\/sites\/36\/2025\/03\/009b049064307a52d4e7c541b90c915e-1024x538.jpg\" width=\"500\" height=\"250\">\n                            <\/div>\n                            <figcaption>\n                                <div class=\"figcaption-inner\">\n                                    <h3>Digitaalsete m\u00e4ngude portree\u00f5igus ja \u00f5iguslik kaitse<\/h3>\n                                <\/div>\n                            <\/figcaption>\n                            <a href=\"https:\/\/monolith.law\/et\/general-corporate\/portrait-rights-legal-protection-digital-games\"><\/a>\n                        <\/figure>\n                    <\/div>\n                                            <\/div>\n            <div class=\"btn-more\"><a href=\"https:\/\/monolith.law\/et\/tag\/contract-drafting-and-review\">Read More<\/a><\/div>\n        <\/div>\n    <\/section>\n\t<\/div>\n<\/section>\n\n<section class=\"orange2-section\">\n\t<div id=\"fee-structure\"><\/div>\n\t<div class=\"section-inner\">\n\t<div class=\"planWrap\">\n\t<h3>Tasustamise struktuur<\/h3>\n\t<ul class=\"plan\">\n\t\t<li class=\"txt-left\">\n\t\t\t<div class=\"plan-inner\">\n\t\t\t<div class=\"plan-header\">\n\t\t\t<h4 class=\"plan-title\">Tunnitasu<\/h4>\n\t\t\t<div class=\"plan-price\"><span class=\"price-figure\">$300<\/span>tunnis<span class=\"price-value\"><\/span><\/div>\n\t\t\t<\/div>\n\t\t\t<div class=\"plan-body\">Teatud juhtudel v\u00f5ime kaaluda vaidluse v\u00f5i kohtuasja vastuv\u00f5tmist algatasu ja edutasuga. Lisateabe saamiseks v\u00f5tke meiega julgelt \u00fchendust.<\/div>\n\t\t\t<\/div>\n\t\t<\/li>\n\t\t<li class=\"txt-left\">\n\t\t\t<div class=\"plan-inner\">\n\t\t\t<div class=\"plan-header\">\n\t\t\t<h4 class=\"plan-title\">Lepingute koostamine<\/h4>\n\t\t\t<div class=\"plan-price\"><span class=\"price-value\">alates<\/span><span class=\"price-figure\">$500<\/span><span class=\"price-value\">kuni $2,000 v\u00f5i rohkem<\/span><\/div>\n\t\t\t<\/div>\n\t\t\t<div class=\"plan-body\">Hinnastamise struktuur v\u00f5ib varieeruda s\u00f5ltuvalt lepingute t\u00fc\u00fcbist ja mahust. Meil on hea meel pakkuda esialgset hinnangut p\u00e4ringu alusel, seega kutsume teid \u00fcles meiega \u00fchendust v\u00f5tma t\u00e4iendavate \u00fcksikasjade saamiseks.<\/div>\n\t\t\t<\/div>\n\t\t<\/li>\n\t\t<li class=\"txt-left\">\n\t\t\t<div class=\"plan-inner\">\n\t\t\t<div class=\"plan-header\">\n\t\t\t<h4 class=\"plan-title\">Muud teenused<\/h4>\n\t\t\t<div class=\"plan-price\"><span class=\"price-figure\">V\u00f5tke meiega \u00fchendust<\/span><\/div>\n\t\t\t<\/div>\n\t\t\t<div class=\"plan-body\">Pakume laia valikut teenuseid, sealhulgas ettev\u00f5tte asutamine, lepingute \u00fclevaatus, \u00f5igusarvamused, juhtumite \u00fclevaade v\u00f5i uurimiskirjad. Kui teil on k\u00fcsimusi v\u00f5i muresid, olete s\u00fcdamest oodatud meiega \u00fchendust v\u00f5tma ja meie asjatundlik meeskond on teile hea meelega abiks.<\/div>\n\t\t\t<\/div>\n\t\t<\/li>\n\t<\/ul>\n\t<\/div>\n\t<\/div>\n<\/section>\n\n<section class=\"white-section\">\n\t<div class=\"section-inner\">\n\t<div class=\"btn-area\">\n\t<div class=\"btn icon-contact\"><a href=\"\/et\/contact\">V\u00f5tke meiega \u00fchendust<\/a><\/div>\n\t<\/div>\n\t<\/div>\n<\/section>\n","protected":false},"excerpt":{"rendered":"<p>Lepingute Koostamine ja \u00dclevaatamine MONOLITH LAW OFFICE tegutseb n\u00f5ustajana IT ja idufirmadele ning aeg-ajalt ka IT n\u00f5ustajana ettev\u00f5tetele, koostades ja \u00fcle vaadates laia valikut k\u00f5rgelt spetsialise [&hellip;]<\/p>\n","protected":false},"author":1,"featured_media":57034,"parent":0,"menu_order":7,"comment_status":"closed","ping_status":"closed","template":"other-page-temp.php","meta":{"footnotes":""},"acf":[],"_links":{"self":[{"href":"https:\/\/monolith.law\/et\/wp-json\/wp\/v2\/pages\/30628"}],"collection":[{"href":"https:\/\/monolith.law\/et\/wp-json\/wp\/v2\/pages"}],"about":[{"href":"https:\/\/monolith.law\/et\/wp-json\/wp\/v2\/types\/page"}],"author":[{"embeddable":true,"href":"https:\/\/monolith.law\/et\/wp-json\/wp\/v2\/users\/1"}],"replies":[{"embeddable":true,"href":"https:\/\/monolith.law\/et\/wp-json\/wp\/v2\/comments?post=30628"}],"version-history":[{"count":99,"href":"https:\/\/monolith.law\/et\/wp-json\/wp\/v2\/pages\/30628\/revisions"}],"predecessor-version":[{"id":64220,"href":"https:\/\/monolith.law\/et\/wp-json\/wp\/v2\/pages\/30628\/revisions\/64220"}],"wp:featuredmedia":[{"embeddable":true,"href":"https:\/\/monolith.law\/et\/wp-json\/wp\/v2\/media\/57034"}],"wp:attachment":[{"href":"https:\/\/monolith.law\/et\/wp-json\/wp\/v2\/media?parent=30628"}],"curies":[{"name":"wp","href":"https:\/\/api.w.org\/{rel}","templated":true}]}}