{"id":30684,"date":"2023-11-05T23:00:20","date_gmt":"2023-11-05T14:00:20","guid":{"rendered":"https:\/\/monolith.law\/?page_id=30684"},"modified":"2024-04-30T16:32:26","modified_gmt":"2024-04-30T07:32:26","slug":"id-of-the-defamatory-statement","status":"publish","type":"page","link":"https:\/\/monolith.law\/et\/id-of-the-defamatory-statement","title":{"rendered":"Laimusliku avalduse ID"},"content":{"rendered":"\n<section class=\"heading-area\">\n\t<div class=\"heading-area-inner\">\n\t\t<h2 class=\"icon-id-of-the-defamatory-statement\">Laimusliku avalduse ID<\/h2>\n\t\t<p>Jaapani seaduste kohaselt on v\u00f5imalik kohtu poolt h\u00f5lbustatud mitmesuguste \u00f5iguslike protseduuride abil tuvastada internetis anon\u00fc\u00fcmselt laimu levitava v\u00f5i privaatsust rikkunud isiku isik. Kuigi Jaapani internetiruumis esineb anon\u00fc\u00fcmsete kasutajate poolt laimamist, on v\u00f5imalik laimaja tuvastada ja n\u00f5uda kahjutasu advokaadi kaudu.<\/p>\n\t<\/div>\n<\/section>\n\n<section class=\"white-section\">\n\t<div class=\"section-inner pdt0 border-bottom-section\">\n\t\t<p class=\"mgb-small\">Kui olete internetis anon\u00fc\u00fcmse kasutaja poolt laimamise ohvriks langenud ja soovite n\u00f5uda kahjutasu, on vajalik esmalt kindlaks teha selle kasutaja isik. Jaapani seadused pakuvad \u00f5iguslikke protseduure anon\u00fc\u00fcmsete internetikasutajate tuvastamiseks.<\/p>\n\t\t<p>MONOLITH LAW OFFICE on Jaapani \u00f5igusb\u00fcroo, mis on spetsialiseerunud internetiga seotud k\u00fcsimustele. Oleme tegelenud laimu levitajate tuvastamisega erinevate klientide, sealhulgas kohalike b\u00f6rsil noteeritud ettev\u00f5tete, tuntud juhtide ja m\u00f5jukate isikute taotluste p\u00f5hjal. Meie ulatusliku kogemuse ja edukate tulemuste toel oleme varustatud Jaapani internetiruumis esinevate vaidluste lahendamiseks.<\/p>\n\t<\/div>\n<\/section>\n\n<section class=\"second-nav\">\n\t<div class=\"second-nav-inner\">\n\t\t<p>TEEMAD<\/p>\n\t\t<nav>\n\t\t\t<ul>\n\t\t\t\t<li><a href=\"#identification-of-the-defamatory-statement\">Laimuliku avalduse tuvastamine<\/a><\/li>\n\t\t\t\t<li><a href=\"#examples-of-identifications-by-our-firm-target-sites\">Meie b\u00fcroo poolt tuvastatud n\u00e4ited: sihtm\u00e4rgiks olevad veebilehed<\/a><\/li>\n\t\t\t\t<li><a href=\"#examples-of-support-provided-by-our-firm\">Meie b\u00fcroo poolt pakutud toe n\u00e4ited<\/a><\/li>\n\t\t\t\t<li><a href=\"#procedures-for-identifying-authors-under-japanese-law\">Autorite tuvastamise protseduurid Jaapani seaduste alusel<\/a><\/li>\n\t\t\t\t<li><a href=\"#publications-as-a-lawyer-specializing-in-mitigating-reputational-damage\">Publikatsioonid advokaadina, kes on spetsialiseerunud mainekahju leevendamisele<\/a><\/li>\n\t\t\t\t<li><a href=\"#monolith-law-magazine\">MONOLITH LAW MAGAZINE<\/a><\/li>\n\t\t\t\t<li><a href=\"#fee-structure\">Tasustruktuur<\/a><\/li>\n\t\t\t<\/ul>\n\t\t<\/nav>\n\t<\/div>\n<\/section>\n\n<section class=\"white-section\">\n\t<div class=\"anchor\" id=\"identification-of-the-defamatory-statement\"><\/div>\n\t<div class=\"section-inner\">\n\t\t<div class=\"flex\">\n\t\t\t<div class=\"width41\"><img decoding=\"async\" src=\"\/wp-content\/themes\/monolith2021\/img\/pic\/pic_reputation.jpg\" alt=\"Laimuliku avalduse allika tuvastamine\"><\/div>\n\t\t\t<div class=\"width51\">\n\t\t\t\t<h3>Laimuslike v\u00e4idete tuvastamine<\/h3>\n\t\t\t\t<p>Jaapani \u00f5iguse alusel on v\u00f5imalik kohtumenetluse kaudu algatada \u00f5iguslikke samme anon\u00fc\u00fcmsete isikute tuvastamiseks, kes on teinud ebaseaduslikke postitusi, sealhulgas laimuslikke v\u00e4iteid. Kui teie ettev\u00f5tet sihivad anon\u00fc\u00fcmsed internetikasutajad, kes r\u00fcndavad Jaapani internetis, v\u00f5ib olla v\u00f5imalik tuvastada anon\u00fc\u00fcmse kasutaja isik, sealhulgas nimi ja aadress, konsulteerides k\u00f5rgelt spetsialiseerunud advokaadiga. Kui isik on tuvastatud, v\u00f5ib teil avaneda v\u00f5imalus esitada kahjun\u00f5ue internetikasutaja vastu. On \u00fclioluline t\u00f6\u00f6tada koos kogenud advokaadiga, kes suudab teid juhendada l\u00e4bi \u00f5igusprotsessi ja kaitsta teie ettev\u00f5tte huve.<\/p>\n\t\t\t<\/div>\n\t\t<\/div>\n\t<\/div>\n<\/section>\n\n<section class=\"white-section mgb-section\">\n\t<div class=\"anchor\" id=\"examples-of-identifications-by-our-firm-target-sites\"><\/div>\n\t<div class=\"section-inner-black\">\n\t\t<h3 class=\"mgb-middle\">Meie firma poolt tuvastatud n\u00e4ited: Sihtkohad<\/h3>\n\t\t<p class=\"mgb-middle\">MONOLITH LAW OFFICE&#8217;il on kogemusi ja ekspertiisi laimuslike postituste autorite tuvastamisel erinevatel veebilehtedel, sealhulgas, kuid mitte ainult, laimamise, privaatsuse rikkumise, autori\u00f5iguste rikkumise ja isiku tuvastamise juhtumitel. Oleme edukalt aidanud klientidel tuvastada selliste postituste taga olevaid autoreid, kasutades meie kogemusi ja teadmisi selles valdkonnas.<\/p>\n\t\t<p class=\"mgb-middle\">2channel, 5channel, Twitter, Facebook, Instagram, Google Maps (My Business), Yahoo! Finance, Food Log, Amazoni kliendi\u00fclevaated, Girls Channel, Bakusai, Mansion Community, Hostlove ja mitmesugused teised kuulutuste tahvlid. Yahoo! Chiebukuro, NAVER kokkuv\u00f5te, telefoninumbri otsing (jpnumber jne), Livedoor Blog, FC2 Blog, Ameba Blog, Hatena Blog jne. Muud erinevad blogisaidid, YouTube, Nico Nico Douga, FC2 Video ja muud videosaidid. MILKCAFE, openwork, Lighthouse (endine Kaisha maine), muud t\u00f6\u00f6\u00fclevaadete saidid, muud originaaldomeeni saidid.<\/p>\n\t<\/div>\n<\/section>\n\n<section class=\"purple-section\">\n\t<div class=\"anchor\" id=\"examples-of-support-provided-by-our-firm\"><\/div>\n\t<div class=\"section-inner\">\n\t\t<h3 class=\"mgb-middle\">Meie firma poolt pakutud toe n\u00e4ited<\/h3>\n\t\t<ul class=\"layout-column4 mgb-big\">\n\t\t\t<li>\n\t\t\t\t<div><img decoding=\"async\" src=\"\/wp-content\/themes\/monolith2021\/img\/identificationofslander\/identificationofslander_support_pic1.jpg\" alt=\"TSE b\u00f6rsil noteeritud ettev\u00f5te\"><\/div>\n\t\t\t\t<h4>TSE-s noteeritud ettev\u00f5te<\/h4>\n\t\t\t\t<p>Oleme tuvastanud autorid, kes levitavad p\u00fcsivalt valeinformatsiooni, nagu sisemised skandaalid, platvormidel nagu Yahoo! Finance ja Google Reviews.<\/p>\n\t\t\t<\/li>\n\t\t\t<li>\n\t\t\t\t<div><img decoding=\"async\" src=\"\/wp-content\/themes\/monolith2021\/img\/identificationofslander\/identificationofslander_support_pic2.jpg\" alt=\"Tuntud tippjuht\"><\/div>\n\t\t\t\t<h4>Tuntud tippjuht<\/h4>\n\t\t\t\t<p>Oleme teostanud autorite tuvastamist Twitteri kontodel, mis tegelevad laimamise, isiku j\u00e4ljendamise ja solvavate postituste levitamisega, mis on suunatud \u00fcksikutele tippjuhtidele.<\/p>\n\t\t\t<\/li>\n\t\t\t<li>\n\t\t\t\t<div><img decoding=\"async\" src=\"\/wp-content\/themes\/monolith2021\/img\/systemdevelopment\/systemdevelopment_support_pic3.jpg\" alt=\"\u00c4ri\u00fching\"><\/div>\n\t\t\t\t<h4>\u00c4ri\u00fching<\/h4>\n\t\t\t\t<p>Oleme l\u00e4bi viinud autorite tuvastamise laimavate postituste osas, mis on suunatud konkreetsetele tippjuhtidele anon\u00fc\u00fcmsetel s\u00f5numitahvlitel nagu 5channel ja Google Reviews.<\/p>\n\t\t\t<\/li>\n\t\t\t<li>\n\t\t\t\t<div><img decoding=\"async\" src=\"\/wp-content\/themes\/monolith2021\/img\/identificationofslander\/identificationofslander_support_pic4.jpg\" alt=\"Tuntud YouTuber\"><\/div>\n\t\t\t\t<h4>Tuntud YouTuber<\/h4>\n\t\t\t\t<p>Oleme abistanud autorite tuvastamisel juhtumites, mis h\u00f5lmavad isikuandmete lekkeid ja laimavaid kommentaare, mis on tehtud teiste YouTuberite videotes, isiklikes blogides ja muudel platvormidel.<\/p>\n\t\t\t<\/li>\n\t\t<\/ul>\n\t\t<div class=\"frame2-white max-width860 txt-center-pc\">\n\t\t\t<p class=\"txt-l bold\">Autorite tuvastamine n\u00f5uab k\u00f5rgelt spetsialiseeritud ekspertiisi, h\u00f5lmates strateegilist planeerimist ja konkreetseid operatiiv\u00fclesandeid.<\/p>\n\t\t<\/div>\n\t<\/div>\n<\/section>\n\n<section class=\"white-section\">\n\t<div class=\"anchor\" id=\"procedures-for-identifying-authors-under-japanese-law\"><\/div>\n\t<div class=\"section-inner pdb0\">\n\t\t<h3>Protseduurid autorite tuvastamiseks Jaapani seaduste alusel<\/h3>\n\t\t<p class=\"mgb-middle\">Jaapanis on mitmeid \u00f5iguslikke protseduure, mis v\u00f5imaldavad tuvastada laimavate veebipostituste autoreid ja v\u00f5idelda k\u00fcberlaimuga. \u00d5igusprofessionaalidena kasutame neid protseduure valikuliselt ja kombineeritult, et saavutada autori tuvastamine. Kuigi selle lehek\u00fclje raames on keeruline pakkuda p\u00f5hjalikku selgitust nende protseduuride v\u00e4ga spetsialiseeritud olemuse t\u00f5ttu, anname siiski \u00fclevaate.<\/p>\n\t\t<ul class=\"layout-datalist\">\n\t\t\t<li>\n\t\t\t\t<h4>A: Avalikustamise taotlus (ajutine meede)<\/h4>\n\t\t\t\t<p>See kiirendatud vahepealne meede v\u00f5imaldab meil taotleda veebisaitide operaatoritelt v\u00f5i hosting serverite administraatoritelt postitaja IP-aadressi avalikustamist, ilma et peaksime p\u00f6\u00f6rduma formaalse kohtumenetluse poole. Siiski on oluline m\u00e4rkida, et m\u00f5ned veebisaidid v\u00f5ivad IP-aadressi avalikustada vabatahtlikult l\u00e4bi mitteametlike l\u00e4bir\u00e4\u00e4kimiste, ilma et oleks vaja seda protseduuri kasutada. \u00d5ige otsuse tegemine sellistes olukordades n\u00f5uab kogenud juristide kogemust ja ekspertiisi.<\/p>\n\t\t\t<\/li>\n\t\t\t<li>\n\t\t\t\t<h4>B: Teabe kustutamise keelamine<\/h4>\n\t\t\t\t<p>Protseduuri A kaudu saadud avalikustatud IP-aadressi anal\u00fc\u00fcsimisel on v\u00f5imalik tuvastada anon\u00fc\u00fcmse kasutaja internetiteenuse pakkuja (ISP). Protseduuris C on h\u00e4davajalik n\u00f5uda ISP-lt saatja teabe (logiandmed, mis on seotud kasutaja interneti\u00fchendusega) kustutamise mitte lubamist, et s\u00e4ilitada t\u00f5endid.<\/p>\n\t\t\t<\/li>\n\t\t\t<li>\n\t\t\t\t<h4>C: Avalikustamise taotlus (hagi)<\/h4>\n\t\t\t\t<p>See protseduur h\u00f5lmab tuvastatud ISP vastu hagi esitamist, et n\u00f5uda anon\u00fc\u00fcmse kasutaja aadressi ja nime avalikustamist. Kui anon\u00fc\u00fcmne kasutaja on veebisaidil registreerinud telefoni numbri, saab seda protseduuri kasutada veebisaidi operaatori vastu, et n\u00f5uda selle telefoni numbri avalikustamist. Kiireid vahepealseid meetmeid ei saa selles protseduuris kasutada ja Jaapani \u00f5iguspraktika kohaselt on vajalik formaalne kohtumenetlus.<\/p>\n\t\t\t<\/li>\n\t\t\t<li>\n\t\t\t\t<h4>D: Avalikustamiskorraldus (2022. aasta muudatus)<\/h4>\n\t\t\t\t<p>See hiljuti tutvustatud \u00f5igusraamistik \u00fchendab protseduurid A, B ja C \u00fcheks protseduuriks, v\u00f5imaldades k\u00f5iki samme (A, B ja C) rakendada l\u00fchema aja jooksul. See protseduur kasutab kiirendatud mehhanismi. Praegu peetakse seda protseduuri autori tuvastamise \u00fcldp\u00f5him\u00f5tteks. Siiski on erandeid, nagu veebisaidid, kus on registreeritud ainult telefoninumber ilma IP-aadressita, v\u00f5i juhtumid, kus IP-aadressi avalikustamine on v\u00f5imalik vabatahtlike l\u00e4bir\u00e4\u00e4kimiste kaudu. \u00d5igusprofessionaalide ekspertiis ja oskusteave on nende erandite k\u00e4sitlemisel h\u00e4davajalikud.<\/p>\n\t\t\t<\/li>\n\t\t\t<li>\n\t\t\t\t<h4>E: P\u00e4ringu protseduur l\u00e4bi advokatuuri<\/h4>\n\t\t\t\t<p>Kui eelmainitud protseduuride k\u00e4igus saab teatavaks postitaja telefoninumber, on vajalik n\u00f5uda telekommunikatsiooni ettev\u00f5ttelt selle telefoninumbri kasutaja aadressi v\u00f5i nime avalikustamist. Jaapanis on mobiilsideoperaatoritel tavaks avaldada teavet, kui advokaat teeb n\u00f5uetekohase p\u00e4ringu oma liidu advokatuuri kaudu.<\/p>\n\t\t\t<\/li>\n\t\t<\/ul>\n\t<\/div>\n<\/section>\n\n<section class=\"white-section\">\n\t<div class=\"section-inner\">\n\t\t<div class=\"frame2 max-width860 txt-center-pc\">\n\t\t\t<p class=\"bold txt-l\">Ebaseaduslike postituste autorite tuvastamine vastavalt Jaapani seadusele on t\u00f5epoolest v\u00e4ga keeruline ja spetsialiseerunud valdkond. Kui teil on k\u00fcsimusi v\u00f5i muresid, sealhulgas teostatavuse ja kuludega seotud aspekte, \u00e4rge kartke meiega \u00fchendust v\u00f5tta. Oleme siin, et teid aidata ja vajalikku juhendamist pakkuda.<\/p>\n\t\t<\/div>\n\t<\/div>\n<\/section>\n\n<section class=\"orange-section\">\n\t<div class=\"anchor\" id=\"publications-as-a-lawyer-specializing-in-mitigating-reputational-damage\"><\/div>\n\t<div class=\"section-inner\">\n\t\t<div class=\"flex\">\n\t\t\t<div class=\"width41\"><img decoding=\"async\" src=\"\/wp-content\/themes\/monolith2021\/img\/pic\/pic_publishing2.jpg\" alt=\"Avaldamised kui mainekahju leevendamisele spetsialiseerunud advokaat\"><\/div>\n\t\t\t<div class=\"width51\">\n\t\t\t\t<h3>Juristi publikatsioonid mainekahju leevendamise alal<\/h3>\n\t\t\t\t<p class=\"mgb-small\">Osales &#8220;Japanese Provider Liability Limitation Act&#8217;i kohtupraktika&#8221; kogumiku kirjutamisel, mis k\u00e4sitleb mainekahju vastumeetmeid, olles osa advokaatide poolt moodustatud Japanese Provider Liability Limitation Act&#8217;i praktilise uurimisr\u00fchma t\u00f6\u00f6st.<\/p>\n\t\t\t\t<p>Avaldas &#8220;Digitaalne t\u00e4toveering &#8211; Interneti laim ja mainekahju juhtumifaili&#8221; Jiyuukokumin-sha kirjastuses, mis on &#8220;Gendai Yogo no Kihonjitsu&#8221; (Kaasaegse terminoloogia p\u00f5hiteadmised) v\u00e4ljaandja, ning oli vastutav NHK laup\u00e4evase draama &#8220;Digitaalne t\u00e4toveering&#8221; stsenaariumi koostamise eest, mis p\u00f5hineb sellel publikatsioonil.<\/p>\n\t\t\t<\/div>\n\t\t<\/div>\n\t<\/div>\n<\/section>\n\n<section class=\"purple2-section\">\n\t<div class=\"anchor\" id=\"monolith-law-magazine\"><\/div>\n\t<div class=\"section-inner\">\n\t\t    <section class=\"white-section temp-article\">\n        <div class=\"section-inner\">\n            <h4>MONOLITH LAW MAGAZINE<\/h4>\n            <div class=\"articles type_practice_column\">\n                                                                    <div class=\"article article-area\">\n                        <figure>\n                            <div class=\"img-wrap\">\n                                <img alt=\"Kuidas s\u00e4ilitada Instagramis tehtud laimamist t\u00f5endina? Selgitame, kuidas salvestada kohtus kasutatavaid t\u00f5endeid.\" src=\"https:\/\/monolith.law\/et\/wp-content\/uploads\/sites\/36\/2025\/08\/b7a6d88c3f4a061d0c0c2cfa711ac604.webp\" width=\"500\" height=\"250\">\n                            <\/div>\n                            <figcaption>\n                                <div class=\"figcaption-inner\">\n                                    <h3>Kuidas s\u00e4ilitada Instagramis tehtud laimamist t\u00f5endina? Selgitame, kuidas salves.<\/h3>\n                                <\/div>\n                            <\/figcaption>\n                            <a href=\"https:\/\/monolith.law\/et\/it\/instagram-preservation-evidence\"><\/a>\n                        <\/figure>\n                    <\/div>\n                                                    <div class=\"article article-area\">\n                        <figure>\n                            <div class=\"img-wrap\">\n                                <img alt=\"Kas LINE'ilt on v\u00f5imalik n\u00f5uda andmete avalikustamist? Selgitus isiku tuvastamise kohta saatja teabe avalikustamise kaudu\" src=\"https:\/\/monolith.law\/et\/wp-content\/uploads\/sites\/36\/2024\/11\/29578280_m.webp\" width=\"500\" height=\"250\">\n                            <\/div>\n                            <figcaption>\n                                <div class=\"figcaption-inner\">\n                                    <h3>Kas LINE'ilt on v\u00f5imalik n\u00f5uda andmete avalikustamist? Selgitus isiku tuvastamis.<\/h3>\n                                <\/div>\n                            <\/figcaption>\n                            <a href=\"https:\/\/monolith.law\/et\/internet\/line-disclosure-request\"><\/a>\n                        <\/figure>\n                    <\/div>\n                                                    <div class=\"article article-area\">\n                        <figure>\n                            <div class=\"img-wrap\">\n                                <img alt=\"Kas v\u00f5ib n\u00f5uda avalikustamist ka veebim\u00e4ngudes esineva v\u00e4givaldse s\u00f5imu ja laimu puhul? Selgitame, kuidas kohtumenetluses vastaspoole tuvastada.\" src=\"https:\/\/monolith.law\/et\/wp-content\/uploads\/sites\/36\/2024\/11\/onlinegame1.webp\" width=\"500\" height=\"250\">\n                            <\/div>\n                            <figcaption>\n                                <div class=\"figcaption-inner\">\n                                    <h3>Kas v\u00f5ib n\u00f5uda avalikustamist ka veebim\u00e4ngudes esineva v\u00e4givaldse s\u00f5imu ja laimu.<\/h3>\n                                <\/div>\n                            <\/figcaption>\n                            <a href=\"https:\/\/monolith.law\/et\/internet\/onlinegame-defamation\"><\/a>\n                        <\/figure>\n                    <\/div>\n                                            <\/div>\n            <div class=\"btn-more\"><a href=\"https:\/\/monolith.law\/et\/tag\/id-of-the-defamatory-statement\">Read More<\/a><\/div>\n        <\/div>\n    <\/section>\n\t<\/div>\n<\/section>\n\n<section class=\"orange2-section\">\n\t<div class=\"anchor\" id=\"fee-structure\"><\/div>\n\t<div class=\"section-inner\">\n\t<div class=\"planWrap\">\n\t<h3>Fee Structure<\/h3>\n\t<ul class=\"plan\">\n\t\t<li class=\"txt-left\">\n\t\t\t<div class=\"plan-inner\">\n\t\t\t<div class=\"plan-header\">\n\t\t\t<h4 class=\"plan-title\">Tunnitasu<\/h4>\n\t\t\t<div class=\"plan-price\"><span class=\"price-figure\">$300<\/span>tunnis<span class=\"price-tax\"><\/span><\/div>\n\t\t\t<\/div>\n\t\t\t<div class=\"plan-body\">Teatud juhtudel v\u00f5ime kaaluda vaidluse v\u00f5i kohtuasja vastuv\u00f5tmist algatasu ja edutasuga. Lisateabe saamiseks v\u00f5tke meiega julgelt \u00fchendust.<\/div>\n\t\t\t<\/div>\n\t\t<\/li>\n\t\t<li class=\"txt-left\">\n\t\t\t<div class=\"plan-inner\">\n\t\t\t<div class=\"plan-header\">\n\t\t\t<h4 class=\"plan-title\">Lepingute koostamine<\/h4>\n\t\t\t<div class=\"plan-price\"><span class=\"price-value\">alates<\/span><span class=\"price-figure\">$500<\/span><span class=\"price-value\">kuni $2,000 v\u00f5i rohkem<\/span><span class=\"price-tax\"><\/span><\/div>\n\t\t\t<\/div>\n\t\t\t<div class=\"plan-body\">Hinnastamise struktuur v\u00f5ib varieeruda s\u00f5ltuvalt lepingute t\u00fc\u00fcbist ja mahust. Pakume meeleldi esialgset hinnangut p\u00e4ringu alusel, seega \u00e4rge k\u00f5helge meiega \u00fchendust v\u00f5tmast t\u00e4iendava teabe saamiseks.<\/div>\n\t\t\t<\/div>\n\t\t<\/li>\n\t\t<li class=\"txt-left\">\n\t\t\t<div class=\"plan-inner\">\n\t\t\t<div class=\"plan-header\">\n\t\t\t<h4 class=\"plan-title\">Muud teenused<\/h4>\n\t\t\t<div class=\"plan-price\"><span class=\"price-figure\">V\u00f5tke meiega \u00fchendust<\/span><\/div>\n\t\t\t<\/div>\n\t\t\t<div class=\"plan-body\">Pakume laia valikut teenuseid, sealhulgas ettev\u00f5tte asutamine, lepingute \u00fclevaatus, \u00f5igusarvamused, juhtumite \u00fclevaade v\u00f5i uurimiskirjad. Kui teil on k\u00fcsimusi v\u00f5i muresid, kutsume teid s\u00fcdamest meiega \u00fchendust v\u00f5tma ja meie asjatundlik meeskond on teile meeleldi abiks.<\/div>\n\t\t\t<\/div>\n\t\t\t<\/div>\n\t\t<\/li>\n\t<\/ul>\n\t<\/div>\n\t<\/div>\n<\/section>\n\n<section class=\"white-section\">\n\t<div class=\"section-inner\">\n\t\t<div class=\"btn-area\">\n\t\t\t<div class=\"btn icon-contact\"><a href=\"\/et\/contact\">V\u00f5tke meiega \u00fchendust<\/a><\/div>\n\t\t<\/div>\n\t<\/div>\n<\/section>\n","protected":false},"excerpt":{"rendered":"<p>Laimusliku avalduse ID Jaapani seaduste kohaselt on v\u00f5imalik kohtu poolt h\u00f5lbustatud mitmesuguste \u00f5iguslike protseduuride abil tuvastada internetis anon\u00fc\u00fcmselt laimu levitava v\u00f5i privaatsust rikkunud  [&hellip;]<\/p>\n","protected":false},"author":1,"featured_media":57174,"parent":0,"menu_order":7,"comment_status":"closed","ping_status":"closed","template":"other-page-temp.php","meta":{"footnotes":""},"acf":[],"_links":{"self":[{"href":"https:\/\/monolith.law\/et\/wp-json\/wp\/v2\/pages\/30684"}],"collection":[{"href":"https:\/\/monolith.law\/et\/wp-json\/wp\/v2\/pages"}],"about":[{"href":"https:\/\/monolith.law\/et\/wp-json\/wp\/v2\/types\/page"}],"author":[{"embeddable":true,"href":"https:\/\/monolith.law\/et\/wp-json\/wp\/v2\/users\/1"}],"replies":[{"embeddable":true,"href":"https:\/\/monolith.law\/et\/wp-json\/wp\/v2\/comments?post=30684"}],"version-history":[{"count":30,"href":"https:\/\/monolith.law\/et\/wp-json\/wp\/v2\/pages\/30684\/revisions"}],"predecessor-version":[{"id":64236,"href":"https:\/\/monolith.law\/et\/wp-json\/wp\/v2\/pages\/30684\/revisions\/64236"}],"wp:featuredmedia":[{"embeddable":true,"href":"https:\/\/monolith.law\/et\/wp-json\/wp\/v2\/media\/57174"}],"wp:attachment":[{"href":"https:\/\/monolith.law\/et\/wp-json\/wp\/v2\/media?parent=30684"}],"curies":[{"name":"wp","href":"https:\/\/api.w.org\/{rel}","templated":true}]}}