{"id":31,"date":"2023-11-13T16:37:44","date_gmt":"2023-11-13T07:37:44","guid":{"rendered":"https:\/\/monolith.law\/article\/?page_id=7"},"modified":"2024-04-30T16:07:56","modified_gmt":"2024-04-30T07:07:56","slug":"contact","status":"publish","type":"page","link":"https:\/\/monolith.law\/et\/contact","title":{"rendered":"V\u00f5tke meiega \u00fchendust"},"content":{"rendered":"\n<section class=\"heading-area\">\n\t<div class=\"heading-area-inner\">\n\t\t<h2 class=\"icon-contact\">V\u00f5tke meiega \u00fchendust<\/h2>\n\t<\/div>\n<\/section>\n<section class=\"white-section\">\n\t<div class=\"section-inner border-bottom-section pdt0\">\n\t\t<p class=\"mgb-small\">MONOLITH LAW OFFICE on \u00f5igusb\u00fcroo Otemachis, Tokyos, mis keskendub IT, Interneti ja \u00e4ri\u00f5igusega seotud teenustele. Meie esindusadvokaadi juhtimisel, kes on endine IT-insener ja kellel on ettev\u00f5tte juhtimise kogemus, pakume \u00f5igusn\u00f5u IT- ja ettev\u00f5tlusettev\u00f5tetele ning teistele ettev\u00f5tetele seoses mainekahju, s\u00fcsteemiarenduse, intellektuaalomandi ja muude \u00f5igusk\u00fcsimustega.<\/p>\n\t\t<p class=\"mgb-middle\">V\u00f5tke meiega julgelt \u00fchendust \u00f5igusn\u00f5u, mainekahju ja erinevate muude konsultatsioonide saamiseks, samuti intervjuude, publikatsioonide ja meediaga seotud k\u00fcsimuste esitamiseks.<\/p>\n\t\t<p>*Enne oma s\u00f5numi saatmist lugege palun l\u00e4bi ja n\u00f5ustuge <a href=\"\/en\/privacypolicy\" target=\"_blank\" rel=\"noreferrer noopener\" title=\"\">meie privaatsuspoliitikaga<\/a>.<\/p>\n<\/div>\n<\/section>\n\n\n<div class=\"wpcf7 no-js\" id=\"wpcf7-f4400-o1\" lang=\"ja\" dir=\"ltr\">\n<div class=\"screen-reader-response\"><p role=\"status\" aria-live=\"polite\" aria-atomic=\"true\"><\/p> <ul><\/ul><\/div>\n<form action=\"\/et\/wp-json\/wp\/v2\/pages\/31#wpcf7-f4400-o1\" method=\"post\" class=\"wpcf7-form init\" aria-label=\"\u30b3\u30f3\u30bf\u30af\u30c8\u30d5\u30a9\u30fc\u30e0\" novalidate=\"novalidate\" data-status=\"init\">\n<div style=\"display: none;\">\n<input type=\"hidden\" name=\"_wpcf7\" value=\"4400\" \/>\n<input type=\"hidden\" name=\"_wpcf7_version\" value=\"5.8\" \/>\n<input type=\"hidden\" name=\"_wpcf7_locale\" value=\"ja\" \/>\n<input type=\"hidden\" name=\"_wpcf7_unit_tag\" value=\"wpcf7-f4400-o1\" \/>\n<input type=\"hidden\" name=\"_wpcf7_container_post\" value=\"0\" \/>\n<input type=\"hidden\" name=\"_wpcf7_posted_data_hash\" value=\"\" \/>\n<input type=\"hidden\" name=\"_wpcf7_recaptcha_response\" value=\"\" \/>\n<\/div>\n<section class=\"white-section\">\n\t<div class=\"section-inner\">\n\t\t<div class=\"contact-content\">\n\t\t\t<dl>\n\t\t\t\t<dt>\n\t\t\t\t\t<p><span class=\"label\">Name<\/span><span class=\"required\">Required<\/span>\n\t\t\t\t\t<\/p>\n\t\t\t\t<\/dt>\n\t\t\t\t<dd>\n\t\t\t\t\t<p><span class=\"wpcf7-form-control-wrap\" data-name=\"your-name\"><input size=\"40\" class=\"wpcf7-form-control wpcf7-text wpcf7-validates-as-required\" id=\"name\" aria-required=\"true\" aria-invalid=\"false\" value=\"\" type=\"text\" name=\"your-name\" \/><\/span>\n\t\t\t\t\t<\/p>\n\t\t\t\t<\/dd>\n\t\t\t<\/dl>\n\t\t\t<dl>\n\t\t\t\t<dt>\n\t\t\t\t\t<p><span class=\"label\">Email address<\/span><span class=\"required\">Required<\/span>\n\t\t\t\t\t<\/p>\n\t\t\t\t<\/dt>\n\t\t\t\t<dd>\n\t\t\t\t\t<p><span class=\"wpcf7-form-control-wrap\" data-name=\"your-email\"><input size=\"40\" class=\"wpcf7-form-control wpcf7-email wpcf7-validates-as-required wpcf7-text wpcf7-validates-as-email\" id=\"email\" aria-required=\"true\" aria-invalid=\"false\" value=\"\" type=\"email\" name=\"your-email\" \/><\/span>\n\t\t\t\t\t<\/p>\n\t\t\t\t<\/dd>\n\t\t\t<\/dl>\n\t\t\t<dl>\n\t\t\t\t<dt>\n\t\t\t\t\t<p><span class=\"label\">Subject<\/span><span class=\"required\">Required<\/span>\n\t\t\t\t\t<\/p>\n\t\t\t\t<\/dt>\n\t\t\t\t<dd>\n\t\t\t\t\t<p><span class=\"wpcf7-form-control-wrap\" data-name=\"your-subject\"><input size=\"40\" class=\"wpcf7-form-control wpcf7-text wpcf7-validates-as-required\" aria-required=\"true\" aria-invalid=\"false\" value=\"\" type=\"text\" name=\"your-subject\" \/><\/span>\n\t\t\t\t\t<\/p>\n\t\t\t\t<\/dd>\n\t\t\t<\/dl>\n\t\t\t<dl>\n\t\t\t\t<dt>\n\t\t\t\t\t<p><span class=\"label\">Contents<\/span><span class=\"required\">Required<\/span>\n\t\t\t\t\t<\/p>\n\t\t\t\t<\/dt>\n\t\t\t\t<dd>\n\t\t\t\t\t<p><span class=\"wpcf7-form-control-wrap\" data-name=\"your-info\"><textarea cols=\"40\" rows=\"10\" class=\"wpcf7-form-control wpcf7-textarea wpcf7-validates-as-required\" id=\"info\" aria-required=\"true\" aria-invalid=\"false\" name=\"your-info\"><\/textarea><\/span>\n\t\t\t\t\t<\/p>\n\t\t\t\t<\/dd>\n\t\t\t<\/dl>\n\t\t\t<div class=\"submit-button\">\n\t\t\t\t<p><input class=\"wpcf7-form-control wpcf7-submit has-spinner\" type=\"submit\" value=\"Send\" \/>\n\t\t\t\t<\/p>\n\t\t\t<\/div>\n\t\t<\/div>\n\t\t<p><script>\ndocument.addEventListener( 'wpcf7mailsent', function( event ) {\n location = 'https:\/\/monolith.law\/et\/contact\/thanks';\n}, false );\n<\/script>\n\t\t<\/p>\n\t<\/div>\n<\/section><div class=\"wpcf7-response-output\" aria-hidden=\"true\"><\/div>\n<\/form>\n<\/div>\n\n&lt;!&#8211;\n<section class=\"white-section\">\n\t<div class=\"section-inner pdt0\">\n\t\t<h3>Pakume \u00f5igusteenuseid<br class=\"spOnly\">ettev\u00f5tetele ja \u00fcksikisikutele \u00fcle kogu Jaapani<br class=\"spOnly\"> kui k\u00f5rgelt spetsialiseeritud \u00f5igusb\u00fcroo.<\/h3>\n\t\t<div class=\"max-width1000 txt-left\">\n\t\t\t<p class=\"txt-purple2 txt-l\">Seni teenindatud klientide asukohad<\/p>\n\t\t\t<p class=\"txt-s\">\u203bV\u00f5tame vastu ka taotlusi teistest Jaapani prefektuuridest.<\/p>\n\t\t\t<div class=\"contact-map max-width860\"><img decoding=\"async\" src=\"\/wp-content\/themes\/monolith2021\/img\/contact\/contact_map.png\" alt=\"Seni teenindatud klientide asukohad\"><\/div>\n\t\t<\/div>\n\t<\/div>\n<\/section>\n&#8211;&gt;\n","protected":false},"excerpt":{"rendered":"<p>V\u00f5tke meiega \u00fchendust MONOLITH LAW OFFICE on \u00f5igusb\u00fcroo Otemachis, Tokyos, mis keskendub IT, Interneti ja \u00e4ri\u00f5igusega seotud teenustele. Meie esindusadvokaadi juhtimisel, kes on endine IT-insener ja k [&hellip;]<\/p>\n","protected":false},"author":1,"featured_media":57134,"parent":0,"menu_order":11,"comment_status":"closed","ping_status":"closed","template":"other-page-temp.php","meta":{"footnotes":""},"acf":[],"_links":{"self":[{"href":"https:\/\/monolith.law\/et\/wp-json\/wp\/v2\/pages\/31"}],"collection":[{"href":"https:\/\/monolith.law\/et\/wp-json\/wp\/v2\/pages"}],"about":[{"href":"https:\/\/monolith.law\/et\/wp-json\/wp\/v2\/types\/page"}],"author":[{"embeddable":true,"href":"https:\/\/monolith.law\/et\/wp-json\/wp\/v2\/users\/1"}],"replies":[{"embeddable":true,"href":"https:\/\/monolith.law\/et\/wp-json\/wp\/v2\/comments?post=31"}],"version-history":[{"count":17,"href":"https:\/\/monolith.law\/et\/wp-json\/wp\/v2\/pages\/31\/revisions"}],"predecessor-version":[{"id":64211,"href":"https:\/\/monolith.law\/et\/wp-json\/wp\/v2\/pages\/31\/revisions\/64211"}],"wp:featuredmedia":[{"embeddable":true,"href":"https:\/\/monolith.law\/et\/wp-json\/wp\/v2\/media\/57134"}],"wp:attachment":[{"href":"https:\/\/monolith.law\/et\/wp-json\/wp\/v2\/media?parent=31"}],"curies":[{"name":"wp","href":"https:\/\/api.w.org\/{rel}","templated":true}]}}