{"id":31513,"date":"2023-11-05T23:20:32","date_gmt":"2023-11-05T14:20:32","guid":{"rendered":"https:\/\/monolith.law\/?page_id=31513"},"modified":"2024-04-30T16:30:48","modified_gmt":"2024-04-30T07:30:48","slug":"m-and-a-of-sns-accounts","status":"publish","type":"page","link":"https:\/\/monolith.law\/et\/m-and-a-of-sns-accounts","title":{"rendered":"SNS-i kontode M&amp;A"},"content":{"rendered":"\n<section class=\"heading-area\">\n\t<div class=\"heading-area-inner\">\n\t\t<h2 class=\"icon-m-and-a-of-sns-accounts\">SNS-i kontode M&amp;A<\/h2>\n\t\t<p>YouTube&#8217;i kanalite ja Twitteri kontode M&amp;A on k\u00f5rgelt spetsialiseeritud valdkond, mis n\u00f5uab eriteadmisi ja oskusteavet. Kuna meie \u00f5igusb\u00fcroos t\u00f6\u00f6tavad IT, interneti ja \u00e4ri spetsialistid, pakume selles valdkonnas laiaulatuslikku abi.<\/p>\n\t<\/div>\n<\/section>\n\n<section class=\"white-section\">\n\t<div class=\"section-inner pdt0 border-bottom-section\">\n\t\t<p>Similar to websites, YouTube channels and Twitter accounts are also subject to M&amp;A. However, because these M&amp;As are unique situations, it is necessary to hire a law firm with specialized knowledge and expertise. \nMonolith Law Office is a law firm specializing in IT, the Internet and business. Our attorneys handle every aspect of many M&amp;As, from small projects involving YouTube channels to projects worth more than 100 million yen, ranging from contract drafting to due diligence (DD).<\/p>\n\t<\/div>\n<\/section>\n\n<section class=\"second-nav\">\n\t<div class=\"second-nav-inner\">\n\t\t<p>TEEMAD<\/p>\n\t\t<nav>\n\t\t\t<ul>\n\t\t\t\t<li><a href=\"#an-example-of-ma-track-record\">M&amp;A tehingute n\u00e4ited<\/a><\/li>\n\t\t\t\t<li><a href=\"#ma-special-feature-on-sns-such-as-youtube\">Eriline M&amp;A fookus SNS-il nagu YouTube<\/a><\/li>\n\t\t\t\t<li><a href=\"#responding-to-legal-due-diligence-dd\">Juriidilise due diligence&#8217;i (DD) l\u00e4biviimine<\/a><\/li>\n\t\t\t\t<li><a href=\"#legal-due-diligence-dd-peculiarities-of-sns-etc\">SNS-i juriidilise due diligence&#8217;i erip\u00e4rad<\/a><\/li>\n\t\t\t\t<li><a href=\"#an-example-of-our-client\">Meie kliendi n\u00e4ide<\/a><\/li>\n\t\t\t\t<li><a href=\"#book-writing-records\">Publikatsioonide rekordid<\/a><\/li>\n\t\t\t\t<li><a href=\"#media-appearance-record\">Meediaesinemiste rekordid<\/a><\/li>\n\t\t\t\t<li><a href=\"#monolith-law-magazine\">MONOLITH LAW MAGAZINE<\/a><\/li>\n\t\t\t\t<li><a href=\"#fee-structure\">Tasustruktuur<\/a><\/li>\n\t\t\t<\/ul>\n\t\t<\/nav>\n\t<\/div>\n<\/section>\n\n<section class=\"white-section\">\n\t<div class=\"anchor\" id=\"an-example-of-ma-track-record\"><\/div>\n\t<div class=\"section-inner\">\n\t\t<h3>N\u00e4ited M&amp;A tehingute kogemustest<\/h3>\n\t\t<ul class=\"layout-column4\">\n\t\t\t<li>\n\t\t\t\t<div><img decoding=\"async\" src=\"\/wp-content\/themes\/monolith2021\/img\/practices-youtuberlaw\/practices-youtuberlaw_necessity_pic3.jpg\" alt=\"YouTube channel\"><\/div>\n\t\t\t\t<h4>YouTube&#8217;i kanalid<\/h4>\n\t\t\t\t<p>Meil on kogemusi M&amp;A tehingute ja hoolsuskohustuse (due diligence) l\u00e4biviimisel, mille summa \u00fcletab 100 miljonit jeeni, sealhulgas VTuberite ja anime YouTube&#8217;i kanalite \u00fcleandmisel.<\/p>\n\t\t\t<\/li>\n\t\t\t<li>\n\t\t\t\t<div><img decoding=\"async\" src=\"\/wp-content\/themes\/monolith2021\/img\/snsmalaw\/snsmalaw_example_pic2.jpg\" alt=\"Twitteri konto\"><\/div>\n\t\t\t\t<h4>Twitteri kontod<\/h4>\n\t\t\t\t<p>Me tegeleme suure hulga lepingute ja hoolsuskohustusega seotud tegevustega, mis on seotud informatsiooni pakkuvate Twitteri kontode \u00fcleandmisega.<\/p>\n\t\t\t<\/li>\n\t\t\t<li>\n\t\t\t\t<div><img decoding=\"async\" src=\"\/wp-content\/themes\/monolith2021\/img\/snsmalaw\/snsmalaw_example_pic3.jpg\" alt=\"Instagrami konto\"><\/div>\n\t\t\t\t<h4>Instagrami kontod<\/h4>\n\t\t\t\t<p>Me toetame Instagrami kontode \u00fcleandmist osana meediaettev\u00f5tete \u00e4ri\u00fcleandmisest.<\/p>\n\t\t\t<\/li>\n\t\t\t<li>\n\t\t\t\t<div><img decoding=\"async\" src=\"\/wp-content\/themes\/monolith2021\/img\/snsmalaw\/snsmalaw_example_pic4.jpg\" alt=\"Muud SNS-id\"><\/div>\n\t\t\t\t<h4>Muud SNS-id<\/h4>\n\t\t\t\t<p>Meil on samuti kogemusi ja teadmisi teiste SNS-ide ja veebiteenustega seotud k\u00fcsimustes.<\/p>\n\t\t\t<\/li>\n\t\t<\/ul>\n\t<\/div>\n<\/section>\n\n<section class=\"white-section\">\n\t<div class=\"section-inner pdt0\">\n\t\t<div class=\"frame2 max-width860 txt-center-pc\">\n\t\t\t<p class=\"bold txt-l\">MONOLITH LAW OFFICE on \u00f5igusb\u00fcroo, mis on spetsialiseerunud IT, interneti ja \u00e4ri valdkondadele.<br class=\"pcOnly\">Pakume \u00f5igusteenuseid alates lepingute koostamisest kuni hoolsuskohustuse (DD) l\u00e4biviimiseni M&amp;A tehingutes, sealhulgas YouTube&#8217;i kanalitega,<br class=\"pcOnly\"> v\u00e4ikestest tehingutest kuni tehinguteni, mis \u00fcletavad 100 miljonit jeeni.<br class=\"pcOnly\"><\/p>\n\t\t<\/div>\n\t<\/div>\n<\/section>\n\n<section class=\"orange-section\">\n\t<div class=\"anchor\" id=\"ma-special-feature-on-sns-such-as-youtube\"><\/div>\n\t<div class=\"section-inner\">\n\t\t<h3>Erilised M&amp;A omadused YouTube&#8217;is ja teistes sotsiaalmeedia kanalites<\/h3>\n\t\t<ul class=\"layout-column4\">\n\t\t\t<li>\n\t\t\t\t<div><img decoding=\"async\" src=\"\/wp-content\/themes\/monolith2021\/img\/snsmalaw\/snsmalaw_specificity_pic1.jpg\" alt=\"IT\/Interneti \u00f5igusasjad\"><\/div>\n\t\t\t\t<h4>IT\/Interneti \u00f5igusasjad<\/h4>\n\t\t\t\t<p>Juristib\u00fcrool, kellel on ulatuslikud kogemused IT ja interneti valdkonnas, on v\u00f5imalik \u00f5igesti m\u00e4\u00e4ratleda tehinguga seotud \u00f5iguslikud kontrollpunktid.<\/p>\n\t\t\t<\/li>\n\t\t\t<li>\n\t\t\t\t<div><img decoding=\"async\" src=\"\/wp-content\/themes\/monolith2021\/img\/snsmalaw\/snsmalaw_specificity_pic2.jpg\" alt=\"Intellektuaalomandi \u00f5igus\"><\/div>\n\t\t\t\t<h4>Intellektuaalomandi \u00f5igus<\/h4>\n\t\t\t\t<p>Sotsiaalmeedia kontode \u00fcleandmisel on vajalik p\u00f5hjalikud teadmised autori\u00f5igustest, et korrektselt k\u00e4sitleda \u00f5igusi.<\/p>\n\t\t\t<\/li>\n\t\t\t<li>\n\t\t\t\t<div><img decoding=\"async\" src=\"\/wp-content\/themes\/monolith2021\/img\/snsmalaw\/snsmalaw_specificity_pic3.jpg\" alt=\"Litsentsimine jms\"><\/div>\n\t\t\t\t<h4>IP litsentsimine<\/h4>\n\t\t\t\t<p>Kolmandate osapoolte kehtestatud litsentside m\u00f5istmine on h\u00e4davajalik sisu levitamisel erinevates meediakanalites ning see on v\u00e4ga spetsialiseeritud \u00fclesanne.<\/p>\n\t\t\t<\/li>\n\t\t\t<li>\n\t\t\t\t<div><img decoding=\"async\" src=\"\/wp-content\/themes\/monolith2021\/img\/snsmalaw\/snsmalaw_specificity_pic4.jpg\" alt=\"Tingimused ja juhised\"><\/div>\n\t\t\t\t<h4>Tingimused<\/h4>\n\t\t\t\t<p>N\u00e4iteks YouTube&#8217;i kanalite Due Diligence (DD) protsess n\u00f5uab terminoloogia tundmist ning erinevate juhendite viimaste versioonidega kursis olemist.<\/p>\n\t\t\t<\/li>\n\t\t<\/ul>\n\t<\/div>\n<\/section>\n\n<section class=\"white-section\">\n\t<div class=\"anchor\" id=\"responding-to-legal-due-diligence-dd\"><\/div>\n\t<div class=\"section-inner\">\n\t\t<div class=\"flex reverse\">\n\t\t\t<div class=\"width41\"><img decoding=\"async\" src=\"\/wp-content\/themes\/monolith2021\/img\/pic\/pic_legalduediligence.jpg\" alt=\"\u00d5igusliku due diligence'i (DD) l\u00e4biviimine\"><\/div>\n\t\t\t<div class=\"width51\">\n\t\t\t\t<h3>Vastamine juriidilisele hoolsuskohustusele<\/h3>\n\t\t\t\t<p class=\"mgb-small\">SNS-kontode, nagu YouTube&#8217;i kanalite ja Twitteri, \u00e4ri\u00fclekanne, samuti nende omanike ettev\u00f5tete aktsiate \u00fclekanne, on lepingud, mis m\u00f5nel juhul n\u00f5uavad juriidilist hoolsuskohustust (DD), nagu nn tavalised M&amp;A tehingud.<\/p>\n\t\t\t\t<p class=\"mgb-small\">Meie firma MONOLITH LAW OFFICE valmistab ette ka selliste k\u00f5rgelt spetsialiseeritud M&amp;A tehingute jaoks juriidilise hoolsuskohustuse (DD) ja DD aruandeid.<\/p>\n\t\t\t\t<p class=\"txt-s\">* DD aruande koostamise korral on advokaadi t\u00f6\u00f6tunnid p\u00f5him\u00f5tteliselt 30 tundi v\u00f5i rohkem (advokaadi tasu on 1 miljon jeeni v\u00f5i rohkem).<\/p>\n\t\t\t<\/div>\n\t\t<\/div>\n\t<\/div>\n<\/section>\n\n<section class=\"white-section\">\n\t<div class=\"anchor\" id=\"legal-due-diligence-dd-peculiarities-of-sns-etc\"><\/div>\n\t<div class=\"section-inner-black\">\n\t\t<h3><br class=\"spOnly\">Sotsiaalmeedia \u00f5igusliku hoolsuse erip\u00e4rad<\/h3>\n\t\t<p class=\"mgb-small\">N\u00e4iteks YouTube&#8217;i kanali M&amp;A DD l\u00e4biviimisel tuleb arvestada kanalil avaldatud videote seaduslikkust ning nende \u00fchilduvust YouTube&#8217;i kasutustingimuste ja erinevate juhistega. Kui sellised probleemid ilmnevad, v\u00f5idakse avalikud videod kustutada ja halvimal juhul v\u00f5idakse rakendada meetmeid nagu konto peatamine, mis v\u00f5ib kanali v\u00e4\u00e4rtust valesti m\u00f5ista.<\/p>\n\t\t<p class=\"mgb-small\">Selleks on vajalik \u00f5igusalased teadmised mitmes valdkonnas, sealhulgas videotes kasutatud objektide ja muusika autori\u00f5igused, inimeste v\u00e4limusega seotud portree\u00f5igused ja privaatsus\u00f5igused ning reklaamiregulatsioonid, mis v\u00f5ivad olla probleemiks kosmeetika ja tervisetoodete tutvustamisel. On kriitilise t\u00e4htsusega m\u00f5ista kasutustingimusi ja erinevaid juhiseid ning olla kursis nende viimaste versioonidega.<\/p>\n\t\t<p class=\"mgb-middle\">Lisaks, kuna kasutustingimused ja juhised on loodud vabatahtlikult, on oluline leida selles valdkonnas spetsialiseerunud \u00f5igusb\u00fcroo, nagu MONOLITH LAW OFFICE.<\/p>\n\n\n\n\t<\/div>\n<\/section>\n\n<section class=\"white-section\">\n\t<div class=\"anchor\" id=\"an-example-of-our-client\"><\/div>\n\t<div class=\"section-inner\">\n\t\t<h3>N\u00e4ide meie kliendist<\/h3>\n\t\t<ul class=\"layout-column4 mgb-middle\">\n\t\t\t<li>\n\t\t\t\t<div><img decoding=\"async\" src=\"\/wp-content\/themes\/monolith2021\/img\/clients\/logo_zizai.png\" alt=\"ZIZAI\"><\/div>\n\t\t\t\t<h4><a href=\"https:\/\/zizai.co.jp\/\" target=\"_blank\" rel=\"noopener noreferrer\">ZIZAI Inc.<\/a><\/h4>\n\t\t\t\t<p>Meie klient ZIZAI Inc. tegeleb VTuber\/virtuaalse YouTuberi Miraiakari ning pachinko\/sloti \u00f5ppevideote kanali Sulopachi Station juhtimisega, mille projektidega me tegeleme.<\/p>\n\t\t\t<\/li>\n\t\t\t<li>\n\t\t\t\t<div><img decoding=\"async\" src=\"\/wp-content\/themes\/monolith2021\/img\/clients\/logo_plott.png\" alt=\"Plott Inc.\"><\/div>\n\t\t\t\t<h4><a href=\"https:\/\/plott.tokyo\/\" target=\"_blank\" rel=\"noopener noreferrer\">Plott Inc.<\/a><\/h4>\n\t\t\t\t<p>Meie klient Plott Co., Ltd. haldab anime YouTube kanaleid nagu &#8220;Teikou Penguin&#8221;, &#8220;KAREKORE of MIXED BLOOD&#8221;, &#8220;Grim Reaper Flag Chan!&#8221; ja &#8220;Yaruminati&#8221;, mille projektidega me samuti tegeleme.<\/p>\n\t\t\t<\/li>\n\t\t\t<li>\n\t\t\t\t<div><img decoding=\"async\" src=\"\/wp-content\/themes\/monolith2021\/img\/clients\/logo_algorithm.png\" alt=\"Algorithm\"><\/div>\n\t\t\t\t<h4><a href=\"https:\/\/algorithms.co.jp\/\" target=\"_blank\" rel=\"noopenerrnoreferrer noopener\">Algorithm Inc.<\/a><\/h4>\n\t\t\t\t<p>Meie klient Algorithm Inc. tegeleb peamiselt affiliate meedia omandamise ja aktiveerimisega ning &#8220;feely&#8221; ja &#8220;tabiyori&#8221; veebimeedia opereerimisega, mille projektidega me tegeleme.<\/p>\n\t\t\t<\/li>\n\t\t\t<li>\n\t\t\t\t<div><img decoding=\"async\" src=\"\/wp-content\/themes\/monolith2021\/img\/clients\/logo_mediano.png\" alt=\"Mediano\"><\/div>\n\t\t\t\t<h4><a href=\"https:\/\/mediano-ltd.co.jp\/\" target=\"_blank\" rel=\"noopener noreferrer\">Mediano Co., Ltd.<\/a><\/h4>\n\t\t\t\t<p>Lisaks nutitelefoni rakendustele tegeleme projektidega Mediano Co., Ltd. jaoks, mille p\u00f5hitegevuseks on M&amp;A tehingud, mis realiseerivad m\u00f5lema poole tugevusi \u00e4ra kasutavat koost\u00f6\u00f6d ning samuti meedia sisu omandamist, mis on \u00fcleandmiseks planeeritud.<\/p>\n\t\t\t<\/li>\n\t\t<\/ul>\n\t\t<p class=\"txt-s\">*Lisaks vastutame paljude teiste klientide projektide eest. Avaldame ainult nende ettev\u00f5tete \u00e4ripartnerite teavet, kellel on luba avalikustada. Konfidentsiaalsuskohustuste t\u00f5ttu hoitakse fakti, et olete meie klient, rangelt konfidentsiaalsena.<\/p>\n\t<\/div>\n<\/section>\n\n<section class=\"white-section\">\n\t<div class=\"section-inner\">\n\t\t<div class=\"frame2 max-width860 txt-center-pc\">\n\t\t\t<p class=\"bold txt-l mgb-small\">Avaldamistegevus YouTuberi \/ VTuberi \u00f5igusk\u00fcsimustes<\/p>\n\t\t\t<p>YouTuberite\/VTuberite \u00f5igusk\u00fcsimused on v\u00e4ga spetsialiseeritud valdkond. Meie esindusadvokaat Toki Kawase tegeleb ka nende teemadega seotud avaldamistegevusega.<\/p>\n\t\t<\/div>\n\t<\/div>\n<\/section>\n<section class=\"orange-section\">\n\t<div class=\"anchor\" id=\"book-writing-records\"><\/div>\n\t<div class=\"section-inner\">\n\t\t<div class=\"flex reverse\">\n\t\t\t<div class=\"width41\"><img decoding=\"async\" src=\"\/wp-content\/uploads\/2022\/07\/it_law_book.jpg\" alt=\"Advokaadi avaldamistegevuse rekord, kes on tugev YouTube'i ja muude SNS-iga seotud \u00f5igusk\u00fcsimustes\"><\/div>\n\t\t\t<div class=\"width51\">\n\t\t\t\t<h3>Publikatsioonitegevus SNS-i \u00f5igusk\u00fcsimuste, sealhulgas YouTube&#8217;i ekspertadvokaadina<\/h3>\n\t\t\t\t<p>&#8220;IT-advokaat, r\u00e4\u00e4kige meile YouTube&#8217;i seadustest ja tingimustest&#8221; (Shodensha, 30. juuli 2022) on avaldatud, et selgitada YouTube&#8217;iga seotud m\u00e4\u00e4rusi ja tingimusi algajatele. K\u00fcsimuste ja vastuste vormis selgitab raamat, kuidas luua erinevaid lepinguid ja kontrollpunkte iga teema jaoks, alates M&amp;A eelduseks olevatest lepingutest kuni \u00e4ri\u00fclekande lepinguteni.<\/p>\n\t\t\t<\/div>\n\t\t<\/div>\n\t<\/div>\n<\/section>\n<section class=\"white-section\">\n\t<div class=\"anchor\" id=\"media-appearance-record\"><\/div>\n\t<div class=\"section-inner\">\n\t\t<div class=\"flex\">\n\t\t\t<div class=\"width41\"><img decoding=\"async\" src=\"\/wp-content\/themes\/monolith2021\/img\/practices-youtuberlaw\/practices-youtuberlaw_pic2.jpg\"><\/div>\n\t\t\t<div class=\"width51\">\n\t\t\t\t<h3>VTuberitega seotud k\u00fclalisesinemine saates &#8220;ABEMA Prime&#8221;<\/h3>\n\t\t\t\t<p>Saates &#8220;ABEMA Prime&#8221;, mis eetris oli 16. veebruaril ja 20. mail 2022, kommenteeris meie esindusadvokaat Toki Kawase VTuberite privaatsuse ja internetis furoori tekitavate m\u00f5jutajate vastuolulisi k\u00fcsimusi.<\/p>\n\t\t\t<\/div>\n\t\t<\/div>\n\t<\/div>\n<\/section>\n\n<section class=\"purple2-section\">\n\t<div class=\"anchor\" id=\"monolith-law-magazine\"><\/div>\n\t<div class=\"section-inner\">\n\t\t    <section class=\"white-section temp-article\">\n        <div class=\"section-inner\">\n            <h4>MONOLITH LAW MAGAZINE<\/h4>\n            <div class=\"articles type_practice_column\">\n                                                                    <div class=\"article article-area\">\n                        <figure>\n                            <div class=\"img-wrap\">\n                                <img alt=\"Virtuaalsete YouTuberite\/VTuberite ostmine ja \u00e4ritegevuse \u00fcleandmine\" src=\"https:\/\/monolith.law\/et\/wp-content\/uploads\/sites\/36\/2023\/12\/youtuber-vtubervirtual-youtuber-ma-1.jpg\" width=\"500\" height=\"250\">\n                            <\/div>\n                            <figcaption>\n                                <div class=\"figcaption-inner\">\n                                    <h3>Virtuaalsete YouTuberite\/VTuberite ostmine ja \u00e4ritegevuse \u00fcleandmine<\/h3>\n                                <\/div>\n                            <\/figcaption>\n                            <a href=\"https:\/\/monolith.law\/et\/internet\/virtual-youtuber-ma\"><\/a>\n                        <\/figure>\n                    <\/div>\n                                                    <div class=\"article article-area\">\n                        <figure>\n                            <div class=\"img-wrap\">\n                                <img alt=\"YouTuberi \u00e4ri\u00fcleandmine ja \u00fcleandmisej\u00e4rgse juhtimislepingu lepingud\" src=\"https:\/\/monolith.law\/et\/wp-content\/uploads\/sites\/36\/2024\/06\/youtuber-business-transfer-Management-contract-i.webp\" width=\"500\" height=\"250\">\n                            <\/div>\n                            <figcaption>\n                                <div class=\"figcaption-inner\">\n                                    <h3>YouTuberi \u00e4ri\u00fcleandmine ja \u00fcleandmisej\u00e4rgse juhtimislepingu lepingud<\/h3>\n                                <\/div>\n                            <\/figcaption>\n                            <a href=\"https:\/\/monolith.law\/et\/internet\/youtuber-business-transfer-management-contract\"><\/a>\n                        <\/figure>\n                    <\/div>\n                                            <\/div>\n            <div class=\"btn-more\"><a href=\"https:\/\/monolith.law\/et\/tag\/m-and-a-of-sns-accounts\">Read More<\/a><\/div>\n        <\/div>\n    <\/section>\n\t<\/div>\n<\/section>\n\n<section class=\"orange2-section\">\n\t<div class=\"anchor\" id=\"fee-structure\"><\/div>\n\t<div class=\"section-inner\">\n\t<div class=\"planWrap\">\n\t<h3>Tasustamisstruktuur<\/h3>\n\t<ul class=\"plan\">\n\t\t<li class=\"txt-left\">\n\t\t\t<div class=\"plan-inner\">\n\t\t\t<div class=\"plan-header\">\n\t\t\t<h4 class=\"plan-title\">Tunnitasu<\/h4>\n\t\t\t<div class=\"plan-price\"><span class=\"price-figure\">$300<\/span>tunnis<span class=\"price-tax\"><\/span><\/div>\n\t\t\t<\/div>\n\t\t\t<div class=\"plan-body\">Teatud juhtudel v\u00f5ime kaaluda vaidluse v\u00f5i kohtuasja vastuv\u00f5tmist algse tasu ja tulemustasu alusel. T\u00e4psema teabe saamiseks v\u00f5tke meiega julgelt \u00fchendust.<\/div>\n\t\t\t<\/div>\n\t\t<\/li>\n\t\t<li class=\"txt-left\">\n\t\t\t<div class=\"plan-inner\">\n\t\t\t<div class=\"plan-header\">\n\t\t\t<h4 class=\"plan-title\">Lepingute koostamine<\/h4>\n\t\t\t<div class=\"plan-price\"><span class=\"price-value\">alates<\/span><span class=\"price-figure\">$500<\/span><span class=\"price-value\">kuni $2,000 v\u00f5i rohkem<\/span><span class=\"price-tax\"><\/span><\/div>\n\t\t\t<\/div>\n\t\t\t<div class=\"plan-body\">Hinnastamisstruktuur v\u00f5ib varieeruda s\u00f5ltuvalt lepingute t\u00fc\u00fcbist ja mahust. Meil on hea meel pakkuda esialgset hinnangut p\u00e4ringu alusel, mist\u00f5ttu julgustame teid meiega \u00fchendust v\u00f5tma t\u00e4iendava teabe saamiseks.<\/div>\n\t\t\t<\/div>\n\t\t<\/li>\n\t\t<li class=\"txt-left\">\n\t\t\t<div class=\"plan-inner\">\n\t\t\t<div class=\"plan-header\">\n\t\t\t<h4 class=\"plan-title\">Muud teenused<\/h4>\n\t\t\t<div class=\"plan-price\"><span class=\"price-figure\">V\u00f5tke meiega \u00fchendust<\/span><\/div>\n\t\t\t<\/div>\n\t\t\t<div class=\"plan-body\">Pakume laia valikut teenuseid, sealhulgas ettev\u00f5tte asutamine, lepingute \u00fclevaatus, \u00f5igusarvamused, juhtumite \u00fclevaade v\u00f5i uurimiskirjad. Kui teil on k\u00fcsimusi v\u00f5i muresid, kutsume teid s\u00fcdamest meiega \u00fchendust v\u00f5tma ja meie asjatundlik meeskond on teile meeleldi abiks.<\/div>\n\t\t\t<\/div>\n\t\t\t<\/div>\n\t\t<\/li>\n\t<\/ul>\n\t<\/div>\n\t<\/div>\n<\/section>\n\n<section class=\"white-section\">\n\t<div class=\"section-inner\">\n\t\t<div class=\"btn-area\">\n\t\t\t<div class=\"btn icon-contact\"><a href=\"\/et\/contact\">V\u00f5tke meiega \u00fchendust<\/a><\/div>\n\t\t<\/div>\n\t<\/div>\n<\/section>\n","protected":false},"excerpt":{"rendered":"<p>SNS-i kontode M&amp;A YouTube&#8217;i kanalite ja Twitteri kontode M&amp;A on k\u00f5rgelt spetsialiseeritud valdkond, mis n\u00f5uab eriteadmisi ja oskusteavet. Kuna meie \u00f5igusb\u00fcroos t\u00f6\u00f6tavad IT, interneti ja  [&hellip;]<\/p>\n","protected":false},"author":1,"featured_media":57173,"parent":0,"menu_order":7,"comment_status":"closed","ping_status":"closed","template":"other-page-temp.php","meta":{"footnotes":""},"acf":[],"_links":{"self":[{"href":"https:\/\/monolith.law\/et\/wp-json\/wp\/v2\/pages\/31513"}],"collection":[{"href":"https:\/\/monolith.law\/et\/wp-json\/wp\/v2\/pages"}],"about":[{"href":"https:\/\/monolith.law\/et\/wp-json\/wp\/v2\/types\/page"}],"author":[{"embeddable":true,"href":"https:\/\/monolith.law\/et\/wp-json\/wp\/v2\/users\/1"}],"replies":[{"embeddable":true,"href":"https:\/\/monolith.law\/et\/wp-json\/wp\/v2\/comments?post=31513"}],"version-history":[{"count":67,"href":"https:\/\/monolith.law\/et\/wp-json\/wp\/v2\/pages\/31513\/revisions"}],"predecessor-version":[{"id":64234,"href":"https:\/\/monolith.law\/et\/wp-json\/wp\/v2\/pages\/31513\/revisions\/64234"}],"wp:featuredmedia":[{"embeddable":true,"href":"https:\/\/monolith.law\/et\/wp-json\/wp\/v2\/media\/57173"}],"wp:attachment":[{"href":"https:\/\/monolith.law\/et\/wp-json\/wp\/v2\/media?parent=31513"}],"curies":[{"name":"wp","href":"https:\/\/api.w.org\/{rel}","templated":true}]}}