{"id":31896,"date":"2023-11-06T23:00:19","date_gmt":"2023-11-06T14:00:19","guid":{"rendered":"https:\/\/monolith.law\/?page_id=31896"},"modified":"2024-04-30T16:24:33","modified_gmt":"2024-04-30T07:24:33","slug":"cybercrime","status":"publish","type":"page","link":"https:\/\/monolith.law\/et\/cybercrime","title":{"rendered":"K\u00fcberkuritegevus"},"content":{"rendered":"\n<section class=\"heading-area\">\n\t<div class=\"heading-area-inner\">\n\t\t<h2 class=\"icon-cybercrime\">K\u00fcberkuritegevus<\/h2>\n\t\t<p>K\u00fcberkuritegevus on t\u00e4nase \u00fchiskonna t\u00f5sine probleem ja ettev\u00f5tetel on kriitilise t\u00e4htsusega v\u00f5tta asjakohaseid meetmeid, kui nad on selliste kuritegude ohvriks langenud. Meie b\u00fcroo, kus t\u00f6\u00f6tavad nii \u00f5igusalaste teadmiste kui ka IT-alase asjatundlikkusega juristid, aktiivsed IT-insenerid ja IT-konsultandid, suudab pakkuda ettev\u00f5tte konkreetsele olukorrale kohandatud t\u00e4pseid n\u00f5uandeid ja abistada kriminaalmenetluse algatamisel.<\/p>\n\t<\/div>\n<\/section>\n\n<section class=\"white-section\">\n\t<div class=\"section-inner pdt0  border-bottom-section\">\n\t\t<p>Jaapani kriminaalmenetlusega h\u00e4sti kursis olevate ekspertide kaasamine on efektiivne, et kiirendada uurimist ja vahistamist Jaapani politsei poolt juhtudel, mis h\u00f5lmavad lubamata juurdep\u00e4\u00e4su Jaapanis. IT-keskse \u00f5igusb\u00fcroona pakume \u00f5igusabi ettev\u00f5tetele, kes on k\u00fcberkuritegude, nagu lubamata juurdep\u00e4\u00e4s ja ebaseaduslik andmete v\u00e4ljav\u00f5tmine, ohvriks langenud, sealhulgas abi kriminaalkaebuste esitamisel ja raportite koostamisel kriminaaluurimise algatamiseks.<\/p>\n\t<\/div>\n<\/section>\n\n<section class=\"second-nav\">\n\t<div class=\"second-nav-inner\">\n\t\t<p>TEEMAD<\/p>\n\t\t<nav>\n\t\t\t<ul>\n\t\t\t\t<li><a href=\"#specialized-expertise-in-cybersecurity\">Spetsialiseeritud oskusteave k\u00fcberjulgeolekus<\/a><\/li>\n\t\t\t\t<li><a href=\"#the-need-for-addressing-cybercrime\">Vajadus k\u00fcberkuritegevusega tegelemiseks<\/a><\/li>\n\t\t\t\t<li><a href=\"#the-challenges-of-criminal-prosecution-in-cybercrime-cases\">Kriminaalmenetluse v\u00e4ljakutsed k\u00fcberkuritegevuse juhtumites<\/a><\/li>\n\t\t\t\t<li><a href=\"#synergy-of-lawyers-and-it-consultants\">Juristide ja IT-konsultantide koost\u00f6\u00f6<\/a><\/li>\n\t\t\t\t<li><a href=\"#monolith-law-magazine\">MONOLITH LAW MAGAZINE<\/a><\/li>\n\t\t\t\t<li><a href=\"#fee-structure\">Tasustruktuur<\/a><\/li>\n\t\t\t<\/ul>\n\t\t<\/nav>\n\t<\/div>\n<\/section>\n\n<section class=\"white-section\">\n\t<div class=\"anchor\" id=\"specialized-expertise-in-cybersecurity\"><\/div>\n\t<div class=\"section-inner pdb0\">\n\t\t<h3>Erialane p\u00e4devus k\u00fcberturvalisuses<\/h3>\n\t\t<div class=\"max-width980 mgb-small\"><img decoding=\"async\" src=\"\/wp-content\/themes\/monolith2021\/img\/dispute\/dispute_member.jpg\" alt=\"Erialane p\u00e4devus k\u00fcberturvalisuses\"><\/div>\n\t\t<div class=\"frame2 max-width860 txt-center-pc\">\n\t\t\t<p class=\"bold txt-l\">MONOLITH LAW OFFICE pakub erialast p\u00e4devust IT-\u00f5iguses, mida juhib esindusadvokaat, kellel on taust endise IT-inseneri ja juhina. Firma koosneb 30 advokaadist, Kenji Shinjo (n\u00f5ustaja), endine prokur\u00f6r Tokyo k\u00f5rgemas prokuratuuris, ja meeskonnast 16 IT-konsultanti. Pakume lahendusi keerukate k\u00fcberturvalisusega seotud vaidluste lahendamiseks, kasutades meie meeskonna s\u00fcgavaid teadmisi ja kogemusi IT-\u00f5iguses.<\/p>\n\t\t<\/div>\n\t<\/div>\n<\/section>\n\n<section class=\"orange-section mgt-section\">\n\t<div class=\"anchor\" id=\"the-need-for-addressing-cybercrime\"><\/div>\n\t<div class=\"section-inner\">\n\t\t<div class=\"flex\">\n\t\t\t<div class=\"width41\"><img decoding=\"async\" src=\"\/wp-content\/uploads\/2023\/05\/dispute_pic2.jpg\" alt=\"Vajadus tegeleda k\u00fcbrikuritegevusega\"><\/div>\n\t\t\t<div class=\"width51\">\n\t\t\t\t<h3>K\u00fcberkuritegevusega tegelemise vajadus<\/h3>\n\t\t\t\t<p class=\"mgb-small\">Kaasaegses maailmas kujutab k\u00fcberkuritegevus \u00fcha suurenevat ohtu. K\u00fcberkuritegude hulka kuuluvad volitamata juurdep\u00e4\u00e4s, ebaseaduslik andmete v\u00e4ljav\u00f5tmine, r\u00e4mpspost, \u00f5ngitsusskeemid ja pahavarar\u00fcnnakud.<\/p>\n\t\t\t\t<p class=\"mgb-small\">Volitamata juurdep\u00e4\u00e4s t\u00e4hendab arvutis\u00fcsteemi sissetungimist eesm\u00e4rgiga varastada v\u00f5i andmeid muuta. Ettev\u00f5tete jaoks v\u00f5ib see kaasa tuua konfidentsiaalse teabe varguse v\u00f5i s\u00fcsteemih\u00e4ired, mis viivad tootlikkuse languseni. Ebaseaduslik andmete v\u00e4ljav\u00f5tmine h\u00f5lmab tundliku ettev\u00f5tteinfo lekkimist v\u00e4listele allikatele. See v\u00f5ib juhtuda, kui t\u00f6\u00f6tajad, olles siseringi isikud, viivad konfidentsiaalset teavet ettev\u00f5ttest v\u00e4lja v\u00f5i kui v\u00e4lish\u00e4kkerid saavad volitamata juurdep\u00e4\u00e4su teabe varastamiseks.<\/p>\n\t\t\t\t<p>Need k\u00fcberkuriteod p\u00f5hjustavad ettev\u00f5tetele olulist kahju, nagu andmelekked ja \u00e4ritegevuse katkestused, ning \u00f5\u00f5nestavad ettev\u00f5tte sotsiaalset usaldusv\u00e4\u00e4rsust isikuandmete lekke kaudu. K\u00fcberkuritegevusega tegelemiseks on h\u00e4davajalik rakendada \u00f5iguslikke meetmeid, et kaitsta nii ettev\u00f5tete kui ka \u00fcksikisikute turvalisust.<\/p>\n\t\t\t<\/div>\n\t\t<\/div>\n\t<\/div>\n<\/section>\n\n<section class=\"white-section\">\n\t<div class=\"anchor\" id=\"the-challenges-of-criminal-prosecution-in-cybercrime-cases\"><\/div>\n\t<div class=\"section-inner\">\n\t\t<div class=\"flex reverse\">\n\t\t\t<div class=\"width41\"><img decoding=\"async\" src=\"\/wp-content\/uploads\/2023\/05\/dispute_pic2-1.jpg\" alt=\"K\u00fcberkuritegevuse juhtumite kriminaalmenetluse v\u00e4ljakutsed\"><\/div>\n\t\t\t<div class=\"width51\">\n\t\t\t\t<h3>K\u00fcberkuritegude kriminaalmenetluse v\u00e4ljakutsed<\/h3>\n\t\t\t\t<p class=\"mgb-small\">Kui isik muutub k\u00fcberkuriteo ohvriks ja teatab juhtunust politseile, eeldatakse \u00fcldiselt, et politsei viib l\u00e4bi uurimise, tuvastab toimepanija ning j\u00e4tkab vahistamiste ja s\u00fc\u00fcdistuste esitamisega. See on &#8220;tavalise kodaniku arusaam&#8221;. Kahjuks on Jaapanis majanduskuritegude puhul, mis ei kujuta endast ohtu inimese elule v\u00f5i f\u00fc\u00fcsilisele heaolule, eriti k\u00fcberkuritegude korral, politsei uurimisressursid praktikas piiratud. Ilma ohvri p\u00f5hjaliku uurimiseta ja ulatusliku dokumentatsiooni, nagu &#8220;intsidendi aruanded&#8221;, koostamiseta on politsei uurimist\u00f6\u00f6 t\u00f5husaks k\u00e4ivitamiseks keeruline.<\/p>\n\t\t\t\t<p class=\"mgb-small\">Fotol paremal on n\u00e4ha dokumentide hulk, mille meie \u00f5igusb\u00fcroo MONOLITH LAW OFFICE on koostanud konkreetse k\u00fcberkuriteo juhtumi puhul, et saavutada kurjategija tegelik vahistamine ja s\u00fc\u00fcdim\u00f5istmine. Isegi p\u00e4rast kriminaalkaebuse v\u00f5i ohvriks langemise raporti esitamist peab ohver j\u00e4tkuvalt looma ja esitama politsei n\u00f5udmisel erinevaid \u00fcksikasjalikke materjale. Uurimiste ja vahistamiste h\u00f5lbustamiseks tuleb ette valmistada ja esitada m\u00e4rkimisv\u00e4\u00e4rne hulk dokumentatsiooni.<\/p>\n\t\t\t\t<p>K\u00fcberkuritegude ohvrite kriminaalmenetluse toetamine n\u00f5uab \u00f5igusb\u00fcroolt, nagu MONOLITH LAW OFFICE, k\u00f5rgetasemelist ekspertiisi ja organisatsioonilisi v\u00f5imeid.<\/p>\n\t\t\t<\/div>\n\t\t<\/div>\n\t<\/div>\n<\/section>\n\n<section class=\"purple-section\">\n\t<div class=\"anchor\" id=\"synergy-of-lawyers-and-it-consultants\"><\/div>\n\t<div class=\"section-inner\">\n\t\t<div class=\"flex reverse\">\n\t\t\t<div class=\"width51\">\n\t\t\t\t<h3>Advokaatide ja IT-konsultantide koost\u00f6\u00f6<\/h3>\n\t\t\t\t<p class=\"mgb-small\">Selleks, et t\u00f5husalt teavitada politseid k\u00fcberkuritegudest tulenevate kahjude ulatusest ja esitada teavet, mis v\u00f5ib viia s\u00fc\u00fcdlasteni, on h\u00e4davajalik kombineerida arenenud IT-teadmisi ja \u00f5igusanal\u00fc\u00fcsi. N\u00e4iteks volitamata juurdep\u00e4\u00e4su korral on vajalik t\u00f5lgendada logisid platvormidelt nagu Apache, tuvastada probleemne juurdep\u00e4\u00e4s ja hinnata selle \u00f5iguslikke tagaj\u00e4rgi, et selgitada, miks see kvalifitseerub &#8220;volitamata&#8221; juurdep\u00e4\u00e4suna. Need leiud tuleb esitada loogiliselt koherentse dokumendina.<\/p>\n\t\t\t\t<p class=\"mgb-small\">Selle saavutamiseks on asendamatud IT-inseneridele v\u00f5rdv\u00e4\u00e4rne ekspertiis ja spetsialiseeritud teadmised IT-\u00f5igusest.<\/p>\n\t\t\t\t<p>Meie \u00f5igusb\u00fcroo MONOLITH LAW OFFICE koosneb 30 advokaadist, keda juhib esindusadvokaat Toki Kawase, kes on endine IT-insener, kellel on kogemusi veebip\u00f5histes ettev\u00f5tetes, ning meeskonnast, kuhu kuulub 16 IT-konsultanti ja 85 t\u00f6\u00f6tajat. Sellise organisatsioonilise struktuuriga oleme ainulaadselt positsioneeritud, et pakkuda terviklikke \u00fche peatuse lahendusi.<\/p>\n\t\t\t<\/div>\n\t\t\t<div class=\"width41\"><img decoding=\"async\" src=\"\/wp-content\/themes\/monolith_en\/img\/operationofofmedia\/operationofofmedia_pic5.svg\" alt=\"Advokaatide ja IT-konsultantide s\u00fcnergia\"><\/div>\n\t\t<\/div>\n\t<\/div>\n<\/section>\n\n<section class=\"purple2-section\">\n\t<div class=\"anchor\" id=\"monolith-law-magazine\"><\/div>\n\t<div class=\"section-inner\">\n\t\t    <section class=\"white-section temp-article\">\n        <div class=\"section-inner\">\n            <h4>MONOLITH LAW MAGAZINE<\/h4>\n            <div class=\"articles type_practice_column\">\n                                                                    <div class=\"article article-area\">\n                        <figure>\n                            <div class=\"img-wrap\">\n                                <img alt=\"Kas ekraanipiltide tegemine rikub autori\u00f5igusi? Selgitame ka postitaja tuvastamist ja kustutamise meetodeid\" src=\"https:\/\/monolith.law\/et\/wp-content\/uploads\/sites\/36\/2024\/11\/30375485_m-1024x683-1.webp\" width=\"500\" height=\"250\">\n                            <\/div>\n                            <figcaption>\n                                <div class=\"figcaption-inner\">\n                                    <h3>Kas ekraanipiltide tegemine rikub autori\u00f5igusi? Selgitame ka postitaja tuvastami.<\/h3>\n                                <\/div>\n                            <\/figcaption>\n                            <a href=\"https:\/\/monolith.law\/et\/it\/screenshots-copyright\"><\/a>\n                        <\/figure>\n                    <\/div>\n                                                    <div class=\"article article-area\">\n                        <figure>\n                            <div class=\"img-wrap\">\n                                <img alt=\"Kiirteade: Jaapani \u4ee4\u548c5\u5e74 (2023) aastal ebaseaduslike juurdep\u00e4\u00e4sude tuvastamise juhtumite arv kolmekordistus aastaga\" src=\"https:\/\/monolith.law\/et\/wp-content\/uploads\/sites\/36\/2024\/07\/Shutterstock_2236181323.webp\" width=\"500\" height=\"250\">\n                            <\/div>\n                            <figcaption>\n                                <div class=\"figcaption-inner\">\n                                    <h3>Kiirteade: Jaapani \u4ee4\u548c5\u5e74 (2023) aastal ebaseaduslike juurdep\u00e4\u00e4sude tuvastamise ju.<\/h3>\n                                <\/div>\n                            <\/figcaption>\n                            <a href=\"https:\/\/monolith.law\/et\/it\/unauthorized-access-statistics-2023\"><\/a>\n                        <\/figure>\n                    <\/div>\n                                                    <div class=\"article article-area\">\n                        <figure>\n                            <div class=\"img-wrap\">\n                                <img alt=\"Advokaat selgitab ebaseadusliku juurdep\u00e4\u00e4su keelustava seaduse (Jaapani ebaseadusliku juurdep\u00e4\u00e4su keelustamise seadus) poolt keelatud tegevusi ja n\u00e4iteid\" src=\"https:\/\/monolith.law\/et\/wp-content\/uploads\/sites\/36\/2024\/06\/shutterstock_772039471-1024x683-1.webp\" width=\"500\" height=\"250\">\n                            <\/div>\n                            <figcaption>\n                                <div class=\"figcaption-inner\">\n                                    <h3>Advokaat selgitab ebaseadusliku juurdep\u00e4\u00e4su keelustava seaduse (Jaapani ebaseadu.<\/h3>\n                                <\/div>\n                            <\/figcaption>\n                            <a href=\"https:\/\/monolith.law\/et\/it\/injustice-access-law\"><\/a>\n                        <\/figure>\n                    <\/div>\n                                            <\/div>\n            <div class=\"btn-more\"><a href=\"https:\/\/monolith.law\/et\/tag\/cybercrime\">Read More<\/a><\/div>\n        <\/div>\n    <\/section>\n\t<\/div>\n<\/section>\n\n<section class=\"orange2-section\">\n\t<div class=\"anchor\" id=\"fee-structure\"><\/div>\n\t<div class=\"section-inner\">\n\t<div class=\"planWrap\">\n\t<h3>Tasustamise struktuur<\/h3>\n\t<ul class=\"plan\">\n\t\t<li class=\"txt-left\">\n\t\t\t<div class=\"plan-inner\">\n\t\t\t<div class=\"plan-header\">\n\t\t\t<h4 class=\"plan-title\">Tunnitasu<\/h4>\n\t\t\t<div class=\"plan-price\"><span class=\"price-figure\">$300<\/span>tunnis<span class=\"price-tax\"><\/span><\/div>\n\t\t\t<\/div>\n\t\t\t<div class=\"plan-body\">Teatud juhtudel v\u00f5ime kaaluda vaidluse v\u00f5i kohtuasja vastuv\u00f5tmist algse tasu ja edukustasu alusel. Lisateabe saamiseks v\u00f5tke meiega julgelt \u00fchendust.<\/div>\n\t\t\t<\/div>\n\t\t<\/li>\n\t\t<li class=\"txt-left\">\n\t\t\t<div class=\"plan-inner\">\n\t\t\t<div class=\"plan-header\">\n\t\t\t<h4 class=\"plan-title\">Lepingute koostamine<\/h4>\n\t\t\t<div class=\"plan-price\"><span class=\"price-value\">alates<\/span><span class=\"price-figure\">$500<\/span><span class=\"price-value\">kuni $2,000 v\u00f5i rohkem<\/span><span class=\"price-tax\"><\/span><\/div>\n\t\t\t<\/div>\n\t\t\t<div class=\"plan-body\">Hinnastamise struktuur v\u00f5ib varieeruda s\u00f5ltuvalt lepingute t\u00fc\u00fcbist ja mahust. Meil on hea meel pakkuda esialgset hinnangut p\u00e4ringu alusel, seega kutsume teid \u00fcles meiega \u00fchendust v\u00f5tma t\u00e4iendavate \u00fcksikasjade saamiseks.<\/div>\n\t\t\t<\/div>\n\t\t<\/li>\n\t\t<li class=\"txt-left\">\n\t\t\t<div class=\"plan-inner\">\n\t\t\t<div class=\"plan-header\">\n\t\t\t<h4 class=\"plan-title\">Muud teenused<\/h4>\n\t\t\t<div class=\"plan-price\"><span class=\"price-figure\">V\u00f5tke meiega \u00fchendust<\/span><\/div>\n\t\t\t<\/div>\n\t\t\t<div class=\"plan-body\">Pakume laia valikut teenuseid, sealhulgas ettev\u00f5tte asutamine, lepingute \u00fclevaatus, \u00f5igusarvamused, juhtumite \u00fclevaade v\u00f5i uurimiskirjad. Kui teil on k\u00fcsimusi v\u00f5i muresid, kutsume teid s\u00fcdamest \u00fchendust v\u00f5tma ja meie asjatundlik meeskond on r\u00f5\u00f5muga valmis teid aitama.<\/div>\n\t\t\t<\/div>\n\t\t\t<\/div>\n\t\t<\/li>\n\t<\/ul>\n\t<\/div>\n\t<\/div>\n<\/section>\n\n<section class=\"white-section\">\n\t<div class=\"section-inner\">\n\t\t<div class=\"btn-area\">\n\t\t\t<div class=\"btn icon-contact\"><a href=\"\/et\/contact\">V\u00f5tke meiega \u00fchendust<\/a><\/div>\n\t\t<\/div>\n\t<\/div>\n<\/section>\n","protected":false},"excerpt":{"rendered":"<p>K\u00fcberkuritegevus K\u00fcberkuritegevus on t\u00e4nase \u00fchiskonna t\u00f5sine probleem ja ettev\u00f5tetel on kriitilise t\u00e4htsusega v\u00f5tta asjakohaseid meetmeid, kui nad on selliste kuritegude ohvriks langenud. Meie b\u00fcroo,  [&hellip;]<\/p>\n","protected":false},"author":1,"featured_media":57158,"parent":0,"menu_order":7,"comment_status":"closed","ping_status":"closed","template":"other-page-temp.php","meta":{"footnotes":""},"acf":[],"_links":{"self":[{"href":"https:\/\/monolith.law\/et\/wp-json\/wp\/v2\/pages\/31896"}],"collection":[{"href":"https:\/\/monolith.law\/et\/wp-json\/wp\/v2\/pages"}],"about":[{"href":"https:\/\/monolith.law\/et\/wp-json\/wp\/v2\/types\/page"}],"author":[{"embeddable":true,"href":"https:\/\/monolith.law\/et\/wp-json\/wp\/v2\/users\/1"}],"replies":[{"embeddable":true,"href":"https:\/\/monolith.law\/et\/wp-json\/wp\/v2\/comments?post=31896"}],"version-history":[{"count":22,"href":"https:\/\/monolith.law\/et\/wp-json\/wp\/v2\/pages\/31896\/revisions"}],"predecessor-version":[{"id":64230,"href":"https:\/\/monolith.law\/et\/wp-json\/wp\/v2\/pages\/31896\/revisions\/64230"}],"wp:featuredmedia":[{"embeddable":true,"href":"https:\/\/monolith.law\/et\/wp-json\/wp\/v2\/media\/57158"}],"wp:attachment":[{"href":"https:\/\/monolith.law\/et\/wp-json\/wp\/v2\/media?parent=31896"}],"curies":[{"name":"wp","href":"https:\/\/api.w.org\/{rel}","templated":true}]}}