{"id":32193,"date":"2023-11-06T23:20:51","date_gmt":"2023-11-06T14:20:51","guid":{"rendered":"https:\/\/monolith.law\/?page_id=32193"},"modified":"2024-04-30T16:22:30","modified_gmt":"2024-04-30T07:22:30","slug":"terms-of-use","status":"publish","type":"page","link":"https:\/\/monolith.law\/et\/terms-of-use","title":{"rendered":"Kasutustingimused"},"content":{"rendered":"\n<section class=\"heading-area\">\n\t<div class=\"heading-area-inner\">\n\t\t<h2 class=\"icon-terms-of-use\">Kasutustingimused<\/h2>\n\t\t<p>MONOLITH LAW OFFICE tegeleb erinevate Jaapani rakenduste, teenuste ja m\u00e4ngude kasutustingimuste ning privaatsuspoliitikate loomise ja \u00fclevaatamisega. Lisaks v\u00f5ime \u00fcle vaadata teie vastava rakenduse arendamiseks vajalikud n\u00f5uded, Adobe XD raamistikud, maandumislehed, potentsiaalsetele klientidele m\u00f5eldud m\u00fc\u00fcgimaterjalid ja muud olemasolevad dokumendid ning andmed.<\/p>\n\t<\/div>\n<\/section>\n\n<section class=\"white-section\">\n\t<div class=\"section-inner pdt0  border-bottom-section\">\n\t\t<p class=\"mgb-small\">MONOLITH LAW OFFICE&#8217;is tegeleme erinevate kasutustingimuste, privaatsuspoliitikate ja muude vajalike lepingute loomise, muutmise ja \u00fclevaatamisega, j\u00e4rgides Jaapani kehtivaid seadusi ja m\u00e4\u00e4rusi. Oleme spetsialiseerunud \u00f5igusabi pakkumisele rakenduste, teenuste, m\u00e4ngude ja teiste digitaalsete platvormide jaoks.<\/p>\n\t\t<p class=\"mgb-small\">T\u00f6\u00f6tame teie olemasolevate materjalide ja andmetega, nagu n\u00f5uete definitsioonid, Adobe XD abil loodud raamistikud, maandumislehed ja m\u00fc\u00fcgimaterjalid, mis on suunatud tulevastele klientidele. Meie meeskond suudab neid materjale m\u00f5ista ja anal\u00fc\u00fcsida, et tagada \u00f5igusn\u00f5uetele vastavus ja pakkuda v\u00e4\u00e4rtuslikke teadmisi.<\/p>\n\t\t<p>V\u00f5tke meiega julgelt \u00fchendust, kui vajate abi oma kasutustingimuste, privaatsuspoliitikate v\u00f5i muude \u00f5igusdokumentide koostamisel v\u00f5i ajakohastamisel, mis on vajalikud teie rakenduse v\u00f5i digiteenuse k\u00e4ivitamiseks ja toimimiseks.<\/p>\n\t<\/div>\n<\/section>\n\n<section class=\"second-nav\">\n\t<div class=\"second-nav-inner\">\n\t\t<p>TEEMAD<\/p>\n\t\t<nav>\n\t\t\t<ul>\n\t\t\t\t<li><a href=\"#apps-web-services-and-digital-platforms\">Rakendused, veebiteenused ja digitaalsed platvormid<\/a><\/li>\n\t\t\t\t<li><a href=\"#games\">M\u00e4ngud<\/a><\/li>\n\t\t\t\t<li><a href=\"#publication-of-books-on-legal-matters-related-to-it\">IT-ga seotud \u00f5igusalaste raamatute avaldamine<\/a><\/li>\n\t\t\t\t<li><a href=\"#crypto-asset-and-blockchain\">Kr\u00fcptovarad ja plokiahel<\/a><\/li>\n\t\t\t\t<li><a href=\"#medical-Apps-etc\">Meditsiinirakendused jms<\/a><\/li>\n\t\t\t\t<li><a href=\"#drafting-with-minimal-operating-time\">Minimaalse t\u00f6\u00f6ajaga dokumentide koostamine<\/a><\/li>\n\t\t\t\t<li><a href=\"#some-examples-of-our-clients-and-the-products\">M\u00f5ned n\u00e4ited meie klientidest ja nende toodetest<\/a><\/li>\n\t\t\t\t<li><a href=\"#monolith-law-magazine\">MONOLITH LAW MAGAZINE<\/a><\/li>\n\t\t\t\t<li><a href=\"#fee-structure\">Tasustruktuur<\/a><\/li>\n\t\t\t<\/ul>\n\t\t<\/nav>\n\t<\/div>\n<\/section>\n\n<section class=\"white-section mgt-section mgb-section80\">\n\t<div class=\"anchor\" id=\"apps-web-services-and-digital-platforms\"><\/div>\n\t<div class=\"section-inner-black\">\n\t\t<h3>Rakendused, veebiteenused ja digitaalsed platvormid<\/h3>\n\t\t<p class=\"mgb-middle\">Meil on ulatuslik kogemus rakenduste, veebiteenuste ja digitaalsete platvormidega seotud kasutustingimuste, privaatsuspoliitikate ja muude \u00f5igusdokumentide loomisel ning muutmisel. Samuti pakume konsultatsiooniteenuseid, et aidata veebiteenuste ja rakenduste seaduslikul toimimisel vastavalt kehtivatele regulatsioonidele.<\/p>\n\t\t<h4 class=\"mgb-small\">Siin on m\u00f5ned n\u00e4ited meie saavutustest<\/h4>\n\t\t<p class=\"mgb-middle\">BGM ja heliefektide levitamise teenused, taustamuusika esitus\u00e4pid, B2B-le suunatud SaaS-p\u00f5hised h\u00e4\u00e4letuvastusteenused, otsetarbijatele suunatud e-kaubanduse saidid, EC platvormid, andmete integreerimist h\u00f5lbustavad teenused SaaS platvormide vahel, SaaS pakkujate integreerimisteenused, artistide platvormid, m\u00fc\u00fcgitoetuse t\u00f6\u00f6riistad, isiklike finantside haldamise \u00e4pid, t\u00f6\u00f6alased veebiteenused ja t\u00f6\u00f6otsingu platvormid, pilvep\u00f5hised kuluhaldusteenused, pilvep\u00f5hised kohaloleku haldusteenused, pilvep\u00f5hised reisikulude h\u00fcvitamise teenused, toidulisandite m\u00fc\u00fcgiteenused, poliitikaga seotud sotsiaalv\u00f5rgustiku teenused, taksode tellimise \u00e4pid, andmeanal\u00fc\u00fcsi allhangeteenused, videop\u00f5hised sotsiaalv\u00f5rgustiku teenused, \u00e4risuunaga sotsiaalv\u00f5rgustiku platvormid, \u00e4ripartnerite leidmise veebisaidid, haiglaaegade broneerimise platvormid, programmeerimiskoolid, plokiahela-p\u00f5hised sotsiaalv\u00f5rgustiku teenused, plokiahela-p\u00f5hised reklaamiv\u00f5rgustikud, viiteteenused, reisikonsultatsiooniteenused, ohutuskinnitusteenused, meditsiiniinfo v\u00f5rgustikus\u00fcsteemid, kr\u00fcptovaluutavahetused (v\u00e4lismaal), ortodontiakliinikute andmebaasi veebisaidid, puuetega inimeste toetusteenused, pilvep\u00f5hised teenused uute l\u00f5petajate v\u00e4rbamiseks, t\u00f6\u00f6tajate haldamiseks ja koolitamiseks, ametlike imporditud autode m\u00fc\u00fcgisaidid, elustiili toetusteenused, idufirmade toetusteenused, antisotsiaalse kontrolli teenused<\/p>\n\t<\/div>\n<\/section>\n\n<section class=\"white-section mgt-section mgb-section\">\n\t<div class=\"anchor\" id=\"games\"><\/div>\n\t<div class=\"section-inner-black\">\n\t\t<h3>M\u00e4ngud<\/h3>\n\t\t<p class=\"mgb-small\">Meil on ulatuslik kogemus erinevat t\u00fc\u00fcpi m\u00e4ngude kasutustingimuste koostamisel, ulatudes konsoolim\u00e4ngudest mobiilim\u00e4ngudeni. Me m\u00f5istame m\u00e4ngude opereerimisega seotud \u00f5iguslikke n\u00fcansse ja n\u00f5udeid, sealhulgas autori\u00f5iguse seadust, auhinnareklaami seadust, makseteenuste seadust, tarbijalepingu seadust, erikommerstehingute seadust ja telekommunikatsiooni\u00e4ri seadust. Me saame aidata teil luua k\u00f5ikeh\u00f5lmavad kasutustingimused, mis on koosk\u00f5las asjakohaste m\u00e4\u00e4rustega.<\/p>\n\t\t<p class=\"mgb-small\">Lisaks kasutustingimuste esialgsele koostamisele pakume n\u00f5ustamist seaduslike \u00fcrituste ja muude m\u00e4nguopereerimisega seotud tegevuste \u00f5igusp\u00e4raseks l\u00e4biviimiseks. Meie meeskond on teadlik m\u00e4ngu\u00fcrituste \u00f5iguslikest aspektidest ja suudab pakkuda juhiseid, et tagada vastavus kehtivatele seadustele ja m\u00e4\u00e4rustele.<\/p>\n\t\t<p class=\"mgb-middle\">Olenemata sellest, kas olete m\u00e4nguarendaja v\u00f5i ettev\u00f5te, kes tegeleb m\u00e4ngude opereerimisega, oleme h\u00e4sti varustatud, et pakkuda teile m\u00e4ngut\u00f6\u00f6stuses spetsiifiliste vajaduste rahuldamiseks kohandatud \u00f5igusabi.<\/p>\n\t<\/div>\n<\/section>\n\n<section class=\"purple-section\">\n\t<div class=\"anchor\" id=\"publication-of-books-on-legal-matters-related-to-it\"><\/div>\n\t<div class=\"section-inner\">\n\t\t<div class=\"flex reverse\">\n\t\t\t<div class=\"width41\"><img decoding=\"async\" src=\"\/wp-content\/themes\/monolith2021\/img\/pic\/pic_publishing.jpg\" alt=\"IT-ga seotud \u00f5igusalaste raamatute avaldamine\"><\/div>\n\t\t\t<div class=\"width51\">\n\t\t\t\t<h3>IT-ga seotud \u00f5igusk\u00fcsimuste raamatute avaldamine<\/h3>\n\t\t\t\t<p>S\u00fcsteemiarenduse ja IT-ga seotud \u00f5igusk\u00fcsimuste, sealhulgas teenusetingimuste loomise, veebiteenuste, rakenduste ja m\u00e4ngudega seotud probleemide alal spetsialiseerunud \u00f5igusb\u00fcroona on MONOLITH LAW OFFICE avaldanud raamatu pealkirjaga &#8220;IT-inseneridele m\u00f5eldud lihtsalt m\u00f5istetav \u00f5iguslik Q&amp;A&#8221;. Raamatu autoriks on endine insener, kes on n\u00fc\u00fcd jurist, ja see on peamiselt suunatud IT-inseneridele. See pakub \u00f5igusalaseid teadmisi, mis on spetsiaalselt kohandatud nende vajadustele, k\u00e4sitledes teemasid nagu teenusetingimuste loomine. Raamatu eesm\u00e4rk on pakkuda kasutajas\u00f5bralikku l\u00e4henemist \u00f5iguslikele kontseptsioonidele ja aidata IT-inseneridel nende t\u00f6\u00f6 \u00f5iguslike aspektidega toime tulla.<\/p>\n\t\t\t<\/div>\n\t\t<\/div>\n\t<\/div>\n<\/section>\n\n<section class=\"white-section\">\n\t<div class=\"anchor\" id=\"crypto-asset-and-blockchain\"><\/div>\n\t<div class=\"section-inner\">\n\t\t<div class=\"flex\">\n\t\t\t<div class=\"width41\"><img decoding=\"async\" src=\"\/wp-content\/uploads\/2022\/07\/shutterstock_1151380622_2.png\" alt=\"Crypto Asset and Blockchain\"><\/div>\n\t\t\t<div class=\"width51\">\n\t\t\t\t<h3>Kr\u00fcpto vara ja plokiahel<\/h3>\n\t\t\t\t<p>MONOLITH LAW OFFICE on alates asutamisest 2017. aastal aktiivselt tegelema hakanud kr\u00fcpto varade ja plokiahela tehnoloogiaga seotud \u00f5igust\u00f6\u00f6ga. Oleme v\u00f5imelised tegelema ka plokiahelal p\u00f5hinevate m\u00e4ngudega seotud \u00f5igusk\u00fcsimustega. T\u00e4nu meie IT- ja m\u00e4ngudega seotud \u00f5igusk\u00fcsimuste alasele asjatundlikkusele suudame pakkuda terviklikku tuge plokiahela m\u00e4ngude \u00f5iguslike keerukuste navigeerimisel, sealhulgas regulatiivse vastavuse, intellektuaalomandi kaitse, kasutajalepingute ja muu osas.<\/p>\n\t\t\t<\/div>\n\t\t<\/div>\n\t<\/div>\n<\/section>\n\n<section class=\"white-section mgb-section\">\n\t<div class=\"anchor\" id=\"medical-Apps-etc\"><\/div>\n\t<div class=\"section-inner-black\">\n\t\t<h3>Meditsiini\u00e4pid jne.<\/h3>\n\t\t<p class=\"mgb-small\">Meie advokaadib\u00fcrool on tugev meeskond advokaate, sealhulgas asutaja advokaat, kellel on taust IT-insenerina, ja advokaadid, kellel on ulatuslik kogemus meditsiiniga seotud juhtumite k\u00e4sitlemisel. Selle ekspertiisi abil oleme h\u00e4sti varustatud tervishoiut\u00f6\u00f6stusega seotud ettev\u00f5tete, \u00e4ppide ja veebiteenuste k\u00e4sitlemiseks. Meil on selles valdkonnas t\u00f5estatud kogemus.<\/p>\n\t\t<p class=\"mgb-middle\">Jaapani tervishoiu \u00fcmber olev \u00f5igusmaastik v\u00f5ib olla keeruline, kuid v\u00f5ite loota meie b\u00fcroole, et navigeerime l\u00e4bi keerukuste. Me v\u00f5ime pakkuda terviklikku \u00f5igusabi, mis on kohandatud meditsiinisektori ainulaadsete vajadustega, sealhulgas regulatiivne vastavus, andmekaitse, litsentsimine, lepingud ja vaidluste lahendamine. Meie eesm\u00e4rk on tagada, et teie tervishoiuga seotud ettev\u00f5tmised viiakse l\u00e4bi vastavuses kehtivate seaduste ja m\u00e4\u00e4rustega, kaitstes samal ajal teie huve.<\/p>\n\t<\/div>\n<\/section>\n\n<section class=\"orange-section\">\n\t<div class=\"anchor\" id=\"drafting-with-minimal-operating-time\"><\/div>\n\t<div class=\"section-inner\">\n\t\t<div class=\"flex\">\n\t\t\t<div class=\"width41\"><img decoding=\"async\" src=\"\/wp-content\/themes\/monolith2021\/img\/pic\/pic_draft.jpg\" alt=\"Drafting with Minimal Operating Time\"><\/div>\n\t\t\t<div class=\"width51\">\n\t\t\t\t<h3>Minimaalse t\u00f6\u00f6ajaga koostamine<\/h3>\n\t\t\t\t<p class=\"mgb-small\">Meie peajurist on endine IT-insener, mis v\u00f5imaldab meil m\u00f5ista rakenduste ja veebiteenuste tehnilisi aspekte, kasutajaliidest ja funktsionaalsust teenusetingimuste ja muude sellega seotud dokumentide loomisel. Me saame kasutada teie ettev\u00f5tte olemasolevaid n\u00f5uete m\u00e4\u00e4ratlusi, raamistikke, maandumislehti ja turundusmaterjale, mis v\u00f5imaldab meil t\u00f5lgendada ja ekstraktida vajalikku teavet meie poolt.<\/p>\n\t\t\t\t<p>Ulatuslike intervjuude v\u00f5i koosolekute vajaduse minimeerimisega saame me t\u00f5husalt koostada teenusetingimused, v\u00e4hendades samal ajal suhtluskulusid ja ajaraame. See l\u00e4henemisviis v\u00f5imaldab meil protsessi optimeerida ja tulemusi \u00f5igeaegselt pakkuda.<\/p>\n\t\t\t<\/div>\n\t\t<\/div>\n\t<\/div>\n<\/section>\n\n<section class=\"white-section\">\n\t<div class=\"anchor\" id=\"some-examples-of-our-clients-and-the-products\"><\/div>\n\t<div class=\"section-inner\">\n\t\t<h3>M\u00f5ned n\u00e4ited meie klientidest ja nende toodetest<\/h3>\n\t\t<ul class=\"layout-column4 mgb-middle\">\n\t\t\t<li>\n\t\t\t\t<div><img decoding=\"async\" src=\"\/wp-content\/themes\/monolith2021\/img\/clients\/logo_tokium.png\"><\/div>\n\t\t\t\t<h4><a href=\"https:\/\/www.keihi.com\/lp\/\" target=\"_blank\" rel=\"noopener noreferrer\">TOKIUM Expense Reimbursement<\/a><\/h4>\n\t\t\t\t<p>Oleme t\u00f6\u00f6tanud ettev\u00f5ttega TOKIUM Inc., mis on ettev\u00f5tte finantsrakenduse &#8220;TOKIUM Expense Reimbursement&#8221; taga, olles nende peajurist. Oleme pakkunud \u00f5igusabi nende projektidele, sealhulgas nende kulude h\u00fcvitamise s\u00fcsteemi &#8220;TOKIUM Invoice&#8221; v\u00e4ljaandmisel.<\/p>\n\t\t\t<\/li>\n\t\t\t<li>\n\t\t\t\t<div><img decoding=\"async\" src=\"\/wp-content\/themes\/monolith2021\/img\/clients\/logo_seculio.png\"><\/div>\n\t\t\t\t<h4><a href=\"https:\/\/www.lrm.jp\/seculio\/feature\/\" target=\"_blank\" rel=\"noopener noreferrer\">Securio<\/a><\/h4>\n\t\t\t\t<p>Oleme olnud audiitoriks LRM Corporationile, mis v\u00e4ljastab Securiot, parandades ettev\u00f5tte infos\u00fcsteemi turvalisuse tajumist.<\/p>\n\t\t\t<\/li>\n\t\t\t<li>\n\t\t\t\t<div><img decoding=\"async\" src=\"\/wp-content\/themes\/monolith2021\/img\/clients\/logo_tribeau.png\"><\/div>\n\t\t\t\t<h4><a href=\"https:\/\/corp.tribeau.jp\/\" target=\"_blank\" rel=\"noopener noreferrer\">TRIBEAU<\/a><\/h4>\n\t\t\t\t<p>Oleme t\u00f6\u00f6tanud koos TRIBEAU Inc.-ga, mis on ilumeditsiini \u00fclevaadete ja broneerimisrakenduse &#8220;TRIBEAU&#8221; taga. Oleme pakkunud \u00f5igusabi nii nende rakenduse kui ka veebiteenuse versioonide v\u00e4ljaandmisel.<\/p>\n\t\t\t<\/li>\n\t\t\t<li>\n\t\t\t\t<div><img decoding=\"async\" src=\"\/wp-content\/themes\/monolith2021\/img\/clients\/logo_flowerknightgirl.png\"><\/div>\n\t\t\t\t<h4><a href=\"https:\/\/flower-knight-girl.com\/\" target=\"_blank\" rel=\"noopener noreferrer\">FLOWER KNIGHT GIRL<\/a><\/h4>\n\t\t\t\t<p>Oleme abistanud YourGames Inc.-i nende populaarse RPG m\u00e4ngu &#8220;FLOWER KNIGHT GIRL&#8221; v\u00e4ljaandmisel, millel on \u00fcle miljoni registreeritud kasutaja. M\u00e4ng on saadaval DMM GAMES platvormil.<\/p>\n\t\t\t<\/li>\n\t\t<\/ul>\n\t\t<p class=\"txt-s\">* Palun pange t\u00e4hele, et need on vaid m\u00f5ned n\u00e4ited ja me oleme t\u00f6\u00f6tanud paljude teiste klientidega. Meie prioriteediks on kliendi konfidentsiaalsus ja me avalikustame koost\u00f6\u00f6 ettev\u00f5tetega ainult siis, kui nad on andnud n\u00f5usoleku avalikuks tunnustamiseks v\u00f5i kui nad on ametlikult registreeritud ametnikena avalikes registrites.<\/p>\n\t<\/div>\n<\/section>\n\n<section class=\"purple2-section\">\n\t<div class=\"anchor\" id=\"monolith-law-magazine\"><\/div>\n\t<div class=\"section-inner\">\n\t\t    <section class=\"white-section temp-article\">\n        <div class=\"section-inner\">\n            <h4>MONOLITH LAW MAGAZINE<\/h4>\n            <div class=\"articles type_practice_column\">\n                                                                    <div class=\"article article-area\">\n                        <figure>\n                            <div class=\"img-wrap\">\n                                <img alt=\"Kas Google'i arvustuste haldamine on ebaseaduslik? Selgitame seost tarbijakaitseseadusega ja v\u00f5imalikke karistusi\" src=\"https:\/\/monolith.law\/et\/wp-content\/uploads\/sites\/36\/2025\/08\/18d044df35c4f42bb7e1507848a5e228.webp\" width=\"500\" height=\"250\">\n                            <\/div>\n                            <figcaption>\n                                <div class=\"figcaption-inner\">\n                                    <h3>Kas Google'i arvustuste haldamine on ebaseaduslik? Selgitame seost tarbijakaitse.<\/h3>\n                                <\/div>\n                            <\/figcaption>\n                            <a href=\"https:\/\/monolith.law\/et\/it\/google-review-agency\"><\/a>\n                        <\/figure>\n                    <\/div>\n                                                    <div class=\"article article-area\">\n                        <figure>\n                            <div class=\"img-wrap\">\n                                <img alt=\"Isikuandmete kaitse seaduses 'pilveteenuste erand' \u2013 selgitus pilveteenuse pakkujatele antud haldusjuhiste n\u00e4itel\" src=\"https:\/\/monolith.law\/et\/wp-content\/uploads\/sites\/36\/2025\/08\/0cdfadb6e93fc71449935bfe824bbde2.jpg\" width=\"500\" height=\"250\">\n                            <\/div>\n                            <figcaption>\n                                <div class=\"figcaption-inner\">\n                                    <h3>Isikuandmete kaitse seaduses 'pilveteenuste erand' \u2013 selgitus pilveteenuse pakku.<\/h3>\n                                <\/div>\n                            <\/figcaption>\n                            <a href=\"https:\/\/monolith.law\/et\/it\/personal-information-cloud-exceptions\"><\/a>\n                        <\/figure>\n                    <\/div>\n                                                    <div class=\"article article-area\">\n                        <figure>\n                            <div class=\"img-wrap\">\n                                <img alt=\"Millised on ChatGPT kasutamisega seotud riskid t\u00f6\u00f6\u00fclesannetes? Selgitame ka \u00f5iguslikke probleeme\" src=\"https:\/\/monolith.law\/et\/wp-content\/uploads\/sites\/36\/2024\/06\/Shutterstock_2252802247.webp\" width=\"500\" height=\"250\">\n                            <\/div>\n                            <figcaption>\n                                <div class=\"figcaption-inner\">\n                                    <h3>Millised on ChatGPT kasutamisega seotud riskid t\u00f6\u00f6\u00fclesannetes? Selgitame ka \u00f5igu.<\/h3>\n                                <\/div>\n                            <\/figcaption>\n                            <a href=\"https:\/\/monolith.law\/et\/it\/chatgpt-legal-issues\"><\/a>\n                        <\/figure>\n                    <\/div>\n                                            <\/div>\n            <div class=\"btn-more\"><a href=\"https:\/\/monolith.law\/et\/tag\/terms-of-use\">Read More<\/a><\/div>\n        <\/div>\n    <\/section>\n\t<\/div>\n<\/section>\n\n<section class=\"orange2-section\">\n\t<div class=\"anchor\" id=\"fee-structure\"><\/div>\n\t<div class=\"section-inner\">\n\t<div class=\"planWrap\">\n\t<h3>Tasustamise struktuur<\/h3>\n\t<ul class=\"plan\">\n\t\t<li class=\"txt-left\">\n\t\t\t<div class=\"plan-inner\">\n\t\t\t<div class=\"plan-header\">\n\t\t\t<h4 class=\"plan-title\">Tunnitasu<\/h4>\n\t\t\t<div class=\"plan-price\"><span class=\"price-figure\">$300<\/span>tunnis<span class=\"price-tax\"><\/span><\/div>\n\t\t\t<\/div>\n\t\t\t<div class=\"plan-body\">Teatud juhtudel v\u00f5ime kaaluda vaidluse v\u00f5i kohtuasja vastuv\u00f5tmist algatasu ja edutasuga. Lisateabe saamiseks v\u00f5tke meiega julgelt \u00fchendust.<\/div>\n\t\t\t<\/div>\n\t\t<\/li>\n\t\t<li class=\"txt-left\">\n\t\t\t<div class=\"plan-inner\">\n\t\t\t<div class=\"plan-header\">\n\t\t\t<h4 class=\"plan-title\">Lepingute koostamine<\/h4>\n\t\t\t<div class=\"plan-price\"><span class=\"price-value\">alates<\/span><span class=\"price-figure\">$500<\/span><span class=\"price-value\">kuni $2,000 v\u00f5i rohkem<\/span><span class=\"price-tax\"><\/span><\/div>\n\t\t\t<\/div>\n\t\t\t<div class=\"plan-body\">Hinnastamise struktuur v\u00f5ib varieeruda s\u00f5ltuvalt lepingute t\u00fc\u00fcbist ja mahust. Meil on hea meel pakkuda esialgset hinnangut p\u00e4ringu alusel, seega julgustame teid meiega \u00fchendust v\u00f5tma t\u00e4iendavate \u00fcksikasjade saamiseks.<\/div>\n\t\t\t<\/div>\n\t\t<\/li>\n\t\t<li class=\"txt-left\">\n\t\t\t<div class=\"plan-inner\">\n\t\t\t<div class=\"plan-header\">\n\t\t\t<h4 class=\"plan-title\">Muud teenused<\/h4>\n\t\t\t<div class=\"plan-price\"><span class=\"price-figure\">V\u00f5tke meiega \u00fchendust<\/span><\/div>\n\t\t\t<\/div>\n\t\t\t<div class=\"plan-body\">Pakume laia valikut teenuseid, sealhulgas ettev\u00f5tte asutamine, lepingute \u00fclevaatus, \u00f5igusarvamused, juhtumite \u00fclevaade v\u00f5i uurimiskirjad. Kui teil on k\u00fcsimusi v\u00f5i muresid, kutsume teid s\u00fcdamest meiega \u00fchendust v\u00f5tma ja meie asjatundlik meeskond on r\u00f5\u00f5muga valmis teid aitama.<\/div>\n\t\t\t<\/div>\n\t\t\t<\/div>\n\t\t<\/li>\n\t<\/ul>\n\t<\/div>\n\t<\/div>\n<\/section>\n\n<section class=\"white-section\">\n\t<div class=\"section-inner\">\n\t\t<div class=\"btn-area\">\n\t\t\t<div class=\"btn icon-contact\"><a href=\"\/et\/contact\">V\u00f5tke meiega \u00fchendust<\/a><\/div>\n\t\t<\/div>\n\t<\/div>\n<\/section>\n","protected":false},"excerpt":{"rendered":"<p>Kasutustingimused MONOLITH LAW OFFICE tegeleb erinevate Jaapani rakenduste, teenuste ja m\u00e4ngude kasutustingimuste ning privaatsuspoliitikate loomise ja \u00fclevaatamisega. Lisaks v\u00f5ime \u00fcle vaadata teie va [&hellip;]<\/p>\n","protected":false},"author":1,"featured_media":57154,"parent":0,"menu_order":7,"comment_status":"closed","ping_status":"closed","template":"other-page-temp.php","meta":{"footnotes":""},"acf":[],"_links":{"self":[{"href":"https:\/\/monolith.law\/et\/wp-json\/wp\/v2\/pages\/32193"}],"collection":[{"href":"https:\/\/monolith.law\/et\/wp-json\/wp\/v2\/pages"}],"about":[{"href":"https:\/\/monolith.law\/et\/wp-json\/wp\/v2\/types\/page"}],"author":[{"embeddable":true,"href":"https:\/\/monolith.law\/et\/wp-json\/wp\/v2\/users\/1"}],"replies":[{"embeddable":true,"href":"https:\/\/monolith.law\/et\/wp-json\/wp\/v2\/comments?post=32193"}],"version-history":[{"count":19,"href":"https:\/\/monolith.law\/et\/wp-json\/wp\/v2\/pages\/32193\/revisions"}],"predecessor-version":[{"id":64228,"href":"https:\/\/monolith.law\/et\/wp-json\/wp\/v2\/pages\/32193\/revisions\/64228"}],"wp:featuredmedia":[{"embeddable":true,"href":"https:\/\/monolith.law\/et\/wp-json\/wp\/v2\/media\/57154"}],"wp:attachment":[{"href":"https:\/\/monolith.law\/et\/wp-json\/wp\/v2\/media?parent=32193"}],"curies":[{"name":"wp","href":"https:\/\/api.w.org\/{rel}","templated":true}]}}