{"id":32253,"date":"2023-11-06T23:30:39","date_gmt":"2023-11-06T14:30:39","guid":{"rendered":"https:\/\/monolith.law\/?page_id=32253"},"modified":"2024-08-14T15:38:32","modified_gmt":"2024-08-14T06:38:32","slug":"system-development","status":"publish","type":"page","link":"https:\/\/monolith.law\/et\/system-development","title":{"rendered":"S\u00fcsteemiarendus"},"content":{"rendered":"\n<section class=\"heading-area\">\n\t<div class=\"heading-area-inner\">\n\t\t<h2 class=\"icon-system-development\">S\u00fcsteemiarendus<\/h2>\n\t\t<p>K\u00f5rgelt spetsialiseeritud s\u00fcsteemiarenduses tuleb tihti ette keerulisi k\u00fcsimusi ja l\u00e4bir\u00e4\u00e4kimisi lepingute s\u00f5lmimisel. Oleme valmis teie ettev\u00f5tet toetama, kasutades oma teadmisi mitte ainult \u00f5igusekspertidena, vaid ka IT-ekspertidena, et m\u00e4\u00e4ratleda, mis on ettev\u00f5tte jaoks h\u00e4davajalik.<\/p>\n\t<\/div>\n<\/section>\n\n<section class=\"white-section\">\n\t<div class=\"section-inner pdt0 border-bottom-section\">\n\t\t<p>Meie juhtiv advokaat on endine IT-insener ja meie b\u00fcroo, MONOLITH LAW OFFICE, tegeleb k\u00f5igega alates k\u00f5rgelt spetsialiseeritud s\u00fcsteemiarenduse lepingute koostamisest, \u00fclevaatamisest ja l\u00e4bir\u00e4\u00e4kimistest kuni vaidluste lahendamiseni, kui need tekivad. Samuti koostame lepinguid nullist, l\u00e4htudes olemasolevatest materjalidest, nagu ettepanekud, ja minimaalse koosolekute arvuga.<\/p>\n\t<\/div>\n<\/section>\n\n<section class=\"second-nav\">\n\t<div class=\"second-nav-inner\">\n\t\t<p>TEEMAD<\/p>\n\t\t<nav>\n\t\t\t<ul>\n\t\t\t\t<li><a href=\"#contract-drafting-in-system-development\">Lepingute koostamine s\u00fcsteemiarenduses<\/a><\/li>\n\t\t\t\t<li><a href=\"#dispute-resolution-in-system-development\">Vaidluste lahendamine s\u00fcsteemiarenduses<\/a><\/li>\n\t\t\t\t<li><a href=\"#drafting-with-minimal-operating-time\">Koostamine minimaalse t\u00f6\u00f6ajaga<\/a><\/li>\n\t\t\t\t<li><a href=\"#examples-of-support-provided-by-our-firm\">N\u00e4ited meie firma poolt pakutavast toest<\/a><\/li>\n\t\t\t\t<li><a href=\"#publication-achievements-systems-development-legal\">Publikatsioonide saavutused s\u00fcsteemiarenduse \u00f5igusvaldkonnas<\/a><\/li>\n\t\t\t\t<li><a href=\"#crypto-assets-and-blockchain\">Kr\u00fcptovarad ja plokiahel<\/a><\/li>\n\t\t\t\t<li><a href=\"#manda\">M&amp;A<\/a><\/li>\n\t\t\t\t<li><a href=\"#monolith-law-magazine\">MONOLITH LAW MAGAZINE<\/a><\/li>\n\t\t\t\t<li><a href=\"#fee-structure\">Tasustruktuur<\/a><\/li>\n\t\t\t<\/ul>\n\t\t<\/nav>\n\t<\/div>\n<\/section>\n\n<section class=\"white-section mgt-section mgb-section80\">\n\t<div class=\"anchor\" id=\"contract-drafting-in-system-development\"><\/div>\n\t<div class=\"section-inner-black\">\n\t\t<h3>S\u00fcsteemiarenduse lepingute ettevalmistamine<\/h3>\n\t\t<p class=\"mgb-small\">S\u00fcsteemiarenduse korral v\u00f5ivad olla ette n\u00e4htud abstraktsed klauslid, nagu lepingu mittet\u00e4itmise korral vastutus, kuid lepingus on \u00f6eldud ainult &#8220;eraldi kokkuleppe alusel&#8221;. Teisis\u00f5nu, s\u00fcsteemi- v\u00f5i projektip\u00f5hiseid asjaolusid ei mainita otse. Selle tulemusena on sageli ebaselge, milline saab olema tulemus tegeliku vaidluse korral.<\/p>\n\t\t<p class=\"mgb-middle\">Meie firma peab oluliseks mitte ainult lepingute koostamist, vaid ka s\u00fcgavat m\u00f5istmist seotud s\u00fcsteemide arendamisest.<\/p>\n\n\t<\/div>\n<\/section>\n\n<section class=\"purple-section\">\n\t<div class=\"anchor\" id=\"dispute-resolution-in-system-development\"><\/div>\n\t<div class=\"section-inner\">\n\t\t<div class=\"flex\">\n\t\t\t<div class=\"width41\"><img decoding=\"async\" src=\"\/wp-content\/themes\/monolith2021\/img\/systemdevelopment\/systemdevelopment_pic1.jpg\" alt=\"Vaidluste lahendamine s\u00fcsteemiarenduses\"><\/div>\n\t\t\t<div class=\"width51\">\n\t\t\t\t<h3>S\u00fcsteemiarenduse vaidluste lahendamine<\/h3>\n\t\t\t\t<p class=\"mgb-small\">Kui tekib vaidlus, v\u00f5tame endale vastutuse kohtuv\u00e4liste kahjun\u00f5uete, samuti esialgsete \u00f5iguskaitsevahendite ja kohtumenetluste eest.<\/p>\n\t\t\t\t<p>Siiski on eelistatav, et vaidlusi ei tekiks \u00fcldse ning isegi kui on v\u00f5imalus vaidluseks, on parim, kui see ei j\u00f5ua kohtusse. See on meie p\u00f5hiline vaade ja seisukoht ning me pakume selle eelduse alusel igap\u00e4evaseid \u00f5igusteenuseid oma ettev\u00f5tteklientidele.<\/p>\n\t\t\t<\/div>\n\t\t<\/div>\n\t<\/div>\n<\/section>\n\n<section class=\"white-section\">\n\t<div class=\"anchor\" id=\"drafting-with-minimal-operating-time\"><\/div>\n\t<div class=\"section-inner\">\n\t\t<div class=\"flex reverse\">\n\t\t\t<div class=\"width41\"><img decoding=\"async\" src=\"\/wp-content\/themes\/monolith2021\/img\/pic\/pic_draft.jpg\" alt=\"Drafting with Minimal Operating Time\"><\/div>\n\t\t\t<div class=\"width51\">\n\t\t\t\t<h3>Minimaalse t\u00f6\u00f6ajaga lepingute koostamine<\/h3>\n\t\t\t\t<p class=\"mgb-small\">Meie asutajast advokaat on endine IT-insener.<\/p>\n\t\t\t\t<p class=\"mgb-small\">S\u00fcsteemiarenduse lepingu koostamiseks ja sellise lepingu eelduseks oleva skeemi kujundamiseks on vajalik m\u00f5ista vastava s\u00fcsteemi \u00fcldisi p\u00f5him\u00f5tteid. Meie firma suudab iseseisvalt l\u00e4bi t\u00f6\u00f6tada teie ettev\u00f5tte olemasolevad dokumendid ja andmed, nagu n\u00f5uete definitsioonid ja m\u00fc\u00fcgimaterjalid tulevastele klientidele.<\/p>\n\t\t\t\t<p>Seet\u00f5ttu suudame me koostada lepingute ja muude dokumentide mustandeid, kasutades minimaalselt aega koosolekutele ja muule suhtlusele, v\u00e4hendades t\u00f5husalt suhtluskulusid ja ettevalmistusaega.<\/p>\n\t\t\t<\/div>\n\t\t<\/div>\n\t<\/div>\n<\/section>\n\n<section class=\"orange-section\">\n\t<div class=\"anchor\" id=\"examples-of-support-provided-by-our-firm\"><\/div>\n\t<div class=\"section-inner\">\n\t\t<h3 class=\"mgb-middle\">N\u00e4ited meie firma poolt pakutavast toest<\/h3>\n\t\t<ul class=\"layout-column4\">\n\t\t\t<li>\n\t\t\t\t<div><img decoding=\"async\" src=\"\/wp-content\/themes\/monolith2021\/img\/systemdevelopment\/systemdevelopment_support_pic1.jpg\"><\/div>\n\t\t\t\t<h4>IT-teenuse pakkujad<\/h4>\n\t\t\t\t<p>Me pakume mitmesuguseid teenuseid ettev\u00f5tetele, mis pakuvad s\u00fcsteemiarenduse teenuseid, alates s\u00fcsteemiarendusega seotud lepingute koostamisest kuni vaidluste lahendamiseni, pakkudes \u00f5igusn\u00f5ustamist ja muid \u00f5igusteenuseid. Tegeleme ka tipptehnoloogia valdkondadega, nagu blockchainiga seotud k\u00fcsimused.<\/p>\n\t\t\t<\/li>\n\t\t\t<li>\n\t\t\t\t<div><img decoding=\"async\" src=\"\/wp-content\/themes\/monolith2021\/img\/systemdevelopment\/systemdevelopment_support_pic2.jpg\"><\/div>\n\t\t\t\t<h4>\u00c4riettev\u00f5tted<\/h4>\n\t\t\t\t<p>Me pakume mitmesuguseid teenuseid \u00e4riettev\u00f5tetele, kes tellivad s\u00fcsteemiarendust\u00f6id. Eriti uute \u00e4ride puhul, mis ei ole spetsialiseerunud IT-le, suudame pakkuda tuge, sealhulgas s\u00fcsteemi kujundamist kogu ettev\u00f5tte jaoks, kaasa arvatud j\u00e4relhooldus.<\/p>\n\t\t\t<\/li>\n\t\t\t<li>\n\t\t\t\t<div><img decoding=\"async\" src=\"\/wp-content\/themes\/monolith2021\/img\/systemdevelopment\/systemdevelopment_support_pic3.jpg\"><\/div>\n\t\t\t\t<h4>S\u00fcsteemiinseneriteenused (SES)<\/h4>\n\t\t\t\t<p>MONOLITH LAW OFFICE pakub \u00f5igusteenuseid paljudele SES-ettev\u00f5tetele. Tegeleme SES-iga seotud lepingute koostamise, konkreetsete probleemide osas kohtuv\u00e4liste vaidluste lahendamise ja kohtumenetlustega.<\/p>\n\t\t\t<\/li>\n\t\t\t<li>\n\t\t\t\t<div><img decoding=\"async\" src=\"\/wp-content\/themes\/monolith2021\/img\/systemdevelopment\/systemdevelopment_support_pic4.jpg\"><\/div>\n\t\t\t\t<h4>Avatud l\u00e4htekoodiga tarkvara (OSS)<\/h4>\n\t\t\t\t<p>MONOLITH LAW OFFICE on edukalt pakkunud professionaalset disaini ja kasutajadokumentatsiooni j\u00e4relevalvet ettev\u00f5tetele, kes pakuvad nii GPL-i kui ka muid avatud l\u00e4htekoodiga litsentse, samuti kommertslitsentse.<\/p>\n\t\t\t<\/li>\n\t\t<\/ul>\n\t<\/div>\n<\/section>\n\n<section class=\"white-section\">\n\t<div class=\"anchor\" id=\"publication-achievements-systems-development-legal\"><\/div>\n\t<div class=\"section-inner\">\n\t\t<div class=\"flex reverse\">\n\t\t\t<div class=\"width41\"><img decoding=\"async\" src=\"\/wp-content\/themes\/monolith2021\/img\/pic\/pic_publishing.jpg\" alt=\"S\u00fcsteemiarendusega seotud \u00f5igusk\u00fcsimuste raamatute avaldamine\"><\/div>\n\t\t\t<div class=\"width51\">\n\t\t\t\t<h3>S\u00fcsteemiarendusega seotud \u00f5igusk\u00fcsimuste raamatute avaldamine<\/h3>\n\t\t\t\t<p class=\"mgb-small\">Oleme veebiteenuste, rakenduste ja m\u00e4ngude s\u00fcsteemiarendusele spetsialiseerunud advokaadib\u00fcroo, mis on avaldanud raamatu &#8220;IT-inseneridele m\u00f5eldud sissejuhatav \u00f5igusalane k\u00fcsimuste ja vastuste kogumik&#8221;. Raamatus selgitab endine insenerist jurist peamiselt IT-inseneridele m\u00f5eldud \u00f5igusteadmisi.<\/p>\n\t\t\t\t<p>Raamat koosneb peat\u00fckkidest Autori\u00f5iguse varjuk\u00fcljed, Arenduslepingute varjuk\u00fcljed, T\u00f6\u00f6suhte varjuk\u00fcljed, Lepingute kontrollpunktid, mis pakuvad \u00f5iguslikke selgitusi konkreetsetele punktidele, mis v\u00f5ivad tegelikes s\u00fcsteemiarenduse olukordades probleemiks olla.<\/p>\n\t\t\t<\/div>\n\t\t<\/div>\n\t<\/div>\n<\/section>\n\n<section class=\"purple-section\">\n\t<div class=\"anchor\" id=\"crypto-assets-and-blockchain\"><\/div>\n\t<div class=\"section-inner\">\n\t\t<div class=\"flex\">\n\t\t\t<div class=\"width41\"><img decoding=\"async\" src=\"\/wp-content\/uploads\/2022\/07\/shutterstock_1151380622_2.png\" alt=\"Crypto Assets and Blockchain\"><\/div>\n\t\t\t<div class=\"width51\">\n\t\t\t\t<h3>Kr\u00fcpto Varad ja Plokiahel<\/h3>\n\t\t\t\t<p>Plokiahel on detsentraliseeritud andmebaas, millel on madal risk kirje kadumiseks ja mis on raske muuta mineviku kirjeid. See on realiseeritud IT-tehnikate abil nagu konsensuse algoritmid, kr\u00fcptograafia ja P2P-v\u00f5rgud. MONOLITH LAW OFFICE on olnud seotud kr\u00fcpto vara ja plokiahela \u00f5igust\u00f6\u00f6ga alates selle avamisest 2017. aastal.<\/p>\n\t\t\t<\/div>\n\t\t<\/div>\n\t<\/div>\n<\/section>\n\n<section class=\"white-section mgt-section mgb-section\">\n\t<div class=\"anchor\" id=\"manda\"><\/div>\n\t<div class=\"section-inner-black\">\n\t\t<h3>M&amp;A<\/h3>\n\t\t<p class=\"mgb-middle\">Meil on ulatuslik kogemus IT-s\u00fcsteemidega seotud M&amp;A tehingutes, sealhulgas \u00e4ri\u00fcleandmised ja rakenduste ning veebiteenuste omandamised.<\/p>\n\t<\/div>\n<\/section>\n\n<section class=\"purple2-section\">\n\t<div class=\"anchor\" id=\"monolith-law-magazine\"><\/div>\n\t<div class=\"section-inner\">\n\t\t    <section class=\"white-section temp-article\">\n        <div class=\"section-inner\">\n            <h4>MONOLITH LAW MAGAZINE<\/h4>\n            <div class=\"articles type_practice_column\">\n                                                                    <div class=\"article article-area\">\n                        <figure>\n                            <div class=\"img-wrap\">\n                                <img alt=\"Kui kaugele ulatub tarnija vastutus OSS-i sisaldavate tarnete puhul? Tsiviilvastutuse ja meetmete selgitus lepingut\u00fc\u00fcpide kaupa\" src=\"https:\/\/monolith.law\/et\/wp-content\/uploads\/sites\/36\/2025\/08\/a3e2bebbbd18ab9195487c8b62e3ba94.webp\" width=\"500\" height=\"250\">\n                            <\/div>\n                            <figcaption>\n                                <div class=\"figcaption-inner\">\n                                    <h3>Kui kaugele ulatub tarnija vastutus OSS-i sisaldavate tarnete puhul? Tsiviilvast.<\/h3>\n                                <\/div>\n                            <\/figcaption>\n                            <a href=\"https:\/\/monolith.law\/et\/it\/oss-contract\"><\/a>\n                        <\/figure>\n                    <\/div>\n                                                    <div class=\"article article-area\">\n                        <figure>\n                            <div class=\"img-wrap\">\n                                <img alt=\"Avatud l\u00e4htekoodiga tarkvara (OSS) kasutamisel tarkvaraarenduses esile kerkivad kaheksa \u00f5iguslikku probleemi selgitatult\" src=\"https:\/\/monolith.law\/et\/wp-content\/uploads\/sites\/36\/2025\/08\/2e3dcd72416c364f481cdcf21967a2a8.webp\" width=\"500\" height=\"250\">\n                            <\/div>\n                            <figcaption>\n                                <div class=\"figcaption-inner\">\n                                    <h3>Avatud l\u00e4htekoodiga tarkvara (OSS) kasutamisel tarkvaraarenduses esile kerkivad .<\/h3>\n                                <\/div>\n                            <\/figcaption>\n                            <a href=\"https:\/\/monolith.law\/et\/it\/oss-law\"><\/a>\n                        <\/figure>\n                    <\/div>\n                                                    <div class=\"article article-area\">\n                        <figure>\n                            <div class=\"img-wrap\">\n                                <img alt=\"Tarkvaraarenduse allhankelepingutes avatud l\u00e4htekoodiga tarkvara kasutamisel t\u00e4helepanu vajavad punktid\" src=\"https:\/\/monolith.law\/et\/wp-content\/uploads\/sites\/36\/2025\/08\/9132dea58501d53c6b72439e72a5a1e0.webp\" width=\"500\" height=\"250\">\n                            <\/div>\n                            <figcaption>\n                                <div class=\"figcaption-inner\">\n                                    <h3>Tarkvaraarenduse allhankelepingutes avatud l\u00e4htekoodiga tarkvara kasutamisel t\u00e4h.<\/h3>\n                                <\/div>\n                            <\/figcaption>\n                            <a href=\"https:\/\/monolith.law\/et\/it\/oss-development-contract\"><\/a>\n                        <\/figure>\n                    <\/div>\n                                            <\/div>\n            <div class=\"btn-more\"><a href=\"https:\/\/monolith.law\/et\/tag\/system-development\">Read More<\/a><\/div>\n        <\/div>\n    <\/section>\n\t<\/div>\n<\/section>\n\n<section class=\"orange2-section\">\n\t<div class=\"anchor\" id=\"fee-structure\"><\/div>\n\t<div class=\"section-inner\">\n\t<div class=\"planWrap\">\n\t<h3>Tasustamise struktuur<\/h3>\n\t<ul class=\"plan\">\n\t\t<li class=\"txt-left\">\n\t\t\t<div class=\"plan-inner\">\n\t\t\t<div class=\"plan-header\">\n\t\t\t<h4 class=\"plan-title\">Tunnitasu<\/h4>\n\t\t\t<div class=\"plan-price\"><span class=\"price-figure\">$300<\/span>tunnis<span class=\"price-tax\"><\/span><\/div>\n\t\t\t<\/div>\n\t\t\t<div class=\"plan-body\">Teatud juhtudel v\u00f5ime kaaluda vaidluse v\u00f5i kohtuasja vastuv\u00f5tmist algse tasu ja edukustasu alusel. Lisateabe saamiseks v\u00f5tke meiega julgelt \u00fchendust.<\/div>\n\t\t\t<\/div>\n\t\t<\/li>\n\t\t<li class=\"txt-left\">\n\t\t\t<div class=\"plan-inner\">\n\t\t\t<div class=\"plan-header\">\n\t\t\t<h4 class=\"plan-title\">Lepingute koostamine<\/h4>\n\t\t\t<div class=\"plan-price\"><span class=\"price-value\">alates<\/span><span class=\"price-figure\">$500<\/span><span class=\"price-value\">kuni $2,000 v\u00f5i rohkem<\/span><span class=\"price-tax\"><\/span><\/div>\n\t\t\t<\/div>\n\t\t\t<div class=\"plan-body\">Hinnastamise struktuur v\u00f5ib varieeruda s\u00f5ltuvalt lepingute t\u00fc\u00fcbist ja mahust. Meil on hea meel pakkuda esialgset hinnangut p\u00e4ringu alusel, seega julgustame teid meiega \u00fchendust v\u00f5tma t\u00e4iendavate \u00fcksikasjade saamiseks.<\/div>\n\t\t\t<\/div>\n\t\t<\/li>\n\t\t<li class=\"txt-left\">\n\t\t\t<div class=\"plan-inner\">\n\t\t\t<div class=\"plan-header\">\n\t\t\t<h4 class=\"plan-title\">Muud teenused<\/h4>\n\t\t\t<div class=\"plan-price\"><span class=\"price-figure\">V\u00f5tke meiega \u00fchendust<\/span><\/div>\n\t\t\t<\/div>\n\t\t\t<div class=\"plan-body\">Pakume laia valikut teenuseid, sealhulgas ettev\u00f5tte asutamine, lepingute \u00fclevaatus, \u00f5igusarvamused, juhtumite \u00fclevaade v\u00f5i uurimiskirjad. Kui teil on k\u00fcsimusi v\u00f5i muresid, kutsume teid s\u00fcdamest meiega \u00fchendust v\u00f5tma ja meie asjatundlik meeskond on teile hea meelega abiks.<\/div>\n\t\t\t<\/div>\n\t\t\t<\/div>\n\t\t<\/li>\n\t<\/ul>\n\t<\/div>\n\t<\/div>\n<\/section>\n\n<section class=\"white-section\">\n\t<div class=\"section-inner\">\n\t\t<div class=\"btn-area\">\n\t\t\t<div class=\"btn icon-contact\"><a href=\"\/et\/contact\">V\u00f5tke meiega \u00fchendust<\/a><\/div>\n\t\t<\/div>\n\t<\/div>\n<\/section>\n","protected":false},"excerpt":{"rendered":"<p>S\u00fcsteemiarendus K\u00f5rgelt spetsialiseeritud s\u00fcsteemiarenduses tuleb tihti ette keerulisi k\u00fcsimusi ja l\u00e4bir\u00e4\u00e4kimisi lepingute s\u00f5lmimisel. Oleme valmis teie ettev\u00f5tet toetama, kasutades oma teadmisi mitte [&hellip;]<\/p>\n","protected":false},"author":1,"featured_media":57152,"parent":0,"menu_order":7,"comment_status":"closed","ping_status":"closed","template":"other-page-temp.php","meta":{"footnotes":""},"acf":[],"_links":{"self":[{"href":"https:\/\/monolith.law\/et\/wp-json\/wp\/v2\/pages\/32253"}],"collection":[{"href":"https:\/\/monolith.law\/et\/wp-json\/wp\/v2\/pages"}],"about":[{"href":"https:\/\/monolith.law\/et\/wp-json\/wp\/v2\/types\/page"}],"author":[{"embeddable":true,"href":"https:\/\/monolith.law\/et\/wp-json\/wp\/v2\/users\/1"}],"replies":[{"embeddable":true,"href":"https:\/\/monolith.law\/et\/wp-json\/wp\/v2\/comments?post=32253"}],"version-history":[{"count":34,"href":"https:\/\/monolith.law\/et\/wp-json\/wp\/v2\/pages\/32253\/revisions"}],"predecessor-version":[{"id":65983,"href":"https:\/\/monolith.law\/et\/wp-json\/wp\/v2\/pages\/32253\/revisions\/65983"}],"wp:featuredmedia":[{"embeddable":true,"href":"https:\/\/monolith.law\/et\/wp-json\/wp\/v2\/media\/57152"}],"wp:attachment":[{"href":"https:\/\/monolith.law\/et\/wp-json\/wp\/v2\/media?parent=32253"}],"curies":[{"name":"wp","href":"https:\/\/api.w.org\/{rel}","templated":true}]}}