{"id":32408,"date":"2023-11-07T23:20:29","date_gmt":"2023-11-07T14:20:29","guid":{"rendered":"https:\/\/monolith.law\/?page_id=32408"},"modified":"2024-04-30T16:17:56","modified_gmt":"2024-04-30T07:17:56","slug":"m-and-a","status":"publish","type":"page","link":"https:\/\/monolith.law\/et\/m-and-a","title":{"rendered":"M&amp;A"},"content":{"rendered":"\n<section class=\"heading-area\">\n\t<div class=\"heading-area-inner\">\n\t\t<h2 class=\"icon-m-and-a\">M&amp;A<\/h2>\n\t\t<p>MONOLITH LAW OFFICE on hallanud arvukalt IT-valdkonna, sealhulgas rakenduste ja veebiteenuste keskseid omakapitali ja M&amp;A-ga seotud \u00f5igusk\u00fcsimusi. Oleme v\u00f5imelised teostama \u00f5iguslikku hoolsuskohustuse (DD) ettev\u00f5tete omandamisel ja muudes olukordades.<\/p>\n\t<\/div>\n<\/section>\n\n<section class=\"white-section\">\n\t<div class=\"section-inner pdt0 border-bottom-section\">\n\t\t<p>MONOLITH LAW OFFICE on hallanud arvukalt M&amp;A tehinguid, sealhulgas \u00e4ri\u00fcleandmisi, omakapitaliga seotud \u00f5igusk\u00fcsimusi nagu kolmandatele osapooltele aktsiate m\u00e4\u00e4ramine, aktsiaoptsioonide v\u00e4ljastamine, juhtkonna v\u00e4ljaostud (MBO) ja \u00fchisettev\u00f5tete loomine, samuti nende tehingutega seotud vaidluste lahendamine, peamiselt IT valdkonnas, sealhulgas rakenduste ja veebiteenuste puhul. Lisaks on meil s\u00fcsteem nn \u00f5iguslikuks hoolsuskohustuseks (DD), mis on \u00f5iguslik uurimine, et kinnitada, kas ettev\u00f5tte omandamisel ja muudes olukordades on eriti t\u00f5siseid \u00f5iguslikke probleeme.<\/p>\n\t<\/div>\n<\/section>\n\n<section class=\"second-nav\">\n\t<div class=\"second-nav-inner\">\n\t\t<p>TEEMAD<\/p>\n\t\t<nav>\n\t\t\t<ul>\n\t\t\t\t<li><a href=\"#examples-of-support-provided-by-our-firm\">Meie firma poolt pakutava toe n\u00e4ited<\/a><\/li>\n\t\t\t\t<li><a href=\"#share-and-capital-increase\">Aktsiate ja kapitali suurendamine<\/a><\/li>\n\t\t\t\t<li><a href=\"#ma-related-legal-affairs\">M&amp;A-ga seotud \u00f5igusk\u00fcsimused<\/a><\/li>\n\t\t\t\t<li><a href=\"#ma-of-sns-such-as-youtube\">Sotsiaalv\u00f5rgustike, nagu YouTube, M&amp;A<\/a><\/li>\n\t\t\t\t<li><a href=\"#one-stop-service-in-cooperation-with-judicial-scriveners\">\u00dchekordne teenus koost\u00f6\u00f6s kohtukirjutajatega<\/a><\/li>\n\t\t\t\t<li><a href=\"#legal-due-diligence-dd-support\">\u00d5igusliku hoolsuskohustuse tugi<\/a><\/li>\n\t\t\t\t<li><a href=\"#disputes-related-to-stocks-and-investments\">Aktsiate ja investeeringutega seotud vaidlused<\/a><\/li>\n\t\t\t\t<li><a href=\"#monolith-law-magazine\">MONOLITH LAW MAGAZINE<\/a><\/li>\n\t\t\t\t<li><a href=\"#fee-structure\">Tasustruktuur<\/a><\/li>\n\t\t\t<\/ul>\n\t\t<\/nav>\n\t<\/div>\n<\/section>\n\n<section class=\"white-section\">\n\t<div class=\"anchor\" id=\"examples-of-support-provided-by-our-firm\"><\/div>\n\t<div class=\"section-inner-bottomhalf\">\n\t\t<h3 class=\"mgb-middle\">Meie firma poolt pakutava toe n\u00e4ide<\/h3>\n\t\t<ul class=\"mgb-small layout-column4\">\n\t\t\t<li>\n\t\t\t\t<h4>Kapitali suurendamine kolmandatele osapooltele aktsiate m\u00e4\u00e4ramise kaudu<\/h4>\n\t\t\t\t<div><img decoding=\"async\" src=\"\/wp-content\/themes\/monolith2021\/img\/stockrelatedlaw\/stockrelatedlaw_support_pic1.jpg\"><\/div>\n\t\t\t\t<p>Oleme aidanud arvukatel idufirmadel kapitali koguda kolmandatele osapooltele aktsiate m\u00e4\u00e4ramise kaudu. Samuti oleme aidanud b\u00f6rsil noteeritud ettev\u00f5ttel teha oma esimese riskikapitaliinvesteeringu, koostades term sheet&#8217;i ja investeerimislepingu.<\/p>\n\t\t\t<\/li>\n\t\t\t<li>\n\t\t\t\t<h4>Juhtkonna v\u00e4ljaost (MBO)<\/h4>\n\t\t\t\t<div><img decoding=\"async\" src=\"\/wp-content\/themes\/monolith2021\/img\/stockrelatedlaw\/stockrelatedlaw_support_pic2.jpg\"><\/div>\n\t\t\t\t<p>Oleme t\u00f6\u00f6tanud riskikapitaliettev\u00f5tetega, kellel on olnud probleeme kapitalisuhtega, et v\u00e4lja t\u00f6\u00f6tada strateegiaid ja koostada erinevaid lepinguid juhtkonna v\u00e4ljaostude (MBO) jaoks, sealhulgas vahendite kaasamine, uue juriidilise isiku loomine tehingu vahendina ja uue juriidilise isiku aktsiate omandamine olemasolevatelt aktsion\u00e4ridelt.<\/p>\n\t\t\t<\/li>\n\t\t\t<li>\n\t\t\t\t<h4>\u00dchisettev\u00f5tete loomine<\/h4>\n\t\t\t\t<div><img decoding=\"async\" src=\"\/wp-content\/themes\/monolith2021\/img\/stockrelatedlaw\/stockrelatedlaw_support_pic3.jpg\"><\/div>\n\t\t\t\t<p>Oleme t\u00f6\u00f6tanud koos alustavate ettev\u00f5tetega \u00fchisettev\u00f5tete (JV) loomisel, kus alustav ettev\u00f5te ja suur \u00e4riettev\u00f5te omavad aktsiaid samas ettev\u00f5ttes, koostades tingimuste lehti, l\u00e4bir\u00e4\u00e4kides lepingute \u00fcle ja \u00fcle kandes \u00e4ri alustavalt ettev\u00f5ttelt \u00e4sja loodud ettev\u00f5ttele.<\/p>\n\t\t\t\t<\/li>\n\t\t\t<li>\n\t\t\t\t<h4>Aktsiatega seotud kohtuvaidlused<\/h4>\n\t\t\t\t<div><img decoding=\"async\" src=\"\/wp-content\/themes\/monolith2021\/img\/stockrelatedlaw\/stockrelatedlaw_support_pic4.jpg\"><\/div>\n\t\t\t\t<p>Oleme menetlenud juhtumeid, kus alustav ettev\u00f5te sai investeeringu erainvestorilt ja hiljem vaidlustati investeerimislepingu kehtivus, ning juhtumeid, kus eduka v\u00e4ljaostu ettev\u00f5tte asutaja sai hiljem s\u00fc\u00fcdistuse kohustuste t\u00e4itmata j\u00e4tmises ja sai kahjun\u00f5ude ettev\u00f5ttelt, kellele ta oli aktsiad m\u00fc\u00fcnud, l\u00e4bir\u00e4\u00e4kimistest kohtuv\u00e4liselt kuni kohtuvaidlusteni.<\/p>\n\t\t\t<\/li>\n\t\t<\/ul>\n\t<\/div>\n<\/section>\n\n<section class=\"white-section\">\n\t<div class=\"section-inner-tophalf\">\n\t\t<div class=\"frame2 max-width860 txt-center-pc\">\n\t\t\t<p class=\"bold txt-l\">Oleme olnud \u00f5igusn\u00f5ustajaks paljudele IT-alustavatele ettev\u00f5tetele.<br>Aktsiate ja M&amp;A-ga seotud \u00f5igust\u00f6\u00f6 on \u00fcks meie peamisi tegevusvaldkondi.<\/p>\n\t\t<\/div>\n\t<\/div>\n<\/section>\n\n<section class=\"white-section mgb-section80\">\n\t<div class=\"anchor\" id=\"share-and-capital-increase\"><\/div>\n\t<div class=\"section-inner-black\">\n\t\t<h3>Aktsiate ja kapitali suurendamine<\/h3>\n\t\t<p class=\"mgb-middle\">Seoses aktsiate v\u00e4ljaandmisega kolmandatele isikutele h\u00f5lmame k\u00f5ike alates tingimuste lehtede ettevalmistamisest kuni investeerimislepingute ja aktsion\u00e4ride lepingute koostamiseni. Tegeleme ka eelistatud jaotusega klassi aktsiate kujundamisega, aktsiate omandamise \u00f5iguste v\u00e4ljaandmisega, asutajatevaheliste lepingutega, aktsiate \u00fcleandmisega ja mitmesuguste muude omakapitaliga seotud strateegiate ja lepingutega jne.<\/p>\n\n\n\n\t<\/div>\n<\/section>\n\n<section class=\"white-section mgb-section100\">\n\t<div class=\"anchor\" id=\"ma-related-legal-affairs\"><\/div>\n\t<div class=\"section-inner-black\">\n\t\t<h3>M&amp;A seotud \u00f5igusasjad<\/h3>\n\t\t<p class=\"mgb-middle\">Meil on ulatuslik kogemus M&amp;A tehingutes laias m\u00f5istes, peamiselt IT valdkonnas, sealhulgas veebiteenuste ja rakenduste \u00e4ri\u00fcleandmised ning riskikapitalifirmade v\u00e4ljaostmised. Oleme samuti esindanud klienti TSE esmase nimekirja ettev\u00f5ttes, mis on \u00fcle andnud oma IT-s\u00fcsteemide \u00e4ri riskikapitalifirmale.<\/p>\n\n\n\n\t<\/div>\n<\/section>\n\n<section class=\"purple-section\">\n\t<div class=\"anchor\" id=\"ma-of-sns-such-as-youtube\"><\/div>\n\t<div class=\"section-inner\">\n\t\t<div class=\"flex reverse\">\n\t\t\t<div class=\"width41\"><img decoding=\"async\" src=\"\/wp-content\/themes\/monolith2021\/img\/pic\/pic_sns_manda.jpg\" alt=\"M&amp;A of SNS such as YouTube\"><\/div>\n\t\t\t<div class=\"width51\">\n\t\t\t\t<h3>SNS-i, nagu YouTube, M&amp;A<\/h3>\n\t\t\t\t<p class=\"mgb-small\">YouTube&#8217;i kanalid ja Twitteri kontod on M&amp;A objektid, nagu ka veebisaidid jne. Kuid nende M&amp;A tehingute erip\u00e4ra t\u00f5ttu on vaja \u00f5igusb\u00fcrood, millel on spetsialiseeritud teadmised ja oskused.<\/p>\n\t\t\t\t<p class=\"mgb-small\">Meie b\u00fcroo on tegelelnud arvukate M&amp;A tehingutega YouTube&#8217;i kanalite ja teiste jaoks, alates v\u00e4ikestest summadest kuni nendeni, mis h\u00f5lmavad rohkem kui 100 miljonit jeeni, pakkudes \u00f5igusteenuseid alates lepingute koostamisest kuni due diligence&#8217;ini (DD).<\/p>\n\t\t\t\t<div class=\"btn-area align-left\">\n\t\t\t\t\t\n\t\t\t\t<\/div>\n\t\t\t<\/div>\n\t\t<\/div>\n\t<\/div>\n<\/section>\n\n<section class=\"white-section\">\n\t<div class=\"anchor\" id=\"one-stop-service-in-cooperation-with-judicial-scriveners\"><\/div>\n\t<div class=\"section-inner\">\n\t\t<div class=\"flex\">\n\t\t\t<div class=\"width41\"><img decoding=\"async\" src=\"\/wp-content\/themes\/monolith2021\/img\/stockrelatedlaw\/stockrelatedlaw_pic2.jpg\" alt=\"\u00dche peatuse teenus koost\u00f6\u00f6s kohtukirjutajatega\"><\/div>\n\t\t\t<div class=\"width51\">\n\t\t\t\t<h3>Koost\u00f6\u00f6s kohtut\u00e4ituritega \u00fche peatuse teenus<\/h3>\n\t\t\t\t<p class=\"mgb-small\">Erinevat t\u00fc\u00fcpi t\u00f6\u00f6d, nagu n\u00e4iteks uute aktsiate kolmandatele isikutele eraldamine, jagunevad suuresti tingimuste lehe ettevalmistamiseks, lepingul\u00e4bir\u00e4\u00e4kimisteks ja investeerimislepingute ning aktsion\u00e4ride lepingute ettevalmistamiseks, milles advokaadid on spetsialiseerunud, ning registreerimisega seotud t\u00f6\u00f6deks, milles kohtut\u00e4iturid on spetsialiseerunud.<\/p>\n\t\t\t\t<p class=\"mgb-small\">Kuna need on omavahel seotud, paisuvad suhtluskulud, kui klientidel tuleb eraldi tegeleda mitme erineva firmaga.<\/p>\n\t\t\t\t<p>MONOLITH LAW OFFICE suudab koost\u00f6\u00f6s kohtut\u00e4iturite b\u00fcroodega k\u00f5iki neid teenuseid pakkuda \u00fchest kontaktist ja \u00fchtlustatud viisil.<\/p>\n\t\t\t<\/div>\n\t\t<\/div>\n\t<\/div>\n<\/section>\n\n<section class=\"orange-section\">\n\t<div class=\"anchor\" id=\"legal-due-diligence-dd-support\"><\/div>\n\t<div class=\"section-inner\">\n\t\t<div class=\"flex reverse\">\n\t\t\t<div class=\"width41\"><img decoding=\"async\" src=\"\/wp-content\/themes\/monolith2021\/img\/pic\/pic_legalduediligence.jpg\" alt=\"Juriidilise hoolsuskohustuse toetamine\"><\/div>\n\t\t\t<div class=\"width51\">\n\t\t\t\t<h3>\u00d5igusliku hoolsuskohustuse t\u00e4itmise tugi<\/h3>\n\t\t\t\t<p class=\"mgb-small\">Ettev\u00f5tete omandamisel ja muudes olukordades on \u00f5iguslik due diligence (DD) \u00f5iguslik uurimine, et selgitada v\u00e4lja, kas j\u00e4rgmistes valdkondades on eriti t\u00f5siseid \u00f5igusprobleeme: asutamine, ettev\u00f5tte struktuur, aktsiad, aktsion\u00e4rid, sidusettev\u00f5tted, M&amp;A, kinnisvara, vallasvara, intellektuaalomandi \u00f5igused, rahandus, lepingud, kohtuvaidlused ja vaidlused, vastavus jne. Due diligence (DD) on \u00fclesanne, mis n\u00f5uab advokaadib\u00fcroodelt organisatsioonilisi oskusi. Meie 30 advokaadist koosnev meeskond on v\u00f5imeline sellist \u00f5iguslikku due diligence&#8217;i l\u00e4bi viima ja DD aruandeid \u00f5igeaegselt koostama.<\/p>\n\t\t\t\t<p><span class=\"bold\">*DD aruande koostamisel kulub tavaliselt rohkem kui 30 tundi advokaadi aega (advokaadi tasud on natuke \u00fcle 12 000 dollari).<\/span><\/p>\n\t\t\t<\/div>\n\t\t<\/div>\n\t<\/div>\n<\/section>\n\n<section class=\"orange2-section\">\n\t<div class=\"anchor\" id=\"disputes-related-to-stocks-and-investments\"><\/div>\n\t<div class=\"section-inner\">\n\t\t<h3>Meie poolt l\u00e4biviidud \u00f5iguslike hoolsusauditite juhtumid<\/h3>\n\t\t<p class=\"mgb-small\">\u00dcldiselt h\u00f5lmab hoolsusaudit ettev\u00f5tete v\u00f5i \u00e4ritegevuse aluseks olevaid k\u00fcsimusi, samuti neid, mis avaldavad olulist m\u00f5ju ettev\u00f5tte tegevusele.<\/p>\n\t\t<p class=\"mgb-small\">Konkreetselt h\u00f5lmab see ettev\u00f5tte struktuuri ja juhtimise seisukohast hindamist, kas ettev\u00f5tted v\u00f5i \u00e4rid suudavad p\u00fcsima j\u00e4\u00e4da, tuvastab ettev\u00f5tete ja \u00e4ride edasiseks tegevuseks vajalikud \u00f5igusnormid ja load ning m\u00e4\u00e4rab kindlaks, kas selliste lubade s\u00e4ilitamine on teostatav. Lisaks h\u00f5lmab see oluliste varade ja kohustuste, mis on seotud \u00e4ritegevusega, seisundi hindamist, oluliste lepingute puudumise v\u00e4ljaselgitamist (sealhulgas t\u00f6\u00f6- ja seotud osapooltega tehingud), nende soodsatel tingimustel j\u00e4tkamise teostatavuse hindamist ning ilmnenud riskide potentsiaalse m\u00f5ju hindamist.<\/p>\n\t\t<p class=\"mgb-middle\">Kuigi hoolsusaudit p\u00f5hineb nendel aspektidel, on selle ulatus kohandatud vastavalt ettev\u00f5tte v\u00f5i \u00e4ri iseloomule.<\/p>\n\t\t<ol class=\"layout-datalist\">\n\t\t\t<li>\n\t\t\t\t<h4>Tehnoloogiastartup<\/h4>\n\t\t\t\t<p>Alustades uurimist\u00f6\u00f6d ettev\u00f5tte struktuurist, sealhulgas aktsiate emiteerimisest ja aktsion\u00e4ride ning juhatuse koosseisust, paneme me MONOLITH LAW OFFICE&#8217;is samuti suurt r\u00f5hku peamise \u00e4ritegevusega seotud patenteeritud leiutiste ja muude \u00f5iguste p\u00f5hjalikule uurimisele.<\/p>\n\t\t\t<\/li>\n\t\t\t<li>\n\t\t\t\t<h4>Meediahaldusettev\u00f5te<\/h4>\n\t\t\t\t<p>Me uurisime nende YouTube&#8217;i kanaleid, et n\u00e4ha, kas need tegutsevad vastavalt teenusetingimustele ja privaatsuspoliitikale, samuti seda, kas nende varem avaldatud videosisu vastab autori\u00f5iguse ja reklaamieeskirjadele.<\/p>\n\t\t\t<\/li>\n\t\t\t<li>\n\t\t\t\t<h4>Lepingup\u00f5hine IT-ettev\u00f5te<\/h4>\n\t\t\t\t<p>Tuvastades erinevusi p\u00f5hikirja ja tegeliku olukorra vahel seoses aktsiate emiteerimise ja aktsion\u00e4ride koosolekute pidamisega, selgitasime v\u00e4lja nende k\u00fcsimustega seotud riskid ning aitasime tulevikus vastumeetmeid rakendada.<\/p>\n\t\t\t<\/li>\n\t\t\t<li>\n\t\t\t\t<h4>Arvutiga seotud jaem\u00fc\u00fcjad<\/h4>\n\t\t\t\t<p>Me ei keskendunud ainult \u00e4ritegevusele, vaid hindasime ka tehingute seisukorda teiste ettev\u00f5tetega ja toodete ostulepingute seisukorda. Lisaks, arvestades, et ettev\u00f5te tegeles ka ehitust\u00f6\u00f6de allt\u00f6\u00f6v\u00f5tuga, kinnitasime hoolikalt ehitustegevuse j\u00e4tkamisega seotud litsentside ja lubade \u00fcksikasju ning nende uuendamise seisukorda, sealhulgas vastutava isiku asukohta.<\/p>\n\t\t\t<\/li>\n\t\t\t<li>\n\t\t\t\t<h4>Arvutiga seotud tootjad<\/h4>\n\t\t\t\t<p>Lisaks t\u00f6\u00f6tingimuste, nagu t\u00f6\u00f6reeglite ja palgaregulatsioonide uurimisele, arvestades, et ettev\u00f5te omab mitmeid t\u00f6\u00f6ga seotud masinaid, tehaseid ja maid, uurisime p\u00f5hjalikult ka nende \u00f5igusi ja soetusv\u00e4\u00e4rtust.<\/p>\n\t\t\t<\/li>\n\t\t<\/ol>\n\t<\/div>\n<\/section>\n\n<section class=\"white-section\">\n\t<div class=\"anchor\" id=\"disputes-related-to-stocks-and-investments\"><\/div>\n\t<div class=\"section-inner\">\n\t\t<div class=\"flex\">\n\t\t\t<div class=\"width41\"><img decoding=\"async\" src=\"\/wp-content\/themes\/monolith2021\/img\/stockrelatedlaw\/stockrelatedlaw_pic4.jpg\" alt=\"Aktsiate ja investeeringutega seotud vaidlused\"><\/div>\n\t\t\t<div class=\"width51\">\n\t\t\t\t<h3>Aktsiate ja investeeringutega seotud vaidlused<\/h3>\n\t\t\t\t<p>Meil on suur kogemus investeeringute ja muude k\u00fcsimustega seotud probleemide ja vaidluste lahendamisel, alates kohtuvaidlustest ettev\u00f5tete ja aktsion\u00e4ride vahel, nagu aktsion\u00e4ride derivaatn\u00f5uded, kuni kapitali suurendamise, v\u00e4ljaostmiste ja muude k\u00fcsimustega seotud probleemideni.<\/p>\n\t\t\t<\/div>\n\t\t<\/div>\n\t<\/div>\n<\/section>\n\n<section class=\"purple2-section\">\n\t<div class=\"anchor\" id=\"monolith-law-magazine\"><\/div>\n\t<div class=\"section-inner\">\n\t\t    <section class=\"white-section temp-article\">\n        <div class=\"section-inner\">\n            <h4>MONOLITH LAW MAGAZINE<\/h4>\n            <div class=\"articles type_practice_column\">\n                                                                    <div class=\"article article-area\">\n                        <figure>\n                            <div class=\"img-wrap\">\n                                <img alt=\"Milline on juhatuse liikmete vastutuskindlustuse leping? Selgitame protseduure ja erinevusi ettev\u00f5tte h\u00fcvitistega p\u00e4rast Jaapani \u00e4ri\u00fchingu\u00f5iguse muudatust\" src=\"https:\/\/monolith.law\/et\/wp-content\/uploads\/sites\/36\/2024\/06\/Shutterstock_2311231603.webp\" width=\"500\" height=\"250\">\n                            <\/div>\n                            <figcaption>\n                                <div class=\"figcaption-inner\">\n                                    <h3>Milline on juhatuse liikmete vastutuskindlustuse leping? Selgitame protseduure j.<\/h3>\n                                <\/div>\n                            <\/figcaption>\n                            <a href=\"https:\/\/monolith.law\/et\/general-corporate\/directors-liability-insurance-contract\"><\/a>\n                        <\/figure>\n                    <\/div>\n                                                    <div class=\"article article-area\">\n                        <figure>\n                            <div class=\"img-wrap\">\n                                <img alt=\"Kuidas asutada ettev\u00f5tet (firmat) v\u00e4lismaal? Selgitame ka t\u00fc\u00fcpe ja olulisi punkte\" src=\"https:\/\/monolith.law\/et\/wp-content\/uploads\/sites\/36\/2024\/06\/world.webp\" width=\"500\" height=\"250\">\n                            <\/div>\n                            <figcaption>\n                                <div class=\"figcaption-inner\">\n                                    <h3>Kuidas asutada ettev\u00f5tet (firmat) v\u00e4lismaal? Selgitame ka t\u00fc\u00fcpe ja olulisi punkt.<\/h3>\n                                <\/div>\n                            <\/figcaption>\n                            <a href=\"https:\/\/monolith.law\/et\/general-corporate\/establishment-of-overseas-corporation\"><\/a>\n                        <\/figure>\n                    <\/div>\n                                                    <div class=\"article article-area\">\n                        <figure>\n                            <div class=\"img-wrap\">\n                                <img alt=\"Milline on rahvusvaheline \u00f5igusteenus, mis on vajalik v\u00e4lismaale laienemiseks? Selgitame vajalikke oskusi ja t\u00f6\u00f6\u00fclesandeid\" src=\"https:\/\/monolith.law\/et\/wp-content\/uploads\/sites\/36\/2024\/06\/strategy.webp\" width=\"500\" height=\"250\">\n                            <\/div>\n                            <figcaption>\n                                <div class=\"figcaption-inner\">\n                                    <h3>Milline on rahvusvaheline \u00f5igusteenus, mis on vajalik v\u00e4lismaale laienemiseks? S.<\/h3>\n                                <\/div>\n                            <\/figcaption>\n                            <a href=\"https:\/\/monolith.law\/et\/general-corporate\/international-legal-affairs\"><\/a>\n                        <\/figure>\n                    <\/div>\n                                            <\/div>\n            <div class=\"btn-more\"><a href=\"https:\/\/monolith.law\/et\/tag\/m-and-a\">Read More<\/a><\/div>\n        <\/div>\n    <\/section>\n\t<\/div>\n<\/section>\n\n<section class=\"orange2-section\">\n\t<div class=\"anchor\" id=\"fee-structure\"><\/div>\n\t<div class=\"section-inner\">\n\t<div class=\"planWrap\">\n\t<h3>Tasustamise struktuur<\/h3>\n\t<ul class=\"plan\">\n\t\t<li class=\"txt-left\">\n\t\t\t<div class=\"plan-inner\">\n\t\t\t<div class=\"plan-header\">\n\t\t\t<h4 class=\"plan-title\">Tunnitasu<\/h4>\n\t\t\t<div class=\"plan-price\"><span class=\"price-figure\">$300<\/span>tunnis<span class=\"price-tax\"><\/span><\/div>\n\t\t\t<\/div>\n\t\t\t<div class=\"plan-body\">Teatud juhtudel v\u00f5ime kaaluda vaidluse v\u00f5i kohtuasja vastuv\u00f5tmist algse tasu ja tulemustasu alusel. T\u00e4psema teabe saamiseks v\u00f5tke meiega julgelt \u00fchendust.<\/div>\n\t\t\t<\/div>\n\t\t<\/li>\n\t\t<li class=\"txt-left\">\n\t\t\t<div class=\"plan-inner\">\n\t\t\t<div class=\"plan-header\">\n\t\t\t<h4 class=\"plan-title\">Lepingute koostamine<\/h4>\n\t\t\t<div class=\"plan-price\"><span class=\"price-value\">alates<\/span><span class=\"price-figure\">$500<\/span><span class=\"price-value\">kuni $2,000 v\u00f5i rohkem<\/span><span class=\"price-tax\"><\/span><\/div>\n\t\t\t<\/div>\n\t\t\t<div class=\"plan-body\">Hinnastamise struktuur v\u00f5ib varieeruda s\u00f5ltuvalt lepingute t\u00fc\u00fcbist ja mahust. Meil on hea meel pakkuda esialgset hinnangut p\u00e4ringu alusel, seega kutsume teid \u00fcles v\u00f5tma meiega \u00fchendust t\u00e4iendavate \u00fcksikasjade saamiseks.<\/div>\n\t\t\t<\/div>\n\t\t<\/li>\n\t\t<li class=\"txt-left\">\n\t\t\t<div class=\"plan-inner\">\n\t\t\t<div class=\"plan-header\">\n\t\t\t<h4 class=\"plan-title\">Muud teenused<\/h4>\n\t\t\t<div class=\"plan-price\"><span class=\"price-figure\">V\u00f5tke meiega \u00fchendust<\/span><\/div>\n\t\t\t<\/div>\n\t\t\t<div class=\"plan-body\">Pakume laia valikut teenuseid, sealhulgas ettev\u00f5tte asutamine, lepingute \u00fclevaatus, \u00f5igusarvamused, juhtumite \u00fclevaated v\u00f5i uurimiskirjad. Kui teil on k\u00fcsimusi v\u00f5i muresid, kutsume teid s\u00fcdamest \u00fchendust v\u00f5tma ja meie asjatundlik meeskond on r\u00f5\u00f5muga valmis teid aitama.<\/div>\n\t\t\t<\/div>\n\t\t\t<\/div>\n\t\t<\/li>\n\t<\/ul>\n\t<\/div>\n\t<\/div>\n<\/section>\n\n<section class=\"white-section\">\n\t<div class=\"section-inner\">\n\t\t<div class=\"btn-area\">\n\t\t\t<div class=\"btn icon-contact\"><a href=\"\/et\/contact\">V\u00f5tke meiega \u00fchendust<\/a><\/div>\n\t\t<\/div>\n\t<\/div>\n<\/section>\n","protected":false},"excerpt":{"rendered":"<p>M&amp;A MONOLITH LAW OFFICE on hallanud arvukalt IT-valdkonna, sealhulgas rakenduste ja veebiteenuste keskseid omakapitali ja M&amp;A-ga seotud \u00f5igusk\u00fcsimusi. Oleme v\u00f5imelised teostama \u00f5iguslikku hool [&hellip;]<\/p>\n","protected":false},"author":1,"featured_media":57141,"parent":0,"menu_order":7,"comment_status":"closed","ping_status":"closed","template":"other-page-temp.php","meta":{"footnotes":""},"acf":[],"_links":{"self":[{"href":"https:\/\/monolith.law\/et\/wp-json\/wp\/v2\/pages\/32408"}],"collection":[{"href":"https:\/\/monolith.law\/et\/wp-json\/wp\/v2\/pages"}],"about":[{"href":"https:\/\/monolith.law\/et\/wp-json\/wp\/v2\/types\/page"}],"author":[{"embeddable":true,"href":"https:\/\/monolith.law\/et\/wp-json\/wp\/v2\/users\/1"}],"replies":[{"embeddable":true,"href":"https:\/\/monolith.law\/et\/wp-json\/wp\/v2\/comments?post=32408"}],"version-history":[{"count":32,"href":"https:\/\/monolith.law\/et\/wp-json\/wp\/v2\/pages\/32408\/revisions"}],"predecessor-version":[{"id":64222,"href":"https:\/\/monolith.law\/et\/wp-json\/wp\/v2\/pages\/32408\/revisions\/64222"}],"wp:featuredmedia":[{"embeddable":true,"href":"https:\/\/monolith.law\/et\/wp-json\/wp\/v2\/media\/57141"}],"wp:attachment":[{"href":"https:\/\/monolith.law\/et\/wp-json\/wp\/v2\/media?parent=32408"}],"curies":[{"name":"wp","href":"https:\/\/api.w.org\/{rel}","templated":true}]}}