{"id":4096,"date":"2023-11-11T23:50:29","date_gmt":"2023-11-11T14:50:29","guid":{"rendered":"https:\/\/monolith.law\/?page_id=4096"},"modified":"2024-04-30T16:12:54","modified_gmt":"2024-04-30T07:12:54","slug":"overview-of-our-firm","status":"publish","type":"page","link":"https:\/\/monolith.law\/et\/overview-of-our-firm","title":{"rendered":"Meie firma \u00fclevaade"},"content":{"rendered":"\n<section class=\"heading-area\">\n\t<div class=\"heading-area-inner\">\n\t\t<h2 class=\"icon-overview-of-our-firm\">Meie firma \u00fclevaade<\/h2>\n\t\t<p>MONOLITH LAW OFFICE on Tokyo-p\u00f5hine Jaapani \u00f5igusb\u00fcroo, mis on spetsialiseerunud IT, interneti ja \u00e4ri valdkondadele ning koosneb IT spetsialistidest, sealhulgas asutajast advokaadist, kellel on ulatuslik taust IT insenerina.<\/p>\n\t<\/div>\n<\/section>\n<section class=\"white-section\">\n\t<div class=\"section-inner pdt0 border-bottom-section\">\n\t\t<p>Meie asutaja, advokaat Toki Kawase, hakkas programmeerimisega tegelema juba p\u00f5hikooli kolmandas klassis ning t\u00f6\u00f6tas \u00fclikooli\u00f5pingute ajal IT sektoris. Oma kahek\u00fcmnendates aastates koges ta nii idufirmade juhtimist kui ka suuremate ettev\u00f5tete juhtimist. Nende ainulaadsete kogemuste s\u00fcnergia abil on meie b\u00fcrool meeskond IT professionaale, kes aitavad klientidele lahendusi pakkuda.<br>MONOLITH LAW OFFICE pakub \u00f5igusalaseid konsultatsiooniteenuseid, kasutades t\u00e4iel m\u00e4\u00e4ral \u00e4ra oma tugevusi IT valdkonnas. Meie klientide hulka kuuluvad nii tipptasemel ettev\u00f5tted kui ka seemnefaasis idufirmad. Meil on laialdased kogemused IT-ga seotud \u00f5igusteenuste pakkumisel erinevatele ettev\u00f5tetele.<\/p>\n\t<\/div>\n<\/section>\n<section class=\"second-nav\">\n\t<div class=\"second-nav-inner\">\n\t\t<p>TEEMAD<\/p>\n\t\t<nav>\n\t\t\t<ul>\n\t\t\t\t<li><a href=\"#specialization-in-it\">Spetsialiseerumine IT-le<\/a><\/li>\n\t\t\t\t<li><a href=\"#law-firm-at-otemachi-tokyo\">\u00d5igusb\u00fcroo Otemachis, Tokyos<\/a><\/li>\n\t\t\t\t<li><a href=\"#what-is-a-monolith\">Mis on Monoliit<\/a><\/li>\n\t\t\t\t<li><a href=\"#from-legal-advisor-to-it-specialized-lawyer\">\u00d5igusn\u00f5ustajast IT spetsialiseerunud advokaadiks<\/a><\/li>\n\t\t\t\t<li><a href=\"#handling-cross-border-legal-matters\">Piiri\u00fcleste \u00f5igusk\u00fcsimuste k\u00e4sitlemine<\/a><\/li>\n\t\t\t\t<li><a href=\"#our-clients\">Meie kliendid<\/a><\/li>\n\t\t\t<\/ul>\n\t\t<\/nav>\n\t<\/div>\n<\/section>\n<section class=\"white-section\">\n\t<div class=\"anchor\" id=\"specialization-in-it\"><\/div>\n\t<div class=\"section-inner\">\n\t\t<div class=\"flex\">\n\t\t\t<div class=\"width41\"><img decoding=\"async\" src=\"\/wp-content\/uploads\/2023\/06\/about_pic1.jpg\" alt=\"Specialization in IT\"><\/div>\n\t\t\t<div class=\"width51\">\n\t\t\t\t<h3>IT alal spetsialiseerumine<\/h3>\n\t\t\t\t<p class=\"mgb-small\">Oleme Tokyos asuv Jaapani \u00f5igusb\u00fcroo MONOLITH LAW OFFICE, mis on eriti tugev IT valdkonnas. Meil on mitte ainult advokaatide meeskond, kes on spetsialiseerunud IT erinevatele aspektidele, vaid ka IT konsultantide meeskond, kellel on p\u00f5hjalikud teadmised IT-st. \u00d5iguse ja IT s\u00fcnergia abil tagame oma klientide parimad huvid.<\/p>\n\t\t\t\t<p class=\"mgb-small\">Meie esindusadvokaat Toki Kawase alustas programmeerimist juba p\u00f5hikooli kolmandas klassis. Toki on sukeldunud IT t\u00f6\u00f6stusse kohe p\u00e4rast \u00fclikooli astumist; ning \u00e4risse, eriti idufirmadesse ja v\u00e4ikestesse ning keskmise suurusega ettev\u00f5tetesse, millega ta tegeles oma 20ndates. Need on Toki Kawase, meie asutaja advokaadi, tugevused ja MONOLITH LAW OFFICE praktika valdkonnad.<\/p>\n\t\t\t\t<p class=\"mgb-middle\">Nendest vaatenurkadest l\u00e4htuvalt keskendub MONOLITH LAW OFFICE n\u00f5ustamis- ja muudele teenustele m\u00e4rks\u00f5naga &#8220;IT&#8221;, alates tippklassi ettev\u00f5tetest kuni seemnefaasi idufirmadeni, samuti teenustele m\u00e4rks\u00f5nadega &#8220;Internet&#8221; ja &#8220;\u00c4ri&#8221;, alates b\u00f6rsil noteeritud ettev\u00f5tete interneti\u00f5igusest kuni M&amp;A-ni.<\/p>\n\t\t\t\t<div class=\"btn-area\">\n\t\t\t\t\t<div class=\"btn icon-services\"><a href=\"\/et\/services\">Teenused<\/a><\/div>\n\t\t\t\t\t<div class=\"btn icon-people\"><a href=\"\/en\/people\">Inimesed<\/a><\/div>\n\t\t\t\t<\/div>\n\t\t\t<\/div>\n\t\t<\/div>\n\t<\/div>\n<\/section>\n<section class=\"purple-section\">\n\t<div class=\"anchor\" id=\"law-firm-at-otemachi-tokyo\"><\/div>\n\t<div class=\"section-inner\">\n\t\t<div class=\"flex reverse\">\n\t\t\t<div class=\"width41\"><img decoding=\"async\" src=\"\/wp-content\/uploads\/2023\/06\/about_pic2.jpg\" alt=\"Law Firm at Otemachi, Tokyo\"><\/div>\n\t\t\t<div class=\"width51\">\n\t\t\t\t<div class=\"inline-inner\">\n\t\t\t\t\t<h3>\u00d5igusb\u00fcroo Otemachis, Tokyo<\/h3>\n\t\t\t\t\t<p class=\"mgb-small\">MONOLITH LAW OFFICE on Jaapani \u00f5igusb\u00fcroo, mis asub Otemachis, Chiyoda-ku, Tokyo.<\/p>\n\t\t\t\t\t<p class=\"mgb-small\">Oleme olnud \u00f5igusn\u00f5ustajateks ligikaudu 1087 IT-ettev\u00f5ttele, alates idufirmadest kuni TSE esimese sektsiooni ettev\u00f5teteni, mis esindavad Tokyo b\u00f6rsi suurimaid ja prestii\u017esemaid ettev\u00f5tteid. Pakume \u00f5igusteenuseid kokku 1855 kliendile, keskendudes IT-ga seotud \u00f5igusk\u00fcsimustele, nagu mainekahju ennetamine, laimuvastane tegevus ja s\u00fcsteemiarendusega seotud vaidlused.<\/p>\n\t\t\t\t\t<p class=\"mgb-middle\">&#8220;Ekspertiis IT-s ja \u00e4ris&#8221; on see, mis teeb meid eriliseks.<\/p>\n\t\t\t\t\t<div class=\"btn-area\">\n\t\t\t\t\t\t<div class=\"btn icon-access\"><a href=\"\/et\/access\">Access<\/a><\/div>\n\t\t\t\t\t<\/div>\n\t\t\t\t<\/div>\n\t\t\t<\/div>\n\t\t<\/div>\n\t<\/div>\n<\/section>\n<section class=\"white-section\">\n\t<div class=\"anchor\" id=\"what-is-a-monolith\"><\/div>\n\t<div class=\"section-inner\">\n\t\t<div class=\"flex\">\n\t\t\t<div class=\"width41\"><img decoding=\"async\" src=\"\/wp-content\/themes\/monolith2021\/img\/about\/about_pic3.jpg\" alt=\"What is a Monolith\"><\/div>\n\t\t\t<div class=\"width51\">\n\t\t\t\t<h3>Mis on Monoliit<\/h3>\n\t\t\t\t<p class=\"mgb-small\">S\u00f5na &#8220;monoliit&#8221; on tuletatud ladina keelest, t\u00e4hendades \u00fcksikut v\u00f5i isoleeritud kivi. Stanley Kubricki filmis &#8220;2001: Kosmoseod\u00fcsseia&#8221; kujutatakse neid kui v\u00e4ljaspool maist intelligentsust, mille roll on katal\u00fc\u00fcsida inimkonna evolutsiooni.<\/p>\n\t\t\t\t<p class=\"mgb-small\">MONOLITH LAW OFFICE&#8217;i missioon on edendada IT ja teiste tehnoloogiate, samuti sotsiaalsete s\u00fcsteemide evolutsiooni \u00f5igusspetsialistina. MONOLITH t\u00f6\u00f6tab startup-ettev\u00f5tete poolt esitatud h\u00fcpoteeside testimise, IT ja \u00f5iguse koordineerimise mainekahju vastumeetmetes ning vaidluste lahendamises ning sujuvamate \u00e4ris\u00fcsteemide loomise nimel.<\/p>\n\t\t\t\t<p class=\"mgb-small\">MONOLITH LAW OFFICE usub, et \u00f5igus katal\u00fc\u00fcsib inimkonna evolutsiooni tehnoloogia ja \u00fchiskonna kaudu. <\/p>\n\t\t\t\t<p class=\"mgb-middle\">MONOLITH LAW OFFICE&#8217;i l\u00f5ppeesm\u00e4rk on edendada IT, \u00fchiskonna ja inimkonna evolutsiooni. <\/p>\n\t\t<\/div>\n\t<\/div>\n<\/section>\n<section class=\"orange-section\">\n\t<div class=\"anchor\" id=\"from-legal-advisor-to-it-specialized-lawyer\"><\/div>\n\t<div class=\"section-inner\">\n\t\t<div class=\"flex reverse\">\n\t\t\t<div class=\"width41\"><img decoding=\"async\" src=\"\/wp-content\/uploads\/2023\/06\/about_pic4.jpg\" alt=\"From \"><\/div>\n\t\t\t<div class=\"width51\">\n\t\t\t\t<h3>Juriidilisest n\u00f5ustamisest IT \u00f5iguse spetsialistideni<\/h3>\n\t\t\t\t<p class=\"mgb-small\">MONOLITH LAW OFFICE t\u00f5stab esile oma eeliseid &#8220;IT \u00f5igusasjades, interneti \u00f5igusasjades ja \u00e4ri\u00f5iguses&#8221;. Pakume \u00f5igusteenuseid paljudele ettev\u00f5tetele, keskendudes IT-le. Meil on kaks peamist t\u00fc\u00fcpi \u00f5igusteenuseid.<\/p>\n\t\t\t\t<p class=\"mgb-small\">Esimene on teenus, mis p\u00f5hineb &#8220;\u00dcldn\u00f5uniku&#8221; v\u00f5i &#8220;Peajuristi&#8221; positsioonil IT ettev\u00f5ttes. Kuna ettev\u00f5tte p\u00f5hitegevus on seotud IT-ga, valitakse meie firma oma v\u00f5ime t\u00f5ttu m\u00f5ista kliendi IT-tehnoloogiat ja \u00e4ri.<\/p>\n\t\t\t\t<p class=\"mgb-small\">Teine on t\u00f6\u00f6tamine &#8220;IT\/interneti \u00f5iguse spetsialistina&#8221; ettev\u00f5tetes, kus IT ei ole nende p\u00f5hitegevus. Kuigi IT ei ole selliste \u00e4ride nagu finants, kinnisvara ja restoranid tuum, ei saa nad ilma IT ja internetita enam eksisteerida. Pakume ettev\u00f5tetele \u00f5iguslikku tuge nende IT ja internetiga seotud tegevustes.<\/p>\n\t\t\t\t<p class=\"mgb-middle\">MONOLITH LAW OFFICE t\u00f6\u00f6tab teiega koos, tuginedes meie k\u00f5rgele ekspertiisile, et toetada teie ettev\u00f5tte arengut.<\/p>\n\t\t\t\t<div class=\"btn-area\">\n\t\t\t\t\t<div class=\"btn icon-general-corporate\"><a href=\"\/et\/services#general-corporate\">\u00dcldine ettev\u00f5tlus<\/a><\/div>\n\t\t\t\t\t<div class=\"btn icon-it\"><a href=\"\/et\/services#it\">IT<\/a><\/div>\n\t\t\t\t<\/div>\n\t\t\t<\/div>\n\t\t<\/div>\n\t<\/div>\n<\/section>\n<section class=\"white-section\">\n\t<div class=\"anchor\" id=\"handling-cross-border-legal-matters\"><\/div>\n\t<div class=\"section-inner\">\n\t\t<div class=\"flex\">\n\t\t\t<div class=\"width41\"><img decoding=\"async\" src=\"\/wp-content\/uploads\/2023\/06\/about_pic5.jpg\" alt=\"Handling cross-border legal matters\"><\/div>\n\t\t\t<div class=\"width51\">\n\t\t\t\t<h3>Rahvusvaheliste \u00f5igusk\u00fcsimuste k\u00e4sitlemine<\/h3>\n\t\t\t\t<p class=\"mgb-small\">IT ja internetisektorite rahvusvaheliste \u00f5igusk\u00fcsimuste haldamine on meie ekspertiis. Globaliseerumise ja piiri\u00fcleste tegevuste t\u00e4htsuse kasvades muutub asjakohane \u00f5igusabi \u00fcha olulisemaks.<\/p>\n\t\t\t\t<p class=\"mgb-small\">N\u00e4iteks kui Jaapani SaaS-ettev\u00f5te laieneb rahvusvahelistele turgudele, on kohalike \u00f5igusn\u00f5uete ja regulatsioonide j\u00e4rgimine h\u00e4davajalik. Samuti on v\u00e4lisinvesteeringute kaasamisel vajalik abi investeerimislepingute ja nendega seotud \u00f5igusdokumentide koostamisel ning l\u00e4bir\u00e4\u00e4kimistel. Vastupidiselt, Jaapani ettev\u00f5tete puhul, kes tegelevad v\u00e4lismaiste \u00fchinemis- ja omandamistehingutega v\u00f5i globaalse laienemisega, on kohalike seaduste ja regulatsioonide m\u00f5istmine eluliselt t\u00e4htis. Lisaks n\u00f5uab keelelistest ja kultuurilistest barj\u00e4\u00e4ridest \u00fclesaamine, nagu n\u00e4iteks m\u00f5jutajaturundus ja sissetuleva n\u00f5udluse korral, kohalike seaduste ja lepinguliste k\u00fcsimuste lahendamist.<\/p>\n\t\t\t\t<p class=\"mgb-middle\">MONOLITH LAW OFFICE on tugevdanud oma v\u00f5imekust tipptasemel \u00f5igusvaldkondades, et vastata piiri\u00fcleste tegevuste ja globaliseerumise n\u00f5udmistele. \u00dchendades meie advokaatide meeskonna inseneride ja teiste spetsialistidega, pakume p\u00f5hjalikku tuge, kasutades tehnilisi teadmisi ja \u00f5igusalast ekspertiisi, et toetada klientide rahvusvahelist laienemist ja globaalseid \u00e4rip\u00fc\u00fcdlusi.<\/p>\n\t\t\t\t<div class=\"btn-area\">\n\t\t\t\t\t<div class=\"btn icon-cross-border\"><a href=\"\/et\/services#cross-border\">Cross-border<\/a><\/div>\n\t\t\t\t<\/div>\n\t\t\t<\/div>\n\t\t<\/div>\n\t<\/div>\n<\/section>\n<section class=\"purple-section\">\n\t<div class=\"anchor\" id=\"our-clients\"><\/div>\n\t<div class=\"section-inner\">\n\t\t<div class=\"flex reverse\">\n\t\t\t<div class=\"width41\"><img decoding=\"async\" src=\"\/wp-content\/uploads\/2019\/09\/beartail_kurosaki.jpg\" alt=\"Our Clients\"><\/div>\n\t\t\t<div class=\"width51\">\n\t\t\t\t<h3>Meie kliendid<\/h3>\n\t\t\t\t<p class=\"mgb-small\">MONOLITH LAW OFFICE pakub kahte peamist t\u00fc\u00fcpi teenuseid. \u00dcks on olla IT- ja idufirma \u00fcldn\u00f5unik v\u00f5i peajurist, tegeledes ettev\u00f5tte \u00fcldiste \u00f5igusasjadega. Teine on tegutseda erinevate ettev\u00f5tete &#8220;IT- ja IP-\u00f5iguse advokaadina&#8221;, tegeledes ettev\u00f5tte IT- ja IP-\u00f5igusasjadega.<\/p>\n\t\t\t\t<p class=\"mgb-small\">Oleme oma klientidelt saanud j\u00e4rgmise tagasiside:<\/p>\n\t\t\t\t<p class=\"mgb-small\">&#8220;\u00d5igusliku riski v\u00f5tmine n\u00f5uab tehnoloogia m\u00f5istmist ja MONOLITH LAW OFFICE on selles valdkonnas professionaal.&#8221;<\/p>\n\t\t\t\t<p class=\"mgb-small\">&#8220;MONOLITH LAW OFFICE on abiks, sest nad t\u00f6\u00f6tavad meiega koos, et v\u00e4lja selgitada &#8216;kuidas riski kontrollida&#8217; ettev\u00f5tte juhi vaatenurgast.&#8221;<\/p>\n\t\t\t\t<p class=\"mgb-middle\">&#8220;MONOLITH LAW OFFICE on nii advokaadib\u00fcroo kui ka juhtimiskonsultatsioonide firma. Nad pakuvad oma selgitustele \u00f5iguslikku alust.&#8221;<\/p>\n\t\t\t\t\n\t\t<\/div>\n\t<\/div>\n<\/section>\n","protected":false},"excerpt":{"rendered":"<p>Meie firma \u00fclevaade MONOLITH LAW OFFICE on Tokyo-p\u00f5hine Jaapani \u00f5igusb\u00fcroo, mis on spetsialiseerunud IT, interneti ja \u00e4ri valdkondadele ning koosneb IT spetsialistidest, sealhulgas asutajast advokaadi [&hellip;]<\/p>\n","protected":false},"author":1,"featured_media":56658,"parent":0,"menu_order":1,"comment_status":"closed","ping_status":"closed","template":"other-page-temp.php","meta":{"footnotes":""},"acf":[],"_links":{"self":[{"href":"https:\/\/monolith.law\/et\/wp-json\/wp\/v2\/pages\/4096"}],"collection":[{"href":"https:\/\/monolith.law\/et\/wp-json\/wp\/v2\/pages"}],"about":[{"href":"https:\/\/monolith.law\/et\/wp-json\/wp\/v2\/types\/page"}],"author":[{"embeddable":true,"href":"https:\/\/monolith.law\/et\/wp-json\/wp\/v2\/users\/1"}],"replies":[{"embeddable":true,"href":"https:\/\/monolith.law\/et\/wp-json\/wp\/v2\/comments?post=4096"}],"version-history":[{"count":94,"href":"https:\/\/monolith.law\/et\/wp-json\/wp\/v2\/pages\/4096\/revisions"}],"predecessor-version":[{"id":64215,"href":"https:\/\/monolith.law\/et\/wp-json\/wp\/v2\/pages\/4096\/revisions\/64215"}],"wp:featuredmedia":[{"embeddable":true,"href":"https:\/\/monolith.law\/et\/wp-json\/wp\/v2\/media\/56658"}],"wp:attachment":[{"href":"https:\/\/monolith.law\/et\/wp-json\/wp\/v2\/media?parent=4096"}],"curies":[{"name":"wp","href":"https:\/\/api.w.org\/{rel}","templated":true}]}}