{"id":41151,"date":"2023-11-14T14:33:54","date_gmt":"2023-11-14T05:33:54","guid":{"rendered":"https:\/\/monolith.law\/?page_id=41151"},"modified":"2024-08-02T18:09:40","modified_gmt":"2024-08-02T09:09:40","slug":"home","status":"publish","type":"page","link":"https:\/\/monolith.law\/et\/","title":{"rendered":"MONOLITH LAW OFFICE | Tokyo, Jaapan"},"content":{"rendered":"\n<p>\n<\/p>\n\n\n\n<section class=\"white-section front-top\" data-delighter=\"\">\n\t<div class=\"section-inner\">\n\t<div class=\"top-logo\">\n\t<div class=\"base\"><\/div>\n\t<img decoding=\"async\" src=\"\/wp-content\/themes\/monolith2021\/img\/top\/top_logo_m.svg\" alt=\"M\" class=\"top-logo-1\">\n\t<img decoding=\"async\" src=\"\/wp-content\/themes\/monolith2021\/img\/top\/top_logo_o.svg\" alt=\"O\" class=\"top-logo-2\">\n\t<img decoding=\"async\" src=\"\/wp-content\/themes\/monolith2021\/img\/top\/top_logo_n.svg\" alt=\"N\" class=\"top-logo-3\">\n\t<img decoding=\"async\" src=\"\/wp-content\/themes\/monolith2021\/img\/top\/top_logo_o.svg\" alt=\"O\" class=\"top-logo-4\">\n\t<img decoding=\"async\" src=\"\/wp-content\/themes\/monolith2021\/img\/top\/top_logo_l.svg\" alt=\"L\" class=\"top-logo-5\">\n\t<img decoding=\"async\" src=\"\/wp-content\/themes\/monolith2021\/img\/top\/top_logo_i.svg\" alt=\"I\" class=\"top-logo-6\">\n\t<img decoding=\"async\" src=\"\/wp-content\/themes\/monolith2021\/img\/top\/top_logo_t.svg\" alt=\"T\" class=\"top-logo-7\">\n\t<img decoding=\"async\" src=\"\/wp-content\/themes\/monolith2021\/img\/top\/top_logo_h.svg\" alt=\"H\" class=\"top-logo-8\">\n\t<\/div>\n\t<p class=\"text1\"><strong>IT evolutsioon<\/strong><\/p>\n\t<p class=\"text2\">T\u00e4nap\u00e4eval on IT kaasaegse \u00e4ritegevuse s\u00fcdames, <br class=\"sp-none\">kuid IT kasutamine \u00e4ritegevuses n\u00f5uab \u00f5iguslikku riskijuhtimist.<br>MONOLITH LAW OFFICE&#8217;is t\u00f6\u00f6tab meie advokaatide ja IT-konsultantide meeskond \u00fchtselt, et lahendada kliendi probleeme.<br class=\"sp-none\">Meie missiooniks on s\u00fctitada IT-innovatsiooni ja soodustada kasvu Jaapanis, v\u00f5imaldades ettev\u00f5tetel t\u00f5usta enneolematutele k\u00f5rgustele.<\/p>\n\t\t<\/div>\n<\/section>\n<section class=\"white-section front-about\">\n\t<div class=\"section-inner\">\n\t<div class=\"text\">\n\t<p class=\"en\">MONOLITH LAW OFFICE&#8217;ist<\/p>\n\t<h2>Meie missioon IT-inseneri taustaga juriidilise spetsialistina.<\/h2>\n\t<p class=\"text\">MONOLITH LAW OFFICE on Tokyo-p\u00f5hine Jaapani advokaadib\u00fcroo, mis pakub IT-\u00f5igusteenuseid erinevatele ettev\u00f5tetele.<br>Toki Kawase, meie juhtiv advokaat, on t\u00f6\u00f6tanud vabakutselise IT-insenerina alates \u00fclikooli\u00f5pingutest. Tal on kogemusi IT-ettev\u00f5tte loomisel ja ta on t\u00f6\u00f6tanud ka IT-insenerina. Toki on oma silmaga n\u00e4inud, kuidas IT abil on start-up ettev\u00f5tted ja muud ettev\u00f5tted oluliselt kasvanud ning milliseid riske see protsess kaasa toob. Ta m\u00f5istab, et selleks, et IT saaks ka tulevikus ettev\u00f5tetele suuri eeliseid pakkuda, on vaja uuenduslikku \u00f5iguslikku perspektiivi.<br>Selle kogemuse p\u00f5hjal on ta asutanud MONOLITH LAW OFFICE&#8217;i, organisatsiooni, mis koosneb k\u00f5rgelt spetsialiseerunud advokaatidest ja IT-konsultantidest, et pakkuda erinevaid lahendusi.<\/p>\n\t<\/div>\n\t<div class=\"pic\"><img decoding=\"async\" src=\"\/wp-content\/themes\/monolith2021\/img\/top\/kawase_pic.png\" alt=\"Meie asutaja advokaat Toki Kawase\"><\/div>\n\t<\/div>\n<\/section>\n<section class=\"white-section front-numbers\">\n\t<div class=\"section-inner\">\n\t<p class=\"en\">NUMBRITES MONOLITH LAW OFFICE<\/p>\n\t<h2>Meie kogemus nii \u00f5igusb\u00fcroona kui ka ettev\u00f5tte IT-spetsialistina.<\/h2>\n\t<div class=\"box-wrap\">\n\t<div class=\"sub-box\">\n\t\t<h3>Kliendid<\/h3>\n\t\t<p class=\"code\">1855\n\t\t<p class=\"text\">Oleme toetanud erinevaid ettev\u00f5tteid erinevates t\u00f6\u00f6stusharudes. Meie klientuur ulatub Jaapani tipptasemel organisatsioonidest v\u00e4ikeste ja keskmise suurusega ettev\u00f5teteni. Pakume teenuseid, mis on suunatud iga kliendi vajadustele. <\/p>\n\t<\/div>\n\t<div class=\"sub-box\">\n\t\t<h3>Originaalsed IT-lahendused<\/h3>\n\t\t<p class=\"code\">7\n\t\t<p class=\"text\">Oleme meeskond, mis on spetsialiseerunud ettev\u00f5tete IT-le. MONOLITH LAW OFFICE on oskuslike juristide ja IT-konsultantide meeskond, mis on p\u00fchendunud teie konkreetsetele vajadustele kohandatud lahenduste loomisele.<\/p>\n\t<\/div>\n\t<div class=\"sub-box\">\n\t\t<h3>Advokaadid<\/h3>\n\t\t<p class=\"code\">30\n\t\t<p class=\"text\">IT-probleemide lahendamisel on k\u00f5ige olulisem tegur esmase reageerimise kiirus. MONOLITH LAW OFFICE&#8217;is t\u00f6\u00f6tab palju advokaate, kes suudavad igap\u00e4evaselt reageerida mitmesugustele konsultatsioonidele.<\/p>\n\t<\/div>\n\t<div class=\"sub-box\">\n\t\t<h3>IT-konsultandid<\/h3>\n\t\t<p class=\"code\">16\n\t\t<p class=\"text\">Me usume, et IT-konsultandid on sama olulised kui juristid, et sammu pidada pidevalt areneva tehnoloogiaga ja lahendada \u00fcha keerukamaid ettev\u00f5tete IT-v\u00e4ljakutseid.<\/p>\n\t<\/div>\n\t<div class=\"sub-box\">\n\t\t<h3>Toetatud riigid<\/h3>\n\t\t<p class=\"code\">18\n\t\t<p class=\"text\">Jaapani \u00f5igusb\u00fcroo, millel on piiri\u00fclene ekspertiis. Spetsialiseerunud rahvusvahelistele tehingutele, kohtuvaidlustele ja regulatiivsele vastavusele. Kohandatud lahendused globaalsetele klientidele \u00e4ri- ja \u00f5igusk\u00fcsimustes.<\/p>\n\t<\/div>\n\t<div class=\"sub-box\">\n\t\t<h3>IT ja \u00f5igusalaste artiklite arv<\/h3>\n\t\t<p class=\"code\">1019\n\t\t<p class=\"text\">Veebimeedias &#8220;MONOLITH LAW MAGAZINE&#8221; anal\u00fc\u00fcsime ja selgitame erinevaid juhtumeid ettev\u00f5tete IT-valdkonnas. Uurime iga p\u00e4ev asjakohaseid lahendusi ettev\u00f5tete IT- probleemidele, mis muutuvad \u00fcha keerukamaks ja mitmekesisemaks.<\/p>\n\t<\/div>\n\t<\/div>\n\t<\/div>\n<\/section>\n<section class=\"front-service\">\n\t<div class=\"section-inner\">\n\t\t<p class=\"en\">MONOLITH LAW OFFICE TEENUSED<\/p>\n\t\t<h2>Meie lahendused keerukate IT-riskide jaoks.<\/h2>\n\t<\/div>\n\t<div class=\"front-service-field\">\n\t<div class=\"section-inner\">\n\t<h3><a href=\"\/et\/services\">Teenused<\/a><\/h3>\n\t<div class=\"box-wrap\">\n\t<div class=\"sub-box\">\n\t\t<h4>\u00dcldine \u00e4ri\u00f5igus<\/h4>\n\t\t<div class=\"icon\"><img decoding=\"async\" src=\"\/wp-content\/themes\/monolith_en\/img\/top\/service_general-corporate.svg\" alt=\"\u00c4ri\u00f5igus IT ja idufirmade jaoks\"><\/div>\n\t\t<p>D\u00fcnaamilises keskkonnas, mis on ainuomane IT ja idufirmadele, on t\u00e4pse \u00f5igusabi pakkumiseks kriitilise t\u00e4htsusega spetsialiseeritud teadmised ja kogemused. Meie b\u00fcroos t\u00f6\u00f6tab palju selle t\u00f6\u00f6stusharu spetsialiste ning oleme olnud \u00f5igusn\u00f5ustajateks 1087 ettev\u00f5ttele, peamiselt IT ettev\u00f5tetele, alates TSE esimese sektsiooni ettev\u00f5tetest kuni seemnefaasi idufirmadeni.<\/p>\n\t\t<div class=\"btn-more\"><a href=\"\/et\/general-corporate\">Vaata l\u00e4hemalt<\/a><\/div>\n\t<\/div>\n\t<div class=\"sub-box\">\n\t\t<h4>IT<\/h4>\n\t\t<div class=\"icon\"><img decoding=\"async\" src=\"\/wp-content\/themes\/monolith_en\/img\/top\/service_it.svg\" alt=\"IT ja IP \u00f5igusk\u00fcsimused erinevatele ettev\u00f5tetele\"><\/div>\n\t\t<p>T\u00e4nap\u00e4eval on k\u00f5ik ettev\u00f5tted, olenemata nende tegevusvaldkonnast v\u00f5i suurusest, mingil moel seotud IT-ga oma ettev\u00f5tlustegevuses. Me v\u00f5ime olla &#8220;advokaadid, kes on spetsialiseerunud IT ja intellektuaalomandi valdkonnas&#8221; ettev\u00f5tetele, kellel juba on peamine \u00f5igusn\u00f5ustaja, v\u00f5i isegi ettev\u00f5tetele, kelle p\u00f5hitegevus ei ole IT.<\/p>\n\t\t<div class=\"btn-more\"><a href=\"\/et\/it\">Vaata l\u00e4hemalt<\/a><\/div>\n\t<\/div>\n\t<div class=\"sub-box\">\n\t\t<h4>Rahvusvaheline<\/h4>\n\t\t<div class=\"icon\"><img decoding=\"async\" src=\"\/wp-content\/themes\/monolith_en\/img\/top\/service_cross-border.svg\" alt=\"Rahvusvahelised \u00f5igusk\u00fcsimused\"><\/div>\n\t\t<p>Meie peamine eesm\u00e4rk on pakkuda terviklikke \u00f5igusteenuseid Jaapani IT ettev\u00f5tetele, kes sisenevad rahvusvahelisele turule. Samuti pakume professionaalset \u00f5igusabi v\u00e4lismaistele IT ettev\u00f5tetele Jaapanis. Meie b\u00fcroo koosneb erinevatest riikidest ja piirkondadest p\u00e4rit v\u00e4lismaiste litsentsidega advokaatidest, et t\u00f5husalt toetada piiri\u00fcleseid tehinguid.<\/p>\n\t\t<div class=\"btn-more\"><a href=\"\/et\/cross-border\">Vaata l\u00e4hemalt<\/a><\/div>\n\t<\/div>\n\t<div class=\"sub-box\">\n\t\t<h4>Internet<\/h4>\n\t\t<div class=\"icon\"><img decoding=\"async\" src=\"\/wp-content\/themes\/monolith_en\/img\/top\/service_internet.svg\" alt=\"Influencer turundus\"><\/div>\n\t\t<p>Interneti\u00f5iguse alase asjatundlikkusega pakume p\u00f5hjalikku \u00f5igusabi internetiettev\u00f5tjatele, sealhulgas YouTuberitele ja SNS-i kasutavatele ettev\u00f5tetele. Oleme spetsialiseerunud veebivaidluste lahendamisele, negatiivsete veebilehtede eemaldamisele ja veebireputatsiooni haldamisele. Konsulteerige meie kvalifitseeritud advokaatidega, et leida t\u00f5husaid lahendusi internetis.<\/p>\n\t\t<div class=\"btn-more\"><a href=\"\/et\/internet\">Vaata l\u00e4hemalt<\/a><\/div>\n\t<\/div>\n\t<\/div>\n\t<\/div>\n\t<\/div>\n\t<div class=\"front-service-example\">\n\t<div class=\"section-inner\">\n\t<p>N\u00e4iteks<\/p>\n\t<ul class=\"clearfix\">\n\t\t<li>\n\t\t\t<div class=\"icon\"><a href=\"\/et\/system-development\/\"><img decoding=\"async\" src=\"\/wp-content\/themes\/monolith_en\/img\/top\/service_ex_system-development.svg\" alt=\"S\u00fcsteemiarendus\"><\/a><\/div>\n\t\t\t<p>S\u00fcsteemi<br>arendus<\/p>\n\t\t<\/li>\n\t\t<li>\n\t\t\t<div class=\"icon\"><a href=\"\/et\/crypto-asset-and-blockchain\/\"><img decoding=\"async\" src=\"\/wp-content\/themes\/monolith_en\/img\/top\/service_ex_crypto-asset-and-blockchain.svg\" alt=\"Kr\u00fcptovara ja plokiahel\"><\/a><\/div>\n\t\t\t<p>Kr\u00fcptovara <br>ja plokiahel<\/p>\n\t\t<\/li>\n\t\t<li>\n\t\t\t<div class=\"icon\"><a href=\"\/et\/ai\/\"><img decoding=\"async\" src=\"\/wp-content\/themes\/monolith_en\/img\/top\/service_ex_ai.svg\" alt=\"ai\"><\/a><\/div>\n\t\t\t<p>AI<br>(ChatGPT jms)<\/p>\n\t\t<\/li>\n\t\t<li>\n\t\t\t<div class=\"icon\"><a href=\"\/et\/advertisement-review\/\"><img decoding=\"async\" src=\"\/wp-content\/themes\/monolith_en\/img\/top\/service_ex_advertisement-review.svg\" alt=\"Reklaami \u00fclevaatus\"><\/a><\/div>\n\t\t\t<p>Reklaami<br>\u00fclevaatus<\/p>\n\t\t<\/li>\n\t\t<li>\n\t\t\t<div class=\"icon\"><a href=\"\/et\/mitigating-reputational-damage\/\"><img decoding=\"async\" src=\"\/wp-content\/themes\/monolith_en\/img\/top\/service_ex_mitigating-reputational-damage.svg\" alt=\"Maine kahjustuste leevendamine\"><\/a><\/div>\n\t\t\t<p>Maine<br>kahjustuste<br>leevendamine<\/p>\n\t\t<\/li>\n\t<\/ul>\n\t<\/div>\n\t<\/div>\n<\/section>\n<section class=\"white-section front-client\">\n\t<div class=\"section-inner\">\n\t\t<h2>KLIENT<\/h2>\n\t\t<ul>\n\t\t\t<li><img src=\"https:\/\/monolith.law\/et\/wp-content\/themes\/monolith_et\/img\/clients\/logo_01.png\"><\/li>\n\t\t\t<li><img src=\"https:\/\/monolith.law\/et\/wp-content\/themes\/monolith_et\/img\/clients\/logo_02.png\"><\/li>\n\t\t\t<li><img src=\"https:\/\/monolith.law\/et\/wp-content\/themes\/monolith_et\/img\/clients\/logo_03.png\"><\/li>\n\t\t\t<li><img src=\"https:\/\/monolith.law\/et\/wp-content\/themes\/monolith_et\/img\/clients\/logo_04.png\"><\/li>\n\t\t\t<li><img src=\"https:\/\/monolith.law\/et\/wp-content\/themes\/monolith_et\/img\/clients\/logo_05.png\"><\/li>\n\t\t\t<li><img src=\"https:\/\/monolith.law\/et\/wp-content\/themes\/monolith_et\/img\/clients\/logo_06.png\"><\/li>\n\t\t\t<li><img src=\"https:\/\/monolith.law\/et\/wp-content\/themes\/monolith_et\/img\/clients\/logo_07.png\"><\/li>\n\t\t\t<li><img src=\"https:\/\/monolith.law\/et\/wp-content\/themes\/monolith_et\/img\/clients\/logo_08.png\"><\/li>\n\t\t\t<li><img src=\"https:\/\/monolith.law\/et\/wp-content\/themes\/monolith_et\/img\/clients\/logo_09.png\"><\/li>\n\t\t\t<li><img src=\"https:\/\/monolith.law\/et\/wp-content\/themes\/monolith_et\/img\/clients\/logo_10.png\"><\/li>\n\t\t\t<li><img src=\"https:\/\/monolith.law\/et\/wp-content\/themes\/monolith_et\/img\/clients\/logo_11.png\"><\/li>\n\t\t\t<li><img src=\"https:\/\/monolith.law\/et\/wp-content\/themes\/monolith_et\/img\/clients\/logo_12.png\"><\/li>\n\t\t\t<li><img src=\"https:\/\/monolith.law\/et\/wp-content\/themes\/monolith_et\/img\/clients\/logo_13.png\"><\/li>\n\t\t\t<li><img src=\"https:\/\/monolith.law\/et\/wp-content\/themes\/monolith_et\/img\/clients\/logo_14.png\"><\/li>\n\t\t\t<li><img src=\"https:\/\/monolith.law\/et\/wp-content\/themes\/monolith_et\/img\/clients\/logo_15.png\"><\/li>\n\t\t<\/ul>\n\t\t<!--<div class=\"btn-more\"><a href=\"https:\/\/monolith.law\/et\/clients\">See More<\/a><\/div>-->\n\t<\/div>\n<\/section>\n<section class=\"white-section front-news\">\n    <div class=\"section-inner\">\n        <h2>UUDISED [en]<\/h2>\n        <div>\n                        <ul>\n                                                    <li><span class=\"date\">2026.04.01<\/span><span class=\"category news-category-2\">NEWS<\/span><span class=\"subject\">Attorney Shota Akiyama has joined the firm.<\/span><\/li>\n                                                                <li><span class=\"date\">2026.03.26<\/span><span class=\"category news-category-2\">NEWS<\/span><span class=\"subject\">Attorneys Miki Takatsuki, Toko Takayanagi, Mizuki Kobayashi, Ryo Watanabe, and Shuto Ishimura have joined our firm.<\/span><\/li>\n                                                                <li><span class=\"date\">2025.05.08<\/span><span class=\"category news-category-2\">NEWS<\/span><span class=\"subject\">Monolith Law Office has been selected as a finalist for the Rising Law Firm of the Year category of the ALB Japan Law Awards, hosted by Asian Legal Business, an international law firm evaluation organization.<\/span><\/li>\n                                                                <li><span class=\"date\">2025.04.01<\/span><span class=\"category news-category-2\">NEWS<\/span><span class=\"subject\">Attorney Keita Yokoyama has joined the firm.<\/span><\/li>\n                                                                <li><span class=\"date\">2025.03.27<\/span><span class=\"category news-category-2\">NEWS<\/span><span class=\"subject\">Attorneys Yusuke Mizutani, Ryusei Juman, Mizuki Koyama, and Yusuke Muto have joined the firm.<\/span><\/li>\n                                                                <li><span class=\"date\">2024.06.12<\/span><span class=\"category news-category-2\">NEWS<\/span><span class=\"subject\">Attorney Akira Yoshida has joined the firm.<\/span><\/li>\n                                                            <\/ul>\n            <div class=\"btn-more\"><a href=\"\/en\/news\/\">Vaata l\u00e4hemalt<\/a><\/div>\n        <\/div>\n    <\/div>\n<\/section>\n<section class=\"white-section front-banner\">\n<div class=\"section-inner\">\n<div class=\"banner-slider\">\n<div><a href=\"\/et\/cross-border\"><img decoding=\"async\" src=\"\/wp-content\/themes\/monolith_en\/img\/top\/banner_crossborder.png\" alt=\"Rahvusvaheline\"><\/a><\/div>\n<div><a href=\"\/en\/job-openings\"><img decoding=\"async\" src=\"\/wp-content\/themes\/monolith_en\/img\/top\/banner_jobopenings.png\" alt=\"T\u00f6\u00f6pakkumised\"><\/a><\/div>\n<div><a href=\"https:\/\/www.linkedin.com\/company\/monolith-law-office\/\" target=\"\u201d_blank\u201d\" rel=\"noopener\"><img decoding=\"async\" src=\"\/wp-content\/themes\/monolith_en\/img\/top\/banner_linkedin.png\" alt=\"LinkedIn\"><\/a><\/div>\n<div><a href=\"\/et\/article\"><img decoding=\"async\" src=\"\/wp-content\/themes\/monolith_en\/img\/top\/banner_monolithlawmagazine.svg\" alt=\"MONOLITH LAW MAGAZINE\"><\/a><\/div>\n<\/div>\n<\/div>\n<\/section>\n","protected":false},"excerpt":{"rendered":"<p>IT evolutsioon T\u00e4nap\u00e4eval on IT kaasaegse \u00e4ritegevuse s\u00fcdames, kuid IT kasutamine \u00e4ritegevuses n\u00f5uab \u00f5iguslikku riskijuhtimist.MONOLITH LAW OFFICE&#8217;is t\u00f6\u00f6tab meie advokaatide ja IT-konsultantide  [&hellip;]<\/p>\n","protected":false},"author":1,"featured_media":56656,"parent":0,"menu_order":0,"comment_status":"closed","ping_status":"closed","template":"front-page-temp.php","meta":{"footnotes":""},"acf":[],"_links":{"self":[{"href":"https:\/\/monolith.law\/et\/wp-json\/wp\/v2\/pages\/41151"}],"collection":[{"href":"https:\/\/monolith.law\/et\/wp-json\/wp\/v2\/pages"}],"about":[{"href":"https:\/\/monolith.law\/et\/wp-json\/wp\/v2\/types\/page"}],"author":[{"embeddable":true,"href":"https:\/\/monolith.law\/et\/wp-json\/wp\/v2\/users\/1"}],"replies":[{"embeddable":true,"href":"https:\/\/monolith.law\/et\/wp-json\/wp\/v2\/comments?post=41151"}],"version-history":[{"count":125,"href":"https:\/\/monolith.law\/et\/wp-json\/wp\/v2\/pages\/41151\/revisions"}],"predecessor-version":[{"id":65980,"href":"https:\/\/monolith.law\/et\/wp-json\/wp\/v2\/pages\/41151\/revisions\/65980"}],"wp:featuredmedia":[{"embeddable":true,"href":"https:\/\/monolith.law\/et\/wp-json\/wp\/v2\/media\/56656"}],"wp:attachment":[{"href":"https:\/\/monolith.law\/et\/wp-json\/wp\/v2\/media?parent=41151"}],"curies":[{"name":"wp","href":"https:\/\/api.w.org\/{rel}","templated":true}]}}