{"id":4213,"date":"2023-11-08T04:28:26","date_gmt":"2023-11-07T19:28:26","guid":{"rendered":"https:\/\/monolith.law\/?page_id=4213"},"modified":"2024-04-30T16:15:37","modified_gmt":"2024-04-30T07:15:37","slug":"services","status":"publish","type":"page","link":"https:\/\/monolith.law\/et\/services","title":{"rendered":"Teenused"},"content":{"rendered":"\n<section class=\"heading-area\">\n\t<div class=\"heading-area-inner\">\n\t\t<h2 class=\"icon-services\">Teenused<\/h2>\n\t\t<p>T\u00e4nu meie juhtiva advokaadi taustale IT-insenerina ja kogemusele IT-ettev\u00f5tete juhtimisel, on MONOLITH LAW OFFICE Jaapanis juhtiv \u00f5igusb\u00fcroo, mis on spetsialiseerunud IT-le, \u00e4ritegevusele ja internetile. Meie globaalne organisatsioon v\u00f5imaldab meil pakkuda neis valdkondades k\u00f5rgelt spetsialiseeritud \u00f5igusteenuseid.<\/p>\n\t<\/div>\n<\/section>\n<section class=\"second-nav\">\n\t<div class=\"second-nav-inner\">\n\t\t<p>TEEMAD<\/p>\n\t\t<nav>\n\t\t\t<ul>\n\t\t\t\t<li><a href=\"#general-corporate\">\u00dcldine ettev\u00f5tlus<\/a><\/li>\n\t\t\t\t<li><a href=\"#it\">IT<\/a><\/li>\n\t\t\t\t<li><a href=\"#cross-border\">Rahvusvaheline<\/a><\/li>\n\t\t\t\t<li><a href=\"#internet\">Internet<\/a><\/li>\n\t\t\t<\/ul>\n\t\t<\/nav>\n\t<\/div>\n<\/section>\n<section class=\"white-section\">\n\t<div class=\"anchor\" id=\"general-corporate\"><\/div>\n\t<div class=\"section-inner pdb0\">\n\t\t<div class=\"flex\">\n\t\t\t<div class=\"width41\"><img decoding=\"async\" src=\"\/wp-content\/themes\/monolith2021\/img\/pic\/pic_practices-corporate.jpg\" alt=\"\u00dcldine ettev\u00f5tlus\"><\/div>\n\t\t\t<div class=\"width51\">\n\t\t\t\t<div class=\"inline-inner\">\n\t\t\t\t\t<h3>\u00dcldine \u00e4ri\u00f5igus<\/h3>\n\t\t\t\t\t<p>Et pakkuda t\u00e4pset \u00f5igusabi kiiresti arenevas IT- ja idufirmade keskkonnas, on oluline omada spetsialiseeritud teadmisi ja kogemusi. Meie b\u00fcroos t\u00f6\u00f6tab palju selle valdkonna spetsialiste ning oleme n\u00f5ustanud 1087 ettev\u00f5tet, peamiselt IT-firmasid, alates tippklassi ettev\u00f5tetest kuni seemnefaasi idufirmadeni Jaapanis.<\/p>\n\t\t\t\t<\/div>\n\t\t\t<\/div>\n\t\t<\/div>\n\t<\/div>\n<\/section>\n<section class=\"white-section\">\n\t<div class=\"section-inner\">\n\t\t<ol class=\"practices-list mgb-big\">\n\t\t\t<li>\n\t\t\t\t<h4><img decoding=\"async\" src=\"\/wp-content\/themes\/monolith_en\/img\/practices\/practices_1_1.svg\" alt=\"1.Venture Law \"><\/h4>\n\t\t\t\t<img decoding=\"async\" src=\"\/wp-content\/themes\/monolith2021\/img\/practices\/practices_1_1_pic.png\" alt=\"Venture Law \">\n\t\t\t\t<p>Meil on laialdased kogemused \u00f5igusk\u00fcsimustes, mis on seotud \u00e4ri ja kapitaliga, sealhulgas rahastamine, \u00e4ri\u00fcleandmine ja v\u00e4ljaostmine.<\/p>\n\t\t\t<\/li>\n\t\t\t<li>\n\t\t\t\t<h4><img decoding=\"async\" src=\"\/wp-content\/themes\/monolith_en\/img\/practices\/practices_1_2.svg\" alt=\"2.IT ja intellektuaalomandi \u00f5igus\"><\/h4>\n\t\t\t\t<img decoding=\"async\" src=\"\/wp-content\/themes\/monolith2021\/img\/practices\/practices_1_2_pic.png\" alt=\"IT ja intellektuaalomandi \u00f5igus\">\n\t\t\t\t<p>Meie esindusadvokaat Toki Kawase, kes on varasem insener, saavutab s\u00fcgava arusaama teie ettev\u00f5tte toodetest, vahel isegi koodi lugedes.<\/p>\n\t\t\t<\/li>\n\t\t\t<li>\n\t\t\t\t<h4><img decoding=\"async\" src=\"\/wp-content\/themes\/monolith_en\/img\/practices\/practices_1_3.svg\" alt=\"3.Kiirus\"><\/h4>\n\t\t\t\t<img decoding=\"async\" src=\"\/wp-content\/themes\/monolith2021\/img\/practices\/practices_1_3_pic.png\" alt=\"Kiirus\">\n\t\t\t\t<p>M\u00f5istame kiire reageerimisaja t\u00e4htsust teie \u00e4ri ja ettev\u00f5tte jaoks. \u00dcldjuhul vastame \u00fche t\u00f6\u00f6p\u00e4eva jooksul.<\/p>\n\t\t\t<\/li>\n\t\t\t<li>\n\t\t\t\t<h4><img decoding=\"async\" src=\"\/wp-content\/themes\/monolith_en\/img\/practices\/practices_1_4.svg\" alt=\"4.V\u00e4ikeste ja keskmise suurusega ettev\u00f5tete \u00f5igusasjad\"><\/h4>\n\t\t\t\t<img decoding=\"async\" src=\"\/wp-content\/themes\/monolith2021\/img\/practices\/practices_1_4_pic.png\" alt=\"V\u00e4ikeste ja keskmise suurusega ettev\u00f5tete \u00f5igusasjad\">\n\t\t\t\t<p>Meie asutaja advokaadil on ettev\u00f5tte juhtimise kogemus, mist\u00f5ttu m\u00f5istab ta juhtimisega seotud raskusi omast k\u00e4est.<\/p>\n\t\t\t<\/li>\n\t\t<\/ol>\n\t\t<div class=\"btn-area\">\n\t\t\t<div class=\"btn icon-general-corporate\"><a href=\"\/et\/general-corporate\">\u00dcldine \u00e4ri\u00f5igus<\/a><\/div>\n\t\t<\/div>\n\t<\/div>\n<\/section>\n<section class=\"purple-section\">\n\t<div class=\"anchor\" id=\"it\"><\/div>\n\t<div class=\"section-inner\">\n\t\t<div class=\"flex mgb-middle\">\n\t\t\t<div class=\"width41\"><img decoding=\"async\" src=\"\/wp-content\/themes\/monolith2021\/img\/pic\/pic_practices-itlaw.jpg\" alt=\"IT\"><\/div>\n\t\t\t<div class=\"width51\">\n\t\t\t\t<div class=\"inline-inner\">\n\t\t\t\t\t<h3>IT<\/h3>\n\t\t\t\t\t<p class=\" mgb-middle\">IT-ettev\u00f5tete juristide jaoks on oluline m\u00f5ista tehnoloogiat ja toiminguid, mis on seotud IT ja intellektuaalomandiga ettev\u00f5tte igap\u00e4evases \u00e4ritegevuses. <br>MONOLITH LAW OFFICE tegutseb IT-ettev\u00f5tete \u00f5igusn\u00f5ustajana ja peajuristina, tegeledes spetsialiseeritud ja keerukate IT-alaste \u00f5igusk\u00fcsimustega,<br>nagu s\u00fcsteemide arendamine, rakenduste ja teenuste kasutustingimuste hooldus, meediahaldus, turundustegevused, plokiahel, AI, isikuandmete kaitse ning Jaapanis intellektuaalomandiga seotud \u00f5igusk\u00fcsimused. <\/p>\n\t\t\t\t<\/div>\n\t\t\t<\/div>\n\t\t<\/div>\n\t\t<ul class=\"layout-column4 mgb-big\">\n\t\t\t<li>\n\t\t\t\t<div><img decoding=\"async\" src=\"\/wp-content\/themes\/monolith2021\/img\/practices-itlaw\/practices-itlaw_pic1.jpg\"><\/div>\n\t\t\t\t<h4>S\u00fcsteemi arendamine<\/h4>\n\t\t\t\t<p>Alates lepingute koostamisest, muutmisest ja l\u00e4bir\u00e4\u00e4kimistest kuni probleemide ilmnemisel vaidluste lahendamiseni<\/p>\n\t\t\t<\/li>\n\t\t\t<li>\n\t\t\t\t<div><img decoding=\"async\" src=\"\/wp-content\/themes\/monolith2021\/img\/practices-itlaw\/practices-itlaw_pic2.jpg\"><\/div>\n\t\t\t\t<h4>Kasutustingimused<\/h4>\n\t\t\t\t<p>Kasutustingimuste ja privaatsuspoliitikate loomine ning muutmine, mis on vajalikud avaldamiseks v\u00f5i tegevuseks.<\/p>\n\t\t\t<\/li>\n\t\t\t<li>\n\t\t\t\t<div><img decoding=\"async\" src=\"\/wp-content\/uploads\/2023\/05\/oss.jpg\"><\/div>\n\t\t\t\t<h4>OSS<\/h4>\n\t\t\t\t<p>Erinevat t\u00fc\u00fcpi tugi, mis p\u00f5hineb tarkvara m\u00f5istmisel, sealhulgas litsentside kujundamine ja litsentsilepingud<\/p>\n\t\t\t<\/li>\n\t\t\t<li>\n\t\t\t\t<div><img decoding=\"async\" src=\"\/wp-content\/uploads\/2022\/07\/shutterstock_1151380622_2.png\"><\/div>\n\t\t\t\t<h4>Kr\u00fcptovarad<\/h4>\n\t\t\t\t<p>\u00d5iguslik tugi plokiahelaga seotud ettev\u00f5tetele, sealhulgas rahastamine, sisu\u00e4ri ja NFT-d<\/p>\n\t\t\t<\/li>\n\t\t<\/ul>\n\t\t<div class=\"btn-area\">\n\t\t\t<div class=\"btn icon-it\"><a href=\"\/et\/it\">IT<\/a><\/div>\n\t\t<\/div>\n\t<\/div>\n<\/section>\n<section class=\"white-section\">\n\t<div class=\"anchor\" id=\"cross-border\"><\/div>\n\t<div class=\"section-inner\">\n\t\t<div class=\"flex reverse\">\n\t\t\t<div class=\"width41\"><img decoding=\"async\" src=\"\/en\/wp-content\/uploads\/sites\/6\/2023\/06\/global.jpg\" alt=\"Cross Border\"><\/div>\n\t\t\t<div class=\"width51\">\n\t\t\t\t<div class=\"inline-inner\">\n\t\t\t\t\t<h3>Rahvusvaheline<\/h3>\n\t\t\t\t\t<p class=\"mgb-small\">MONOLITH LAW OFFICE on spetsialiseerunud laia valiku \u00f5igusteenuste pakkumisele v\u00e4lisettev\u00f5tetele, kes sisenevad Jaapani turule. IT ja start-up&#8217;ide alal kogenud juristidena pakume tuge litsentsilepingutes, intellektuaalomandi \u00f5igustes, andmekaitse n\u00f5uete t\u00e4itmises, lepingul\u00e4bir\u00e4\u00e4kimistes ja \u00f5igusriskide juhtimises.<\/p>\n\t\t\t\t\t<p class=\"mgb-small\">Samuti oleme spetsialiseerunud start-up&#8217;ide abistamisele fondide kaasamisel, investeerimislepingutes ja IPO-del, toetades nende kasvu ja edu strateegilise \u00f5igusabi kaudu. Meie meeskond m\u00f5istab iga ettev\u00f5tte ainulaadseid omadusi ja eesm\u00e4rke, pakkudes kohandatud n\u00f5uandeid ja lahendusi, mis \u00fchendavad rahvusvahelist perspektiivi kohalike teadmistega.<\/p>\n\t\t\t\t\t<p class=\"mgb-small\">\u00d5igusprobleemide lahendamine on Jaapanis eduka laienemise v\u00f5tmeks. V\u00f5tke meiega \u00fchendust, et arutada, kuidas saame aidata teie ettev\u00f5ttel Jaapani turul \u00f5itseda.<\/p>\n\t\t\t\t<\/div>\n\t\t\t<\/div>\n\t\t<\/div>\n\t\t<div class=\"max-width980 mgb-small\"><img decoding=\"async\" src=\"\/wp-content\/uploads\/2023\/05\/global_map.png\" alt=\"Toetatud riigid\"><\/div>\n\t\t<div class=\"frame2 max-width860 mgb-big txt-center-pc\">\n\t\t\t<p>Globaalsed \u00f5igusteenused: Ekspertiis ja ulatus piiridest kaugemale. Ulatuslik abi kogu maailmas usaldusv\u00e4\u00e4rsete partnerfirmade kaudu. V\u00f5tke meiega \u00fchendust rahvusvaheliste \u00f5igusvajaduste korral.<\/p>\n\t\t<\/div>\n\t\t<div class=\"btn-area\">\n\t\t\t<div class=\"btn icon-cross-border\"><a href=\"\/et\/cross-border\">Rahvusvaheline<\/a><\/div>\n\t\t<\/div>\n\t<\/div>\n<\/section>\n\n<section class=\"orange-section\">\n\t<div class=\"anchor\" id=\"internet\"><\/div>\n\t<div class=\"section-inner\">\n\t\t<div class=\"flex mgb-middle\">\n\t\t\t<div class=\"width41\"><img decoding=\"async\" src=\"\/en\/wp-content\/uploads\/sites\/6\/2023\/06\/internet.jpg\" alt=\"Internet\"><\/div>\n\t\t\t<div class=\"width51\">\n\t\t\t\t<h3>Internet<\/h3>\n\t\t\t\t<p class=\"mgb-small\">MONOLITH LAW OFFICE&#8217;il on ulatuslik kogemus IT-ga seotud \u00f5igusk\u00fcsimustes ning eriti tugevad oskused internetip\u00f5histe ettev\u00f5tete, sealhulgas YouTuberite ja YouTube&#8217;iga seotud tegevustega ettev\u00f5tete toetamisel.<\/p>\n\t\t\t\t<p class=\"mgb-middle\">Me m\u00f5istame internetiga kaasnevaid riske, nagu negatiivsed veebilehed ja online-foorumite postitused. Meie firma on edukalt lahendanud arvukalt juhtumeid, mis puudutavad online-reputatsiooni haldamist erinevate klientide jaoks, alates eraisikutest kuni suurkorporatsioonideni. Negatiivsed veebilehed on Jaapanis ainulaadne \u00f5iguslik v\u00e4ljakutse ning meie kvalifitseeritud juristid on varustatud t\u00f5husate lahenduste pakkumiseks. Oleme valmis teid n\u00f5ustama, kasutades meie ekspertiisi ja kogemusi negatiivsete veebilehtedega seotud probleemide lahendamisel.<\/p>\n\t\t\t<\/div>\n\t\t<\/div>\n\t\t<ul class=\"layout-column4 mgb-big\">\n\t\t\t<li>\n\t\t\t\t<div><img decoding=\"async\" src=\"\/wp-content\/themes\/monolith2021\/img\/pic\/pic_practices-youtuberlaw.jpg\" alt=\"YouTuber\"><\/div>\n\t\t\t\t<h4>YouTuber<\/h4>\n\t\t\t\t<p>Ekspertiis influencerite haldamises. Me m\u00f5istame Jaapani seadusi ja pidevalt arenevat internetimaastikku. Meid usaldavad tipptasemel YouTuberite agentuurid, VTuber ettev\u00f5tted ja loojad. Pakume spetsialiseeritud \u00f5igusabi lepingute ja videoga seotud k\u00fcsimustes Jaapanis.<\/p>\n\t\t\t<\/li>\n\t\t\t<li>\n\t\t\t\t<div><img decoding=\"async\" src=\"\/wp-content\/themes\/monolith2021\/img\/pic\/pic_sns_manda.jpg\" alt=\"M&amp;A of SNS\"><\/div>\n\t\t\t\t<h4>SNS-i M&amp;A<\/h4>\n\t\t\t\t<p>Sotsiaalmeedia M&amp;A ekspertiis. Meie advokaadib\u00fcroo m\u00f5istab YouTube&#8217;i ja Twitteri kontode tehingute ainulaadset olemust. Tugeva IT- ja internetialase teadmistepagasiga pakume p\u00f5hjalikku tuge lepingute, hoolsuskohustuse t\u00e4itmise ja \u00f5iguslike aspektide osas. Usaldage meid oma digitaalvarade v\u00e4\u00e4rtuse kaitsmisel ja maksimeerimisel.<\/p>\n\t\t\t<\/li>\n\t\t\t<li>\n\t\t\t\t<div><img decoding=\"async\" src=\"\/wp-content\/themes\/monolith2021\/img\/pic\/pic_practices-reputation.jpg\" alt=\"Negative Web Pages\"><\/div>\n\t\t\t\t<h4>Negatiivsed veebilehed<\/h4>\n\t\t\t\t<p>Kaitse online-r\u00fcnnakute vastu. Interneti\u00f5igusele spetsialiseerudes eemaldame kahjulikud veebilehed, mis kahjustavad mainet. Ettev\u00f5tete ja eraisikute poolt usaldatuna pakume strateegilisi \u00f5iguslikke sekkumisi ja terviklikke lahendusi teie online-kohaloleku ja maine kaitsmiseks.<\/p>\n\t\t\t<\/li>\n\t\t\t<li>\n\t\t\t\t<div><img decoding=\"async\" src=\"\/wp-content\/themes\/monolith2021\/img\/pic\/pic_reputation.jpg\" alt=\"Identification of Posters\"><\/div>\n\t\t\t\t<h4>Postituste autorite tuvastamine<\/h4>\n\t\t\t\t<p>Tuvastame isikud, kes vastutavad ebaseaduslike postituste eest. MONOLITH LAW OFFICE on spetsialiseerunud interneti\u00f5igusele ja omab laialdast kogemust juhtumite k\u00e4sitlemisel, mis on seotud negatiivse veebisisuga. Me navigeerime \u00f5igusprotsessides, et otsida \u00f5iglust ja kaitsta meie klientide huve.<\/p>\n\t\t\t<\/li>\n\t\t<\/ul>\n\t\t<div class=\"btn-area\">\n\t\t\t<div class=\"btn icon-internet\"><a href=\"\/et\/internet\">Internet<\/a><\/div>\n\t\t<\/div>\n\t<\/div>\n<\/section>\n","protected":false},"excerpt":{"rendered":"<p>Teenused T\u00e4nu meie juhtiva advokaadi taustale IT-insenerina ja kogemusele IT-ettev\u00f5tete juhtimisel, on MONOLITH LAW OFFICE Jaapanis juhtiv \u00f5igusb\u00fcroo, mis on spetsialiseerunud IT-le, \u00e4ritegevusele ja  [&hellip;]<\/p>\n","protected":false},"author":1,"featured_media":57138,"parent":0,"menu_order":4,"comment_status":"closed","ping_status":"closed","template":"practices-page-temp.php","meta":{"footnotes":""},"acf":[],"_links":{"self":[{"href":"https:\/\/monolith.law\/et\/wp-json\/wp\/v2\/pages\/4213"}],"collection":[{"href":"https:\/\/monolith.law\/et\/wp-json\/wp\/v2\/pages"}],"about":[{"href":"https:\/\/monolith.law\/et\/wp-json\/wp\/v2\/types\/page"}],"author":[{"embeddable":true,"href":"https:\/\/monolith.law\/et\/wp-json\/wp\/v2\/users\/1"}],"replies":[{"embeddable":true,"href":"https:\/\/monolith.law\/et\/wp-json\/wp\/v2\/comments?post=4213"}],"version-history":[{"count":114,"href":"https:\/\/monolith.law\/et\/wp-json\/wp\/v2\/pages\/4213\/revisions"}],"predecessor-version":[{"id":64218,"href":"https:\/\/monolith.law\/et\/wp-json\/wp\/v2\/pages\/4213\/revisions\/64218"}],"wp:featuredmedia":[{"embeddable":true,"href":"https:\/\/monolith.law\/et\/wp-json\/wp\/v2\/media\/57138"}],"wp:attachment":[{"href":"https:\/\/monolith.law\/et\/wp-json\/wp\/v2\/media?parent=4213"}],"curies":[{"name":"wp","href":"https:\/\/api.w.org\/{rel}","templated":true}]}}