{"id":4232,"date":"2023-11-11T23:40:45","date_gmt":"2023-11-11T14:40:45","guid":{"rendered":"https:\/\/monolith.law\/?page_id=4232"},"modified":"2024-04-30T16:13:30","modified_gmt":"2024-04-30T07:13:30","slug":"greetings-from-the-managing-attorney","status":"publish","type":"page","link":"https:\/\/monolith.law\/et\/greetings-from-the-managing-attorney","title":{"rendered":"Tervitused juhtivalt advokaadilt"},"content":{"rendered":"\n<section class=\"heading-area\">\n\t<div class=\"heading-area-inner\">\n\t\t<h2 class=\"icon-greetings-from-the-managing-attorney\">Tervitused juhtivalt advokaadilt<\/h2>\n\t<\/div>\n<\/section>\n\n<section class=\"white-section\">\n\t<div class=\"section-inner section-inner-bottomhalf pdt0 border-bottom-section\">\n\t\t<div class=\"tagline\">\n\t\t\t<div class=\"textArea\">\n\t\t\t\t<p>Informatsioonitehnoloogia j\u00f5u rakendamine on inimkonna ajalugu revolutsiooniliselt muutnud,<br class=\"pcOnly\"> v\u00f5rreldav d\u00fcnamidi m\u00f5juga.<br>Eelk\u00f5ige on internet kiiresti muutnud evolutsiooni kulgu,<br class=\"pcOnly\"> viies inimkonna edasi enneolematu kiirusega.<br>Kuid suure j\u00f5uga kaasnevad ka suured riskid.<\/p>\n\t\t\t\t<p>MONOLITH LAW OFFICE&#8217;is usume kindlalt, et meie kohustus on tagada<br class=\"pcOnly\"> et meie aja j\u00f5ud ei oleks \u00e4ridele ohuks,<br class=\"pcOnly\"> vaid katal\u00fcsaatoriks nende revolutsioonilisele arengule.<br>P\u00fc\u00fcdleme selle poole, et olla uuenduslik ja edumeelne meeskond, pakkudes \u00f5igusn\u00f5u<br class=\"pcOnly\"> ja tuge, mis v\u00f5imaldab ettev\u00f5tetel informatsioonitehnoloogia t\u00e4it potentsiaali kasutada.<\/p>\n\t\t\t\t<p>Meie missiooniks on navigeerida keerulises \u00f5igusmaastikus, v\u00f5imestades ettev\u00f5tteid<br class=\"pcOnly\"> kasutama IT-d selle t\u00e4ies ulatuses. Digiajastu pakutavate v\u00f5imaluste omaksv\u00f5tmisega<br class=\"pcOnly\"> soovime soodustada meie klientide \u00e4ride transformeerivat kasvu.<\/p>\n\t\t\t\t<p class=\"txt-l\">IT evolutsioneerimine<\/p>\n\t\t\t\t<p>MONOLITH LAW OFFICE<\/p>\n\t\t\t<\/div>\n\t\t\t<div class=\"logo\"><img decoding=\"async\" src=\"\/wp-content\/themes\/monolith2021\/img\/logo.svg\" alt=\"MONOLITH LAW OFFICE\"><\/div>\n\t\t<\/div>\n\t<\/div>\n<\/section>\n\n<section class=\"second-nav\">\n\t<div class=\"second-nav-inner\">\n\t\t<p>TEEMAD<\/p>\n\t\t<nav>\n\t\t\t<ul>\n\t\t\t\t<li><a href=\"#law-firm-led-by-former-it-engineer-turned-lawyer-with-corporate-management-experience\">\u00d5igusb\u00fcroo, mida juhib endine IT-insenerist saanud advokaat koos ettev\u00f5tte juhtimiskogemusega<\/a><\/li>\n\t\t\t\t<li><a href=\"#a-law-firm-emphasizing-it-internet-and-business-expertise\">\u00d5igusb\u00fcroo, mis r\u00f5hutab IT, interneti ja \u00e4riekspertiisi<\/a><\/li>\n\t\t\t\t<li><a href=\"#corporate-law-and-it-legal-expertise\">\u00c4ri\u00f5igus ja IT \u00f5igusekspertiis<\/a><\/li>\n\t\t\t\t<li><a href=\"#a-team-of-lawyers-and-it-consultants\">Advokaatide ja IT-konsultantide meeskond<\/a><\/li>\n\t\t\t<\/ul>\n\t\t<\/nav>\n\t<\/div>\n<\/section>\n\n<section class=\"white-section\">\n\t<div class=\"anchor\" id=\"law-firm-led-by-former-it-engineer-turned-lawyer-with-corporate-management-experience\"><\/div>\n\t<div class=\"section-inner\">\n\t\t<div class=\"flex\">\n\t\t\t<div class=\"width41\"><img decoding=\"async\" src=\"\/wp-content\/uploads\/2023\/06\/message_1.jpg\" alt=\"\u00d5igusb\u00fcroo, mida juhib endine IT-insenerist saanud advokaat koos ettev\u00f5tte juhtimiskogemusega\"><\/div>\n\t\t\t<div class=\"width51\">\n\t\t\t\t<h3>Juhtiv advokaadib\u00fcroo, mida juhib endine IT-insenerist saanud jurist ettev\u00f5tte juhtimiskogemusega<\/h3>\n\t\t\t\t<p class=\"font-h3 txt-right mgb-middle\">Juhtiv advokaat: Toki Kawase<\/p>\n\t\t\t\t<p class=\"mgb-small\">Mul on alati olnud kirg arvutite ja tehnoloogia vastu juba noorest peast, mis t\u00f5i mulle &#8220;arvutinohiku&#8221; tiitli. Teismeliseeas ja varases t\u00e4iskasvanueas sukeldusin IT-maailma, juhtisin oma \u00e4ri ja omandasin v\u00e4\u00e4rtuslikke kogemusi.<\/p>\n\t\t\t\t<p class=\"mgb-small\">Minu teekond algas p\u00f5hikoolis, kui hakkasin programmeerima oma esimesel arvutil &#8220;MSX 2+&#8221;. Keskkoolis liitusin isegi kooli arvutimeeskonnaga, mis s\u00fcvendas minu kirge programmeerimise vastu. \u00dclikooliaastatel tekkis v\u00f5imalus luua ettev\u00f5ttele veebileht, mis sai minu karj\u00e4\u00e4ri p\u00f6\u00f6rdepunktiks. Selle ettev\u00f5tmise paindlikkus ja rahalised preemiad viisid mind erinevate IT-ga seotud \u00e4ride uurimiseni, nagu veebiarendus, veebiteenuste loomine ja SEO optimeerimine.<\/p>\n\t\t\t\t<p class=\"mgb-small\">Sellel perioodil kogusid hoogu noorte spetsialistide juhitud IT-startupid ja ma leidsin end t\u00e4ielikult sukeldununa ettev\u00f5tluse d\u00fcnaamilisse ja kiiresti arenevasse maailma. T\u00f6\u00f6tades v\u00e4simatult, tegelesin nii kodumaiste kui ka piiri\u00fcleste projektidega, tehes koost\u00f6\u00f6d rahvusvaheliste partneritega ja kohanedes pidevalt muutuva maastikuga.<\/p>\n\t\t\t\t<p class=\"mgb-small\">Siiski otsustasin oma kahek\u00fcmnendate l\u00f5pus elu muutva sammu astuda. Andsin oma IT-\u00e4ri teatepulga \u00fcle teistele ja asusin uuele teele. Astusin \u00f5igusteaduskonda eesm\u00e4rgiga \u00fchendada oma tehnilised teadmised \u00f5igusalaste teadmistega. T\u00e4na, olles jurist ja endine IT-insener ettev\u00f5tte juhtimiskogemusega, juhin MONOLITH LAW OFFICE&#8217;i, mis m\u00f5istab IT-t\u00f6\u00f6stuse keerukust ja pakub terviklikke \u00f5igusteenuseid.<\/p>\n\t\t\t\t<p>Meie b\u00fcroos kasutame oma ainulaadset IT-teadmiste ja \u00f5igusalase ekspertiisi kombinatsiooni, et pakkuda klientidele t\u00f5husat juhendamist ja tuge. M\u00f5istame digiajastu v\u00e4ljakutseid ja v\u00f5imalusi ning oleme p\u00fchendunud ettev\u00f5tete juhtimisele \u00f5igusmaastikul ja nende eesm\u00e4rkide saavutamisele.<\/p>\n\t\t\t<\/div>\n\t\t<\/div>\n\t<\/div>\n<\/section>\n\n<section class=\"purple-section\">\n\t<div class=\"anchor\" id=\"a-law-firm-emphasizing-it-internet-and-business-expertise\"><\/div>\n\t<div class=\"section-inner\">\n\t\t<div class=\"flex reverse\">\n\t\t\t<div class=\"width41\"><img decoding=\"async\" src=\"\/wp-content\/uploads\/2023\/06\/message_2.jpg\" alt=\"Advokaadib\u00fcroo, mis r\u00f5hutab IT, interneti ja \u00e4rialast ekspertiisi\"><\/div>\n\t\t\t<div class=\"width51\">\n\t\t\t\t<h3>\u00d5igusb\u00fcroo, mis r\u00f5hutab IT, interneti ja \u00e4riekspertiisi<\/h3>\n\t\t\t\t<p class=\"mgb-small\">Inimesed tajuvad tihti minu \u00fcleminekut IT-\u00e4ri omanikust juristiks kui t\u00e4ielikku 180-kraadist p\u00f6\u00f6ret. Siiski usun, et muutus polnud nii drastiline, kui see v\u00f5ib esmapilgul tunduda.<\/p>\n\t\t\t\t<p class=\"mgb-small\">Minevikule tagasi vaadates m\u00f5istan, et isegi olles teaduslikult orienteeritud IT-insener, omasin loomup\u00e4rast kalduvust humanitaarsele m\u00f5tlemisele. \u00c4rimaailm paelus mind, mis ajendas mind ettev\u00f5tlusega tegelema, mitte j\u00e4rgima tavap\u00e4rast karj\u00e4\u00e4ri IT-insenerina.<\/p>\n\t\t\t\t<p class=\"mgb-small\">T\u00e4na, olles jurist, paistan silma teadusliku m\u00f5tlemisega valdkonnas, mis on traditsiooniliselt seotud humanitaarteadustega. See taust positsioneerib mind MONOLITH LAW OFFICE&#8217;i juhtivadvokaadiks, b\u00fcrooks, mis paneb suurt r\u00f5hku IT, interneti ja \u00e4ri k\u00fcsimustele.<\/p>\n\t\t\t\t<p class=\"mgb-big\">Kuigi minu karj\u00e4\u00e4r v\u00f5ib erineda t\u00fc\u00fcpilise IT-inseneri omast, n\u00e4en ma \u00fcleminekut IT-insenerist juristiks pigem j\u00e4rkj\u00e4rgulise nihkena, v\u00f5ib-olla m\u00f5nek\u00fcmne kraadi v\u00f5rra, mitte t\u00e4ieliku p\u00f6\u00f6rdena. Tegelikult pean ma seda loomulikuks arenguks, mis v\u00f5imaldab mul kasutada oma ainulaadset oskuste ja teadmiste kombinatsiooni, et paremini teenindada meie kliente IT, interneti ja \u00e4ri sektorites.<\/p>\n\t\t\t\t<div class=\"btn-area align-left\">\n\t\t\t\t\t<div class=\"btn icon-services\"><a href=\"\/et\/services\">Teenused<\/a><\/div>\n\t\t\t\t<\/div>\n\t\t\t<\/div>\n\t\t<\/div>\n\t<\/div>\n<\/section>\n\n<section class=\"white-section\">\n\t<div class=\"anchor\" id=\"corporate-law-and-it-legal-expertise\"><\/div>\n\t<div class=\"section-inner\">\n\t\t<div class=\"flex\">\n\t\t\t<div class=\"width41\"><img decoding=\"async\" src=\"\/wp-content\/uploads\/2023\/06\/message_3.jpg\" alt=\"Corporate Law and IT Legal Expertise\"><\/div>\n\t\t\t<div class=\"width51\">\n\t\t\t\t<h3>\u00c4ri\u00f5igus ja IT-\u00f5iguse asjatundlikkus<\/h3>\n\t\t\t\t<p class=\"mgb-small\">MONOLITH LAW OFFICE&#8217;is t\u00e4idan kahte rolli. Esiteks pakun konsultandina IT-ettev\u00f5tetele ja start-up&#8217;idele \u00e4ri\u00f5iguslikku tuge. IT-t\u00f6\u00f6stuse keerukuste m\u00f5istmine ja start-up&#8217;ide ees seisvate ainulaadsete v\u00e4ljakutsetega kursis olemine on h\u00e4davajalik, et pakkuda t\u00f5husaid \u00f5igusteenuseid, mis on kohandatud nende vajadustele. Oma vahetu kogemuse ja asjatundlikkusega IT- ja start-up-keskkondades olen suurep\u00e4raselt varustatud, et pakkuda neile klientidele erakordset \u00f5igusabi.<\/p>\n\t\t\t\t<p class=\"mgb-small\">Teiseks t\u00f6\u00f6tan IT- ja \u00f5igusspetsialistide meeskonnas, pakkudes konsultatsiooniteenuseid erinevate t\u00f6\u00f6stusharude ettev\u00f5tetele, kes vajavad juhendamist IT-ga seotud \u00f5igusk\u00fcsimustes. Meie meeskond kasutab meie kollektiivseid teadmisi IT-st ja \u00f5igusest, et koostada ja pakkuda optimaalseid lahendusi, mis vastavad iga kliendi konkreetsetele n\u00f5udmistele.<\/p>\n\t\t\t\t<p class=\"mgb-small\">Kuigi traditsioonilised \u00f5igusteenused keskenduvad sageli konkreetsete toodete pakkumisele, nagu n\u00e4iteks hagide esitamine tellimisel, tunnistan ma vajadust tagada, et pakutavad lahendused vastaksid t\u00f5eliselt kliendi vajadustele. Kas saame t\u00e4ielikult toetuda kliendi enda v\u00e4ljat\u00f6\u00f6tatud lahendusele, mis t\u00f5husalt lahendab nende ainulaadsed v\u00e4ljakutsed? Need on kriitilised kaalutlused, mida ma arvesse v\u00f5tan.<\/p>\n\t\t\t\t<p class=\"mgb-small\">N\u00e4iteks vaatame Jaapani IPOde toetamist. Et tagada vastavus, peavad ettev\u00f5tted p\u00f5hjalikult uurima k\u00f5iki v\u00f5imalikke muudatusi Jaapani seadustes ja m\u00e4\u00e4rustes, mis v\u00f5ivad m\u00f5jutada nende tegevust, ning v\u00f5tma asjakohaseid meetmeid. Siiski v\u00f5ib advokaatidel olla igap\u00e4evat\u00f6\u00f6s keeruline j\u00e4lgida arvukaid muudatusi, sealhulgas v\u00e4iksemaid.<\/p>\n\t\t\t\t<p>IT- ja \u00f5igusekspertina p\u00fc\u00fcdlen pakkuma &#8220;lahendusi&#8221;, mis \u00fchendavad IT ja \u00f5iguse j\u00f5u, et t\u00f5husalt lahendada neid keerulisi probleeme.<\/p>\n\t\t\t<\/div>\n\t\t<\/div>\n\t<\/div>\n<\/section>\n\n<section class=\"orange-section\">\n\t<div class=\"anchor\" id=\"a-team-of-lawyers-and-it-consultants\"><\/div>\n\t<div class=\"section-inner\">\n\t\t<div class=\"flex reverse\">\n\t\t\t<div class=\"width41\"><img decoding=\"async\" src=\"\/wp-content\/uploads\/2023\/06\/message_4.jpg\" alt=\"Advokaatide ja IT-konsultantide meeskond\"><\/div>\n\t\t\t<div class=\"width51\">\n\t\t\t\t<h3>Juristide ja IT-konsultantide meeskond<\/h3>\n\t\t\t\t<p class=\"mgb-small\">Lisaks IPO toetusele, mida me n\u00e4itena t\u00f5ime, on palju olukordi, kus IT ja \u00f5iguse \u00fchendamine on h\u00e4davajalik klientide vajaduste rahuldamiseks. Keeruliste probleemstsenaariumidega tegelemine n\u00f5uab meeskonda, kellel on oskused ja v\u00f5imekus teha informeeritud otsuseid ning rakendada t\u00f5husaid meetmeid laiast valikust. Kuigi juristid on \u00f5igusalased professionaalid ja spetsialistid, n\u00f5uab tervikliku &#8220;lahenduse&#8221; loomine rohkem kui ainult \u00f5igusalast ekspertiisi.<\/p>\n\t\t\t\t<p class=\"mgb-small\">Seet\u00f5ttu kuuluvad meie meeskonda lisaks juristidele ka IT-konsultandid, kes toovad laua taha mitmek\u00fclgse oskuste komplekti. Oma v\u00f5imetega teostada internetiuuringuid, selgitada lahendusettepanekuid ja pakkuda \u00fclevaateid, mis \u00fcletavad traditsioonilist \u00f5igusteadmist, suudame pakkuda terviklikke ja t\u00f5husaid lahendusi. Piiri\u00fcleste \u00f5igusk\u00fcsimuste k\u00e4sitlemisel on meeskonnat\u00f6\u00f6, mis \u00fcletab juristide piire, \u00fclioluline. Meie meeskonnaliikmed, kes valdavad v\u00f5\u00f5rkeeli ja m\u00f5istavad s\u00fcgavalt v\u00e4lismaiseid \u00e4rikeskkondi, v\u00f5imaldavad meil navigeerida piiri\u00fclestes IT-valdkondades.<\/p>\n\t\t\t\t<p class=\"mgb-small\">V\u00e4rbamise osas on oluline m\u00e4rkida, et paljud meie juristid liituvad MONOLITH LAW OFFICE&#8217;iga ilma p\u00f5hjalike IT-teadmisteta. Me soodustame koost\u00f6\u00f6d soosivat keskkonda, kus juristid erinevate taustade ja kogemustega IT-\u00f5iguse valdkonnas t\u00f6\u00f6tavad \u00fchtse meeskonnana. Mittejuristidest meeskonnaliikmete \u00fclesanded m\u00e4\u00e4ratakse sageli nende v\u00f5imete ja omaduste p\u00f5hjal p\u00e4rast ettev\u00f5ttega liitumist ja erinevate \u00e4ridega tutvumist. Tervitame kandideerimisi juristidelt, kes ei pruugi omada spetsialiseeritud IT-teadmisi v\u00f5i kes tunnevad k\u00f5hklust &#8220;spetsialisti&#8221; sildi all.<\/p>\n\t\t\t\t<p class=\"mgb-big\">MONOLITH LAW OFFICE&#8217;is v\u00e4\u00e4rtustame iga meeskonnaliikme kollektiivset ekspertiisi ja panust, luues d\u00fcnaamilise ja innovaatilise keskkonna, mis \u00fchendab \u00f5igusalast p\u00e4devust IT-sisukusega.<\/p>\n\t\t\t\t<div class=\"btn-area align-left\">\n\t\t\t\t\t<div class=\"btn icon-job-openings\"><a href=\"\/en\/job-openings\/\">T\u00f6\u00f6pakkumised<\/a><\/div>\n\t\t\t\t<\/div>\n\t\t\t<\/div>\n\t\t<\/div>\n\t<\/div>\n<\/section>\n","protected":false},"excerpt":{"rendered":"<p>Tervitused juhtivalt advokaadilt Informatsioonitehnoloogia j\u00f5u rakendamine on inimkonna ajalugu revolutsiooniliselt muutnud, v\u00f5rreldav d\u00fcnamidi m\u00f5juga.Eelk\u00f5ige on internet kiiresti muutnud evolutsioon [&hellip;]<\/p>\n","protected":false},"author":1,"featured_media":57134,"parent":0,"menu_order":8,"comment_status":"closed","ping_status":"closed","template":"other-page-temp.php","meta":{"footnotes":""},"acf":[],"_links":{"self":[{"href":"https:\/\/monolith.law\/et\/wp-json\/wp\/v2\/pages\/4232"}],"collection":[{"href":"https:\/\/monolith.law\/et\/wp-json\/wp\/v2\/pages"}],"about":[{"href":"https:\/\/monolith.law\/et\/wp-json\/wp\/v2\/types\/page"}],"author":[{"embeddable":true,"href":"https:\/\/monolith.law\/et\/wp-json\/wp\/v2\/users\/1"}],"replies":[{"embeddable":true,"href":"https:\/\/monolith.law\/et\/wp-json\/wp\/v2\/comments?post=4232"}],"version-history":[{"count":34,"href":"https:\/\/monolith.law\/et\/wp-json\/wp\/v2\/pages\/4232\/revisions"}],"predecessor-version":[{"id":64216,"href":"https:\/\/monolith.law\/et\/wp-json\/wp\/v2\/pages\/4232\/revisions\/64216"}],"wp:featuredmedia":[{"embeddable":true,"href":"https:\/\/monolith.law\/et\/wp-json\/wp\/v2\/media\/57134"}],"wp:attachment":[{"href":"https:\/\/monolith.law\/et\/wp-json\/wp\/v2\/media?parent=4232"}],"curies":[{"name":"wp","href":"https:\/\/api.w.org\/{rel}","templated":true}]}}