{"id":47528,"date":"2023-11-06T23:10:34","date_gmt":"2023-11-06T14:10:34","guid":{"rendered":"https:\/\/monolith.law\/?page_id=47528"},"modified":"2024-04-30T16:23:08","modified_gmt":"2024-04-30T07:23:08","slug":"crypto-asset-and-blockchain","status":"publish","type":"page","link":"https:\/\/monolith.law\/et\/crypto-asset-and-blockchain","title":{"rendered":"Kr\u00fcpto Varad ja Plokiahelad"},"content":{"rendered":"\n<section class=\"heading-area\">\n\t<div class=\"heading-area-inner\">\n\t\t<h2 class=\"icon-crypto-asset-and-blockchain\">Kr\u00fcpto Varad ja Plokiahelad<\/h2>\n\t\t<p>Kr\u00fcpto Varad ja Plokiahelad on detsentraliseeritud andmebaasid, mis on loodud erinevate IT-s\u00fcsteemide poolt, sealhulgas konsensuse algoritmid, kr\u00fcptograafia ja P2P-v\u00f5rgud, mida on raske muuta ja mis on madala andmekao riskiga. Kuna oleme IT valdkonna ekspertiisiga \u00f5igusb\u00fcroo, toetame ettev\u00f5tteid, mis tegelevad kr\u00fcptovarade, NFT-de ja plokiahelatega.<\/p>\n\t<\/div>\n<\/section>\n<section class=\"white-section\">\n\t<div class=\"section-inner pdt0 border-bottom-section\">\n\t<p class=\"mgb-small\">Kr\u00fcptovarad, NFT-d ja plokiahelad arenevad kiiresti t\u00e4nu pidevatele tehnilistele uuendustele ja nende potentsiaalile laiaulatuslikel eesm\u00e4rkidel, alates rahastamisest kuni digitaalse kunsti haldamiseni. Seet\u00f5ttu on see ka \u00f5iguslikult keeruline reguleerida.<\/p>\n\t<p class=\"mgb-small\">MONOLITH LAW OFFICE on \u00f5igusb\u00fcroo, mis on spetsialiseerunud kr\u00fcpto- ja plokiahela\u00f5igusele alates selle asutamisest (2017). Oleme tuttavad v\u00e4lisettev\u00f5tete \u00f5igusnormidega, nende ettev\u00f5tmistega Jaapanis, sobiva \u00e4rijuhendamisega rakendamise suunas ning IT-ga seotud \u00e4ritegevuse dokumentide ja lepingute ettevalmistamisega. Selline t\u00f6\u00f6 n\u00f5uab teadmisi ja kogemusi rahvusvahelises IT-s, \u00e4ris, finantsseadusandluses ja muudes \u00f5igusk\u00fcsimustes.<\/p>\n\t<p>Pakume keerukat tuge ettev\u00f5tetele, mis kasutavad plokiahelaid, sealhulgas kr\u00fcptovarade ja NFT-dega, l\u00e4bi advokaatide ja IT-n\u00f5ustajate vahelise tiheda koost\u00f6\u00f6.<\/p>\n\t<\/div>\n<\/section>\n<section class=\"second-nav\">\n\t<div class=\"second-nav-inner\">\n\t\t<p>TEEMAD<\/p>\n\t\t<nav>\n\t\t\t<ul>\n\t\t\t\t<li><a href=\"#highly-specialized-teams-and-global-network\">K\u00f5rgelt Spetsialiseerunud Meeskonnad ja Globaalne V\u00f5rgustik<\/a><\/li>\n\t\t\t\t<li><a href=\"#examples-of-the-firm's-support-achievements\">Firma Toetusavalduste N\u00e4ited<\/a><\/li>\n\t\t\t\t<li><a href=\"#advanced-technology-and-financial-legislation\">T\u00e4iustatud Tehnoloogia ja Finantsseadusandlus<\/a><\/li>\n\t\t\t\t<li><a href=\"#providing-one-stop-solutions\">\u00dchekordsete Lahenduste Pakkumine<\/a><\/li>\n\t\t\t\t<li><a href=\"#legal-support-for-nft-related-businesses\">\u00d5igusabi NFT-ga Seotud Ettev\u00f5tetele<\/a><\/li>\n\t\t\t\t<li><a href=\"#crypto-asset-businesses-and-custody-services\">Kr\u00fcptovara Ettev\u00f5tted ja Hoiuteenused<\/a><\/li>\n\t\t\t\t<li><a href=\"#other-crypto-assets-related-businesses\">Muud Kr\u00fcptovaradega Seotud Ettev\u00f5tted<\/a><\/li>\n\t\t\t\t<li><a href=\"#system-development\">S\u00fcsteemiarendus<\/a><\/li>\n\t\t\t\t<li><a href=\"#terms-of-use-maintennance-for-applications-etc\">Dokumentide Teenused<\/a><\/li>\n\t\t\t\t<li><a href=\"#monolith-law-magazine\">MONOLITH LAW MAGAZINE<\/a><\/li>\n\t\t\t\t<li><a href=\"#fee-structure\">Tasustruktuur<\/a><\/li>\n\t\t\t<\/ul>\n\t\t<\/nav>\n\t<\/div>\n<\/section>\n<section class=\"white-section\">\n\t<div class=\"anchor\" id=\"highly-specialized-teams-and-global-network\"><\/div>\n\t<div class=\"section-inner pdb0\">\n\t\t<h3>K\u00f5rgelt spetsialiseerunud meeskonnad ja globaalne v\u00f5rgustik<\/h3>\n\t\t<div class=\"max-width980 mgb-small\"><img decoding=\"async\" src=\"\/wp-content\/uploads\/2023\/05\/web3team.jpg\" alt=\"Advokaadid\"><\/div>\n\t\t<div class=\"frame2 max-width860 txt-center-pc\">\n\t\t\t<p class=\"bold txt-l mgb-small\">Kuna plokiahelate ja kr\u00fcpto-varade \u00fcmbritsev \u00e4rikeskkond areneb kiiresti, on vajalikud \u00f5igusb\u00fcrood ja advokaadid, kes on spetsialiseerunud selles valdkonnas.<\/p>\n\t\t\t<p> MONOLITH LAW OFFICE&#8217;is oleme loonud p\u00fchendunud meeskonna advokaate, kellel on ulatuslikud IT-teadmised, rahvusvaheliselt kvalifitseeritud advokaate ja kogenud IT-insenere. Meie tugeva rahvusvahelise v\u00f5rgustiku kaudu soodustame teadmiste vahetamist, mis v\u00f5imaldab meil p\u00fcsida selle d\u00fcnaamilise valdkonna eesliinil.<\/p>\n\t\t<\/div>\n\t<\/div>\n<\/section>\n<section class=\"white-section\">\n\t<div class=\"anchor\" id=\"examples-of-the-firm's-support-achievements\"><\/div>\n\t<div class=\"section-inner\">\n\t\t<h3>Firma toe saavutuste n\u00e4ited<\/h3>\n\t\t<ul class=\"layout-column4\">\n\t\t\t<li>\n\t\t\t\t<div><img decoding=\"async\" src=\"\/wp-content\/uploads\/2022\/07\/shutterstock_1009471096.png\"><\/div>\n\t\t\t\t<h4>Rahastamine (ICO, STO, IEO)<\/h4>\n\t\t\t\t<p>T\u00e4nap\u00e4eval on kr\u00fcptoressursside kasutamisega rahastamise vormid nagu ICO, STO ja IEO muutumas \u00fcha populaarsemaks. Neid peetakse paindlikumaks viisiks vahendite kaasamiseks v\u00f5rreldes IPO-dega, pakkudes samal ajal investorite kaitset vastavalt <em>Japanese Financial Instruments and Exchange Act<\/em> ja <em>Japanese Payment Services Act<\/em> regulatsioonidele. MONOLITH LAW OFFICE toetab \u00e4ri\u00f5iguslikkuse aspekte, pakkudes abi ja koostades aruandeid.<\/p>\n\t\t\t<\/li>\n\t\t\t<li>\n\t\t\t\t<div><img decoding=\"async\" src=\"\/wp-content\/uploads\/2022\/07\/shutterstock_758063575-1.png\"><\/div>\n\t\t\t\t<h4>Kaevandamine\/Stake&#8217;imine<\/h4>\n\t\t\t\t<p>Viime l\u00e4bi uuringuid kaevandamise ja stake&#8217;imise \u00f5igusp\u00e4rasuse kohta plokiahelates ning koostame lepinguid ja muid asjakohaseid dokumente. M\u00f5nel juhul v\u00f5ib plokiahelates kaevandamise ja stake&#8217;imise tegevus n\u00f5uda registreerimist kr\u00fcptoressursside vahetuse ettev\u00f5ttena. Meie ekspertiis seisneb \u00f5igusn\u00f5uete m\u00f5istmises ja klientide abistamises vajalike regulatsioonide t\u00e4itmisel.<\/p>\n\t\t\t<\/li>\n\t\t\t<li>\n\t\t\t\t<div><img decoding=\"async\" src=\"\/wp-content\/uploads\/2022\/07\/shutterstock_1096851425.png\"><\/div>\n\t\t\t\t<h4>Kr\u00fcptovara vahetused ja nende tegevus<\/h4>\n\t\t\t\t<p><em>Japanese Funds Settlement Law<\/em> muudatuste kohaselt on n\u00fc\u00fcd n\u00f5utav kr\u00fcptoressursside vahetuse ettev\u00f5ttena registreerimine, et osta, m\u00fc\u00fca, vahetada ning tegutseda kr\u00fcptoressursside vahendaja v\u00f5i agendina. Unikaalse \u00e4rimudeli v\u00e4ljat\u00f6\u00f6tamisega on v\u00f5imalik sellisest registreerimisest seaduse raames m\u00f6\u00f6da minna. Samuti saame abistada kliente kr\u00fcptoressursside vahetuse ettev\u00f5ttena registreerimisel ja virtuaalvaluuta vahetustega tegelevate ettev\u00f5tete pideval toetamisel.<\/p>\n\t\t\t<li>\n\t\t\t\t<div><img decoding=\"async\" src=\"\/wp-content\/uploads\/2022\/07\/shutterstock_2118688160.png\"><\/div>\n\t\t\t\t<h4>Sisubisnis \/ NFT<\/h4>\n\t\t\t\t<p>Asendamatud Tokenid (NFT-d), mida esindavad digitaalne kunst, plokiahela m\u00e4ngude esemed jne, v\u00f5ivad s\u00f5ltuvalt s\u00fcsteemist olla \u00f5iguslikult erinevad, alates kr\u00fcptovaradest kuni ettemakstud maksevahenditeni kuni elektrooniliselt registreeritud \u00fclekande\u00f5igusteni (v\u00e4\u00e4rtpaberid) jne, kuid neile kehtivad keerulised ja ranged reeglid. Oleme tegevad klientide \u00e4ritegevuse \u00f5igusp\u00e4rasuse uurimisel ja nende toetamisel \u00f5iguslikust vaatenurgast.<\/p>\n\t\t\t<\/li>\n\t\t<\/ul>\n\t<\/div>\n<\/section>\n<section class=\"white-section\">\n\t<div class=\"anchor\" id=\"advanced-technology-and-financial-legislation\"><\/div>\n\t<div class=\"section-inner\">\n\t\t<div class=\"flex reverse\">\n\t\t\t<div class=\"width41\"><img decoding=\"async\" src=\"\/wp-content\/uploads\/2022\/07\/shutterstock_1144405721.png\" alt=\"Advanced Technology and Financial Legislation\"><\/div>\n\t\t\t<div class=\"width51\">\n\t\t\t\t<h3>Arenenud tehnoloogia ja finantsseadusandlus<\/h3>\n\t\t\t\t<p class=\"mgb-small\">Plokiahelate valdkond on \u00fcks neist, kus neid kasutavad ettev\u00f5tted arenevad kiiresti, eriti v\u00e4lismaal. Selles valdkonnas tegutsevad ettev\u00f5tted peavad kaaluma, kas on v\u00f5imalik sellist s\u00fcsteemi Jaapanis rakendada, l\u00e4htudes uusimatest v\u00e4lismaistest m\u00e4\u00e4rustest. Me loeme esmalt l\u00e4bi selliste v\u00e4lismaiste ettev\u00f5tete avaldatud materjalid, l\u00e4htudes meie IT-teadmistest uusimatest tehnoloogiatest. Seej\u00e4rel uurime s\u00fcsteemi seaduslikkust Jaapanis, arvestades kodumaist \u00f5iguss\u00fcsteemi, sealhulgas finantsseadusandlust ja haldusarvamusi. Seej\u00e4rel anname n\u00f5u, kuidas s\u00fcsteemi Jaapanis seaduslikult rakendada, l\u00e4htudes meie \u00e4riotsustest.<\/p>\n\t\t\t\t<p>Plokiahel, sealhulgas kr\u00fcpto-varad ja NFT, on keeruline valdkond, mis n\u00f5uab advokaadib\u00fcroodelt ja advokaatidelt k\u00f5rgetasemelist p\u00e4devust nii IT kui ka \u00f5iguse alal.<\/p>\n\t\t\t<\/div>\n\t\t<\/div>\n\t<\/div>\n<\/section>\n<section class=\"purple-section\">\n\t<div class=\"anchor\" id=\"providing-one-stop-solutions\"><\/div>\n\t<div class=\"section-inner\">\n\t\t<div class=\"flex reverse\">\n\t\t\t<div class=\"width51\">\n\t\t\t\t<h3>Pakume \u00fche peatuse lahendusi<\/h3>\n\t\t\t\t<p class=\"mgb-small\">Meie firma koosneb 30 advokaadist ja 85 t\u00f6\u00f6tajast, sealhulgas IT-konsultantidest, kes t\u00f6\u00f6tavad asutaja juhendamisel, kes on endine IT-insener ja IT-ettev\u00f5tte omanik.<\/p>\n\t\t\t\t<p>\u00dclemeremaade ettev\u00f5tjate poolt avaldatud dokumentide t\u00f5lkimine ja tehniline m\u00f5istmine, samuti majasiseste tehniliste dokumentide ja koodide loomine, toimub esindusadvokaadi ja IT-konsultatsiooniosakonna poolt. \u00d5igusalane uurimist\u00f6\u00f6, lepingute koostamine, dokumentide ettevalmistamine ja muud \u00f5igusteenused viiakse l\u00e4bi esindusadvokaadi ja advokaadi poolt. Seega saame pakkuda \u00fche peatuse teenust j\u00e4rjestikuste juhtumite jaoks, mis n\u00f5uavad k\u00f5rgetasemelist asjatundlikkust nii IT kui ka \u00f5iguse alal.<\/p>\n\t\t\t<\/div>\n\t\t\t<div class=\"width41\"><img decoding=\"async\" src=\"\/wp-content\/themes\/monolith_en\/img\/operationofofmedia\/operationofofmedia_pic5.svg\" alt=\"Pakume \u00fche peatuse lahendusi\"><\/div>\n\t\t<\/div>\n\t<\/div>\n<\/section>\n<section class=\"white-section mgt-section\">\n\t<div class=\"anchor\" id=\"legal-support-for-nft-related-businesses\"><\/div>\n\t<div class=\"section-inner-black\">\n\t\t<h3>\u00d5iguslik tugi NFT-ga seotud ettev\u00f5tetele<\/h3>\n\t\t\t\t<p class=\"mgb-small\">Mittevahetatavad m\u00e4rgid (NFT-d), mis on peamiselt ehitatud Ethereumi plokiahelale, on praktiliseks kasutuseks, et luua unikaalseid tooteid, sealhulgas digitaalset kunsti, plokiahela m\u00e4ngu esemeid ja kauplemiskaarte, samuti esindavad nad t\u00f5endit omandi\u00f5iguse kohta reaalsele varale, nagu kinnisvara, ja liikmelisusele reaalses maailmas. <\/p>\n\t\t\t\t<p class=\"mgb-middle\">NFT-d, s\u00f5ltuvalt nende kujundusest ja \u00e4rimudelist, v\u00f5ivad kuuluda kr\u00fcpto-varade, eelnevalt makstud maksevahendite, elektrooniliste kirje\u00fclekande \u00f5iguste jms kategooriasse. Me toetame NFT-ga seotud ettev\u00f5tteid oma k\u00f5rge ekspertiisitasemega.<\/p>\n\t<\/div>\n<\/section>\n<section class=\"white-section\">\n\t<div class=\"anchor\" id=\"crypto-asset-businesses-and-custody-services\"><\/div>\n\t<div class=\"section-inner\">\n\t\t<div class=\"flex reverse\">\n\t\t\t<div class=\"width41\"><img decoding=\"async\" src=\"\/wp-content\/uploads\/2022\/07\/shutterstock_1151380622_2.png\" alt=\"Crypto Asset Businesses and Custody Services\"><\/div>\n\t\t\t<div class=\"width51\">\n\t\t\t\t<h3>Kr\u00fcptoassetite \u00e4ri ja hoiuteenused<\/h3>\n\t\t\t\t<p class=\"mgb-small\">Vastavalt 2020. aasta muudetud Raha Arveldamise Seadusele on &#8220;teiste eest kr\u00fcptoassetite haldamine (st hoiuteenuse osutamine)&#8221; n\u00fc\u00fcd kaasatud kr\u00fcptoassetite vahetuse \u00e4risse, mis n\u00f5uab registreerimist kr\u00fcptoassetite teenusepakkujana ja on seega erinevate regulatsioonide suhtes kohustuslik, et rakendada skeemi, mis h\u00f5lmab kr\u00fcptoassetite haldamist. Kuid need regulatsioonid on v\u00e4ga koormavad neile, kes ei ole nn virtuaalraha vahetusteenuse osutajad, vaid pakuvad ainult hoiuteenuseid.<\/p>\n\t\t\t\t<p>Sellised teenused peavad otsustama, kas nad peaksid registreerima ja tegutsema kr\u00fcptoassetite vahetajana v\u00f5i kas nad peaksid k\u00e4itlema kr\u00fcptoassetitega, v\u00e4ltides registreerimist.<\/p>\n\t\t\t<\/div>\n\t\t<\/div>\n\t<\/div>\n<\/section>\n<section class=\"white-section mgb-section\">\n\t<div class=\"anchor\" id=\"other-crypto-assets-related-businesses\"><\/div>\n\t<div class=\"section-inner-black\">\n\t\t<h3>Muud kr\u00fcpto-varad ja plokiahelaga seotud ettev\u00f5tted<\/h3>\n\t\t<p class=\"mgb-small\">Kr\u00fcpto-varad ja plokiahelad on tehnoloogia- ja \u00e4ripiirkonnad, mis on pidevas arengus. See h\u00f5lmab stabiilsete m\u00fcntide reguleerimist, mida reguleeriti 2022. aasta (Gregoriuse kalendri j\u00e4rgi) muudetud Fondide Arveldamise Seaduse (Jaapani Fondide Arveldamise Seadus) alusel, ja IEO-sid, rahastamismeetodit, mis vaatab l\u00e4bi virtuaalraha vahetusi, ning stakinguga seotud ettev\u00f5tteid. Meie b\u00fcroo j\u00e4lgib viimaseid arenguid ja pakub toetust sellistele ettev\u00f5tetele.<\/p>\n\t\t<p class=\"mgb-middle\">Oleme advokaadib\u00fcroo, mille asutas endine IT-insener ja kus t\u00f6\u00f6tavad IT-konsultandid, kes on kogenud valgete raamatute, tehniliste dokumentide ja muude v\u00e4lismaal avaldatud materjalide m\u00f5istmises, et m\u00f5ista tehnoloogiat ja \u00e4rimudeleid.<\/p>\n\t<\/div>\n<\/section>\n<section class=\"orange-section\">\n\t<div class=\"anchor\" id=\"system-development\"><\/div>\n\t<div class=\"section-inner\">\n\t\t<div class=\"flex reverse\">\n\t\t\t<div class=\"width41\"><img decoding=\"async\" src=\"\/wp-content\/themes\/monolith2021\/img\/practices-itlaw\/practices-itlaw_pic1.jpg\" alt=\"S\u00fcsteemi arendamine\"><\/div>\n\t\t\t<div class=\"width51\">\n\t\t\t\t<h3>S\u00fcsteemiarendus<\/h3>\n\t\t\t\t<p>Endise IT-inseneri poolt asutatud MONOLITH LAW OFFICE on \u00f5igusb\u00fcroo, mis tegeleb lepingute koostamise, muutmise ja l\u00e4bir\u00e4\u00e4kimistega, samuti vaidluste lahendamisega, kui probleeme tekib, mitte ainult kr\u00fcpto-varade ja plokiahelaga seotud k\u00fcsimustes, vaid ka erinevates k\u00f5rgelt spetsialiseeritud s\u00fcsteemiarenduse valdkondades, nagu virtuaalraha vahetuste s\u00fcsteemiarendus. Me tegeleme ka vaidluste lahendamisega, kui probleeme tekib.<\/p>\n\t\t\t<\/div>\n\t\t<\/div>\n\t<\/div>\n<\/section>\n<section class=\"white-section\">\n\t<div class=\"anchor\" id=\"terms-of-use-maintenance-for-applications-etc\"><\/div>\n\t<div class=\"section-inner\">\n\t\t<div class=\"flex\">\n\t\t\t<div class=\"width41\"><img decoding=\"async\" src=\"\/wp-content\/themes\/monolith2021\/img\/practices-itlaw\/practices-itlaw_pic2.jpg\" alt=\"Dokumentide teenused\"><\/div>\n\t\t\t<div class=\"width51\">\n\t\t\t\t<h3>Dokumentide teenused<\/h3>\n\t\t\t\t<p>MONOLITH LAW OFFICE tegeleb erinevate rakenduste, teenuste ja m\u00e4ngude, sealhulgas plokiahela m\u00e4ngude, kr\u00fcpto-varade ja plokiahelaga seotud toodete ja teenuste kasutustingimuste ja privaatsuspoliitikate loomise ja \u00fclevaatamisega. Uurime ka olemasolevaid ettev\u00f5tte dokumente ja andmeid, nagu n\u00f5uete m\u00e4\u00e4ratlused asjakohase rakenduse arendamiseks, Adobe XD-s loodud raamistikud, LP-d, m\u00fc\u00fcgimaterjalid potentsiaalsetele klientidele jne.<\/p>\n\t\t\t<\/div>\n\t\t<\/div>\n\t<\/div>\n<\/section>\n\n<section class=\"purple2-section\">\n\t<div class=\"anchor\" id=\"monolith-law-magazine\"><\/div>\n\t<div class=\"section-inner\">\n\t\t    <section class=\"white-section temp-article\">\n        <div class=\"section-inner\">\n            <h4>MONOLITH LAW MAGAZINE<\/h4>\n            <div class=\"articles type_practice_column\">\n                                                                    <div class=\"article article-area\">\n                        <figure>\n                            <div class=\"img-wrap\">\n                                <img alt=\"NASDAQ-i noteerimiseks vajalikud ettev\u00f5tte juhtimise n\u00f5uded\" src=\"https:\/\/monolith.law\/et\/wp-content\/uploads\/sites\/36\/2025\/08\/19e0312b170969f265c8e568bdf254db.webp\" width=\"500\" height=\"250\">\n                            <\/div>\n                            <figcaption>\n                                <div class=\"figcaption-inner\">\n                                    <h3>NASDAQ-i noteerimiseks vajalikud ettev\u00f5tte juhtimise n\u00f5uded<\/h3>\n                                <\/div>\n                            <\/figcaption>\n                            <a href=\"https:\/\/monolith.law\/et\/it\/nasdaq-corporate-governance\"><\/a>\n                        <\/figure>\n                    <\/div>\n                                                    <div class=\"article article-area\">\n                        <figure>\n                            <div class=\"img-wrap\">\n                                <img alt=\"Web3 kasutamise \u00e4rimudelid: viimased suundumused ja rakendusn\u00e4ited selgitatud\" src=\"https:\/\/monolith.law\/et\/wp-content\/uploads\/sites\/36\/2025\/08\/Shutterstock_2333502635.webp\" width=\"500\" height=\"250\">\n                            <\/div>\n                            <figcaption>\n                                <div class=\"figcaption-inner\">\n                                    <h3>Web3 kasutamise \u00e4rimudelid: viimased suundumused ja rakendusn\u00e4ited selgitatud<\/h3>\n                                <\/div>\n                            <\/figcaption>\n                            <a href=\"https:\/\/monolith.law\/et\/it\/web3-business-model\"><\/a>\n                        <\/figure>\n                    <\/div>\n                                                    <div class=\"article article-area\">\n                        <figure>\n                            <div class=\"img-wrap\">\n                                <img alt=\"\u30102025. aasta uusim versioon\u3011Kr\u00fcptovarade (virtuaalvaluuta) \u00f5iguslik t\u00f5lgendamine: v\u00e4\u00e4rtpaberitele vastavus ja ettev\u00f5tjate t\u00e4helepanekohad\" src=\"https:\/\/monolith.law\/et\/wp-content\/uploads\/sites\/36\/2025\/08\/Shutterstock_2049735344.webp\" width=\"500\" height=\"250\">\n                            <\/div>\n                            <figcaption>\n                                <div class=\"figcaption-inner\">\n                                    <h3>\u30102025. aasta uusim versioon\u3011Kr\u00fcptovarade (virtuaalvaluuta) \u00f5iguslik t\u00f5lgendamine.<\/h3>\n                                <\/div>\n                            <\/figcaption>\n                            <a href=\"https:\/\/monolith.law\/et\/it\/crypto-assets-securities\"><\/a>\n                        <\/figure>\n                    <\/div>\n                                            <\/div>\n            <div class=\"btn-more\"><a href=\"https:\/\/monolith.law\/et\/tag\/crypto-assets-and-blockchains\">Read More<\/a><\/div>\n        <\/div>\n    <\/section>\n\t<\/div>\n<\/section>\n\n<section class=\"orange2-section\">\n\t<div class=\"anchor\" id=\"fee-structure\"><\/div>\n\t<div class=\"section-inner\">\n\t<div class=\"planWrap\">\n\t<h3>Tasustamise struktuur<\/h3>\n\t<ul class=\"plan\">\n\t\t<li class=\"txt-left\">\n\t\t\t<div class=\"plan-inner\">\n\t\t\t<div class=\"plan-header\">\n\t\t\t<h4 class=\"plan-title\">Tunnitasu<\/h4>\n\t\t\t<div class=\"plan-price\"><span class=\"price-figure\">$300<\/span>tunnis<span class=\"price-tax\"><\/span><\/div>\n\t\t\t<\/div>\n\t\t\t<div class=\"plan-body\">Teatud juhtudel v\u00f5ime kaaluda vaidluse v\u00f5i kohtuasja vastuv\u00f5tmist algse tasu ja edukustasu alusel. Lisateabe saamiseks v\u00f5tke meiega julgelt \u00fchendust.<\/div>\n\t\t\t<\/div>\n\t\t<\/li>\n\t\t<li class=\"txt-left\">\n\t\t\t<div class=\"plan-inner\">\n\t\t\t<div class=\"plan-header\">\n\t\t\t<h4 class=\"plan-title\">Lepingute koostamine<\/h4>\n\t\t\t<div class=\"plan-price\"><span class=\"price-value\">alates<\/span><span class=\"price-figure\">$500<\/span><span class=\"price-value\">kuni $2,000 v\u00f5i rohkem<\/span><span class=\"price-tax\"><\/span><\/div>\n\t\t\t<\/div>\n\t\t\t<div class=\"plan-body\">Hinnastamise struktuur v\u00f5ib varieeruda s\u00f5ltuvalt lepingute t\u00fc\u00fcbist ja mahust. Meil on hea meel pakkuda esialgset hinnangut p\u00e4ringu alusel, seega kutsume teid \u00fcles meiega lisateabe saamiseks \u00fchendust v\u00f5tma.<\/div>\n\t\t\t<\/div>\n\t\t<\/li>\n\t\t<li class=\"txt-left\">\n\t\t\t<div class=\"plan-inner\">\n\t\t\t<div class=\"plan-header\">\n\t\t\t<h4 class=\"plan-title\">Muud teenused<\/h4>\n\t\t\t<div class=\"plan-price\"><span class=\"price-figure\">V\u00f5tke meiega \u00fchendust<\/span><\/div>\n\t\t\t<\/div>\n\t\t\t<div class=\"plan-body\">Pakume laia valikut teenuseid, sealhulgas ettev\u00f5tte asutamine, lepingute \u00fclevaatus, \u00f5igusarvamused, juhtumite \u00fclevaade v\u00f5i uurimiskirjad. Kui teil on k\u00fcsimusi v\u00f5i muresid, kutsume teid s\u00fcdamest meiega \u00fchendust v\u00f5tma. Oleme r\u00f5\u00f5muga valmis teid aitama.<\/div>\n\t\t\t<\/div>\n\t\t\t<\/div>\n\t\t<\/li>\n\t<\/ul>\n\t<\/div>\n\t<\/div>\n<\/section>\n\n<section class=\"white-section\">\n\t<div class=\"section-inner\">\n\t\t<div class=\"btn-area\">\n\t\t\t<div class=\"btn icon-contact\"><a href=\"\/et\/contact\">V\u00f5tke meiega \u00fchendust<\/a><\/div>\n\t\t<\/div>\n\t<\/div>\n<\/section>\n","protected":false},"excerpt":{"rendered":"<p>Kr\u00fcpto Varad ja Plokiahelad Kr\u00fcpto Varad ja Plokiahelad on detsentraliseeritud andmebaasid, mis on loodud erinevate IT-s\u00fcsteemide poolt, sealhulgas konsensuse algoritmid, kr\u00fcptograafia ja P2P-v\u00f5rgud,  [&hellip;]<\/p>\n","protected":false},"author":1,"featured_media":56655,"parent":0,"menu_order":6,"comment_status":"closed","ping_status":"closed","template":"other-page-temp.php","meta":{"footnotes":""},"acf":[],"_links":{"self":[{"href":"https:\/\/monolith.law\/et\/wp-json\/wp\/v2\/pages\/47528"}],"collection":[{"href":"https:\/\/monolith.law\/et\/wp-json\/wp\/v2\/pages"}],"about":[{"href":"https:\/\/monolith.law\/et\/wp-json\/wp\/v2\/types\/page"}],"author":[{"embeddable":true,"href":"https:\/\/monolith.law\/et\/wp-json\/wp\/v2\/users\/1"}],"replies":[{"embeddable":true,"href":"https:\/\/monolith.law\/et\/wp-json\/wp\/v2\/comments?post=47528"}],"version-history":[{"count":68,"href":"https:\/\/monolith.law\/et\/wp-json\/wp\/v2\/pages\/47528\/revisions"}],"predecessor-version":[{"id":64229,"href":"https:\/\/monolith.law\/et\/wp-json\/wp\/v2\/pages\/47528\/revisions\/64229"}],"wp:featuredmedia":[{"embeddable":true,"href":"https:\/\/monolith.law\/et\/wp-json\/wp\/v2\/media\/56655"}],"wp:attachment":[{"href":"https:\/\/monolith.law\/et\/wp-json\/wp\/v2\/media?parent=47528"}],"curies":[{"name":"wp","href":"https:\/\/api.w.org\/{rel}","templated":true}]}}