{"id":55708,"date":"2023-11-06T23:40:04","date_gmt":"2023-11-06T14:40:04","guid":{"rendered":"https:\/\/monolith.law\/et\/?page_id=55708"},"modified":"2024-04-30T16:21:03","modified_gmt":"2024-04-30T07:21:03","slug":"ai","status":"publish","type":"page","link":"https:\/\/monolith.law\/et\/ai","title":{"rendered":"AI (ChatGPT jms)"},"content":{"rendered":"\n<section class=\"heading-area\">\n\t<div class=\"heading-area-inner\">\n\t\t<h2 class=\"icon-ai\">AI (ChatGPT jms)<\/h2>\n\t\t<p>MONOLITH LAW OFFICE&#8217;is oleme kokku toonud k\u00f5rgelt kvalifitseeritud juristide ja inseneride meeskonna, kes on spetsialiseerunud AI-le. Oleme p\u00fchendunud pakkuma terviklikku \u00f5igusabi ettev\u00f5tetele, kes tegelevad AI arendamisega, sealhulgas ChatGPT-ga. Meie teenused h\u00f5lmavad laia valdkondade spektrit, nagu lepingute koostamine, \u00e4rimudelite seaduslikkuse hindamine, intellektuaalomandi \u00f5iguste kaitse ja privaatsusprobleemide juhtimine.<\/p>\n\t<\/div>\n<\/section>\n<section class=\"white-section\">\n\t<div class=\"section-inner pdt0 border-bottom-section\">\n\t\t<p>AI tehnoloogia kiire areng, eriti loomuliku keele t\u00f6\u00f6tlemise valdkonnas nagu ChatGPT, on avanud uusi v\u00f5imalusi ja \u00e4riv\u00f5imalusi. Siiski on see kaasa toonud ka mitmesuguseid \u00f5iguslikke v\u00e4ljakutseid. N\u00e4iteks on k\u00e4imas arutelud teksti kaitse \u00fcle, mille on genereerinud ChatGPT, vastavalt Jaapani autori\u00f5iguse seadusele. Lisaks seisavad AI ettev\u00f5tted silmitsi \u00f5iguslike riskidega, mis on seotud konfidentsiaalsuse ja privaatsusega. Nende keerukuste t\u00f5husaks navigeerimiseks on h\u00e4davajalik omada \u00f5iguseksperte, kes omavad s\u00fcgavat m\u00f5istmist AI-ga seotud \u00f5igusk\u00fcsimustest. MONOLITH LAW OFFICE&#8217;is oleme loonud spetsiaalse meeskonna juriste ja insenere, kellel on IT-alane ekspertiis, v\u00f5imaldades meil pakkuda spetsialiseeritud tuge AI ettev\u00f5tetele.<\/p>\n\t<\/div>\n<\/section>\n<section class=\"second-nav\">\n\t<div class=\"second-nav-inner\">\n\t\t<p>TEEMAD<\/p>\n\t\t<nav>\n\t\t\t<ul>\n\t\t\t\t<li><a href=\"#leading-legal-support-for-the-dynamic-ai-industry\">Juhtiv \u00f5igusabi d\u00fcnaamilisele AI t\u00f6\u00f6stusele<\/a><\/li>\n\t\t\t\t<li><a href=\"#characteristics-of-ai-legal-services\">AI \u00f5igusteenuste omadused<\/a><\/li>\n\t\t\t\t<li><a href=\"#drafts-can-be-generated-with-minimal-consultation\">Mustandeid saab koostada minimaalse konsultatsiooniga<\/a><\/li>\n\t\t\t\t<li><a href=\"#drafting-terms-of-use-for-ai-services\">AI teenuste kasutustingimuste koostamine<\/a><\/li>\n\t\t\t\t<li><a href=\"#compliance-with-chatgpt-terms-of-use\">ChatGPT kasutustingimustega koosk\u00f5la tagamine<\/a><\/li>\n\t\t\t\t<li><a href=\"#crawling-and-copyright-for-ai\">AI jaoks veebiindekseerimine ja autori\u00f5igus<\/a><\/li>\n\t\t\t\t<li><a href=\"#copyright-and-other-ip-issues\">Autori\u00f5igus ja muud intellektuaalomandi k\u00fcsimused<\/a><\/li>\n\t\t\t\t<li><a href=\"#legal-considerations-for-system-development\">\u00d5iguslikud kaalutlused s\u00fcsteemiarenduses<\/a><\/li>\n\t\t\t\t<li><a href=\"#providing-comprehensive-solutions\">Terviklike lahenduste pakkumine<\/a><\/li>\n\t\t\t\t<li><a href=\"#monolith-law-magazine\">MONOLITH LAW MAGAZINE<\/a><\/li>\n\t\t\t\t<li><a href=\"#fee-structure\">Tasustruktuur<\/a><\/li>\n\t\t\t<\/ul>\n\t\t<\/nav>\n\t<\/div>\n<\/section>\n<section class=\"white-section\">\n\t<div class=\"anchor\" id=\"leading-legal-support-for-the-dynamic-ai-industry\"><\/div>\n\t<div class=\"section-inner pdb0\">\n\t\t<h3>Juhtiv \u00f5igusabi d\u00fcnaamilise AI t\u00f6\u00f6stuse jaoks<\/h3>\n\t\t<div class=\"max-width980 mgb-small\"><img decoding=\"async\" src=\"\/wp-content\/uploads\/2023\/05\/aiteam.jpg\" alt=\"Juhtiv \u00f5igusabi d\u00fcnaamilise AI t\u00f6\u00f6stuse jaoks\"><\/div>\n\t\t<div class=\"frame2 max-width860 txt-center-pc\">\n\t\t\t<p class=\"bold txt-l\">Pakkudes tipptasemel \u00f5igusabi AI tehnoloogia jaoks, on MONOLITH LAW OFFICE&#8217;il meeskond advokaate, kellel on taust endiste ja praeguste IT-inseneridena. Me m\u00f5istame v\u00e4ljakutseid ja v\u00f5imalusi d\u00fcnaamilises AI t\u00f6\u00f6stuses ning pakume kohandatud \u00f5iguslahendusi, et aidata ettev\u00f5tetel selles arenevas valdkonnas edukaks saada.<\/p>\n\t\t<\/div>\n\t<\/div>\n<\/section>\n\n<section class=\"white-section\">\n\t<div class=\"anchor\" id=\"characteristics-of-ai-legal-services\"><\/div>\n\t<div class=\"section-inner\">\n\t\t<h3>AI \u00f5igusteenuste erip\u00e4rad<\/h3>\n\t\t<ul class=\"layout-datalist\">\n\t\t\t<li>\n\t\t\t\t<h4>IT-alane asjatundlikkus<\/h4>\n\t\t\t\t<p>Juristid, kes pakuvad AI \u00f5igusteenuseid, peavad omama s\u00fcgavat m\u00f5istmist viimastest tehnoloogiatest, et t\u00f5husalt toetada AI-d kasutavaid ettev\u00f5tteid. See h\u00f5lmab AI-p\u00f5histe \u00e4rimudelite ja toodete seaduslikkuse hindamist ning ettepanekute, kasutustingimuste ja lepingute koostamist, l\u00e4htudes p\u00f5hjalikust tehnoloogiaalasest arusaamast.<\/p>\n\t\t\t<\/li>\n\t\t\t<li>\n\t\t\t\t<h4>Intellektuaalomandi ja isikuandmete kaitse<\/h4>\n\t\t\t\t<p>Juristid, kes tegelevad AI \u00f5igusk\u00fcsimustega, peavad omama p\u00f5hjalikke teadmisi intellektuaalomandi seadustest ja m\u00e4\u00e4rustest, eriti seoses autori\u00f5iguse kaitsega AI loodud sisule. Lisaks peavad nad olema h\u00e4sti kursis isikuandmetega seotud seaduste ja m\u00e4\u00e4rustega, sealhulgas vastavusega nii rahvusvahelistele kui ka riiklikele privaatsusseadustele nagu GDPR ja Jaapani Isikuandmete Kaitse Seadus.<\/p>\n\t\t\t<\/li>\n\t\t\t<li>\n\t\t\t\t<h4>AI t\u00f6\u00f6riistade kasutustingimused<\/h4>\n\t\t\t\t<p>AI \u00f5igusteenused n\u00f5uavad p\u00f5hjalikku m\u00f5istmist AI t\u00f6\u00f6riistade, nagu ChatGPT, kasutustingimustest. Need tingimused reguleerivad olulisi aspekte nagu intellektuaalomandi \u00f5igused, konfidentsiaalsus ja teenuse kasutamise piirangud. Potentsiaalsete \u00f5iguslike probleemide v\u00e4ltimiseks on juristidele h\u00e4davajalik tunda neid tingimusi p\u00f5hjalikult ja tagada, et AI teenused neile vastaksid. Tingimustest kinni pidamata j\u00e4tmine v\u00f5ib kaasa tuua teenuse peatamise v\u00f5i \u00f5iguslikud tagaj\u00e4rjed.<\/p>\n\t\t\t<\/li>\n\t\t<\/ul>\n\t<\/div>\n<\/section>\n\n<section class=\"white-section mgb-section\">\n\t<div class=\"anchor\" id=\"drafts-can-be-generated-with-minimal-consultation\"><\/div>\n\t<div class=\"section-inner-black\">\n\t\t<h3>Eeln\u00f5usid saab koostada minimaalse konsultatsiooniga<\/h3>\n\t\t\t\t<p class=\"mgb-small\">Juristidel, kes on seotud AI-tehnoloogiat kasutavate teenuste ja toodetega, peab olema p\u00f5hjalik arusaam AI-s\u00fcsteemi poolt v\u00e4ljendatud konkreetsest k\u00e4itumisest. See h\u00f5lmab s\u00fcgavat teadmist AI poolt teostatavatest konkreetsetest protsessidest, selle poolt genereeritud v\u00e4ljunditest ja sellele tuginevatest koolitusandmetest. Nende detailide t\u00e4pse m\u00f5istmata j\u00e4tmine v\u00f5ib viia ebat\u00e4psete j\u00e4reldusteni teenuse v\u00f5i toote seaduslikkuse hindamisel. Meie b\u00fcroos on meil v\u00f5imalik selliseid keerukaid \u00f5iguslikke k\u00fcsimusi k\u00e4sitleda. Meie meeskonnas on 16 IT-konsultanti, sealhulgas meie peajurist, kellel on taust IT-insenerina, meil on vajalikud teadmised \u00f5iguslike \u00fclevaadete kiireks ja t\u00f5husaks l\u00e4biviimiseks. Minimeerides ulatuslike kuulamiste ja menetluste vajadust, saame protsessi kiirendada, t\u00f6\u00f6perioodi l\u00fchendada ja pakkuda oma klientidele sujuvat ja t\u00f5husat vastust.<\/p>\n\t<\/div>\n<\/section>\n\n<section class=\"purple-section\">\n\t<div class=\"anchor\" id=\"drafting-terms-of-use-for-ai-services\"><\/div>\n\t<div class=\"section-inner\">\n\t\t<div class=\"flex reverse\">\n\t\t\t<div class=\"width41\"><img decoding=\"async\" src=\"\/wp-content\/uploads\/2023\/04\/terms-of-service.jpg\" alt=\"Teenuse tingimuste loomine\"><\/div>\n\t\t\t<div class=\"width51\">\n\t\t\t\t<h3>AI-teenuste kasutustingimuste koostamine<\/h3>\n\t\t\t\t<p class=\"mgb-small\">T\u00e4psete ja kohandatud kasutustingimuste koostamine on oluline \u00f5igusriskide maandamisel, eriti autori\u00f5iguse ja isikuandmete seaduste ning m\u00e4\u00e4ruste kontekstis, mis on seotud AI-p\u00f5histe teenuste ja toodetega. MONOLITH LAW OFFICE&#8217;is omame ulatuslikke kogemusi ja asjatundlikkust AI kaasaegsete tehnoloogiate, sealhulgas AI, kasutustingimuste koostamisel.<\/p>\n\t\t\t\t<p class=\"mgb-small\">Kasutustingimuste koostamisel v\u00f5tame arvesse teie teenuse v\u00f5i toote konkreetseid operatiivseid detaile ja kasutajate omadusi. Meie eesm\u00e4rk on luua kasutustingimused, mis on koosk\u00f5las teie ainulaadse \u00e4rimudeli ja omadustega. Meie toel v\u00f5ite oodata kasutustingimusi, mis kaitsevad teie ettev\u00f5tte huve, tagades samal ajal teie \u00e4ri sujuva toimimise. Lisaks tagame vastavuse autori\u00f5iguse ja privaatsuskaitse seaduslikele n\u00f5uetele.<\/p>\n\t\t\t\t<p>Meie meeskond on p\u00fchendunud teile kohandatud ja k\u00f5ikeh\u00f5lmavate \u00f5iguslahenduste pakkumisele, mis on spetsiaalselt kohandatud teie AI-teenustele ja -toodetele. Usaldage meid AI-ga seotud keerukate \u00f5igusk\u00fcsimuste lahendamisel ja kasutustingimuste koostamisel, mis vastavad teie vajadustele ja tagavad seadusliku vastavuse.<\/p>\n\t\t\t<\/div>\n\t\t<\/div>\n\t<\/div>\n<\/section>\n\n<section class=\"white-section\">\n\t<div class=\"anchor\" id=\"compliance-with-chatgpt-terms-of-use\"><\/div>\n\t<div class=\"section-inner\">\n\t\t<h3>ChatGPT kasutustingimuste j\u00e4rgimine<\/h3>\n\t\t<p class=\"mgb-small\">Teenuste nagu ChatGPT kasutustingimuste j\u00e4rgimine on h\u00e4davajalik \u00f5iguslike riskide minimeerimiseks ja sujuva \u00e4ritegevuse tagamiseks. Need tingimused m\u00e4\u00e4ratlevad selgelt kohustused, piirangud ja juhised, mida kasutajad peavad j\u00e4rgima. Need h\u00f5lmavad olulisi aspekte nagu intellektuaalomandi kaitse, konfidentsiaalse teabe k\u00e4sitlemine, teenuse kasutamise ulatus ja keelatud tegevused. (<u>Sellel lehel olevad kirjeldused ei uuene iga kord, kui ChatGPT kasutustingimused l\u00e4bivad muudatusi.<\/u> Neid kirjeldusi pakutakse vaid illustreerivate n\u00e4idetena erinevatest aspektidest, mida sellised s\u00e4tted k\u00e4sitlevad. Meie klientidele edastatakse ajakohastatud teavet tingimuste sisu kohta viimase versiooni seisuga ja meie \u00f5igusteenused p\u00f5hinevad ajakohasel teabel.)<\/p>\n\t\t<p class=\"mgb-small\">MONOLITH LAW OFFICE&#8217;is omame s\u00fcgavat m\u00f5istmist mitte ainult Jaapani \u00f5igusest, vaid ka teenuste nagu ChatGPT spetsiifilistest kasutustingimustest. See v\u00f5imaldab meil hinnata riske ja pakkuda kohandatud soovitusi seoses \u00e4rimudelitega nende s\u00e4tete valguses. Oleme kursis viimaste kasutustingimuste muudatustega ja pakume kohandatud juhiseid, l\u00e4htudes meie klientide konkreetsetest \u00e4rimudelitest ja teenustest.<\/p>\n\t\t<p class=\"mgb-middle\">Kasutustingimuste j\u00e4rgimine on h\u00e4davajalik, et v\u00e4ltida v\u00f5imalikke riske nagu teenuse peatamine, kahjude eest vastutamine v\u00f5i intellektuaalomandi \u00f5iguste rikkumine, mis tulenevad rikkumistest. MONOLITH LAW OFFICE pakub laiaulatuslikke \u00f5igusteenuseid, sealhulgas aitab tagada teenuste kasutustingimustele vastavust, et aidata meie klientidel oma \u00e4ri turvaliselt ja seaduse piires juhtida.<\/p>\n\t\t<table class=\"type05\">\n\t\t<thead>\n\t\t<tr>\n\t\t<th>Jaotis<\/th>\n\t\t<th>Regulatsiooni sisu<\/th>\n\t\t<\/tr>\n\t\t<\/thead>\n\t\t<tbody>\n\t\t<tr>\n\t\t<td>Konsultatsioonid erialastes valdkondades<\/td>\n\t\t<td>Kvalifitseeritud isikud (\u00f5igus-, meditsiini-, finants- jne valdkondades) ei tohi pakkuda individuaalset n\u00f5u ainult ChatGPT vastuste p\u00f5hjal ilma informatsiooni allikat kontrollimata. ChatGPT kasutamine &#8220;meditsiiniliseks konsultatsiooniks&#8221; t\u00f5siste meditsiiniliste seisundite korral on keelatud.<\/td>\n\t\t<\/tr>\n\t\t<tr>\n\t\t<td>Spetsialiseeritud alade teabe kokkuv\u00f5tvad veebilehed<\/td>\n\t\t<td>AI kasutamisel artiklite loomiseks spetsialiseeritud aladel nagu meditsiin, finants ja \u00f5igus, mis v\u00f5ivad olla \u00e4ri\u00f5iguse reguleerimisala all, n\u00e4iteks uudiste kokkuv\u00f5tvatel veebilehtedel, on vajalik selgelt avaldada AI kasutamine ja teabe t\u00e4psuse piirangud. See kehtib ka &#8220;inimeselaadsete&#8221; vestluste puhul.<\/td>\n\t\t<\/tr>\n\t\t<tr>\n\t\t<td>&#8220;Kellegi-sarnased&#8221; vestlused<\/td>\n\t\t<td>V\u00e4lja arvatud ajaloolised avaliku elu tegelased, kui kasutatakse vestlusroboteid &#8220;kellegi-sarnaste&#8221; vestluste jaoks, tuleb selgelt v\u00e4lja \u00f6elda, et tegemist on paroodia v\u00f5i konkreetset isikut simuleeriva vestlusega.<\/td>\n\t\t<\/tr>\n\t\t<tr>\n\t\t<td>OpenAI sisendi ja genereeritud sisu kasutamine<\/td>\n\t\t<td>Alates 1. m\u00e4rtsist 2023 on m\u00e4\u00e4ratletud, et sisu ei kasutata API koost\u00f6\u00f6 kvaliteedi parandamiseks. Lisaks alates 25. aprillist samal aastal on v\u00f5imalik mitte-API-ga seotud kasutamisest keelduda s\u00f5ltuvalt konto seadetest. Siiski, arvestades s\u00e4tet, et teavet hoitakse 30 p\u00e4eva, v\u00f5ib eeldada, et m\u00f5ningane sisuteave j\u00e4\u00e4b alles, kuigi mitte tehniliselt.<\/td>\n\t\t<\/tr>\n\t\t<tr>\n\t\t<td>Kasutamine avalikus halduses<\/td>\n\t\t<td>Valimiskampaaniate jaoks vestlusrobotite genereerimine ja isikup\u00e4rastatud valimismaterjalide loomine on keelatud.<\/td>\n\t\t<\/tr>\n\t\t<tr>\n\t\t<td>Kasutamine valimiskampaaniates<\/td>\n\t\t<td>Kuigi on tekkinud m\u00f5ningaid algatusi AI kasutamiseks avalikus halduses, on selle kasutamine k\u00f5rgetasemelistes poliitilistes otsustes, nagu kriminaalkohtuprotsessid ja varjupaiga andmine, keelatud.<\/td>\n\t\t<\/tr>\n\t\t<tr>\n\t\t<td>Teenuste nimetuste regulatsioonid<\/td>\n\t\t<td>Nimed nagu &#8220;****** GPT&#8221;, &#8220;GPT-4 powered ******&#8221; v\u00f5i &#8220;ChatGPT powered ******&#8221; on keelatud, samas kui nimed nagu &#8220;Powered by GPT-4&#8221; v\u00f5i &#8220;Built with GPT-4&#8221; on lubatud.<\/td>\n\t\t<\/tr>\n\t\t<\/tbody>\n\t\t<\/table>\n\t<\/div>\n<\/section>\n\n<section class=\"orange2-section\">\n\t<div class=\"anchor\" id=\"crawling-and-copyright-for-ai\"><\/div>\n\t<div class=\"section-inner\">\n\t\t<h3>AI ja autori\u00f5iguste k\u00fcsimused<\/h3>\n\t\t<p class=\"mgb-small\">Erinevate AI tehnoloogiate, sealhulgas piltide genereerimise AI-de nagu &#8220;Stable Diffusion&#8221; ja &#8220;Midjourney&#8221; ning teksti genereerimise AI-de nagu &#8220;ChatGPT&#8221; kasutamine on saanud olulist t\u00e4helepanu. Siiski on oluline olla teadlik potentsiaalsetest \u00f5iguslikest riskidest, mis on seotud AI abil andmete kogumise ja indekseerimisega, eriti autori\u00f5iguste rikkumise osas.<\/p>\n\t\t<p class=\"mgb-small\">2019. aastal (Reiwa 1) muudeti Jaapani autori\u00f5iguse seadust, mis p\u00f5him\u00f5tteliselt lubab autori\u00f5igusega kaitstud piltide kogumist, t\u00f6\u00f6tlemist ja kasutamist masin\u00f5ppe eesm\u00e4rkidel. Samuti lubatakse kogutud andmete edastamist (m\u00fc\u00fcki, \u00fcleandmist jne) \u00f5ppimiseks kolmandatele osapooltele.<\/p>\n\t\t<p class=\"mgb-small\">Siiski v\u00f5ivad AI-d kasutavad teenused Jaapanis ikkagi autori\u00f5igusi rikkuda, kui nad m\u00f5istlikult kahjustavad autori\u00f5iguste omanike huve v\u00f5i kui nad k\u00f5rvale kalduda autori\u00f5iguse seaduses s\u00e4testatud s\u00e4tetest. N\u00e4iteks, kui veebileht keelab oma kasutustingimustes v\u00f5i litsentsilepingus andmete kogumise ja ekstraheerimise masin\u00f5ppe v\u00f5i informatsioonianal\u00fc\u00fcsi eesm\u00e4rgil, v\u00f5ib ilma loata piltide kogumine ja nende piltide p\u00f5hjal masin\u00f5ppemudeli treenimine p\u00e4rast &#8220;kasutustingimustega n\u00f5ustumist&#8221; kujutada endast autori\u00f5iguste rikkumist.<\/p>\n\t\t<p class=\"mgb-small\">On oluline m\u00e4rkida, et AI poolt loodud s\u00fcnteetilised pildid, kasutades tehnikaid nagu Generative Adversarial Networks (GANs), ei riku \u00fcldjuhul originaalpiltide autori\u00f5igusi. Jaapanis peetakse neid masin\u00f5ppeprotsessi kaudu uuesti loodud piltideks ja neid ei k\u00e4sitleta originaalpiltide reprodutseerimise v\u00f5i kohandamisena.<\/p>\n\t\t<p>Jaapani seaduste alusel autori\u00f5iguse \u00f5iguslike tagaj\u00e4rgede m\u00f5istmine on kriitilise t\u00e4htsusega AI-ga seotud teenuste ja toodete arendamisel. MONOLITH LAW OFFICE uhkustab advokaatide ja inseneride meeskonnaga, kellel on AI-ga seotud \u00f5igusk\u00fcsimustes asjatundlikkus ning kes suudavad selles valdkonnas pakkuda asjakohast n\u00f5u ja \u00f5igusabi.<\/p>\n\t<\/div>\n<\/section>\n\n<section class=\"orange-section\">\n\t<div class=\"anchor\" id=\"copyright-and-other-ip-issues\"><\/div>\n\t<div class=\"section-inner\">\n\t\t<div class=\"flex reverse\">\n\t\t\t<div class=\"width41\"><img decoding=\"async\" src=\"\/wp-content\/uploads\/2023\/04\/intellectual-property.jpg\" alt=\"Autori\u00f5igus ja muud intellektuaalomandi k\u00fcsimused\"><\/div>\n\t\t\t<div class=\"width51\">\n\t\t\t\t<h3>Autori\u00f5igus ja muud intellektuaalomandi k\u00fcsimused<\/h3>\n\t\t\t\t<p class=\"mgb-small\">AI-ga seotud teenused ja tooted esitavad mitmesuguseid v\u00e4ljakutseid ja keerukusi autori\u00f5iguse ja muude intellektuaalomandiga seotud k\u00fcsimuste osas. \u00dcks silmapaistvamaid probleeme on AI loodud teoste ja sisu autori\u00f5iguse staatus. Kuigi neid teoseid v\u00f5ib kaitsta autori\u00f5igus, v\u00f5ib \u00f5igustatud omaniku v\u00f5i looja m\u00e4\u00e4ramine olla keeruline, kui teos on loodud AI abil. See ebam\u00e4\u00e4rasus suurendab autori\u00f5iguse rikkumise riski. Lisaks, kui AI loodud teosed h\u00f5lmavad mitmeid autori\u00f5igusega kaitstud teoseid, v\u00f5ib mitme autori\u00f5iguse omaniku \u00f5iguste haldamine muutuda keerukaks.<\/p>\n\t\t\t\t<p>MONOLITH LAW OFFICE&#8217;is on meil laialdased kogemused keerukate IT- ja intellektuaalomandiga seotud juhtumite k\u00e4sitlemisel. Meie firma on h\u00e4sti varustatud nende tekkivate probleemide lahendamiseks ja t\u00f5husa \u00f5igusabi pakkumiseks. Oma valdkonna asjatundlikkusega saame aidata klientidel lahendada autori\u00f5iguse ja intellektuaalomandi k\u00fcsimusi AI valdkonnas.<\/p>\n\t\t\t<\/div>\n\t\t<\/div>\n\t<\/div>\n<\/section>\n\n<section class=\"white-section\">\n\t<div class=\"anchor\" id=\"legal-considerations-for-system-development\"><\/div>\n\t<div class=\"section-inner\">\n\t\t<div class=\"flex\">\n\t\t\t<div class=\"width41\"><img decoding=\"async\" src=\"\/wp-content\/uploads\/2023\/04\/System-development.jpg\" alt=\"\u00d5iguskaalutlused s\u00fcsteemiarenduse jaoks\"><\/div>\n\t\t\t<div class=\"width51\">\n\t\t\t\t<h3>Juriidilised kaalutlused s\u00fcsteemiarenduses<\/h3>\n\t\t\t\t<p class=\"mgb-small\">S\u00fcsteemiarendus, mis h\u00f5lmab edasij\u00f5udnud tehnoloogiaid nagu s\u00fcv\u00f5ppe ja tugevdus\u00f5ppe algoritmidel p\u00f5hinevad AI mudelid, n\u00f5uab mitte ainult tehnilist p\u00e4devust, vaid ka p\u00f5hjalikku juriidilist tuge. Sellise arenduse keerukus n\u00f5uab hoolikat t\u00e4helepanu juriidilistele k\u00fcsimustele.<\/p>\n\t\t\t\t<p class=\"mgb-small\">Praktikas j\u00e4\u00e4vad paljud keerulises s\u00fcsteemiarenduses kasutatavad lepingud ebaselgeks, kui on vaja k\u00e4sitleda konkreetseid probleemstsenaariume, mis v\u00f5ivad viia vaidlusteni. N\u00e4iteks v\u00f5ib leping sisaldada abstraktseid juriidilisi s\u00e4tteid nagu vastutus mittevastavuse eest Jaapani seaduste alusel. Kuid ilma konkreetsete asjaolude selges\u00f5nalise m\u00e4rkimiseta, mis on s\u00fcsteemi v\u00f5i k\u00e4sitletava k\u00fcsimuse jaoks asjakohased, ei pruugi sellised s\u00e4tted kohtus efektiivsed olla.<\/p>\n\t\t\t\t<p>MONOLITH LAW OFFICE&#8217;ina, mida juhib IT-inseneritaustaga advokaat Toki Kawase, tunnistame s\u00fcsteemiarenduse n\u00fcansside s\u00fcgavm\u00f5istmise t\u00e4htsust. See m\u00f5istmine laieneb lepingute koostamisele, tagades, et need kajastavad t\u00e4pselt s\u00fcsteemi erip\u00e4rasid ja kaitsevad t\u00f5husalt meie klientide huve. Pakume k\u00f5ikeh\u00f5lmavaid juriidilisi teenuseid, mis \u00fchendavad tehnilist teadmist ja juriidilist ekspertiisi, et toetada meie kliente s\u00fcsteemiarenduse juriidilistes aspektides.<\/p>\n\t\t\t<\/div>\n\t\t<\/div>\n\t<\/div>\n<\/section>\n\n<section class=\"purple-section\">\n\t<div class=\"anchor\" id=\"providing-comprehensive-solutions\"><\/div>\n\t<div class=\"section-inner\">\n\t\t<div class=\"flex\">\n\t\t\t<div class=\"width51\">\n\t\t\t\t<h3>Pakume terviklikke lahendusi<\/h3>\n\t\t\t\t<p class=\"mgb-small\">Meie b\u00fcroos t\u00f6\u00f6tab meeskond, kuhu kuulub 30 advokaati ja 85 tugipersonali liiget, sealhulgas aktiivsed IT-insenerid ja IT-konsultandid. Meie esindusadvokaadi juhtimisel, kes omab v\u00e4\u00e4rtuslikku kogemust endise IT-inseneri ja IT-ettev\u00f5tte omanikuna, pakume ainulaadset IT ja \u00f5igusalast ekspertiisi.<\/p>\n\t\t\t\t<p class=\"mgb-small\">Meie meeskond on varustatud laia valiku \u00fclesannete sujuvaks t\u00e4itmiseks. Esindusadvokaadid ja IT-konsultatsioonide osakond teevad koost\u00f6\u00f6d, et t\u00f5lkida ja m\u00f5ista viimaseid tehnilisi dokumente ning erinevaid kasutustingimusi. Samuti on neil v\u00f5ime m\u00f5ista ettev\u00f5ttesiseselt v\u00e4lja t\u00f6\u00f6tatud tehnilisi dokumente ja koode. Teisalt viivad meie advokaadid l\u00e4bi p\u00f5hjalikke \u00f5igusalaseid uuringuid, koostavad lepinguid ja t\u00e4idavad muid \u00f5igusalaseid \u00fclesandeid.<\/p>\n\t\t\t\t<p>Integreerides meie IT ja \u00f5igusalased teadmised, pakume terviklikku \u00fche peatuse teenust, mis vastab meie klientide konkreetsetele vajadustele. Meie multidistsiplinaarne l\u00e4henemine v\u00f5imaldab meil lahendada keerulisi probleeme, mis n\u00f5uavad k\u00f5rgetasemelist ekspertiisi nii IT kui ka \u00f5iguse valdkonnas. Oleme p\u00fchendunud erakordsete lahenduste pakkumisele, mis \u00fchendavad tehnilist t\u00e4iuslikkust \u00f5igusalase p\u00e4devusega.<\/p>\n\t\t\t<\/div>\n\t\t\t<div class=\"width41\"><img decoding=\"async\" src=\"\/wp-content\/themes\/monolith_en\/img\/operationofofmedia\/operationofofmedia_pic5.svg\" alt=\"Pakume terviklikke lahendusi\"><\/div>\n\t\t<\/div>\n\t<\/div>\n<\/section>\n\n<section class=\"purple2-section\">\n\t<div class=\"anchor\" id=\"monolith-law-magazine\"><\/div>\n\t<div class=\"section-inner\">\n\t\t    <section class=\"white-section temp-article\">\n        <div class=\"section-inner\">\n            <h4>MONOLITH LAW MAGAZINE<\/h4>\n            <div class=\"articles type_practice_column\">\n                                                            <\/div>\n            <div class=\"btn-more\"><a href=\"https:\/\/monolith.law\/et\/tag\/ai\">Read More<\/a><\/div>\n        <\/div>\n    <\/section>\n\t<\/div>\n<\/section>\n<section class=\"orange2-section\">\n\t<div class=\"anchor\" id=\"fee-structure\"><\/div>\n\t<div class=\"section-inner\">\n\t<div class=\"planWrap\">\n\t<h3>Tasustamise struktuur<\/h3>\n\t<ul class=\"plan\">\n\t\t<li class=\"txt-left\">\n\t\t\t<div class=\"plan-inner\">\n\t\t\t<div class=\"plan-header\">\n\t\t\t<h4 class=\"plan-title\">Tunnitasu<\/h4>\n\t\t\t<div class=\"plan-price\"><span class=\"price-figure\">$300<\/span>tunnis<span class=\"price-tax\"><\/span><\/div>\n\t\t\t<\/div>\n\t\t\t<div class=\"plan-body\">Teatud juhtudel v\u00f5ime kaaluda vaidluse v\u00f5i kohtuasja vastuv\u00f5tmist algse tasu ja tulemustasu alusel. Lisateabe saamiseks v\u00f5tke meiega julgelt \u00fchendust.<\/div>\n\t\t\t<\/div>\n\t\t<\/li>\n\t\t<li class=\"txt-left\">\n\t\t\t<div class=\"plan-inner\">\n\t\t\t<div class=\"plan-header\">\n\t\t\t<h4 class=\"plan-title\">Lepingute koostamine<\/h4>\n\t\t\t<div class=\"plan-price\"><span class=\"price-value\">alates<\/span><span class=\"price-figure\">$500<\/span><span class=\"price-value\">kuni $2,000 v\u00f5i rohkem<\/span><span class=\"price-tax\"><\/span><\/div>\n\t\t\t<\/div>\n\t\t\t<div class=\"plan-body\">Hinnastamise struktuur v\u00f5ib varieeruda s\u00f5ltuvalt lepingute t\u00fc\u00fcbist ja mahust. Meil on hea meel pakkuda esialgset hinnangut p\u00e4ringu alusel, seega kutsume teid \u00fcles meiega \u00fchendust v\u00f5tma t\u00e4iendavate \u00fcksikasjade saamiseks.<\/div>\n\t\t\t<\/div>\n\t\t<\/li>\n\t\t<li class=\"txt-left\">\n\t\t\t<div class=\"plan-inner\">\n\t\t\t<div class=\"plan-header\">\n\t\t\t<h4 class=\"plan-title\">Muud teenused<\/h4>\n\t\t\t<div class=\"plan-price\"><span class=\"price-figure\">V\u00f5tke meiega \u00fchendust<\/span><\/div>\n\t\t\t<\/div>\n\t\t\t<div class=\"plan-body\">Pakume laia valikut teenuseid, sealhulgas ettev\u00f5tte asutamine, lepingute \u00fclevaatus, \u00f5igusarvamused, juhtumite \u00fclevaade v\u00f5i uurimiskirjad. Kui teil on k\u00fcsimusi v\u00f5i muresid, kutsume teid s\u00fcdamest \u00fchendust v\u00f5tma ja meie asjatundlik meeskond on r\u00f5\u00f5muga valmis teid aitama.<\/div>\n\t\t\t<\/div>\n\t\t\t<\/div>\n\t\t<\/li>\n\t<\/ul>\n\t<\/div>\n\t<\/div>\n<\/section>\n\n<section class=\"white-section\">\n\t<div class=\"section-inner\">\n\t\t<div class=\"btn-area\">\n\t\t\t<div class=\"btn icon-contact\"><a href=\"\/et\/contact\">V\u00f5tke meiega \u00fchendust<\/a><\/div>\n\t\t<\/div>\n\t<\/div>\n<\/section>\n","protected":false},"excerpt":{"rendered":"<p>AI (ChatGPT jms) MONOLITH LAW OFFICE&#8217;is oleme kokku toonud k\u00f5rgelt kvalifitseeritud juristide ja inseneride meeskonna, kes on spetsialiseerunud AI-le. Oleme p\u00fchendunud pakkuma terviklikku \u00f5igusa [&hellip;]<\/p>\n","protected":false},"author":1,"featured_media":57157,"parent":0,"menu_order":6,"comment_status":"closed","ping_status":"closed","template":"other-page-temp.php","meta":{"footnotes":""},"acf":[],"_links":{"self":[{"href":"https:\/\/monolith.law\/et\/wp-json\/wp\/v2\/pages\/55708"}],"collection":[{"href":"https:\/\/monolith.law\/et\/wp-json\/wp\/v2\/pages"}],"about":[{"href":"https:\/\/monolith.law\/et\/wp-json\/wp\/v2\/types\/page"}],"author":[{"embeddable":true,"href":"https:\/\/monolith.law\/et\/wp-json\/wp\/v2\/users\/1"}],"replies":[{"embeddable":true,"href":"https:\/\/monolith.law\/et\/wp-json\/wp\/v2\/comments?post=55708"}],"version-history":[{"count":20,"href":"https:\/\/monolith.law\/et\/wp-json\/wp\/v2\/pages\/55708\/revisions"}],"predecessor-version":[{"id":64226,"href":"https:\/\/monolith.law\/et\/wp-json\/wp\/v2\/pages\/55708\/revisions\/64226"}],"wp:featuredmedia":[{"embeddable":true,"href":"https:\/\/monolith.law\/et\/wp-json\/wp\/v2\/media\/57157"}],"wp:attachment":[{"href":"https:\/\/monolith.law\/et\/wp-json\/wp\/v2\/media?parent=55708"}],"curies":[{"name":"wp","href":"https:\/\/api.w.org\/{rel}","templated":true}]}}