{"id":55833,"date":"2023-11-05T23:40:21","date_gmt":"2023-11-05T14:40:21","guid":{"rendered":"https:\/\/monolith.law\/et\/?page_id=55833"},"modified":"2024-12-19T17:12:26","modified_gmt":"2024-12-19T08:12:26","slug":"legal-support-for-youtuber","status":"publish","type":"page","link":"https:\/\/monolith.law\/et\/legal-support-for-youtuber","title":{"rendered":"Juriidiline tugi YouTuberitele"},"content":{"rendered":"\n<section class=\"heading-area\">\n\t<div class=\"heading-area-inner\">\n\t\t<h2 class=\"icon-legal-support-for-youtuber\">Juriidiline tugi YouTuberitele<\/h2>\n\t\t<p>Veebim\u00f5jutajate haldamine n\u00f5uab oskusteavet, mis erineb traditsioonilisest meelelahutustootmisest ja meediahaldusest. Me m\u00f5istame Jaapani seaduste keerukust ja Interneti omadusi, mis v\u00f5imaldab meil pakkuda teie ettev\u00f5ttele tugevat tuge, et edastada teavet s\u00fcsteemi kaudu, mis on pidevalt ajakohastatud uusima Jaapani \u00f5igusinformatsiooniga.<\/p>\n\t<\/div>\n<\/section>\n\n<section class=\"white-section\">\n\t<div class=\"section-inner pdt0 border-bottom-section\">\n\t\t<p>YouTuber agentuuride hallatavad YouTube&#8217;i kanalid, ettev\u00f5tted, mis tegutsevad virtuaalsete YouTuberitega (VTuberid), ja \u00e4rifirmad vajavad k\u00f5ik Jaapanis spetsialiseeritud oskusteabe ja kogemustega \u00f5igusn\u00f5ustajaid.<br>Meie klientide hulka kuuluvad suured Jaapani YouTuberite haldamise ettev\u00f5tted, silmapaistvad individuaalsed YouTuberid ja mitmesugused VTuberite \u00e4rijuhtimise ettev\u00f5tted \u00fcle Jaapani. Pakume ka k\u00f5rgelt spetsialiseeritud tuge YouTuberite ja VTuberitega seotud lepingute koostamisel ja \u00fclevaatamisel ning Jaapanis videote loomisega seotud \u00f5iguslike probleemide lahendamisel.<p>\n\t<\/div>\n<\/section>\n\n<section class=\"second-nav\">\n\t<div class=\"second-nav-inner\">\n\t<p>TEEMAD<\/p>\n\t<nav>\n\t<ul>\n\t \t<li><a href=\"#necessity-of-youtube-related-legal-counsel\">YouTube&#8217;iga seotud \u00f5igusn\u00f5ustamise vajadus<\/a><\/li>\n\t \t<li><a href=\"#contracts\">Lepingud<\/a><\/li>\n\t \t<li><a href=\"#creating-and-publishing-videos\">Videote loomine ja avaldamine<\/a><\/li>\n\t \t<li><a href=\"#legal-support-for-vtubers\">\u00d5iguslik tugi VTuberitele<\/a><\/li>\n\t \t<li><a href=\"#terms-of-use-of-youtube\">YouTube&#8217;i kasutustingimused<\/a><\/li>\n\t \t<li><a href=\"#our-youtube-channel\">Meie YouTube&#8217;i kanal<\/a><\/li>\n\t \t<li><a href=\"#m&amp;A-of-sns\">SNS-i \u00fchinemised ja omandamised<\/a><\/li>\n\t \t<li><a href=\"#IT\">IT<\/a><\/li>\n\t \t<li><a href=\"#countermeasures-against-reputational-damage\">Mainekahju vastased meetmed<\/a><\/li>\n\t \t<li><a href=\"#writings-and-other-activities\">Kirjutised ja muud tegevused<\/a><\/li>\n\t \t<li><a href=\"#examples-of-our-clients\">Meie klientide n\u00e4ited<\/a><\/li>\n\t\t<li><a href=\"#monolith-law-magazine\">MONOLITH LAW MAGAZINE<\/a><\/li>\n\t \t<li><a href=\"#fee-structure\">Tasude struktuur<\/a><\/li>\n\t<\/ul>\n\t<\/nav>\n\t<\/div>\n<\/section>\n\n<section class=\"white-section\">\n\t<div id=\"necessity-of-youtube-related-legal-counsel\"><\/div>\n\t<div class=\"section-inner\">\n\t<h3>YouTube&#8217;iga seotud \u00f5igusn\u00f5ustamise vajadus<\/h3>\n\t<ul class=\"layout-column4\">\n\t \t<li>\n\t\t\t<div><img decoding=\"async\" src=\"\/wp-content\/themes\/monolith2021\/img\/practices-youtuberlaw\/practices-youtuberlaw_necessity_pic1.jpg\" alt=\"YouTuber\" \/><\/div>\n\t\t\t<h4>YouTuber<\/h4>\n\t\t\t<p>YouTuber, kellel on rohkem kui paarisaja tuhande kanalitellijat, on \u00fcksik\u00fcksus ja vajab esindajat.<\/p>\n\t\t<\/li>\n\t \t<li>\n\t\t\t<div><img decoding=\"async\" src=\"\/wp-content\/themes\/monolith2021\/img\/practices-youtuberlaw\/practices-youtuberlaw_necessity_pic2.jpg\" alt=\"YouTuber Management Companies\" \/><\/div>\n\t\t\t<h4>YouTuberite haldusettev\u00f5tted<\/h4>\n\t\t\t<p>YouTuberite haldamisel, kliendiprojektidel ja muudel lepingutel on spetsiifilised ettevaatusabin\u00f5ud ja kontrollpunktid, mida tuleb arvestada.<\/p>\n\t\t<\/li>\n\t \t<li>\n\t\t\t<div><img decoding=\"async\" src=\"\/wp-content\/themes\/monolith2021\/img\/practices-youtuberlaw\/practices-youtuberlaw_necessity_pic3.jpg\" alt=\"Virtual YouTuber\" \/><\/div>\n\t\t\t<h4>Virtuaalne YouTuber<\/h4>\n\t\t\t<p>Lepingud ja \u00fchinemised ning omandamised valdkonnas, kus IT ja meelelahutus ristuvad, on \u00e4\u00e4rmiselt spetsialiseeritud ala.<\/p>\n\t\t<\/li>\n\t \t<li>\n\t\t\t<div><img decoding=\"async\" src=\"\/wp-content\/themes\/monolith2021\/img\/practices-youtuberlaw\/practices-youtuberlaw_necessity_pic4.jpg\" alt=\"YouTube channel for Business Company\" \/><\/div>\n\t\t\t<h4>\u00c4riettev\u00f5tte YouTube&#8217;i kanal<\/h4>\n\t\t\tYouTube&#8217;i kanali haldamisel on vaja peamist \u00f5igusn\u00f5ustajat ja eraldi advokaati YouTube&#8217;i jaoks.\n\t\t<\/li>\n\t<\/ul>\n\t<\/div>\n<\/section>\n\n<section class=\"white-section\">\n\t<div class=\"section-inner pdt0\">\n\t<div class=\"frame2 txt-center-pc max-width860\">\n\t<p class=\"bold txt-l\">YouTuberid ja virtuaalsed YouTuberid vajavad \u00f5igusn\u00f5ustajaid, kes tunnevad h\u00e4sti kanalite haldamist ja lepingute t\u00e4itmist.<\/p>\n\t<\/div>\n\t<\/div>\n<\/section>\n\n<section class=\"white-section mgb-section100\">\n\t<div id=\"contracts\"><\/div>\n\t<div class=\"section-inner-black\">\n\t<h3>Lepingud<\/h3>\n\t<p class=\"mgb-middle\">Jaapanis s\u00f5lmivad YouTuberid ja VTuberid \u00fcldiselt agentuuriga halduslepingu oma tegevuse l\u00e4biviimiseks, samas kui m\u00f5nel juhul s\u00f5lmivad nad lepingu ettev\u00f5ttega ja tegelevad reklaamitegevusega.<br>Traditsiooniliselt kasutati Jaapani meelelahutust\u00f6\u00f6stuses meelelahutajate ja meelelahutusagentuuride vahelisi halduslepinguid ning meelelahutajate ja ettev\u00f5tete vahelisi reklaamilepinguid. Kuid YouTuberid ja VTuberid erinevad veidi traditsioonilistest meelelahutajatest YouTube&#8217;i tingimuste t\u00f5ttu.<br>Jaapani lepingutega seotud YouTuberite alal teadlik ja kogenud advokaat saab aidata teil sujuvalt s\u00f5lmida lepingut oluliste punktidega. Meie Jaapani \u00f5iguseksperdid tunnevad h\u00e4sti Jaapani turu ja veebivideoplatvormide unikaalseid aspekte.<\/p>\n\t<\/div>\n<\/section>\n\n<section class=\"white-section mgb-section100\">\n\t<div id=\"creating-and-publishing-videos\"><\/div>\n\t<div class=\"section-inner-black\">\n\t<h3>Videote loomine ja avaldamine<\/h3>\n\t<p class=\"mgb-middle\">YouTube&#8217;i videote loomisel ja avaldamisel on oluline omada juriidilisi teadmisi erinevates valdkondades, nagu Jaapanis video muusika ja objektide autori\u00f5igused, portree-\/privaatsus\u00f5igused ning reklaamieeskirjad, mis v\u00f5ivad olla probleemsed kosmeetika ja tervisetoodete tutvustamisel. Nende valdkondade juriidiliste teadmiste puudumine v\u00f5ib viia riskini, et teie videod kustutatakse v\u00f5i halvimal juhul keelatakse teie konto Jaapanis.<\/p>\n\t<\/div>\n<\/section>\n\n<section class=\"purple-section mgb-section100\">\n\t<div id=\"legal-support-for-vtubers\"><\/div>\n\t<div class=\"section-inner\">\n\t<div class=\"flex reverse\">\n\t<div class=\"width41\"><img decoding=\"async\" src=\"\/wp-content\/themes\/monolith2021\/img\/vtuberlaw\/pic_practices-vtuberlaw.jpg\" alt=\"\u00d5iguslik tugi virtuaalsetele YouTuberitele\" \/><\/div>\n\t<div class=\"width51\">\n\t\t<h3>\u00d5iguslik tugi VTuberitele<\/h3>\n\t\t<p class=\"mgb-small\">Alates 2017. aastast, kui VTuberid ise olid alles algusj\u00e4rgus, on MONOLITH LAW OFFICE tegelenud VTuberite \u00f5igusasjadega, sealhulgas erinevate lepinguliste suhete ja vaidluste lahendamisega, pakkudes teenuseid \u00fcksikutele VTuberitele ning nende seotud ettev\u00f5tetele ja kontoritele Jaapanis.<\/p> \n\t\t<p class=\"mgb-middle\">Meie \u00f5igusmeeskonnal on kogemused ja oskusteave, et lahendada v\u00e4ga keerulisi VTuberitega seotud k\u00fcsimusi, nagu illustratsioonide ja CG autori\u00f5igused, YouTube&#8217;i kanalite ja tegelaskujude omandi\u00f5igus ning \u00f5igussuhted isiku enda ja omaniku vahel.<\/p>\n\t<\/div>\n\t<\/div>\n\t<\/div>\n<\/section>\n\n<section class=\"white-section mgb-section\">\n\t<div id=\"terms-of-use-of-youtube\" class=\"anchor\"><\/div>\n\t<div class=\"section-inner-black\">\n\t<h3>YouTube&#8217;i ja muude meediakanalite kasutustingimused<\/h3>\n\t<p class=\"mgb-middle\">Jaapanis YouTube&#8217;i kanali haldamisel on vajalik m\u00f5ista YouTube&#8217;i kasutustingimusi ja seaduslikkust. Isegi kui video on seaduslikult vastuv\u00f5etav, v\u00f5ib see kasutustingimuste rikkumise korral olla kustutamise v\u00f5i konto k\u00fclmutamise objektiks. Meie firmal on teadmised ja arusaam YouTube&#8217;i ja muude meediakanalite kasutustingimustest ning Jaapani seadustest.<\/p>\n\t<\/div>\n<\/section>\n\n<section class=\"orange-section\">\n\t<div id=\"our-youtube-channel\"><\/div>\n\t<div class=\"section-inner\">\n\t<div class=\"flex reverse\">\n\t<div class=\"width41\"><img decoding=\"async\" src=\"\/wp-content\/themes\/monolith2021\/img\/practices-youtuberlaw\/practices-youtuberlaw_pic1.png\" alt=\"\u00d5igusn\u00f5ustamine YouTuberite poolt\" \/><\/div>\n\t<div class=\"width51\">\n\t\t<h3>Meie YouTube&#8217;i kanal<\/h3>\n\t\t<p class=\"mgb-small\">Meie YouTube&#8217;i kanal &#8220;\u00d5igusn\u00f5ustamine YouTuberitele&#8221; selgitab YouTube&#8217;iga seotud \u00f5iguslikke k\u00fcsimusi vestlusvideote kaudu, kus esineb advokaat VTuberi v\u00e4limusega, s\u00f5bralik tegelane, kellel on k\u00f5rge asjatundlikkuse tase.<\/p>\n\t\t<p class=\"mgb-small\">Pakume iga kord Jaapani YouTuberitele \u00f5iguslikke teadmisi erinevatest vaatenurkadest, seega soovitame meie kanalit, kui teil on juba kanal v\u00f5i plaanite seda Jaapanis avada.<\/p>\n\t\t<p>Me m\u00f5istame, et advokaadid, kes abistavad YouTubereid ja YouTube&#8217;iga seotud \u00e4rioperaatoreid, vajavad enamat kui lihtsalt abstraktse \u00f5igusliku teooria tundmist. S\u00fcgav arusaam ja teadmised YouTube&#8217;i platvormist on olulised, et pakkuda selles valdkonnas t\u00f5husat \u00f5iguslikku tuge.<\/p>\n\t<\/div>\n\t<\/div>\n\t<\/div>\n<\/section>\n\n<section class=\"white-section\">\n\t<div id=\"m&amp;A-of-sns\"><\/div>\n\t<div class=\"section-inner\">\n\t<div class=\"flex\">\n\t<div class=\"width41\"><img decoding=\"async\" src=\"\/wp-content\/themes\/monolith2021\/img\/pic\/pic_sns_manda.jpg\" alt=\"SNS-i M&#038;A\" \/><\/div>\n\t<div class=\"width51\">\n\t<h3>SNS-i \u00fchinemised ja omandamised<\/h3>\n\t\t<p class=\"mgb-small\">YouTube&#8217;i kanalid ja Twitteri kontod, samuti veebisaidid, on M&#038;A objektiks. Kuid nende M&#038;A spetsiifiliste omaduste t\u00f5ttu on h\u00e4davajalik advokaadib\u00fcroo, millel on spetsialiseeritud teadmised ja kogemused Jaapani turul.<\/p>\n\t\t<p class=\"mgb-middle\">Alates v\u00e4ikestest summadest kuni \u00fcle 100 miljoni jeeni tehinguteni on MONOLITH LAW OFFICE k\u00e4sitlenud arvukalt M&#038;A tehinguid advokaadib\u00fcroona, millel on tugevad teadmised IT-\u00e4ris. Aitame teid igal sammul, alates lepingute koostamisest kuni hoolsuskohustuse (DD) l\u00e4biviimiseni YouTube&#8217;i kanalite ja muude ettev\u00f5tete jaoks.<\/p>\n\t<\/div>\n\t<\/div>\n\t<\/div>\n<\/section>\n\n<section class=\"purple-section\">\n\t<div id=\"IT\"><\/div>\n\t<div class=\"section-inner\">\n\t<div class=\"flex reverse\">\n\t<div class=\"width41\"><img decoding=\"async\" src=\"\/wp-content\/themes\/monolith2021\/img\/pic\/pic_practices-itlaw.jpg\" alt=\"IT\" \/><\/div>\n\t<div class=\"width51\">\n\t\t<h3>IT<\/h3>\n\t\t<p class=\"mgb-middle\">S\u00fcsteemide arendamine VTuberite valdkonnas on Jaapanis \u00e4\u00e4rmiselt spetsialiseeritud ala. Intellektuaalomandi \u00f5iguste tundmine on h\u00e4davajalik videote, piltide ja toodete k\u00e4sitlemise kontrollimiseks, mis tekivad SNS-i tegevustes. Meie firma esindusadvokaadid on IT-inseneride kogemusega ja pakuvad teenuseid vaidlustes ning s\u00fcsteemide arendamise probleemide ennetamisel. Pakume k\u00f5rgelt spetsialiseeritud IT- ja intellektuaalomandiga seotud \u00f5iguslikku tuge paljudele ettev\u00f5tetele, sealhulgas Jaapani TSE esmaselt noteeritud ettev\u00f5tetele.<\/p>\n\t\t<div class=\"btn-area align-left\">\n\t\t\t<div class=\"btn icon-it\"><a href=\"\/et\/it\">IT<\/a><\/div>\n\t\t<\/div>\n\t<\/div>\n\t<\/div>\n\t<\/div>\n<\/section>\n\n<section class=\"white-section\">\n\t<div id=\"countermeasures-against-reputational-damage\"><\/div>\n\t<div class=\"section-inner\">\n\t<div class=\"flex\">\n\t<div class=\"width41\"><img decoding=\"async\" src=\"\/wp-content\/themes\/monolith2021\/img\/pic\/pic_practices-reputation.jpg\" alt=\"Mainekahju vastased meetmed\" \/><\/div>\n\t<div class=\"width51\">\n\t\t<h3>Mainekahju vastased meetmed<\/h3>\n\t\t<p class=\"mgb-small\">Kui YouTuberid ja VTuberid koguvad vaatajaid, v\u00f5ivad nad Internetis mainekahju kannatada. Usume siiski, et alati tuleks v\u00f5tta meetmeid liigse laimu ja isikuandmete lekitamise vastu.<\/p>\n\t\t<p class=\"mgb-middle\">Meie firmal on ulatuslik kogemus ja asjatundlikkus kuulujuttude autorite eemaldamisel ja tuvastamisel Internetis. Oleme saanud arvukalt taotlusi klientidelt, alates Jaapani TSE esmaselt noteeritud ettev\u00f5tetest kuni \u00fcksikisikuteni, mis n\u00e4itab meie p\u00fchendumust YouTuberite ja VTuberite maine kaitsmisele Jaapanis.<\/p>\n\t<\/div>\n\t<\/div>\n\t<\/div>\n<\/section>\n\n<section class=\"orange-section\">\n\t<div class=\"anchor\" id=\"writings-and-other-activities\"><\/div>\n\t<div class=\"section-inner\">\n\t\t<div class=\"frame2 max-width860 txt-center-pc\">\n\t\t\t<p class=\"bold txt-l mgb-small\">Kirjutised ja muud tegevused, mis on seotud YouTuber\/VTuber juriidiliste asjadega<\/p>\n\t\t\t<p>YouTuberite ja VTuberite juriidilised asjad on v\u00e4ga spetsialiseeritud valdkonnad.<br>Meie asutajast advokaat tegeleb kirjutamise ja muude tegevustega, mis on seotud nende valdkondadega.<\/p>\n\t\t<\/div>\n\t<\/div>\n<\/section>\n\n<section class=\"white-section\">\n\t<div class=\"section-inner\">\n\t\t<div class=\"flex reverse\">\n\t\t\t<div class=\"width41\"><img decoding=\"async\" src=\"\/wp-content\/uploads\/2022\/11\/it_law_book.jpg\"><\/div>\n\t\t\t<div class=\"width51\">\n\t\t\t\t<h3>V\u00e4ljaanded YouTuberite ja VTuberite juriidiliste asjadele spetsialiseerunud advokaadina<\/h3>\n\t\t\t\t<p class=\"mgb-small\">Meie asutaja advokaat avaldas raamatu &#8220;IT-advokaat, palun r\u00e4\u00e4gi mulle YouTuberite seadustest ja teenusetingimustest&#8221;, mis k\u00e4sitleb erinevaid juriidilisi k\u00fcsimusi, mis \u00fcmbritsevad Jaapani YouTubereid k\u00fcsimuste ja vastuste vormis. M\u00f5ned arutletud teemad h\u00f5lmavad &#8220;Kas varjatud turundus on seaduse rikkumine?&#8221;, &#8220;Kas on vaja numbrim\u00e4rke h\u00e4gustada?&#8221; ja muud.<\/p>\n\t\t\t\t<p>Teine v\u00e4ljaanne, &#8220;YouTube&#8217;iga seotud seaduste juhend juriidilistele spetsialistidele&#8221;, on praktiline juhend YouTuberite juriidiliste asjade kohta advokaatidele ja ettev\u00f5tete PR-agentidele.<\/p>\n\t\t\t<\/div>\n\t\t<\/div>\n\t<\/div>\n<\/section>\n\n<section class=\"white-section\">\n\t<div class=\"section-inner\">\n\t\t<div class=\"flex\">\n\t\t\t<div class=\"width41\"><img decoding=\"async\" src=\"\/wp-content\/themes\/monolith2021\/img\/practices-youtuberlaw\/practices-youtuberlaw_pic2.jpg\"><\/div>\n\t\t\t<div class=\"width51\">\n\t\t\t\t<h3>Meie asutajast advokaat esines k\u00fclalisena saates &#8220;ABEMA Prime&#8221;<\/h3>\n\t\t\t\t<p class=\"mgb-small\">Meie asutajast advokaat oli k\u00fclaline Jaapani \u00fche populaarseima otse\u00fclekande saate &#8220;ABEMA Prime&#8221; eetris. <br>Ta esines k\u00fclalisena advokaadina, kellel on teadmised YouTuberite ja VTuberitega seotud juriidilistes k\u00fcsimustes.<\/p>\n\t\t\t\t<p>16. veebruar 2022 (Reiwa 4): VTuberite privaatsusega seotud juriidilised k\u00fcsimused<br>20. mai 2022 (Reiwa 4): m\u00f5jutajate tugeva tagasil\u00f6\u00f6giga seotud juriidilised k\u00fcsimused<\/p>\n\t\t\t<\/div>\n\t\t<\/div>\n\t<\/div>\n<\/section>\n\n<section class=\"white-section\">\n\t<div id=\"examples-of-our-clients\"><\/div>\n\t<div class=\"section-inner\">\n\t<h3>N\u00e4ited YouTuberitest ja VTuberitest meie firma klientidena<\/h3>\n\t<ul class=\"layout-column4 mgb-middle\">\n\t \t<li>\n\t\t\t<div><img decoding=\"async\" src=\"\/wp-content\/themes\/monolith2021\/img\/practices-youtuberlaw\/practices-youtuberlaw_client_pic1.jpg\" alt=\"Carry On Inc.\" \/><\/div>\n\t\t\t<h4><a href=\"https:\/\/carry0n.co.jp\/\" target=\"_blank\" rel=\"noopener noreferrer\">Carry On Inc.<\/a><\/h4>\n\t\t\tOleme t\u00f6\u00f6tanud Carry On Inc. projektidega alates ettev\u00f5tte asutamisest, mis h\u00f5lmavad populaarseid YouTubereid nagu Kimagure Cook, Bryan, Channel Gado Man ja paljusid teisi loojaid.\n\t\t<\/li>\n\t \t<li>\n\t\t\t<div><img decoding=\"async\" src=\"\/wp-content\/themes\/monolith2021\/img\/practices-youtuberlaw\/practices-youtuberlaw_client_pic2.jpg\" alt=\"Tenchim\" \/><\/div>\n\t\t\t<h4><a href=\"https:\/\/www.youtube.com\/channel\/UCXzU-b8I0Y_fhMkLQMYt3vA\" target=\"_blank\" rel=\"noopener noreferrer\">Tenchim<\/a><\/h4>\n\t\t\tOleme t\u00f6\u00f6tanud projekti kallal Tenchimile, kes on blogija, telepersoon ja modell, kes juhib &#8220;Tenchim CH\/tenchim&#8221;.\n\t\t<\/li>\n\t \t<li>\n\t\t\t<div><img decoding=\"async\" src=\"\/wp-content\/themes\/monolith2021\/img\/practices-youtuberlaw\/practices-youtuberlaw_client_pic3.png\" alt=\"Mirai Akari\" \/><\/div>\n\t\t\t<h4><a href=\"https:\/\/akari-mir.ai\/\" target=\"_blank\" rel=\"noopener noreferrer\">Mirai Akari<\/a><\/h4>\n\t\t\tOleme t\u00f6\u00f6tanud ZIZAI Corporationi projektidega alates 2016. aastast, enne nende VTuberi Mirai Akari deb\u00fc\u00fcti 2017. aastal.\n\t\t<\/li>\n\t \t<li>\n\t\t\t<div><img decoding=\"async\" src=\"\/wp-content\/themes\/monolith2021\/img\/practices-youtuberlaw\/practices-youtuberlaw_client_pic4.png\" alt=\"Teiko Penguin\" \/><\/div>\n\t\t\t<h4><a href=\"https:\/\/www.youtube.com\/channel\/UCUTgXNqRBqR33D5q10DfQXw\" target=\"_blank\" rel=\"noopener noreferrer\">Teiko Penguin<\/a><\/h4>\n\t\t\tOleme t\u00f6\u00f6tanud Plott Corporationi projektidega, kes haldab animeeritud YouTube&#8217;i kanalit &#8220;Teiko Penguin&#8221;, alates 2018. aastast, isegi enne kanali k\u00e4ivitamist.\n\t\t<\/li>\n\t<\/ul>\n\t<p class=\"txt-s\">*See on osaline nimekiri ettev\u00f5tetest, kes on andnud meile loa avaldada, et nad on meie kliendid, v\u00f5i kes on registreeritud direktoridena.<br>Tegelikult t\u00f6\u00f6tame paljude klientide projektidega, sealhulgas vabakutseliste YouTuberitega.<br>P\u00f5him\u00f5tteliselt hoiame teie identiteeti konfidentsiaalsuslepingu alusel konfidentsiaalsena.<\/p>\n\t<\/div>\n<\/section>\n\n<section class=\"purple2-section\">\n\t<div class=\"anchor\" id=\"monolith-law-magazine\"><\/div>\n\t<div class=\"section-inner\">\n\t\t    <section class=\"white-section temp-article\">\n        <div class=\"section-inner\">\n            <h4>MONOLITH LAW MAGAZINE<\/h4>\n            <div class=\"articles type_practice_column\">\n                                                                    <div class=\"article article-area\">\n                        <figure>\n                            <div class=\"img-wrap\">\n                                <img alt=\"Milliseid punkte tuleks YouTube'i kasutustingimustes j\u00e4lgida videom\u00e4ngude striimimisel?\" src=\"https:\/\/monolith.law\/et\/wp-content\/uploads\/sites\/36\/2024\/07\/Shutterstock_2091406600.webp\" width=\"500\" height=\"250\">\n                            <\/div>\n                            <figcaption>\n                                <div class=\"figcaption-inner\">\n                                    <h3>Milliseid punkte tuleks YouTube'i kasutustingimustes j\u00e4lgida videom\u00e4ngude striim.<\/h3>\n                                <\/div>\n                            <\/figcaption>\n                            <a href=\"https:\/\/monolith.law\/et\/internet\/youtube-game-play-videos\"><\/a>\n                        <\/figure>\n                    <\/div>\n                                                    <div class=\"article article-area\">\n                        <figure>\n                            <div class=\"img-wrap\">\n                                <img alt=\"Millised on YouTube'i viis keelatud tegevust 'Kogukonna juhendites'? Oluline teave, et v\u00e4ltida oma konto peatamist\" src=\"https:\/\/monolith.law\/et\/wp-content\/uploads\/sites\/36\/2024\/06\/Shutterstock_246432538.webp\" width=\"500\" height=\"250\">\n                            <\/div>\n                            <figcaption>\n                                <div class=\"figcaption-inner\">\n                                    <h3>Millised on YouTube'i viis keelatud tegevust 'Kogukonna juhendites'? Oluline tea.<\/h3>\n                                <\/div>\n                            <\/figcaption>\n                            <a href=\"https:\/\/monolith.law\/et\/internet\/youtube-community-guidelines-prohibitions\"><\/a>\n                        <\/figure>\n                    <\/div>\n                                                    <div class=\"article article-area\">\n                        <figure>\n                            <div class=\"img-wrap\">\n                                <img alt=\"Millises ulatuses on seaduslik ilma loata filmimine ja avaldamine? Selgitame nelja arutelupunkti\" src=\"https:\/\/monolith.law\/et\/wp-content\/uploads\/sites\/36\/2024\/06\/Shutterstock_1830157235.webp\" width=\"500\" height=\"250\">\n                            <\/div>\n                            <figcaption>\n                                <div class=\"figcaption-inner\">\n                                    <h3>Millises ulatuses on seaduslik ilma loata filmimine ja avaldamine? Selgitame nel.<\/h3>\n                                <\/div>\n                            <\/figcaption>\n                            <a href=\"https:\/\/monolith.law\/et\/internet\/copyright-permission-photograph\"><\/a>\n                        <\/figure>\n                    <\/div>\n                                            <\/div>\n            <div class=\"btn-more\"><a href=\"https:\/\/monolith.law\/et\/tag\/legal-support-for-youtuber\">Read More<\/a><\/div>\n        <\/div>\n    <\/section>\n\t<\/div>\n<\/section>\n\n<section class=\"orange2-section\">\n\t<div class=\"anchor\" id=\"fee-structure\"><\/div>\n\t<div class=\"section-inner\">\n\t<div class=\"planWrap\">\n\t<h3>Tasude struktuur<\/h3>\n\t<ul class=\"plan\">\n\t\t<li class=\"txt-left\">\n\t\t\t<div class=\"plan-inner\">\n\t\t\t<div class=\"plan-header\">\n\t\t\t<h4 class=\"plan-title\">Tunnitasu<\/h4>\n\t\t\t<div class=\"plan-price\"><span class=\"price-figure\">$300<\/span>tunnis\u3000<span class=\"price-tax\"> <\/span><\/div>\n\t\t\t<\/div>\n\t\t\t<div class=\"plan-body\">Teatud juhtudel v\u00f5ime kaaluda vaidluse v\u00f5i kohtuasja vastuv\u00f5tmist algustasu ja edutasuga. Lisateabe saamiseks v\u00f5tke meiega julgelt \u00fchendust.<\/div>\n\t\t\t<\/div>\n\t\t<\/li>\n\t\t<li class=\"txt-left\">\n\t\t\t<div class=\"plan-inner\">\n\t\t\t<div class=\"plan-header\">\n\t\t\t<h4 class=\"plan-title\">Lepingute koostamine<\/h4>\n\t\t\t<div class=\"plan-price\"><span class=\"price-value\">alates<\/span><span class=\"price-figure\">$500<\/span><span class=\"price-value\">kuni $2,000 v\u00f5i rohkem<\/span><span class=\"price-tax\"><\/span><\/div>\n\t\t\t<\/div>\n\t\t\t<div class=\"plan-body\">Hinnastruktuur v\u00f5ib varieeruda s\u00f5ltuvalt lepingute t\u00fc\u00fcbist ja kogusest. Oleme r\u00f5\u00f5msad, et saame esialgse hinnangu anda p\u00e4ringu alusel, seega julgustame teid meiega lisateabe saamiseks \u00fchendust v\u00f5tma.<\/div>\n\t\t\t<\/div>\n\t\t<\/li>\n\t\t<li class=\"txt-left\">\n\t\t\t<div class=\"plan-inner\">\n\t\t\t<div class=\"plan-header\">\n\t\t\t<h4 class=\"plan-title\">Muud teenused<\/h4>\n\t\t\t<div class=\"plan-price\"><span class=\"price-figure\">V\u00f5tke meiega \u00fchendust<\/span><\/div>\n\t\t\t<\/div>\n\t\t\t<div class=\"plan-body\">Pakume laia valikut teenuseid, sealhulgas ettev\u00f5tte asutamine, lepingute \u00fclevaatus, juriidiline arvamus, juhtumi \u00fclevaatus v\u00f5i uurimiskiri. Kui teil on k\u00fcsimusi v\u00f5i muresid, kutsume teid lahkelt meiega \u00fchendust v\u00f5tma ja meie teadlik meeskond on valmis teid aitama.<\/div>\n\t\t\t<\/div>\n\t\t\t<\/div>\n\t\t<\/li>\n\t<\/ul>\n\t<\/div>\n\t<\/div>\n<\/section>\n\n<section class=\"white-section\">\n\t<div class=\"section-inner\">\n\t\t<div class=\"btn-area\">\n\t\t\t<div class=\"btn icon-contact\"><a href=\"\/et\/contact\">V\u00f5tke meiega \u00fchendust<\/a><\/div>\n\t\t<\/div>\n\t<\/div>\n<\/section>\n","protected":false},"excerpt":{"rendered":"<p>Juriidiline tugi YouTuberitele Veebim\u00f5jutajate haldamine n\u00f5uab oskusteavet, mis erineb traditsioonilisest meelelahutustootmisest ja meediahaldusest. Me m\u00f5istame Jaapani seaduste keerukust ja Interneti [&hellip;]<\/p>\n","protected":false},"author":1,"featured_media":57171,"parent":0,"menu_order":0,"comment_status":"closed","ping_status":"closed","template":"non-other-page-temp.php","meta":{"footnotes":""},"acf":[],"_links":{"self":[{"href":"https:\/\/monolith.law\/et\/wp-json\/wp\/v2\/pages\/55833"}],"collection":[{"href":"https:\/\/monolith.law\/et\/wp-json\/wp\/v2\/pages"}],"about":[{"href":"https:\/\/monolith.law\/et\/wp-json\/wp\/v2\/types\/page"}],"author":[{"embeddable":true,"href":"https:\/\/monolith.law\/et\/wp-json\/wp\/v2\/users\/1"}],"replies":[{"embeddable":true,"href":"https:\/\/monolith.law\/et\/wp-json\/wp\/v2\/comments?post=55833"}],"version-history":[{"count":28,"href":"https:\/\/monolith.law\/et\/wp-json\/wp\/v2\/pages\/55833\/revisions"}],"predecessor-version":[{"id":66127,"href":"https:\/\/monolith.law\/et\/wp-json\/wp\/v2\/pages\/55833\/revisions\/66127"}],"wp:featuredmedia":[{"embeddable":true,"href":"https:\/\/monolith.law\/et\/wp-json\/wp\/v2\/media\/57171"}],"wp:attachment":[{"href":"https:\/\/monolith.law\/et\/wp-json\/wp\/v2\/media?parent=55833"}],"curies":[{"name":"wp","href":"https:\/\/api.w.org\/{rel}","templated":true}]}}