{"id":55885,"date":"2023-11-07T23:10:22","date_gmt":"2023-11-07T14:10:22","guid":{"rendered":"https:\/\/monolith.law\/et\/?page_id=55885"},"modified":"2024-04-30T16:19:07","modified_gmt":"2024-04-30T07:19:07","slug":"personal-information-protection","status":"publish","type":"page","link":"https:\/\/monolith.law\/et\/personal-information-protection","title":{"rendered":"Isikuandmete kaitse"},"content":{"rendered":"\n<section class=\"heading-area\">\n\t<div class=\"heading-area-inner\">\n\t\t<h2 class=\"icon-personal-information-protection\">Isikuandmete kaitse<\/h2>\n\t\t<p>\u00c4riolukorrad, mis h\u00f5lmavad IT-d ja internetti, puutuvad sageli kokku erinevat t\u00fc\u00fcpi isikuandmete t\u00f6\u00f6tlemisega, sealhulgas isikuandmete andmebaasid, k\u00fcpsised ja muu. Erit\u00e4helepanu tuleb p\u00f6\u00f6rata neile aspektidele, mis v\u00f5ivad muutuda seadusemuudatuste t\u00f5ttu. MONOLITH LAW OFFICE pakub k\u00f5rgelt spetsialiseeritud \u00f5igusteenuseid, mis on seotud Jaapani isikuandmete kaitse seadusega.<\/p>\n\t<\/div>\n<\/section>\n<section class=\"white-section\">\n\t<div class=\"section-inner pdt0  border-bottom-section\">\n\t\t<p>Jaapani isikuandmete kaitse seadus (APPI) on \u00fcks olulisemaid seadusi, mis reguleerib isikuandmete k\u00e4sitlemist \u00e4ritegevuses. See Jaapani privaatsusseadus keskendub sellele, kuidas tuleks isikuandmeid t\u00f6\u00f6delda. Artikkel s\u00e4testab kohustused, mida isikuandmete pakkujad peavad t\u00e4itma, et kaitsta \u00fcksikisikute \u00f5igusi ja huve. Ettev\u00f5tted seisavad silmitsi v\u00e4ljakutsega j\u00e4rgida muudetud APPI-d, mis j\u00f5ustus aprillis 2022 (2022).<br>IT ja interneti\u00e4ri toetamise eksperdina on MONOLITH LAW OFFICE tegeletud Jaapani isikuandmete kaitse seadusega seotud \u00f5igusk\u00fcsimustega paljude ettev\u00f5tete jaoks, alates Tokyo b\u00f6rsi Prime Marketil noteeritud ettev\u00f5tetest kuni seemnefaasi start-up&#8217;ideni.<\/p>\n\t<\/div>\n<\/section>\n<section class=\"second-nav\">\n\t<div class=\"second-nav-inner\">\n\t\t<p>TEEMAD<\/p>\n\t\t<nav>\n\t\t\t<ul>\n\t\t\t\t<li><a href=\"#example-of-support-provided-by-our-firm\">Meie firma poolt pakutava toe n\u00e4ited<\/a><\/li>\n\t\t\t\t<li><a href=\"#compliance-with-the-japan-privacy-law\">Koosk\u00f5la Jaapani privaatsusseadusega<\/a><\/li>\n\t\t\t\t<li><a href=\"#basic-obligations-of-business-operator\">\u00c4riettev\u00f5tja p\u00f5hikohustused<\/a><\/li>\n\t\t\t\t<li><a href=\"#creating-and-revising-a-privacy-policy\">Privaatsuspoliitika loomine ja \u00fclevaatamine<\/a><\/li>\n\t\t\t\t<li><a href=\"#responding-to-a-personal-information-breach\">Reageerimine isikuandmete rikkumisele<\/a><\/li>\n\t\t\t\t<li><a href=\"#response-to-the-appi-in-2022\">Reageerimine APPI-le 2022. aastal<\/a><\/li>\n\t\t\t\t<li><a href=\"#drafts-can-be-prepared-with-minimal-hearings\">Mustandite ettevalmistamine minimaalsete kuulamistega<\/a><\/li>\n\t\t\t\t<li><a href=\"#terms-of-use-for-apps\">Rakenduste kasutustingimused<\/a><\/li>\n\t\t\t\t<li><a href=\"#examples-of-our-client's-products\">Meie kliendi toodete n\u00e4ited<\/a><\/li>\n\t\t\t\t<li><a href=\"#monolith-law-magazine\">MONOLITH LAW MAGAZINE<\/a><\/li>\n\t\t\t\t<li><a href=\"#fee-structure\">Tasustruktuur<\/a><\/li>\n\t\t\t<\/ul>\n\t\t<\/nav>\n\t<\/div>\n<\/section>\n<section class=\"white-section\">\n\t<div class=\"anchor\" id=\"example-of-support-provided-by-our-firm\"><\/div>\n\t<div class=\"section-inner\">\n\t\t<h3>N\u00e4ide meie firma poolt pakutavast toetusest<\/h3>\n\t\t<ul class=\"layout-column4\">\n\t\t\t<li>\n\t\t\t\t<div><img decoding=\"async\" src=\"\/wp-content\/uploads\/2022\/09\/privacypolicy.png\"><\/div>\n\t\t\t\t<h4>Privaatsuspoliitika<\/h4>\n\t\t\t\t<p>Oleme tegeleme veebisaitide, teenuste, rakenduste jms privaatsuspoliitikate koostamisega, samuti arvukate \u00fclevaatustega seadusemuudatuste ja muude muudatuste t\u00f5ttu.<\/p>\n\t\t\t<\/li>\n\t\t\t<li>\n\t\t\t\t<div><img decoding=\"async\" src=\"\/wp-content\/uploads\/2022\/09\/manual.png\"><\/div>\n\t\t\t\t<h4>\u00c4rijuhendid sisemiseks kasutamiseks<\/h4>\n\t\t\t\t<p>Aitame ka luua peakonfidentsiaalsusametniku (CPO) ja s\u00e4ilitada sisemisi juhendeid ja poliitikaid.<\/p>\n\t\t\t<\/li>\n\t\t\t<li>\n\t\t\t\t<div><img decoding=\"async\" src=\"\/wp-content\/uploads\/2022\/09\/GDPR.png\"><\/div>\n\t\t\t\t<h4>GDPR ja muu vastavus<\/h4>\n\t\t\t\t<p>Tegeleme ka isikuandmete kaitsega seotud \u00f5igusk\u00fcsimustega, nagu ELi \u00fcldine andmekaitsem\u00e4\u00e4rus (GDPR) piiri\u00fclestes IT-\u00e4ri v\u00f5imalustes.<\/p>\n\t\t\t<li>\n\t\t\t\t<div><img decoding=\"async\" src=\"\/wp-content\/uploads\/2022\/09\/dataleak.png\"><\/div>\n\t\t\t\t<h4>Isikuandmete rikkumine<\/h4>\n\t\t\t\t<p>V\u00f5ime abistada isikuandmete kaitse komisjonile teatamisel ja isikute teavitamisel isikuandmete rikkumise korral.<\/p>\n\t\t\t<\/li>\n\t\t<\/ul>\n\t<\/div>\n<\/section>\n<section class=\"white-section\">\n\t<div class=\"anchor\" id=\"compliance-with-the-japan-privacy-law\"><\/div>\n\t<div class=\"section-inner-black\">\n\t\t<h3>Vastavus Jaapani privaatsusseadusele<\/h3>\n\t\t<p class=\"mgb-small\">Jaapani isikuandmete kaitse seadus (APPI) kehtestab n\u00f5uded ettev\u00f5tjatele, kes tegelevad isikuandmete t\u00f6\u00f6tlemisega seoses selliste isikuandmete kolmandatele osapooltele edastamise v\u00f5i nendele andmetele juurdep\u00e4\u00e4su v\u00f5imaldamisega. See seadus kehtestab ranged n\u00f5uded selle kohta, millistel eesm\u00e4rkidel v\u00f5ib isikuandmeid kasutada, kuidas neid v\u00f5ib koguda ja milliseid turvameetmeid tuleb rakendada.<\/p>\n\t\t<p class=\"mgb-middle\">Lisaks muudetakse seadust sageli, et lisada uusi m\u00f5isteid ja regulatsioone, nagu isikuandmete andmebaasid, anon\u00fc\u00fcmselt t\u00f6\u00f6deldud teave ja pseudon\u00fc\u00fcmiga teave.<\/p>\n<\/section>\n<section class=\"white-section\">\n\t<div class=\"anchor\" id=\"basic-obligations-of-business-operator\"><\/div>\n\t<div class=\"section-inner\">\n\t\t<h3>Isikuandmeid t\u00f6\u00f6tleva ettev\u00f5tja p\u00f5hikohustused<\/h3>\n\t\t<p class=\"mgb-middle\">Jaapani isikuandmete kaitse seadus seab eriti isikuandmeid t\u00f6\u00f6tlevale &#8220;Isikuandmeid t\u00f6\u00f6tlevale ettev\u00f5tjale&#8221; j\u00e4rgmised kohustused. On vajalik neile kohustustele vastata ja kehtestada vastavusreeglite s\u00fcsteem.<\/p>\n\t\t<table class=\"type03\">\n\t\t<tbody>\n\t\t<tr>\n\t\t<td>Isikuandmete kasutamise eesm\u00e4rgi reeglid<\/td>\n\t\t<td>M\u00e4\u00e4ratlege kasutamise eesm\u00e4rk nii selgelt kui v\u00f5imalik (Artikkel 15, l\u00f5ige 1)<br>Teavitamine v\u00f5i kasutamise eesm\u00e4rgi avalikustamine (Artikkel 18, l\u00f5ige 1)<br>Kasutamine m\u00e4\u00e4ratletud eesm\u00e4rgi piires (Artikkel 16, l\u00f5ige 1)<br>Eesm\u00e4rgi muutmine on p\u00f5him\u00f5tteliselt keelatud (Artikkel 15, l\u00f5ige 2)<\/td>\n\t\t<\/tr>\n\t\t<tr>\n\t\t<td>Andmete sobiv kogumine<\/td>\n\t\t<td>Pettuse v\u00f5i muude eba\u00f5igete vahenditega andmete kogumise keeld (Artikkel 17, l\u00f5ige 1)<\/td>\n\t\t<\/tr>\n\t\t<tr>\n\t\t<td>Asjakohased turvakontrolli meetmed<\/td>\n\t\t<td>Andmete rikkumise, kadumise v\u00f5i kahjustumise jms ennetamine (Artikkel 20)<br>T\u00f6\u00f6tajate ja allt\u00f6\u00f6v\u00f5tjate j\u00e4relevalve (Artikkel 20, 21)<\/td>\n\t\t<\/tr>\n\t\t<tr>\n\t\t<td>Kolmandatele osapooltele edastamine ja piiri\u00fclene \u00fclekanne<\/td>\n\t\t<td>Vajalik kolmandatele osapooltele teabe edastamisel<br>Eelnev n\u00f5usolek p\u00f5him\u00f5ttelt (Artikkel 23, l\u00f5ige 1)<br>Niinimetatud opt-out meetod (Artikkel 23, l\u00f5ige 2)<\/td>\n\t\t<\/tr>\n\t\t<\/tbody>\n\t\t<\/table>\n\t<\/div>\n<\/section>\n<section class=\"purple-section\">\n\t<div class=\"anchor\" id=\"creating-and-revising-a-privacy-policy\"><\/div>\n\t<div class=\"section-inner\">\n\t\t<div class=\"flex\">\n\t\t\t<div class=\"width41\"><img decoding=\"async\" src=\"\/wp-content\/uploads\/2022\/09\/privacypolicy2.png\" alt=\"Privaatsuspoliitika loomine ja \u00fclevaatamine\"><\/div>\n\t\t\t<div class=\"width51\">\n\t\t\t\t<h3>Privaatsuspoliitika loomine ja \u00fclevaatamine<\/h3>\n\t\t\t\t<p class=\"mgb-small\">IT-teenuse k\u00e4ivitamisel tuleb v\u00e4lja t\u00f6\u00f6tada asjakohane privaatsuspoliitika, arvestades, millist isikuandmete t\u00fc\u00fcpi kogutakse ja kuidas neid kasutatakse. Lisaks tuleb selliseid poliitikaid uuendada, kui lisanduvad uued \u00e4ritegevuse funktsioonid v\u00f5i kui seadused muutuvad.<\/p>\n\n\t\t\t\t<p>MONOLITH LAW OFFICE on IT, interneti ja \u00e4ri\u00f5igusele spetsialiseerunud advokaadib\u00fcroo, mis m\u00f5istab selliste s\u00fcsteemide toimimist. Me saame aidata teil luua v\u00f5i uuendada asjakohaseid privaatsuspoliitikaid, minimeerides teie organisatsiooni kulutusi.<\/p>\n\t\t\t<\/div>\n\t\t<\/div>\n\t\t<h4 class=\"mgb-small\">N\u00e4ited meie kogemustest<\/h4>\n\t\t<p>BGM ja heliefektide levitamise teenus, BGM taasesituse rakendus, SaaS-p\u00f5hine k\u00f5netuvastusteenus BtoB kasutamiseks, D2C EC veebilehed, EC platvormid, andmete integreerimise teenused SaaS-teenuste vahel, SaaS-\u00e4ride integreerimisteenused, artistide platvormid, m\u00fc\u00fcgitoetuse t\u00f6\u00f6riistad, kodumajapidamise eelarve rakendused, t\u00f6\u00f6alased veebiteenused, t\u00f6\u00f6otsingu teenused, pilvep\u00f5hised kulude h\u00fcvitamise teenused, pilvep\u00f5hised t\u00f6\u00f6ajahalduse teenused, pilvep\u00f5hised transpordikulude h\u00fcvitamise teenused, toidulisandite m\u00fc\u00fcgiteenused, poliitikaga seotud sotsiaalv\u00f5rgustikud, taksode tellimise rakendused, andmeanal\u00fc\u00fcsi allhanketeenused, video sotsiaalv\u00f5rgustiku teenused, \u00e4risotsiaalv\u00f5rgustikud, \u00e4ripartnerite leidmise veebileht, haigla broneerimise platvorm, programmeerimiskool, Blockchain sotsiaalv\u00f5rgustikud, Blockchain reklaamiv\u00f5rgustik, viiteteenus, reisikonsiierge teenus, ohutuse kinnitamise teenus, meditsiiniinfo v\u00f5rgustiku s\u00fcsteem, virtuaalvaluuta vahetus (v\u00e4ljaspool Jaapanit), ortodontiakliinikute andmebaasi veebileht, puuetega inimeste toetusteenus, \u00fcli\u00f5pilaste v\u00e4rbamine, t\u00f6\u00f6tajate haldamine, t\u00f6\u00f6tajate koolituse pilveteenus, volitatud impordiautode m\u00fc\u00fcgi veebileht, elustiiliga seotud toetusteenus, idufirmade toetusteenus ja antisotsiaalse kontrolli teenus<\/p>\n\t<\/div>\n<\/section>\n<section class=\"white-section\">\n\t<div class=\"anchor\" id=\"responding-to-a-personal-information-breach\"><\/div>\n\t<div class=\"section-inner\">\n\t\t<div class=\"flex reverse\">\n\t\t\t<div class=\"width41\"><img decoding=\"async\" src=\"\/wp-content\/uploads\/2022\/09\/security.png\" alt=\"Responding to a Personal Information Breach\"><\/div>\n\t\t\t<div class=\"width51\">\n\t\t\t\t<h3>Isikliku teabe rikkumisele reageerimine<\/h3>\n\t\t\t\t<p class=\"mgb-small\">2022. aasta (Gregoriaani kalendri j\u00e4rgi) Jaapani isikuandmete kaitse seaduse (Japanese Act on the Protection of Personal Information &#8211; APPI) muudatus kehtestas kohustuse \u00e4riettev\u00f5tjatele, kes k\u00e4itlevad isikuandmeid, teatada Isikuandmete Kaitse Komisjonile ja teavitada isikuid, kui on toimunud isikuandmete rikkumine v\u00f5i potentsiaalne rikkumine. Aruannete t\u00fc\u00fcbid on esialgsed aruanded ja \u00fcksikasjalikud aruanded. Eelk\u00f5ige tuleb esialgsed aruanded esitada 3 kuni 5 p\u00e4eva jooksul p\u00e4rast andmeleke avastamist.<\/p>\n\t\t\t\t<\/div>\n\t\t\t<\/div>\n\t\t<\/div>\n\t<\/div>\n<\/section>\n<section class=\"orange2-section\">\n\t<div class=\"anchor\" id=\"response-to-the-appi-in-2022\"><\/div>\n\t<div class=\"section-inner\">\n\t\t<h3>Vastus Jaapani isikuandmete kaitse seaduse muudatustele aastal 2022<\/h3>\n\t\t<p class=\"mgb-middle\">Aprillis 2022 j\u00f5ustus Jaapanis uuendatud isikuandmete kaitse seadus. See on loonud vajaduse k\u00f5ikide ettev\u00f5tjate jaoks \u00fcle vaadata oma sisemised juhendid ja s\u00fcsteemid. Eriti on see vajalik nende \u00e4ri\u00fchingute jaoks, kes k\u00e4itlevad l\u00fchiajaliselt s\u00e4ilitatavaid andmeid, mis kustutatakse 6 kuu jooksul, v\u00f5i neile, kes kasutavad opt-out s\u00fcsteemi, on vajalik oma privaatsuspoliitikate \u00fclevaatamine.<\/p>\n\t\t<table class=\"type07\">\n\t\t<thead>\n\t\t<tr>\n\t\t<th><\/th>\n\t\t<th>Muudatused<\/th>\n\t\t<th>Vajalik vastus<\/th>\n\t\t<\/tr>\n\t\t<\/thead>\n\t\t<tbody>\n\t\t<tr>\n\t\t<td>K\u00f5ik majandusoperaatorid<\/td>\n\t\t<td>N\u00f5uete leevendamine kasutamise l\u00f5petamise, kustutamise ja kolmandatele osapooltele edastamise l\u00f5petamise taotluste osas<\/td>\n\t\t<td>Vastuste tugevdamine suurenenud n\u00f5udmiste arvule<\/td>\n\t\t<\/tr>\n\t\t<tr>\n\t\t<td>K\u00f5ik majandusoperaatorid<\/td>\n\t\t<td>Teabe avalikustamise taotluste tugevdamine<\/td>\n\t\t<td>S\u00fcsteemi loomine, et m\u00e4\u00e4rata, millal andmed pole enam vajalikud<\/td>\n\t\t<\/tr>\n\t\t<tr>\n\t\t<td>Ettev\u00f5tted, mis t\u00f6\u00f6tlevad l\u00fchiajaliselt s\u00e4ilitatavaid andmeid, mis kustutatakse 6 kuu jooksul<\/td>\n\t\t<td>Avalikustamisele kuuluvate s\u00e4ilitatavate isikuandmete ulatuse laiendamine jne<\/td>\n\t\t<td>Sisemiste juhendite ja muude t\u00f6\u00f6tlemisprotseduuride \u00fclevaatamine<\/td>\n\t\t<\/tr>\n\t\t<tr>\n\t\t<td>Opt-out s\u00fcsteemi kasutavad ettev\u00f5tjad<\/td>\n\t\t<td>Opt-out regulatsioonide tugevdamine: teavitamisele kuuluvate asjaolude lisamine jne<\/td>\n\t\t<td>Privaatsuspoliitika jms \u00fclevaatamine<\/td>\n\t\t<\/tr>\n\t\t<tr>\n\t\t<td>Opt-out s\u00fcsteemi kasutavad ettev\u00f5tjad<\/td>\n\t\t<td>Opt-out regulatsioonide tugevdamine: topelt opt-out keelamine<\/td>\n\t\t<td>Informatsiooni hankimisvahendite kontrollimine ja vajadusel \u00e4rimudelite muutmine<\/td>\n\t\t<\/tr>\n\t\t<tr>\n\t\t<td>K\u00f5ik majandusoperaatorid<\/td>\n\t\t<td>Lekeste jms teavitamise kohustus ja isiku teavitamine<\/td>\n\t\t<td>Sisemiste juhendite ja muude protseduuride loomine v\u00f5imaliku lekkeks valmistumiseks<\/td>\n\t\t<\/tr>\n\t\t<tr>\n\t\t<td>Anon\u00fc\u00fcmselt t\u00f6\u00f6deldud informatsiooni kasutavad ettev\u00f5tjad<\/td>\n\t\t<td>Uue pseudon\u00fc\u00fcmiseeritud t\u00f6\u00f6deldud informatsiooni s\u00e4tte loomine<\/td>\n\t\t<td>Privaatsuspoliitika jms \u00fclevaatamine<\/td>\n\t\t<\/tr>\n\t\t<tr>\n\t\t<td>DMP ja sellega seotud teenuseid pakkuvad ettev\u00f5tjad<\/td>\n\t\t<td>Isikuga seotud informatsiooni reguleerimine, mis muutub sihtkohas isikuandmeteks<\/td>\n\t\t<td>Kontrollige, kas informatsiooni saavale ettev\u00f5ttele on antud isiku n\u00f5usolek<\/td>\n\t\t<\/tr>\n\t\t<tr>\n\t\t<td>Rahvusvahelisi tehinguid teostavad ettev\u00f5tjad<\/td>\n\t\t<td>Rahvusvaheliste \u00fclekannete reguleerimise karmistamine<\/td>\n\t\t<td>\u00dcle vaadata, kas teenust pakutakse v\u00f5i mitte, ja vajadusel teenuseid vahetada.<\/td>\n\t\t<\/tr>\n\t\t<\/tbody>\n\t\t<\/table>\n\t<\/div>\n<\/section>\n<section class=\"white-section\">\n\t<div class=\"anchor\" id=\"drafts-can-be-prepared-with-minimal-hearings\"><\/div>\n\t<div class=\"section-inner\">\n\t\t<div class=\"flex\">\n\t\t\t<div class=\"width41\"><img decoding=\"async\" src=\"\/wp-content\/themes\/monolith2021\/img\/pic\/pic_draft.jpg\" alt=\"Mustandeid saab ette valmistada minimaalsete kuulamistega\"><\/div>\n\t\t\t<div class=\"width51\">\n\t\t\t\t<h3>Eeln\u00f5usid saab ette valmistada minimaalsete kohtumistega<\/h3>\n\t\t\t\t<p class=\"mgb-small\">Meie asutav jurist on endine IT-insener.<\/p>\n\t\t\t\t<p class=\"mgb-small\">Rakenduste ja veebiteenuste privaatsuspoliitikate loomiseks on vaja m\u00f5ista nende funktsioone ja ekraanide vahelisi \u00fcleminekuid (m\u00f5istes, millega kasutaja peaks n\u00f5ustuma ja millise toiminguga). Meie saame lugeda erinevaid dokumente ja andmeid, mis teie ettev\u00f5ttes juba olemas on, nagu n\u00f5uete definitsioonid, Adobe XD-ga loodud raamistikud, LP-d, potentsiaalsetele klientidele m\u00f5eldud m\u00fc\u00fcgimaterjalid.<\/p>\n\t\t\t\t<p>Seega saame me luua teie privaatsuspoliitika jms eeln\u00f5u, kulutades minimaalselt aega intervjuudele, v\u00e4hendades t\u00f5husalt suhtluskulusid ja loomiseks vajalikku aega.<\/p>\n\t\t\t<\/div>\n\t\t<\/div>\n\t<\/div>\n<\/section>\n<section class=\"purple-section\">\n\t<div class=\"anchor\" id=\"terms-of-use-for-apps\"><\/div>\n\t<div class=\"section-inner\">\n\t\t<div class=\"flex reverse\">\n\t\t\t<div class=\"width41\"><img decoding=\"async\" src=\"\/wp-content\/themes\/monolith2021\/img\/practices-itlaw\/practices-itlaw_pic2.jpg\" alt=\"Rakenduste kasutustingimused\"><\/div>\n\t\t\t<div class=\"width51\">\n\t\t\t\t<h3>Rakenduste kasutustingimused<\/h3>\n\t\t\t\t<p>MONOLITH LAW OFFICE&#8217;is loome ja vaatame \u00fcle erinevate rakenduste, teenuste, m\u00e4ngude jne kasutustingimused ning loome privaatsuspoliitikaid. On v\u00f5imalik ka luua privaatsuspoliitika olemasolevate dokumentide ja rakenduste arendamiseks kasutatud andmete, nagu n\u00f5uete m\u00e4\u00e4ratlused, raamistikud, LP-d ja potentsiaalsetele klientidele m\u00f5eldud m\u00fc\u00fcgimaterjalid, p\u00f5hjal.<\/p>\n\t\t\t<\/div>\n\t\t<\/div>\n\t<\/div>\n<\/section>\n<section class=\"white-section\">\n\t<div class=\"anchor\" id=\"examples-of-our-client's-products\"><\/div>\n\t<div class=\"section-inner\">\n\t\t<h3>N\u00e4ited meie klientide toodetest<\/h3>\n\t\t<ul class=\"layout-column4 mgb-middle\">\n\t\t\t<li>\n\t\t\t\t<div><img decoding=\"async\" src=\"\/wp-content\/uploads\/2022\/09\/logo_oVice.png\"><\/div>\n\t\t\t\t<h4><a href=\"https:\/\/ovice.in\/ja\/\" target=\"_blank\" rel=\"noopener noreferrer\">oVice<\/a><\/h4>\n\t\t\t\t<p>Oleme olnud auditeerijaks oVice Corporationile, mis loob virtuaalseid koost\u00f6\u00f6- ja \u00fcritusteruume, kus inimesed saavad tunda end teistele l\u00e4hedal, justkui r\u00e4\u00e4giksid nad k\u00f5rvuti.<\/p>\n\t\t\t<\/li>\t\t\t<li>\n\t\t\t\t<div><img decoding=\"async\" src=\"\/wp-content\/themes\/monolith2021\/img\/clients\/logo_tokium.png\"><\/div>\n\t\t\t\t<h4><a href=\"https:\/\/www.keihi.com\/lp\/\" target=\"_blank\" rel=\"noopener noreferrer\">TOKIUM Expense Reimbursement<\/a><\/h4>\n\t\t\t\t<p>Oleme t\u00f6\u00f6tanud koos TOKIUM Inc.-iga, ettev\u00f5ttega, mis on loonud ettev\u00f5tte finantsrakenduse &#8220;TOKIUM Expense Reimbursement&#8221;, olles nende peajurist. Oleme pakkunud \u00f5igusabi nende projektidele, sealhulgas nende kulude h\u00fcvitamise s\u00fcsteemi &#8220;TOKIUM Invoice&#8221; v\u00e4ljaandmisel.<\/p>\n\t\t\t<\/li>\n\t\t\t<li>\n\t\t\t\t<div><img decoding=\"async\" src=\"\/wp-content\/themes\/monolith2021\/img\/clients\/logo_seculio.png\"><\/div>\n\t\t\t\t<h4><a href=\"https:\/\/www.lrm.jp\/seculio\/feature\/\" target=\"_blank\" rel=\"noopener noreferrer\">Securio<\/a><\/h4>\n\t\t\t\t<p>Oleme olnud auditeerijaks LRM Corporationile, mis turustab Securiot, mis parandab ettev\u00f5tte infos\u00fcsteemi turvalisuse tajumist.<\/p>\n\t\t\t<\/li>\n\t\t\t<li>\n\t\t\t\t<div><img decoding=\"async\" src=\"\/wp-content\/themes\/monolith2021\/img\/clients\/logo_tribeau.png\"><\/div>\n\t\t\t\t<h4><a href=\"https:\/\/corp.tribeau.jp\/\" target=\"_blank\" rel=\"noopener noreferrer\">TRIBEAU<\/a><\/h4>\n\t\t\t\t<p>Oleme vastutavad projekti eest TRIBEAU Corporationile, mis turustab &#8220;TRIBEAU&#8221;, rakendust iluhoolduse arvustuste ja broneeringute jaoks, mis on saadaval ka veebiteenusena.<\/p>\n\t\t\t<\/li>\n\t\t<\/ul>\n\t\t<p class=\"txt-s\">Lisaks nendele klientidele vastutame paljude teiste toodete eest. Siin on loetletud ainult need ettev\u00f5tted, kes on andnud meile loa avalikustada nende kliendistaatust v\u00f5i \u00e4rid, kus oleme registreeritud nende juhtidena. \u00dcldreeglina hoitakse klientide teavet konfidentsiaalsena konfidentsiaalsuslepingu alusel.<\/p>\n\t<\/div>\n<\/section>\n\n<section class=\"purple2-section\">\n\t<div class=\"anchor\" id=\"monolith-law-magazine\"><\/div>\n\t<div class=\"section-inner\">\n\t\t    <section class=\"white-section temp-article\">\n        <div class=\"section-inner\">\n            <h4>MONOLITH LAW MAGAZINE<\/h4>\n            <div class=\"articles type_practice_column\">\n                                                                    <div class=\"article article-area\">\n                        <figure>\n                            <div class=\"img-wrap\">\n                                <img alt=\"\u3010Uusim versioon\u3011Mis on isikuandmete kaitse seadus? Olulised p\u00f5hiteadmised, mida peaks kindlasti teadma, selgelt seletatuna\" src=\"https:\/\/monolith.law\/et\/wp-content\/uploads\/sites\/36\/2025\/08\/7754792bacecaafed2fca2c081c09987-1024x683-1.webp\" width=\"500\" height=\"250\">\n                            <\/div>\n                            <figcaption>\n                                <div class=\"figcaption-inner\">\n                                    <h3>\u3010Uusim versioon\u3011Mis on isikuandmete kaitse seadus? Olulised p\u00f5hiteadmised, mida .<\/h3>\n                                <\/div>\n                            <\/figcaption>\n                            <a href=\"https:\/\/monolith.law\/et\/general-corporate\/personal-information-protection-act\"><\/a>\n                        <\/figure>\n                    <\/div>\n                                                    <div class=\"article article-area\">\n                        <figure>\n                            <div class=\"img-wrap\">\n                                <img alt=\"Kas kellegi aadressi kindlakstegemine ja avalikustamine v\u00f5ib olla kuritegu? Selgitame ka postitaja tuvastamise meetodeid.\" src=\"https:\/\/monolith.law\/et\/wp-content\/uploads\/sites\/36\/2024\/11\/29746988_m-1-1024x682-1.webp\" width=\"500\" height=\"250\">\n                            <\/div>\n                            <figcaption>\n                                <div class=\"figcaption-inner\">\n                                    <h3>Kas kellegi aadressi kindlakstegemine ja avalikustamine v\u00f5ib olla kuritegu? Selg.<\/h3>\n                                <\/div>\n                            <\/figcaption>\n                            <a href=\"https:\/\/monolith.law\/et\/general-corporate\/address-sin\"><\/a>\n                        <\/figure>\n                    <\/div>\n                                                    <div class=\"article article-area\">\n                        <figure>\n                            <div class=\"img-wrap\">\n                                <img alt=\"Millised on Jaapani isikuandmete kaitse seaduse muudatused Reiwa 6. aastal (2024)? Selgitame olulisi muudatusi ja vastumeetmeid, mida peaksite teadma\" src=\"https:\/\/monolith.law\/et\/wp-content\/uploads\/sites\/36\/2024\/07\/Shutterstock_2372500751.webp\" width=\"500\" height=\"250\">\n                            <\/div>\n                            <figcaption>\n                                <div class=\"figcaption-inner\">\n                                    <h3>Millised on Jaapani isikuandmete kaitse seaduse muudatused Reiwa 6. aastal (2024.<\/h3>\n                                <\/div>\n                            <\/figcaption>\n                            <a href=\"https:\/\/monolith.law\/et\/general-corporate\/personal-information-protection-2024\"><\/a>\n                        <\/figure>\n                    <\/div>\n                                            <\/div>\n            <div class=\"btn-more\"><a href=\"https:\/\/monolith.law\/et\/tag\/personal-information-protection\">Read More<\/a><\/div>\n        <\/div>\n    <\/section>\n\t<\/div>\n<\/section>\n<section class=\"orange2-section\">\n\t<div id=\"fee-structure\"><\/div>\n\t<div class=\"section-inner\">\n\t<div class=\"planWrap\">\n\t<h3>Tasustamisstruktuur<\/h3>\n\t<ul class=\"plan\">\n\t\t<li class=\"txt-left\">\n\t\t\t<div class=\"plan-inner\">\n\t\t\t<div class=\"plan-header\">\n\t\t\t<h4 class=\"plan-title\">Tunnitasu<\/h4>\n\t\t\t<div class=\"plan-price\"><span class=\"price-figure\">$300<\/span>tunnis<span class=\"price-value\"><\/span><\/div>\n\t\t\t<\/div>\n\t\t\t<div class=\"plan-body\">Teatud juhtudel v\u00f5ime kaaluda vaidluse v\u00f5i kohtuasja vastuv\u00f5tmist algatasu ja tulemustasu alusel. T\u00e4psema teabe saamiseks v\u00f5tke meiega julgelt \u00fchendust.<\/div>\n\t\t\t<\/div>\n\t\t<\/li>\n\t\t<li class=\"txt-left\">\n\t\t\t<div class=\"plan-inner\">\n\t\t\t<div class=\"plan-header\">\n\t\t\t<h4 class=\"plan-title\">Lepingute koostamine<\/h4>\n\t\t\t<div class=\"plan-price\"><span class=\"price-value\">alates<\/span><span class=\"price-figure\">$500<\/span><span class=\"price-value\">kuni $2,000 v\u00f5i rohkem<\/span><\/div>\n\t\t\t<\/div>\n\t\t\t<div class=\"plan-body\">Hinnastamisstruktuur v\u00f5ib varieeruda s\u00f5ltuvalt lepingute t\u00fc\u00fcbist ja mahust. Meil on hea meel pakkuda esialgset hinnangut p\u00e4ringu alusel, seega kutsume teid \u00fcles meiega \u00fchendust v\u00f5tma t\u00e4iendavate \u00fcksikasjade saamiseks.<\/div>\n\t\t\t<\/div>\n\t\t<\/li>\n\t\t<li class=\"txt-left\">\n\t\t\t<div class=\"plan-inner\">\n\t\t\t<div class=\"plan-header\">\n\t\t\t<h4 class=\"plan-title\">Muud teenused<\/h4>\n\t\t\t<div class=\"plan-price\"><span class=\"price-figure\">V\u00f5tke meiega \u00fchendust<\/span><\/div>\n\t\t\t<\/div>\n\t\t\t<div class=\"plan-body\">Pakume laia valikut teenuseid, sealhulgas ettev\u00f5tte asutamine, lepingute \u00fclevaatus, \u00f5igusarvamused, juhtumite \u00fclevaade v\u00f5i uurimiskirjad. Kui teil on k\u00fcsimusi v\u00f5i muresid, olete s\u00fcdamest oodatud meiega \u00fchendust v\u00f5tma ja meie asjatundlik meeskond on teile meeleldi abiks.<\/div>\n\t\t\t<\/div>\n\t\t<\/li>\n\t<\/ul>\n\t<\/div>\n\t<\/div>\n<\/section>\n\n<section class=\"white-section\">\n\t<div class=\"section-inner\">\n\t<div class=\"btn-area\">\n\t<div class=\"btn icon-contact\"><a href=\"\/et\/contact\">V\u00f5tke meiega \u00fchendust<\/a><\/div>\n\t<\/div>\n\t<\/div>\n<\/section>\n","protected":false},"excerpt":{"rendered":"<p>Isikuandmete kaitse \u00c4riolukorrad, mis h\u00f5lmavad IT-d ja internetti, puutuvad sageli kokku erinevat t\u00fc\u00fcpi isikuandmete t\u00f6\u00f6tlemisega, sealhulgas isikuandmete andmebaasid, k\u00fcpsised ja muu. Erit\u00e4helepanu t [&hellip;]<\/p>\n","protected":false},"author":1,"featured_media":57143,"parent":0,"menu_order":0,"comment_status":"closed","ping_status":"closed","template":"non-other-page-temp.php","meta":{"footnotes":""},"acf":[],"_links":{"self":[{"href":"https:\/\/monolith.law\/et\/wp-json\/wp\/v2\/pages\/55885"}],"collection":[{"href":"https:\/\/monolith.law\/et\/wp-json\/wp\/v2\/pages"}],"about":[{"href":"https:\/\/monolith.law\/et\/wp-json\/wp\/v2\/types\/page"}],"author":[{"embeddable":true,"href":"https:\/\/monolith.law\/et\/wp-json\/wp\/v2\/users\/1"}],"replies":[{"embeddable":true,"href":"https:\/\/monolith.law\/et\/wp-json\/wp\/v2\/comments?post=55885"}],"version-history":[{"count":38,"href":"https:\/\/monolith.law\/et\/wp-json\/wp\/v2\/pages\/55885\/revisions"}],"predecessor-version":[{"id":64223,"href":"https:\/\/monolith.law\/et\/wp-json\/wp\/v2\/pages\/55885\/revisions\/64223"}],"wp:featuredmedia":[{"embeddable":true,"href":"https:\/\/monolith.law\/et\/wp-json\/wp\/v2\/media\/57143"}],"wp:attachment":[{"href":"https:\/\/monolith.law\/et\/wp-json\/wp\/v2\/media?parent=55885"}],"curies":[{"name":"wp","href":"https:\/\/api.w.org\/{rel}","templated":true}]}}