{"id":56075,"date":"2023-11-06T23:50:40","date_gmt":"2023-11-06T14:50:40","guid":{"rendered":"https:\/\/monolith.law\/et\/?page_id=56075"},"modified":"2024-04-30T16:20:22","modified_gmt":"2024-04-30T07:20:22","slug":"it","status":"publish","type":"page","link":"https:\/\/monolith.law\/et\/it","title":{"rendered":"IT"},"content":{"rendered":"\n<section class=\"heading-area\">\n\t<div class=\"heading-area-inner\">\n\t\t<h2 class=\"icon-it\">IT<\/h2>\n\t\t<p>Tehnoloogia kiire arenguga \u00fchiskonnas on ettev\u00f5tte IT ja intellektuaalomandi s\u00fcgav m\u00f5istmine Jaapani ettev\u00f5ttejuristide jaoks h\u00e4davajalik. Meie firma tugevus peitub meie selles valdkonnas spetsialiseerunud meeskonnas.<\/p>\n\t<\/div>\n<\/section>\n\n<section class=\"white-section\">\n\t<div class=\"section-inner pdt0  border-bottom-section\">\n\t\t<p>IT-ettev\u00f5tete juristide jaoks on oluline m\u00f5ista tehnoloogiat ja toiminguid, mis on seotud IT ja intellektuaalomandiga ettev\u00f5tte igap\u00e4evases \u00e4ritegevuses. Ilma IT-alaste teadmiste ja m\u00f5istmiseta ei ole v\u00f5imalik hoolikalt \u00fcle vaadata lepinguid ja muid toodetega seotud dokumente, mis on ettev\u00f5tete jaoks \u00fcliolulised, ega kaaluda, kuidas probleemide ilmnemisel reageerida ja neid ennetada. MONOLITH LAW OFFICE tegeleb mitte ainult IT-le spetsialiseerunud start-up&#8217;ide ja b\u00f6rsil noteeritud ettev\u00f5tete juhtumitega, vaid ka IT ja interneti juhtumitega, mis puudutavad mitte-IT ettev\u00f5tteid, olles IT ja intellektuaalomandi eest vastutav jurist.<\/p>\n\t<\/div>\n<\/section>\n\n\n<section class=\"white-section\">\n\t<div class=\"section-inner\">\n\t\t<h3 class=\"ttl-white\">T\u00e4nap\u00e4eval on IT kohal igas ettev\u00f5tte tegevusvaldkonnas<\/h3>\n\t\t<ul class=\"layout-column4\">\n\t\t\t<li>\n\t\t\t\t<h4>Restoraninduse jaoks<\/h4>\n\t\t\t\t<div><img decoding=\"async\" src=\"\/wp-content\/themes\/monolith2021\/img\/practices-itlaw\/practices-itlaw_illust1.png\"><\/div>\n\t\t\t\t<p>Klientide meelitamiseks veebiturunduse kaudu on vajalik IT-teenuste ja IT-ettev\u00f5tete kaasamine.<\/p>\n\t\t\t<\/li>\n\t\t\t<li>\n\t\t\t\t<h4>T\u00f6\u00f6stuse jaoks<\/h4>\n\t\t\t\t<div><img decoding=\"async\" src=\"\/wp-content\/themes\/monolith2021\/img\/practices-itlaw\/practices-itlaw_illust2.png\"><\/div>\n\t\t\t\t<p>Tootmise juhtimiseks on h\u00e4davajalik pidev IT-p\u00f5hise teabe arendamine.<\/p>\n\t\t\t<\/li>\n\t\t\t<li>\n\t\t\t\t<h4>E-kaubanduse ettev\u00f5tete jaoks<\/h4>\n\t\t\t\t<div><img decoding=\"async\" src=\"\/wp-content\/themes\/monolith2021\/img\/practices-itlaw\/practices-itlaw_illust3.png\"><\/div>\n\t\t\t\t<p>E-kaubanduse saidi haldamine ja veebimeedia turundustegevused on samuti osa meie IT-alasest \u00e4ritegevusest.<\/p>\n\t\t\t<\/li>\n\t\t\t<li>\n\t\t\t\t<h4>Meelelahutust\u00f6\u00f6stuse jaoks<\/h4>\n\t\t\t\t<div><img decoding=\"async\" src=\"\/wp-content\/themes\/monolith2021\/img\/practices-itlaw\/practices-itlaw_illust4.png\"><\/div>\n\t\t\t\t<p>Internet on h\u00e4davajalik meedia haldamiseks ja sisu levitamiseks.<\/p>\n\t\t\t<\/li>\n\t\t<\/ul>\n\t<\/div>\n<\/section>\n\n<section class=\"white-section\">\n\t<div class=\"section-inner pdt0\">\n\t\t<p class=\"txt-l txt-center mgb-middle\">Meie firma kasutab \u00e4ra meie juhtiva juristi kogemusi, kes on endine IT-insener.<br>Kuna me oleme <span class=\"bold\">Jaapani IT\/IP \u00f5iguse alal tugev \u00f5igusb\u00fcroo<\/span><\/p>\n\t\t<div class=\"frame2 max-width860 txt-center-pc\">\n\t\t\t<p class=\"txt-l\"><span class=\"bold\">Me saame tegeleda k\u00f5igi IT ja start-up ettev\u00f5tete \u00f5igusk\u00fcsimustega.<br>Ettev\u00f5tete jaoks, mis ei tegele igap\u00e4evaselt IT-ga, toimime kui<br>&#8220;IT\/IP \u00f5igusalased n\u00f5ustavad juristid&#8221;.<\/p>\n\t\t<\/div>\n\t<\/div>\n<\/section>\n\n<section class=\"second-nav\">\n\t<div class=\"second-nav-inner\">\n\t\t<p>TEEMAD<\/p>\n\t\t<nav>\n\t\t\t<ul>\n\t\t\t\t<li><a href=\"#system-development\">S\u00fcsteemiarendus<\/a><\/li>\n\t\t\t\t<li><a href=\"#terms-of-use\">Kasutustingimused<\/a><\/li>\n\t\t\t\t<li><a href=\"#crypto-assets-and-blockchain\">Kr\u00fcptovarad ja plokiahel<\/a><\/li>\n\t\t\t\t<li><a href=\"#ai-chatgpt-etc\">AI (ChatGPT jms)<\/a><\/li>\n\t\t\t\t<li><a href=\"#games\">M\u00e4ngud<\/a><\/li>\n\t\t\t\t<li><a href=\"#swift-and-efficient-tech-legal-analysis\">Kiire ja t\u00f5hus tehnika\/\u00f5igusanal\u00fc\u00fcs<\/a><\/li>\n\t\t\t\t<li><a href=\"#intellectual-property-rights\">Intellektuaalomandi \u00f5igused<\/a><\/li>\n\t\t\t\t<li><a href=\"#domain-name-disputes\">Domeeninimede vaidlused<\/a><\/li>\n\t\t\t\t<li><a href=\"#e-commerce\">E-kaubandus<\/a><\/li>\n\t\t\t\t<li><a href=\"#medical-law\">Meditsiini\u00f5igus<\/a><\/li>\n\t\t\t\t<li><a href=\"#cybercrime\">K\u00fcberkuritegevus<\/a><\/li>\n\t\t\t\t<li><a href=\"#monolith-law-magazine\">MONOLITH LAW MAGAZINE<\/a><\/li>\n\t\t\t\t<li><a href=\"#fee-structure\">Tasustruktuur<\/a><\/li>\n\t\t\t<\/ul>\n\t\t<\/nav>\n\t<\/div>\n<\/section>\n\n\n<section class=\"white-section\">\n\t<div class=\"anchor\" id=\"system-development\"><\/div>\n\t<div class=\"section-inner\">\n\t\t<div class=\"flex\">\n\t\t\t<div class=\"width41\"><img decoding=\"async\" src=\"\/wp-content\/themes\/monolith2021\/img\/practices-itlaw\/practices-itlaw_pic1.jpg\" alt=\"System Development\"><\/div>\n\t\t\t<div class=\"width51\">\n\t\t\t\t<h3>S\u00fcsteemide arendamine<\/h3>\n\t\t\t\t<p class=\"mgb-middle\">Oleme endise IT-inseneri juhitud advokaadib\u00fcroo, mis on spetsialiseerunud s\u00fcsteemide arendamise k\u00fcsimustele, alates lepingute koostamisest, \u00fclevaatamisest ja l\u00e4bir\u00e4\u00e4kimistest kuni vaidluste lahendamiseni. Koostame ka lepinguid nullist olemasolevate materjalide, n\u00e4iteks ettepanekute dokumentide p\u00f5hjal, minimaalsete kliendiintervjuudega.<\/p>\n\t\t\t\t<div class=\"btn-area align-left\">\n\t\t\t\t\t<div class=\"btn icon-system-development\"><a href=\"\/et\/system-development\">S\u00fcsteemide arendamine<\/a><\/div>\n\t\t\t\t<\/div>\n\t\t\t<\/div>\n\t\t<\/div>\n\t<\/div>\n<\/section>\n\n<section class=\"orange-section\">\n\t<div class=\"anchor\" id=\"terms-of-use\"><\/div>\n\t<div class=\"section-inner\">\n\t\t<div class=\"flex reverse\">\n\t\t\t<div class=\"width41\"><img decoding=\"async\" src=\"\/wp-content\/themes\/monolith2021\/img\/practices-itlaw\/practices-itlaw_pic2.jpg\" alt=\"Rakenduste kasutustingimuste \u00fclevaade\"><\/div>\n\t\t\t<div class=\"width51\">\n\t\t\t\t<h3>Kasutustingimused<\/h3>\n\t\t\t\t<p class=\"mgb-middle\">MONOLITH LAW OFFICE tegeleb erinevate rakenduste, teenuste, m\u00e4ngude kasutustingimuste ja privaatsuspoliitikate loomise ja \u00fclevaatamisega Jaapanis. Lisaks saame lugeda teie n\u00f5udeid vastava rakenduse arendamiseks, Adobe XD raamistikke, LP-sid, potentsiaalsetele klientidele m\u00f5eldud m\u00fc\u00fcgimaterjale ja muid olemasolevaid dokumente ja andmeid.<\/p>\n\t\t\t\t<div class=\"btn-area align-left\">\n\t\t\t\t\t<div class=\"btn icon-terms-of-use\"><a href=\"\/et\/terms-of-use\">Kasutustingimused<\/a><\/div>\n\t\t\t\t<\/div>\n\t\t\t<\/div>\n\t\t<\/div>\n\t<\/div>\n<\/section>\n\n<section class=\"white-section\">\n\t<div class=\"anchor\" id=\"crypto-assets-and-blockchain\"><\/div>\n\t<div class=\"section-inner\">\n\t\t<div class=\"flex\">\n\t\t\t<div class=\"width41\"><img decoding=\"async\" src=\"\/wp-content\/uploads\/2022\/07\/shutterstock_1151380622_2.png\" alt=\"Crypto Assets and Blockchain\"><\/div>\n\t\t\t<div class=\"width51\">\n\t\t\t\t<h3>Kr\u00fcpto Varad ja Plokiahel<\/h3>\n\t\t\t\t<p class=\"mgb-middle\">Plokiahelad on detsentraliseeritud andmebaasid, millel on \u00e4\u00e4rmiselt madal risk kirjete kadumiseks, muudavad varasemate kirjete v\u00f5ltsimise raskemaks ja mida v\u00f5imaldavad IT-tehnikad nagu konsensuse algoritmid, kr\u00fcptograafia ja P2P-v\u00f5rgud. MONOLITH LAW OFFICE on olnud seotud kr\u00fcpto vara ja plokiahela \u00f5igust\u00f6\u00f6ga alates selle loomisest 2017. aastal.<\/p>\n\t\t\t\t<div class=\"btn-area align-left\">\n\t\t\t\t\t<div class=\"btn icon-crypto-asset-and-blockchain\"><a href=\"\/et\/crypto-asset-and-blockchain\">Kr\u00fcpto Varad<br>ja Plokiahel<\/a><\/div>\n\t\t\t\t<\/div>\n\t\t\t<\/div>\n\t\t<\/div>\n\t<\/div>\n<\/section>\n\n<section class=\"purple-section\">\n\t<div class=\"anchor\" id=\"ai-chatgpt-etc\"><\/div>\n\t<div class=\"section-inner\">\n\t\t<div class=\"flex reverse\">\n\t\t\t<div class=\"width41\"><img decoding=\"async\" src=\"\/wp-content\/themes\/monolith2021\/img\/practices-itlaw\/practices-itlaw_pic5.jpg\" alt=\"AI (ChatGPT, etc.)\"><\/div>\n\t\t\t<div class=\"width51\">\n\t\t\t\t<h3>AI (ChatGPT jne)<\/h3>\n\t\t\t\t<p class=\"mgb-small\">Pakume IT-startupidele ja \u00e4riettev\u00f5tetele pildi- ja loomuliku keele AI teenuste ning autori\u00f5iguse seaduse, isikuandmete kaitse seaduse jms k\u00fcsimustega seotud \u00f5iguslikke kontrolle, lepingute t\u00f6\u00f6tlemist ja valitsusele teatamise tuge.<\/p>\n\t\t\t\t<p class=\"mgb-middle\">Teatud juhtudel uurime tehnilisi dokumente ja l\u00e4htekoode, et m\u00f5ista raamatukogu t\u00e4pset toimimist enne teenuse seaduslikkuse ja selle seaduslikuks toimimiseks Jaapanis vajaliku s\u00fcsteemi hindamist.<\/p>\n\t\t\t\t<div class=\"btn-area align-left\">\n\t\t\t\t\t<div class=\"btn icon-ai\"><a href=\"\/et\/ai\">AI (ChatGPT jne)<\/a><\/div>\n\t\t\t\t<\/div>\n\t\t\t<\/div>\n\t\t<\/div>\n\t<\/div>\n<\/section>\n\n<section class=\"white-section mgt-section \">\n\t<div class=\"anchor\" id=\"games\"><\/div>\n\t<div class=\"section-inner-black\">\n\t\t<h3>M\u00e4ngud<\/h3>\n\t\t<p class=\"mgb-middle\"> Jaapanis reguleerivad sotsiaalsete m\u00e4ngude toimimist mitmed seadused, sealhulgas autori\u00f5iguse seadus, eba\u00f5iglaste preemiate ja eksitavate esituste vastane seadus, fondide arveldamise seadus, tarbijalepingute seadus, kindlaksm\u00e4\u00e4ratud kommertstehingute seadus ja telekommunikatsiooni\u00e4ri seadus on peamised.<br> Vaidluste ja valitsuse trahvide v\u00e4ltimiseks on vaja tagada seaduslikkuse j\u00e4rgimine.<br> Meie b\u00fcroo toimib ka Jaapani videom\u00e4ngude ja e-spordi ettev\u00f5tete juriidilise n\u00f5ustajana, mis n\u00f5uab t\u00f6\u00f6stuse m\u00f5istmist seadusliku toimimise tagamiseks.<\/p>\n\t<\/div>\n<\/section>\n\n<section class=\"white-section\">\n\t<div class=\"anchor\" id=\"swift-and-efficient-tech-legal-analysis\"><\/div>\n\t<div class=\"section-inner\">\n\t\t<div class=\"flex reverse\">\n\t\t\t<div class=\"width41\"><img decoding=\"async\" src=\"\/wp-content\/themes\/monolith2021\/img\/pic\/pic_draft.jpg\" alt=\"Drafting with minimal operating time\"><\/div>\n\t\t\t<div class=\"width51\">\n\t\t\t\t<h3>Minimaalne aeg projektide koostamiseks<\/h3>\n\t\t\t\t<p class=\"mgb-middle\">T\u00e4nu meie juhtivale advokaadile, kes on endine IT-insener, ja meie IT-konsultantide meeskonnale, pakub meie b\u00fcroo \u00fche peatuse tehnilise anal\u00fc\u00fcsi ja \u00f5igusliku l\u00e4bivaatamise teenuseid, eriti selliste edasij\u00f5udnud tehnoloogiate nagu AI puhul.<\/p>\n\t\t\t\t<p>Tehnoloogiliselt arenenud, eriti AI-tehnoloogiat kasutavate teenuste seaduslikkust ei saa m\u00e4\u00e4rata ilma tehnilise m\u00f5istmiseta, kuidas sellised teenused toimivad. \u00dche peatuse teenusena saame pakkuda nii tehnilist anal\u00fc\u00fcsi kui ka \u00f5iguslikku l\u00e4bivaatamist.<\/p>\n\t\t\t<\/div>\n\t\t<\/div>\n\t<\/div>\n<\/section>\n\n<section class=\"white-section mgb-section80\">\n\t<div class=\"anchor\" id=\"intellectual-property-rights\"><\/div>\n\t<div class=\"section-inner-black\">\n\t\t<h3>Intellektuaalomand<\/h3>\n\t\t<p class=\"mgb-middle\">We handle IP strategy planning, contractual relations and litigation in both the IT and entertainment fields.\nIn the case of disputes, we also handle highly specialized litigation, such as litigation over patent ownership rights.<\/p>\n\t<\/div>\n<\/section>\n\n<section class=\"white-section mgt-section80\">\n\t<div class=\"anchor\" id=\"domain-name-disputes\"><\/div>\n\t<div class=\"section-inner-black\">\n\t\t<h3>Domeenivaidlused<\/h3>\n\t\t<p class=\"mgb-middle\">We have expertise in handling domain names, intellectual property rights, and dispute resolution based on the JP Domain Name Dispute Resolution Policy (DRP) and litigation procedures using the Unfair Competition Prevention Act.\n<\/p>\n\t<\/div>\n<\/section>\n\n<section class=\"white-section\">\n\t<div class=\"anchor\" id=\"e-commerce\"><\/div>\n\t<div class=\"section-inner\">\n\t\t<div class=\"flex\">\n\t\t\t<div class=\"width41\"><img decoding=\"async\" src=\"\/wp-content\/themes\/monolith2021\/img\/practices-itlaw\/practices-itlaw_pic7.jpg\" alt=\"E-commerce\"><\/div>\n\t\t\t<div class=\"width51\">\n\t\t\t\t<h3>E-kaubandus<\/h3>\n\t\t\t\t<p>Meil on kogemusi erinevate Jaapani e-kaubanduse vaidluste lahendamisel, sealhulgas kaubam\u00e4rkide ja autori\u00f5iguste rikkumise vastu suunatud \u00f5iguskaitsevahendite rakendamisel platvormidel nagu Rakuten, Amazon ja Yahoo!Shopping.<\/p>\n\t\t\t<\/div>\n\t\t<\/div>\n\t<\/div>\n<\/section>\n\n<section class=\"white-section mgb-section80\">\n\t<div class=\"anchor\" id=\"medical-law\"><\/div>\n\t<div class=\"section-inner-black\">\n\t\t<h3>Meditsiini\u00f5igus<\/h3>\n\t\t<p class=\"mgb-middle\">The intersection of laws related to medical care in Japan, such as the Pharmaceutical Affairs Act, Medical Service Act, and Medical Practitioners Act, with IT and the Internet, is a complex and specialized area.\nOur firm has medical-related legal specialists and a founding lawyer who is a former IT engineer, is well-versed in the industry.<\/p>\n\t\t<h4 class=\"mgb-middle\">Meie kogemus meditsiini\u00f5iguse juhtumites (n\u00e4ited)<\/h4>\n\t\t<p class=\"mgb-middle\">\u00d5iguslik \u00fclevaade vastavalt Ravimite ja Meditsiiniseadmete seadusele (PMD seadus) ja muudele seadustele toidulisandite levitajate LP-de osas, \u00f5iguslikud \u00fclevaated ja juhendite koostamine PMD seaduse ja muude kohaldatavate seaduste alusel iluga seotud meedia jaoks ning uute \u00e4riprojektide \u00f5igusp\u00e4rasuse audit meditsiiniga seotud start-up&#8217;ides, \u00fclikoolidega \u00fchiste uuringute lepingute koostamine meditsiiniga seotud start-up&#8217;ide jaoks. \u00d5iguslik \u00fclevaade ja kasutustingimuste ettevalmistamine meditsiinilise informatsiooni koost\u00f6\u00f6teenustele. Toidulisandite m\u00fc\u00fcgiettev\u00f5tetele m\u00f5eldud Erilise Kaubanduskoodeksi kirjelduste ettevalmistamine.<\/p>\n\t<\/div>\n<\/section>\n\n<section class=\"white-section\">\n\t<div class=\"anchor\" id=\"cybercrime\"><\/div>\n\t<div class=\"section-inner\">\n\t\t<div class=\"flex reverse\">\n\t\t\t<div class=\"width41\"><img decoding=\"async\" src=\"\/wp-content\/uploads\/2023\/05\/dispute_pic2.jpg\" alt=\"K\u00fcberkuritegevus\"><\/div>\n\t\t\t<div class=\"width51\">\n\t\t\t\t<h3>K\u00fcberkuritegevus<\/h3>\n\t\t\t\t<p class=\"mgb-middle\">Et soodustada uurimist ja vahistamist Jaapani politsei poolt selliste juhtumite puhul nagu volitamata juurdep\u00e4\u00e4s, mis toimuvad Jaapanis, on t\u00f5hus kasutada ekspertide abi, kes on h\u00e4sti kursis Jaapani kriminaalmenetlustega. IT-alase p\u00e4devusega advokaadib\u00fcroona pakume \u00f5iguslikku tuge ettev\u00f5tetele, kes on langenud k\u00fcberkuritegude, nagu volitamata juurdep\u00e4\u00e4su ja ebaseadusliku andmete v\u00e4ljav\u00f5tmise ohvriks, sealhulgas abi kriminaalkaebuste ja aruannete esitamisel kriminaaluurimiste algatamiseks. See on \u00fcks meie eristavaid omadusi.<\/p>\n\t\t\t\t<div class=\"btn-area align-left\">\n\t\t\t\t\t<div class=\"btn icon-cybercrime\"><a href=\"\/et\/cybercrime\">K\u00fcberkuritegevus<\/a><\/div>\n\t\t\t\t<\/div>\n\t\t\t<\/div>\n\t\t<\/div>\n\t<\/div>\n<\/section>\n\n<section class=\"white-section\">\n\t<div class=\"section-inner pdt0\">\n\t\t<div class=\"frame2 max-width860 txt-center-pc\">\n\t\t\t<p class=\"bold txt-l\">Samuti v\u00f5ime tegutseda teie ettev\u00f5tte peamise \u00e4ri &#8220;teise advokaadina&#8221;, kasutades meie tugevusi eraldi v\u00f5imekusena teie ettev\u00f5tte peamisest \u00f5igusn\u00f5ustajast.<\/p>\n\t\t<\/div>\n\t<\/div>\n<\/section>\n\n<section class=\"purple2-section\">\n\t<div class=\"anchor\" id=\"monolith-law-magazine\"><\/div>\n\t<div class=\"section-inner\">\n\t\t    <section class=\"white-section temp-article\">\n        <div class=\"section-inner\">\n            <h4>MONOLITH LAW MAGAZINE<\/h4>\n            <div class=\"articles type_practice_column\">\n                                                                    <div class=\"article article-area\">\n                        <figure>\n                            <div class=\"img-wrap\">\n                                <img alt=\"Majandus- ja T\u00f6\u00f6stusministeeriumi 'AI teenusepakkujate juhendi' sisu selgitab advokaat\" src=\"https:\/\/monolith.law\/et\/wp-content\/uploads\/sites\/36\/2025\/08\/e36600b5b611907cab776b37513c6f6e.webp\" width=\"500\" height=\"250\">\n                            <\/div>\n                            <figcaption>\n                                <div class=\"figcaption-inner\">\n                                    <h3>Majandus- ja T\u00f6\u00f6stusministeeriumi 'AI teenusepakkujate juhendi' sisu selgitab ad.<\/h3>\n                                <\/div>\n                            <\/figcaption>\n                            <a href=\"https:\/\/monolith.law\/et\/it\/ai-business-guidelines\"><\/a>\n                        <\/figure>\n                    <\/div>\n                                                    <div class=\"article article-area\">\n                        <figure>\n                            <div class=\"img-wrap\">\n                                <img alt=\"EL-i tehisintellekti reguleerimise seadus ja vajalikud meetmed Jaapani ettev\u00f5tete jaoks\" src=\"https:\/\/monolith.law\/et\/wp-content\/uploads\/sites\/36\/2025\/08\/a1a29c01832a47f3d2c7dc6bfde10302.webp\" width=\"500\" height=\"250\">\n                            <\/div>\n                            <figcaption>\n                                <div class=\"figcaption-inner\">\n                                    <h3>EL-i tehisintellekti reguleerimise seadus ja vajalikud meetmed Jaapani ettev\u00f5tet.<\/h3>\n                                <\/div>\n                            <\/figcaption>\n                            <a href=\"https:\/\/monolith.law\/et\/it\/eu-ai-act\"><\/a>\n                        <\/figure>\n                    <\/div>\n                                                    <div class=\"article article-area\">\n                        <figure>\n                            <div class=\"img-wrap\">\n                                <img alt=\"Kas Google'i arvustuste haldamine on ebaseaduslik? Selgitame seost tarbijakaitseseadusega ja v\u00f5imalikke karistusi\" src=\"https:\/\/monolith.law\/et\/wp-content\/uploads\/sites\/36\/2025\/08\/18d044df35c4f42bb7e1507848a5e228.webp\" width=\"500\" height=\"250\">\n                            <\/div>\n                            <figcaption>\n                                <div class=\"figcaption-inner\">\n                                    <h3>Kas Google'i arvustuste haldamine on ebaseaduslik? Selgitame seost tarbijakaitse.<\/h3>\n                                <\/div>\n                            <\/figcaption>\n                            <a href=\"https:\/\/monolith.law\/et\/it\/google-review-agency\"><\/a>\n                        <\/figure>\n                    <\/div>\n                                            <\/div>\n            <div class=\"btn-more\"><a href=\"https:\/\/monolith.law\/et\/tag\/it\">Read More<\/a><\/div>\n        <\/div>\n    <\/section>\n\t<\/div>\n<\/section>\n\n<section class=\"orange2-section\">\n\t<div class=\"anchor\" id=\"fee-structure\"><\/div>\n\t<div class=\"section-inner\">\n\t\t<div class=\"planWrap\">\n\t\t\t<h3>Tasustamise struktuur<\/h3>\n\t\t\t<ul class=\"plan\">\n\t\t\t\t<li class=\"txt-left\">\n\t\t\t\t\t<div class=\"plan-inner\">\n\t\t\t\t\t<div class=\"plan-header\">\n\t\t\t\t\t\t<h4 class=\"plan-title\">Tunnitasu<\/h4>\n\t\t\t\t\t\t<div class=\"plan-price\">\n\t\t\t\t\t\t\t<div class=\"plan-price\"><span class=\"price-figure\">$300<\/span>tunnis<span class=\"price-value\"><\/span><\/div>\n<\/div>\n\t\t\t\t\t<\/div>\n\t\t\t\t\t<div class=\"plan-body\">\n\t\t\t\t\t\t<p>Teatud juhtudel v\u00f5ime kaaluda vaidluse v\u00f5i kohtuasja vastuv\u00f5tmist algse tasu ja tulemustasu alusel. Lisateabe saamiseks v\u00f5tke meiega julgelt \u00fchendust.<\/p>\n\t\t\t\t\t\t<p><\/p>\n\t\t\t\t\t\t<p class=\"txt-s\"><\/p>\n\t\t\t\t\t<\/div>\n\t\t\t\t\t<\/div>\n\t\t\t\t<\/li>\n\t\t\t\t<li class=\"txt-left\">\n\t\t\t\t\t<div class=\"plan-inner\">\n\t\t\t\t\t<div class=\"plan-header\">\n\t\t\t\t\t\t<h4 class=\"plan-title\">Lepingute koostamine<\/h4>\n\t\t\t\t\t\t<div class=\"plan-price\">\n\t\t\t\t\t\t<div class=\"plan-price\"><span class=\"price-value\">alates<\/span><span class=\"price-figure\">$500<\/span><span class=\"price-value\">kuni $2,000 v\u00f5i rohkem<\/span><\/div>\n<\/div>\n\t\t\t\t\t<\/div>\n\t\t\t\t\t<div class=\"plan-body\">\n\t\t\t\t\t\t<p>The pricing structure is subject to variation based on the type and quantity of contracts. We are pleased to offer a preliminary estimate upon inquiry, thereby encouraging you to reach out to us for further details.\n<\/p>\n\t\t\t\t\t\t<p class=\"txt-s\"><\/p>\n\t\t\t\t\t<\/div>\n\t\t\t\t\t<\/div>\n\t\t\t\t<\/li>\n\t\t\t\t<li class=\"txt-left\">\n\t\t\t\t\t<div class=\"plan-inner\">\n\t\t\t\t\t<div class=\"plan-header\">\n\t\t\t\t\t<h4 class=\"plan-title\">Muud teenused<\/h4>\n\t\t\t\t\t<div class=\"plan-price\">\n\t\t\t\t\t\t<div class=\"plan-price\"><span class=\"price-figure\">V\u00f5tke meiega \u00fchendust<\/span><\/div>\n\t\t\t\t\t<\/div>\n\t\t\t\t\t<div class=\"plan-body\">\n\t\t\t\t\t\t<p>Pakume laia valikut teenuseid, sealhulgas ettev\u00f5tte asutamine, lepingute \u00fclevaatus, \u00f5igusarvamused, juhtumite \u00fclevaade v\u00f5i uurimiskirjad. Kui teil on k\u00fcsimusi v\u00f5i muresid, kutsume teid s\u00fcdamest \u00fchendust v\u00f5tma ja meie asjatundlik meeskond on r\u00f5\u00f5muga valmis teid aitama.<\/p>\n\t\t\t\t\t\t<p>\n<\/p>\n\t\t\t\t\t\t<p class=\"txt-s\"><\/p>\n\t\t\t\t\t<\/div>\n\t\t\t\t\t<\/div>\n\t\t\t\t<\/li>\n\t\t\t<\/ul>\n\t\t<\/div>\n\t<\/div>\n<\/section>\n<section class=\"white-section\">\n\t<div class=\"section-inner\">\n\t\t<div class=\"btn-area\">\n\t\t\t<div class=\"btn icon-contact\"><a href=\"\/et\/contact\">V\u00f5tke meiega \u00fchendust<\/a><\/div>\n\t\t<\/div>\n\t<\/div>\n<\/section>\n","protected":false},"excerpt":{"rendered":"<p>IT Tehnoloogia kiire arenguga \u00fchiskonnas on ettev\u00f5tte IT ja intellektuaalomandi s\u00fcgav m\u00f5istmine Jaapani ettev\u00f5ttejuristide jaoks h\u00e4davajalik. Meie firma tugevus peitub meie selles valdkonnas spetsiali [&hellip;]<\/p>\n","protected":false},"author":1,"featured_media":57140,"parent":0,"menu_order":0,"comment_status":"closed","ping_status":"closed","template":"non-other-page-temp.php","meta":{"footnotes":""},"acf":[],"_links":{"self":[{"href":"https:\/\/monolith.law\/et\/wp-json\/wp\/v2\/pages\/56075"}],"collection":[{"href":"https:\/\/monolith.law\/et\/wp-json\/wp\/v2\/pages"}],"about":[{"href":"https:\/\/monolith.law\/et\/wp-json\/wp\/v2\/types\/page"}],"author":[{"embeddable":true,"href":"https:\/\/monolith.law\/et\/wp-json\/wp\/v2\/users\/1"}],"replies":[{"embeddable":true,"href":"https:\/\/monolith.law\/et\/wp-json\/wp\/v2\/comments?post=56075"}],"version-history":[{"count":30,"href":"https:\/\/monolith.law\/et\/wp-json\/wp\/v2\/pages\/56075\/revisions"}],"predecessor-version":[{"id":64225,"href":"https:\/\/monolith.law\/et\/wp-json\/wp\/v2\/pages\/56075\/revisions\/64225"}],"wp:featuredmedia":[{"embeddable":true,"href":"https:\/\/monolith.law\/et\/wp-json\/wp\/v2\/media\/57140"}],"wp:attachment":[{"href":"https:\/\/monolith.law\/et\/wp-json\/wp\/v2\/media?parent=56075"}],"curies":[{"name":"wp","href":"https:\/\/api.w.org\/{rel}","templated":true}]}}