{"id":56080,"date":"2023-11-05T23:50:59","date_gmt":"2023-11-05T14:50:59","guid":{"rendered":"https:\/\/monolith.law\/et\/?page_id=56080"},"modified":"2024-08-14T15:39:42","modified_gmt":"2024-08-14T06:39:42","slug":"internet","status":"publish","type":"page","link":"https:\/\/monolith.law\/et\/internet","title":{"rendered":"Internet"},"content":{"rendered":"\n<section class=\"heading-area\">\n\t<div class=\"heading-area-inner\">\n\t\t<h2 class=\"icon-internet\">Internet<\/h2>\n\t\t<p>MONOLITH LAW OFFICE on \u00f5igusb\u00fcroo, millel on tugev IT-alane p\u00e4devus, ja meil on t\u00f5estatud kogemus internetit\u00f6\u00f6stuse ettev\u00f5tjate, sealhulgas YouTuberite, p\u00f5hjaliku \u00f5igusabi pakkumisel. Samuti oleme spetsialiseerunud vaidluste lahendamisele, mis on seotud veebiplatvormidega, ja oleme edukalt aidanud klientidel eemaldada negatiivseid veebilehti ja lahendada veebikonflikte.<\/p>\n\t<\/div>\n<\/section>\n\n<section class=\"white-section\">\n\t<div class=\"section-inner pdt0  border-bottom-section\">\n\t\t<p class=\"mgb-small\">MONOLITH LAW OFFICE&#8217;il on ulatuslik kogemus IT-\u00f5igusega seotud k\u00fcsimustes ja eriti hea oskus toetada internetip\u00f5hiseid ettev\u00f5tteid, sealhulgas YouTubereid ja YouTube&#8217;iga seotud tegevustega tegelevaid ettev\u00f5tteid.<\/p>\n\t\t<p>Me m\u00f5istame internetiga kaasnevaid riske, nagu negatiivsed veebilehed ja online-foorumite postitused. Meie firma on edukalt k\u00e4sitsenud arvukalt juhtumeid, mis on seotud online maine haldamisega, erinevate klientide jaoks alates eraisikutest kuni suurkorporatsioonideni. Negatiivsed veebilehed on Jaapanis ainulaadne \u00f5iguslik v\u00e4ljakutse ja meie kvalifitseeritud juristid on varustatud t\u00f5husate lahenduste pakkumiseks. Oleme innukad teiega konsulteerima, kasutades meie ekspertiisi ja kogemusi negatiivsete veebilehtedega seotud probleemide lahendamisel.<\/p>\n\t<\/div>\n<\/section>\n\n<section class=\"second-nav\">\n\t<div class=\"second-nav-inner\">\n\t\t<p>TEEMAD<\/p>\n\t\t<nav>\n\t\t\t<ul>\n\t\t\t\t<li><a href=\"#legal-support-for-youtuber\">\u00d5igusabi YouTuberitele<\/a><\/li>\n\t\t\t\t<li><a href=\"#legal-support-for-vtuber\">\u00d5igusabi VTuberitele<\/a><\/li>\n\t\t\t\t<li><a href=\"#manda-of-sns-accounts\">SNS-kontode M&amp;A<\/a><\/li>\n\t\t\t\t<li><a href=\"#mitigating-reputational-damage\">Mainekahju leevendamine<\/a><\/li>\n\t\t\t\t<li><a href=\"#id-of-the-defamatory-statement\">Laimus\u00f5numi tuvastamine<\/a><\/li>\n\t\t\t\t<li><a href=\"#corporate-reputation-management\">Ettev\u00f5tte maine haldamine<\/a><\/li>\n\t\t\t\t<li><a href=\"#removal-of-past-unwanted-info\">Ebasoovitava minevikuinfo eemaldamine<\/a><\/li>\n\t\t\t\t<li><a href=\"#monolith-law-magazine\">MONOLITH LAW MAGAZINE<\/a><\/li>\n\t\t\t\t<li><a href=\"#fee-structure\">Tasustruktuur<\/a><\/li>\n\t\t\t<\/ul>\n\t\t<\/nav>\n\t<\/div>\n<\/section>\n\n<section class=\"purple-section mgt-section\">\n\t<div class=\"anchor\" id=\"legal-support-for-youtuber\"><\/div>\n\t<div class=\"section-inner\">\n\t\t<div class=\"flex\">\n\t\t\t<div class=\"width41\"><img decoding=\"async\" src=\"\/wp-content\/themes\/monolith2021\/img\/pic\/pic_practices-youtuberlaw.jpg\" alt=\"\u00d5igusabi YouTuberitele\"><\/div>\n\t\t\t<div class=\"width51\">\n\t\t\t\t<h3>\u00d5iguslik tugi YouTuber&#8217;itele<\/h3>\n\t\t\t\t<p class=\"mgb-small\">YouTuber&#8217;ite agentuuride poolt hallatavad YouTube&#8217;i kanalid, ettev\u00f5tted, mis tegelevad virtuaalsete YouTuber&#8217;ite (VTuber&#8217;ite) haldamisega, ja \u00e4riettev\u00f5tted vajavad Jaapanis spetsialiseeritud teadmiste ja kogemustega \u00f5igusn\u00f5ustajaid.<\/p>\n\t\t\t\t<p class=\"mgb-middle\">Meie klientide hulka kuuluvad suuremad Jaapani YouTuber&#8217;ite haldamisega tegelevad ettev\u00f5tted, silmapaistvad individuaalsed YouTuber&#8217;id ja erinevad VTuber&#8217;ite \u00e4rijuhtimisega tegelevad ettev\u00f5tted \u00fcle kogu Jaapani. Pakume ka k\u00f5rgelt spetsialiseeritud tuge YouTuber&#8217;ite ja VTuber&#8217;itega seotud lepingute koostamisel ja \u00fclevaatamisel ning videote loomisega seotud \u00f5igusk\u00fcsimuste lahendamisel Jaapanis.<\/p>\n\t\t\t\t<div class=\"btn-area align-left\">\n\t\t\t\t\t<div class=\"btn icon-legal-support-for-youtuber\"><a href=\"\/et\/legal-support-for-youtuber\/\">\u00d5iguslik tugi<br> YouTuber&#8217;itele<\/a><\/div>\n\t\t\t\t<\/div>\n\t\t\t<\/div>\n\t\t<\/div>\n\t<\/div>\n<\/section>\n\n<section class=\"white-section\">\n\t<div class=\"anchor\" id=\"legal-support-for-vtuber\"><\/div>\n\t<div class=\"section-inner\">\n\t\t<div class=\"flex reverse\">\n\t\t\t<div class=\"width41\"><img decoding=\"async\" src=\"\/wp-content\/themes\/monolith2021\/img\/vtuberlaw\/pic_practices-vtuberlaw.jpg\" alt=\"Legal Support for VTuber\"><\/div>\n\t\t\t<div class=\"width51\">\n\t\t\t\t<h3>\u00d5iguslik tugi VTuberitele<\/h3>\n\t\t\t\t<p class=\"mgb-small\">VTuberite, YouTuberite populaarsus, kes kasutavad 2D v\u00f5i 3D avatare videote ja otse\u00fclekannete loomiseks, on kindlalt kinnistunud. See algas Jaapanis ja on n\u00fc\u00fcdseks levinud \u00fcle kogu maailma.<\/p>\n\t\t\t\t<p class=\"mgb-middle\">Alates 2017. aastast oleme tegeleme VTuberite \u00f5igusk\u00fcsimustega Jaapanis ning oleme kogunud rikkalikult kogemusi ja kindlat track recordit. Oleme t\u00e4ielikult p\u00fchendunud VTuberite ja nende seotud ettev\u00f5tete ning agentuuride igak\u00fclgsele toetamisele kogu maailmas.<\/p>\n\t\t\t\t<div class=\"btn-area align-left\">\n\t\t\t\t\t<div class=\"btn icon-legal-support-for-vtuber\"><a href=\"\/et\/legal-support-for-vtuber\/\">\u00d5iguslik tugi<br>VTuberitele<\/a><\/div>\n\t\t\t\t<\/div>\n\t\t\t<\/div>\n\t\t<\/div>\n\t<\/div>\n<\/section>\n\n<section class=\"white-section\">\n\t<div class=\"anchor\" id=\"manda-of-sns-accounts\"><\/div>\n\t<div class=\"section-inner\">\n\t\t<div class=\"flex\">\n\t\t\t<div class=\"width41\"><img decoding=\"async\" src=\"\/wp-content\/themes\/monolith2021\/img\/pic\/pic_sns_manda.jpg\" alt=\"M&amp;A of SNS accounts\"><\/div>\n\t\t\t<div class=\"width51\">\n\t\t\t\t<h3>SNS kontode M&amp;A<\/h3>\n\t\t\t\t<p class=\"mgb-small\">Nagu veebisaitide puhul, on ka YouTube&#8217;i kanalid ja Twitteri kontod M&amp;A teemaks. Kuid kuna need M&amp;Ad on erijuhtumid, on vaja \u00f5igusb\u00fcrood, millel on spetsialiseeritud teadmised ja oskusteave. Monolith Law Office on \u00f5igusb\u00fcroo, mis on spetsialiseerunud IT-le, internetile ja \u00e4ritegevusele. Meie juristid tegelevad k\u00f5igega alates lepingute koostamisest kuni due diligence&#8217;i (DD) l\u00e4biviimiseni paljude M&amp;A-de puhul, alates v\u00e4ikestest projektidest, mis h\u00f5lmavad YouTube&#8217;i kanaleid, kuni projektideni, mis \u00fcletavad 100 miljonit jeeni.<\/p>\n\t\t\t\t<div class=\"btn-area align-left\">\n\t\t\t\t\t<div class=\"btn icon-m-and-a-of-sns-accounts\"><a href=\"\/et\/m-and-a-of-sns-accounts\/\">SNS kontode M&amp;A<\/a><\/div>\n\t\t\t\t<\/div>\n\n\t\t\t<\/div>\n\t\t<\/div>\n\t<\/div>\n<\/section>\n\n<section class=\"purple-section\">\n\t<div class=\"anchor\" id=\"mitigating-reputational-damage\"><\/div>\n\t<div class=\"section-inner\">\n\t\t<div class=\"flex reverse\">\n\t\t\t<div class=\"width41\"><img decoding=\"async\" src=\"\/wp-content\/themes\/monolith2021\/img\/pic\/pic_practices-reputation.jpg\" alt=\"Maine kahjustamise leevendamine\"><\/div>\n\t\t\t<div class=\"width51\">\n\t\t\t\t<h3>Maine kahjustuste leevendamine<\/h3>\n\t\t\t\t<p class=\"mgb-small\">Negatiivsed veebilehed, mis r\u00fcndavad ettev\u00f5tteid v\u00f5i \u00fcksikisikuid, v\u00f5ivad nende mainele kahjulikult m\u00f5juda. Siiski pakub Jaapani seadusandlus v\u00f5imalusi selliste veebilehtede eemaldamiseks, kui need kujutavad endast laimu v\u00f5i privaatsuse rikkumist. MONOLITH LAW OFFICE&#8217;is oleme spetsialiseerunud internetiga seotud \u00f5igusk\u00fcsimustele ja oleme edukalt lahendanud arvukalt juhtumeid, mis on seotud kahjuliku teabe eemaldamisega internetist.<\/p>\n\t\t\t\t<p class=\"mgb-middle\">T\u00e4nu meie tugevale kogemusele internetis ja s\u00fcgavale m\u00f5istmisele Jaapani \u00f5igusp\u00f5him\u00f5tetest on meie p\u00fchendunud meeskond aidanud laia klientide ringi, sealhulgas suuri korporatsioone ja \u00fcksikisikuid, t\u00f5husalt v\u00f5idelda negatiivsete veebilehtede vastu. Strateegiliste \u00f5iguslike sekkumiste kaudu t\u00f6\u00f6tame usinalt selle nimel, et kaitsta meie klientide mainet ja leevendada laimu v\u00f5i privaatsust rikkuvate sisude p\u00f5hjustatud kahju.<\/p>\n\t\t\t\t<div class=\"btn-area align-left\">\n\t\t\t\t\t<div class=\"btn icon-mitigating-reputational-damage\"><a href=\"\/et\/mitigating-reputational-damage\/\">Maine kahjustuste leevendamine<\/a><\/div>\n\t\t\t\t<\/div>\n\t\t\t<\/div>\n\t\t<\/div>\n\t<\/div>\n<\/section>\n\n<section class=\"white-section\">\n\t<div class=\"anchor\" id=\"id-of-the-defamatory-statement\"><\/div>\n\t<div class=\"section-inner\">\n\t\t<div class=\"flex\">\n\t\t\t<div class=\"width41\"><img decoding=\"async\" src=\"\/wp-content\/themes\/monolith2021\/img\/pic\/pic_reputation.jpg\" alt=\"Laimava avalduse allika ID\"><\/div>\n\t\t\t<div class=\"width51\">\n\t\t\t\t<h3>Laimuva v\u00e4ite ID<\/h3>\n\t\t\t\t<p class=\"mgb-small\">Jaapani seaduse kohaselt saab ebaseaduslike postituste, nagu n\u00e4iteks laim, eest vastutavate isikute tuvastamist taotleda Provider Liability Limitation Act&#8217;i (Teenusepakkuja Vastutuse Piiramise Seaduse) s\u00e4tete kaudu. See \u00f5iguslik protseduur viiakse l\u00e4bi Jaapani kohtus.<\/p>\n\t\t\t\t<p class=\"mgb-middle\">Juhtudel, kus on tegemist \u00e4\u00e4rmiselt pahatahtlike postitustega, mida ei saa eirata, nagu n\u00e4iteks valev\u00e4ited, mis seovad ettev\u00f5tte omanikku antisotsiaalsete j\u00f5ududega, on oluline tuvastada s\u00fc\u00fcdlased ja taotleda asjakohaseid \u00f5iguslikke sanktsioone. Lisaks, kui ebaseaduslikud postitused esinevad pidevalt, tuleks teha j\u00f5upingutusi nende tuvastamiseks ja kordumise v\u00e4ltimiseks.<\/p>\n\t\t\t\t<div class=\"btn-area align-left\">\n\t\t\t\t\t<div class=\"btn icon-id-of-the-defamatory-statement\"><a href=\"\/et\/id-of-the-defamatory-statement\/\">Laimuva v\u00e4ite ID<\/a><\/div>\n\t\t\t\t<\/div>\n\t\t\t<\/div>\n\t\t<\/div>\n\t<\/div>\n<\/section>\n\n<section class=\"orange-section\">\n\t<div class=\"anchor\" id=\"corporate-reputation-management\"><\/div>\n\t<div class=\"section-inner\">\n\t\t<div class=\"flex reverse\">\n\t\t\t<div class=\"width41\"><img decoding=\"async\" src=\"\/et\/wp-content\/uploads\/sites\/6\/2023\/06\/pic_practices-listedcompany.jpg\" alt=\"Ettev\u00f5tte maine haldamine\"><\/div>\n\t\t\t<div class=\"width51\">\n\t\t\t\t<h3>Ettev\u00f5tte maine haldamine<\/h3>\n\t\t\t\t<p class=\"mgb-small\">Kui suur ettev\u00f5te seisab silmitsi mainekahjuga, mis on tingitud arvukatest negatiivsetest veebilehtedest internetis, muutub probleemi lahendamine keeruliseks. Milliste lehtede eemaldamisele prioriteet anda ja eemaldamise kulut\u00f5hususe hindamine on olulised v\u00e4ljakutsed. Kui \u00f5igusb\u00fcroo, mis on varustatud nii \u00f5igusalase ekspertiisi kui ka IT-n\u00f5ustamisega, pakume keerukatele probleemstsenaariumidele kohandatud terviklahendusi.<\/p>\n\t\t\t\t<p>Meie advokaatide ja IT-konsultantide meeskond pakub ekspertiisi prioriteetide seadmises, v\u00f5tmetulemusn\u00e4itajate (KPI-de) kujundamises ja kulutasuvuse hindamises seoses eelarve jaotamisega. Me l\u00e4heneme olukorrale sarnaselt konsultatsioonifirmadele, pakkudes strateegilist juhendamist ja anal\u00fc\u00fcsi, et protsessi t\u00f5husalt juhtida.<\/p>\n\t\t\t<\/div>\n\t\t<\/div>\n\t<\/div>\n<\/section>\n\n<section class=\"white-section\">\n\t<div class=\"anchor\" id=\"removal-of-past-unwanted-info\"><\/div>\n\t<div class=\"section-inner\">\n\t\t<div class=\"flex\">\n\t\t\t<div class=\"width41\"><img decoding=\"async\" src=\"\/en\/wp-content\/uploads\/sites\/6\/2023\/06\/pastunwantedcontent.jpg\" alt=\"Eemaldamine mineviku soovimatust sisust\"><\/div>\n\t\t\t<div class=\"width51\">\n\t\t\t\t<h3>Eemaldamine mineviku soovimatutest andmetest<\/h3>\n\t\t\t\t<p class=\"mgb-small\">MONOLITH LAW OFFICE on spetsialiseerunud online-kohalolu haldamise probleemide lahendamisele, eriti meelelahutust\u00f6\u00f6stuses osalevate isikute jaoks. Me m\u00f5istame, et nii ametlik kui ka mitteametlik teave v\u00f5ib avaldada pikaajalist m\u00f5ju isiklikule ja professionaalsele elule. Meie b\u00fcroo pakub neile muredele lahendusi, kasutades ainulaadset \u00f5igusalaste teadmiste ja infotehnoloogia kombinatsiooni. Olgu selleks soovimatu sisu eemaldamine, digitaalsete j\u00e4lgede haldamine v\u00f5i &#8220;\u00f5iguse unustatud olemise&#8221; k\u00fcsimuste lahendamine, pakume \u00fche peatuse lahendust teie online-maine kaitsmiseks.<\/p>\n\t\t\t\t<p>Usaldage oma privaatsuse kaitsmiseks ja sujuvaks \u00fcleminekuks tulevastele ettev\u00f5tmistele MONOLITH LAW OFFICE&#8217;ile.<\/p>\n\t\t\t<\/div>\n\t\t<\/div>\n\t<\/div>\n<\/section>\n\n<section class=\"purple2-section\">\n\t<div class=\"anchor\" id=\"monolith-law-magazine\"><\/div>\n\t<div class=\"section-inner\">\n\t\t    <section class=\"white-section temp-article\">\n        <div class=\"section-inner\">\n            <h4>MONOLITH LAW MAGAZINE<\/h4>\n            <div class=\"articles type_practice_column\">\n                                                                    <div class=\"article article-area\">\n                        <figure>\n                            <div class=\"img-wrap\">\n                                <img alt=\"Kui kaugele on lubatud kaubam\u00e4rgi sarnasus? Selgitame sarnasuse kriteeriume ja kaubam\u00e4rgi\u00f5iguse rikkumise juhtumeid\" src=\"https:\/\/monolith.law\/et\/wp-content\/uploads\/sites\/36\/2025\/08\/eac576e0765af2cac6d210d899b2d93d.webp\" width=\"500\" height=\"250\">\n                            <\/div>\n                            <figcaption>\n                                <div class=\"figcaption-inner\">\n                                    <h3>Kui kaugele on lubatud kaubam\u00e4rgi sarnasus? Selgitame sarnasuse kriteeriume ja k.<\/h3>\n                                <\/div>\n                            <\/figcaption>\n                            <a href=\"https:\/\/monolith.law\/et\/internet\/trademark-infringement\"><\/a>\n                        <\/figure>\n                    <\/div>\n                                                    <div class=\"article article-area\">\n                        <figure>\n                            <div class=\"img-wrap\">\n                                <img alt=\"Milline on \u00f5iguslik vastutus valeinfo levitamise ja laialikandmise eest? Selgitame kahte kriminaalvastutuse liiki arestimise n\u00e4idete p\u00f5hjal.\" src=\"https:\/\/monolith.law\/et\/wp-content\/uploads\/sites\/36\/2025\/08\/7d8b9299c2a15a801c04913ba0d80d99.webp\" width=\"500\" height=\"250\">\n                            <\/div>\n                            <figcaption>\n                                <div class=\"figcaption-inner\">\n                                    <h3>Milline on \u00f5iguslik vastutus valeinfo levitamise ja laialikandmise eest? Selgita.<\/h3>\n                                <\/div>\n                            <\/figcaption>\n                            <a href=\"https:\/\/monolith.law\/et\/internet\/false-information-criminal-liability\"><\/a>\n                        <\/figure>\n                    <\/div>\n                                                    <div class=\"article article-area\">\n                        <figure>\n                            <div class=\"img-wrap\">\n                                <img alt=\"Patendi\u00f5iguse rikkumise ja territooriumip\u00f5him\u00f5tte t\u00e4htsuse \u00f5ppimine Dwango ja FC2 kohtuasja n\u00e4itel\" src=\"https:\/\/monolith.law\/et\/wp-content\/uploads\/sites\/36\/2025\/08\/3d197fbdd689457ec22de396ff65b2df.webp\" width=\"500\" height=\"250\">\n                            <\/div>\n                            <figcaption>\n                                <div class=\"figcaption-inner\">\n                                    <h3>Patendi\u00f5iguse rikkumise ja territooriumip\u00f5him\u00f5tte t\u00e4htsuse \u00f5ppimine Dwango ja FC.<\/h3>\n                                <\/div>\n                            <\/figcaption>\n                            <a href=\"https:\/\/monolith.law\/et\/internet\/patent-infringement-territoriality\"><\/a>\n                        <\/figure>\n                    <\/div>\n                                            <\/div>\n            <div class=\"btn-more\"><a href=\"https:\/\/monolith.law\/et\/tag\/internet\">Read More<\/a><\/div>\n        <\/div>\n    <\/section>\n\t<\/div>\n<\/section>\n\n<section class=\"orange2-section\">\n\t<div class=\"anchor\" id=\"fee-structure\"><\/div>\n\t<div class=\"section-inner\">\n\t<div class=\"planWrap\">\n\t<h3>Tasustamise struktuur<\/h3>\n\t<ul class=\"plan\">\n\t\t<li class=\"txt-left\">\n\t\t\t<div class=\"plan-inner\">\n\t\t\t<div class=\"plan-header\">\n\t\t\t<h4 class=\"plan-title\">Tunnitasu<\/h4>\n\t\t\t<div class=\"plan-price\"><span class=\"price-figure\">$300<\/span>tunnis<span class=\"price-tax\"> <\/span><\/div>\n\t\t\t<\/div>\n\t\t\t<div class=\"plan-body\">Teatud juhtudel v\u00f5ime kaaluda vaidluse v\u00f5i kohtuasja vastuv\u00f5tmist algatasu ja edutasuga. Lisateabe saamiseks v\u00f5tke meiega julgelt \u00fchendust.<\/div>\n\t\t\t<\/div>\n\t\t<\/li>\n\t\t<li class=\"txt-left\">\n\t\t\t<div class=\"plan-inner\">\n\t\t\t<div class=\"plan-header\">\n\t\t\t<h4 class=\"plan-title\">Lepingute koostamine<\/h4>\n\t\t\t<div class=\"plan-price\"><span class=\"price-value\">alates<\/span><span class=\"price-figure\">$500<\/span><span class=\"price-value\">kuni $2,000 v\u00f5i rohkem<\/span><span class=\"price-tax\"><\/span><\/div>\n\t\t\t<\/div>\n\t\t\t<div class=\"plan-body\">Hinnastamise struktuur v\u00f5ib varieeruda s\u00f5ltuvalt lepingute t\u00fc\u00fcbist ja mahust. Meil on hea meel pakkuda esialgset hinnangut p\u00e4ringu alusel, seega julgustame teid meiega \u00fchendust v\u00f5tma t\u00e4iendavate \u00fcksikasjade saamiseks.<\/div>\n\t\t\t<\/div>\n\t\t<\/li>\n\t\t<li class=\"txt-left\">\n\t\t\t<div class=\"plan-inner\">\n\t\t\t<div class=\"plan-header\">\n\t\t\t<h4 class=\"plan-title\">Muud teenused<\/h4>\n\t\t\t<div class=\"plan-price\"><span class=\"price-figure\">V\u00f5tke meiega \u00fchendust<\/span><\/div>\n\t\t\t<\/div>\n\t\t\t<div class=\"plan-body\">Pakume laia valikut teenuseid, sealhulgas ettev\u00f5tte asutamine, lepingute \u00fclevaatus, \u00f5igusarvamused, juhtumite \u00fclevaade v\u00f5i uurimiskirjad. Kui teil on k\u00fcsimusi v\u00f5i muresid, kutsume teid s\u00fcdamest meiega \u00fchendust v\u00f5tma ja meie asjatundlik meeskond on teile hea meelega abiks.<\/div>\n\t\t\t<\/div>\n\t\t\t<\/div>\n\t\t<\/li>\n\t<\/ul>\n\t<\/div>\n\t<\/div>\n<\/section>\n\n<section class=\"white-section\">\n\t<div class=\"section-inner\">\n\t\t<div class=\"btn-area\">\n\t\t\t<div class=\"btn icon-contact\"><a href=\"\/et\/contact\">V\u00f5tke meiega \u00fchendust<\/a><\/div>\n\t\t<\/div>\n\t<\/div>\n<\/section>\n","protected":false},"excerpt":{"rendered":"<p>Internet MONOLITH LAW OFFICE on \u00f5igusb\u00fcroo, millel on tugev IT-alane p\u00e4devus, ja meil on t\u00f5estatud kogemus internetit\u00f6\u00f6stuse ettev\u00f5tjate, sealhulgas YouTuberite, p\u00f5hjaliku \u00f5igusabi pakkumisel. Samuti  [&hellip;]<\/p>\n","protected":false},"author":1,"featured_media":57159,"parent":0,"menu_order":0,"comment_status":"closed","ping_status":"closed","template":"other-page-temp.php","meta":{"footnotes":""},"acf":[],"_links":{"self":[{"href":"https:\/\/monolith.law\/et\/wp-json\/wp\/v2\/pages\/56080"}],"collection":[{"href":"https:\/\/monolith.law\/et\/wp-json\/wp\/v2\/pages"}],"about":[{"href":"https:\/\/monolith.law\/et\/wp-json\/wp\/v2\/types\/page"}],"author":[{"embeddable":true,"href":"https:\/\/monolith.law\/et\/wp-json\/wp\/v2\/users\/1"}],"replies":[{"embeddable":true,"href":"https:\/\/monolith.law\/et\/wp-json\/wp\/v2\/comments?post=56080"}],"version-history":[{"count":28,"href":"https:\/\/monolith.law\/et\/wp-json\/wp\/v2\/pages\/56080\/revisions"}],"predecessor-version":[{"id":65984,"href":"https:\/\/monolith.law\/et\/wp-json\/wp\/v2\/pages\/56080\/revisions\/65984"}],"wp:featuredmedia":[{"embeddable":true,"href":"https:\/\/monolith.law\/et\/wp-json\/wp\/v2\/media\/57159"}],"wp:attachment":[{"href":"https:\/\/monolith.law\/et\/wp-json\/wp\/v2\/media?parent=56080"}],"curies":[{"name":"wp","href":"https:\/\/api.w.org\/{rel}","templated":true}]}}