{"id":25864,"date":"2023-11-11T23:30:39","date_gmt":"2023-11-11T14:30:39","guid":{"rendered":"https:\/\/monolith.law\/?page_id=25864"},"modified":"2024-02-07T16:40:20","modified_gmt":"2024-02-07T07:40:20","slug":"access","status":"publish","type":"page","link":"https:\/\/monolith.law\/fi\/access","title":{"rendered":"P\u00e4\u00e4sy"},"content":{"rendered":"\n<section class=\"heading-area\">\n\t<div class=\"heading-area-inner\">\n\t\t<h2 class=\"icon-access\">P\u00e4\u00e4sy<\/h2>\n\t<\/div>\n<\/section>\n<section class=\"second-nav\">\n\t<div class=\"second-nav-inner\">\n\t\t<p>AIHEET<\/p>\n\t\t<nav>\n\t\t\t<ul>\n\t\t\t\t<li><a href=\"#law-firm-with-strength-in-it-internet-and-business\">Lakitoimisto, jolla on vahvuudet IT:ss\u00e4, Internetiss\u00e4 ja liiketoiminnassa<\/a><\/li>\n\t\t\t\t<li><a href=\"#access-map\">P\u00e4\u00e4sykartta<\/a><\/li>\n\t\t\t\t<li><a href=\"#expansion-and-relocation-to-otemachi-financial-city\">Laajentuminen ja siirtyminen Otemachi Financial Cityyn<\/a><\/li>\n\t\t\t<\/ul>\n\t\t<\/nav>\n\t<\/div>\n<\/section>\n<section class=\"white-section\">\n\t<div class=\"anchor\" id=\"law-firm-with-strength-in-it-internet-and-business\"><\/div>\n\t<div class=\"section-inner\">\n\t\t<div class=\"flex\">\n\t\t\t<div class=\"width41\"><img decoding=\"async\" src=\"\/wp-content\/themes\/monolith2021\/img\/access\/access_pic1.jpg\" alt=\"Lakitoimisto, jolla on vahvuudet IT:ss\u00e4, Internetiss\u00e4 ja liiketoiminnassa\"><\/div>\n\t\t\t<div class=\"width51\">\n\t\t\t\t<h3>Lakitoimisto, jolla on vahvuutena<br>IT, internet ja liiketoiminta.<\/h3>\n\t\t\t\t<p class=\"mgb-small\">MONOLITH LAW OFFICE on lakitoimisto, joka sijaitsee Otemachissa, Chiyoda-ku:ssa, Tokiossa, Japanissa. Se on suoraan yhteydess\u00e4 Otemachin asemaan ja seitsem\u00e4n minuutin k\u00e4velymatkan p\u00e4\u00e4ss\u00e4 Tokion asemalta.<\/p>\n\t\t\t\t<p class=\"mgb-small\">Olemme toimineet oikeudellisina neuvonantajina (mukaan lukien erilaiset sopimukset johtajien, toimitusjohtajien ym. kanssa) 1087 yritykselle, jotka vaihtelevat TSE prime -listattuista yrityksist\u00e4 siemenasteen kasvuyrityksiin. IT-\/internet-oikeudellinen ty\u00f6mme sis\u00e4lt\u00e4\u00e4 mainehaittojen ehk\u00e4isemisen, kunnianloukkausten vastaisen ty\u00f6n ja j\u00e4rjestelm\u00e4kehitykseen liittyvien riitojen ratkaisemisen. Tarjoamme my\u00f6s oikeudellisia palveluita startup-yrityksille, joihin kuuluu sijoituksia 100 miljoonaa jeni\u00e4 tai enemm\u00e4n TSE-listatuilta yrityksilt\u00e4 ja venture-yritysten M&#038;A. Olemme t\u00e4h\u00e4n menness\u00e4 tarjonneet oikeudellisia palveluita 1855 asiakkaalle.<\/p>\n\t\t\t\t<p class=\"mgb-middle\">&#8220;IT:n ja liiketoiminnan ymm\u00e4rt\u00e4minen&#8221; on se, mik\u00e4 tekee meist\u00e4 erityisi\u00e4.<\/p>\n\t\t\t\t<div class=\"btn-area\">\n\t\t\t\t\t<div class=\"btn icon-services\"><a href=\"\/fi\/services\">Palvelut<\/a><\/div>\n\t\t\t\t\t<div class=\"btn icon-overview-of-our-firm\"><a href=\"\/fi\/overview-of-our-firm\">Toimistomme esittely<\/a><\/div>\n\t\t\t\t<\/div>\n\t\t\t<\/div>\n\t\t<\/div>\n\t<\/div>\n<\/section>\n<section class=\"purple-section\">\n\t<div class=\"anchor\" id=\"access-map\"><\/div>\n\t<div class=\"section-inner\">\n\t\t<div class=\"flex reverse\">\n\t\t\t<div class=\"width41\"><img decoding=\"async\" src=\"\/wp-content\/themes\/monolith2021\/img\/about\/about_pic2.jpg\" alt=\"MONOLITH LAW OFFICE\"><\/div>\n\t\t\t<div class=\"width51\">\n\t\t\t\t<h3>MONOLITH LAW OFFICE (Otemachin toimisto)<\/h3>\n\t\t\t\t<p><a href=\"https:\/\/goo.gl\/maps\/YfcgPhBgXFyg1hHF6\" target=\"_blank\" rel=\"noopener noreferrer\">21\/F Financial City North Tower 1-9-5 Otemachi, Chiyoda-ku Tokyo 100-0004, Japan <\/a><\/p>\n\t\t\t\t<p>Tokion metro: Marunouchin linja, Tozain linja, Chiyodan linja, Hanzomonin linja, Toein metro: Mitan linja<\/p>\n\t\t\t\t<p class=\"mgb-small\"><a href=\"https:\/\/www.tokyometro.jp\/station\/otemachi\/yardmap\/index.html\" target=\"_blank\" rel=\"noopener noreferrer\">Suora yhteys Otemachin aseman A1-ulostulosta<\/a><\/p>\n\t\t\t\t<p>Shinkansen: Tohokun Shinkansen, Joetsun Shinkansen, Hokurikun Shinkansen, Hokkaidon Shinkansen, Yamagatan Shinkansen, Akitan Shinkansen; JR:n Tokaidon linja, Keihin-Tohokun linja, Yamanoten linja, Chuon linja, Yokosukan linja, Keiyon linja; Tokion metro: Marunouchin linja<\/p>\n\t\t\t\t<p class=\"mgb-small\"><a href=\"https:\/\/www.tokyometro.jp\/station\/tokyo\/index.html\" target=\"_blank\" rel=\"noopener noreferrer\">7 minuutin k\u00e4velymatka Tokion aseman Marunouchin pohjoisulostulosta<\/a><\/p>\n\t\t\t\t<p>Otemachin Financial Cityn pys\u00e4k\u00f6intialue<\/p>\n\t\t\t\t<p class=\"mgb-middle\"><a href=\"https:\/\/www.otemachi-financialcity.jp\/access\/\">1-9-5, 1-9-7, Otemachi, Chiyoda-ku, Tokyo<\/a><\/p>\n\t\t\t\t<div class=\"btn-area align-left\">\n\t\t\t\t\t<div class=\"btn icon-contact\"><a href=\"\/fi\/contact\">Ota yhteytt\u00e4<\/a><\/div>\n\t\t\t\t<\/div>\n\t\t\t<\/div>\n\t\t<\/div>\n\t<\/div>\n<\/section>\t \n<section class=\"google-maps\"><iframe src=\"https:\/\/www.google.com\/maps\/embed?pb=!1m14!1m8!1m3!1d6480.976676769898!2d139.7597063!3d35.6895987!3m2!1i1024!2i768!4f13.1!3m3!1m2!1s0x60188cec724a6ae9%3A0x6efbadeb18528c88!2sMonolith%20Law%20Office!5e0!3m2!1sfi!2sjp!4v1707291588596!5m2!1sfi!2sjp\" width=\"600\" height=\"450\" style=\"border:0;\" allowfullscreen=\"\" loading=\"lazy\" referrerpolicy=\"no-referrer-when-downgrade\"><\/iframe><\/section>\n<section class=\"white-section\">\n\t<div class=\"anchor\" id=\"expansion-and-relocation-to-otemachi-financial-city\"><\/div>\n\t<div class=\"section-inner\">\n\t\t<div class=\"flex\">\n\t\t\t<div class=\"width41\"><img decoding=\"async\" src=\"\/wp-content\/uploads\/2022\/11\/financialcity.jpg\" alt=\"Laajennus ja muutto Otemachin Financial Cityyn\"><\/div>\n\t\t\t<div class=\"width51\">\n\t\t\t\t<h3>Laajentuminen ja muutto Otemachi Financial Cityyn<\/h3>\n\t\t\t\t<p class=\"mgb-small\">Avattuamme toimistomme Yotsuyassa, Shinjuku-ku:ssa, Tokiossa maaliskuussa 2017, MONOLITH LAW OFFICE siirtyi Otemachiin (Asahi Seimei Otemachi -rakennus) elokuussa 2018 kiitos teid\u00e4n tukenne, ja se rekister\u00f6itiin lakitoimistoksi maaliskuussa 2020. Joulukuussa 2020 avasimme sivutoimiston samassa rakennuksessa Otemachi-toimistomme kanssa (Asahi Seimei Otemachi -rakennus).<\/p>\n\t\t\t\t<p class=\"mgb-small\">Sitten, syyskuussa 2022, laajensimme ja muutimme Otemachi Financial Cityyn.<\/p>\n\t\t\t\t<p class=\"mgb-small\">Odotamme innolla yhteisty\u00f6t\u00e4 kanssanne.<\/p>\n\t\t\t<\/div>\n\t\t<\/div>\n\t<\/div>\n<\/section>\n","protected":false},"excerpt":{"rendered":"<p>P\u00e4\u00e4sy AIHEET Lakitoimisto, jolla on vahvuudet IT:ss\u00e4, Internetiss\u00e4 ja liiketoiminnassa P\u00e4\u00e4sykartta Laajentuminen ja siirtyminen Otemachi Financial Cityyn Lakitoimisto, jolla on vahvuutenaIT, internet  [&hellip;]<\/p>\n","protected":false},"author":1,"featured_media":57041,"parent":0,"menu_order":10,"comment_status":"closed","ping_status":"closed","template":"other-page-temp.php","meta":{"footnotes":""},"acf":[],"_links":{"self":[{"href":"https:\/\/monolith.law\/fi\/wp-json\/wp\/v2\/pages\/25864"}],"collection":[{"href":"https:\/\/monolith.law\/fi\/wp-json\/wp\/v2\/pages"}],"about":[{"href":"https:\/\/monolith.law\/fi\/wp-json\/wp\/v2\/types\/page"}],"author":[{"embeddable":true,"href":"https:\/\/monolith.law\/fi\/wp-json\/wp\/v2\/users\/1"}],"replies":[{"embeddable":true,"href":"https:\/\/monolith.law\/fi\/wp-json\/wp\/v2\/comments?post=25864"}],"version-history":[{"count":28,"href":"https:\/\/monolith.law\/fi\/wp-json\/wp\/v2\/pages\/25864\/revisions"}],"predecessor-version":[{"id":65457,"href":"https:\/\/monolith.law\/fi\/wp-json\/wp\/v2\/pages\/25864\/revisions\/65457"}],"wp:featuredmedia":[{"embeddable":true,"href":"https:\/\/monolith.law\/fi\/wp-json\/wp\/v2\/media\/57041"}],"wp:attachment":[{"href":"https:\/\/monolith.law\/fi\/wp-json\/wp\/v2\/media?parent=25864"}],"curies":[{"name":"wp","href":"https:\/\/api.w.org\/{rel}","templated":true}]}}