{"id":30628,"date":"2023-11-07T23:40:08","date_gmt":"2023-11-07T14:40:08","guid":{"rendered":"https:\/\/monolith.law\/?page_id=30628"},"modified":"2024-02-07T17:18:38","modified_gmt":"2024-02-07T08:18:38","slug":"contract-drafting-and-review","status":"publish","type":"page","link":"https:\/\/monolith.law\/fi\/contract-drafting-and-review","title":{"rendered":"Sopimusten Laatiminen ja Tarkastus"},"content":{"rendered":"\n<section class=\"heading-area\">\n\t<div class=\"heading-area-inner\">\n\t\t<h2 class=\"icon-contract-drafting-and-review\">Sopimusten Laatiminen ja Tarkastus<\/h2>\n\t\t<p>Neuvonantajina IT- ja startup-yrityksille, ja ajoittain IT-neuvonantajina suuryrityksille, laadimme ja tarkastelemme monenlaisia erikoistuneita IT-alan sopimuksia. Tavoitteenamme on varmistaa vahva asema Japanin nopeasti muuttuvassa liiketoimintaymp\u00e4rist\u00f6ss\u00e4.<\/p>\n\t<\/div>\n<\/section>\n<section class=\"white-section mgb-section\">\n\t<div class=\"section-inner pdt0 border-bottom-section\">\n\t\t<p>MONOLITH LAW OFFICE toimii oikeudellisena neuvonantajana japanilaisille IT- ja startup-yrityksille erilaisten sopimusten yhteydess\u00e4, mukaan lukien ulkoistamissopimukset, jotka liittyv\u00e4t heid\u00e4n ulkoistettuihin toimintoihinsa, tuotteiden k\u00e4ytt\u00f6- ja agentuuri-sopimukset, sijoitussopimukset ja osakassopimukset p\u00e4\u00e4omasuhteisiin liittyvin\u00e4 sopimuksina sek\u00e4 ty\u00f6sopimukset yritykseen liittyvin\u00e4 sopimuksina. Toimimme my\u00f6s IT-oikeuden asiantuntijoina japanilaisille liikeyrityksille.<br>Lis\u00e4ksi toimiessamme IT-oikeuden asiantuntijoina toimintayrityksille, laadimme ja tarkastelemme sopimuksia, jotka liittyv\u00e4t uusiin IT-alan liiketoimintoihin, IT-yrityksille ulkoistettuihin sopimuksiin ja muihin sopimuksiin.<\/p>\n\t<\/div>\n<\/section>\n<section class=\"white-section\">\n\t<div class=\"section-inner pdt0\">\n\t\t<h3 class=\"ttl-enjp mgb-middle\"><span class=\"en\"><\/span><span class=\"ja\">MONOLITH LAW OFFICEn Erityispiirteet<\/span><\/h3>\n\t\t<ol class=\"practices-list\">\n\t\t\t<li>\n\t\t\t\t<h4><img decoding=\"async\" src=\"\/wp-content\/themes\/monolith_en\/img\/practices\/practices_1_1.svg\" alt=\"1. Start-up Oikeudelliset Palvelut\"><\/h4>\n\t\t\t\t<img decoding=\"async\" src=\"\/wp-content\/themes\/monolith2021\/img\/practices\/practices_1_1_pic.png\" alt=\"Start-up Oikeudelliset Palvelut\">\n\t\t\t\t<p>Meill\u00e4 on laaja kokemus oikeudellisista palveluista, jotka liittyv\u00e4t liiketoimintaan ja p\u00e4\u00e4oma-asioihin, mukaan lukien varainhankinta, liiketoiminnan siirrot ja yritysostot Japanissa.<\/p>\n\t\t\t<\/li>\n\t\t\t<li>\n\t\t\t\t<h4><img decoding=\"async\" src=\"\/wp-content\/themes\/monolith_en\/img\/practices\/practices_1_2.svg\" alt=\"2. IT ja Immateriaalioikeuden Oikeudelliset Palvelut\"><\/h4>\n\t\t\t\t<img decoding=\"async\" src=\"\/wp-content\/themes\/monolith2021\/img\/practices\/practices_1_2_pic.png\" alt=\"IT ja Immateriaalioikeuden Oikeudelliset Palvelut\">\n\t\t\t\t<p>Lakimiehemme, mukaan lukien perustajamme, joka on entinen insin\u00f6\u00f6ri, pyrkiv\u00e4t ymm\u00e4rt\u00e4m\u00e4\u00e4n tuotteesi syv\u00e4llisesti, joskus jopa lukemalla koodia.<\/p>\n\t\t\t<\/li>\n\t\t\t<li>\n\t\t\t\t<h4><img decoding=\"async\" src=\"\/wp-content\/themes\/monolith_en\/img\/practices\/practices_1_3.svg\" alt=\"3. Nopeus\"><\/h4>\n\t\t\t\t<img decoding=\"async\" src=\"\/wp-content\/themes\/monolith2021\/img\/practices\/practices_1_3_pic.png\" alt=\"Nopeus\">\n\t\t\t\t<p>Ymm\u00e4rr\u00e4mme nopean vastauksen t\u00e4rkeyden liiketoimintatarpeisiisi, ja yleens\u00e4 vastaamme yhden ty\u00f6p\u00e4iv\u00e4n kuluessa.<\/p>\n\t\t\t<\/li>\n\t\t\t<li>\n\t\t\t\t<h4><img decoding=\"async\" src=\"\/wp-content\/themes\/monolith_en\/img\/practices\/practices_1_4.svg\" alt=\"4. Pienille ja keskisuurille yrityksille suunnatut yritysjuridiset palvelut\"><\/h4>\n\t\t\t\t<img decoding=\"async\" src=\"\/wp-content\/themes\/monolith2021\/img\/practices\/practices_1_4_pic.png\" alt=\"Pienille ja keskisuurille yrityksille suunnatut yritysjuridiset palvelut\">\n\t\t\t\t<p>Perustajajuristimme, jolla on kokemusta japanilaisesta yritysjohtamisesta, ymm\u00e4rt\u00e4\u00e4 liiketoiminnan haasteet.<\/p>\n\t\t\t<\/li>\n\t\t<\/ol>\n\t<\/div>\n<\/section>\n<section class=\"second-nav\">\n\t<div class=\"second-nav-inner\">\n\t\t<p>AIHEET<\/p>\n\t\t<nav>\n\t\t\t<ul>\n\t\t\t\t<li><a href=\"#our-experience-in-contract-drafting-etc\">Kokemuksemme sopimusten laatimisesta jne.<\/a><\/li>\n\t\t\t\t<li><a href=\"#handling-more-than-3000-contracts-per-year-as-an-organization\">Yli 3 000 sopimuksen k\u00e4sittely vuodessa organisaationa<\/a><\/li>\n\t\t\t\t<li><a href=\"#IT\">IT<\/a><\/li>\n\t\t\t\t<li><a href=\"#extensive-experience-in-investment-contracts-etc\">Laaja kokemus investointisopimuksista jne.<\/a><\/li>\n\t\t\t\t<li><a href=\"#examples-of-support-provided-by-our-firm\">Esimerkkej\u00e4 tarjoamastamme tuesta<\/a><\/li>\n\t\t\t\t<li><a href=\"#monolith-law-magazine\">MONOLITH LAW MAGAZINE<\/a><\/li>\n\t\t\t\t<li><a href=\"#fee-structure\">Palkkiorakenne<\/a><\/li>\n\t\t\t<\/ul>\n\t\t<\/nav>\n\t<\/div>\n<\/section>\n<section class=\"white-section mgt-section mgb-section\">\n\t<div class=\"anchor\" id=\"our-experience-in-contract-drafting-etc\"><\/div>\n\t<div class=\"section-inner-black\">\n\t\t<h3>Kokemuksemme sopimusten laadinnassa, <br class=\"spOnly\">ym.<\/h3>\n\t\t<p class=\"mgb-middle\">MONOLITH LAW OFFICE, lakitoimisto joka erikoistuu &#8220;IT, Internet ja Liiketoiminta&#8221; -aloille, tarjoaa monenlaisia IT-alan ja liiketoiminnan sopimusten laadinta- ja tarkastuspalveluita. Palveluihimme kuuluvat muun muassa seuraavat:<\/p>\n\t\t<p class=\"mgb-middle\">SEO-ulkoistussopimus, SNS-toiminnan ulkoistussopimus, Fuusiosopimus, Osakekauppasopimus, Osakkeiden merkint\u00e4sopimus, Yhteistutkimussopimus, Yhteisyrityssopimus, Palvelusopimus, Liiketoimintayhteisty\u00f6sopimus, Lainasopimus, Mainonnan ulkoistussopimus, Perusmainontasopimus, Neuvonantajasopimus, Ty\u00f6sopimus, Konsultointisopimus, Saamisten luovutussopimus, Vakuusoikeuden luovutussopimus, Liiketoimintakauppasopimus, Tavaramerkkien luovutussopimus, Perusrekrytointisopimus, P\u00e4\u00e4oma- ja liiketoimintayhteisty\u00f6sopimus, Vastuunrajoitussopimus, Taiteilijasopimus, Eroamissopimus, Agentuurisopimus, Tekij\u00e4noikeuksien siirtosopimus, Sijoitussopimus, Perusosto- ja myyntisopimus, Jakelijasopimus, Salassapitosopimus, Franchising-sopimus, Yleinen tilaussopimus, Hallintasopimus, MEO-sopimus, Lisenssisopimus, Ty\u00f6voiman ulkoistussopimus, Sopimusrikkomussopimus<\/p>\n\t<\/div>\n<\/section>\n<section class=\"purple-section\">\n\t<div class=\"anchor\" id=\"handling-more-than-3000-contracts-per-year-as-an-organization\"><\/div>\n\t<div class=\"section-inner\">\n\t\t<div class=\"flex\">\n\t\t\t<div class=\"width51\">\n\t\t\t\t<h3>K\u00e4sittelemme yli 3 000 sopimusta vuodessa<\/h3>\n\t\t\t\t<p class=\"mgb-small\">MONOLITH LAW OFFICE on organisaatio, johon kuuluu 30 asianajajaa, ja jota johtaa perustava asianajajamme, entinen IT-insin\u00f6\u00f6ri ja liiketoimintajohtaja.<\/p>\n\t\t\t\t<p class=\"mgb-small\">Toimistomme laatii ja tarkistaa yli 3 000 sopimusta vuosittain, mik\u00e4 osoittaa laajaa kokemusta ja asiantuntemusta n\u00e4iss\u00e4 asioissa.<\/p>\n\t\t\t\t<p>*Kaaviot perustuvat arvioihin, ja virhe on enint\u00e4\u00e4n 20%.<\/p>\n\t\t\t<\/div>\n\t\t\t<div class=\"width41\"><img decoding=\"async\" src=\"\/wp-content\/themes\/monolith_en\/img\/contractcreation\/contractcreation_pic1.png\" alt=\"K\u00e4sittelemme yli 2 000 sopimusta vuodessa organisaationa\"><\/div>\n\t\t<\/div>\n\t<\/div>\n<\/section>\n\n<section class=\"white-section\">\n\t<div id=\"IT\"><\/div>\n\t<div class=\"section-inner\">\n\t<div class=\"flex\">\n\t<div class=\"width41\"><img decoding=\"async\" src=\"\/wp-content\/themes\/monolith2021\/img\/pic\/pic_practices-itlaw.jpg\" alt=\"IT\" \/><\/div>\n\t<div class=\"width51\">\n\t\t<h3>IT<\/h3>\n\t\t<p class=\"mgb-middle\">MONOLITH LAW OFFICE erikoistuu IT-oikeuteen ja tarjoaa kattavaa oikeudellista tukea erilaisille IT-yrityksille. Asiantuntemuksemme kattaa sopimusten laatimisen liittyen huipputeknologiaan, sek\u00e4 investointi- ja yrityskaupat, jotka liittyv\u00e4t startup-yrityksiin. Laajan kokemuksemme ansiosta sopimusten laatimisessa, erityisesti IT-alalla, olemme hyvin varustautuneita vastaamaan teknologiavetoisten yritysten ainutlaatuisiin oikeudellisiin tarpeisiin.<\/p>\n\t\t<div class=\"btn-area align-left\">\n\t\t\t<div class=\"btn icon-it\"><a href=\"\/fi\/it\">IT<\/a><\/div>\n\t\t<\/div>\n\t<\/div>\n\t<\/div>\n\t<\/div>\n<\/section>\n\n<section class=\"white-section\">\n\t<div class=\"anchor\" id=\"extensive-experience-in-investment-contracts-etc\"><\/div>\n\t<div class=\"section-inner-black\">\n\t\t<h3>Kattava kokemus sijoitussopimuksista ja muusta<\/h3>\n\t\t<p class=\"mgb-middle\">Kolmannen osapuolen osakeannissa MONOLITH LAW OFFICE hoitaa kaiken termisivujen valmistelusta sijoitussopimusten ja osakassopimusten laatimiseen. K\u00e4sittelemme my\u00f6s etuoikeutettua jakoa koskevien luokkaosakkeiden suunnittelua, osakehankinta-oikeuksien liikkeeseenlaskua, perustajien v\u00e4lisi\u00e4 sopimuksia, osakkeiden siirtoja sek\u00e4 erilaisia muita p\u00e4\u00e4omaan liittyvi\u00e4 strategioita ja sopimuksia.<\/p>\n\t<\/div>\n<\/section>\n\n<section class=\"orange-section mgt-section\">\n\t<div class=\"anchor\" id=\"examples-of-support-provided-by-our-firm\"><\/div>\n\t<div class=\"section-inner\">\n\t\t<h3 class=\"mgb-middle\">Esimerkkej\u00e4 MONOLITH LAW OFFICEn tarjoamasta tuesta<\/h3>\n\t\t<p class=\"mgb-middle\">MONOLITH LAW OFFICE on toiminut oikeudellisena neuvonantajana japanilaisille IT- ja startup-yrityksille erilaisten sopimusten yhteydess\u00e4, mukaan lukien ulkoistettujen toimintojen ulkoistussopimukset, yritystuotteiden k\u00e4ytt\u00f6- ja agenttisopimukset, p\u00e4\u00e4omaan liittyv\u00e4t sijoitussopimukset ja osakassopimukset sek\u00e4 yritykseen liittyv\u00e4t ty\u00f6sopimukset. Toimimme my\u00f6s IT-oikeuden asiantuntijoina liikeyrityksille Japanissa, laadimme ja tarkastelemme uusiin IT-alan liiketoimintoihin liittyvi\u00e4 sopimuksia sek\u00e4 IT-yrityksiin liittyvi\u00e4 sopimuksia.<\/p>\n\t\t<div class=\"white-base\">\n\t\t\t<ul>\n\t\t\t\t<li class=\"mgb-small\">\n\t\t\t\t\t<figure><img decoding=\"async\" alt=\"HAZAMA ANDO CORPORATION\" src=\"\/wp-content\/themes\/monolith2021\/img\/clients\/logo_andohazama.png\"><\/figure>\n\t\t\t\t\t<h4 class=\"mgt-small mgb-small\">HAZAMA ANDO CORPORATION<\/h4>\n\t\t\t\t\t<p>Laadimme IT-alan sopimuksen t\u00e4lle asiakkaalle, joka on merkitt\u00e4v\u00e4 yleisurakoitsija ja listattu Tokion p\u00f6rssin Prime-listalla.<\/p>\n\t\t\t\t<\/li>\n\t\t\t\t<li class=\"mgb-small\">\n\t\t\t\t\t<figure><img decoding=\"async\" alt=\"Gftd Japan\" src=\"\/wp-content\/themes\/monolith2021\/img\/clients\/logo_gftd.png\"><\/figure>\n\t\t\t\t\t<h4 class=\"mgt-small mgb-small\">Gftd Japan<\/h4>\n\t\t\t\t\t<p>Gftd Japan on blockchain-alan startup-yritys, jolle olemme laatineet erilaisia sopimuksia liiketoimintaan liittyvist\u00e4 sopimuksista ty\u00f6sopimuksiin.<\/p>\n\t\t\t\t<\/li>\n\t\t\t\t<li class=\"mgb-small\">\n\t\t\t\t\t<figure><img decoding=\"async\" alt=\"TOKIUM Inc.\" src=\"\/wp-content\/uploads\/2022\/04\/logo_tokium.png\"><\/figure>\n\t\t\t\t\t<h4 class=\"mgt-small mgb-small\">TOKIUM Inc.<\/h4>\n\t\t\t\t\t<p>Tokium on fintech-alan startup-yritys, jolle olemme laatineet sopimuksia p\u00e4\u00e4oma- ja liiketoimintayhteisty\u00f6sopimuksista liiketoimintaan liittyviin sopimuksiin.<\/p>\n\t\t\t\t<\/li>\n\t\t\t\t<li class=\"mgb-small\">\n\t\t\t\t\t<figure><img decoding=\"async\" alt=\"MI-6 Ltd.\" src=\"\/wp-content\/themes\/monolith2021\/img\/clients\/logo_mi-6.png\"><\/figure>\n\t\t\t\t\t<h4 class=\"mgt-small mgb-small\">MI-6 Ltd.<\/h4>\n\t\t\t\t\t<p>Laadimme sijoitussopimuksia, J-KISS-tyyppisi\u00e4 osakeoptioita ja yhteisty\u00f6h\u00f6n liittyvi\u00e4 tutkimussopimuksia.<\/p>\n\t\t\t\t<\/li>\n\t\t\t<\/ul><p class=\"mgb-small\">\n\t\t<p class=\"txt-s\">*Vastuullamme on monia muita asiakasprojekteja. Mainitsemme t\u00e4ss\u00e4 vain joitakin asiakkaitamme, jotka ovat antaneet meille luvan paljastaa asiakkuutensa (tai ovat rekister\u00f6ityneet hallituksen j\u00e4seniksi). Yleisen\u00e4 s\u00e4\u00e4nt\u00f6n\u00e4 asiakassuhteiden luottamuksellisuus s\u00e4ilytet\u00e4\u00e4n.<\/p>\n\t<\/div><\/div>\n<\/section>\n\n<section class=\"purple2-section\">\n\t<div class=\"anchor\" id=\"monolith-law-magazine\"><\/div>\n\t<div class=\"section-inner\">\n\t\t    <section class=\"white-section temp-article\">\n        <div class=\"section-inner\">\n            <h4>MONOLITH LAW MAGAZINE<\/h4>\n            <div class=\"articles type_practice_column\">\n                                                                    <div class=\"article article-area\">\n                        <figure>\n                            <div class=\"img-wrap\">\n                                <img alt=\"Selitt\u00e4en rangaistuksia freelancereiden uuden lain rikkomisesta kolmen esimerkin avulla\" src=\"https:\/\/monolith.law\/fi\/wp-content\/uploads\/sites\/30\/2025\/08\/6d129f9213bc4489ca4b5e0a5df7378f.webp\" width=\"500\" height=\"250\">\n                            <\/div>\n                            <figcaption>\n                                <div class=\"figcaption-inner\">\n                                    <h3>Selitt\u00e4en rangaistuksia freelancereiden uuden lain rikkomisesta kolmen esimerkin.<\/h3>\n                                <\/div>\n                            <\/figcaption>\n                            <a href=\"https:\/\/monolith.law\/fi\/general-corporate\/freelance-law-penalties\"><\/a>\n                        <\/figure>\n                    <\/div>\n                                                    <div class=\"article article-area\">\n                        <figure>\n                            <div class=\"img-wrap\">\n                                <img alt=\"Mik\u00e4 on uusi freelancer-laki? Selitys tarkistuspisteist\u00e4 sopimusmallin perusteella uuden lain mukaisesti\" src=\"https:\/\/monolith.law\/fi\/wp-content\/uploads\/sites\/30\/2025\/08\/873e76645ec995ae22ee695f1ecd9a55.webp\" width=\"500\" height=\"250\">\n                            <\/div>\n                            <figcaption>\n                                <div class=\"figcaption-inner\">\n                                    <h3>Mik\u00e4 on uusi freelancer-laki? Selitys tarkistuspisteist\u00e4 sopimusmallin perusteel.<\/h3>\n                                <\/div>\n                            <\/figcaption>\n                            <a href=\"https:\/\/monolith.law\/fi\/general-corporate\/freelance-law-contract\"><\/a>\n                        <\/figure>\n                    <\/div>\n                                                    <div class=\"article article-area\">\n                        <figure>\n                            <div class=\"img-wrap\">\n                                <img alt=\"Yksityiskohtainen selitys e-urheilukilpailujen tapahtumapaikkoihin liittyvist\u00e4 oikeudellisista s\u00e4\u00e4d\u00f6ksist\u00e4\" src=\"https:\/\/monolith.law\/fi\/wp-content\/uploads\/sites\/30\/2025\/03\/taikai-1024x538.jpg\" width=\"500\" height=\"250\">\n                            <\/div>\n                            <figcaption>\n                                <div class=\"figcaption-inner\">\n                                    <h3>Yksityiskohtainen selitys e-urheilukilpailujen tapahtumapaikkoihin liittyvist\u00e4 o.<\/h3>\n                                <\/div>\n                            <\/figcaption>\n                            <a href=\"https:\/\/monolith.law\/fi\/general-corporate\/legal-regulations-e-sports-venues\"><\/a>\n                        <\/figure>\n                    <\/div>\n                                            <\/div>\n            <div class=\"btn-more\"><a href=\"https:\/\/monolith.law\/fi\/tag\/contract-drafting-and-review\">Read More<\/a><\/div>\n        <\/div>\n    <\/section>\n\t<\/div>\n<\/section>\n\n<section class=\"orange2-section\">\n\t<div id=\"fee-structure\"><\/div>\n\t<div class=\"section-inner\">\n\t<div class=\"planWrap\">\n\t<h3>Palkkiorakenne<\/h3>\n\t<ul class=\"plan\">\n\t\t<li class=\"txt-left\">\n\t\t\t<div class=\"plan-inner\">\n\t\t\t<div class=\"plan-header\">\n\t\t\t<h4 class=\"plan-title\">Tuntiveloitus<\/h4>\n\t\t\t<div class=\"plan-price\"><span class=\"price-figure\">$300<\/span>tunnissa<span class=\"price-value\"><\/span><\/div>\n\t\t\t<\/div>\n\t\t\t<div class=\"plan-body\">Tietyiss\u00e4 tapauksissa saatamme harkita riidan tai kanteen vastaanottamista aloitusmaksulla ja tulospalkkiolla. Lis\u00e4tietoja varten ota rohkeasti yhteytt\u00e4 meihin.<\/div>\n\t\t\t<\/div>\n\t\t<\/li>\n\t\t<li class=\"txt-left\">\n\t\t\t<div class=\"plan-inner\">\n\t\t\t<div class=\"plan-header\">\n\t\t\t<h4 class=\"plan-title\">Sopimusten Laatiminen<\/h4>\n\t\t\t<div class=\"plan-price\"><span class=\"price-value\">alkaen<\/span><span class=\"price-figure\">$500<\/span><span class=\"price-value\">to $2,000 tai enemm\u00e4n<\/span><\/div>\n\t\t\t<\/div>\n\t\t\t<div class=\"plan-body\">Hinnoittelurakenne voi vaihdella sopimusten tyypin ja m\u00e4\u00e4r\u00e4n mukaan. Tarjoamme mielell\u00e4mme alustavan arvion tiedustelun yhteydess\u00e4, joten \u00e4l\u00e4 ep\u00e4r\u00f6i ottaa meihin yhteytt\u00e4 saadaksesi lis\u00e4tietoja.<\/div>\n\t\t\t<\/div>\n\t\t<\/li>\n\t\t<li class=\"txt-left\">\n\t\t\t<div class=\"plan-inner\">\n\t\t\t<div class=\"plan-header\">\n\t\t\t<h4 class=\"plan-title\">Muut Palvelut<\/h4>\n\t\t\t<div class=\"plan-price\"><span class=\"price-figure\">Ota Yhteytt\u00e4<\/span><\/div>\n\t\t\t<\/div>\n\t\t\t<div class=\"plan-body\">Tarjoamme laajan valikoiman palveluita, joihin kuuluvat yrityksen perustaminen, sopimusten tarkastus, oikeudelliset lausunnot, tapausten katselmus tai tutkimuskirjeet. Jos sinulla on kysytt\u00e4v\u00e4\u00e4 tai huolenaiheita, kutsun sinut syd\u00e4mellisesti ottamaan yhteytt\u00e4 meihin, ja asiantunteva tiimimme on valmis auttamaan sinua.<\/div>\n\t\t\t<\/div>\n\t\t<\/li>\n\t<\/ul>\n\t<\/div>\n\t<\/div>\n<\/section>\n\n<section class=\"white-section\">\n\t<div class=\"section-inner\">\n\t<div class=\"btn-area\">\n\t<div class=\"btn icon-contact\"><a href=\"\/fi\/contact\">Ota Yhteytt\u00e4<\/a><\/div>\n\t<\/div>\n\t<\/div>\n<\/section>\n","protected":false},"excerpt":{"rendered":"<p>Sopimusten Laatiminen ja Tarkastus Neuvonantajina IT- ja startup-yrityksille, ja ajoittain IT-neuvonantajina suuryrityksille, laadimme ja tarkastelemme monenlaisia erikoistuneita IT-alan sopimuksia. T [&hellip;]<\/p>\n","protected":false},"author":1,"featured_media":57034,"parent":0,"menu_order":7,"comment_status":"closed","ping_status":"closed","template":"other-page-temp.php","meta":{"footnotes":""},"acf":[],"_links":{"self":[{"href":"https:\/\/monolith.law\/fi\/wp-json\/wp\/v2\/pages\/30628"}],"collection":[{"href":"https:\/\/monolith.law\/fi\/wp-json\/wp\/v2\/pages"}],"about":[{"href":"https:\/\/monolith.law\/fi\/wp-json\/wp\/v2\/types\/page"}],"author":[{"embeddable":true,"href":"https:\/\/monolith.law\/fi\/wp-json\/wp\/v2\/users\/1"}],"replies":[{"embeddable":true,"href":"https:\/\/monolith.law\/fi\/wp-json\/wp\/v2\/comments?post=30628"}],"version-history":[{"count":99,"href":"https:\/\/monolith.law\/fi\/wp-json\/wp\/v2\/pages\/30628\/revisions"}],"predecessor-version":[{"id":65474,"href":"https:\/\/monolith.law\/fi\/wp-json\/wp\/v2\/pages\/30628\/revisions\/65474"}],"wp:featuredmedia":[{"embeddable":true,"href":"https:\/\/monolith.law\/fi\/wp-json\/wp\/v2\/media\/57034"}],"wp:attachment":[{"href":"https:\/\/monolith.law\/fi\/wp-json\/wp\/v2\/media?parent=30628"}],"curies":[{"name":"wp","href":"https:\/\/api.w.org\/{rel}","templated":true}]}}