{"id":30684,"date":"2023-11-05T23:00:20","date_gmt":"2023-11-05T14:00:20","guid":{"rendered":"https:\/\/monolith.law\/?page_id=30684"},"modified":"2024-02-07T18:16:18","modified_gmt":"2024-02-07T09:16:18","slug":"id-of-the-defamatory-statement","status":"publish","type":"page","link":"https:\/\/monolith.law\/fi\/id-of-the-defamatory-statement","title":{"rendered":"Loukkaavan lausuman tunnistaminen"},"content":{"rendered":"\n<section class=\"heading-area\">\n\t<div class=\"heading-area-inner\">\n\t\t<h2 class=\"icon-id-of-the-defamatory-statement\">Loukkaavan lausuman tunnistaminen<\/h2>\n\t\t<p>Japanilaisen lain mukaan, jos yritys tai yksityishenkil\u00f6 k\u00e4rsii loukkauksesta tai yksityisyyden loukkauksesta anonyymin k\u00e4ytt\u00e4j\u00e4n toimesta internetiss\u00e4, on mahdollista tunnistaa anonyymi kirjoittaja erilaisten oikeudellisten menettelyjen avulla, joita tuomioistuin helpottaa. Vaikka Japanin internet-tilassa esiintyy anonyymien k\u00e4ytt\u00e4jien loukkauksia, on mahdollista tunnistaa kirjoittaja ja hakea vahingonkorvauksia asianajajan kautta.<\/p>\n\t<\/div>\n<\/section>\n\n<section class=\"white-section\">\n\t<div class=\"section-inner pdt0 border-bottom-section\">\n\t\t<p class=\"mgb-small\">Jos olet joutunut anonyymin k\u00e4ytt\u00e4j\u00e4n loukkauksen kohteeksi internetiss\u00e4 ja haluat hakea vahingonkorvausta, on ensin tarpeen tunnistaa kyseisen k\u00e4ytt\u00e4j\u00e4n henkil\u00f6llisyys. Japanilainen laki tarjoaa oikeudellisia menettelyj\u00e4 anonyymien k\u00e4ytt\u00e4jien tunnistamiseksi internetiss\u00e4.<\/p>\n\t\t<p>MONOLITH LAW OFFICE on japanilainen lakitoimisto, joka on erikoistunut internetiin liittyviin asioihin. Olemme osallistuneet loukkaavien kirjoittajien tunnistamiseen eri asiakkaiden pyynn\u00f6st\u00e4, mukaan lukien kotimaiset p\u00f6rssiyhti\u00f6t, merkitt\u00e4v\u00e4t johtajat ja vaikutusvaltaiset yksil\u00f6t. Laajan kokemuksemme ja n\u00e4ytt\u00f6mme ansiosta olemme varustautuneet k\u00e4sittelem\u00e4\u00e4n riitoja Japanin internet-tilassa.<\/p>\n\t<\/div>\n<\/section>\n\n<section class=\"second-nav\">\n\t<div class=\"second-nav-inner\">\n\t\t<p>AIHEET<\/p>\n\t\t<nav>\n\t\t\t<ul>\n\t\t\t\t<li><a href=\"#identification-of-the-defamatory-statement\">Loukkaavan lausuman tunnistaminen<\/a><\/li>\n\t\t\t\t<li><a href=\"#examples-of-identifications-by-our-firm-target-sites\">Esimerkkej\u00e4 tunnistuksista toimistomme toimesta: Kohdesivustot<\/a><\/li>\n\t\t\t\t<li><a href=\"#examples-of-support-provided-by-our-firm\">Esimerkkej\u00e4 toimistomme tarjoamasta tuesta<\/a><\/li>\n\t\t\t\t<li><a href=\"#procedures-for-identifying-authors-under-japanese-law\">Menettelyt kirjoittajien tunnistamiseksi japanilaisen lain mukaan<\/a><\/li>\n\t\t\t\t<li><a href=\"#publications-as-a-lawyer-specializing-in-mitigating-reputational-damage\">Julkaisut mainehaittojen lievent\u00e4miseen erikoistuneena lakimiehen\u00e4<\/a><\/li>\n\t\t\t\t<li><a href=\"#monolith-law-magazine\">MONOLITH LAW MAGAZINE<\/a><\/li>\n\t\t\t\t<li><a href=\"#fee-structure\">Palkkiorakenne<\/a><\/li>\n\t\t\t<\/ul>\n\t\t<\/nav>\n\t<\/div>\n<\/section>\n\n<section class=\"white-section\">\n\t<div class=\"anchor\" id=\"identification-of-the-defamatory-statement\"><\/div>\n\t<div class=\"section-inner\">\n\t\t<div class=\"flex\">\n\t\t\t<div class=\"width41\"><img decoding=\"async\" src=\"\/wp-content\/themes\/monolith2021\/img\/pic\/pic_reputation.jpg\" alt=\"Loukkaavan lausuman l\u00e4hteen tunnistaminen\"><\/div>\n\t\t\t<div class=\"width51\">\n\t\t\t\t<h3>Loukkaavan lausuman tunnistaminen<\/h3>\n\t\t\t\t<p>Japanilaisen lain mukaan on mahdollista ryhty\u00e4 oikeustoimiin tunnistaakseen henkil\u00f6t, jotka ovat vastuussa laittomista julkaisuista, mukaan lukien loukkaavat lausumat, oikeudenk\u00e4ynnin kautta. Jos yrityst\u00e4si kohtelevat nimett\u00f6m\u00e4t internetin k\u00e4ytt\u00e4j\u00e4t, jotka hy\u00f6kk\u00e4\u00e4v\u00e4t Japanin internetiss\u00e4, voi olla mahdollista paljastaa nimett\u00f6m\u00e4n k\u00e4ytt\u00e4j\u00e4n henkil\u00f6llisyys, mukaan lukien nimi ja osoite, konsultoimalla eritt\u00e4in erikoistunutta asianajajaa. Kun henkil\u00f6llisyys on paljastettu, saatat saada mahdollisuuden vaatia vahingonkorvauksia internetin k\u00e4ytt\u00e4j\u00e4lt\u00e4. On ratkaisevan t\u00e4rke\u00e4\u00e4 ty\u00f6skennell\u00e4 kokeneen asianajajan kanssa, joka voi ohjata sinut l\u00e4pi oikeudellisen prosessin ja suojata yrityksesi etuja.<\/p>\n\t\t\t<\/div>\n\t\t<\/div>\n\t<\/div>\n<\/section>\n\n<section class=\"white-section mgb-section\">\n\t<div class=\"anchor\" id=\"examples-of-identifications-by-our-firm-target-sites\"><\/div>\n\t<div class=\"section-inner-black\">\n\t\t<h3 class=\"mgb-middle\">Esimerkkej\u00e4 tunnistuksista toimistomme toimesta: Kohdesivustot<\/h3>\n\t\t<p class=\"mgb-middle\">MONOLITH LAW OFFICE on saavuttanut tuloksia ja asiantuntemusta loukkaavien viestien kirjoittajien tunnistamisessa eri verkkosivustoilla, mukaan lukien mutta ei rajoittuen kunnianloukkaukseen, yksityisyyden loukkaukseen, tekij\u00e4noikeusrikkomuksiin ja henkil\u00f6llisyyden v\u00e4\u00e4rent\u00e4miseen. Olemme onnistuneesti auttaneet asiakkaita tunnistamaan t\u00e4llaisten viestien kirjoittajat, hy\u00f6dynt\u00e4en kokemustamme ja tiet\u00e4myst\u00e4mme alalla.<\/p>\n\t\t<p class=\"mgb-middle\">2channel, 5channel, Twitter, Facebook, Instagram, Google Maps (My Business), Yahoo! Finance, Food Log, Amazonin asiakasarvostelut, Girls Channel, Bakusai, Mansion Community, Hostlove ja erilaiset muut ilmoitustaulusivustot. Yahoo! Chiebukuro, NAVER yhteenveto, puhelinnumeron haku (jpnumber ym.), Livedoor Blog, FC2 Blog, Ameba Blog, Hatena Blog ym. Muut erilaiset blogisivustot, YouTube, Nico Nico Douga, FC2 Video ja muut videosivustot. MILKCAFE, openwork, Lighthouse (entinen Kaishan maine), muut ty\u00f6arvostelusivustot, muut alkuper\u00e4isverkkotunnussivustot.<\/p>\n\t<\/div>\n<\/section>\n\n<section class=\"purple-section\">\n\t<div class=\"anchor\" id=\"examples-of-support-provided-by-our-firm\"><\/div>\n\t<div class=\"section-inner\">\n\t\t<h3 class=\"mgb-middle\">Esimerkkej\u00e4 toimistomme tarjoamasta tuesta<\/h3>\n\t\t<ul class=\"layout-column4 mgb-big\">\n\t\t\t<li>\n\t\t\t\t<div><img decoding=\"async\" src=\"\/wp-content\/themes\/monolith2021\/img\/identificationofslander\/identificationofslander_support_pic1.jpg\" alt=\"Toki Kawase\"><\/div>\n\t\t\t\t<h4>TSE-p\u00f6rssilistattu yhti\u00f6<\/h4>\n\t\t\t\t<p>Olemme tunnistaneet jatkuvasti v\u00e4\u00e4r\u00e4\u00e4 tietoa, kuten sis\u00e4isi\u00e4 skandaaleja, levitt\u00e4vien kirjoittajien henkil\u00f6llisyydet alustoilla kuten Yahoo! Finance ja Google Reviews.<\/p>\n\t\t\t<\/li>\n\t\t\t<li>\n\t\t\t\t<div><img decoding=\"async\" src=\"\/wp-content\/themes\/monolith2021\/img\/identificationofslander\/identificationofslander_support_pic2.jpg\" alt=\"Prominent executive\"><\/div>\n\t\t\t\t<h4>Profiilinomainen johtaja<\/h4>\n\t\t\t\t<p>Olemme suorittaneet kirjoittajien tunnistamisen Twitter-tilien osalta, jotka ovat syyllistyneet herjaamiseen, henkil\u00f6llisyyden v\u00e4\u00e4rent\u00e4miseen ja halventaviin julkaisuihin kohdistuen yksitt\u00e4isiin johtajiin.<\/p>\n\t\t\t<\/li>\n\t\t\t<li>\n\t\t\t\t<div><img decoding=\"async\" src=\"\/wp-content\/themes\/monolith2021\/img\/systemdevelopment\/systemdevelopment_support_pic3.jpg\" alt=\"Business corporation\"><\/div>\n\t\t\t\t<h4>Liike-el\u00e4m\u00e4n yhti\u00f6<\/h4>\n\t\t\t\t<p>Olemme toteuttaneet kirjoittajien tunnistamisen herjaavia viestej\u00e4 varten, jotka kohdistuvat tiettyihin johtajiin anonyymeill\u00e4 viestitauluilla kuten 5channel ja Google Reviews.<\/p>\n\t\t\t<\/li>\n\t\t\t<li>\n\t\t\t\t<div><img decoding=\"async\" src=\"\/wp-content\/themes\/monolith2021\/img\/identificationofslander\/identificationofslander_support_pic4.jpg\" alt=\"Prominent YouTuber\"><\/div>\n\t\t\t\t<h4>Profiilinomainen YouTuber<\/h4>\n\t\t\t\t<p>Olemme avustaneet kirjoittajien tunnistamisessa tapauksissa, jotka liittyv\u00e4t henkil\u00f6tietojen vuotoihin ja herjaaviin kommentteihin, jotka on tehty muiden YouTubereiden videoilla, henkil\u00f6kohtaisilla blogeilla ja muilla alustoilla.<\/p>\n\t\t\t<\/li>\n\t\t<\/ul>\n\t\t<div class=\"frame2-white max-width860 txt-center-pc\">\n\t\t\t<p class=\"txt-l bold\">Kirjoittajien tunnistaminen vaatii eritt\u00e4in erikoistunutta asiantuntemusta, joka kattaa strategisen suunnittelun ja tiettyj\u00e4 operatiivisia teht\u00e4vi\u00e4.<\/p>\n\t\t<\/div>\n\t<\/div>\n<\/section>\n\n<section class=\"white-section\">\n\t<div class=\"anchor\" id=\"procedures-for-identifying-authors-under-japanese-law\"><\/div>\n\t<div class=\"section-inner pdb0\">\n\t\t<h3>Menettelyt tekij\u00f6iden tunnistamiseksi Japanin lains\u00e4\u00e4d\u00e4nn\u00f6n mukaan<\/h3>\n\t\t<p class=\"mgb-middle\">Japanissa on k\u00e4yt\u00f6ss\u00e4 erilaisia oikeudellisia menettelyj\u00e4, joiden avulla voidaan tunnistaa loukkaavien verkkopostitusten tekij\u00e4t ja torjua kyberkunnianloukkauksia. Me oikeusalan ammattilaisina k\u00e4yt\u00e4mme n\u00e4it\u00e4 menettelyj\u00e4 valikoidusti ja yhdistellen tekij\u00f6iden tunnistamiseksi. Vaikka n\u00e4iden menettelyjen eritt\u00e4in erikoistuneen luonteen vuoksi niiden kattava selitt\u00e4minen t\u00e4ll\u00e4 sivulla on haastavaa, tarjoamme yleiskatsauksen.<\/p>\n\t\t<ul class=\"layout-datalist\">\n\t\t\t<li>\n\t\t\t\t<h4>A: Tietojen luovuttamista koskeva pyynt\u00f6 (v\u00e4liaikainen m\u00e4\u00e4r\u00e4ys)<\/h4>\n\t\t\t\t<p>T\u00e4m\u00e4 nopeutettu v\u00e4liaikainen toimenpide mahdollistaa meid\u00e4n pyyt\u00e4\u00e4 verkkosivustojen yll\u00e4pit\u00e4ji\u00e4 tai hosting-palvelinten hallinnoijia paljastamaan postaajan IP-osoitteen ilman, ett\u00e4 on tarvetta viralliseen oikeudenk\u00e4yntiin. On kuitenkin t\u00e4rke\u00e4\u00e4 huomata, ett\u00e4 jotkut verkkosivustot saattavat vapaaehtoisesti paljastaa IP-osoitteen ep\u00e4virallisten neuvottelujen kautta ilman t\u00e4m\u00e4n menettelyn tarvetta. Oikean p\u00e4\u00e4t\u00f6ksen tekeminen t\u00e4llaisissa tapauksissa vaatii kokeneiden lakimiesten kokemusta ja asiantuntemusta.<\/p>\n\t\t\t<\/li>\n\t\t\t<li>\n\t\t\t\t<h4>B: Tiedon poistamisen kielt\u00e4minen<\/h4>\n\t\t\t\t<p>Menettelyss\u00e4 A saadun paljastetun IP-osoitteen analysoinnin avulla on mahdollista tunnistaa anonyymin k\u00e4ytt\u00e4j\u00e4n k\u00e4ytt\u00e4m\u00e4 internet-palveluntarjoaja (ISP). Menettelyss\u00e4 C on ratkaisevan t\u00e4rke\u00e4\u00e4 pyyt\u00e4\u00e4 ISP:t\u00e4 olemaan poistamatta l\u00e4hett\u00e4j\u00e4n tietoja (lokitietoja, jotka liittyv\u00e4t k\u00e4ytt\u00e4j\u00e4n internet-yhteyteen) todisteiden s\u00e4ilytt\u00e4miseksi.<\/p>\n\t\t\t<\/li>\n\t\t\t<li>\n\t\t\t\t<h4>C: Tietojen luovuttamista koskeva pyynt\u00f6 (kanne)<\/h4>\n\t\t\t\t<p>T\u00e4ss\u00e4 menettelyss\u00e4 haastetaan tunnistettu ISP vastaajaksi vaatimuksella paljastaa anonyymin k\u00e4ytt\u00e4j\u00e4n osoite ja nimi. Jos anonyymi k\u00e4ytt\u00e4j\u00e4 on rekister\u00f6inyt puhelinnumeron verkkosivustolle, t\u00e4t\u00e4 menettely\u00e4 voidaan k\u00e4ytt\u00e4\u00e4 verkkosivuston yll\u00e4pit\u00e4j\u00e4\u00e4 vastaan pyyt\u00e4m\u00e4\u00e4n kyseisen puhelinnumeron paljastamista. T\u00e4ss\u00e4 menettelyss\u00e4 ei voida k\u00e4ytt\u00e4\u00e4 nopeutettuja v\u00e4liaikaisia toimenpiteit\u00e4, ja Japanin oikeusk\u00e4yt\u00e4nn\u00f6n mukaisesti vaaditaan virallista oikeudenk\u00e4ynti\u00e4.<\/p>\n\t\t\t<\/li>\n\t\t\t<li>\n\t\t\t\t<h4>D: Tietojen luovuttamism\u00e4\u00e4r\u00e4ys (vuoden 2022 muutos)<\/h4>\n\t\t\t\t<p>T\u00e4m\u00e4 uusi oikeudellinen kehys yhdist\u00e4\u00e4 menettelyt A, B ja C yhdeksi menettelyksi, mahdollistaen kaikkien vaiheiden (A, B ja C) toteuttamisen lyhyemm\u00e4ss\u00e4 ajassa. T\u00e4m\u00e4 menettely hy\u00f6dynt\u00e4\u00e4 nopeutettua mekanismia. T\u00e4ll\u00e4 hetkell\u00e4 t\u00e4t\u00e4 menettely\u00e4 pidet\u00e4\u00e4n yleisen\u00e4 periaatteena tekij\u00f6iden tunnistamisessa. Poikkeuksia kuitenkin on, kuten verkkosivustot, joille on rekister\u00f6ity vain puhelinnumero ilman IP-osoitetta, tai tapaukset, joissa IP-osoitteen paljastaminen on mahdollista vapaaehtoisten neuvottelujen kautta. Oikeusalan ammattilaisten asiantuntemus ja tietotaito ovat v\u00e4ltt\u00e4m\u00e4tt\u00f6mi\u00e4 n\u00e4iden poikkeusten k\u00e4sittelyss\u00e4.<\/p>\n\t\t\t<\/li>\n\t\t\t<li>\n\t\t\t\t<h4>E: Tiedustelumenettely asianajajaliiton kautta<\/h4>\n\t\t\t\t<p>Jos mainittujen menettelyjen aikana julistajan puhelinnumero tulee tietoon, on v\u00e4ltt\u00e4m\u00e4t\u00f6nt\u00e4 pyyt\u00e4\u00e4 osoitteen tai henkil\u00f6n nimen paljastamista kyseisen puhelinnumeron k\u00e4ytt\u00e4j\u00e4lt\u00e4 teleoperaattorilta. Japanissa matkapuhelinoperaattoreilla on k\u00e4yt\u00e4nt\u00f6 tarjota tietojen paljastamista, kun asianajaja tekee asianmukaisen tiedustelun heid\u00e4n liittyv\u00e4n asianajajaliiton kautta.<\/p>\n\t\t\t<\/li>\n\t\t<\/ul>\n\t<\/div>\n<\/section>\n\n<section class=\"white-section\">\n\t<div class=\"section-inner\">\n\t\t<div class=\"frame2 max-width860 txt-center-pc\">\n\t\t\t<p class=\"bold txt-l\">H\u00e4v\u00e4istysviestien tekij\u00f6iden tunnistaminen Japanin lain mukaisesti on todellakin eritt\u00e4in monimutkainen ja erikoistunut alue. Jos sinulla on kysytt\u00e4v\u00e4\u00e4 tai huolenaiheita, mukaan lukien toteutettavuus ja kustannusn\u00e4k\u00f6kohdat, \u00e4l\u00e4 ep\u00e4r\u00f6i ottaa meihin yhteytt\u00e4. Olemme t\u00e4\u00e4ll\u00e4 auttaaksemme sinua ja tarjoamaan tarvittavaa ohjausta.<\/p>\n\t\t<\/div>\n\t<\/div>\n<\/section>\n\n<section class=\"orange-section\">\n\t<div class=\"anchor\" id=\"publications-as-a-lawyer-specializing-in-mitigating-reputational-damage\"><\/div>\n\t<div class=\"section-inner\">\n\t\t<div class=\"flex\">\n\t\t\t<div class=\"width41\"><img decoding=\"async\" src=\"\/wp-content\/themes\/monolith2021\/img\/pic\/pic_publishing2.jpg\" alt=\"Julkaisut maine vahingoittamisen erikoistuneena asianajajana\"><\/div>\n\t\t\t<div class=\"width51\">\n\t\t\t\t<h3>Julkaisut maineeseen kohdistuvan vahingon lievent\u00e4miseen erikoistuneena lakimiehen\u00e4<\/h3>\n\t\t\t\t<p class=\"mgb-small\">Osallistuin kirjoittamaan &#8220;Judicial Precedents of the Japanese Provider Liability Limitation Act&#8221; -teosta, joka on kokoelma oikeustapauksia maineen vahingoittamisen vastatoimista, osana k\u00e4yt\u00e4nn\u00f6n tutkimusryhm\u00e4\u00e4, joka muodostettiin lakimiesten toimesta Provider Liability Limitation Act -lakia varten.<\/p>\n\t\t\t\t<p>Julkaissut &#8220;Digital Tattoo &#8211; Internet Slander and Reputational Damage Case File&#8221; Jiyuukokumin-sha -kustantajalta, joka on my\u00f6s &#8220;Gendai Yogo no Kihonjitsu&#8221; (Nykyterminologian perustiedot) -teoksen kustantaja, ja vastasi NHK:n lauantaidraaman &#8220;Digital Tattoo&#8221; k\u00e4sikirjoituksesta, joka perustuu t\u00e4h\u00e4n julkaisuun.<\/p>\n\t\t\t<\/div>\n\t\t<\/div>\n\t<\/div>\n<\/section>\n\n<section class=\"purple2-section\">\n\t<div class=\"anchor\" id=\"monolith-law-magazine\"><\/div>\n\t<div class=\"section-inner\">\n\t\t    <section class=\"white-section temp-article\">\n        <div class=\"section-inner\">\n            <h4>MONOLITH LAW MAGAZINE<\/h4>\n            <div class=\"articles type_practice_column\">\n                                                                    <div class=\"article article-area\">\n                        <figure>\n                            <div class=\"img-wrap\">\n                                <img alt=\"Miten s\u00e4ilytt\u00e4\u00e4 todisteet Instagramissa tapahtuvasta herjauksesta? Selit\u00e4mme, miten voit tallentaa oikeudessa k\u00e4ytett\u00e4vi\u00e4 todisteita.\" src=\"https:\/\/monolith.law\/fi\/wp-content\/uploads\/sites\/30\/2025\/08\/b7a6d88c3f4a061d0c0c2cfa711ac604.webp\" width=\"500\" height=\"250\">\n                            <\/div>\n                            <figcaption>\n                                <div class=\"figcaption-inner\">\n                                    <h3>Miten s\u00e4ilytt\u00e4\u00e4 todisteet Instagramissa tapahtuvasta herjauksesta? Selit\u00e4mme, mi.<\/h3>\n                                <\/div>\n                            <\/figcaption>\n                            <a href=\"https:\/\/monolith.law\/fi\/it\/instagram-preservation-evidence\"><\/a>\n                        <\/figure>\n                    <\/div>\n                                                    <div class=\"article article-area\">\n                        <figure>\n                            <div class=\"img-wrap\">\n                                <img alt=\"Voiko verkkopelien loukkauksia ja herjauksia vaatia paljastettavaksi? Selit\u00e4mme my\u00f6s oikeudenk\u00e4yntimenettelyn vastapuolen tunnistamiseksi\" src=\"https:\/\/monolith.law\/fi\/wp-content\/uploads\/sites\/30\/2024\/11\/onlinegame1.webp\" width=\"500\" height=\"250\">\n                            <\/div>\n                            <figcaption>\n                                <div class=\"figcaption-inner\">\n                                    <h3>Voiko verkkopelien loukkauksia ja herjauksia vaatia paljastettavaksi? Selit\u00e4mme .<\/h3>\n                                <\/div>\n                            <\/figcaption>\n                            <a href=\"https:\/\/monolith.law\/fi\/internet\/onlinegame-defamation\"><\/a>\n                        <\/figure>\n                    <\/div>\n                                                    <div class=\"article article-area\">\n                        <figure>\n                            <div class=\"img-wrap\">\n                                <img alt=\"Onko LINE-viestien paljastamista mahdollista pyyt\u00e4\u00e4? Selitys henkil\u00f6n tunnistamisesta viestien l\u00e4hett\u00e4j\u00e4tietojen avulla\" src=\"https:\/\/monolith.law\/fi\/wp-content\/uploads\/sites\/30\/2024\/11\/29578280_m.webp\" width=\"500\" height=\"250\">\n                            <\/div>\n                            <figcaption>\n                                <div class=\"figcaption-inner\">\n                                    <h3>Onko LINE-viestien paljastamista mahdollista pyyt\u00e4\u00e4? Selitys henkil\u00f6n tunnistami.<\/h3>\n                                <\/div>\n                            <\/figcaption>\n                            <a href=\"https:\/\/monolith.law\/fi\/internet\/line-disclosure-request\"><\/a>\n                        <\/figure>\n                    <\/div>\n                                            <\/div>\n            <div class=\"btn-more\"><a href=\"https:\/\/monolith.law\/fi\/tag\/id-of-the-defamatory-statement\">Read More<\/a><\/div>\n        <\/div>\n    <\/section>\n\t<\/div>\n<\/section>\n\n<section class=\"orange2-section\">\n\t<div class=\"anchor\" id=\"fee-structure\"><\/div>\n\t<div class=\"section-inner\">\n\t<div class=\"planWrap\">\n\t<h3>Palkkiorakenne<\/h3>\n\t<ul class=\"plan\">\n\t\t<li class=\"txt-left\">\n\t\t\t<div class=\"plan-inner\">\n\t\t\t<div class=\"plan-header\">\n\t\t\t<h4 class=\"plan-title\">Tuntihinta<\/h4>\n\t\t\t<div class=\"plan-price\"><span class=\"price-figure\">$300<\/span> tunnissa <span class=\"price-tax\"><\/span><\/div>\n\t\t\t<\/div>\n\t\t\t<div class=\"plan-body\">Tietyiss\u00e4 tapauksissa saatamme harkita riidan tai kanteen hyv\u00e4ksymist\u00e4 aloitusmaksulla ja tulospalkkiolla. Lis\u00e4tietoja varten ota rohkeasti yhteytt\u00e4.<\/div>\n\t\t\t<\/div>\n\t\t<\/li>\n\t\t<li class=\"txt-left\">\n\t\t\t<div class=\"plan-inner\">\n\t\t\t<div class=\"plan-header\">\n\t\t\t<h4 class=\"plan-title\">Sopimusten laadinta<\/h4>\n\t\t\t<div class=\"plan-price\"><span class=\"price-value\">alkaen<\/span><span class=\"price-figure\">$500<\/span><span class=\"price-value\">to $2,000 tai enemm\u00e4n<\/span><span class=\"price-tax\"><\/span><\/div>\n\t\t\t<\/div>\n\t\t\t<div class=\"plan-body\">Hinnoittelurakenne voi vaihdella sopimusten tyypin ja m\u00e4\u00e4r\u00e4n mukaan. Tarjoamme mielell\u00e4mme alustavan arvion tiedustelun yhteydess\u00e4, joten \u00e4l\u00e4 ep\u00e4r\u00f6i ottaa yhteytt\u00e4 saadaksesi lis\u00e4tietoja.<\/div>\n\t\t\t<\/div>\n\t\t<\/li>\n\t\t<li class=\"txt-left\">\n\t\t\t<div class=\"plan-inner\">\n\t\t\t<div class=\"plan-header\">\n\t\t\t<h4 class=\"plan-title\">Muut palvelut<\/h4>\n\t\t\t<div class=\"plan-price\"><span class=\"price-figure\">Ota yhteytt\u00e4<\/span><\/div>\n\t\t\t<\/div>\n\t\t\t<div class=\"plan-body\">Tarjoamme laajan valikoiman palveluita, joihin kuuluvat yrityksen perustaminen, sopimusten tarkastus, oikeudelliset lausunnot, tapausten tarkastelu tai tutkimuskirjeet. Jos sinulla on kysytt\u00e4v\u00e4\u00e4 tai huolenaiheita, kutsun sinut yst\u00e4v\u00e4llisesti ottamaan yhteytt\u00e4, ja asiantunteva tiimimme auttaa sinua mielell\u00e4\u00e4n.<\/div>\n\t\t\t<\/div>\n\t\t\t<\/div>\n\t\t<\/li>\n\t<\/ul>\n\t<\/div>\n\t<\/div>\n<\/section>\n\n<section class=\"white-section\">\n\t<div class=\"section-inner\">\n\t\t<div class=\"btn-area\">\n\t\t\t<div class=\"btn icon-contact\"><a href=\"\/fi\/contact\">Ota yhteytt\u00e4<\/a><\/div>\n\t\t<\/div>\n\t<\/div>\n<\/section>\n","protected":false},"excerpt":{"rendered":"<p>Loukkaavan lausuman tunnistaminen Japanilaisen lain mukaan, jos yritys tai yksityishenkil\u00f6 k\u00e4rsii loukkauksesta tai yksityisyyden loukkauksesta anonyymin k\u00e4ytt\u00e4j\u00e4n toimesta internetiss\u00e4, on mahdollist [&hellip;]<\/p>\n","protected":false},"author":1,"featured_media":57174,"parent":0,"menu_order":7,"comment_status":"closed","ping_status":"closed","template":"other-page-temp.php","meta":{"footnotes":""},"acf":[],"_links":{"self":[{"href":"https:\/\/monolith.law\/fi\/wp-json\/wp\/v2\/pages\/30684"}],"collection":[{"href":"https:\/\/monolith.law\/fi\/wp-json\/wp\/v2\/pages"}],"about":[{"href":"https:\/\/monolith.law\/fi\/wp-json\/wp\/v2\/types\/page"}],"author":[{"embeddable":true,"href":"https:\/\/monolith.law\/fi\/wp-json\/wp\/v2\/users\/1"}],"replies":[{"embeddable":true,"href":"https:\/\/monolith.law\/fi\/wp-json\/wp\/v2\/comments?post=30684"}],"version-history":[{"count":31,"href":"https:\/\/monolith.law\/fi\/wp-json\/wp\/v2\/pages\/30684\/revisions"}],"predecessor-version":[{"id":65517,"href":"https:\/\/monolith.law\/fi\/wp-json\/wp\/v2\/pages\/30684\/revisions\/65517"}],"wp:featuredmedia":[{"embeddable":true,"href":"https:\/\/monolith.law\/fi\/wp-json\/wp\/v2\/media\/57174"}],"wp:attachment":[{"href":"https:\/\/monolith.law\/fi\/wp-json\/wp\/v2\/media?parent=30684"}],"curies":[{"name":"wp","href":"https:\/\/api.w.org\/{rel}","templated":true}]}}