{"id":31513,"date":"2023-11-05T23:20:32","date_gmt":"2023-11-05T14:20:32","guid":{"rendered":"https:\/\/monolith.law\/?page_id=31513"},"modified":"2024-02-07T17:13:00","modified_gmt":"2024-02-07T08:13:00","slug":"m-and-a-of-sns-accounts","status":"publish","type":"page","link":"https:\/\/monolith.law\/fi\/m-and-a-of-sns-accounts","title":{"rendered":"Sosiaalisen median tilien yrityskaupat"},"content":{"rendered":"\n<section class=\"heading-area\">\n\t<div class=\"heading-area-inner\">\n\t\t<h2 class=\"icon-m-and-a-of-sns-accounts\">Sosiaalisen median tilien yrityskaupat<\/h2>\n\t\t<p>YouTube-kanavien ja Twitter-tilien yrityskaupat ovat eritt\u00e4in erikoistunutta aluetta, joka vaatii erikoistiet\u00e4myst\u00e4 ja osaamista. Lakitoimistona, jossa on IT:n, internetin ja liiketoiminnan asiantuntijoita, tarjoamme kattavaa apua t\u00e4ll\u00e4 alueella.<\/p>\n\t<\/div>\n<\/section>\n\n<section class=\"white-section\">\n\t<div class=\"section-inner pdt0 border-bottom-section\">\n\t\t<p>Similar to websites, YouTube channels and Twitter accounts are also subject to M&amp;A. However, because these M&amp;As are unique situations, it is necessary to hire a law firm with specialized knowledge and expertise. \nMonolith Law Office is a law firm specializing in IT, the Internet and business. Our attorneys handle every aspect of many M&amp;As, from small projects involving YouTube channels to projects worth more than 100 million yen, ranging from contract drafting to due diligence (DD).<\/p>\n\t<\/div>\n<\/section>\n\n<section class=\"second-nav\">\n\t<div class=\"second-nav-inner\">\n\t\t<p>AIHEET<\/p>\n\t\t<nav>\n\t\t\t<ul>\n\t\t\t\t<li><a href=\"#an-example-of-ma-track-record\">Esimerkkej\u00e4 yrityskauppojen toteutuksista<\/a><\/li>\n\t\t\t\t<li><a href=\"#ma-special-feature-on-sns-such-as-youtube\">Erityispiirteet sosiaalisen median yrityskaupoissa, kuten YouTubessa<\/a><\/li>\n\t\t\t\t<li><a href=\"#responding-to-legal-due-diligence-dd\">Vastaus oikeudelliseen due diligence -tarkastukseen<\/a><\/li>\n\t\t\t\t<li><a href=\"#legal-due-diligence-dd-peculiarities-of-sns-etc\">Sosiaalisen median due diligence -tarkastusten erityispiirteet<\/a><\/li>\n\t\t\t\t<li><a href=\"#an-example-of-our-client\">Asiakkaamme esimerkki<\/a><\/li>\n\t\t\t\t<li><a href=\"#book-writing-records\">Julkaisutoiminnan merkinn\u00e4t<\/a><\/li>\n\t\t\t\t<li><a href=\"#media-appearance-record\">Mediassa esiintymisen merkinn\u00e4t<\/a><\/li>\n\t\t\t\t<li><a href=\"#monolith-law-magazine\">MONOLITH LAW MAGAZINE<\/a><\/li>\n\t\t\t\t<li><a href=\"#fee-structure\">Palkkiorakenne<\/a><\/li>\n\t\t\t<\/ul>\n\t\t<\/nav>\n\t<\/div>\n<\/section>\n\n<section class=\"white-section\">\n\t<div class=\"anchor\" id=\"an-example-of-ma-track-record\"><\/div>\n\t<div class=\"section-inner\">\n\t\t<h3>Esimerkkej\u00e4 M&#038;A-kauppojen toteutuksista<\/h3>\n\t\t<ul class=\"layout-column4\">\n\t\t\t<li>\n\t\t\t\t<div><img decoding=\"async\" src=\"\/wp-content\/themes\/monolith2021\/img\/practices-youtuberlaw\/practices-youtuberlaw_necessity_pic3.jpg\" alt=\"YouTube channel\"><\/div>\n\t\t\t\t<h4>YouTube-kanavat<\/h4>\n\t\t\t\t<p>Olemme toteuttaneet M&#038;A-kauppoja ja due diligence -tarkastuksia, joiden arvo ylitt\u00e4\u00e4 100 miljoonaa jeni\u00e4, kuten VTuber- ja anime-YouTube-kanavien siirtoja.<\/p>\n\t\t\t<\/li>\n\t\t\t<li>\n\t\t\t\t<div><img decoding=\"async\" src=\"\/wp-content\/themes\/monolith2021\/img\/snsmalaw\/snsmalaw_example_pic2.jpg\" alt=\"Twitter account\"><\/div>\n\t\t\t\t<h4>Twitter-tilit<\/h4>\n\t\t\t\t<p>K\u00e4sittelemme suuren m\u00e4\u00e4r\u00e4n sopimuksia ja due diligence -tarkastuksia, jotka liittyv\u00e4t tiedottavien Twitter-tilien siirtoihin.<\/p>\n\t\t\t<\/li>\n\t\t\t<li>\n\t\t\t\t<div><img decoding=\"async\" src=\"\/wp-content\/themes\/monolith2021\/img\/snsmalaw\/snsmalaw_example_pic3.jpg\" alt=\"Instagram account\"><\/div>\n\t\t\t\t<h4>Instagram-tilit<\/h4>\n\t\t\t\t<p>Tuemme Instagram-tilien siirtoja osana omistusmedioiden liiketoiminnan siirtoa.<\/p>\n\t\t\t<\/li>\n\t\t\t<li>\n\t\t\t\t<div><img decoding=\"async\" src=\"\/wp-content\/themes\/monolith2021\/img\/snsmalaw\/snsmalaw_example_pic4.jpg\" alt=\"Other SNS\"><\/div>\n\t\t\t\t<h4>Muut sosiaalisen median palvelut<\/h4>\n\t\t\t\t<p>Meill\u00e4 on my\u00f6s kokemusta ja osaamista koskien muita sosiaalisen median palveluita ja verkkopalveluja.<\/p>\n\t\t\t<\/li>\n\t\t<\/ul>\n\t<\/div>\n<\/section>\n\n<section class=\"white-section\">\n\t<div class=\"section-inner pdt0\">\n\t\t<div class=\"frame2 max-width860 txt-center-pc\">\n\t\t\t<p class=\"bold txt-l\">MONOLITH LAW OFFICE on lakitoimisto,<br class=\"pcOnly\">joka on erikoistunut IT-, internet- ja liiketoiminta-aloille.<br class=\"pcOnly\">Tarjoamme oikeudellisia palveluita sopimusten laatimisesta due diligence -tarkastuksiin (DD) M&#038;A-kaupoissa, YouTube-kanavista<br class=\"pcOnly\">pienist\u00e4 kaupoista yli 100 miljoonan jenin transaktioihin.<br class=\"pcOnly\"><\/p>\n\t\t<\/div>\n\t<\/div>\n<\/section>\n\n<section class=\"orange-section\">\n\t<div class=\"anchor\" id=\"ma-special-feature-on-sns-such-as-youtube\"><\/div>\n\t<div class=\"section-inner\">\n\t\t<h3>Erityispiirteet M&#038;A-j\u00e4rjestelyiss\u00e4 sosiaalisessa mediassa, kuten YouTubessa<\/h3>\n\t\t<ul class=\"layout-column4\">\n\t\t\t<li>\n\t\t\t\t<div><img decoding=\"async\" src=\"\/wp-content\/themes\/monolith2021\/img\/snsmalaw\/snsmalaw_specificity_pic1.jpg\" alt=\"IT\/Internet-oikeudelliset asiat\"><\/div>\n\t\t\t\t<h4>IT\/Internet-oikeudelliset asiat<\/h4>\n\t\t\t\t<p>Juridisten tarkistuspisteiden asianmukainen m\u00e4\u00e4ritt\u00e4minen kauppatapahtumassa voi olla vaikeaa, ellei kyseess\u00e4 ole lakitoimisto, jolla on laaja kokemus IT:st\u00e4 ja internetist\u00e4.<\/p>\n\t\t\t<\/li>\n\t\t\t<li>\n\t\t\t\t<div><img decoding=\"async\" src=\"\/wp-content\/themes\/monolith2021\/img\/snsmalaw\/snsmalaw_specificity_pic2.jpg\" alt=\"Immaterialoikeus\"><\/div>\n\t\t\t\t<h4>Immaterialoikeus<\/h4>\n\t\t\t\t<p>Sosiaalisen median tilit siirrett\u00e4ess\u00e4 vaaditaan asiantuntemusta immateriaalioikeuksista, kuten tekij\u00e4noikeuksista, oikeuksien asianmukaiseen k\u00e4sittelyyn.<\/p>\n\t\t\t<\/li>\n\t\t\t<li>\n\t\t\t\t<div><img decoding=\"async\" src=\"\/wp-content\/themes\/monolith2021\/img\/snsmalaw\/snsmalaw_specificity_pic3.jpg\" alt=\"Lisensioinnit yms.\"><\/div>\n\t\t\t\t<h4>IP-lisensioinnit<\/h4>\n\t\t\t\t<p>Kolmansien osapuolien asettamien lisenssien ymm\u00e4rt\u00e4minen on v\u00e4ltt\u00e4m\u00e4t\u00f6nt\u00e4 sis\u00e4ll\u00f6n levitt\u00e4misess\u00e4 eri medioissa, ja t\u00e4m\u00e4 on eritt\u00e4in erikoistunut teht\u00e4v\u00e4.<\/p>\n\t\t\t<\/li>\n\t\t\t<li>\n\t\t\t\t<div><img decoding=\"async\" src=\"\/wp-content\/themes\/monolith2021\/img\/snsmalaw\/snsmalaw_specificity_pic4.jpg\" alt=\"Ehdot ja ohjeistukset\"><\/div>\n\t\t\t\t<h4>Ehdot<\/h4>\n\t\t\t\t<p>Esimerkiksi YouTuben kanavien Due Diligence (DD) -prosessi edellytt\u00e4\u00e4 terminologian tuntemusta sek\u00e4 ajantasaisuutta eri ohjeistusten uusimpien versioiden suhteen.<\/p>\n\t\t\t<\/li>\n\t\t<\/ul>\n\t<\/div>\n<\/section>\n\n<section class=\"white-section\">\n\t<div class=\"anchor\" id=\"responding-to-legal-due-diligence-dd\"><\/div>\n\t<div class=\"section-inner\">\n\t\t<div class=\"flex reverse\">\n\t\t\t<div class=\"width41\"><img decoding=\"async\" src=\"\/wp-content\/themes\/monolith2021\/img\/pic\/pic_legalduediligence.jpg\" alt=\"Vastaus oikeudelliseen due diligence (DD)\"><\/div>\n\t\t\t<div class=\"width51\">\n\t\t\t\t<h3>Vastaus oikeudelliseen due diligence -tarkastukseen<\/h3>\n\t\t\t\t<p class=\"mgb-small\">SNS-tilien, kuten YouTube-kanavien ja Twitterin, liiketoiminnan siirto sek\u00e4 niit\u00e4 omistavien yritysten osakekaupat ovat sopimuksia, jotka joissakin tapauksissa vaativat oikeudellisen due diligence -tarkastuksen (DD), aivan kuten niin sanotut tavalliset yrityskaupat.<\/p>\n\t\t\t\t<p class=\"mgb-small\">Meid\u00e4n lakitoimistomme MONOLITH LAW OFFICE valmistelee my\u00f6s oikeudellisen due diligence -tarkastuksen (DD) ja DD-raportit t\u00e4llaisille eritt\u00e4in erikoistuneille yrityskaupoille.<\/p>\n\t\t\t\t<p class=\"txt-s\">* DD-raportin luomisen yhteydess\u00e4 asianajajan ty\u00f6tunnit ovat periaatteessa 30 tuntia tai enemm\u00e4n (asianajajan palkkio on 1 miljoona jeni\u00e4 tai enemm\u00e4n).<\/p>\n\t\t\t<\/div>\n\t\t<\/div>\n\t<\/div>\n<\/section>\n\n<section class=\"white-section\">\n\t<div class=\"anchor\" id=\"legal-due-diligence-dd-peculiarities-of-sns-etc\"><\/div>\n\t<div class=\"section-inner-black\">\n\t\t<h3><br class=\"spOnly\">Sosiaalisen median oikeudellisen due diligence -erityispiirteet<\/h3>\n\t\t<p class=\"mgb-small\">Esimerkiksi YouTube-kanavan M&#038;A DD:t\u00e4 suorittaessa on otettava huomioon kanavalla julkaistujen videoiden laillisuus sek\u00e4 yhteensopivuus YouTuben k\u00e4ytt\u00f6ehtojen ja erilaisten ohjeistusten kanssa. Jos n\u00e4it\u00e4 ongelmia ilmenee, julkiset videot voidaan poistaa ja pahimmassa tapauksessa voidaan toteuttaa toimenpiteit\u00e4, kuten tilin j\u00e4\u00e4dytt\u00e4minen, mik\u00e4 voi johtaa kanavan arvon v\u00e4\u00e4rinymm\u00e4rrykseen.<\/p>\n\t\t<p class=\"mgb-small\">T\u00e4m\u00e4n vuoksi tarvitaan laaja-alaista juridista osaamista, joka kattaa muun muassa videoiden k\u00e4ytt\u00e4mien objektien ja musiikin tekij\u00e4noikeudet, ihmisten ulkon\u00e4k\u00f6\u00f6n liittyv\u00e4t henkil\u00f6kuvaoikeudet ja yksityisyyden suojan sek\u00e4 mainontaa koskevat s\u00e4\u00e4nn\u00f6kset, jotka voivat olla ongelmallisia esimerkiksi kosmetiikan ja terveysruokien esittelyss\u00e4. On kriittisen t\u00e4rke\u00e4\u00e4 ymm\u00e4rt\u00e4\u00e4 k\u00e4ytt\u00f6ehdot ja erilaiset ohjeistukset sek\u00e4 pysy\u00e4 ajan tasalla niiden viimeisimmist\u00e4 versioista.<\/p>\n\t\t<p class=\"mgb-middle\">Lis\u00e4ksi, koska k\u00e4ytt\u00f6ehdot ja ohjeistukset luodaan vapaaehtoisesti, on olennaista l\u00f6yt\u00e4\u00e4 alaan erikoistunut lakitoimisto, kuten MONOLITH LAW OFFICE.<\/p>\n\n\n\n\t<\/div>\n<\/section>\n\n<section class=\"white-section\">\n\t<div class=\"anchor\" id=\"an-example-of-our-client\"><\/div>\n\t<div class=\"section-inner\">\n\t\t<h3>Asiakasesimerkkimme<\/h3>\n\t\t<ul class=\"layout-column4 mgb-middle\">\n\t\t\t<li>\n\t\t\t\t<div><img decoding=\"async\" src=\"\/wp-content\/themes\/monolith2021\/img\/clients\/logo_zizai.png\" alt=\"ZIZAI\"><\/div>\n\t\t\t\t<h4><a href=\"https:\/\/zizai.co.jp\/\" target=\"_blank\" rel=\"noopener noreferrer\">ZIZAI Inc.<\/a><\/h4>\n\t\t\t\t<p>Hoidamme projektia ZIZAI Inc.:lle, joka py\u00f6ritt\u00e4\u00e4 VTuber\/virtuaali-YouTuber Miraiakaria ja pachinko\/slot-harjoitusvideokanavaa Sulopachi Station.<\/p>\n\t\t\t<\/li>\n\t\t\t<li>\n\t\t\t\t<div><img decoding=\"async\" src=\"\/wp-content\/themes\/monolith2021\/img\/clients\/logo_plott.png\" alt=\"Plott Inc.\"><\/div>\n\t\t\t\t<h4><a href=\"https:\/\/plott.tokyo\/\" target=\"_blank\" rel=\"noopener noreferrer\">Plott Inc.<\/a><\/h4>\n\t\t\t\t<p>Hoidamme projektia Plott Co., Ltd.:lle, joka hallinnoi anime YouTube -kanavia kuten &#8220;Teikou Penguin&#8221;, &#8220;KAREKORE of MIXED BLOOD&#8221;, &#8220;Grim Reaper Flag Chan!&#8221; ja &#8220;Yaruminati&#8221;.<\/p>\n\t\t\t<\/li>\n\t\t\t<li>\n\t\t\t\t<div><img decoding=\"async\" src=\"\/wp-content\/themes\/monolith2021\/img\/clients\/logo_algorithm.png\" alt=\"Algorithm\"><\/div>\n\t\t\t\t<h4><a href=\"https:\/\/algorithms.co.jp\/\" target=\"_blank\" rel=\"noopenerrnoreferrer noopener\">Algorithm Inc.<\/a><\/h4>\n\t\t\t\t<p>Hoidamme projektia Algorithm Inc.:lle, jonka p\u00e4\u00e4toimiala on affiliate-median hankinta ja aktivointi sek\u00e4 &#8220;feely&#8221; ja &#8220;tabiyori&#8221; -medioiden operointi.<\/p>\n\t\t\t<\/li>\n\t\t\t<li>\n\t\t\t\t<div><img decoding=\"async\" src=\"\/wp-content\/themes\/monolith2021\/img\/clients\/logo_mediano.png\" alt=\"Mediano\"><\/div>\n\t\t\t\t<h4><a href=\"https:\/\/mediano-ltd.co.jp\/\" target=\"_blank\" rel=\"noopener noreferrer\">Mediano Co., Ltd.<\/a><\/h4>\n\t\t\t\t<p>Hoidamme projektia Mediano Co., Ltd.:lle, jonka p\u00e4\u00e4toimiala on \u00e4lypuhelinsovellukset sek\u00e4 M&#038;A-kaupat, jotka toteuttavat molempien osapuolten vahvuuksia hy\u00f6dynt\u00e4v\u00e4\u00e4 yhteisty\u00f6t\u00e4 ja my\u00f6s siirrett\u00e4v\u00e4ksi suunniteltujen medioiden sis\u00e4ll\u00f6n hankintaa.<\/p>\n\t\t\t<\/li>\n\t\t<\/ul>\n\t\t<p class=\"txt-s\">*Vastaamme my\u00f6s monista muista asiakasprojekteista. T\u00e4ll\u00e4 sivulla on lueteltu vain ne yritykset, joilla on lupa liikesuhteiden tietojen julkistamiseen. Luottamuksellisuusvelvoitteiden vuoksi asiakkuutesi tosiasia pidet\u00e4\u00e4n tiukasti salassa.<\/p>\n\t<\/div>\n<\/section>\n\n<section class=\"white-section\">\n\t<div class=\"section-inner\">\n\t\t<div class=\"frame2 max-width860 txt-center-pc\">\n\t\t\t<p class=\"bold txt-l mgb-small\">Julkaisutoiminta YouTuber\/VTuber-oikeusasioissa<\/p>\n\t\t\t<p>YouTuberien\/VTuberien oikeusasiat ovat eritt\u00e4in erikoistunut ala. MONOLITH LAW OFFICEn edustaja, asianajaja Toki Kawase, on my\u00f6s aktiivinen n\u00e4ihin aiheisiin liittyv\u00e4ss\u00e4 julkaisutoiminnassa.<\/p>\n\t\t<\/div>\n\t<\/div>\n<\/section>\n<section class=\"orange-section\">\n\t<div class=\"anchor\" id=\"book-writing-records\"><\/div>\n\t<div class=\"section-inner\">\n\t\t<div class=\"flex reverse\">\n\t\t\t<div class=\"width41\"><img decoding=\"async\" src=\"\/wp-content\/uploads\/2022\/07\/it_law_book.jpg\" alt=\"Julkaisuhistoria vahvana SNS-oikeusasioissa kuten YouTube\"><\/div>\n\t\t\t<div class=\"width51\">\n\t\t\t\t<h3>Julkaisutoiminta SNS-oikeudellisissa asioissa erikoistuneena lakimiehen\u00e4, mukaan lukien YouTube<\/h3>\n\t\t\t\t<p>&#8220;IT-lakimies, kerro meille YouTube-laeista ja ehdoista&#8221; (Shodensha, 30. hein\u00e4kuuta 2022) on julkaistu selitt\u00e4m\u00e4\u00e4n YouTubeen liittyvi\u00e4 s\u00e4\u00e4nn\u00f6ksi\u00e4 ja ehtoja aloittelijoille. Kysymys- ja vastausmuodossa kirja selitt\u00e4\u00e4, kuinka luoda erilaisia sopimuksia ja tarkistuspisteit\u00e4 kullekin teemalle, alkaen M&amp;A:lle edellytyksen\u00e4 olevista sopimuksista aina liiketoiminnan siirtosopimuksiin.<\/p>\n\t\t\t<\/div>\n\t\t<\/div>\n\t<\/div>\n<\/section>\n<section class=\"white-section\">\n\t<div class=\"anchor\" id=\"media-appearance-record\"><\/div>\n\t<div class=\"section-inner\">\n\t\t<div class=\"flex\">\n\t\t\t<div class=\"width41\"><img decoding=\"async\" src=\"\/wp-content\/themes\/monolith2021\/img\/practices-youtuberlaw\/practices-youtuberlaw_pic2.jpg\"><\/div>\n\t\t\t<div class=\"width51\">\n\t\t\t\t<h3>VTuber-aiheinen vierailu &#8220;ABEMA Prime&#8221; -ohjelmassa<\/h3>\n\t\t\t\t<p>&#8220;ABEMA Prime&#8221; -ohjelmassa, joka l\u00e4hetettiin 16. helmikuuta ja 20. toukokuuta 2022, edustava asianajajamme kommentoi oikeudellisia kysymyksi\u00e4, kuten VTuberien yksityisyytt\u00e4 ja kiistanalaisia vaikuttajia, jotka aiheuttavat h\u00e4mmennyst\u00e4 internetiss\u00e4.<\/p>\n\t\t\t<\/div>\n\t\t<\/div>\n\t<\/div>\n<\/section>\n\n<section class=\"purple2-section\">\n\t<div class=\"anchor\" id=\"monolith-law-magazine\"><\/div>\n\t<div class=\"section-inner\">\n\t\t    <section class=\"white-section temp-article\">\n        <div class=\"section-inner\">\n            <h4>MONOLITH LAW MAGAZINE<\/h4>\n            <div class=\"articles type_practice_column\">\n                                                                    <div class=\"article article-area\">\n                        <figure>\n                            <div class=\"img-wrap\">\n                                <img alt=\"Virtuaalisten YouTubereiden ja VTubereiden ostaminen ja liiketoiminnan siirto\" src=\"https:\/\/monolith.law\/fi\/wp-content\/uploads\/sites\/30\/2024\/01\/youtuber-vtubervirtual-youtuber-ma-1.jpg\" width=\"500\" height=\"250\">\n                            <\/div>\n                            <figcaption>\n                                <div class=\"figcaption-inner\">\n                                    <h3>Virtuaalisten YouTubereiden ja VTubereiden ostaminen ja liiketoiminnan siirto<\/h3>\n                                <\/div>\n                            <\/figcaption>\n                            <a href=\"https:\/\/monolith.law\/fi\/internet\/virtual-youtuber-ma\"><\/a>\n                        <\/figure>\n                    <\/div>\n                                                    <div class=\"article article-area\">\n                        <figure>\n                            <div class=\"img-wrap\">\n                                <img alt=\"YouTuberin liiketoiminnan luovutus ja luovutuksen j\u00e4lkeinen johtamissopimuksen sopimus\" src=\"https:\/\/monolith.law\/fi\/wp-content\/uploads\/sites\/30\/2024\/02\/youtuber-business-transfer-Management-contract-i.jpg\" width=\"500\" height=\"250\">\n                            <\/div>\n                            <figcaption>\n                                <div class=\"figcaption-inner\">\n                                    <h3>YouTuberin liiketoiminnan luovutus ja luovutuksen j\u00e4lkeinen johtamissopimuksen s.<\/h3>\n                                <\/div>\n                            <\/figcaption>\n                            <a href=\"https:\/\/monolith.law\/fi\/internet\/youtuber-business-transfer-management-contract\"><\/a>\n                        <\/figure>\n                    <\/div>\n                                            <\/div>\n            <div class=\"btn-more\"><a href=\"https:\/\/monolith.law\/fi\/tag\/m-and-a-of-sns-accounts\">Read More<\/a><\/div>\n        <\/div>\n    <\/section>\n\t<\/div>\n<\/section>\n\n<section class=\"orange2-section\">\n\t<div class=\"anchor\" id=\"fee-structure\"><\/div>\n\t<div class=\"section-inner\">\n\t<div class=\"planWrap\">\n\t<h3>Palkkiorakenne<\/h3>\n\t<ul class=\"plan\">\n\t\t<li class=\"txt-left\">\n\t\t\t<div class=\"plan-inner\">\n\t\t\t<div class=\"plan-header\">\n\t\t\t<h4 class=\"plan-title\">Tuntiveloitus<\/h4>\n\t\t\t<div class=\"plan-price\"><span class=\"price-figure\">$300<\/span>tunnissa<span class=\"price-tax\"><\/span><\/div>\n\t\t\t<\/div>\n\t\t\t<div class=\"plan-body\">Tietyiss\u00e4 tapauksissa saatamme harkita riidan tai kanteen vastaanottamista aloitusmaksulla ja tulospalkkiolla. Lis\u00e4tietoja varten ota rohkeasti yhteytt\u00e4 meihin.<\/div>\n\t\t\t<\/div>\n\t\t<\/li>\n\t\t<li class=\"txt-left\">\n\t\t\t<div class=\"plan-inner\">\n\t\t\t<div class=\"plan-header\">\n\t\t\t<h4 class=\"plan-title\">Sopimusten Laatiminen<\/h4>\n\t\t\t<div class=\"plan-price\"><span class=\"price-value\">alkaen<\/span><span class=\"price-figure\">$500<\/span><span class=\"price-value\">to $2,000 tai enemm\u00e4n<\/span><span class=\"price-tax\"><\/span><\/div>\n\t\t\t<\/div>\n\t\t\t<div class=\"plan-body\">Hinnoittelurakenne voi vaihdella sopimusten tyypin ja m\u00e4\u00e4r\u00e4n mukaan. Tarjoamme mielell\u00e4mme alustavan arvion tiedustelun yhteydess\u00e4, joten \u00e4l\u00e4 ep\u00e4r\u00f6i ottaa meihin yhteytt\u00e4 saadaksesi lis\u00e4tietoja.<\/div>\n\t\t\t<\/div>\n\t\t<\/li>\n\t\t<li class=\"txt-left\">\n\t\t\t<div class=\"plan-inner\">\n\t\t\t<div class=\"plan-header\">\n\t\t\t<h4 class=\"plan-title\">Muut Palvelut<\/h4>\n\t\t\t<div class=\"plan-price\"><span class=\"price-figure\">Ota Yhteytt\u00e4<\/span><\/div>\n\t\t\t<\/div>\n\t\t\t<div class=\"plan-body\">Tarjoamme laajan valikoiman palveluita, joihin kuuluvat yrityksen perustaminen, sopimusten tarkastus, oikeudelliset lausunnot, tapausten katselmus tai tutkimuskirjeet. Jos sinulla on kysytt\u00e4v\u00e4\u00e4 tai huolenaiheita, kutsun sinut yst\u00e4v\u00e4llisesti ottamaan yhteytt\u00e4 meihin, ja asiantunteva tiimimme auttaa sinua mielell\u00e4\u00e4n.<\/div>\n\t\t\t<\/div>\n\t\t\t<\/div>\n\t\t<\/li>\n\t<\/ul>\n\t<\/div>\n\t<\/div>\n<\/section>\n\n<section class=\"white-section\">\n\t<div class=\"section-inner\">\n\t\t<div class=\"btn-area\">\n\t\t\t<div class=\"btn icon-contact\"><a href=\"\/fi\/contact\">Ota Yhteytt\u00e4<\/a><\/div>\n\t\t<\/div>\n\t<\/div>\n<\/section>\n","protected":false},"excerpt":{"rendered":"<p>Sosiaalisen median tilien yrityskaupat YouTube-kanavien ja Twitter-tilien yrityskaupat ovat eritt\u00e4in erikoistunutta aluetta, joka vaatii erikoistiet\u00e4myst\u00e4 ja osaamista. Lakitoimistona, jossa on IT:n,  [&hellip;]<\/p>\n","protected":false},"author":1,"featured_media":57173,"parent":0,"menu_order":7,"comment_status":"closed","ping_status":"closed","template":"other-page-temp.php","meta":{"footnotes":""},"acf":[],"_links":{"self":[{"href":"https:\/\/monolith.law\/fi\/wp-json\/wp\/v2\/pages\/31513"}],"collection":[{"href":"https:\/\/monolith.law\/fi\/wp-json\/wp\/v2\/pages"}],"about":[{"href":"https:\/\/monolith.law\/fi\/wp-json\/wp\/v2\/types\/page"}],"author":[{"embeddable":true,"href":"https:\/\/monolith.law\/fi\/wp-json\/wp\/v2\/users\/1"}],"replies":[{"embeddable":true,"href":"https:\/\/monolith.law\/fi\/wp-json\/wp\/v2\/comments?post=31513"}],"version-history":[{"count":67,"href":"https:\/\/monolith.law\/fi\/wp-json\/wp\/v2\/pages\/31513\/revisions"}],"predecessor-version":[{"id":65467,"href":"https:\/\/monolith.law\/fi\/wp-json\/wp\/v2\/pages\/31513\/revisions\/65467"}],"wp:featuredmedia":[{"embeddable":true,"href":"https:\/\/monolith.law\/fi\/wp-json\/wp\/v2\/media\/57173"}],"wp:attachment":[{"href":"https:\/\/monolith.law\/fi\/wp-json\/wp\/v2\/media?parent=31513"}],"curies":[{"name":"wp","href":"https:\/\/api.w.org\/{rel}","templated":true}]}}