{"id":31896,"date":"2023-11-06T23:00:19","date_gmt":"2023-11-06T14:00:19","guid":{"rendered":"https:\/\/monolith.law\/?page_id=31896"},"modified":"2024-02-07T17:17:14","modified_gmt":"2024-02-07T08:17:14","slug":"cybercrime","status":"publish","type":"page","link":"https:\/\/monolith.law\/fi\/cybercrime","title":{"rendered":"Kyberrikollisuus"},"content":{"rendered":"\n<section class=\"heading-area\">\n\t<div class=\"heading-area-inner\">\n\t\t<h2 class=\"icon-cybercrime\">Kyberrikollisuus<\/h2>\n\t\t<p>Kyberrikollisuus on vakava ongelma nyky-yhteiskunnassa, ja on kriittist\u00e4, ett\u00e4 yritykset ryhtyv\u00e4t asianmukaisiin toimiin joutuessaan t\u00e4llaisten rikosten uhreiksi. Lakimiestiimimme, jolla on sek\u00e4 juridista tiet\u00e4myst\u00e4 ett\u00e4 IT-osaamista, sek\u00e4 aktiiviset IT-insin\u00f6\u00f6rit ja IT-konsultit, voivat tarjota tarkkaan yrityksen tilanteeseen r\u00e4\u00e4t\u00e4l\u00f6ity\u00e4 neuvontaa ja avustaa rikosprosessin k\u00e4ynnist\u00e4misess\u00e4.<\/p>\n\t<\/div>\n<\/section>\n\n<section class=\"white-section\">\n\t<div class=\"section-inner pdt0  border-bottom-section\">\n\t\t<p>Asiantuntijoiden apuun turvautuminen on tehokasta, kun halutaan nopeuttaa tutkintaa ja pid\u00e4tyksi\u00e4 Japanin poliisin toimesta tapauksissa, jotka liittyv\u00e4t luvattomaan p\u00e4\u00e4syyn Japanissa. IT-painotteisena lakitoimistona tarjoamme oikeudellista apua yrityksille, jotka ovat joutuneet kyberrikosten, kuten luvattoman p\u00e4\u00e4syn ja laittoman datan ulosviennin, uhreiksi. T\u00e4h\u00e4n sis\u00e4ltyy apu rikosilmoitusten ja raporttien tekemisess\u00e4 rikostutkinnan aloittamiseksi.<\/p>\n\t<\/div>\n<\/section>\n\n<section class=\"second-nav\">\n\t<div class=\"second-nav-inner\">\n\t\t<p>AIHEET<\/p>\n\t\t<nav>\n\t\t\t<ul>\n\t\t\t\t<li><a href=\"#specialized-expertise-in-cybersecurity\">Erikoisosaaminen kyberturvallisuudessa<\/a><\/li>\n\t\t\t\t<li><a href=\"#the-need-for-addressing-cybercrime\">Kyberrikollisuuden k\u00e4sittelemisen tarve<\/a><\/li>\n\t\t\t\t<li><a href=\"#the-challenges-of-criminal-prosecution-in-cybercrime-cases\">Haasteet kyberrikollisuustapausten rikosoikeudellisessa syytteess\u00e4<\/a><\/li>\n\t\t\t\t<li><a href=\"#synergy-of-lawyers-and-it-consultants\">Lakimiesten ja IT-konsulttien yhteisty\u00f6<\/a><\/li>\n\t\t\t\t<li><a href=\"#monolith-law-magazine\">MONOLITH LAW MAGAZINE<\/a><\/li>\n\t\t\t\t<li><a href=\"#fee-structure\">Palkkiorakenne<\/a><\/li>\n\t\t\t<\/ul>\n\t\t<\/nav>\n\t<\/div>\n<\/section>\n\n<section class=\"white-section\">\n\t<div class=\"anchor\" id=\"specialized-expertise-in-cybersecurity\"><\/div>\n\t<div class=\"section-inner pdb0\">\n\t\t<h3>Erityisosaamista kyberturvallisuudessa<\/h3>\n\t\t<div class=\"max-width980 mgb-small\"><img decoding=\"async\" src=\"\/wp-content\/themes\/monolith2021\/img\/dispute\/dispute_member.jpg\" alt=\"Erityisosaamista kyberturvallisuudessa\"><\/div>\n\t\t<div class=\"frame2 max-width860 txt-center-pc\">\n\t\t\t<p class=\"bold txt-l\">MONOLITH LAW OFFICE tarjoaa erityisosaamista IT-oikeudessa, jota johtaa edustava asianajaja, jolla on tausta entisen\u00e4 IT-insin\u00f6\u00f6rin\u00e4 ja johtajana. Toimistoon kuuluu 30 asianajajaa, Kenji Shinjo (neuvoja), entinen syytt\u00e4j\u00e4 Tokion korkeassa syytt\u00e4j\u00e4nvirastossa, ja tiimi 16 IT-konsulttia. Tarjoamme ratkaisuja monimutkaisten kyberturvallisuuteen liittyvien riitojen ratkaisemiseksi hy\u00f6dynt\u00e4en tiimimme syv\u00e4llist\u00e4 tiet\u00e4myst\u00e4 ja kokemusta IT-oikeudesta.<\/p>\n\t\t<\/div>\n\t<\/div>\n<\/section>\n\n<section class=\"orange-section mgt-section\">\n\t<div class=\"anchor\" id=\"the-need-for-addressing-cybercrime\"><\/div>\n\t<div class=\"section-inner\">\n\t\t<div class=\"flex\">\n\t\t\t<div class=\"width41\"><img decoding=\"async\" src=\"\/wp-content\/uploads\/2023\/05\/dispute_pic2.jpg\" alt=\"Tarve puuttua kyberrikollisuuteen\"><\/div>\n\t\t\t<div class=\"width51\">\n\t\t\t\t<h3>Kyberturvallisuuden haasteet<\/h3>\n\t\t\t\t<p class=\"mgb-small\">Nykyajassa kyberrikollisuus muodostaa yh\u00e4 merkitt\u00e4v\u00e4mm\u00e4n uhan. Kyberhy\u00f6kk\u00e4yksi\u00e4 on monenlaisia, kuten luvaton p\u00e4\u00e4sy, laiton tietojen vieminen, roskapostit, phishing-huijaukset ja haittaohjelmahy\u00f6kk\u00e4ykset.<\/p>\n\t\t\t\t<p class=\"mgb-small\">Luvaton p\u00e4\u00e4sy tarkoittaa tietokonej\u00e4rjestelm\u00e4\u00e4n tunkeutumista tiedon varastamiseksi tai muokkaamiseksi. Yrityksille t\u00e4m\u00e4 voi johtaa luottamuksellisen tiedon varkauteen tai j\u00e4rjestelm\u00e4n h\u00e4iri\u00f6ihin, jotka alentavat tuottavuutta. Laiton tietojen vieminen liittyy arkaluonteisen yritystiedon vuotamiseen ulkopuolisille tahoille. T\u00e4m\u00e4 voi tapahtua, kun ty\u00f6ntekij\u00e4t toimivat sis\u00e4piirin\u00e4 ja viev\u00e4t luottamuksellista tietoa yrityksest\u00e4 tai kun ulkopuoliset hy\u00f6kk\u00e4\u00e4j\u00e4t saavat luvattoman p\u00e4\u00e4syn varastaakseen tietoja.<\/p>\n\t\t\t\t<p>N\u00e4m\u00e4 kyberhy\u00f6kk\u00e4ykset aiheuttavat yrityksille merkitt\u00e4v\u00e4\u00e4 vahinkoa, kuten tietomurtoja ja liiketoiminnan keskeytyksi\u00e4, mutta ne my\u00f6s heikent\u00e4v\u00e4t yrityksen sosiaalista luottamusta henkil\u00f6tietojen vuotamisen kautta. On elint\u00e4rke\u00e4\u00e4 ryhty\u00e4 oikeudellisiin toimenpiteisiin kyberrikollisuuden k\u00e4sittelemiseksi yritysten ja yksil\u00f6iden turvallisuuden suojelemiseksi.<\/p>\n\t\t\t<\/div>\n\t\t<\/div>\n\t<\/div>\n<\/section>\n\n<section class=\"white-section\">\n\t<div class=\"anchor\" id=\"the-challenges-of-criminal-prosecution-in-cybercrime-cases\"><\/div>\n\t<div class=\"section-inner\">\n\t\t<div class=\"flex reverse\">\n\t\t\t<div class=\"width41\"><img decoding=\"async\" src=\"\/wp-content\/uploads\/2023\/05\/dispute_pic2-1.jpg\" alt=\"Haasteet kyberrikollisuuden syytteeseenpanossa\"><\/div>\n\t\t\t<div class=\"width51\">\n\t\t\t\t<h3>Kyberrikosten syytteen asettamisen haasteet<\/h3>\n\t\t\t\t<p class=\"mgb-small\">Jos henkil\u00f6 joutuu kyberrikoksen uhriksi ja ilmoittaa tapahtuneesta poliisille, yleens\u00e4 odotetaan, ett\u00e4 poliisi suorittaa tutkinnan, tunnistaa tekij\u00e4n ja etenee pid\u00e4tyksiin sek\u00e4 syytteisiin. T\u00e4m\u00e4 on &#8220;tavallisen kansalaisen k\u00e4sitys&#8221;. Valitettavasti Japanissa talousrikoksiin, jotka eiv\u00e4t uhkaa ihmishenke\u00e4 tai fyysist\u00e4 hyvinvointia, erityisesti kyberrikosten tapauksessa, poliisin tutkintaresurssit ovat k\u00e4yt\u00e4nn\u00f6ss\u00e4 rajalliset. Ilman ett\u00e4 uhri suorittaa perusteellisia tutkimuksia ja luo laajaa dokumentaatiota, kuten &#8220;tapahtumaraportteja&#8221;, on vaikeaa tehokkaasti edist\u00e4\u00e4 poliisitutkintaa.<\/p>\n\t\t\t\t<p class=\"mgb-small\">Oikealla olevassa valokuvassa n\u00e4kyy asiakirjojen m\u00e4\u00e4r\u00e4, jonka lakitoimistomme MONOLITH LAW OFFICE on luonut tietyss\u00e4 kyberrikosasiassa tekij\u00e4n todellisen pid\u00e4tyksen ja tuomitsemisen saavuttamiseksi. Rikosilmoituksen tai uhri-ilmoituksen tekemisen j\u00e4lkeenkin uhrin on jatkettava erilaisten yksityiskohtaisten materiaalien luomista ja toimittamista poliisin pyynn\u00f6st\u00e4. Tutkintojen ja pid\u00e4tysten helpottamiseksi on valmisteltava ja toimitettava merkitt\u00e4v\u00e4 m\u00e4\u00e4r\u00e4 dokumentaatiota.<\/p>\n\t\t\t\t<p>Kyberrikosten uhrien rikosoikeudellisen syytteen tukeminen vaatii lakitoimistoa, jolla on korkea asiantuntemus ja organisatoriset kyvyt.<\/p>\n\t\t\t<\/div>\n\t\t<\/div>\n\t<\/div>\n<\/section>\n\n<section class=\"purple-section\">\n\t<div class=\"anchor\" id=\"synergy-of-lawyers-and-it-consultants\"><\/div>\n\t<div class=\"section-inner\">\n\t\t<div class=\"flex reverse\">\n\t\t\t<div class=\"width51\">\n\t\t\t\t<h3>Lakimiesten ja IT-konsulttien yhteisty\u00f6<\/h3>\n\t\t\t\t<p class=\"mgb-small\">Jotta kyberrikosten aiheuttamien vahinkojen laajuus voidaan raportoida tehokkaasti poliisille ja tarjota tietoa, joka johtaa rikollisten j\u00e4ljille, vaaditaan edistynytt\u00e4 IT-tiet\u00e4myst\u00e4 ja oikeudellista analyysi\u00e4. Esimerkiksi luvattomissa k\u00e4ytt\u00f6tapauksissa on tulkittava alustojen, kuten Apachen, lokitietoja, tunnistettava ongelmalliset k\u00e4ytt\u00f6kerrat ja arvioitava niiden laillisia seuraamuksia selitt\u00e4\u00e4kseen, miksi ne luokitellaan &#8220;luvattomiksi&#8221; k\u00e4ytt\u00f6kerroiksi. N\u00e4m\u00e4 havainnot on esitett\u00e4v\u00e4 loogisesti johdonmukaisessa asiakirjassa.<\/p>\n\t\t\t\t<p class=\"mgb-small\">T\u00e4m\u00e4n saavuttamiseksi tarvitaan IT-insin\u00f6\u00f6rien tasoisia asiantuntijatietoja ja erikoistunutta tiet\u00e4myst\u00e4 IT-oikeudesta.<\/p>\n\t\t\t\t<p>Lakitoimistomme MONOLITH LAW OFFICE koostuu 30 lakimiehest\u00e4, johtajana toimii entinen IT-insin\u00f6\u00f6ri, jolla on kokemusta web-pohjaisista yrityksist\u00e4, sek\u00e4 tiimist\u00e4, joka sis\u00e4lt\u00e4\u00e4 16 IT-konsulttia ja 85 henkil\u00f6kunnan j\u00e4sent\u00e4. T\u00e4ll\u00e4 organisaatiorakenteella olemme ainutlaatuisessa asemassa tarjotaksemme kattavia yhden luukun ratkaisuja.<\/p>\n\t\t\t<\/div>\n\t\t\t<div class=\"width41\"><img decoding=\"async\" src=\"\/wp-content\/themes\/monolith_en\/img\/operationofofmedia\/operationofofmedia_pic5.svg\" alt=\"Lakimiesten ja IT-konsulttien synergia\"><\/div>\n\t\t<\/div>\n\t<\/div>\n<\/section>\n\n<section class=\"purple2-section\">\n\t<div class=\"anchor\" id=\"monolith-law-magazine\"><\/div>\n\t<div class=\"section-inner\">\n\t\t    <section class=\"white-section temp-article\">\n        <div class=\"section-inner\">\n            <h4>MONOLITH LAW MAGAZINE<\/h4>\n            <div class=\"articles type_practice_column\">\n                                                                    <div class=\"article article-area\">\n                        <figure>\n                            <div class=\"img-wrap\">\n                                <img alt=\"Onko kuvakaappaus tekij\u00e4noikeuden rikkomista? Selitys my\u00f6s julkaisijan tunnistamisesta ja poistomenetelmist\u00e4\" src=\"https:\/\/monolith.law\/fi\/wp-content\/uploads\/sites\/30\/2024\/11\/30375485_m-1024x683-1.webp\" width=\"500\" height=\"250\">\n                            <\/div>\n                            <figcaption>\n                                <div class=\"figcaption-inner\">\n                                    <h3>Onko kuvakaappaus tekij\u00e4noikeuden rikkomista? Selitys my\u00f6s julkaisijan tunnistam.<\/h3>\n                                <\/div>\n                            <\/figcaption>\n                            <a href=\"https:\/\/monolith.law\/fi\/it\/screenshots-copyright\"><\/a>\n                        <\/figure>\n                    <\/div>\n                                                    <div class=\"article article-area\">\n                        <figure>\n                            <div class=\"img-wrap\">\n                                <img alt=\"\u3010Pikauutinen\u3011Vuonna Reiwa 5 (2023) havaittujen luvattomien k\u00e4ytt\u00f6oikeuksien m\u00e4\u00e4r\u00e4 on kolminkertaistunut vuodessa\" src=\"https:\/\/monolith.law\/fi\/wp-content\/uploads\/sites\/30\/2024\/07\/Shutterstock_2236181323.webp\" width=\"500\" height=\"250\">\n                            <\/div>\n                            <figcaption>\n                                <div class=\"figcaption-inner\">\n                                    <h3>\u3010Pikauutinen\u3011Vuonna Reiwa 5 (2023) havaittujen luvattomien k\u00e4ytt\u00f6oikeuksien m\u00e4\u00e4r.<\/h3>\n                                <\/div>\n                            <\/figcaption>\n                            <a href=\"https:\/\/monolith.law\/fi\/it\/unauthorized-access-statistics-2023\"><\/a>\n                        <\/figure>\n                    <\/div>\n                                                    <div class=\"article article-area\">\n                        <figure>\n                            <div class=\"img-wrap\">\n                                <img alt=\"Asianajajan selitys toimista ja tapauksista, joita 'Japanin luvaton k\u00e4ytt\u00f6\u00e4 koskeva laki' kielt\u00e4\u00e4\" src=\"https:\/\/monolith.law\/fi\/wp-content\/uploads\/sites\/30\/2024\/02\/shutterstock_772039471-1024x683-1.jpg\" width=\"500\" height=\"250\">\n                            <\/div>\n                            <figcaption>\n                                <div class=\"figcaption-inner\">\n                                    <h3>Asianajajan selitys toimista ja tapauksista, joita 'Japanin luvaton k\u00e4ytt\u00f6\u00e4 kosk.<\/h3>\n                                <\/div>\n                            <\/figcaption>\n                            <a href=\"https:\/\/monolith.law\/fi\/it\/injustice-access-law\"><\/a>\n                        <\/figure>\n                    <\/div>\n                                            <\/div>\n            <div class=\"btn-more\"><a href=\"https:\/\/monolith.law\/fi\/tag\/cybercrime\">Read More<\/a><\/div>\n        <\/div>\n    <\/section>\n\t<\/div>\n<\/section>\n\n<section class=\"orange2-section\">\n\t<div class=\"anchor\" id=\"fee-structure\"><\/div>\n\t<div class=\"section-inner\">\n\t<div class=\"planWrap\">\n\t<h3>Palkkiorakenne<\/h3>\n\t<ul class=\"plan\">\n\t\t<li class=\"txt-left\">\n\t\t\t<div class=\"plan-inner\">\n\t\t\t<div class=\"plan-header\">\n\t\t\t<h4 class=\"plan-title\">Tuntiveloitus<\/h4>\n\t\t\t<div class=\"plan-price\"><span class=\"price-figure\">$300<\/span>tunnissa<span class=\"price-tax\"><\/span><\/div>\n\t\t\t<\/div>\n\t\t\t<div class=\"plan-body\">Tietyiss\u00e4 tapauksissa saatamme harkita riidan tai kanteen vastaanottamista aloitusmaksulla ja tulospalkkiolla. Lis\u00e4tietoja varten ota rohkeasti yhteytt\u00e4 meihin.<\/div>\n\t\t\t<\/div>\n\t\t<\/li>\n\t\t<li class=\"txt-left\">\n\t\t\t<div class=\"plan-inner\">\n\t\t\t<div class=\"plan-header\">\n\t\t\t<h4 class=\"plan-title\">Sopimusten Laatiminen<\/h4>\n\t\t\t<div class=\"plan-price\"><span class=\"price-value\">alkaen<\/span><span class=\"price-figure\">$500<\/span><span class=\"price-value\">to $2,000 tai enemm\u00e4n<\/span><span class=\"price-tax\"><\/span><\/div>\n\t\t\t<\/div>\n\t\t\t<div class=\"plan-body\">Hinnoittelurakenne voi vaihdella sopimusten tyypin ja m\u00e4\u00e4r\u00e4n mukaan. Tarjoamme mielell\u00e4mme alustavan arvion tiedustelun yhteydess\u00e4, joten \u00e4l\u00e4 ep\u00e4r\u00f6i ottaa meihin yhteytt\u00e4 saadaksesi lis\u00e4tietoja.<\/div>\n\t\t\t<\/div>\n\t\t<\/li>\n\t\t<li class=\"txt-left\">\n\t\t\t<div class=\"plan-inner\">\n\t\t\t<div class=\"plan-header\">\n\t\t\t<h4 class=\"plan-title\">Muut Palvelut<\/h4>\n\t\t\t<div class=\"plan-price\"><span class=\"price-figure\">Ota Yhteytt\u00e4<\/span><\/div>\n\t\t\t<\/div>\n\t\t\t<div class=\"plan-body\">Tarjoamme laajan valikoiman palveluita, joihin kuuluvat yrityksen perustaminen, sopimusten tarkastus, oikeudelliset lausunnot, tapausten k\u00e4sittely tai tutkimuskirjeet. Jos sinulla on kysytt\u00e4v\u00e4\u00e4 tai huolenaiheita, kutsun sinut syd\u00e4mellisesti ottamaan yhteytt\u00e4 meihin, ja asiantunteva tiimimme on valmis auttamaan sinua.<\/div>\n\t\t\t<\/div>\n\t\t\t<\/div>\n\t\t<\/li>\n\t<\/ul>\n\t<\/div>\n\t<\/div>\n<\/section>\n\n<section class=\"white-section\">\n\t<div class=\"section-inner\">\n\t\t<div class=\"btn-area\">\n\t\t\t<div class=\"btn icon-contact\"><a href=\"\/fi\/contact\">Ota Yhteytt\u00e4<\/a><\/div>\n\t\t<\/div>\n\t<\/div>\n<\/section>\n","protected":false},"excerpt":{"rendered":"<p>Kyberrikollisuus Kyberrikollisuus on vakava ongelma nyky-yhteiskunnassa, ja on kriittist\u00e4, ett\u00e4 yritykset ryhtyv\u00e4t asianmukaisiin toimiin joutuessaan t\u00e4llaisten rikosten uhreiksi. Lakimiestiimimme, jo [&hellip;]<\/p>\n","protected":false},"author":1,"featured_media":57158,"parent":0,"menu_order":7,"comment_status":"closed","ping_status":"closed","template":"other-page-temp.php","meta":{"footnotes":""},"acf":[],"_links":{"self":[{"href":"https:\/\/monolith.law\/fi\/wp-json\/wp\/v2\/pages\/31896"}],"collection":[{"href":"https:\/\/monolith.law\/fi\/wp-json\/wp\/v2\/pages"}],"about":[{"href":"https:\/\/monolith.law\/fi\/wp-json\/wp\/v2\/types\/page"}],"author":[{"embeddable":true,"href":"https:\/\/monolith.law\/fi\/wp-json\/wp\/v2\/users\/1"}],"replies":[{"embeddable":true,"href":"https:\/\/monolith.law\/fi\/wp-json\/wp\/v2\/comments?post=31896"}],"version-history":[{"count":22,"href":"https:\/\/monolith.law\/fi\/wp-json\/wp\/v2\/pages\/31896\/revisions"}],"predecessor-version":[{"id":65472,"href":"https:\/\/monolith.law\/fi\/wp-json\/wp\/v2\/pages\/31896\/revisions\/65472"}],"wp:featuredmedia":[{"embeddable":true,"href":"https:\/\/monolith.law\/fi\/wp-json\/wp\/v2\/media\/57158"}],"wp:attachment":[{"href":"https:\/\/monolith.law\/fi\/wp-json\/wp\/v2\/media?parent=31896"}],"curies":[{"name":"wp","href":"https:\/\/api.w.org\/{rel}","templated":true}]}}