{"id":32193,"date":"2023-11-06T23:20:51","date_gmt":"2023-11-06T14:20:51","guid":{"rendered":"https:\/\/monolith.law\/?page_id=32193"},"modified":"2024-02-07T17:37:12","modified_gmt":"2024-02-07T08:37:12","slug":"terms-of-use","status":"publish","type":"page","link":"https:\/\/monolith.law\/fi\/terms-of-use","title":{"rendered":"K\u00e4ytt\u00f6ehdot"},"content":{"rendered":"\n<section class=\"heading-area\">\n\t<div class=\"heading-area-inner\">\n\t\t<h2 class=\"icon-terms-of-use\">K\u00e4ytt\u00f6ehdot<\/h2>\n\t\t<p>MONOLITH LAW OFFICE k\u00e4sittelee erilaisten sovellusten, palveluiden ja pelien k\u00e4ytt\u00f6ehtojen sek\u00e4 tietosuojak\u00e4yt\u00e4nt\u00f6jen luomista ja tarkastelua Japanissa. Lis\u00e4ksi voimme lukea vaatimusm\u00e4\u00e4rittelyj\u00e4si kyseisen sovelluskehityksen, Adobe XD -runkojen, laskeutumissivujen, potentiaalisille asiakkaille tarkoitettujen myyntimateriaalien ja muiden olemassa olevien asiakirjojen ja tietojen osalta.<\/p>\n\t<\/div>\n<\/section>\n\n<section class=\"white-section\">\n\t<div class=\"section-inner pdt0  border-bottom-section\">\n\t\t<p class=\"mgb-small\">MONOLITH LAW OFFICE:ssa k\u00e4sittelemme erilaisten k\u00e4ytt\u00f6ehtojen, tietosuojak\u00e4yt\u00e4nt\u00f6jen ja muiden tarvittavien sopimusten luomista, muokkaamista ja tarkastelua noudattaen sovellettavia lakeja ja s\u00e4\u00e4d\u00f6ksi\u00e4 Japanissa. Erikoistumme tarjoamaan oikeudellista tukea sovelluksille, palveluille, peleille ja muille digitaalisille alustoille.<\/p>\n\t\t<p class=\"mgb-small\">Voimme ty\u00f6skennell\u00e4 olemassa olevien materiaaliesi ja tietojesi kanssa, kuten vaatimusm\u00e4\u00e4rittelyjen, Adobe XD:ll\u00e4 luotujen runkojen, laskeutumissivujen ja potentiaalisiin asiakkaisiin kohdistuvien myyntimateriaalien parissa. Tiimimme kykenee ymm\u00e4rt\u00e4m\u00e4\u00e4n ja analysoimaan n\u00e4it\u00e4 materiaaleja varmistaakseen oikeudellisen yhdenmukaisuuden ja tarjoamaan arvokkaita n\u00e4kemyksi\u00e4.<\/p>\n\t\t<p>Ota rohkeasti yhteytt\u00e4, jos tarvitset apua k\u00e4ytt\u00f6ehtojen, tietosuojak\u00e4yt\u00e4nt\u00f6jen tai muiden sovelluksesi tai digitaalisen palvelusi toiminnan ja k\u00e4ynnist\u00e4misen kannalta v\u00e4ltt\u00e4m\u00e4tt\u00f6mien oikeudellisten asiakirjojen laatimisessa tai p\u00e4ivitt\u00e4misess\u00e4.<\/p>\n\t<\/div>\n<\/section>\n\n<section class=\"second-nav\">\n\t<div class=\"second-nav-inner\">\n\t\t<p>AIHEET<\/p>\n\t\t<nav>\n\t\t\t<ul>\n\t\t\t\t<li><a href=\"#apps-web-services-and-digital-platforms\">Sovellukset, verkkopalvelut ja digitaaliset alustat<\/a><\/li>\n\t\t\t\t<li><a href=\"#games\">Pelit<\/a><\/li>\n\t\t\t\t<li><a href=\"#publication-of-books-on-legal-matters-related-to-it\">Kirjojen julkaisu IT-oikeudellisista asioista<\/a><\/li>\n\t\t\t\t<li><a href=\"#crypto-asset-and-blockchain\">Kryptovaluutta ja lohkoketju<\/a><\/li>\n\t\t\t\t<li><a href=\"#medical-Apps-etc\">L\u00e4\u00e4ketieteelliset sovellukset jne.<\/a><\/li>\n\t\t\t\t<li><a href=\"#drafting-with-minimal-operating-time\">Luonnostelu minimaalisella toiminta-ajalla<\/a><\/li>\n\t\t\t\t<li><a href=\"#some-examples-of-our-clients-and-the-products\">Joitakin esimerkkej\u00e4 asiakkaistamme ja tuotteista<\/a><\/li>\n\t\t\t\t<li><a href=\"#monolith-law-magazine\">MONOLITH LAW MAGAZINE<\/a><\/li>\n\t\t\t\t<li><a href=\"#fee-structure\">Palkkiorakenne<\/a><\/li>\n\t\t\t<\/ul>\n\t\t<\/nav>\n\t<\/div>\n<\/section>\n\n<section class=\"white-section mgt-section mgb-section80\">\n\t<div class=\"anchor\" id=\"apps-web-services-and-digital-platforms\"><\/div>\n\t<div class=\"section-inner-black\">\n\t\t<h3>Sovellukset, verkkopalvelut ja digitaaliset alustat<\/h3>\n\t\t<p class=\"mgb-middle\">Meill\u00e4 on laaja kokemus sovellusten, verkkopalveluiden ja digitaalisten alustojen k\u00e4ytt\u00f6ehtojen, tietosuojak\u00e4yt\u00e4nt\u00f6jen ja muiden oikeudellisten asiakirjojen luomisessa ja muokkaamisessa. Tarjoamme my\u00f6s konsultointipalveluita, jotka auttavat varmistamaan verkkopalveluiden ja sovellusten lainmukaisen toiminnan sovellettavien s\u00e4\u00e4d\u00f6sten mukaisesti.<\/p>\n\t\t<h4 class=\"mgb-small\">T\u00e4ss\u00e4 on joitakin esimerkkej\u00e4 saavutuksistamme<\/h4>\n\t\t<p class=\"mgb-middle\">Taustamusiikin ja \u00e4\u00e4niefektien jakelupalvelut, taustamusiikin toistosovellukset, SaaS-pohjaiset puheentunnistuspalvelut B2B:lle, suoraan kuluttajille suunnatut verkkokauppasivustot, EC-alustat, palvelut, jotka mahdollistavat tietojen integroinnin SaaS-alustojen v\u00e4lill\u00e4, integraatiopalvelut SaaS-tarjoajille, artistialustat, myynnin tukity\u00f6kalut, henkil\u00f6kohtaisen talouden hallintasovellukset, ty\u00f6nhakuun liittyv\u00e4t verkkopalvelut ja alustat, pilvipohjaiset kulunhallintapalvelut, pilvipohjaiset l\u00e4sn\u00e4olonhallintapalvelut, pilvipohjaiset matkakulujen korvauspalvelut, ravintolisien myyntipalvelut, politiikkaan liittyv\u00e4t sosiaalisen verkostoitumisen palvelut, taksinkutsusovellukset, datan analysoinnin ulkoistamispalvelut, videopohjaiset sosiaalisen verkostoitumisen palvelut, liiketoimintaan keskittyv\u00e4t sosiaalisen verkostoitumisen alustat, liiketoiminnan yhteisty\u00f6kumppaneita etsiv\u00e4t verkkosivustot, sairaala-ajanvarausalustat, ohjelmointikoulut, lohkoketjupohjaiset sosiaalisen verkostoitumisen palvelut, lohkoketjupohjaiset mainosverkostot, viitetiedot palvelut, matka-concierge-palvelut, turvallisuuden varmistamisen palvelut, l\u00e4\u00e4ketieteelliset tietoverkkosysteemit, kryptovaluuttap\u00f6rssit (ulkomailla), hammasl\u00e4\u00e4k\u00e4riklinikoiden tietokantasivustot, vammaispalvelut, pilvipohjaiset palvelut uusien valmistuneiden rekrytointiin, ty\u00f6ntekij\u00f6iden hallintaan ja koulutukseen, viralliset tuontiautojen myyntisivustot, el\u00e4m\u00e4ntapaa tukevat palvelut, startup-tukipalvelut, antisosiaalisen tarkistuksen palvelut<\/p>\n\t<\/div>\n<\/section>\n\n<section class=\"white-section mgt-section mgb-section\">\n\t<div class=\"anchor\" id=\"games\"><\/div>\n\t<div class=\"section-inner-black\">\n\t\t<h3>Pelit<\/h3>\n\t\t<p class=\"mgb-small\">Meill\u00e4 on laaja kokemus erilaisten pelien k\u00e4ytt\u00f6ehtojen laatimisessa, konsolipeleist\u00e4 mobiilipeleihin. Ymm\u00e4rr\u00e4mme pelitoimintaan liittyv\u00e4t oikeudelliset seikat ja vaatimukset, mukaan lukien tekij\u00e4noikeuslaki, palkintojen markkinointilaki, maksupalvelulaki, kuluttajasopimuslaki, erityiset kauppatapahtumalaki ja teleliiketoimintalaki. Voimme auttaa sinua luomaan kattavat k\u00e4ytt\u00f6ehdot, jotka noudattavat asiaankuuluvia s\u00e4\u00e4d\u00f6ksi\u00e4.<\/p>\n\t\t<p class=\"mgb-small\">Lis\u00e4ksi palvelumme eiv\u00e4t rajoitu pelkk\u00e4\u00e4n k\u00e4ytt\u00f6ehtojen alustavaan laatimiseen. Tarjoamme konsultointia tapahtumien ja muiden pelitoimintaan liittyvien aktiviteettien lainmukaiseen toteuttamiseen. Tiimimme tuntee pelitapahtumien oikeudelliset n\u00e4k\u00f6kohdat ja voi tarjota ohjausta sovellettavien lakien ja m\u00e4\u00e4r\u00e4ysten noudattamiseksi.<\/p>\n\t\t<p class=\"mgb-middle\">Olitpa sitten pelikehitt\u00e4j\u00e4 tai pelitoiminnassa mukana oleva yritys, meill\u00e4 on tarvittava asiantuntemus tarjota r\u00e4\u00e4t\u00e4l\u00f6ity\u00e4 oikeudellista tukea vastaamaan erityistarpeitasi peliteollisuudessa.<\/p>\n\t<\/div>\n<\/section>\n\n<section class=\"purple-section\">\n\t<div class=\"anchor\" id=\"publication-of-books-on-legal-matters-related-to-it\"><\/div>\n\t<div class=\"section-inner\">\n\t\t<div class=\"flex reverse\">\n\t\t\t<div class=\"width41\"><img decoding=\"async\" src=\"\/wp-content\/themes\/monolith2021\/img\/pic\/pic_publishing.jpg\" alt=\"Kirjojen julkaiseminen IT-oikeudellisista asioista\"><\/div>\n\t\t\t<div class=\"width51\">\n\t\t\t\t<h3>IT-oikeudellisia kysymyksi\u00e4 k\u00e4sittelevien kirjojen julkaisu<\/h3>\n\t\t\t\t<p>J\u00e4rjestelm\u00e4kehitykseen ja IT-oikeudellisiin kysymyksiin erikoistuneena lakitoimistona, joka k\u00e4sittelee palveluehtojen luomista, verkkopalveluita, sovelluksia ja peliin liittyvi\u00e4 ongelmia, Monolith Law Office on julkaissut kirjan nimelt\u00e4 &#8220;Helppotajuinen laki Q&amp;A IT-insin\u00f6\u00f6reille&#8221;. Kirjan on kirjoittanut entinen insin\u00f6\u00f6ri, josta tuli lakimies, ja se on p\u00e4\u00e4asiassa suunnattu IT-insin\u00f6\u00f6reille. Se tarjoaa selityksi\u00e4 oikeudellisista tiedoista, jotka on r\u00e4\u00e4t\u00e4l\u00f6ity erityisesti heid\u00e4n tarpeisiinsa, ja k\u00e4sittelee aiheita, kuten palveluehtojen kehitt\u00e4mist\u00e4. Kirjan tavoitteena on tarjota k\u00e4ytt\u00e4j\u00e4yst\u00e4v\u00e4llinen l\u00e4hestymistapa oikeudellisiin k\u00e4sitteisiin ja auttaa IT-insin\u00f6\u00f6rej\u00e4 navigoimaan ty\u00f6ns\u00e4 oikeudellisissa n\u00e4k\u00f6kohdissa.<\/p>\n\t\t\t<\/div>\n\t\t<\/div>\n\t<\/div>\n<\/section>\n\n<section class=\"white-section\">\n\t<div class=\"anchor\" id=\"crypto-asset-and-blockchain\"><\/div>\n\t<div class=\"section-inner\">\n\t\t<div class=\"flex\">\n\t\t\t<div class=\"width41\"><img decoding=\"async\" src=\"\/wp-content\/uploads\/2022\/07\/shutterstock_1151380622_2.png\" alt=\"Crypto Asset and Blockchain\"><\/div>\n\t\t\t<div class=\"width51\">\n\t\t\t\t<h3>Kryptovaluutat ja lohkoketjut<\/h3>\n\t\t\t\t<p>MONOLITH LAW OFFICE on ollut aktiivisesti mukana kryptovaluuttoihin ja lohkoketjuteknologiaan liittyv\u00e4ss\u00e4 oikeudellisessa ty\u00f6ss\u00e4 perustamisestaan l\u00e4htien vuonna 2017. Olemme hyvin varustautuneita k\u00e4sittelem\u00e4\u00e4n my\u00f6s lohkoketjuun perustuvia pelej\u00e4 koskevia oikeudellisia asioita. IT- ja pelialaan liittyv\u00e4n oikeudellisen asiantuntemuksemme ansiosta voimme tarjota kattavaa tukea lohkoketjupelien oikeudellisten monimutkaisuuksien navigoinnissa, mukaan lukien s\u00e4\u00e4ntelyyn noudattaminen, immateriaalioikeuksien suojaaminen, k\u00e4ytt\u00e4j\u00e4sopimukset ja muut.<\/p>\n\t\t\t<\/div>\n\t\t<\/div>\n\t<\/div>\n<\/section>\n\n<section class=\"white-section mgb-section\">\n\t<div class=\"anchor\" id=\"medical-Apps-etc\"><\/div>\n\t<div class=\"section-inner-black\">\n\t\t<h3>L\u00e4\u00e4ketieteelliset sovellukset jne.<\/h3>\n\t\t<p class=\"mgb-small\">Lakitoimistollamme on vahva joukko lakimiehi\u00e4, mukaan lukien perustava asianajaja, jolla on tausta IT-tekniikassa, ja lakimiehet, joilla on laaja kokemus l\u00e4\u00e4ketieteellisten tapausten k\u00e4sittelyst\u00e4. T\u00e4m\u00e4n asiantuntemuksen avulla olemme hyvin varustautuneita k\u00e4sittelem\u00e4\u00e4n terveydenhuoltoalan yrityksi\u00e4, sovelluksia ja verkkopalveluita. Meill\u00e4 on todistettu kokemus t\u00e4ll\u00e4 alalla.<\/p>\n\t\t<p class=\"mgb-middle\">Terveydenhuollon oikeudellinen maisema Japanissa voi olla monimutkainen, mutta voit luottaa toimistoomme navigoimaan sen monimutkaisuuksien l\u00e4pi. Voimme tarjota kattavaa oikeudellista tukea, joka on r\u00e4\u00e4t\u00e4l\u00f6ity terveydenhuollon alalle ominaisten tarpeiden mukaan, mukaan lukien s\u00e4\u00e4ntelyn noudattaminen, tietosuoja, lisensointi, sopimukset ja riitojen ratkaiseminen. Tavoitteenamme on varmistaa, ett\u00e4 terveydenhuoltoon liittyv\u00e4t yritystoimintasi toteutetaan sovellettavien lakien ja m\u00e4\u00e4r\u00e4ysten mukaisesti samalla kun suojellaan etujasi.<\/p>\n\t<\/div>\n<\/section>\n\n<section class=\"orange-section\">\n\t<div class=\"anchor\" id=\"drafting-with-minimal-operating-time\"><\/div>\n\t<div class=\"section-inner\">\n\t\t<div class=\"flex\">\n\t\t\t<div class=\"width41\"><img decoding=\"async\" src=\"\/wp-content\/themes\/monolith2021\/img\/pic\/pic_draft.jpg\" alt=\"Drafting with Minimal Operating Time\"><\/div>\n\t\t\t<div class=\"width51\">\n\t\t\t\t<h3>Luonnostelu minimaalisella toiminta-ajalla<\/h3>\n\t\t\t\t<p class=\"mgb-small\">P\u00e4\u00e4asianajajamme on entinen IT-insin\u00f6\u00f6ri, joten meill\u00e4 on kyky ymm\u00e4rt\u00e4\u00e4 sovellusten ja verkkopalveluiden teknisi\u00e4 n\u00e4k\u00f6kohtia, k\u00e4ytt\u00f6liittym\u00e4\u00e4 ja toiminnallisuutta luodessamme k\u00e4ytt\u00f6ehtoja ja muita siihen liittyvi\u00e4 asiakirjoja. Voimme hy\u00f6dynt\u00e4\u00e4 olemassa olevia vaatimusm\u00e4\u00e4rittelyj\u00e4, kehyksi\u00e4, laskeutumissivuja ja markkinointimateriaaleja, jotka yrityksell\u00e4nne jo on, mik\u00e4 mahdollistaa tarvittavan tiedon tulkinnan ja erottamisen meid\u00e4n p\u00e4\u00e4ss\u00e4mme.<\/p>\n\t\t\t\t<p>Minimoimalla laajojen haastattelujen tai kokousten tarpeen voimme tehokkaasti laatia k\u00e4ytt\u00f6ehdot puristamalla viestint\u00e4kustannuksia ja aikatauluja. T\u00e4m\u00e4 l\u00e4hestymistapa mahdollistaa prosessin virtaviivaistamisen ja tulosten toimittamisen ajallaan.<\/p>\n\t\t\t<\/div>\n\t\t<\/div>\n\t<\/div>\n<\/section>\n\n<section class=\"white-section\">\n\t<div class=\"anchor\" id=\"some-examples-of-our-clients-and-the-products\"><\/div>\n\t<div class=\"section-inner\">\n\t\t<h3>Esimerkkej\u00e4 asiakkaistamme ja heid\u00e4n tuotteistaan<\/h3>\n\t\t<ul class=\"layout-column4 mgb-middle\">\n\t\t\t<li>\n\t\t\t\t<div><img decoding=\"async\" src=\"\/wp-content\/themes\/monolith2021\/img\/clients\/logo_tokium.png\"><\/div>\n\t\t\t\t<h4><a href=\"https:\/\/www.keihi.com\/lp\/\" target=\"_blank\" rel=\"noopener noreferrer\">TOKIUM Kulukorvaus<\/a><\/h4>\n\t\t\t\t<p>Olemme toimineet TOKIUM Inc.:n, yritysrahoitussovellus &#8220;TOKIUM Kulukorvaus&#8221; -sovelluksen takana olevan yhti\u00f6n, p\u00e4\u00e4juristina. Olemme tarjonneet juridista tukea heid\u00e4n projekteilleen, mukaan lukien heid\u00e4n kulukorvausj\u00e4rjestelm\u00e4ns\u00e4 &#8220;TOKIUM Invoice&#8221; julkaisu.<\/p>\n\t\t\t<\/li>\n\t\t\t<li>\n\t\t\t\t<div><img decoding=\"async\" src=\"\/wp-content\/themes\/monolith2021\/img\/clients\/logo_seculio.png\"><\/div>\n\t\t\t\t<h4><a href=\"https:\/\/www.lrm.jp\/seculio\/feature\/\" target=\"_blank\" rel=\"noopener noreferrer\">Securio<\/a><\/h4>\n\t\t\t\t<p>Olemme toimineet tarkastajana LRM Corporationille, joka julkaisee Securio-sovellusta, mik\u00e4 parantaa tietoturvan havaitsemista koko yrityksess\u00e4.<\/p>\n\t\t\t<\/li>\n\t\t\t<li>\n\t\t\t\t<div><img decoding=\"async\" src=\"\/wp-content\/themes\/monolith2021\/img\/clients\/logo_tribeau.png\"><\/div>\n\t\t\t\t<h4><a href=\"https:\/\/corp.tribeau.jp\/\" target=\"_blank\" rel=\"noopener noreferrer\">TRIBEAU<\/a><\/h4>\n\t\t\t\t<p>Olemme ty\u00f6skennelleet TRIBEAU Inc.:n kanssa, yhti\u00f6n, joka on kehitt\u00e4nyt kauneusmedikaalisten arvostelujen ja varaussovelluksen &#8220;TRIBEAU&#8221;. Olemme tarjonneet juridista apua sek\u00e4 heid\u00e4n sovelluksensa ett\u00e4 verkkopalveluversion julkaisussa.<\/p>\n\t\t\t<\/li>\n\t\t\t<li>\n\t\t\t\t<div><img decoding=\"async\" src=\"\/wp-content\/themes\/monolith2021\/img\/clients\/logo_flowerknightgirl.png\"><\/div>\n\t\t\t\t<h4><a href=\"https:\/\/flower-knight-girl.com\/\" target=\"_blank\" rel=\"noopener noreferrer\">FLOWER KNIGHT GIRL<\/a><\/h4>\n\t\t\t\t<p>Olemme avustaneet YourGames Inc.:\u00e4 heid\u00e4n suositun RPG-pelins\u00e4 &#8220;FLOWER KNIGHT GIRL&#8221; julkaisussa, jolla on yli miljoona rekister\u00f6itynytt\u00e4 k\u00e4ytt\u00e4j\u00e4\u00e4. Peli on saatavilla DMM GAMES -alustalla.<\/p>\n\t\t\t<\/li>\n\t\t<\/ul>\n\t\t<p class=\"txt-s\">* Huomioithan, ett\u00e4 n\u00e4m\u00e4 ovat vain joitakin esimerkkej\u00e4, ja olemme ty\u00f6skennelleet monien muiden asiakkaiden kanssa. Asiakkaan luottamuksellisuus on meille ensisijainen, ja paljastamme yhteisty\u00f6t\u00e4 vain niiden yritysten kanssa, jotka ovat antaneet suostumuksensa julkiseen tunnustukseen tai jotka ovat rekister\u00f6ityneet julkisiin rekistereihin virallisina toimihenkil\u00f6in\u00e4.<\/p>\n\t<\/div>\n<\/section>\n\n<section class=\"purple2-section\">\n\t<div class=\"anchor\" id=\"monolith-law-magazine\"><\/div>\n\t<div class=\"section-inner\">\n\t\t    <section class=\"white-section temp-article\">\n        <div class=\"section-inner\">\n            <h4>MONOLITH LAW MAGAZINE<\/h4>\n            <div class=\"articles type_practice_column\">\n                                                                    <div class=\"article article-area\">\n                        <figure>\n                            <div class=\"img-wrap\">\n                                <img alt=\"Onko Googlen arvostelupalveluiden ulkoistaminen laitonta? Selitys suhteesta lahjontalains\u00e4\u00e4d\u00e4nt\u00f6\u00f6n ja rangaistuksiin\" src=\"https:\/\/monolith.law\/fi\/wp-content\/uploads\/sites\/30\/2025\/08\/18d044df35c4f42bb7e1507848a5e228.webp\" width=\"500\" height=\"250\">\n                            <\/div>\n                            <figcaption>\n                                <div class=\"figcaption-inner\">\n                                    <h3>Onko Googlen arvostelupalveluiden ulkoistaminen laitonta? Selitys suhteesta lahj.<\/h3>\n                                <\/div>\n                            <\/figcaption>\n                            <a href=\"https:\/\/monolith.law\/fi\/it\/google-review-agency\"><\/a>\n                        <\/figure>\n                    <\/div>\n                                                    <div class=\"article article-area\">\n                        <figure>\n                            <div class=\"img-wrap\">\n                                <img alt=\"Henkil\u00f6tietojen suojalain \"pilvipalvelupoikkeus\" \u2013 Selitys pilvipalveluiden tarjoajien saamien hallinnollisten ohjeiden todellisista esimerkeist\u00e4\" src=\"https:\/\/monolith.law\/fi\/wp-content\/uploads\/sites\/30\/2025\/08\/0cdfadb6e93fc71449935bfe824bbde2.jpg\" width=\"500\" height=\"250\">\n                            <\/div>\n                            <figcaption>\n                                <div class=\"figcaption-inner\">\n                                    <h3>Henkil\u00f6tietojen suojalain \"pilvipalvelupoikkeus\" \u2013 Selitys pilvipalveluiden tarj.<\/h3>\n                                <\/div>\n                            <\/figcaption>\n                            <a href=\"https:\/\/monolith.law\/fi\/it\/personal-information-cloud-exceptions\"><\/a>\n                        <\/figure>\n                    <\/div>\n                                                    <div class=\"article article-area\">\n                        <figure>\n                            <div class=\"img-wrap\">\n                                <img alt=\"Mit\u00e4 riskej\u00e4 liittyy ChatGPT:n k\u00e4ytt\u00f6\u00f6n liiketoiminnassa? Selitys my\u00f6s oikeudellisista ongelmista\" src=\"https:\/\/monolith.law\/fi\/wp-content\/uploads\/sites\/30\/2024\/08\/Shutterstock_2252802247.webp\" width=\"500\" height=\"250\">\n                            <\/div>\n                            <figcaption>\n                                <div class=\"figcaption-inner\">\n                                    <h3>Mit\u00e4 riskej\u00e4 liittyy ChatGPT:n k\u00e4ytt\u00f6\u00f6n liiketoiminnassa? Selitys my\u00f6s oikeudell.<\/h3>\n                                <\/div>\n                            <\/figcaption>\n                            <a href=\"https:\/\/monolith.law\/fi\/it\/chatgpt-legal-issues\"><\/a>\n                        <\/figure>\n                    <\/div>\n                                            <\/div>\n            <div class=\"btn-more\"><a href=\"https:\/\/monolith.law\/fi\/tag\/terms-of-use\">Read More<\/a><\/div>\n        <\/div>\n    <\/section>\n\t<\/div>\n<\/section>\n\n<section class=\"orange2-section\">\n\t<div class=\"anchor\" id=\"fee-structure\"><\/div>\n\t<div class=\"section-inner\">\n\t<div class=\"planWrap\">\n\t<h3>Palkkiorakenne<\/h3>\n\t<ul class=\"plan\">\n\t\t<li class=\"txt-left\">\n\t\t\t<div class=\"plan-inner\">\n\t\t\t<div class=\"plan-header\">\n\t\t\t<h4 class=\"plan-title\">Tuntiveloitus<\/h4>\n\t\t\t<div class=\"plan-price\"><span class=\"price-figure\">$300<\/span>tunnissa<span class=\"price-tax\"><\/span><\/div>\n\t\t\t<\/div>\n\t\t\t<div class=\"plan-body\">Tietyiss\u00e4 tapauksissa saatamme harkita riidan tai kanteen vastaanottamista aloitusmaksulla ja tulospalkkiolla. Lis\u00e4tietoja varten ota rohkeasti yhteytt\u00e4.<\/div>\n\t\t\t<\/div>\n\t\t<\/li>\n\t\t<li class=\"txt-left\">\n\t\t\t<div class=\"plan-inner\">\n\t\t\t<div class=\"plan-header\">\n\t\t\t<h4 class=\"plan-title\">Sopimusten Laatiminen<\/h4>\n\t\t\t<div class=\"plan-price\"><span class=\"price-value\">alkaen<\/span><span class=\"price-figure\">$500<\/span><span class=\"price-value\">to $2,000 tai enemm\u00e4n<\/span><span class=\"price-tax\"><\/span><\/div>\n\t\t\t<\/div>\n\t\t\t<div class=\"plan-body\">Hinnoittelurakenne voi vaihdella sopimusten tyypin ja m\u00e4\u00e4r\u00e4n mukaan. Tarjoamme mielell\u00e4mme alustavan arvion tiedustelun yhteydess\u00e4, joten \u00e4l\u00e4 ep\u00e4r\u00f6i ottaa yhteytt\u00e4 saadaksesi lis\u00e4tietoja.<\/div>\n\t\t\t<\/div>\n\t\t<\/li>\n\t\t<li class=\"txt-left\">\n\t\t\t<div class=\"plan-inner\">\n\t\t\t<div class=\"plan-header\">\n\t\t\t<h4 class=\"plan-title\">Muut Palvelut<\/h4>\n\t\t\t<div class=\"plan-price\"><span class=\"price-figure\">Ota Yhteytt\u00e4<\/span><\/div>\n\t\t\t<\/div>\n\t\t\t<div class=\"plan-body\">Tarjoamme laajan valikoiman palveluita, joihin kuuluvat yrityksen perustaminen, sopimusten tarkastus, oikeudelliset lausunnot, tapausten k\u00e4sittely tai tutkimuskirjeet. Jos sinulla on kysytt\u00e4v\u00e4\u00e4 tai huolenaiheita, kutsun sinut yst\u00e4v\u00e4llisesti ottamaan yhteytt\u00e4, ja asiantunteva tiimimme auttaa sinua mielell\u00e4\u00e4n.<\/div>\n\t\t\t<\/div>\n\t\t\t<\/div>\n\t\t<\/li>\n\t<\/ul>\n\t<\/div>\n\t<\/div>\n<\/section>\n\n<section class=\"white-section\">\n\t<div class=\"section-inner\">\n\t\t<div class=\"btn-area\">\n\t\t\t<div class=\"btn icon-contact\"><a href=\"\/fi\/contact\">Ota Yhteytt\u00e4<\/a><\/div>\n\t\t<\/div>\n\t<\/div>\n<\/section>\n","protected":false},"excerpt":{"rendered":"<p>K\u00e4ytt\u00f6ehdot MONOLITH LAW OFFICE k\u00e4sittelee erilaisten sovellusten, palveluiden ja pelien k\u00e4ytt\u00f6ehtojen sek\u00e4 tietosuojak\u00e4yt\u00e4nt\u00f6jen luomista ja tarkastelua Japanissa. Lis\u00e4ksi voimme lukea vaatimusm\u00e4\u00e4rit [&hellip;]<\/p>\n","protected":false},"author":1,"featured_media":57154,"parent":0,"menu_order":7,"comment_status":"closed","ping_status":"closed","template":"other-page-temp.php","meta":{"footnotes":""},"acf":[],"_links":{"self":[{"href":"https:\/\/monolith.law\/fi\/wp-json\/wp\/v2\/pages\/32193"}],"collection":[{"href":"https:\/\/monolith.law\/fi\/wp-json\/wp\/v2\/pages"}],"about":[{"href":"https:\/\/monolith.law\/fi\/wp-json\/wp\/v2\/types\/page"}],"author":[{"embeddable":true,"href":"https:\/\/monolith.law\/fi\/wp-json\/wp\/v2\/users\/1"}],"replies":[{"embeddable":true,"href":"https:\/\/monolith.law\/fi\/wp-json\/wp\/v2\/comments?post=32193"}],"version-history":[{"count":19,"href":"https:\/\/monolith.law\/fi\/wp-json\/wp\/v2\/pages\/32193\/revisions"}],"predecessor-version":[{"id":65497,"href":"https:\/\/monolith.law\/fi\/wp-json\/wp\/v2\/pages\/32193\/revisions\/65497"}],"wp:featuredmedia":[{"embeddable":true,"href":"https:\/\/monolith.law\/fi\/wp-json\/wp\/v2\/media\/57154"}],"wp:attachment":[{"href":"https:\/\/monolith.law\/fi\/wp-json\/wp\/v2\/media?parent=32193"}],"curies":[{"name":"wp","href":"https:\/\/api.w.org\/{rel}","templated":true}]}}