{"id":32253,"date":"2023-11-06T23:30:39","date_gmt":"2023-11-06T14:30:39","guid":{"rendered":"https:\/\/monolith.law\/?page_id=32253"},"modified":"2024-08-14T13:22:42","modified_gmt":"2024-08-14T04:22:42","slug":"system-development","status":"publish","type":"page","link":"https:\/\/monolith.law\/fi\/system-development","title":{"rendered":"J\u00e4rjestelm\u00e4kehitys"},"content":{"rendered":"\n<section class=\"heading-area\">\n\t<div class=\"heading-area-inner\">\n\t\t<h2 class=\"icon-system-development\">J\u00e4rjestelm\u00e4kehitys<\/h2>\n\t\t<p>Erityisosaamista vaativassa j\u00e4rjestelm\u00e4kehityksess\u00e4 tulee usein vastaan monimutkaisia ongelmia ja neuvotteluja sopimusneuvotteluissa. Olemme valmiita tukemaan yrityst\u00e4nne hy\u00f6dynt\u00e4m\u00e4ll\u00e4 tiet\u00e4myst\u00e4mme ei ainoastaan oikeudellisina asiantuntijoina vaan my\u00f6s IT-asiantuntijoina, jotta voimme m\u00e4\u00e4ritell\u00e4, mik\u00e4 on yrityksellenne olennaista.<\/p>\n\t<\/div>\n<\/section>\n\n<section class=\"white-section\">\n\t<div class=\"section-inner pdt0 border-bottom-section\">\n\t\t<p>MONOLITH LAW OFFICE on lakitoimisto, jota johtaa entinen IT-insin\u00f6\u00f6ri ja asianajaja Toki Kawase, ja k\u00e4sittelemme kaiken erityisosaamista vaativan j\u00e4rjestelm\u00e4kehityksen sopimusten laatimisesta, tarkistamisesta ja neuvottelemisesta aina riitojen ratkaisemiseen, kun niit\u00e4 ilmenee. Laadimme my\u00f6s sopimuksia alusta alkaen olemassa olevien materiaalien, kuten tarjousasiakirjojen, pohjalta ja minimaalisella kokousajalla.<\/p>\n\t<\/div>\n<\/section>\n\n<section class=\"second-nav\">\n\t<div class=\"second-nav-inner\">\n\t\t<p>AIHEET<\/p>\n\t\t<nav>\n\t\t\t<ul>\n\t\t\t\t<li><a href=\"#contract-drafting-in-system-development\">Sopimusten laatiminen j\u00e4rjestelm\u00e4kehityksess\u00e4<\/a><\/li>\n\t\t\t\t<li><a href=\"#dispute-resolution-in-system-development\">Riitojen ratkaisu j\u00e4rjestelm\u00e4kehityksess\u00e4<\/a><\/li>\n\t\t\t\t<li><a href=\"#drafting-with-minimal-operating-time\">Luonnostelu minimaalisella toiminta-ajalla<\/a><\/li>\n\t\t\t\t<li><a href=\"#examples-of-support-provided-by-our-firm\">Esimerkkej\u00e4 toimistomme tarjoamasta tuesta<\/a><\/li>\n\t\t\t\t<li><a href=\"#publication-achievements-systems-development-legal\">Julkaisusaavutukset j\u00e4rjestelm\u00e4kehityksen oikeudellisissa asioissa<\/a><\/li>\n\t\t\t\t<li><a href=\"#crypto-assets-and-blockchain\">Kryptovaluutat ja lohkoketju<\/a><\/li>\n\t\t\t\t<li><a href=\"#manda\">Yritysostot ja -fuusiot (M&amp;A)<\/a><\/li>\n\t\t\t\t<li><a href=\"#monolith-law-magazine\">MONOLITH LAW MAGAZINE<\/a><\/li>\n\t\t\t\t<li><a href=\"#fee-structure\">Palkkiorakenne<\/a><\/li>\n\t\t\t<\/ul>\n\t\t<\/nav>\n\t<\/div>\n<\/section>\n\n<section class=\"white-section mgt-section mgb-section80\">\n\t<div class=\"anchor\" id=\"contract-drafting-in-system-development\"><\/div>\n\t<div class=\"section-inner-black\">\n\t\t<h3>J\u00e4rjestelm\u00e4kehityssopimusten valmistelu<\/h3>\n\t\t<p class=\"mgb-small\">J\u00e4rjestelm\u00e4kehityksen tapauksessa, vaikka sopimuksessa saattaa olla abstrakteja ehtoja, kuten vastuu sopimuksen noudattamatta j\u00e4tt\u00e4misest\u00e4, sopimuksessa sanotaan vain &#8220;erillisell\u00e4 sopimuksella&#8221;. Toisin sanoen, j\u00e4rjestelm\u00e4- tai projekti-kohtaisia olosuhteita ei mainita suoraan. T\u00e4m\u00e4n seurauksena on usein ep\u00e4selv\u00e4\u00e4, mik\u00e4 tulee olemaan lopputulos todellisen riidan sattuessa.<\/p>\n\t\t<p class=\"mgb-middle\">Yrityksemme pit\u00e4\u00e4 sopimusten laatimisen lis\u00e4ksi syv\u00e4llist\u00e4 ymm\u00e4rryst\u00e4 liittyvist\u00e4 j\u00e4rjestelm\u00e4kehityksist\u00e4 t\u00e4rke\u00e4n\u00e4 osana ty\u00f6t\u00e4mme.<\/p>\n\n\t<\/div>\n<\/section>\n\n<section class=\"purple-section\">\n\t<div class=\"anchor\" id=\"dispute-resolution-in-system-development\"><\/div>\n\t<div class=\"section-inner\">\n\t\t<div class=\"flex\">\n\t\t\t<div class=\"width41\"><img decoding=\"async\" src=\"\/wp-content\/themes\/monolith2021\/img\/systemdevelopment\/systemdevelopment_pic1.jpg\" alt=\" Riidanratkaisu j\u00e4rjestelm\u00e4kehityksess\u00e4\"><\/div>\n\t\t\t<div class=\"width51\">\n\t\t\t\t<h3>J\u00e4rjestelm\u00e4kehityksen riitojen ratkaiseminen<\/h3>\n\t\t\t\t<p class=\"mgb-small\">Riitatilanteen syntyess\u00e4 vastaamme oikeuden ulkopuolisista vahingonkorvausvaatimuksista sek\u00e4 v\u00e4liaikaisista kieltom\u00e4\u00e4r\u00e4yksist\u00e4 ja oikeudenk\u00e4ynneist\u00e4.<\/p>\n\t\t\t\t<p>Kuitenkin on suotavaa, ett\u00e4 riitoja ei synny lainkaan, ja vaikka riidan mahdollisuus olisikin, on parasta, ettei asia etene oikeuteen. T\u00e4m\u00e4 on perusn\u00e4kemyksemme ja asenteemme, ja tarjoamme p\u00e4ivitt\u00e4isi\u00e4 lakipalveluja yritysasiakkaillemme t\u00e4m\u00e4n oletuksen pohjalta.<\/p>\n\t\t\t<\/div>\n\t\t<\/div>\n\t<\/div>\n<\/section>\n\n<section class=\"white-section\">\n\t<div class=\"anchor\" id=\"drafting-with-minimal-operating-time\"><\/div>\n\t<div class=\"section-inner\">\n\t\t<div class=\"flex reverse\">\n\t\t\t<div class=\"width41\"><img decoding=\"async\" src=\"\/wp-content\/themes\/monolith2021\/img\/pic\/pic_draft.jpg\" alt=\"Luonnostelu minimaalisella k\u00e4ytt\u00f6ajalla\"><\/div>\n\t\t\t<div class=\"width51\">\n\t\t\t\t<h3>Sopimusten laatiminen minimaalisella toiminta-ajalla<\/h3>\n\t\t\t\t<p class=\"mgb-small\">Perustajalakimiehemme on entinen IT-insin\u00f6\u00f6ri.<\/p>\n\t\t\t\t<p class=\"mgb-small\">J\u00e4rjestelm\u00e4n kehitt\u00e4mist\u00e4 koskevan sopimuksen laatimiseksi ja t\u00e4llaisen sopimuksen perustaksi suunnitellun kaavan suunnittelemiseksi on v\u00e4ltt\u00e4m\u00e4t\u00f6nt\u00e4 ymm\u00e4rt\u00e4\u00e4 kyseisen j\u00e4rjestelm\u00e4n perusteet. Pystymme lukemaan yrityksenne olemassa olevat erilaiset asiakirjat ja tiedot, kuten vaatimusm\u00e4\u00e4rittelyt ja myyntimateriaalit tuleville asiakkaille kyseist\u00e4 j\u00e4rjestelm\u00e4n kehitt\u00e4mist\u00e4 varten, omalta puoleltamme.<\/p>\n\t\t\t\t<p>T\u00e4m\u00e4n ansiosta voimme valmistella sopimusluonnoksia ja muita asiakirjoja k\u00e4ytt\u00e4en mahdollisimman v\u00e4h\u00e4n aikaa kokouksiin yms., mik\u00e4 tehokkaasti v\u00e4hent\u00e4\u00e4 viestint\u00e4kustannuksia ja valmisteluun tarvittavaa aikaa.<\/p>\n\t\t\t<\/div>\n\t\t<\/div>\n\t<\/div>\n<\/section>\n\n<section class=\"orange-section\">\n\t<div class=\"anchor\" id=\"examples-of-support-provided-by-our-firm\"><\/div>\n\t<div class=\"section-inner\">\n\t\t<h3 class=\"mgb-middle\">Esimerkkej\u00e4 toimistomme tarjoamasta tuesta<\/h3>\n\t\t<ul class=\"layout-column4\">\n\t\t\t<li>\n\t\t\t\t<div><img decoding=\"async\" src=\"\/wp-content\/themes\/monolith2021\/img\/systemdevelopment\/systemdevelopment_support_pic1.jpg\"><\/div>\n\t\t\t\t<h4>IT-toimittajat<\/h4>\n\t\t\t\t<p>Tarjoamme monipuolisia palveluita yrityksille, jotka tarjoavat j\u00e4rjestelm\u00e4n kehitt\u00e4mispalveluita, sopimusten laatimisesta j\u00e4rjestelm\u00e4n kehitt\u00e4miseen liittyvien riitojen ratkaisuun, oikeudellisen neuvonnan ja muiden oikeudellisten palveluiden muodossa. K\u00e4sittelemme my\u00f6s huipputeknologian alueita, kuten lohkoketjuun liittyvi\u00e4 asioita.<\/p>\n\t\t\t<\/li>\n\t\t\t<li>\n\t\t\t\t<div><img decoding=\"async\" src=\"\/wp-content\/themes\/monolith2021\/img\/systemdevelopment\/systemdevelopment_support_pic2.jpg\"><\/div>\n\t\t\t\t<h4>Liike-el\u00e4m\u00e4n yritykset<\/h4>\n\t\t\t\t<p>Tarjoamme monipuolisia palveluita liike-el\u00e4m\u00e4n yrityksille, jotka tilaavat j\u00e4rjestelm\u00e4n kehityst\u00f6it\u00e4. Erityisesti IT-alan ulkopuolella toimivien yritysten uusille liiketoiminnoille voimme tarjota tukea, joka kattaa koko liiketoiminnan j\u00e4rjestelm\u00e4suunnittelun, mukaan lukien toimituksen j\u00e4lkeisen seurannan.<\/p>\n\t\t\t<\/li>\n\t\t\t<li>\n\t\t\t\t<div><img decoding=\"async\" src=\"\/wp-content\/themes\/monolith2021\/img\/systemdevelopment\/systemdevelopment_support_pic3.jpg\"><\/div>\n\t\t\t\t<h4>J\u00e4rjestelm\u00e4insin\u00f6\u00f6ripalvelut (SES)<\/h4>\n\t\t\t\t<p>MONOLITH LAW OFFICE tarjoaa oikeudellisia palveluita monille SES-yrityksille. Olemme mukana laatimassa SES:iin liittyvi\u00e4 sopimuksia, ratkaisemassa oikeuden ulkopuolisia riitoja tiettyjen ongelmien osalta ja k\u00e4sittelem\u00e4ss\u00e4 oikeudenk\u00e4yntej\u00e4.<\/p>\n\t\t\t<\/li>\n\t\t\t<li>\n\t\t\t\t<div><img decoding=\"async\" src=\"\/wp-content\/themes\/monolith2021\/img\/systemdevelopment\/systemdevelopment_support_pic4.jpg\"><\/div>\n\t\t\t\t<h4>Avoin l\u00e4hdekoodi (OSS)<\/h4>\n\t\t\t\t<p>Olemme onnistuneesti tarjonneet ammattimaista suunnittelua ja valvontaa k\u00e4ytt\u00e4j\u00e4dokumentaatiolle yrityksille, jotka tarjoavat sek\u00e4 GPL- ett\u00e4 muita avoimen l\u00e4hdekoodin lisenssej\u00e4, sek\u00e4 kaupallisia lisenssej\u00e4.<\/p>\n\t\t\t<\/li>\n\t\t<\/ul>\n\t<\/div>\n<\/section>\n\n<section class=\"white-section\">\n\t<div class=\"anchor\" id=\"publication-achievements-systems-development-legal\"><\/div>\n\t<div class=\"section-inner\">\n\t\t<div class=\"flex reverse\">\n\t\t\t<div class=\"width41\"><img decoding=\"async\" src=\"\/wp-content\/themes\/monolith2021\/img\/pic\/pic_publishing.jpg\" alt=\"Julkaisut j\u00e4rjestelm\u00e4kehitykseen liittyvist\u00e4 oikeudellisista asioista\"><\/div>\n\t\t\t<div class=\"width51\">\n\t\t\t\t<h3>Julkaisemme kirjoja j\u00e4rjestelm\u00e4kehityksen oikeudellisista kysymyksist\u00e4<\/h3>\n\t\t\t\t<p class=\"mgb-small\">Olemme lakitoimisto, joka erikoistuu verkkopalveluiden, sovellusten ja pelien j\u00e4rjestelm\u00e4kehitykseen. Olemme julkaisseet kirjan &#8220;IT-insin\u00f6\u00f6rien johdanto-oikeudellinen kysymys &amp; vastaus&#8221;. Kirjassa entinen insin\u00f6\u00f6ri ja nykyinen lakimies selitt\u00e4\u00e4 p\u00e4\u00e4asiassa IT-insin\u00f6\u00f6reille tarkoitettua oikeudellista tietoa.<\/p>\n\t\t\t\t<p>Kirja koostuu luvuista &#8220;Tekij\u00e4noikeuden sudenkuopat&#8221;, &#8220;Kehityssopimusten sudenkuopat&#8221;, &#8220;Ty\u00f6suhteiden sudenkuopat&#8221;, &#8220;Sopimusten tarkistuspisteet&#8221;, jotka tarjoavat oikeudellisia selityksi\u00e4 erityisist\u00e4 kohdista, jotka voivat olla ongelmallisia todellisissa j\u00e4rjestelm\u00e4kehitystilanteissa.<\/p>\n\t\t\t<\/div>\n\t\t<\/div>\n\t<\/div>\n<\/section>\n\n<section class=\"purple-section\">\n\t<div class=\"anchor\" id=\"crypto-assets-and-blockchain\"><\/div>\n\t<div class=\"section-inner\">\n\t\t<div class=\"flex\">\n\t\t\t<div class=\"width41\"><img decoding=\"async\" src=\"\/wp-content\/uploads\/2022\/07\/shutterstock_1151380622_2.png\" alt=\"Crypto Assets and Blockchain\"><\/div>\n\t\t\t<div class=\"width51\">\n\t\t\t\t<h3>Kryptovaluutat ja lohkoketju<\/h3>\n\t\t\t\t<p>Lohkoketju on hajautettu tietokanta, jossa on pieni riski tietueiden menett\u00e4misest\u00e4 ja joka on vaikea muuttaa menneit\u00e4 tietueita. T\u00e4m\u00e4 on toteutettu IT-tekniikoilla, kuten konsensusalgoritmeilla, salauksella ja P2P-verkoilla. MONOLITH LAW OFFICE on ollut mukana kryptovaluutta- ja lohkoketjuoikeudellisessa ty\u00f6ss\u00e4 sen avaamisesta l\u00e4htien vuonna 2017.<\/p>\n\t\t\t<\/div>\n\t\t<\/div>\n\t<\/div>\n<\/section>\n\n<section class=\"white-section mgt-section mgb-section\">\n\t<div class=\"anchor\" id=\"manda\"><\/div>\n\t<div class=\"section-inner-black\">\n\t\t<h3>M&amp;A<\/h3>\n\t\t<p class=\"mgb-middle\">Meill\u00e4 on laaja kokemus M&amp;A:sta, johon liittyy IT-j\u00e4rjestelmi\u00e4, mukaan lukien liiketoiminnan siirrot ja sovellusten ja verkkopalveluiden hankinnat.<\/p>\n\t<\/div>\n<\/section>\n\n<section class=\"purple2-section\">\n\t<div class=\"anchor\" id=\"monolith-law-magazine\"><\/div>\n\t<div class=\"section-inner\">\n\t\t    <section class=\"white-section temp-article\">\n        <div class=\"section-inner\">\n            <h4>MONOLITH LAW MAGAZINE<\/h4>\n            <div class=\"articles type_practice_column\">\n                                                                    <div class=\"article article-area\">\n                        <figure>\n                            <div class=\"img-wrap\">\n                                <img alt=\"Kuinka pitk\u00e4lle toimittajan vastuu ulottuu OSS:\u00e4\u00e4 sis\u00e4lt\u00e4viss\u00e4 toimituksissa? Selit\u00e4mme siviilivastuun ja toimenpiteet sopimustyypeitt\u00e4in.\" src=\"https:\/\/monolith.law\/fi\/wp-content\/uploads\/sites\/30\/2025\/08\/a3e2bebbbd18ab9195487c8b62e3ba94.webp\" width=\"500\" height=\"250\">\n                            <\/div>\n                            <figcaption>\n                                <div class=\"figcaption-inner\">\n                                    <h3>Kuinka pitk\u00e4lle toimittajan vastuu ulottuu OSS:\u00e4\u00e4 sis\u00e4lt\u00e4viss\u00e4 toimituksissa? Se.<\/h3>\n                                <\/div>\n                            <\/figcaption>\n                            <a href=\"https:\/\/monolith.law\/fi\/it\/oss-contract\"><\/a>\n                        <\/figure>\n                    <\/div>\n                                                    <div class=\"article article-area\">\n                        <figure>\n                            <div class=\"img-wrap\">\n                                <img alt=\"Avointen l\u00e4hdekoodien ohjelmistojen (OSS) hy\u00f6dynt\u00e4misess\u00e4 ohjelmistokehityksess\u00e4 ilmenev\u00e4t kahdeksan oikeudellista ongelmaa selitettyn\u00e4\" src=\"https:\/\/monolith.law\/fi\/wp-content\/uploads\/sites\/30\/2025\/08\/2e3dcd72416c364f481cdcf21967a2a8.webp\" width=\"500\" height=\"250\">\n                            <\/div>\n                            <figcaption>\n                                <div class=\"figcaption-inner\">\n                                    <h3>Avointen l\u00e4hdekoodien ohjelmistojen (OSS) hy\u00f6dynt\u00e4misess\u00e4 ohjelmistokehityksess\u00e4.<\/h3>\n                                <\/div>\n                            <\/figcaption>\n                            <a href=\"https:\/\/monolith.law\/fi\/it\/oss-law\"><\/a>\n                        <\/figure>\n                    <\/div>\n                                                    <div class=\"article article-area\">\n                        <figure>\n                            <div class=\"img-wrap\">\n                                <img alt=\"Ohjelmistokehityksen ulkoistamissopimuksessa avoimen l\u00e4hdekoodin ohjelmistojen (OSS) k\u00e4ytt\u00f6\u00f6n liittyv\u00e4t huomioitavat seikat\" src=\"https:\/\/monolith.law\/fi\/wp-content\/uploads\/sites\/30\/2025\/08\/9132dea58501d53c6b72439e72a5a1e0.webp\" width=\"500\" height=\"250\">\n                            <\/div>\n                            <figcaption>\n                                <div class=\"figcaption-inner\">\n                                    <h3>Ohjelmistokehityksen ulkoistamissopimuksessa avoimen l\u00e4hdekoodin ohjelmistojen (.<\/h3>\n                                <\/div>\n                            <\/figcaption>\n                            <a href=\"https:\/\/monolith.law\/fi\/it\/oss-development-contract\"><\/a>\n                        <\/figure>\n                    <\/div>\n                                            <\/div>\n            <div class=\"btn-more\"><a href=\"https:\/\/monolith.law\/fi\/tag\/system-development\">Read More<\/a><\/div>\n        <\/div>\n    <\/section>\n\t<\/div>\n<\/section>\n\n<section class=\"orange2-section\">\n\t<div class=\"anchor\" id=\"fee-structure\"><\/div>\n\t<div class=\"section-inner\">\n\t<div class=\"planWrap\">\n\t<h3>Palkkiorakenne<\/h3>\n\t<ul class=\"plan\">\n\t\t<li class=\"txt-left\">\n\t\t\t<div class=\"plan-inner\">\n\t\t\t<div class=\"plan-header\">\n\t\t\t<h4 class=\"plan-title\">Tuntiveloitus<\/h4>\n\t\t\t<div class=\"plan-price\"><span class=\"price-figure\">$300<\/span>tunnissa<span class=\"price-tax\"><\/span><\/div>\n\t\t\t<\/div>\n\t\t\t<div class=\"plan-body\">Tietyiss\u00e4 tapauksissa saatamme harkita riidan tai kanteen vastaanottamista aloitusmaksulla ja tulospalkkiolla. Lis\u00e4tietoja varten ota rohkeasti yhteytt\u00e4 meihin.<\/div>\n\t\t\t<\/div>\n\t\t<\/li>\n\t\t<li class=\"txt-left\">\n\t\t\t<div class=\"plan-inner\">\n\t\t\t<div class=\"plan-header\">\n\t\t\t<h4 class=\"plan-title\">Sopimusten Laatiminen<\/h4>\n\t\t\t<div class=\"plan-price\"><span class=\"price-value\">alkaen<\/span><span class=\"price-figure\">$500<\/span><span class=\"price-value\">jopa $2,000 tai enemm\u00e4n<\/span><span class=\"price-tax\"><\/span><\/div>\n\t\t\t<\/div>\n\t\t\t<div class=\"plan-body\">Hinnoittelurakenne voi vaihdella sopimusten tyypin ja m\u00e4\u00e4r\u00e4n mukaan. Tarjoamme mielell\u00e4mme alustavan arvion tiedusteltaessa, joten \u00e4l\u00e4 ep\u00e4r\u00f6i ottaa yhteytt\u00e4 saadaksesi lis\u00e4tietoja.<\/div>\n\t\t\t<\/div>\n\t\t<\/li>\n\t\t<li class=\"txt-left\">\n\t\t\t<div class=\"plan-inner\">\n\t\t\t<div class=\"plan-header\">\n\t\t\t<h4 class=\"plan-title\">Muut Palvelut<\/h4>\n\t\t\t<div class=\"plan-price\"><span class=\"price-figure\">Ota Yhteytt\u00e4<\/span><\/div>\n\t\t\t<\/div>\n\t\t\t<div class=\"plan-body\">Tarjoamme laajan valikoiman palveluita, joihin kuuluvat yrityksen perustaminen, sopimusten tarkastus, oikeudelliset lausunnot, tapausten katselmus tai tutkimuskirjeet. Jos sinulla on kysytt\u00e4v\u00e4\u00e4 tai huolenaiheita, kutsun sinut yst\u00e4v\u00e4llisesti ottamaan yhteytt\u00e4 meihin, ja asiantunteva tiimimme auttaa sinua mielell\u00e4\u00e4n.<\/div>\n\t\t\t<\/div>\n\t\t\t<\/div>\n\t\t<\/li>\n\t<\/ul>\n\t<\/div>\n\t<\/div>\n<\/section>\n\n<section class=\"white-section\">\n\t<div class=\"section-inner\">\n\t\t<div class=\"btn-area\">\n\t\t\t<div class=\"btn icon-contact\"><a href=\"\/fi\/contact\">Ota Yhteytt\u00e4<\/a><\/div>\n\t\t<\/div>\n\t<\/div>\n<\/section>\n","protected":false},"excerpt":{"rendered":"<p>J\u00e4rjestelm\u00e4kehitys Erityisosaamista vaativassa j\u00e4rjestelm\u00e4kehityksess\u00e4 tulee usein vastaan monimutkaisia ongelmia ja neuvotteluja sopimusneuvotteluissa. Olemme valmiita tukemaan yrityst\u00e4nne hy\u00f6dynt\u00e4m\u00e4 [&hellip;]<\/p>\n","protected":false},"author":1,"featured_media":57152,"parent":0,"menu_order":7,"comment_status":"closed","ping_status":"closed","template":"other-page-temp.php","meta":{"footnotes":""},"acf":[],"_links":{"self":[{"href":"https:\/\/monolith.law\/fi\/wp-json\/wp\/v2\/pages\/32253"}],"collection":[{"href":"https:\/\/monolith.law\/fi\/wp-json\/wp\/v2\/pages"}],"about":[{"href":"https:\/\/monolith.law\/fi\/wp-json\/wp\/v2\/types\/page"}],"author":[{"embeddable":true,"href":"https:\/\/monolith.law\/fi\/wp-json\/wp\/v2\/users\/1"}],"replies":[{"embeddable":true,"href":"https:\/\/monolith.law\/fi\/wp-json\/wp\/v2\/comments?post=32253"}],"version-history":[{"count":34,"href":"https:\/\/monolith.law\/fi\/wp-json\/wp\/v2\/pages\/32253\/revisions"}],"predecessor-version":[{"id":66000,"href":"https:\/\/monolith.law\/fi\/wp-json\/wp\/v2\/pages\/32253\/revisions\/66000"}],"wp:featuredmedia":[{"embeddable":true,"href":"https:\/\/monolith.law\/fi\/wp-json\/wp\/v2\/media\/57152"}],"wp:attachment":[{"href":"https:\/\/monolith.law\/fi\/wp-json\/wp\/v2\/media?parent=32253"}],"curies":[{"name":"wp","href":"https:\/\/api.w.org\/{rel}","templated":true}]}}