{"id":32408,"date":"2023-11-07T23:20:29","date_gmt":"2023-11-07T14:20:29","guid":{"rendered":"https:\/\/monolith.law\/?page_id=32408"},"modified":"2024-02-07T17:54:11","modified_gmt":"2024-02-07T08:54:11","slug":"m-and-a","status":"publish","type":"page","link":"https:\/\/monolith.law\/fi\/m-and-a","title":{"rendered":"M&amp;A"},"content":{"rendered":"\n<section class=\"heading-area\">\n\t<div class=\"heading-area-inner\">\n\t\t<h2 class=\"icon-m-and-a\">M&#038;A<\/h2>\n\t\t<p>Olemme hoitaneet lukuisia IT-keskeisi\u00e4 osake- ja M&#038;A-oikeudellisia asioita, mukaan lukien sovellukset ja verkkopalvelut. Pystymme suorittamaan oikeudellista due diligence -tarkastusta (DD) yrityskaupoissa ja muissa vastaavissa tilanteissa.<\/p>\n\t<\/div>\n<\/section>\n\n<section class=\"white-section\">\n\t<div class=\"section-inner pdt0 border-bottom-section\">\n\t\t<p>MONOLITH LAW OFFICE on hoitanut lukuisia M&#038;A-toimeksiantoja, mukaan lukien liiketoimintasiirrot, osakeoikeudellisia asioita kuten osakkeiden kolmannen osapuolen allokaatioita, osakeoptioiden liikkeeseenlaskuja, management buyoutseja (MBO) ja yhteisyritysten (JV) perustamisia, sek\u00e4 n\u00e4ihin transaktioihin liittyvien riitojen ratkaisua, p\u00e4\u00e4asiassa IT-alalla, mukaan lukien sovellukset ja verkkopalvelut. Lis\u00e4ksi meill\u00e4 on j\u00e4rjestelm\u00e4 niin kutsutun oikeudellisen due diligence -tarkastuksen (DD) suorittamiseen, joka on oikeudellinen tutkimus vahvistamaan, onko yrityskaupoissa tai vastaavissa tilanteissa erityisen vakavia oikeudellisia ongelmia.<\/p>\n\t<\/div>\n<\/section>\n\n<section class=\"second-nav\">\n\t<div class=\"second-nav-inner\">\n\t\t<p>AIHEET<\/p>\n\t\t<nav>\n\t\t\t<ul>\n\t\t\t\t<li><a href=\"#examples-of-support-provided-by-our-firm\">Esimerkkej\u00e4 toimistomme tarjoamasta tuesta<\/a><\/li>\n\t\t\t\t<li><a href=\"#share-and-capital-increase\">Osake- ja p\u00e4\u00e4oman korotukset<\/a><\/li>\n\t\t\t\t<li><a href=\"#ma-related-legal-affairs\">M&#038;A-oikeudelliset asiat<\/a><\/li>\n\t\t\t\t<li><a href=\"#ma-of-sns-such-as-youtube\">Sosiaalisen median, kuten YouTuben, M&#038;A<\/a><\/li>\n\t\t\t\t<li><a href=\"#one-stop-service-in-cooperation-with-judicial-scriveners\">Yhden luukun palvelu yhteisty\u00f6ss\u00e4 oikeusasiamiesten kanssa<\/a><\/li>\n\t\t\t\t<li><a href=\"#legal-due-diligence-dd-support\">Oikeudellisen due diligence -tuen (DD)<\/a><\/li>\n\t\t\t\t<li><a href=\"#legal-due-diligence-cases-we-have-handled\">Oikeudellisen huolellisuuden tarkastukset, joita olemme k\u00e4sitelleet<\/a><\/li>\n\t\t\t\t<li><a href=\"#disputes-related-to-stocks-and-investments\">Osakkeisiin ja sijoituksiin liittyv\u00e4t riidat<\/a><\/li>\n\t\t\t\t<li><a href=\"#monolith-law-magazine\">MONOLITH LAW MAGAZINE<\/a><\/li>\n\t\t\t\t<li><a href=\"#fee-structure\">Palkkiorakenne<\/a><\/li>\n\t\t\t<\/ul>\n\t\t<\/nav>\n\t<\/div>\n<\/section>\n\n<section class=\"white-section\">\n\t<div class=\"anchor\" id=\"examples-of-support-provided-by-our-firm\"><\/div>\n\t<div class=\"section-inner-bottomhalf\">\n\t\t<h3 class=\"mgb-middle\">Esimerkki toimistomme tarjoamasta tuesta<\/h3>\n\t\t<ul class=\"mgb-small layout-column4\">\n\t\t\t<li>\n\t\t\t\t<h4>P\u00e4\u00e4oman korotus kolmannen osapuolen allokaation kautta<\/h4>\n\t\t\t\t<div><img decoding=\"async\" src=\"\/wp-content\/themes\/monolith2021\/img\/stockrelatedlaw\/stockrelatedlaw_support_pic1.jpg\"><\/div>\n\t\t\t\t<p>Olemme auttaneet lukuisia kasvuyrityksi\u00e4 p\u00e4\u00e4oman hankinnassa kolmannen osapuolen allokaation kautta. Olemme my\u00f6s avustaneet p\u00f6rssiyhti\u00f6t\u00e4 sen ensimm\u00e4isess\u00e4 p\u00e4\u00e4omasijoituksessa laatimalla term sheet -ehdotusasiakirjan ja sijoitussopimuksen.<\/p>\n\t\t\t<\/li>\n\t\t\t<li>\n\t\t\t\t<h4>Johtoportaan yritysostot (MBO)<\/h4>\n\t\t\t\t<div><img decoding=\"async\" src=\"\/wp-content\/themes\/monolith2021\/img\/stockrelatedlaw\/stockrelatedlaw_support_pic2.jpg\"><\/div>\n\t\t\t\t<p>Olemme ty\u00f6skennelleet p\u00e4\u00e4omasuhteissa ongelmia kohdanneiden kasvuyritysten kanssa kehitt\u00e4\u00e4ksemme strategioita ja laatineet erilaisia sopimuksia johtoportaan yritysostoihin (MBO), kuten varojen hankintaan, uuden oikeushenkil\u00f6n perustamiseen kaupan v\u00e4lineeksi ja t\u00e4m\u00e4n uuden oikeushenkil\u00f6n mahdollistamiseen ostaa osakkeita nykyisilt\u00e4 osakkeenomistajilta.<\/p>\n\t\t\t<\/li>\n\t\t\t<li>\n\t\t\t\t<h4>Yhteisyritysten perustaminen<\/h4>\n\t\t\t\t<div><img decoding=\"async\" src=\"\/wp-content\/themes\/monolith2021\/img\/stockrelatedlaw\/stockrelatedlaw_support_pic3.jpg\"><\/div>\n\t\t\t\t<p>Olemme ty\u00f6skennelleet startup-yritysten kanssa yhteisyritysten (JV) perustamisessa, joissa startup-yritys ja suuri liikeyritys omistavat osakkeita samassa yrityksess\u00e4. T\u00e4m\u00e4 on sis\u00e4lt\u00e4nyt termiarkkien laatimisen, sopimusneuvottelut ja liiketoiminnan siirt\u00e4misen startup-yritykselt\u00e4 vastaperustetulle yritykselle.<\/p>\n\t\t\t\t<\/li>\n\t\t\t<li>\n\t\t\t\t<h4>Osakkeisiin liittyv\u00e4 oikeudenk\u00e4ynti<\/h4>\n\t\t\t\t<div><img decoding=\"async\" src=\"\/wp-content\/themes\/monolith2021\/img\/stockrelatedlaw\/stockrelatedlaw_support_pic4.jpg\"><\/div>\n\t\t\t\t<p>Olemme k\u00e4sitelleet tapauksia, joissa startup-yritys on saanut sijoituksen yksityissijoittajalta ja my\u00f6hemmin sijoitussopimuksen p\u00e4tevyytt\u00e4 on kyseenalaistettu, sek\u00e4 tapauksia, joissa onnistuneen yritysoston tehneen perustajan on my\u00f6hemmin v\u00e4itetty laiminly\u00f6neen velvoitteensa ja h\u00e4n on saanut vahingonkorvausvaatimuksen yritykselt\u00e4, jolle h\u00e4n oli myynyt osakkeensa, oikeuden ulkopuolisista neuvotteluista oikeudenk\u00e4ynteihin.<\/p>\n\t\t\t<\/li>\n\t\t<\/ul>\n\t<\/div>\n<\/section>\n\n<section class=\"white-section\">\n\t<div class=\"section-inner-tophalf\">\n\t\t<div class=\"frame2 max-width860 txt-center-pc\">\n\t\t\t<p class=\"bold txt-l\">Olemme toimineet oikeudellisena neuvonantajana useille IT-startup-yrityksille.<br>Osake- ja M&#038;A-oikeudellinen ty\u00f6 on yksi p\u00e4\u00e4toimialueistamme.<\/p>\n\t\t<\/div>\n\t<\/div>\n<\/section>\n\n<section class=\"white-section mgb-section80\">\n\t<div class=\"anchor\" id=\"share-and-capital-increase\"><\/div>\n\t<div class=\"section-inner-black\">\n\t\t<h3>Osakkeiden ja p\u00e4\u00e4oman lis\u00e4\u00e4minen<\/h3>\n\t\t<p class=\"mgb-middle\">Kolmansien osapuolten kautta tapahtuvan osakeannin osalta k\u00e4sittelemme kaiken termisopimusten valmistelusta sijoitussopimusten ja osakassopimusten laatimiseen. K\u00e4sittelemme my\u00f6s etuoikeutetun jakelun m\u00e4\u00e4rittelevien luokkaosakkeiden suunnittelua, osakkeiden hankinta-oikeuksien my\u00f6nt\u00e4mist\u00e4, perustaja-perustaja-sopimuksia, osakkeiden siirtoa ja muita osakestrategioita ja sopimuksia.<\/p>\n\n\n\n\t<\/div>\n<\/section>\n\n<section class=\"white-section mgb-section100\">\n\t<div class=\"anchor\" id=\"ma-related-legal-affairs\"><\/div>\n\t<div class=\"section-inner-black\">\n\t\t<h3>M&amp;A Liittyv\u00e4t Oikeudelliset Asiakirjat<\/h3>\n\t\t<p class=\"mgb-middle\">Meill\u00e4 on laaja kokemus M&amp;A transaktioista laajassa merkityksess\u00e4, p\u00e4\u00e4asiassa IT-alalla, mukaan lukien web-palveluiden ja sovellusten liiketoiminnan siirrot sek\u00e4 yritysostot. Olemme my\u00f6s toimineet asiakkaana TSE:n p\u00e4\u00e4listalla olevan yrityksen IT-j\u00e4rjestelmien liiketoiminnan siirrossa yritykselt\u00e4.<\/p>\n\n\n\n\t<\/div>\n<\/section>\n\n<section class=\"purple-section\">\n\t<div class=\"anchor\" id=\"ma-of-sns-such-as-youtube\"><\/div>\n\t<div class=\"section-inner\">\n\t\t<div class=\"flex reverse\">\n\t\t\t<div class=\"width41\"><img decoding=\"async\" src=\"\/wp-content\/themes\/monolith2021\/img\/pic\/pic_sns_manda.jpg\" alt=\"M&amp;A of SNS such as YouTube\"><\/div>\n\t\t\t<div class=\"width51\">\n\t\t\t\t<h3>Yrityskaupat, kuten YouTube SNS<\/h3>\n\t\t\t\t<p class=\"mgb-small\">YouTube-kanavat ja Twitter-tilit ovat yrityskauppojen kohteina, kuten verkkosivustotkin. Kuitenkin n\u00e4iden yrityskauppojen erityisluonteen vuoksi tarvitaan lakitoimisto, jolla on erikoistunutta tiet\u00e4myst\u00e4 ja osaamista.<\/p>\n\t\t\t\t<p class=\"mgb-small\">Lakitoimistomme on k\u00e4sitellyt lukuisia yrityskauppoja YouTube-kanaville ja muille, pienist\u00e4 summista yli 100 miljoonan jeniin, tarjoten oikeudellisia palveluita sopimusten laatimisesta due diligence -tarkastuksiin (DD).<\/p>\n\t\t\t\t<div class=\"btn-area align-left\">\n\t\t\t\t\t\n\t\t\t\t<\/div>\n\t\t\t<\/div>\n\t\t<\/div>\n\t<\/div>\n<\/section>\n\n<section class=\"white-section\">\n\t<div class=\"anchor\" id=\"one-stop-service-in-cooperation-with-judicial-scriveners\"><\/div>\n\t<div class=\"section-inner\">\n\t\t<div class=\"flex\">\n\t\t\t<div class=\"width41\"><img decoding=\"async\" src=\"\/wp-content\/themes\/monolith2021\/img\/stockrelatedlaw\/stockrelatedlaw_pic2.jpg\" alt=\"Yhden pys\u00e4kin palvelu yhteisty\u00f6ss\u00e4 oikeusnotaarien kanssa\"><\/div>\n\t\t\t<div class=\"width51\">\n\t\t\t\t<h3>Yhden luukun palvelu yhteisty\u00f6ss\u00e4 oikeusnotaarien kanssa<\/h3>\n\t\t\t\t<p class=\"mgb-small\">Erilaiset ty\u00f6t, kuten uusien osakkeiden kolmannen osapuolen allokaatio, jakautuvat p\u00e4\u00e4asiassa termisopimusten valmisteluun, sopimusneuvotteluihin ja sijoitussopimusten sek\u00e4 osakassopimusten valmisteluun, joissa lakimiehill\u00e4 on asiantuntemusta, sek\u00e4 rekister\u00f6intiin liittyv\u00e4\u00e4n ty\u00f6h\u00f6n, jossa oikeusnotaareilla on asiantuntemusta.<\/p>\n\t\t\t\t<p class=\"mgb-small\">Ja koska n\u00e4m\u00e4 ovat toisiinsa liittyvi\u00e4, viestint\u00e4kustannukset paisuvat, jos asiakkaiden on k\u00e4sitelt\u00e4v\u00e4 useita yrityksi\u00e4 erikseen.<\/p>\n\t\t\t\t<p>MONOLITH LAW OFFICE, yhteisty\u00f6ss\u00e4 oikeusnotaarien toimistojen kanssa, voi hoitaa kaikki n\u00e4m\u00e4 palvelut yhdess\u00e4 yhteydenottopisteess\u00e4 ja yhten\u00e4isell\u00e4 tavalla.<\/p>\n\t\t\t<\/div>\n\t\t<\/div>\n\t<\/div>\n<\/section>\n\n<section class=\"orange-section\">\n\t<div class=\"anchor\" id=\"legal-due-diligence-dd-support\"><\/div>\n\t<div class=\"section-inner\">\n\t\t<div class=\"flex reverse\">\n\t\t\t<div class=\"width41\"><img decoding=\"async\" src=\"\/wp-content\/themes\/monolith2021\/img\/pic\/pic_legalduediligence.jpg\" alt=\"Legal Due Diligence Support\"><\/div>\n\t\t\t<div class=\"width51\">\n\t\t\t\t<h3>Oikeudellisen Due Diligence -tuen<\/h3>\n\t\t\t\t<p class=\"mgb-small\">Yrityskaupoissa ja muissa tilanteissa oikeudellinen due diligence (DD) on oikeudellinen tutkimus, jonka tarkoituksena on selvitt\u00e4\u00e4, onko seuraavilla alueilla erityisen vakavia oikeudellisia ongelmia: yrityksen perustaminen, yritysrakenne, osakkeet, osakkeenomistajat, tyt\u00e4ryhti\u00f6t, yrityskaupat (M&#038;A), kiinteist\u00f6t, irtaimisto, immateriaalioikeudet, rahoitus, sopimukset, oikeudenk\u00e4ynnit ja riidat, compliance jne. Due diligence (DD) on teht\u00e4v\u00e4, joka vaatii lakitoimistoilta organisointitaitoja. Meid\u00e4n 30 lakimiehen tiimimme pystyy suorittamaan t\u00e4llaisen oikeudellisen due diligence -tutkimuksen ja valmistelemaan DD-raportit ajallaan.<\/p>\n\t\t\t\t<p><span class=\"bold\">*DD-raportin valmistelussa yleens\u00e4 kuluu yli 30 tuntia asianajajan aikaa (asianajajan palkkiot hieman yli 12 000 dollaria).<\/span><\/p>\n\t\t\t<\/div>\n\t\t<\/div>\n\t<\/div>\n<\/section>\n\n<section class=\"orange2-section\">\n\t<div class=\"anchor\" id=\"legal-due-diligence-cases-we-have-handled\"><\/div>\n\t<div class=\"section-inner\">\n\t\t<h3>Oikeudellisen huolellisuuden tarkastukset, joita olemme k\u00e4sitelleet<\/h3>\n\t\t<p class=\"mgb-small\">Yleisesti ottaen huolellisuuden tarkastuksen piiriin kuuluvat asiat, jotka toimivat yritysten tai liiketoiminnan perustana, sek\u00e4 ne, joilla on merkitt\u00e4v\u00e4 vaikutus yritystoimintaan.<\/p>\n\t\t<p class=\"mgb-small\">Tarkemmin sanottuna se sis\u00e4lt\u00e4\u00e4 yritysrakenteen ja hallinnon arvioinnin siit\u00e4 n\u00e4k\u00f6kulmasta, voivatko yritykset tai liiketoiminnat s\u00e4ilytt\u00e4\u00e4 elinkelpoisuutensa, tarvittavien oikeudellisten s\u00e4\u00e4nn\u00f6sten ja lupien tunnistamisen yritysten ja liiketoimintojen edist\u00e4miseksi sek\u00e4 n\u00e4iden lupien yll\u00e4pidon toteutettavuuden m\u00e4\u00e4ritt\u00e4misen. Lis\u00e4ksi se k\u00e4sitt\u00e4\u00e4 liiketoiminnan kannalta t\u00e4rkeiden varojen ja velvoitteiden tilan arvioinnin, olennaisten sopimusten puuttumisen selvitt\u00e4misen (mukaan lukien ty\u00f6- ja sidosyritysten v\u00e4liset transaktiot), niiden jatkuvuuden suotuisissa olosuhteissa arvioinnin ja ilmenneiden riskien mahdollisen vaikutuksen arvioinnin, jotka saattavat synty\u00e4.<\/p>\n\t\t<p class=\"mgb-middle\">Vaikka oikeudellinen huolellisuuden tarkastus perustuu n\u00e4ihin seikkoihin, sen soveltamisala mukautetaan yrityksen tai liiketoiminnan luonteen mukaisesti.<\/p>\n\t\t<ol class=\"layout-datalist\">\n\t\t\t<li>\n\t\t\t\t<h4>Teknologia-aloitteleva yritys<\/h4>\n\t\t\t\t<p>Alkaen tutkimuksesta yritysrakenteeseen, joka sis\u00e4lt\u00e4\u00e4 osakeannin ja osakkeenomistajien sek\u00e4 johtajien kokoonpanon, me MONOLITH LAW OFFICE:ssa kiinnit\u00e4mme my\u00f6s huomiota perusteelliseen tutkimukseen patentoitujen keksint\u00f6jen ja muiden p\u00e4\u00e4liiketoimintaan liittyvien oikeuksien osalta, liiketoiminnan analysointiin.<\/p>\n\t\t\t<\/li>\n\t\t\t<li>\n\t\t\t\t<h4>Mediayrityksen hallinta<\/h4>\n\t\t\t\t<p>Olemme tarkastaneet heid\u00e4n YouTube-kanaviaan n\u00e4hd\u00e4ksemme, toimivatko ne Palveluehtojen ja Tietosuojak\u00e4yt\u00e4nn\u00f6n mukaisesti, sek\u00e4 ovatko heid\u00e4n aiemmin julkaisemansa videosis\u00e4ll\u00f6t tekij\u00e4noikeus- ja mainoslains\u00e4\u00e4d\u00e4nn\u00f6n mukaisia.<\/p>\n\t\t\t<\/li>\n\t\t\t<li>\n\t\t\t\t<h4>Sopimuspohjainen IT-yritys<\/h4>\n\t\t\t\t<p>Kun osakeannin ja osakkeenomistajien kokousten pit\u00e4misen todellisen tilanteen ja yhti\u00f6j\u00e4rjestyksen v\u00e4lill\u00e4 havaittiin eroavaisuuksia, selvensimme n\u00e4ihin kysymyksiin liittyvi\u00e4 riskej\u00e4 ja auttoimme tulevien vastatoimien toteuttamisessa.<\/p>\n\t\t\t<\/li>\n\t\t\t<li>\n\t\t\t\t<h4>PC-alaan liittyv\u00e4t v\u00e4hitt\u00e4iskauppiaat<\/h4>\n\t\t\t\t<p>Emme keskittyneet vain itse liiketoimintaan, vaan arvioimme my\u00f6s yrityksen transaktioiden tilaa muiden yritysten kanssa sek\u00e4 tuotteiden ostosopimusten tilaa. Lis\u00e4ksi ottaen huomioon, ett\u00e4 yritys harjoitti my\u00f6s rakennusurakointia, vahvistimme huolellisesti rakennusliiketoiminnan jatkamiseen liittyvien lisenssien ja lupien yksityiskohdat sek\u00e4 niiden uusimistilanteen, mukaan lukien vastuullisen osapuolen sijainti.<\/p>\n\t\t\t<\/li>\n\t\t\t<li>\n\t\t\t\t<h4>PC-alaan liittyv\u00e4t valmistajat<\/h4>\n\t\t\t\t<p>Tutkimme ty\u00f6olosuhteita, kuten ty\u00f6s\u00e4\u00e4nt\u00f6j\u00e4 ja palkkas\u00e4\u00e4nn\u00f6st\u00f6j\u00e4, ja ottaen huomioon, ett\u00e4 yritys omisti useita ty\u00f6h\u00f6n liittyvi\u00e4 koneita, tehtaita ja maita, tutkimme my\u00f6s huolellisesti niiden oikeudet ja hankinta-arvon.<\/p>\n\t\t\t<\/li>\n\t\t<\/ol>\n\t<\/div>\n<\/section>\n\n<section class=\"white-section\">\n\t<div class=\"anchor\" id=\"disputes-related-to-stocks-and-investments\"><\/div>\n\t<div class=\"section-inner\">\n\t\t<div class=\"flex\">\n\t\t\t<div class=\"width41\"><img decoding=\"async\" src=\"\/wp-content\/themes\/monolith2021\/img\/stockrelatedlaw\/stockrelatedlaw_pic4.jpg\" alt=\"Osakkeisiin ja investointeihin liittyv\u00e4t riidat\"><\/div>\n\t\t\t<div class=\"width51\">\n\t\t\t\t<h3>Osakkeisiin ja sijoituksiin liittyv\u00e4t riidat<\/h3>\n\t\t\t\t<p>Meill\u00e4 on laaja asiantuntemus sijoituksiin ja muihin asioihin liittyvien ongelmien ja riitojen ratkaisemisessa. T\u00e4m\u00e4 kattaa kaiken yritysten ja osakkeenomistajien v\u00e4lisist\u00e4 oikeudenk\u00e4ynneist\u00e4, kuten osakkeenomistajien johdettuja oikeudenk\u00e4yntej\u00e4, p\u00e4\u00e4oman lis\u00e4ykseen, ostotarjouksiin ja muihin asioihin liittyviin ongelmiin.<\/p>\n\t\t\t<\/div>\n\t\t<\/div>\n\t<\/div>\n<\/section>\n\n<section class=\"purple2-section\">\n\t<div class=\"anchor\" id=\"monolith-law-magazine\"><\/div>\n\t<div class=\"section-inner\">\n\t\t    <section class=\"white-section temp-article\">\n        <div class=\"section-inner\">\n            <h4>MONOLITH LAW MAGAZINE<\/h4>\n            <div class=\"articles type_practice_column\">\n                                                                    <div class=\"article article-area\">\n                        <figure>\n                            <div class=\"img-wrap\">\n                                <img alt=\"\u3010Reiwa 6 (2024) lokakuussa voimaan\u3011Edustavan toimitusjohtajan osoitteen salaamisen hy\u00f6dyt ja haitat rekister\u00f6inniss\u00e4 \u2013 perusteellinen selostus\" src=\"https:\/\/monolith.law\/fi\/wp-content\/uploads\/sites\/30\/2024\/07\/shutterstock_446633164-1.webp\" width=\"500\" height=\"250\">\n                            <\/div>\n                            <figcaption>\n                                <div class=\"figcaption-inner\">\n                                    <h3>\u3010Reiwa 6 (2024) lokakuussa voimaan\u3011Edustavan toimitusjohtajan osoitteen salaamis.<\/h3>\n                                <\/div>\n                            <\/figcaption>\n                            <a href=\"https:\/\/monolith.law\/fi\/general-corporate\/ceo-address-hidden\"><\/a>\n                        <\/figure>\n                    <\/div>\n                                                    <div class=\"article article-area\">\n                        <figure>\n                            <div class=\"img-wrap\">\n                                <img alt=\"Mik\u00e4 on 'johdon vastuuvakuutus' ja miten se eroaa yhti\u00f6n korvauksista \u2013 selitys menettelyist\u00e4 Japanin yhti\u00f6lain (2005) uudistuksen j\u00e4lkeen\" src=\"https:\/\/monolith.law\/fi\/wp-content\/uploads\/sites\/30\/2024\/08\/Shutterstock_2311231603.webp\" width=\"500\" height=\"250\">\n                            <\/div>\n                            <figcaption>\n                                <div class=\"figcaption-inner\">\n                                    <h3>Mik\u00e4 on 'johdon vastuuvakuutus' ja miten se eroaa yhti\u00f6n korvauksista \u2013 selitys .<\/h3>\n                                <\/div>\n                            <\/figcaption>\n                            <a href=\"https:\/\/monolith.law\/fi\/general-corporate\/directors-liability-insurance-contract\"><\/a>\n                        <\/figure>\n                    <\/div>\n                                                    <div class=\"article article-area\">\n                        <figure>\n                            <div class=\"img-wrap\">\n                                <img alt=\"Kuinka perustaa yritys (yhti\u00f6) ulkomailla? Selitys my\u00f6s tyypeist\u00e4 ja keskeisist\u00e4 seikoista\" src=\"https:\/\/monolith.law\/fi\/wp-content\/uploads\/sites\/30\/2024\/08\/world.webp\" width=\"500\" height=\"250\">\n                            <\/div>\n                            <figcaption>\n                                <div class=\"figcaption-inner\">\n                                    <h3>Kuinka perustaa yritys (yhti\u00f6) ulkomailla? Selitys my\u00f6s tyypeist\u00e4 ja keskeisist\u00e4.<\/h3>\n                                <\/div>\n                            <\/figcaption>\n                            <a href=\"https:\/\/monolith.law\/fi\/general-corporate\/establishment-of-overseas-corporation\"><\/a>\n                        <\/figure>\n                    <\/div>\n                                            <\/div>\n            <div class=\"btn-more\"><a href=\"https:\/\/monolith.law\/fi\/tag\/m-and-a\">Read More<\/a><\/div>\n        <\/div>\n    <\/section>\n\t<\/div>\n<\/section>\n\n<section class=\"orange2-section\">\n\t<div class=\"anchor\" id=\"fee-structure\"><\/div>\n\t<div class=\"section-inner\">\n\t<div class=\"planWrap\">\n\t<h3>Palkkiorakenne<\/h3>\n\t<ul class=\"plan\">\n\t\t<li class=\"txt-left\">\n\t\t\t<div class=\"plan-inner\">\n\t\t\t<div class=\"plan-header\">\n\t\t\t<h4 class=\"plan-title\">Tuntiveloitus<\/h4>\n\t\t\t<div class=\"plan-price\"><span class=\"price-figure\">$300<\/span>tunnissa<span class=\"price-tax\"><\/span><\/div>\n\t\t\t<\/div>\n\t\t\t<div class=\"plan-body\">Tietyiss\u00e4 tapauksissa saatamme harkita riidan tai kanteen vastaanottamista aloitusmaksulla ja tulospalkkiolla. Lis\u00e4tietoja varten ota rohkeasti yhteytt\u00e4 meihin.<\/div>\n\t\t\t<\/div>\n\t\t<\/li>\n\t\t<li class=\"txt-left\">\n\t\t\t<div class=\"plan-inner\">\n\t\t\t<div class=\"plan-header\">\n\t\t\t<h4 class=\"plan-title\">Sopimusten Laatiminen<\/h4>\n\t\t\t<div class=\"plan-price\"><span class=\"price-value\">alkaen<\/span><span class=\"price-figure\">$500<\/span><span class=\"price-value\">to $2,000 tai enemm\u00e4n<\/span><span class=\"price-tax\"><\/span><\/div>\n\t\t\t<\/div>\n\t\t\t<div class=\"plan-body\">Hinnoittelurakenne voi vaihdella sopimusten tyypin ja m\u00e4\u00e4r\u00e4n mukaan. Tarjoamme mielell\u00e4mme alustavan arvion tiedustelun yhteydess\u00e4, joten \u00e4l\u00e4 ep\u00e4r\u00f6i ottaa meihin yhteytt\u00e4 saadaksesi lis\u00e4tietoja.<\/div>\n\t\t\t<\/div>\n\t\t<\/li>\n\t\t<li class=\"txt-left\">\n\t\t\t<div class=\"plan-inner\">\n\t\t\t<div class=\"plan-header\">\n\t\t\t<h4 class=\"plan-title\">Muut Palvelut<\/h4>\n\t\t\t<div class=\"plan-price\"><span class=\"price-figure\">Ota Yhteytt\u00e4<\/span><\/div>\n\t\t\t<\/div>\n\t\t\t<div class=\"plan-body\">Tarjoamme laajan valikoiman palveluita, joihin kuuluvat yrityksen perustaminen, sopimusten tarkastus, oikeudelliset lausunnot, tapausten katselmus tai tutkimuskirjeet. Jos sinulla on kysytt\u00e4v\u00e4\u00e4 tai huolenaiheita, kutsun sinut yst\u00e4v\u00e4llisesti ottamaan yhteytt\u00e4 meihin, ja asiantunteva tiimimme on valmis auttamaan sinua.<\/div>\n\t\t\t<\/div>\n\t\t\t<\/div>\n\t\t<\/li>\n\t<\/ul>\n\t<\/div>\n\t<\/div>\n<\/section>\n\n<section class=\"white-section\">\n\t<div class=\"section-inner\">\n\t\t<div class=\"btn-area\">\n\t\t\t<div class=\"btn icon-contact\"><a href=\"\/fi\/contact\">Ota Yhteytt\u00e4<\/a><\/div>\n\t\t<\/div>\n\t<\/div>\n<\/section>\n","protected":false},"excerpt":{"rendered":"<p>M&#038;A Olemme hoitaneet lukuisia IT-keskeisi\u00e4 osake- ja M&#038;A-oikeudellisia asioita, mukaan lukien sovellukset ja verkkopalvelut. Pystymme suorittamaan oikeudellista due diligence -tarkastusta (D [&hellip;]<\/p>\n","protected":false},"author":1,"featured_media":57141,"parent":0,"menu_order":7,"comment_status":"closed","ping_status":"closed","template":"other-page-temp.php","meta":{"footnotes":""},"acf":[],"_links":{"self":[{"href":"https:\/\/monolith.law\/fi\/wp-json\/wp\/v2\/pages\/32408"}],"collection":[{"href":"https:\/\/monolith.law\/fi\/wp-json\/wp\/v2\/pages"}],"about":[{"href":"https:\/\/monolith.law\/fi\/wp-json\/wp\/v2\/types\/page"}],"author":[{"embeddable":true,"href":"https:\/\/monolith.law\/fi\/wp-json\/wp\/v2\/users\/1"}],"replies":[{"embeddable":true,"href":"https:\/\/monolith.law\/fi\/wp-json\/wp\/v2\/comments?post=32408"}],"version-history":[{"count":33,"href":"https:\/\/monolith.law\/fi\/wp-json\/wp\/v2\/pages\/32408\/revisions"}],"predecessor-version":[{"id":65513,"href":"https:\/\/monolith.law\/fi\/wp-json\/wp\/v2\/pages\/32408\/revisions\/65513"}],"wp:featuredmedia":[{"embeddable":true,"href":"https:\/\/monolith.law\/fi\/wp-json\/wp\/v2\/media\/57141"}],"wp:attachment":[{"href":"https:\/\/monolith.law\/fi\/wp-json\/wp\/v2\/media?parent=32408"}],"curies":[{"name":"wp","href":"https:\/\/api.w.org\/{rel}","templated":true}]}}