{"id":4096,"date":"2023-11-11T23:50:29","date_gmt":"2023-11-11T14:50:29","guid":{"rendered":"https:\/\/monolith.law\/?page_id=4096"},"modified":"2024-02-07T18:48:02","modified_gmt":"2024-02-07T09:48:02","slug":"overview-of-our-firm","status":"publish","type":"page","link":"https:\/\/monolith.law\/fi\/overview-of-our-firm","title":{"rendered":"Yrityksemme esittely"},"content":{"rendered":"\n<section class=\"heading-area\">\n\t<div class=\"heading-area-inner\">\n\t\t<h2 class=\"icon-overview-of-our-firm\">Yrityksemme esittely<\/h2>\n\t\t<p>MONOLITH LAW OFFICE on Tokiossa toimiva japanilainen lakitoimisto, joka on erikoistunut IT-, internet- ja liiketoiminta-aloille ja koostuu IT-alan asiantuntijoista, mukaan lukien perustajalakimies, jolla on laaja tausta IT-insin\u00f6\u00f6rin\u00e4.<\/p>\n\t<\/div>\n<\/section>\n<section class=\"white-section\">\n\t<div class=\"section-inner pdt0 border-bottom-section\">\n\t\t<p>Perustajalakimies Toki Kawase on ollut kiinnostunut ohjelmoinnista jo ala-asteen kolmannelta luokalta l\u00e4htien ja on ty\u00f6skennellyt IT-alalla yliopisto-opiskelijana. Kahdenkymmenen ik\u00e4vuoden kynnyksell\u00e4 h\u00e4n on kokenut startup-yritysten ja suurempien liiketoimintojen johtamista. N\u00e4m\u00e4 ainutlaatuiset kokemukset yhdistettyn\u00e4 ovat luoneet toimistollemme tiimin IT-ammattilaisia, jotka auttavat tarjoamaan ratkaisuja asiakkaillemme.<br>MONOLITH LAW OFFICE tarjoaa oikeudellisia konsultointipalveluita hy\u00f6dynt\u00e4en t\u00e4ysim\u00e4\u00e4r\u00e4isesti vahvuuttaan IT-alalla. Asiakkaamme vaihtelevat huipputason yrityksist\u00e4 siemenasteen startup-yrityksiin. Meill\u00e4 on laaja kokemus IT-alan oikeudellisten palveluiden tarjoamisesta erilaisille yrityksille.<\/p>\n\t<\/div>\n<\/section>\n<section class=\"second-nav\">\n\t<div class=\"second-nav-inner\">\n\t\t<p>AIHEET<\/p>\n\t\t<nav>\n\t\t\t<ul>\n\t\t\t\t<li><a href=\"#specialization-in-it\">Erikoistuminen IT-alalle<\/a><\/li>\n\t\t\t\t<li><a href=\"#law-firm-at-otemachi-tokyo\">Lakitoimisto Otemachissa, Tokiossa<\/a><\/li>\n\t\t\t\t<li><a href=\"#what-is-a-monolith\">Mik\u00e4 on Monoliitti<\/a><\/li>\n\t\t\t\t<li><a href=\"#from-legal-advisor-to-it-specialized-lawyer\">Oikeudellisesta neuvonantajasta IT-erikoistuneeksi lakimieheksi<\/a><\/li>\n\t\t\t\t<li><a href=\"#handling-cross-border-legal-matters\">Rajat ylitt\u00e4vien oikeudellisten asioiden k\u00e4sittely<\/a><\/li>\n\t\t\t\t<li><a href=\"#our-clients\">Asiakkaamme<\/a><\/li>\n\t\t\t<\/ul>\n\t\t<\/nav>\n\t<\/div>\n<\/section>\n<section class=\"white-section\">\n\t<div class=\"anchor\" id=\"specialization-in-it\"><\/div>\n\t<div class=\"section-inner\">\n\t\t<div class=\"flex\">\n\t\t\t<div class=\"width41\"><img decoding=\"async\" src=\"\/wp-content\/uploads\/2023\/06\/about_pic1.jpg\" alt=\"Specialization in IT\"><\/div>\n\t\t\t<div class=\"width51\">\n\t\t\t\t<h3>IT-alan erikoistuminen<\/h3>\n\t\t\t\t<p class=\"mgb-small\">Olemme Tokiossa toimiva japanilainen lakitoimisto, joka on erikoistunut IT-alaan. Meill\u00e4 on paitsi asianajajien tiimi, joka on erikoistunut IT-alan eri osa-alueisiin, my\u00f6s IT-konsulttien tiimi, jolla on laaja tiet\u00e4mys IT-alasta. Lakimiesten ja IT-osaajien yhteisty\u00f6n kautta varmistamme asiakkaidemme parhaat edut.<\/p>\n\t\t\t\t<p class=\"mgb-small\">Edustusasianajajamme Toki Kawase aloitti ohjelmoinnin jo ala-asteen kolmannella luokalla. Toki on syventynyt IT-teollisuuteen heti yliopistoon siirtymisens\u00e4 j\u00e4lkeen; sek\u00e4 liiketoimintaan, erityisesti startupeihin ja pk-yrityksiin, joissa h\u00e4nell\u00e4 oli kokemusta jo 20-vuotiaana. N\u00e4m\u00e4 ovat Toki Kawasen, perustajalakimiehemme, vahvuuksia ja MONOLITH LAW OFFICEn toiminta-alueita.<\/p>\n\t\t\t\t<p class=\"mgb-middle\">N\u00e4ist\u00e4 n\u00e4k\u00f6kulmista k\u00e4sin MONOLITH LAW OFFICE keskittyy tarjoamaan neuvontapalveluita ja muita palveluita avainsanalla &#8220;IT&#8221;, huippuyrityksist\u00e4 siemenasteen startupeihin, sek\u00e4 palveluita avainsanoilla &#8220;Internet&#8221; ja &#8220;Liiketoiminta&#8221;, internetoikeudellisista asioista p\u00f6rssiyhti\u00f6ille aina yrityskauppoihin (M&#038;A).<\/p>\n\t\t\t\t<div class=\"btn-area\">\n\t\t\t\t\t<div class=\"btn icon-services\"><a href=\"\/fi\/services\">Palvelut<\/a><\/div>\n\t\t\t\t\t<div class=\"btn icon-people\"><a href=\"\/en\/people\">Henkil\u00f6st\u00f6[en]<\/a><\/div>\n\t\t\t\t<\/div>\n\t\t\t<\/div>\n\t\t<\/div>\n\t<\/div>\n<\/section>\n<section class=\"purple-section\">\n\t<div class=\"anchor\" id=\"law-firm-at-otemachi-tokyo\"><\/div>\n\t<div class=\"section-inner\">\n\t\t<div class=\"flex reverse\">\n\t\t\t<div class=\"width41\"><img decoding=\"async\" src=\"\/wp-content\/uploads\/2023\/06\/about_pic2.jpg\" alt=\"Law Firm at Otemachi, Tokyo\"><\/div>\n\t\t\t<div class=\"width51\">\n\t\t\t\t<div class=\"inline-inner\">\n\t\t\t\t\t<h3>Lakitoimisto Otemachissa, Tokiossa<\/h3>\n\t\t\t\t\t<p class=\"mgb-small\">MONOLITH LAW OFFICE on japanilainen lakitoimisto, joka sijaitsee Otemachissa, Chiyoda-kussa, Tokiossa.<\/p>\n\t\t\t\t\t<p class=\"mgb-small\">Olemme toimineet oikeudellisina neuvonantajina noin 1087 IT-yritykselle, alkaen siemenasteen startup-yrityksist\u00e4 TSE:n ensimm\u00e4isen osaston yrityksiin, jotka edustavat suurimpia ja arvostetuimpia yrityksi\u00e4 Tokion p\u00f6rssiss\u00e4. Tarjoamme oikeudellisia palveluita yhteens\u00e4 1855 asiakkaalle, keskittyen IT-oikeudellisiin asioihin, kuten maineen vahingoittamisen est\u00e4miseen, kunnianloukkauksen vastaiseen toimintaan ja j\u00e4rjestelm\u00e4kehitykseen liittyviin riitoihin.<\/p>\n\t\t\t\t\t<p class=\"mgb-middle\">&#8220;Asiantuntemus IT:ss\u00e4 ja liiketoiminnassa&#8221; on se, mik\u00e4 tekee meist\u00e4 erityisen.<\/p>\n\t\t\t\t\t<div class=\"btn-area\">\n\t\t\t\t\t\t<div class=\"btn icon-access\"><a href=\"\/fi\/access\">Access<\/a><\/div>\n\t\t\t\t\t<\/div>\n\t\t\t\t<\/div>\n\t\t\t<\/div>\n\t\t<\/div>\n\t<\/div>\n<\/section>\n<section class=\"white-section\">\n\t<div class=\"anchor\" id=\"what-is-a-monolith\"><\/div>\n\t<div class=\"section-inner\">\n\t\t<div class=\"flex\">\n\t\t\t<div class=\"width41\"><img decoding=\"async\" src=\"\/wp-content\/themes\/monolith2021\/img\/about\/about_pic3.jpg\" alt=\"What is a Monolith\"><\/div>\n\t\t\t<div class=\"width51\">\n\t\t\t\t<h3>Mik\u00e4 on Monoliitti<\/h3>\n\t\t\t\t<p class=\"mgb-small\">Sana &#8220;monoliitti&#8221; on per\u00e4isin latinasta, tarkoittaen yksitt\u00e4ist\u00e4 tai eristetty\u00e4 kive\u00e4. Stanley Kubrickin elokuvassa &#8220;2001: Avaruusseikkailu&#8221; ne kuvataan ulkoavaruuden \u00e4lykkyyden ty\u00f6kaluina, joiden teht\u00e4v\u00e4n\u00e4 on katalysoida ihmisen evoluutiota.<\/p>\n\t\t\t\t<p class=\"mgb-small\">MONOLITH LAW OFFICE:n teht\u00e4v\u00e4n\u00e4 on edist\u00e4\u00e4 IT:n ja muiden teknologioiden sek\u00e4 sosiaalisten j\u00e4rjestelmien evoluutiota oikeudellisena asiantuntijana. MONOLITH ty\u00f6skentelee testatakseen startup-yritysten esitt\u00e4mi\u00e4 hypoteeseja, koordinoidakseen IT:n ja lain maineen vahingoittumisen vastatoimissa sek\u00e4 riidanratkaisussa, ja rakentaakseen sujuvampia liiketoimintaj\u00e4rjestelmi\u00e4.<\/p>\n\t\t\t\t<p class=\"mgb-small\">MONOLITH LAW OFFICE uskoo, ett\u00e4 laki katalysoi ihmiskunnan evoluutiota teknologian ja yhteiskunnan kautta. <\/p>\n\t\t\t\t<p class=\"mgb-middle\">MONOLITH LAW OFFICE:n lopullinen tavoite on edist\u00e4\u00e4 IT:n, yhteiskunnan ja ihmiskunnan evoluutiota. <\/p>\n\t\t<\/div>\n\t<\/div>\n<\/section>\n<section class=\"orange-section\">\n\t<div class=\"anchor\" id=\"from-legal-advisor-to-it-specialized-lawyer\"><\/div>\n\t<div class=\"section-inner\">\n\t\t<div class=\"flex reverse\">\n\t\t\t<div class=\"width41\"><img decoding=\"async\" src=\"\/wp-content\/uploads\/2023\/06\/about_pic4.jpg\" alt=\"From \"><\/div>\n\t\t\t<div class=\"width51\">\n\t\t\t\t<h3>Juridisesta neuvonantajasta IT-oikeuden asiantuntijaksi<\/h3>\n\t\t\t\t<p class=\"mgb-small\">MONOLITH LAW OFFICE korostaa etujaan &#8220;IT-oikeudessa, internet-oikeudessa ja liikejuridiikassa&#8221;. Tarjoamme oikeudellisia palveluita monille yrityksille keskittyen IT-alalle. Tarjoamme kahta p\u00e4\u00e4tyyppi\u00e4 oikeudellisia palveluita.<\/p>\n\t\t\t\t<p class=\"mgb-small\">Ensimm\u00e4inen on palvelu, joka perustuu IT-yrityksen &#8220;Yleisen neuvonantajan&#8221; tai &#8220;P\u00e4\u00e4juristin&#8221; asemaan. Koska yrityksen p\u00e4\u00e4toimiala liittyy IT:hen, toimistomme valitaan kykyns\u00e4 vuoksi ymm\u00e4rt\u00e4\u00e4 asiakkaan IT-teknologiaa ja liiketoimintaa.<\/p>\n\t\t\t\t<p class=\"mgb-small\">Toinen on toimiminen &#8220;IT-\/internet-oikeuden ammattilaisena&#8221; yrityksille, joille IT ei ole ydinliiketoimintaa. Vaikka IT ei ole ydinliiketoimintaa esimerkiksi rahoitus-, kiinteist\u00f6- ja ravintola-alalla, ne eiv\u00e4t en\u00e4\u00e4 voi olla olemassa ilman IT:t\u00e4 ja interneti\u00e4. Tarjoamme tukea oikeudellisesta n\u00e4k\u00f6kulmasta yritysten IT- ja internetiin liittyviss\u00e4 toiminnoissa.<\/p>\n\t\t\t\t<p class=\"mgb-middle\">MONOLITH LAW OFFICE ty\u00f6skentelee kanssasi erilaisissa teht\u00e4viss\u00e4 korkean asiantuntemuksemme pohjalta tukemaan yrityksesi kehityst\u00e4.<\/p>\n\t\t\t\t<div class=\"btn-area\">\n\t\t\t\t\t<div class=\"btn icon-general-corporate\"><a href=\"\/fi\/services#general-corporate\">Yleinen yritysoikeus<\/a><\/div>\n\t\t\t\t\t<div class=\"btn icon-it\"><a href=\"\/fi\/services#it\">IT<\/a><\/div>\n\t\t\t\t<\/div>\n\t\t\t<\/div>\n\t\t<\/div>\n\t<\/div>\n<\/section>\n<section class=\"white-section\">\n\t<div class=\"anchor\" id=\"handling-cross-border-legal-matters\"><\/div>\n\t<div class=\"section-inner\">\n\t\t<div class=\"flex\">\n\t\t\t<div class=\"width41\"><img decoding=\"async\" src=\"\/wp-content\/uploads\/2023\/06\/about_pic5.jpg\" alt=\"Handling cross-border legal matters\"><\/div>\n\t\t\t<div class=\"width51\">\n\t\t\t\t<h3>Rajat ylitt\u00e4vien oikeudellisten asioiden k\u00e4sittely<\/h3>\n\t\t\t\t<p class=\"mgb-small\">IT- ja Internet-sektoreiden rajat ylitt\u00e4vien oikeudellisten asioiden hallinta on erikoisalaamme. Globalisaation ja rajat ylitt\u00e4vien toimintojen merkityksen kasvaessa asianmukaisen oikeudellisen tuen saaminen muuttuu ratkaisevan t\u00e4rke\u00e4ksi.<\/p>\n\t\t\t\t<p class=\"mgb-small\">Esimerkiksi, kun japanilainen SaaS-yritys laajentaa toimintaansa kansainv\u00e4lisille markkinoille, paikallisten oikeudellisten vaatimusten ja s\u00e4\u00e4nn\u00f6sten noudattaminen on v\u00e4ltt\u00e4m\u00e4t\u00f6nt\u00e4. Samoin ulkomaisia investointeja vastaanotettaessa on tarpeen saada apua investointisopimusten ja niihin liittyvien oikeudellisten asiakirjojen laatimisessa ja neuvotteluissa. Vastaavasti japanilaisille yrityksille, jotka ovat mukana ulkomailla tapahtuvissa yritysostojen ja globaalin laajentumisen toimissa, on elint\u00e4rke\u00e4\u00e4 ymm\u00e4rt\u00e4\u00e4 paikallisia lakeja ja s\u00e4\u00e4d\u00f6ksi\u00e4. Lis\u00e4ksi kielimuureja ja kulttuurieroja, kuten vaikuttajamarkkinoinnissa ja sis\u00e4\u00e4np\u00e4in suuntautuvassa kysynn\u00e4ss\u00e4, on k\u00e4sitelt\u00e4v\u00e4 paikallisten lakien ja sopimusasioiden n\u00e4k\u00f6kulmasta.<\/p>\n\t\t\t\t<p class=\"mgb-middle\">MONOLITH LAW OFFICE on vahvistanut kykyj\u00e4\u00e4n edistyksellisill\u00e4 oikeudellisilla alueilla vastatakseen rajat ylitt\u00e4v\u00e4n toiminnan ja globalisaation vaatimuksiin. Yhdist\u00e4m\u00e4ll\u00e4 lakimiestemme tiimin insin\u00f6\u00f6reihin ja muihin ammattilaisiin tarjoamme kattavaa tukea, hy\u00f6dynt\u00e4en teknist\u00e4 tiet\u00e4myst\u00e4 ja oikeudellista asiantuntemusta, asiakkaidemme kansainv\u00e4lisen laajentumisen ja globaalien liiketoimien tukemiseksi.<\/p>\n\t\t\t\t<div class=\"btn-area\">\n\t\t\t\t\t<div class=\"btn icon-cross-border\"><a href=\"\/fi\/services#cross-border\">Cross-border<\/a><\/div>\n\t\t\t\t<\/div>\n\t\t\t<\/div>\n\t\t<\/div>\n\t<\/div>\n<\/section>\n<section class=\"purple-section\">\n\t<div class=\"anchor\" id=\"our-clients\"><\/div>\n\t<div class=\"section-inner\">\n\t\t<div class=\"flex reverse\">\n\t\t\t<div class=\"width41\"><img decoding=\"async\" src=\"\/wp-content\/uploads\/2019\/09\/beartail_kurosaki.jpg\" alt=\"Our Clients\"><\/div>\n\t\t\t<div class=\"width51\">\n\t\t\t\t<h3>Asiakkaamme<\/h3>\n\t\t\t\t<p class=\"mgb-small\">MONOLITH LAW OFFICE tarjoaa kahta p\u00e4\u00e4tyyppi\u00e4 palveluita. Yksi on toimia IT- ja startup-yrityksen yleisen\u00e4 neuvonantajana tai p\u00e4\u00e4oikeudellisena virkamiehen\u00e4, k\u00e4sitellen yrityksen kokonaisvaltaisia \u200b\u200boikeudellisia asioita. Toinen on toimia &#8220;IT- ja IP-oikeuden asianajajana&#8221; erilaisille yrityksille ja k\u00e4sitell\u00e4 yrityksen IT- ja IP-oikeudellisia asioita.<\/p>\n\t\t\t\t<p class=\"mgb-small\">Olemme saaneet seuraavan viestin asiakkailtamme:<\/p>\n\t\t\t\t<p class=\"mgb-small\">&#8220;Oikeudellisen riskin olettaminen edellytt\u00e4\u00e4 teknologian ymm\u00e4rt\u00e4mist\u00e4, ja MONOLITH LAW OFFICE on ammattilainen t\u00e4ll\u00e4 alueella.&#8221;<\/p>\n\t\t\t\t<p class=\"mgb-small\">&#8220;MONOLITH LAW OFFICE on hy\u00f6dyllinen, koska he ty\u00f6skentelev\u00e4t kanssamme selvitt\u00e4\u00e4kseen &#8216;miten hallita riski\u00e4&#8217; yritysjohtajan n\u00e4k\u00f6kulmasta.&#8221;<\/p>\n\t\t\t\t<p class=\"mgb-middle\">&#8220;MONOLITH LAW OFFICE on sek\u00e4 lakiasiaintoimisto ett\u00e4 johtamiskonsultti. He tarjoavat oikeudellisen perustan selityksilleen.&#8221;<\/p>\n\t\t\t\t\n\t\t<\/div>\n\t<\/div>\n<\/section>\n","protected":false},"excerpt":{"rendered":"<p>Yrityksemme esittely MONOLITH LAW OFFICE on Tokiossa toimiva japanilainen lakitoimisto, joka on erikoistunut IT-, internet- ja liiketoiminta-aloille ja koostuu IT-alan asiantuntijoista, mukaan lukien  [&hellip;]<\/p>\n","protected":false},"author":1,"featured_media":56658,"parent":0,"menu_order":1,"comment_status":"closed","ping_status":"closed","template":"other-page-temp.php","meta":{"footnotes":""},"acf":[],"_links":{"self":[{"href":"https:\/\/monolith.law\/fi\/wp-json\/wp\/v2\/pages\/4096"}],"collection":[{"href":"https:\/\/monolith.law\/fi\/wp-json\/wp\/v2\/pages"}],"about":[{"href":"https:\/\/monolith.law\/fi\/wp-json\/wp\/v2\/types\/page"}],"author":[{"embeddable":true,"href":"https:\/\/monolith.law\/fi\/wp-json\/wp\/v2\/users\/1"}],"replies":[{"embeddable":true,"href":"https:\/\/monolith.law\/fi\/wp-json\/wp\/v2\/comments?post=4096"}],"version-history":[{"count":95,"href":"https:\/\/monolith.law\/fi\/wp-json\/wp\/v2\/pages\/4096\/revisions"}],"predecessor-version":[{"id":65521,"href":"https:\/\/monolith.law\/fi\/wp-json\/wp\/v2\/pages\/4096\/revisions\/65521"}],"wp:featuredmedia":[{"embeddable":true,"href":"https:\/\/monolith.law\/fi\/wp-json\/wp\/v2\/media\/56658"}],"wp:attachment":[{"href":"https:\/\/monolith.law\/fi\/wp-json\/wp\/v2\/media?parent=4096"}],"curies":[{"name":"wp","href":"https:\/\/api.w.org\/{rel}","templated":true}]}}