{"id":41151,"date":"2023-11-14T14:33:54","date_gmt":"2023-11-14T05:33:54","guid":{"rendered":"https:\/\/monolith.law\/?page_id=41151"},"modified":"2025-08-30T09:17:12","modified_gmt":"2025-08-30T00:17:12","slug":"home","status":"publish","type":"page","link":"https:\/\/monolith.law\/fi\/","title":{"rendered":"MONOLITH LAW OFFICE | Tokio, Japani"},"content":{"rendered":"\n<p>\n<\/p>\n\n\n\n<section class=\"white-section front-top\" data-delighter=\"\">\n\t<div class=\"section-inner\">\n\t<div class=\"top-logo\">\n\t<div class=\"base\"><\/div>\n\t<img decoding=\"async\" src=\"\/wp-content\/themes\/monolith2021\/img\/top\/top_logo_m.svg\" alt=\"M\" class=\"top-logo-1\">\n\t<img decoding=\"async\" src=\"\/wp-content\/themes\/monolith2021\/img\/top\/top_logo_o.svg\" alt=\"O\" class=\"top-logo-2\">\n\t<img decoding=\"async\" src=\"\/wp-content\/themes\/monolith2021\/img\/top\/top_logo_n.svg\" alt=\"N\" class=\"top-logo-3\">\n\t<img decoding=\"async\" src=\"\/wp-content\/themes\/monolith2021\/img\/top\/top_logo_o.svg\" alt=\"O\" class=\"top-logo-4\">\n\t<img decoding=\"async\" src=\"\/wp-content\/themes\/monolith2021\/img\/top\/top_logo_l.svg\" alt=\"L\" class=\"top-logo-5\">\n\t<img decoding=\"async\" src=\"\/wp-content\/themes\/monolith2021\/img\/top\/top_logo_i.svg\" alt=\"I\" class=\"top-logo-6\">\n\t<img decoding=\"async\" src=\"\/wp-content\/themes\/monolith2021\/img\/top\/top_logo_t.svg\" alt=\"T\" class=\"top-logo-7\">\n\t<img decoding=\"async\" src=\"\/wp-content\/themes\/monolith2021\/img\/top\/top_logo_h.svg\" alt=\"H\" class=\"top-logo-8\">\n\t<\/div>\n\t<p class=\"text1\"><strong>IT:n evoluutio<\/strong><\/p>\n\t<p class=\"text2\">Nyky\u00e4\u00e4n IT on modernin liiketoiminnan ytimess\u00e4, <br class=\"sp-none\">mutta IT:n k\u00e4ytt\u00f6 liiketoiminnassa vaatii oikeudellista riskienhallintaa.<br>MONOLITH LAW OFFICE:ssa lakimiehemme ja IT-konsulttimme ty\u00f6skentelev\u00e4t yhdess\u00e4 ratkaistakseen asiakkaidemme ongelmat.<br class=\"sp-none\">Teht\u00e4v\u00e4mme on sytytt\u00e4\u00e4 IT-innovaatio ja kiihdytt\u00e4\u00e4 kasvua Japanissa, mahdollistaen yritysten lent\u00e4\u00e4 ennenn\u00e4kem\u00e4tt\u00f6miin korkeuksiin.<\/p>\n\t\n\t<\/div>\n<\/section>\n<section class=\"white-section front-about\">\n\t<div class=\"section-inner\">\n\t<div class=\"text\">\n\t<p class=\"en\">MONOLITH LAW OFFICE:sta<\/p>\n\t<h2>Teht\u00e4v\u00e4mme IT-insin\u00f6\u00f6rin taustan omaavana oikeusalan ammattilaisena.<\/h2>\n\t<p class=\"text\">MONOLITH LAW OFFICE on Tokiossa toimiva japanilainen lakitoimisto, joka tarjoaa IT-oikeudellisia palveluita erilaisille yrityksille.<br>Toki Kawase, toimitusjohtajamme, on ty\u00f6skennellyt freelance IT-insin\u00f6\u00f6rin\u00e4 yliopisto-opiskelijasta l\u00e4htien. H\u00e4nell\u00e4 on kokemusta IT-yrityksen perustamisesta ja h\u00e4n on ty\u00f6skennellyt my\u00f6s IT-insin\u00f6\u00f6rin\u00e4. Toki on n\u00e4hnyt omilla silmill\u00e4\u00e4n, kuinka startupit ja muut yritykset kasvavat merkitt\u00e4v\u00e4sti IT:n avulla, ja mit\u00e4 erilaisia riskej\u00e4 t\u00e4h\u00e4n liittyy. H\u00e4n ymm\u00e4rt\u00e4\u00e4, ett\u00e4 jotta IT voi jatkossakin tuoda suuria hy\u00f6tyj\u00e4 yrityksille, tarvitaan innovatiivista oikeudellista n\u00e4k\u00f6kulmaa.<br>T\u00e4m\u00e4n kokemuksen pohjalta h\u00e4n on perustanut MONOLITH LAW OFFICEn, joka on eritt\u00e4in erikoistuneiden lakimiesten ja IT-konsulttien organisaatio, joka tarjoaa monenlaisia ratkaisuja.<\/p>\n\t<\/div>\n\t<div class=\"pic\"><img decoding=\"async\" src=\"\/wp-content\/themes\/monolith2021\/img\/top\/kawase_pic.png\" alt=\"Perustajalakimiehemme Toki Kawase\"><\/div>\n\t<\/div>\n<\/section>\n<section class=\"white-section front-numbers\">\n\t<div class=\"section-inner\">\n\t<p class=\"en\">MONOLITH LAW OFFICE NUMEROISSA<\/p>\n\t<h2>Kokemuksemme lakiasiaintoimistona sek\u00e4 yritysten IT-asiantuntijana.<\/h2>\n\t<div class=\"box-wrap\">\n\t<div class=\"sub-box\">\n\t\t<h3>Asiakkaat<\/h3>\n\t\t<p class=\"code\">1855\n\t\t<p class=\"text\">Olemme tukeneet monenlaisia yrityksi\u00e4 eri toimialoilla. Asiakaskuntamme ulottuu Japanin huippuluokan organisaatioista pieniin ja keskisuuriin yrityksiin. Tarjoamme palveluita, jotka on suunnattu kunkin asiakkaan tarpeisiin. <\/p>\n\t<\/div>\n\t<div class=\"sub-box\">\n\t\t<h3>Alkuper\u00e4iset IT-ratkaisut<\/h3>\n\t\t<p class=\"code\">7\n\t\t<p class=\"text\">Olemme yritysten IT-erikoistunut tiimi. MONOLITH LAW OFFICE on taitavien lakimiesten ja IT-konsulttien joukko, joka on omistautunut luomaan r\u00e4\u00e4t\u00e4l\u00f6ityj\u00e4 ratkaisuja erityistarpeisiisi.<\/p>\n\t<\/div>\n\t<div class=\"sub-box\">\n\t\t<h3>Lakimiehet<\/h3>\n\t\t<p class=\"code\">30\n\t\t<p class=\"text\">T\u00e4rkein tekij\u00e4 IT-ongelmien ratkaisemisessa on alkuvasteen nopeus. MONOLITH LAW OFFICE:ssa on monia lakimiehi\u00e4, jotka voivat vastata p\u00e4ivitt\u00e4in monenlaisiin konsultaatioihin.<\/p>\n\t<\/div>\n\t<div class=\"sub-box\">\n\t\t<h3>IT-konsultit<\/h3>\n\t\t<p class=\"code\">16\n\t\t<p class=\"text\">Uskomme, ett\u00e4 IT-konsultit ovat yht\u00e4 t\u00e4rkeit\u00e4 kuin lakimiehet pysy\u00e4kseen ajan tasalla jatkuvasti kehittyv\u00e4n teknologian kanssa ja kohdatessaan yh\u00e4 monimutkaisempia yritysten IT-haasteita.<\/p>\n\t<\/div>\n\t<div class=\"sub-box\">\n<h3>Tuetut maat<\/h3>\n\t\t<p class=\"code\">18\n\t\t<p class=\"text\">Japanilainen lakitoimisto, jolla on rajat ylitt\u00e4v\u00e4\u00e4 asiantuntemusta. Erikoistunut kansainv\u00e4lisiin transaktioihin, oikeudenk\u00e4ynteihin ja s\u00e4\u00e4ntelyyn. R\u00e4\u00e4t\u00e4l\u00f6idyt ratkaisut globaaleille asiakkaille liike- ja oikeudellisissa asioissa.<\/p>\n\t<\/div>\n\t<div class=\"sub-box\">\n\t\t<h3>IT- ja Lakitietouden Artikkelit<\/h3>\n\t\t<p class=\"code\">1010\n\t\t<p class=\"text\">Analysoimme ja selit\u00e4mme erilaisia yritysten IT-tapaustutkimuksia verkkolehdess\u00e4 \u201cMONOLITH LAW MAGAZINE.\u201d Jatkuvasti tutkimme sopivia ratkaisuja yritys-IT\nyh\u00e4 monimutkaisempiin ja monimuotoisempiin haasteisiin.<\/p>\n\t<\/div>\n\t<\/div>\n\t<\/div>\n<\/section>\n<section class=\"front-service\">\n\t<div class=\"section-inner\">\n\t\t<p class=\"en\">MONOLITH LAW OFFICEN PALVELUT<\/p>\n\t\t<h2>Monimutkaisten IT-riskien ratkaisumme.<\/h2>\n\t<\/div>\n\t<div class=\"front-service-field\">\n\t<div class=\"section-inner\">\n\t<h3><a href=\"\/fi\/services\">Palvelut<\/a><\/h3>\n\t<div class=\"box-wrap\">\n\t<div class=\"sub-box\">\n\t\t<h4>Yleinen yritystoiminta<\/h4>\n\t\t<div class=\"icon\"><img decoding=\"async\" src=\"\/wp-content\/themes\/monolith_en\/img\/top\/service_general-corporate.svg\" alt=\"Yritysoikeudelliset asiat IT- ja startup-yrityksille\"><\/div>\n\t\t<p>Erikoistunut tiet\u00e4mys ja kokemus ovat kriittisi\u00e4 tarkkojen oikeudellisten tukipalveluiden tarjoamisessa dynaamisessa ymp\u00e4rist\u00f6ss\u00e4, joka on ominaista IT- ja startup-yrityksille. Toimistollamme on monia asiantuntijoita t\u00e4ll\u00e4 alalla, ja olemme toimineet oikeudellisina neuvonantajina 1087 yritykselle, p\u00e4\u00e4asiassa IT-yrityksille, TSE:n ensimm\u00e4isen osaston yrityksist\u00e4 siemenasteen startup-yrityksiin.<\/p>\n\t\t<div class=\"btn-more\"><a href=\"\/fi\/general-corporate\">Lue lis\u00e4\u00e4<\/a><\/div>\n\t<\/div>\n\t<div class=\"sub-box\">\n\t\t<h4>IT<\/h4>\n\t\t<div class=\"icon\"><img decoding=\"async\" src=\"\/wp-content\/themes\/monolith_en\/img\/top\/service_it.svg\" alt=\"IT- ja IP-oikeudelliset asiat eri yrityksille\"><\/div>\n\t\t<p>Nyky\u00e4\u00e4n kaikki yritykset, riippumatta toimialastaan tai liiketoiminnan koosta, ovat jollakin tavalla mukana IT:ss\u00e4 yritystoiminnassaan. Voimme toimia &#8220;asianajajina, jotka ovat erikoistuneet IT:n ja immateriaalioikeuden alueelle&#8221; yrityksille, joilla on jo p\u00e4\u00e4asiallinen oikeudellinen neuvonantaja, tai jopa yrityksille, joiden p\u00e4\u00e4liiketoiminta ei ole IT.<\/p>\n\t\t<div class=\"btn-more\"><a href=\"\/fi\/it\">Lue lis\u00e4\u00e4<\/a><\/div>\n\t<\/div>\n\t<div class=\"sub-box\">\n\t\t<h4>Rajat ylitt\u00e4v\u00e4<\/h4>\n\t\t<div class=\"icon\"><img decoding=\"async\" src=\"\/wp-content\/themes\/monolith_en\/img\/top\/service_cross-border.svg\" alt=\"Kansainv\u00e4liset oikeudelliset asiat\"><\/div>\n\t\t<p>P\u00e4\u00e4painomme on tarjota kattavia oikeudellisia palveluita japanilaisille IT-yrityksille, jotka tulevat kansainv\u00e4lisille markkinoille. Tarjoamme my\u00f6s ammattitaitoista oikeudellista tukea ulkomaisille IT-yrityksille Japanissa. Toimistomme koostuu eri maiden ja alueiden ulkomaisista lisensoituista asianajajista, jotta voimme tehokkaasti tukea rajat ylitt\u00e4vi\u00e4 transaktioita.<\/p>\n\t\t<div class=\"btn-more\"><a href=\"\/fi\/cross-border\">Lue lis\u00e4\u00e4<\/a><\/div>\n\t<\/div>\n\t<div class=\"sub-box\">\n\t\t<h4>Internet<\/h4>\n\t\t<div class=\"icon\"><img decoding=\"async\" src=\"\/wp-content\/themes\/monolith_en\/img\/top\/service_internet.svg\" alt=\"Vaikuttajamarkkinointi\"><\/div>\n\t\t<p>Internet-oikeuden asiantuntemuksella tarjoamme kattavaa oikeudellista tukea internet-yritt\u00e4jille, mukaan lukien YouTuberit ja SNS:\u00e4\u00e4 hy\u00f6dynt\u00e4v\u00e4t yritykset. Erikoistumme online-riitojen ratkaisemiseen, negatiivisten verkkosivujen poistamiseen ja online-maineen hallintaan. Konsultoi p\u00e4tevi\u00e4 lakimiehi\u00e4mme tehokkaisiin ratkaisuihin internetiss\u00e4.<\/p>\n\t\t<div class=\"btn-more\"><a href=\"\/fi\/internet\">Lue lis\u00e4\u00e4<\/a><\/div>\n\t<\/div>\n\t<\/div>\n\t<\/div>\n\t<\/div>\n\t<div class=\"front-service-example\">\n\t<div class=\"section-inner\">\n\t<p>Esimerkiksi<\/p>\n\t<ul class=\"clearfix\">\n\t\t<li>\n\t\t\t<div class=\"icon\"><a href=\"\/fi\/system-development\/\"><img decoding=\"async\" src=\"\/wp-content\/themes\/monolith_en\/img\/top\/service_ex_system-development.svg\" alt=\"J\u00e4rjestelm\u00e4kehitys\"><\/a><\/div>\n\t\t\t<p>J\u00e4rjestelm\u00e4<br>Kehitys<\/p>\n\t\t<\/li>\n\t\t<li>\n\t\t\t<div class=\"icon\"><a href=\"\/fi\/crypto-asset-and-blockchain\/\"><img decoding=\"async\" src=\"\/wp-content\/themes\/monolith_en\/img\/top\/service_ex_crypto-asset-and-blockchain.svg\" alt=\"Krypto-omaisuus ja lohkoketju\"><\/a><\/div>\n\t\t\t<p>Krypto-omaisuus <br>ja Lohkoketju<\/p>\n\t\t<\/li>\n\t\t<li>\n\t\t\t<div class=\"icon\"><a href=\"\/fi\/ai\/\"><img decoding=\"async\" src=\"\/wp-content\/themes\/monolith_en\/img\/top\/service_ex_ai.svg\" alt=\"ai\"><\/a><\/div>\n\t\t\t<p>AI<br>(ChatGPT ym.)<\/p>\n\t\t<\/li>\n\t\t<li>\n\t\t\t<div class=\"icon\"><a href=\"\/fi\/advertisement-review\/\"><img decoding=\"async\" src=\"\/wp-content\/themes\/monolith_en\/img\/top\/service_ex_advertisement-review.svg\" alt=\"Mainonnan tarkastus\"><\/a><\/div>\n\t\t\t<p>Mainonnan<br>Tarkastus<\/p>\n\t\t<\/li>\n\t\t<li>\n\t\t\t<div class=\"icon\"><a href=\"\/fi\/mitigating-reputational-damage\/\"><img decoding=\"async\" src=\"\/wp-content\/themes\/monolith_en\/img\/top\/service_ex_mitigating-reputational-damage.svg\" alt=\"Maineen hallinnan lievent\u00e4minen\"><\/a><\/div>\n\t\t\t<p>Maineen<br>Hallinnan Lievent\u00e4minen<\/p>\n\t\t<\/li>\n\t<\/ul>\n\t<\/div>\n\t<\/div>\n<\/section>\n<section class=\"white-section front-client\">\n\t<div class=\"section-inner\">\n\t\t<h2>ASIAKAS<\/h2>\n\t\t<ul>\n\t\t\t<li><img src=\"https:\/\/monolith.law\/fi\/wp-content\/themes\/monolith_fi\/img\/clients\/logo_01.png\"><\/li>\n\t\t\t<li><img src=\"https:\/\/monolith.law\/fi\/wp-content\/themes\/monolith_fi\/img\/clients\/logo_02.png\"><\/li>\n\t\t\t<li><img src=\"https:\/\/monolith.law\/fi\/wp-content\/themes\/monolith_fi\/img\/clients\/logo_03.png\"><\/li>\n\t\t\t<li><img src=\"https:\/\/monolith.law\/fi\/wp-content\/themes\/monolith_fi\/img\/clients\/logo_04.png\"><\/li>\n\t\t\t<li><img src=\"https:\/\/monolith.law\/fi\/wp-content\/themes\/monolith_fi\/img\/clients\/logo_05.png\"><\/li>\n\t\t\t<li><img src=\"https:\/\/monolith.law\/fi\/wp-content\/themes\/monolith_fi\/img\/clients\/logo_06.png\"><\/li>\n\t\t\t<li><img src=\"https:\/\/monolith.law\/fi\/wp-content\/themes\/monolith_fi\/img\/clients\/logo_07.png\"><\/li>\n\t\t\t<li><img src=\"https:\/\/monolith.law\/fi\/wp-content\/themes\/monolith_fi\/img\/clients\/logo_08.png\"><\/li>\n\t\t\t<li><img src=\"https:\/\/monolith.law\/fi\/wp-content\/themes\/monolith_fi\/img\/clients\/logo_09.png\"><\/li>\n\t\t\t<li><img src=\"https:\/\/monolith.law\/fi\/wp-content\/themes\/monolith_fi\/img\/clients\/logo_10.png\"><\/li>\n\t\t\t<li><img src=\"https:\/\/monolith.law\/fi\/wp-content\/themes\/monolith_fi\/img\/clients\/logo_11.png\"><\/li>\n\t\t\t<li><img src=\"https:\/\/monolith.law\/fi\/wp-content\/themes\/monolith_fi\/img\/clients\/logo_12.png\"><\/li>\n\t\t\t<li><img src=\"https:\/\/monolith.law\/fi\/wp-content\/themes\/monolith_fi\/img\/clients\/logo_13.png\"><\/li>\n\t\t\t<li><img src=\"https:\/\/monolith.law\/fi\/wp-content\/themes\/monolith_fi\/img\/clients\/logo_14.png\"><\/li>\n\t\t\t<li><img src=\"https:\/\/monolith.law\/fi\/wp-content\/themes\/monolith_fi\/img\/clients\/logo_15.png\"><\/li>\n\t\t<\/ul>\n\t\t<!--<div class=\"btn-more\"><a href=\"https:\/\/monolith.law\/fi\/clients\">See More<\/a><\/div>-->\n\t<\/div>\n<\/section>\n<section class=\"white-section front-news\">\n    <div class=\"section-inner\">\n        <h2>UUTISET [en]<\/h2>\n        <div>\n                        <ul>\n                                                    <li><span class=\"date\">2026.04.01<\/span><span class=\"category news-category-2\">NEWS<\/span><span class=\"subject\">Attorney Shota Akiyama has joined the firm.<\/span><\/li>\n                                                                <li><span class=\"date\">2026.03.26<\/span><span class=\"category news-category-2\">NEWS<\/span><span class=\"subject\">Attorneys Miki Takatsuki, Toko Takayanagi, Mizuki Kobayashi, Ryo Watanabe, and Shuto Ishimura have joined our firm.<\/span><\/li>\n                                                                <li><span class=\"date\">2025.05.08<\/span><span class=\"category news-category-2\">NEWS<\/span><span class=\"subject\">Monolith Law Office has been selected as a finalist for the Rising Law Firm of the Year category of the ALB Japan Law Awards, hosted by Asian Legal Business, an international law firm evaluation organization.<\/span><\/li>\n                                                                <li><span class=\"date\">2025.04.01<\/span><span class=\"category news-category-2\">NEWS<\/span><span class=\"subject\">Attorney Keita Yokoyama has joined the firm.<\/span><\/li>\n                                                                <li><span class=\"date\">2025.03.27<\/span><span class=\"category news-category-2\">NEWS<\/span><span class=\"subject\">Attorneys Yusuke Mizutani, Ryusei Juman, Mizuki Koyama, and Yusuke Muto have joined the firm.<\/span><\/li>\n                                                                <li><span class=\"date\">2024.06.12<\/span><span class=\"category news-category-2\">NEWS<\/span><span class=\"subject\">Attorney Akira Yoshida has joined the firm.<\/span><\/li>\n                                                            <\/ul>\n            <div class=\"btn-more\"><a href=\"\/en\/news\/\">Lue lis\u00e4\u00e4 [en]<\/a><\/div>\n        <\/div>\n    <\/div>\n<\/section>\n<section class=\"white-section front-banner\">\n<div class=\"section-inner\">\n<div class=\"banner-slider\">\n<div><a href=\"\/fi\/cross-border\"><img decoding=\"async\" src=\"\/wp-content\/themes\/monolith_en\/img\/top\/banner_crossborder.png\" alt=\"Rajat ylitt\u00e4v\u00e4\"><\/a><\/div>\n<div><a href=\"\/en\/job-openings\"><img decoding=\"async\" src=\"\/wp-content\/themes\/monolith_en\/img\/top\/banner_jobopenings.png\" alt=\"Ty\u00f6paikat\"><\/a><\/div>\n<div><a href=\"https:\/\/www.linkedin.com\/company\/monolith-law-office\/\" target=\"\u201d_blank\u201d\" rel=\"noopener\"><img decoding=\"async\" src=\"\/wp-content\/themes\/monolith_en\/img\/top\/banner_linkedin.png\" alt=\"LinkedIn\"><\/a><\/div>\n<div><a href=\"\/fi\/article\"><img decoding=\"async\" src=\"\/wp-content\/themes\/monolith_en\/img\/top\/banner_monolithlawmagazine.svg\" alt=\"MONOLITH LAW MAGAZINE\"><\/a><\/div>\n<\/div>\n<\/div>\n<\/section>\n","protected":false},"excerpt":{"rendered":"<p>IT:n evoluutio Nyky\u00e4\u00e4n IT on modernin liiketoiminnan ytimess\u00e4, mutta IT:n k\u00e4ytt\u00f6 liiketoiminnassa vaatii oikeudellista riskienhallintaa.MONOLITH LAW OFFICE:ssa lakimiehemme ja IT-konsulttimme ty\u00f6skent [&hellip;]<\/p>\n","protected":false},"author":1,"featured_media":56656,"parent":0,"menu_order":0,"comment_status":"closed","ping_status":"closed","template":"front-page-temp.php","meta":{"footnotes":""},"acf":[],"_links":{"self":[{"href":"https:\/\/monolith.law\/fi\/wp-json\/wp\/v2\/pages\/41151"}],"collection":[{"href":"https:\/\/monolith.law\/fi\/wp-json\/wp\/v2\/pages"}],"about":[{"href":"https:\/\/monolith.law\/fi\/wp-json\/wp\/v2\/types\/page"}],"author":[{"embeddable":true,"href":"https:\/\/monolith.law\/fi\/wp-json\/wp\/v2\/users\/1"}],"replies":[{"embeddable":true,"href":"https:\/\/monolith.law\/fi\/wp-json\/wp\/v2\/comments?post=41151"}],"version-history":[{"count":126,"href":"https:\/\/monolith.law\/fi\/wp-json\/wp\/v2\/pages\/41151\/revisions"}],"predecessor-version":[{"id":68643,"href":"https:\/\/monolith.law\/fi\/wp-json\/wp\/v2\/pages\/41151\/revisions\/68643"}],"wp:featuredmedia":[{"embeddable":true,"href":"https:\/\/monolith.law\/fi\/wp-json\/wp\/v2\/media\/56656"}],"wp:attachment":[{"href":"https:\/\/monolith.law\/fi\/wp-json\/wp\/v2\/media?parent=41151"}],"curies":[{"name":"wp","href":"https:\/\/api.w.org\/{rel}","templated":true}]}}