{"id":4213,"date":"2023-11-08T04:28:26","date_gmt":"2023-11-07T19:28:26","guid":{"rendered":"https:\/\/monolith.law\/?page_id=4213"},"modified":"2024-02-07T17:21:42","modified_gmt":"2024-02-07T08:21:42","slug":"services","status":"publish","type":"page","link":"https:\/\/monolith.law\/fi\/services","title":{"rendered":"Palvelut"},"content":{"rendered":"\n<section class=\"heading-area\">\n\t<div class=\"heading-area-inner\">\n\t\t<h2 class=\"icon-services\">Palvelut<\/h2>\n\t\t<p>Johtavan asianajajamme taustan IT-insin\u00f6\u00f6rin\u00e4 ja kokemuksen IT-yritysten johtamisesta ansiosta, MONOLITH LAW OFFICE on johtava lakitoimisto Japanissa, joka on erikoistunut IT:hen, liiketoimintaan ja internetiin. Globaali organisaatiomme mahdollistaa eritt\u00e4in erikoistuneiden oikeudellisten palveluiden tarjoamisen n\u00e4ill\u00e4 aloilla.<\/p>\n\t<\/div>\n<\/section>\n<section class=\"second-nav\">\n\t<div class=\"second-nav-inner\">\n\t\t<p>AIHEET<\/p>\n\t\t<nav>\n\t\t\t<ul>\n\t\t\t\t<li><a href=\"#general-corporate\">Yleinen yritystoiminta<\/a><\/li>\n\t\t\t\t<li><a href=\"#it\">IT<\/a><\/li>\n\t\t\t\t<li><a href=\"#cross-border\">Rajat ylitt\u00e4v\u00e4<\/a><\/li>\n\t\t\t\t<li><a href=\"#internet\">Internet<\/a><\/li>\n\t\t\t<\/ul>\n\t\t<\/nav>\n\t<\/div>\n<\/section>\n<section class=\"white-section\">\n\t<div class=\"anchor\" id=\"general-corporate\"><\/div>\n\t<div class=\"section-inner pdb0\">\n\t\t<div class=\"flex\">\n\t\t\t<div class=\"width41\"><img decoding=\"async\" src=\"\/wp-content\/themes\/monolith2021\/img\/pic\/pic_practices-corporate.jpg\" alt=\"Yleinen yritystoiminta\"><\/div>\n\t\t\t<div class=\"width51\">\n\t\t\t\t<div class=\"inline-inner\">\n\t\t\t\t\t<h3>Yleinen yritysoikeus<\/h3>\n\t\t\t\t\t<p>IT- ja startup-yritysten nopeatempoisessa ymp\u00e4rist\u00f6ss\u00e4 tarkan oikeudellisen tuen tarjoamiseksi on t\u00e4rke\u00e4\u00e4 omata erikoistunutta tiet\u00e4myst\u00e4 ja kokemusta. MONOLITH LAW OFFICE -toimistossamme on useita asiantuntijoita t\u00e4ll\u00e4 alueella, ja meill\u00e4 on kokemusta oikeudellisena neuvonantajana toimimisesta (mukaan lukien erilaiset sopimukset johtajille, toimitusjohtajille jne.) 1087 yritykselle, jotka koostuvat p\u00e4\u00e4asiassa IT-yrityksist\u00e4 ja kattavat kaiken aina huippuyrityksist\u00e4 alkuvaiheen startup-yrityksiin Japanissa.<\/p>\n\t\t\t\t<\/div>\n\t\t\t<\/div>\n\t\t<\/div>\n\t<\/div>\n<\/section>\n<section class=\"white-section\">\n\t<div class=\"section-inner\">\n\t\t<ol class=\"practices-list mgb-big\">\n\t\t\t<li>\n\t\t\t\t<h4><img decoding=\"async\" src=\"\/wp-content\/themes\/monolith_en\/img\/practices\/practices_1_1.svg\" alt=\"1.Venture Law \"><\/h4>\n\t\t\t\t<img decoding=\"async\" src=\"\/wp-content\/themes\/monolith2021\/img\/practices\/practices_1_1_pic.png\" alt=\"Venture Law \">\n\t\t\t\t<p>Meill\u00e4 on laaja kokemus oikeudellisista asioista, jotka liittyv\u00e4t liiketoimintaan ja p\u00e4\u00e4omaan, mukaan lukien rahoitus, liiketoimintasiirrot ja yritysostot.<\/p>\n\t\t\t<\/li>\n\t\t\t<li>\n\t\t\t\t<h4><img decoding=\"async\" src=\"\/wp-content\/themes\/monolith_en\/img\/practices\/practices_1_2.svg\" alt=\"2.IT ja immateriaalioikeus\"><\/h4>\n\t\t\t\t<img decoding=\"async\" src=\"\/wp-content\/themes\/monolith2021\/img\/practices\/practices_1_2_pic.png\" alt=\"IT ja immateriaalioikeus\">\n\t\t\t\t<p>Toki Kawase, edustajamme ja entinen insin\u00f6\u00f6ri, pyrkii ymm\u00e4rt\u00e4m\u00e4\u00e4n syv\u00e4llisesti yrityksesi tuotteita, joskus jopa lukemalla koodia.<\/p>\n\t\t\t<\/li>\n\t\t\t<li>\n\t\t\t\t<h4><img decoding=\"async\" src=\"\/wp-content\/themes\/monolith_en\/img\/practices\/practices_1_3.svg\" alt=\"3.Nopeus\"><\/h4>\n\t\t\t\t<img decoding=\"async\" src=\"\/wp-content\/themes\/monolith2021\/img\/practices\/practices_1_3_pic.png\" alt=\"Nopeus\">\n\t\t\t\t<p>Ymm\u00e4rr\u00e4mme nopean vastausajan t\u00e4rkeyden liiketoiminnallesi ja yrityksellesi. Yleisen\u00e4 s\u00e4\u00e4nt\u00f6n\u00e4 vastaamme yhden ty\u00f6p\u00e4iv\u00e4n kuluessa.<\/p>\n\t\t\t<\/li>\n\t\t\t<li>\n\t\t\t\t<h4><img decoding=\"async\" src=\"\/wp-content\/themes\/monolith_en\/img\/practices\/practices_1_4.svg\" alt=\"4.Pienet ja keskisuuret yritykset\"><\/h4>\n\t\t\t\t<img decoding=\"async\" src=\"\/wp-content\/themes\/monolith2021\/img\/practices\/practices_1_4_pic.png\" alt=\"Pienet ja keskisuuret yritykset\">\n\t\t\t\t<p>Perustajalakimiehemme, jolla on kokemusta yritysjohtamisesta, ymm\u00e4rt\u00e4\u00e4 kokemuksen kautta johtamisen vaikeudet.<\/p>\n\t\t\t<\/li>\n\t\t<\/ol>\n\t\t<div class=\"btn-area\">\n\t\t\t<div class=\"btn icon-general-corporate\"><a href=\"\/fi\/general-corporate\">Yleinen yritysoikeus<\/a><\/div>\n\t\t<\/div>\n\t<\/div>\n<\/section>\n<section class=\"purple-section\">\n\t<div class=\"anchor\" id=\"it\"><\/div>\n\t<div class=\"section-inner\">\n\t\t<div class=\"flex mgb-middle\">\n\t\t\t<div class=\"width41\"><img decoding=\"async\" src=\"\/wp-content\/themes\/monolith2021\/img\/pic\/pic_practices-itlaw.jpg\" alt=\"IT\"><\/div>\n\t\t\t<div class=\"width51\">\n\t\t\t\t<div class=\"inline-inner\">\n\t\t\t\t\t<h3>IT<\/h3>\n\t\t\t\t\t<p class=\" mgb-middle\">IT-yritysten asianajajien on t\u00e4rke\u00e4\u00e4 ymm\u00e4rt\u00e4\u00e4 teknologiaa ja toimintaa, jotka liittyv\u00e4t IT:hen ja immateriaalioikeuksiin yrityksen p\u00e4ivitt\u00e4isess\u00e4 liiketoiminnassa. <br>MONOLITH LAW OFFICE toimii oikeudellisena neuvonantajana ja p\u00e4\u00e4juristina IT-yrityksille ja k\u00e4sittelee erikoistuneita ja monimutkaisia IT-oikeudellisia asioita,<br>kuten j\u00e4rjestelm\u00e4kehityst\u00e4, sovellusten ja palveluiden k\u00e4ytt\u00f6ehtojen yll\u00e4pitoa, median hallintaa, markkinointitoimintoja, lohkoketjuteknologiaa, AI:ta, henkil\u00f6tietojen suojaa ja immateriaalioikeudellisia asioita Japanissa.<\/p>\n\t\t\t\t<\/div>\n\t\t\t<\/div>\n\t\t<\/div>\n\t\t<ul class=\"layout-column4 mgb-big\">\n\t\t\t<li>\n\t\t\t\t<div><img decoding=\"async\" src=\"\/wp-content\/themes\/monolith2021\/img\/practices-itlaw\/practices-itlaw_pic1.jpg\"><\/div>\n\t\t\t\t<h4>J\u00e4rjestelm\u00e4kehitys<\/h4>\n\t\t\t\t<p>Sopimusten luonnostelusta, tarkistamisesta ja neuvotteluista ongelmien ilmetess\u00e4 riitojen ratkaisemiseen<\/p>\n\t\t\t<\/li>\n\t\t\t<li>\n\t\t\t\t<div><img decoding=\"async\" src=\"\/wp-content\/themes\/monolith2021\/img\/practices-itlaw\/practices-itlaw_pic2.jpg\"><\/div>\n\t\t\t\t<h4>K\u00e4ytt\u00f6ehdot<\/h4>\n\t\t\t\t<p>K\u00e4ytt\u00f6ehtojen ja tietosuojak\u00e4yt\u00e4nt\u00f6jen luominen ja muokkaaminen, jotka ovat tarpeen julkaisemiseen tai toimintaan.<\/p>\n\t\t\t<\/li>\n\t\t\t<li>\n\t\t\t\t<div><img decoding=\"async\" src=\"\/wp-content\/uploads\/2023\/05\/oss.jpg\"><\/div>\n\t\t\t\t<h4>OSS<\/h4>\n\t\t\t\t<p>Erilaisia tukipalveluita ohjelmiston ymm\u00e4rt\u00e4misen pohjalta, mukaan lukien lisenssien suunnittelu ja lisenssisopimukset<\/p>\n\t\t\t<\/li>\n\t\t\t<li>\n\t\t\t\t<div><img decoding=\"async\" src=\"\/wp-content\/uploads\/2022\/07\/shutterstock_1151380622_2.png\"><\/div>\n\t\t\t\t<h4>Kryptovaluutat<\/h4>\n\t\t\t\t<p>Tarjoamme oikeudellista tukea lohkoketjuteknologiaan liittyville liiketoiminnoille, mukaan lukien varainhankinta, sis\u00e4lt\u00f6liiketoiminta ja NFT:t<\/p>\n\t\t\t<\/li>\n\t\t<\/ul>\n\t\t<div class=\"btn-area\">\n\t\t\t<div class=\"btn icon-it\"><a href=\"\/fi\/it\">IT<\/a><\/div>\n\t\t<\/div>\n\t<\/div>\n<\/section>\n<section class=\"white-section\">\n\t<div class=\"anchor\" id=\"cross-border\"><\/div>\n\t<div class=\"section-inner\">\n\t\t<div class=\"flex reverse\">\n\t\t\t<div class=\"width41\"><img decoding=\"async\" src=\"\/en\/wp-content\/uploads\/sites\/6\/2023\/06\/global.jpg\" alt=\"Cross Border\"><\/div>\n\t\t\t<div class=\"width51\">\n\t\t\t\t<div class=\"inline-inner\">\n\t\t\t\t\t<h3>Rajat ylitt\u00e4v\u00e4<\/h3>\n\t\t\t\t\t<p class=\"mgb-small\">MONOLITH LAW OFFICE on erikoistunut tarjoamaan laajan valikoiman oikeudellisia palveluita ulkomaisille yrityksille, jotka pyrkiv\u00e4t Japanin markkinoille. IT- ja startup-osaamisemme ansiosta kokeneet lakimiehemme tarjoavat tukea lisenssisopimuksissa, immateriaalioikeuksissa, tietosuojan noudattamisessa, sopimusneuvotteluissa ja oikeudellisessa riskienhallinnassa.<\/p>\n\t\t\t\t\t<p class=\"mgb-small\">Olemme my\u00f6s erikoistuneet auttamaan startup-yrityksi\u00e4 rahoituksen hankinnassa, sijoitussopimuksissa ja p\u00f6rssilistautumisissa, edist\u00e4en niiden kasvua ja menestyst\u00e4 strategisen oikeudellisen tuen kautta. Tiimimme ymm\u00e4rt\u00e4\u00e4 kunkin liiketoiminnan ainutlaatuiset piirteet ja tavoitteet, tarjoten r\u00e4\u00e4t\u00e4l\u00f6ityj\u00e4 neuvoja ja ratkaisuja, jotka yhdist\u00e4v\u00e4t kansainv\u00e4lisen n\u00e4k\u00f6kulman paikallisiin oivalluksiin.<\/p>\n\t\t\t\t\t<p class=\"mgb-small\">Oikeudellinen ongelmanratkaisu on elint\u00e4rke\u00e4\u00e4 menestyksekk\u00e4\u00e4lle laajentumiselle Japanissa. Ota yhteytt\u00e4 keskustellaksesi siit\u00e4, kuinka voimme auttaa yrityst\u00e4si menestym\u00e4\u00e4n Japanin markkinoilla.<\/p>\n\t\t\t\t<\/div>\n\t\t\t<\/div>\n\t\t<\/div>\n\t\t<div class=\"max-width980 mgb-small\"><img decoding=\"async\" src=\"\/wp-content\/uploads\/2023\/05\/global_map.png\" alt=\"Tuetut maat\"><\/div>\n\t\t<div class=\"frame2 max-width860 mgb-big txt-center-pc\">\n\t\t\t<p>Globaalit oikeudelliset palvelut: Asiantuntemusta ja ulottuvuutta rajojen yli. Kattavaa apua maailmanlaajuisesti luotettavien yhteisty\u00f6kumppanien kautta. Ota yhteytt\u00e4 rajat ylitt\u00e4viin oikeudellisiin tarpeisiin.<\/p>\n\t\t<\/div>\n\t\t<div class=\"btn-area\">\n\t\t\t<div class=\"btn icon-cross-border\"><a href=\"\/fi\/cross-border\">Rajat ylitt\u00e4v\u00e4<\/a><\/div>\n\t\t<\/div>\n\t<\/div>\n<\/section>\n\n<section class=\"orange-section\">\n\t<div class=\"anchor\" id=\"internet\"><\/div>\n\t<div class=\"section-inner\">\n\t\t<div class=\"flex mgb-middle\">\n\t\t\t<div class=\"width41\"><img decoding=\"async\" src=\"\/en\/wp-content\/uploads\/sites\/6\/2023\/06\/internet.jpg\" alt=\"Internet\"><\/div>\n\t\t\t<div class=\"width51\">\n\t\t\t\t<h3>Internet<\/h3>\n\t\t\t\t<p class=\"mgb-small\">MONOLITH LAW OFFICE on erityisen p\u00e4tev\u00e4 tukemaan internet-pohjaisia liiketoimintoja, mukaan lukien YouTuberit ja YouTubeen liittyv\u00e4\u00e4 toimintaa harjoittavat yritykset, laajan IT-oikeudellisen kokemuksensa ansiosta.<\/p>\n\t\t\t\t<p class=\"mgb-middle\">Ymm\u00e4rr\u00e4mme internetiin liittyv\u00e4t sis\u00e4syntyiset riskit, kuten negatiiviset verkkosivut ja online-keskustelupalstojen viestit. Toimistomme on menestyksekk\u00e4\u00e4sti k\u00e4sitellyt lukuisia tapauksia, jotka liittyv\u00e4t online-maineen hallintaan, yksil\u00f6ist\u00e4 suuriin yrityksiin. Negatiiviset verkkosivut ovat ainutlaatuinen oikeudellinen haaste Japanissa, ja p\u00e4tev\u00e4t lakimiehemme ovat valmiita tarjoamaan tehokkaita ratkaisuja. Odotamme innolla mahdollisuutta konsultoida kanssanne ja hy\u00f6dynt\u00e4\u00e4 asiantuntemustamme ja kokemustamme negatiivisiin verkkosivuihin liittyvien ongelmien ratkaisemisessa.<\/p>\n\t\t\t<\/div>\n\t\t<\/div>\n\t\t<ul class=\"layout-column4 mgb-big\">\n\t\t\t<li>\n\t\t\t\t<div><img decoding=\"async\" src=\"\/wp-content\/themes\/monolith2021\/img\/pic\/pic_practices-youtuberlaw.jpg\" alt=\"YouTuber\"><\/div>\n\t\t\t\t<h4>YouTuber<\/h4>\n\t\t\t\t<p>Osaamista vaikuttajien hallinnassa. Ymm\u00e4rr\u00e4mme japanilaisen lains\u00e4\u00e4d\u00e4nn\u00f6n ja jatkuvasti kehittyv\u00e4n internet-maiseman. Luotettu kumppani huippu-YouTuber-toimistojen, VTuber-yritysten ja sis\u00e4ll\u00f6ntuottajien keskuudessa. Erikoistunut oikeudellinen tuki sopimuksiin ja videoihin liittyviss\u00e4 asioissa Japanissa.<\/p>\n\t\t\t<\/li>\n\t\t\t<li>\n\t\t\t\t<div><img decoding=\"async\" src=\"\/wp-content\/themes\/monolith2021\/img\/pic\/pic_sns_manda.jpg\" alt=\"M&#038;A of SNS\"><\/div>\n\t\t\t\t<h4>SNS:n M&#038;A<\/h4>\n\t\t\t\t<p>Sosiaalisen median M&#038;A-asiantuntemusta. Lakitoimistomme ymm\u00e4rt\u00e4\u00e4 YouTube- ja Twitter-tilien kauppojen ainutlaatuisen luonteen. Vahvan IT- ja internet-osaamisen avulla tarjoamme kattavaa tukea sopimuksiin, due diligence -prosesseihin ja oikeudellisiin n\u00e4k\u00f6kohtiin. Luota meihin digitaalisten omaisuuserienne arvon suojaamisessa ja maksimoimisessa.<\/p>\n\t\t\t<\/li>\n\t\t\t<li>\n\t\t\t\t<div><img decoding=\"async\" src=\"\/wp-content\/themes\/monolith2021\/img\/pic\/pic_practices-reputation.jpg\" alt=\"Negative Web Pages\"><\/div>\n\t\t\t\t<h4>Negatiiviset verkkosivut<\/h4>\n\t\t\t\t<p>Puolustautuminen online-hy\u00f6kk\u00e4yksi\u00e4 vastaan. Erikoistuneena internet-oikeuteen poistamme haitalliset verkkosivut, jotka vahingoittavat mainetta. Luotettu kumppani yrityksille ja yksityishenkil\u00f6ille, tarjoamme strategisia oikeudellisia toimenpiteit\u00e4 ja kattavia ratkaisuja online-l\u00e4sn\u00e4olonne ja maineenne suojelemiseksi.<\/p>\n\t\t\t<\/li>\n\t\t\t<li>\n\t\t\t\t<div><img decoding=\"async\" src=\"\/wp-content\/themes\/monolith2021\/img\/pic\/pic_reputation.jpg\" alt=\"Identification of Posters\"><\/div>\n\t\t\t\t<h4>Postaajien tunnistaminen<\/h4>\n\t\t\t\t<p>Tunnistamme henkil\u00f6t, jotka ovat vastuussa laittomista postauksista. MONOLITH LAW OFFICE on erikoistunut internet-oikeuteen ja sill\u00e4 on laaja kokemus tapauksista, jotka liittyv\u00e4t negatiiviseen online-sis\u00e4lt\u00f6\u00f6n. Navigoimme oikeudelliset prosessit oikeudenmukaisuuden etsimiseksi ja asiakkaidemme etujen suojelemiseksi.<\/p>\n\t\t\t<\/li>\n\t\t<\/ul>\n\t\t<div class=\"btn-area\">\n\t\t\t<div class=\"btn icon-internet\"><a href=\"\/fi\/internet\">Internet<\/a><\/div>\n\t\t<\/div>\n\t<\/div>\n<\/section>\n","protected":false},"excerpt":{"rendered":"<p>Palvelut Johtavan asianajajamme taustan IT-insin\u00f6\u00f6rin\u00e4 ja kokemuksen IT-yritysten johtamisesta ansiosta, MONOLITH LAW OFFICE on johtava lakitoimisto Japanissa, joka on erikoistunut IT:hen, liiketoimin [&hellip;]<\/p>\n","protected":false},"author":1,"featured_media":57138,"parent":0,"menu_order":4,"comment_status":"closed","ping_status":"closed","template":"practices-page-temp.php","meta":{"footnotes":""},"acf":[],"_links":{"self":[{"href":"https:\/\/monolith.law\/fi\/wp-json\/wp\/v2\/pages\/4213"}],"collection":[{"href":"https:\/\/monolith.law\/fi\/wp-json\/wp\/v2\/pages"}],"about":[{"href":"https:\/\/monolith.law\/fi\/wp-json\/wp\/v2\/types\/page"}],"author":[{"embeddable":true,"href":"https:\/\/monolith.law\/fi\/wp-json\/wp\/v2\/users\/1"}],"replies":[{"embeddable":true,"href":"https:\/\/monolith.law\/fi\/wp-json\/wp\/v2\/comments?post=4213"}],"version-history":[{"count":114,"href":"https:\/\/monolith.law\/fi\/wp-json\/wp\/v2\/pages\/4213\/revisions"}],"predecessor-version":[{"id":65478,"href":"https:\/\/monolith.law\/fi\/wp-json\/wp\/v2\/pages\/4213\/revisions\/65478"}],"wp:featuredmedia":[{"embeddable":true,"href":"https:\/\/monolith.law\/fi\/wp-json\/wp\/v2\/media\/57138"}],"wp:attachment":[{"href":"https:\/\/monolith.law\/fi\/wp-json\/wp\/v2\/media?parent=4213"}],"curies":[{"name":"wp","href":"https:\/\/api.w.org\/{rel}","templated":true}]}}