{"id":4232,"date":"2023-11-11T23:40:45","date_gmt":"2023-11-11T14:40:45","guid":{"rendered":"https:\/\/monolith.law\/?page_id=4232"},"modified":"2024-02-07T18:52:03","modified_gmt":"2024-02-07T09:52:03","slug":"greetings-from-the-managing-attorney","status":"publish","type":"page","link":"https:\/\/monolith.law\/fi\/greetings-from-the-managing-attorney","title":{"rendered":"Terveiset p\u00e4\u00e4asianajajalta"},"content":{"rendered":"\n<section class=\"heading-area\">\n\t<div class=\"heading-area-inner\">\n\t\t<h2 class=\"icon-greetings-from-the-managing-attorney\">Terveiset p\u00e4\u00e4asianajajalta<\/h2>\n\t<\/div>\n<\/section>\n\n<section class=\"white-section\">\n\t<div class=\"section-inner section-inner-bottomhalf pdt0 border-bottom-section\">\n\t\t<div class=\"tagline\">\n\t\t\t<div class=\"textArea\">\n\t\t\t\t<p>Tiedon teknologian hy\u00f6dynt\u00e4minen on mullistanut ihmiskunnan historian,<br class=\"pcOnly\"> verrattavissa dynamiitin vaikutukseen.<br>Internet on erityisesti muuttanut evoluution kulun nopeasti,<br class=\"pcOnly\"> ty\u00f6nt\u00e4en ihmiskuntaa eteenp\u00e4in ennenn\u00e4kem\u00e4tt\u00f6m\u00e4ll\u00e4 vauhdilla.<br>Kuitenkin suuren voimansa my\u00f6t\u00e4 se tuo mukanaan my\u00f6s suuria riskej\u00e4.<\/p>\n\t\t\t\t<p>MONOLITH LAW OFFICEssa uskomme vakaasti, ett\u00e4 on meid\u00e4n vastuullamme varmistaa,<br class=\"pcOnly\"> ett\u00e4 aikamme voimat valjastetaan liiketoiminnan uhkien sijaan niiden mullistavan kehityksen katalysaattoriksi.<br>Pyrimme olemaan innovatiivinen ja eteenp\u00e4in katsova tiimi, joka tarjoaa oikeudellista ohjausta<br class=\"pcOnly\"> ja tukea, joka mahdollistaa yritysten IT:n t\u00e4yden potentiaalin hy\u00f6dynt\u00e4misen.<\/p>\n\t\t\t\t<p>Teht\u00e4v\u00e4mme on navigoida monimutkaisessa oikeudellisessa maisemassa, valtuuttaen yrityksi\u00e4<br class=\"pcOnly\"> hy\u00f6dynt\u00e4m\u00e4\u00e4n IT:t\u00e4 sen t\u00e4ydess\u00e4 laajuudessa. Digiajan tarjoamia mahdollisuuksia hy\u00f6dynt\u00e4m\u00e4ll\u00e4<br class=\"pcOnly\"> pyrimme edist\u00e4m\u00e4\u00e4n asiakkaidemme liiketoiminnan muuntautumista.<\/p>\n\t\t\t\t<p class=\"txt-l\">IT:n evoluutio<\/p>\n\t\t\t\t<p>MONOLITH LAW OFFICE<\/p>\n\t\t\t<\/div>\n\t\t\t<div class=\"logo\"><img decoding=\"async\" src=\"\/wp-content\/themes\/monolith2021\/img\/logo.svg\" alt=\"MONOLITH LAW OFFICE\"><\/div>\n\t\t<\/div>\n\t<\/div>\n<\/section>\n\n<section class=\"second-nav\">\n\t<div class=\"second-nav-inner\">\n\t\t<p>AIHEET<\/p>\n\t\t<nav>\n\t\t\t<ul>\n\t\t\t\t<li><a href=\"#law-firm-led-by-former-it-engineer-turned-lawyer-with-corporate-management-experience\">Lakitoimisto, jota johtaa entinen IT-insin\u00f6\u00f6ri, josta tuli lakimies ja jolla on kokemusta yritysjohtamisesta<\/a><\/li>\n\t\t\t\t<li><a href=\"#a-law-firm-emphasizing-it-internet-and-business-expertise\">Lakitoimisto, joka korostaa IT:n, internetin ja liiketoiminnan asiantuntemusta<\/a><\/li>\n\t\t\t\t<li><a href=\"#corporate-law-and-it-legal-expertise\">Yritysoikeuden ja IT-oikeuden asiantuntemus<\/a><\/li>\n\t\t\t\t<li><a href=\"#a-team-of-lawyers-and-it-consultants\">Lakimiesten ja IT-konsulttien tiimi<\/a><\/li>\n\t\t\t<\/ul>\n\t\t<\/nav>\n\t<\/div>\n<\/section>\n\n<section class=\"white-section\">\n\t<div class=\"anchor\" id=\"law-firm-led-by-former-it-engineer-turned-lawyer-with-corporate-management-experience\"><\/div>\n\t<div class=\"section-inner\">\n\t\t<div class=\"flex\">\n\t\t\t<div class=\"width41\"><img decoding=\"async\" src=\"\/wp-content\/uploads\/2023\/06\/message_1.jpg\" alt=\"Lakitoimisto, jota johtaa entinen IT-insin\u00f6\u00f6ri, josta tuli lakimies ja jolla on kokemusta yritysjohtamisesta\"><\/div>\n\t\t\t<div class=\"width51\">\n\t\t\t\t<h3>Lakitoimisto, jota johtaa entinen IT-insin\u00f6\u00f6ri ja nykyinen lakimies, jolla on kokemusta yritysjohtamisesta<\/h3>\n\t\t\t\t<p class=\"font-h3 txt-right mgb-middle\">P\u00e4\u00e4asianajaja: Toki Kawase<\/p>\n\t\t\t\t<p class=\"mgb-small\">Olen aina ollut intohimoinen tietokoneiden ja teknologian suhteen jo nuoresta pojasta l\u00e4htien, mik\u00e4 ansaitsi minulle &#8220;tietokonen\u00f6rtin&#8221; tittelin. Teini-ik\u00e4isen\u00e4 ja nuorena aikuisena uppouduin IT-maailmaan, py\u00f6ritin omaa yrityst\u00e4ni ja hankin arvokasta kokemusta.<\/p>\n\t\t\t\t<p class=\"mgb-small\">Matkani alkoi ala-asteella, kun aloin ohjelmoida ensimm\u00e4isell\u00e4 PC:ll\u00e4ni, &#8220;MSX 2+&#8221;:lla. Yl\u00e4asteella liityin jopa koulun tietokonetiimiin, mik\u00e4 ruokki ohjelmointiin liittyv\u00e4\u00e4 intohimoani. Yliopistovuosieni aikana tarjoutui mahdollisuus luoda verkkosivusto yritykselle, mik\u00e4 oli k\u00e4\u00e4nnekohta urallani. T\u00e4m\u00e4n yrityksen joustavuus ja taloudelliset palkkiot johdattivat minut tutkimaan erilaisia IT-alan liiketoimintoja, kuten verkkosivustojen kehitt\u00e4mist\u00e4, verkkopalveluiden luomista ja hakukoneoptimointia.<\/p>\n\t\t\t\t<p class=\"mgb-small\">Tuohon aikaan IT-alan nuorten ammattilaisten johtamat startupit olivat nousussa, ja l\u00f6ysin itseni t\u00e4ysin uppoutuneena yritt\u00e4jyyden dynaamiseen ja nopeasti kehittyv\u00e4\u00e4n maailmaan. Ty\u00f6skentelin v\u00e4sym\u00e4tt\u00e4 ja osallistuin sek\u00e4 kotimaisiin ett\u00e4 rajat ylitt\u00e4viin projekteihin, tein yhteisty\u00f6t\u00e4 kansainv\u00e4listen kumppaneiden kanssa ja sopeuduin jatkuvasti muuttuvaan maisemaan.<\/p>\n\t\t\t\t<p class=\"mgb-small\">Kuitenkin my\u00f6h\u00e4isiss\u00e4 kaksikymppisiss\u00e4ni tein el\u00e4m\u00e4\u00e4 mullistavan p\u00e4\u00e4t\u00f6ksen. Luovutin IT-liiketoimintani ohjat muille ja l\u00e4hdin uudelle polulle. Ilmoittauduin oikeustieteelliseen tiedekuntaan tavoitteena yhdist\u00e4\u00e4 tekninen asiantuntemukseni oikeudelliseen tiet\u00e4mykseen. T\u00e4n\u00e4\u00e4n, lakimiehen\u00e4 ja entisen\u00e4 IT-insin\u00f6\u00f6rin\u00e4, jolla on kokemusta yritysjohtamisesta, johdan MONOLITH LAW OFFICE -lakitoimistoa, joka ymm\u00e4rt\u00e4\u00e4 IT-alan monimutkaisuudet ja tarjoaa kattavia oikeudellisia palveluita.<\/p>\n\t\t\t\t<p>Toimistossamme hy\u00f6dynn\u00e4mme ainutlaatuista IT-tiet\u00e4myst\u00e4 ja oikeudellista asiantuntemusta tarjotaksemme tehokasta ohjausta ja tukea asiakkaillemme. Ymm\u00e4rr\u00e4mme digitaalisen aikakauden haasteet ja mahdollisuudet, ja olemme omistautuneet auttamaan yrityksi\u00e4 navigoimaan oikeudellisessa maisemassa ja saavuttamaan tavoitteensa.<\/p>\n\t\t\t<\/div>\n\t\t<\/div>\n\t<\/div>\n<\/section>\n\n<section class=\"purple-section\">\n\t<div class=\"anchor\" id=\"a-law-firm-emphasizing-it-internet-and-business-expertise\"><\/div>\n\t<div class=\"section-inner\">\n\t\t<div class=\"flex reverse\">\n\t\t\t<div class=\"width41\"><img decoding=\"async\" src=\"\/wp-content\/uploads\/2023\/06\/message_2.jpg\" alt=\"Lakitoimisto, joka korostaa IT-, internet- ja liiketoimintaosaamista\"><\/div>\n\t\t\t<div class=\"width51\">\n\t\t\t\t<h3>Lakitoimisto, joka korostaa IT-, internet- ja liiketoimintaosaamista<\/h3>\n\t\t\t\t<p class=\"mgb-small\">Ihmiset usein kokevat siirtym\u00e4ni IT-alan yritysjohtajasta lakimieheksi t\u00e4ydellisen\u00e4 180 asteen k\u00e4\u00e4nteen\u00e4. Uskon kuitenkin, ett\u00e4 muutos ei ollut niin jyrkk\u00e4 kuin milt\u00e4 se saattaa vaikuttaa.<\/p>\n\t\t\t\t<p class=\"mgb-small\">Menneisyytt\u00e4ni pohtiessani ymm\u00e4rr\u00e4n, ett\u00e4 vaikka olinkin luonnontieteellisesti suuntautunut IT-insin\u00f6\u00f6ri, minulla oli luontainen taipumus humanistiseen ajatteluun. Liiketoiminnan maailma kiehtoi minua, mik\u00e4 kannusti minua ryhtym\u00e4\u00e4n yritt\u00e4j\u00e4ksi sen sijaan, ett\u00e4 olisin jatkanut perinteist\u00e4 uraa IT-insin\u00f6\u00f6rin\u00e4.<\/p>\n\t\t\t\t<p class=\"mgb-small\">Nyky\u00e4\u00e4n lakimiehen\u00e4 olen henkil\u00f6, joka erottuu tieteellisell\u00e4 ajattelullaan alalla, joka perinteisesti yhdistet\u00e4\u00e4n humanistisiin tieteisiin. T\u00e4m\u00e4 tausta asettaa minut MONOLITH LAW OFFICEn johtavaksi lakimieheksi, lakitoimistoon, joka painottaa vahvasti IT-, internet- ja liiketoiminta-asioita.<\/p>\n\t\t\t\t<p class=\"mgb-big\">Vaikka urani eroaa tyypillisen IT-insin\u00f6\u00f6rin urasta, n\u00e4en siirtym\u00e4ni IT-insin\u00f6\u00f6rist\u00e4 lakimieheksi ennemminkin asteittaisena muutoksena, ehk\u00e4 muutaman kymmenen asteen k\u00e4\u00e4nteen\u00e4 kuin t\u00e4ydellisen\u00e4 muutoksena. Itse asiassa koen sen luonnollisena etenemisen\u00e4, joka mahdollistaa minulle ainutlaatuisten taitojeni ja tiet\u00e4mykseni hy\u00f6dynt\u00e4misen asiakkaidemme palveluksessa IT-, internet- ja liiketoiminta-aloilla.<\/p>\n\t\t\t\t<div class=\"btn-area align-left\">\n\t\t\t\t\t<div class=\"btn icon-services\"><a href=\"\/fi\/services\">Palvelut<\/a><\/div>\n\t\t\t\t<\/div>\n\t\t\t<\/div>\n\t\t<\/div>\n\t<\/div>\n<\/section>\n\n<section class=\"white-section\">\n\t<div class=\"anchor\" id=\"corporate-law-and-it-legal-expertise\"><\/div>\n\t<div class=\"section-inner\">\n\t\t<div class=\"flex\">\n\t\t\t<div class=\"width41\"><img decoding=\"async\" src=\"\/wp-content\/uploads\/2023\/06\/message_3.jpg\" alt=\"Yritysoikeuden ja IT-oikeuden asiantuntemus\"><\/div>\n\t\t\t<div class=\"width51\">\n\t\t\t\t<h3>Yritysoikeus ja IT-oikeuden asiantuntemus<\/h3>\n\t\t\t\t<p class=\"mgb-small\">MONOLITH LAW OFFICE:ssa minulla on kaksiosainen rooli. Ensinn\u00e4kin tarjoan yritysoikeudellista tukea IT-yrityksille ja startupeille konsulttina. IT-alan monimutkaisuuksien ja startup-yritysten kohtaamien ainutlaatuisten haasteiden ymm\u00e4rt\u00e4minen on v\u00e4ltt\u00e4m\u00e4t\u00f6nt\u00e4, jotta voin tarjota tehokkaita, r\u00e4\u00e4t\u00e4l\u00f6ityj\u00e4 oikeudellisia palveluita heid\u00e4n tarpeisiinsa. Oma kokemukseni ja asiantuntemukseni IT- ja startup-ymp\u00e4rist\u00f6iss\u00e4 varustavat minut tarjoamaan poikkeuksellista oikeudellista apua n\u00e4ille asiakkaille.<\/p>\n\t\t\t\t<p class=\"mgb-small\">Toiseksi ty\u00f6skentelen osana IT- ja oikeudellisten asiantuntijoiden tiimi\u00e4, tarjoten konsultointipalveluita eri toimialojen yrityksille, jotka tarvitsevat ohjausta IT-oikeudellisissa asioissa. Tiimimme yhdist\u00e4\u00e4 tietotekniikan ja oikeuden alan tiet\u00e4myksen kootakseen ja tarjotakseen optimaalisia ratkaisuja, jotka vastaavat kunkin asiakkaan erityistarpeita.<\/p>\n\t\t\t\t<p class=\"mgb-small\">Perinteiset oikeudelliset palvelut keskittyv\u00e4t usein tiettyjen tuotteiden tarjoamiseen, kuten kanteiden nostamiseen pyynn\u00f6st\u00e4, mutta tunnistan tarpeen varmistaa, ett\u00e4 tarjotut ratkaisut todella vastaavat asiakkaan tarpeita. Voimmeko luottaa pelk\u00e4st\u00e4\u00e4n asiakkaaseen ratkaisun suunnittelussa, joka tehokkaasti k\u00e4sittelee heid\u00e4n ainutlaatuisia haasteitaan? N\u00e4m\u00e4 ovat kriittisi\u00e4 seikkoja, joita harkitsen ty\u00f6ss\u00e4ni.<\/p>\n\t\t\t\t<p class=\"mgb-small\">Esimerkiksi, kun pohditaan tukea yritysten listautumisanteihin Japanissa, yritysten on tutkittava perusteellisesti kaikki mahdolliset muutokset Japanin lains\u00e4\u00e4d\u00e4nn\u00f6ss\u00e4 ja s\u00e4\u00e4d\u00f6ksiss\u00e4, jotka voivat vaikuttaa niiden toimintaan, ja ryhdytt\u00e4v\u00e4 asianmukaisiin toimiin. Lakimiesten on kuitenkin haastavaa pysy\u00e4 ajan tasalla lukuisista muutoksista, mukaan lukien pienist\u00e4, p\u00e4ivitt\u00e4isess\u00e4 ty\u00f6ss\u00e4\u00e4n.<\/p>\n\t\t\t\t<p>IT- ja oikeudellisena asiantuntijana pyrin tarjoamaan &#8220;ratkaisuja&#8221;, jotka yhdist\u00e4v\u00e4t IT:n ja oikeuden voiman tehokkaasti n\u00e4iden monimutkaisten ongelmien ratkaisemiseksi.<\/p>\n\t\t\t<\/div>\n\t\t<\/div>\n\t<\/div>\n<\/section>\n\n<section class=\"orange-section\">\n\t<div class=\"anchor\" id=\"a-team-of-lawyers-and-it-consultants\"><\/div>\n\t<div class=\"section-inner\">\n\t\t<div class=\"flex reverse\">\n\t\t\t<div class=\"width41\"><img decoding=\"async\" src=\"\/wp-content\/uploads\/2023\/06\/message_4.jpg\" alt=\"A Team of Lawyers and IT Consultants\"><\/div>\n\t\t\t<div class=\"width51\">\n\t\t\t\t<h3>Lakimiesten ja IT-konsulttien tiimi<\/h3>\n\t\t\t\t<p class=\"mgb-small\">Esimerkiksi IPO-tuen lis\u00e4ksi on lukuisia tilanteita, joissa IT:n ja lain yhdist\u00e4minen on v\u00e4ltt\u00e4m\u00e4t\u00f6nt\u00e4 asiakkaiden tarpeiden t\u00e4ytt\u00e4miseksi. Monimutkaisten ongelmatilanteiden k\u00e4sittely vaatii tiimi\u00e4, jolla on taitoja ja kykyj\u00e4 tehd\u00e4 tietoon perustuvia p\u00e4\u00e4t\u00f6ksi\u00e4 ja toteuttaa tehokkaita toimenpiteit\u00e4 laajasta valikoimasta vaihtoehtoja. Vaikka lakimiehet ovat oikeudellisia ammattilaisia ja erikoistuneet juridisiin asioihin, kattavan &#8220;ratkaisun&#8221; rakentaminen vaatii enemm\u00e4n kuin pelkk\u00e4\u00e4 oikeudellista asiantuntemusta.<\/p>\n\t\t\t\t<p class=\"mgb-small\">Siksi tiimiimme kuuluu lakimiesten lis\u00e4ksi my\u00f6s muita asiantuntijoita, kuten IT-konsultteja, jotka tuovat p\u00f6yt\u00e4\u00e4n monipuolisen taitosetin. Heid\u00e4n kyvyill\u00e4\u00e4n suorittaa internet-tutkimusta, selitt\u00e4\u00e4 ratkaisuehdotuksia ja tarjota n\u00e4kemyksi\u00e4, jotka ylitt\u00e4v\u00e4t perinteisen oikeudellisen tiedon, voimme tarjota kattavia ja tehokkaita ratkaisuja. Rajat ylitt\u00e4viss\u00e4 oikeudellisissa asioissa on olennaista tehd\u00e4 yhteisty\u00f6t\u00e4 lakimiesten ulkopuolisten tiimien kanssa. Tiimimme j\u00e4senet, jotka hallitsevat vieraita kieli\u00e4 ja ymm\u00e4rt\u00e4v\u00e4t syv\u00e4llisesti ulkomaisia liiketoimintaymp\u00e4rist\u00f6j\u00e4, mahdollistavat meid\u00e4n navigoida edistyksellisill\u00e4 alueilla rajat ylitt\u00e4v\u00e4ss\u00e4 IT-sektorissa.<\/p>\n\t\t\t\t<p class=\"mgb-small\">Rekrytoinnin osalta on t\u00e4rke\u00e4\u00e4 huomata, ett\u00e4 monet lakimiehemme liittyv\u00e4t MONOLITH LAW OFFICEen ilman laajaa IT-osaamista. Kannustamme yhteisty\u00f6h\u00f6n perustuvaa ymp\u00e4rist\u00f6\u00e4, jossa lakimiehet, joilla on erilaisia taustoja ja kokemuksia IT-oikeudellisista asioista, ty\u00f6skentelev\u00e4t yhdess\u00e4 tiimin\u00e4. Ei-lakimiesten tiimij\u00e4senten vastuualueet m\u00e4\u00e4ritet\u00e4\u00e4n usein heid\u00e4n kykyjens\u00e4 ja ominaisuuksiensa perusteella liitytty\u00e4\u00e4n toimistoon ja tutustuttuaan erilaisiin liiketoimintoihin. Toivotamme tervetulleiksi hakemukset lakimiehilt\u00e4, jotka eiv\u00e4t ehk\u00e4 ole erikoistuneet IT-tiet\u00e4mykseen tai jotka ep\u00e4r\u00f6iv\u00e4t olla leimattuina &#8220;asiantuntijoina&#8221;.<\/p>\n\t\t\t\t<p class=\"mgb-big\">MONOLITH LAW OFFICEssa arvostamme jokaisen tiimin j\u00e4senen kollektiivista asiantuntemusta ja panosta, luoden dynaamisen ja innovatiivisen ymp\u00e4rist\u00f6n, joka yhdist\u00e4\u00e4 oikeudellisen p\u00e4tevyyden IT-n\u00e4kemyksiin.<\/p>\n\t\t\t\t<div class=\"btn-area align-left\">\n\t\t\t\t\t<div class=\"btn icon-job-openings\"><a href=\"\/en\/job-openings\/\">Avoimet ty\u00f6paikat[en]<\/a><\/div>\n\t\t\t\t<\/div>\n\t\t\t<\/div>\n\t\t<\/div>\n\t<\/div>\n<\/section>\n","protected":false},"excerpt":{"rendered":"<p>Terveiset p\u00e4\u00e4asianajajalta Tiedon teknologian hy\u00f6dynt\u00e4minen on mullistanut ihmiskunnan historian, verrattavissa dynamiitin vaikutukseen.Internet on erityisesti muuttanut evoluution kulun nopeasti, ty\u00f6 [&hellip;]<\/p>\n","protected":false},"author":1,"featured_media":57134,"parent":0,"menu_order":8,"comment_status":"closed","ping_status":"closed","template":"other-page-temp.php","meta":{"footnotes":""},"acf":[],"_links":{"self":[{"href":"https:\/\/monolith.law\/fi\/wp-json\/wp\/v2\/pages\/4232"}],"collection":[{"href":"https:\/\/monolith.law\/fi\/wp-json\/wp\/v2\/pages"}],"about":[{"href":"https:\/\/monolith.law\/fi\/wp-json\/wp\/v2\/types\/page"}],"author":[{"embeddable":true,"href":"https:\/\/monolith.law\/fi\/wp-json\/wp\/v2\/users\/1"}],"replies":[{"embeddable":true,"href":"https:\/\/monolith.law\/fi\/wp-json\/wp\/v2\/comments?post=4232"}],"version-history":[{"count":35,"href":"https:\/\/monolith.law\/fi\/wp-json\/wp\/v2\/pages\/4232\/revisions"}],"predecessor-version":[{"id":65524,"href":"https:\/\/monolith.law\/fi\/wp-json\/wp\/v2\/pages\/4232\/revisions\/65524"}],"wp:featuredmedia":[{"embeddable":true,"href":"https:\/\/monolith.law\/fi\/wp-json\/wp\/v2\/media\/57134"}],"wp:attachment":[{"href":"https:\/\/monolith.law\/fi\/wp-json\/wp\/v2\/media?parent=4232"}],"curies":[{"name":"wp","href":"https:\/\/api.w.org\/{rel}","templated":true}]}}