{"id":47528,"date":"2023-11-06T23:10:34","date_gmt":"2023-11-06T14:10:34","guid":{"rendered":"https:\/\/monolith.law\/?page_id=47528"},"modified":"2024-03-08T21:04:07","modified_gmt":"2024-03-08T12:04:07","slug":"crypto-asset-and-blockchain","status":"publish","type":"page","link":"https:\/\/monolith.law\/fi\/crypto-asset-and-blockchain","title":{"rendered":"Kryptovaluutat ja lohkoketjut"},"content":{"rendered":"\n<section class=\"heading-area\">\n\t<div class=\"heading-area-inner\">\n\t\t<h2 class=\"icon-crypto-asset-and-blockchain\">Kryptovaluutat ja lohkoketjut<\/h2>\n\t\t<p>Kryptovaluutat ja lohkoketjut ovat hajautettuja tietokantoja, jotka on luotu erilaisten IT-j\u00e4rjestelmien avulla, mukaan lukien konsensusalgoritmit, kryptografia ja P2P-verkot, ja joita on vaikea muuttaa sek\u00e4 joissa on alhainen riski tietojen menetykseen. IT-alan asiantuntijana toimiva lakitoimistomme tukee yrityksi\u00e4, jotka ovat mukana kryptovaluutoissa, NFT:ss\u00e4 ja lohkoketjuissa.<\/p>\n\t<\/div>\n<\/section>\n<section class=\"white-section\">\n\t<div class=\"section-inner pdt0 border-bottom-section\">\n\t<p class=\"mgb-small\">Kryptovaluutat, NFT:t ja lohkoketjut kehittyv\u00e4t nopeasti jatkuvan teknisen innovaation ja niiden potentiaalin ansiosta, joka ulottuu rahoituksesta digitaalisen taiteen hallintaan. T\u00e4m\u00e4n vuoksi se on my\u00f6s monimutkainen alue lain s\u00e4\u00e4telyn kannalta.<\/p>\n\t<p class=\"mgb-small\">MONOLITH LAW OFFICE on lakitoimisto, joka on erikoistunut krypto- ja lohkoketjulains\u00e4\u00e4d\u00e4nt\u00f6\u00f6n perustamisestaan l\u00e4htien vuonna 2017. Olemme perehtyneet ulkomaisten yritysten oikeudellisiin s\u00e4\u00e4d\u00f6ksiin, niiden toimintaan Japanissa, asianmukaiseen liiketoiminnan ohjaukseen toteutusta varten sek\u00e4 IT-liiketoimintaan liittyvien asiakirjojen ja sopimusten valmisteluun. T\u00e4llainen ty\u00f6 vaatii tiet\u00e4myst\u00e4 ja kokemusta kansainv\u00e4lisest\u00e4 IT:st\u00e4, liiketoiminnasta, rahoituslains\u00e4\u00e4d\u00e4nn\u00f6st\u00e4 ja muista oikeudellisista asioista.<\/p>\n\t<p>Tarjoamme monimutkaista tukea yrityksille, jotka hy\u00f6dynt\u00e4v\u00e4t lohkoketjuja, mukaan lukien kryptovaluutat ja NFT:t, tiiviin yhteisty\u00f6n kautta lakimiesten ja IT-konsulttien v\u00e4lill\u00e4.<\/p>\n\t<\/div>\n<\/section>\n<section class=\"second-nav\">\n\t<div class=\"second-nav-inner\">\n\t\t<p>AIHEET<\/p>\n\t\t<nav>\n\t\t\t<ul>\n\t\t\t\t<li><a href=\"#highly-specialized-teams-and-global-network\">Eritt\u00e4in erikoistuneet tiimit ja globaali verkosto<\/a><\/li>\n\t\t\t\t<li><a href=\"#examples-of-the-firms-support-achievements\">Toimiston tukisaavutusten esimerkkej\u00e4<\/a><\/li>\n\t\t\t\t<li><a href=\"#advanced-technology-and-financial-legislation\">Edistynyt teknologia ja rahoituslains\u00e4\u00e4d\u00e4nt\u00f6<\/a><\/li>\n\t\t\t\t<li><a href=\"#providing-one-stop-solutions\">Yhden luukun ratkaisujen tarjoaminen<\/a><\/li>\n\t\t\t\t<li><a href=\"#legal-support-for-nft-related-businesses\">Oikeudellinen tuki NFT-liiketoimintaan liittyen<\/a><\/li>\n\t\t\t\t<li><a href=\"#crypto-asset-businesses-and-custody-services\">Kryptovaluuttaliiketoiminta ja s\u00e4ilytyspalvelut<\/a><\/li>\n\t\t\t\t<li><a href=\"#other-crypto-assets-related-businesses\">Muut kryptovaluuttoihin liittyv\u00e4t liiketoiminnot<\/a><\/li>\n\t\t\t\t<li><a href=\"#system-development\">J\u00e4rjestelm\u00e4kehitys<\/a><\/li>\n\t\t\t\t<li><a href=\"#terms-of-use-maintenance-for-applications-etc\">Asiakirjapalvelut<\/a><\/li>\n\t\t\t\t<li><a href=\"#monolith-law-magazine\">MONOLITH LAW MAGAZINE<\/a><\/li>\n\t\t\t\t<li><a href=\"#fee-structure\">Palkkiorakenne<\/a><\/li>\n\t\t\t<\/ul>\n\t\t<\/nav>\n\t<\/div>\n<\/section>\n<section class=\"white-section\">\n\t<div class=\"anchor\" id=\"highly-specialized-teams-and-global-network\"><\/div>\n\t<div class=\"section-inner pdb0\">\n\t\t<h3>Eritt\u00e4in erikoistuneet tiimit ja globaali verkosto<\/h3>\n\t\t<div class=\"max-width980 mgb-small\"><img decoding=\"async\" src=\"\/wp-content\/uploads\/2023\/05\/web3team.jpg\" alt=\"Asianajajat\"><\/div>\n\t\t<div class=\"frame2 max-width860 txt-center-pc\">\n\t\t\t<p class=\"bold txt-l mgb-small\">Kun liiketoimintaymp\u00e4rist\u00f6 lohkoketjujen ja krypto-omaisuuden ymp\u00e4rill\u00e4 kehittyy nopeasti, tarvitaan alaan erikoistuneita lakitoimistoja ja asianajajia.<\/p>\n\t\t\t<p> MONOLITH LAW OFFICE:ssa olemme perustaneet omistautuneen tiimin, joka koostuu laajasti IT-tietoa omaavista lakimiehist\u00e4, kansainv\u00e4lisesti p\u00e4tevist\u00e4 asianajajista ja kokeneista IT-insin\u00f6\u00f6reist\u00e4. Vahvan kansainv\u00e4lisen verkostomme kautta edist\u00e4mme tiet\u00e4myst\u00e4, mik\u00e4 mahdollistaa meille pysymisen t\u00e4m\u00e4n dynaamisen alan eturintamassa.<\/p>\n\t\t<\/div>\n\t<\/div>\n<\/section>\n<section class=\"white-section\">\n\t<div class=\"anchor\" id=\"examples-of-the-firms-support-achievements\"><\/div>\n\t<div class=\"section-inner\">\n\t\t<h3>Esimerkkej\u00e4 toimistomme tukisaavutuksista<\/h3>\n\t\t<ul class=\"layout-column4\">\n\t\t\t<li>\n\t\t\t\t<div><img decoding=\"async\" src=\"\/wp-content\/uploads\/2022\/07\/shutterstock_1009471096.png\"><\/div>\n\t\t\t\t<h4>Varainhankinta (ICO, STO, IEO)<\/h4>\n\t\t\t\t<p>Nyky\u00e4\u00e4n ICO:t, STO:t ja IEO:t, jotka k\u00e4ytt\u00e4v\u00e4t kryptovaluuttoja varainhankinnan v\u00e4lineen\u00e4, ovat yh\u00e4 suositumpia. Ne n\u00e4hd\u00e4\u00e4n joustavampana tapana ker\u00e4t\u00e4 varoja kuin IPO:t ym., samalla kun sijoittajansuoja turvataan Japanin <em>Financial Instruments and Exchange Act<\/em> -lain ja <em>Payment Services Act<\/em> -lain s\u00e4\u00e4nn\u00f6sten mukaisesti. MONOLITH LAW OFFICE tukee liiketoiminnan laillisuudessa avustamalla ja valmistelemalla raportteja.<\/p>\n\t\t\t<\/li>\n\t\t\t<li>\n\t\t\t\t<div><img decoding=\"async\" src=\"\/wp-content\/uploads\/2022\/07\/shutterstock_758063575-1.png\"><\/div>\n\t\t\t\t<h4>Louhinta\/Staking<\/h4>\n\t\t\t\t<p>Tutkimme lohkoketjujen louhinnan ja stakingin laillisuutta sek\u00e4 laadimme sopimuksia ja muita asiaankuuluvia asiakirjoja. Joissakin tapauksissa lohkoketjuissa tapahtuva louhinta ja staking voivat vaatia rekister\u00f6itymist\u00e4 kryptovaluuttavaihtoyritykseksi. Asiantuntemuksemme perustuu oikeudellisten vaatimusten ymm\u00e4rt\u00e4miseen ja asiakkaiden auttamiseen tarvittavien s\u00e4\u00e4d\u00f6sten noudattamisessa.<\/p>\n\t\t\t<\/li>\n\t\t\t<li>\n\t\t\t\t<div><img decoding=\"async\" src=\"\/wp-content\/uploads\/2022\/07\/shutterstock_1096851425.png\"><\/div>\n\t\t\t\t<h4>Kryptovaluuttap\u00f6rssit ja niiden toiminta<\/h4>\n\t\t\t\t<p>Uudistetun <em>Funds Settlement Law<\/em> -lain mukaan kryptovaluuttap\u00f6rssiyhti\u00f6ksi rekister\u00f6ityminen on nyt vaadittavaa, jotta voi ostaa, myyd\u00e4, vaihtaa ja toimia v\u00e4litt\u00e4j\u00e4n\u00e4 tai agenttina kryptovaluutoille. Ainutlaatuisen liiketoimintamallin kehitt\u00e4m\u00e4ll\u00e4 on mahdollista v\u00e4ltt\u00e4\u00e4 t\u00e4llainen rekister\u00f6inti lain puitteissa. Voimme my\u00f6s auttaa asiakkaitamme kryptovaluuttap\u00f6rssiyhti\u00f6ksi rekister\u00f6itymisess\u00e4 ja tarjota jatkuvaa tukea virtuaalivaluuttap\u00f6rssej\u00e4 operoiville yrityksille.<\/p>\n\t\t\t<li>\n\t\t\t\t<div><img decoding=\"async\" src=\"\/wp-content\/uploads\/2022\/07\/shutterstock_2118688160.png\"><\/div>\n\t\t\t\t<h4>Sis\u00e4lt\u00f6liiketoiminta \/ NFT<\/h4>\n\t\t\t\t<p>Non-Fungible Tokenit (NFT:t), jotka edustavat digitaalista taidetta, lohkoketjupelien esineit\u00e4 yms., voivat riippuen j\u00e4rjestelm\u00e4st\u00e4 vaihdella kryptovaluuttaomaisuudesta ennakkomaksullisiin maksuv\u00e4lineisiin ja s\u00e4hk\u00f6isesti kirjattuihin siirto-oikeuksiin (arvopapereihin) ym., mutta ne ovat monimutkaisten ja tiukkojen s\u00e4\u00e4nt\u00f6jen alaisia. Me MONOLITH LAW OFFICE:ssa tutkimme asiakkaidemme liiketoiminnan laillisuutta ja tuemme heit\u00e4 oikeudellisesta n\u00e4k\u00f6kulmasta.<\/p>\n\t\t\t<\/li>\n\t\t<\/ul>\n\t<\/div>\n<\/section>\n<section class=\"white-section\">\n\t<div class=\"anchor\" id=\"advanced-technology-and-financial-legislation\"><\/div>\n\t<div class=\"section-inner\">\n\t\t<div class=\"flex reverse\">\n\t\t\t<div class=\"width41\"><img decoding=\"async\" src=\"\/wp-content\/uploads\/2022\/07\/shutterstock_1144405721.png\" alt=\"Edistynyt teknologia ja rahoituslains\u00e4\u00e4d\u00e4nt\u00f6\"><\/div>\n\t\t\t<div class=\"width51\">\n\t\t\t\t<h3>Edistynyt teknologia ja talouslains\u00e4\u00e4d\u00e4nt\u00f6<\/h3>\n\t\t\t\t<p class=\"mgb-small\">Lohkoketjujen ala on sellainen, jossa niit\u00e4 k\u00e4ytt\u00e4v\u00e4t yritykset kehittyv\u00e4t nopeasti, erityisesti ulkomailla. T\u00e4ll\u00e4 alalla toimivien yritysten on harkittava, onko t\u00e4llaisen j\u00e4rjestelm\u00e4n toteuttaminen Japanissa mahdollista viimeisimpien ulkomaisten s\u00e4\u00e4nn\u00f6sten perusteella. L\u00e4hdemme ensin lukemaan t\u00e4llaisten ulkomaisten yritysten julkaisemia materiaaleja perustuen IT-tiet\u00e4mykseemme uusimmista teknologioista. Seuraavaksi tarkastelemme j\u00e4rjestelm\u00e4n laillisuutta Japanissa kotimaisen oikeusj\u00e4rjestelm\u00e4n, mukaan lukien talouslains\u00e4\u00e4d\u00e4nn\u00f6n ja hallinnolliset mielipiteet, valossa. Lopuksi tarjoamme neuvoja siit\u00e4, miten j\u00e4rjestelm\u00e4 voidaan toteuttaa laillisesti Japanissa, perustuen liiketoimintap\u00e4\u00e4t\u00f6ksiimme.<\/p>\n\t\t\t\t<p>Lohkoketju, mukaan lukien krypto-omaisuudet ja NFT, on monimutkainen ala, joka vaatii lakitoimistoja ja lakimiehi\u00e4, joilla on korkea asiantuntemus sek\u00e4 IT:ss\u00e4 ett\u00e4 laissa.<\/p>\n\t\t\t<\/div>\n\t\t<\/div>\n\t<\/div>\n<\/section>\n<section class=\"purple-section\">\n\t<div class=\"anchor\" id=\"providing-one-stop-solutions\"><\/div>\n\t<div class=\"section-inner\">\n\t\t<div class=\"flex reverse\">\n\t\t\t<div class=\"width51\">\n\t\t\t\t<h3>Yhden pys\u00e4kin ratkaisujen tarjoaminen<\/h3>\n\t\t\t\t<p class=\"mgb-small\">Firmamme koostuu 30 asianajajasta ja 85 henkil\u00f6kunnan j\u00e4senest\u00e4, mukaan lukien IT-konsultit, jotka toimivat perustajan, entisen IT-insin\u00f6\u00f6rin ja IT-yrityksen omistajan, valvonnassa.<\/p>\n\t\t\t\t<p>Ulkomaisten yritysomistajien julkaisemien asiakirjojen k\u00e4\u00e4nt\u00e4minen ja tekninen ymm\u00e4rt\u00e4minen sek\u00e4 talon sis\u00e4ll\u00e4 luotujen teknisten asiakirjojen ja koodien k\u00e4sittely suoritetaan edustava asianajaja ja IT-konsultointiosasto. Lakitutkimukset, sopimusten laatiminen, asiakirjojen valmistelu ja muut oikeudelliset palvelut suoritetaan edustava asianajaja ja asianajaja. N\u00e4in voimme tarjota yhden pys\u00e4kin palvelun sarjalle tapauksia, jotka vaativat korkeaa asiantuntemusta sek\u00e4 IT:ss\u00e4 ett\u00e4 laissa.<\/p>\n\t\t\t<\/div>\n\t\t\t<div class=\"width41\"><img decoding=\"async\" src=\"\/wp-content\/themes\/monolith_en\/img\/operationofofmedia\/operationofofmedia_pic5.svg\" alt=\"Yhden pys\u00e4kin ratkaisujen tarjoaminen\"><\/div>\n\t\t<\/div>\n\t<\/div>\n<\/section>\n<section class=\"white-section mgt-section\">\n\t<div class=\"anchor\" id=\"legal-support-for-nft-related-businesses\"><\/div>\n\t<div class=\"section-inner-black\">\n\t\t<h3>Oikeudellista tukea NFT-liittyville yrityksille<\/h3>\n\t\t\t\t<p class=\"mgb-small\">Ethereum-lohkoketjuun pohjautuvat Non-Fungible Tokens (NFT:t) ovat k\u00e4yt\u00e4nn\u00f6n sovelluksissa luomassa ainutlaatuisia tuotteita, kuten digitaalista taidetta, lohkoketjupelien esineit\u00e4 ja ker\u00e4ilykortteja, sek\u00e4 edustavat omistusoikeuden todisteita todelliseen omaisuuteen, kuten kiinteist\u00f6ihin, ja j\u00e4senyyksi\u00e4 todellisessa maailmassa. <\/p>\n\t\t\t\t<p class=\"mgb-middle\">NFT:t, riippuen niiden suunnittelusta ja liiketoimintamallista, saattavat kuulua kryptovaluutta-omaisuuden, ennakkoon maksettujen maksuv\u00e4lineiden, elektronisten siirto-oikeuksien kirjauksien jne. kategoriaan. Tarjoamme korkeatasoista asiantuntemusta NFT-liittyvien yritysten tukemiseen.<\/p>\n\t<\/div>\n<\/section>\n<section class=\"white-section\">\n\t<div class=\"anchor\" id=\"crypto-asset-businesses-and-custody-services\"><\/div>\n\t<div class=\"section-inner\">\n\t\t<div class=\"flex reverse\">\n\t\t\t<div class=\"width41\"><img decoding=\"async\" src=\"\/wp-content\/uploads\/2022\/07\/shutterstock_1151380622_2.png\" alt=\"Crypto Asset Businesses and Custody Services\"><\/div>\n\t\t\t<div class=\"width51\">\n\t\t\t\t<h3>Kryptovaluutta-yritykset ja varainhoitopalvelut<\/h3>\n\t\t\t\t<p class=\"mgb-small\">Vuoden 2020 uudistetun rahansiirtolain mukaan &#8220;muiden puolesta kryptovaluuttojen hallinnointi (eli varainhoitopalvelut)&#8221; on nyt sis\u00e4llytetty kryptovaluutanvaihtoliiketoimintaan, mik\u00e4 edellytt\u00e4\u00e4 rekister\u00f6itymist\u00e4 kryptovaluuttapalvelujen tarjoajaksi ja on siten erilaisten s\u00e4\u00e4nt\u00f6jen alainen kryptovaluuttojen hallintaj\u00e4rjestelm\u00e4n toteuttamiseksi. N\u00e4m\u00e4 s\u00e4\u00e4nn\u00f6t voivat kuitenkin olla hyvin raskaita niille, jotka eiv\u00e4t ole niin sanottuja virtuaalivaluutanvaihtopalveluita, vaan tarjoavat ainoastaan varainhoitopalveluita.<\/p>\n\t\t\t\t<p>T\u00e4llaisten palveluiden on p\u00e4\u00e4tett\u00e4v\u00e4, pit\u00e4isik\u00f6 heid\u00e4n rekister\u00f6ity\u00e4 ja toimia kryptovaluutanvaihtajina vai pit\u00e4isik\u00f6 heid\u00e4n k\u00e4sitell\u00e4 kryptovaluuttoja v\u00e4ltt\u00e4en rekister\u00f6itymisen.<\/p>\n\t\t\t<\/div>\n\t\t<\/div>\n\t<\/div>\n<\/section>\n<section class=\"white-section mgb-section\">\n\t<div class=\"anchor\" id=\"other-crypto-assets-related-businesses\"><\/div>\n\t<div class=\"section-inner-black\">\n\t\t<h3>Muut krypto-omaisuudet ja lohkoketjuun liittyv\u00e4t yritykset<\/h3>\n\t\t<p class=\"mgb-small\">Krypto-omaisuudet ja lohkoketjut ovat jatkuvasti kehittyvi\u00e4 teknologian ja liiketoiminnan alueita. T\u00e4h\u00e4n sis\u00e4ltyy vakaiden kolikoiden s\u00e4\u00e4ntely, jotka s\u00e4\u00e4nneltiin vuoden 2022 (japanilainen) Rahastojen selvityslain muutoksen mukaisesti, sek\u00e4 IEO:t, rahoitusmenetelm\u00e4, joka tarkastelee virtuaalivaluutanvaihtoja, ja stakingiin liittyv\u00e4t yritykset. Toimistomme pysyy ajan tasalla viimeisimmist\u00e4 kehityksist\u00e4 ja tarjoaa tukea t\u00e4llaisille yrityksille.<\/p>\n\t\t<p class=\"mgb-middle\">Lakitoimistona, joka koostuu perustajalakimiehest\u00e4, jolla on aiempaa kokemusta entisen\u00e4 IT-insin\u00f6\u00f6rin\u00e4, sek\u00e4 IT-konsulteista, joilla on kokemusta valkoisten papereiden, teknisten dokumenttien ja muiden ulkomailla julkaistujen materiaalien ymm\u00e4rt\u00e4misest\u00e4, ymm\u00e4rr\u00e4mme teknologian ja liiketoimintamallit.<\/p>\n\t<\/div>\n<\/section>\n<section class=\"orange-section\">\n\t<div class=\"anchor\" id=\"system-development\"><\/div>\n\t<div class=\"section-inner\">\n\t\t<div class=\"flex reverse\">\n\t\t\t<div class=\"width41\"><img decoding=\"async\" src=\"\/wp-content\/themes\/monolith2021\/img\/practices-itlaw\/practices-itlaw_pic1.jpg\" alt=\"J\u00e4rjestelm\u00e4n kehitt\u00e4minen\"><\/div>\n\t\t\t<div class=\"width51\">\n\t\t\t\t<h3>J\u00e4rjestelm\u00e4kehitys<\/h3>\n\t\t\t\t<p>Entisen IT-insin\u00f6\u00f6rin perustama MONOLITH LAW OFFICE on lakitoimisto, joka k\u00e4sittelee sopimusten laatimista, muokkaamista ja sopimusneuvotteluja sek\u00e4 riitojen ratkaisemista, kun ongelmia ilmenee, ei ainoastaan kryptovaluuttojen ja lohkoketjuun liittyviss\u00e4 asioissa, vaan my\u00f6s erilaisissa eritt\u00e4in erikoistuneissa j\u00e4rjestelm\u00e4kehitysasioissa, kuten virtuaalivaluutanvaihtojen j\u00e4rjestelm\u00e4kehityksess\u00e4. K\u00e4sittelemme my\u00f6s riitojen ratkaisemista, kun ongelmia ilmenee.<\/p>\n\t\t\t<\/div>\n\t\t<\/div>\n\t<\/div>\n<\/section>\n<section class=\"white-section\">\n\t<div class=\"anchor\" id=\"terms-of-use-maintenance-for-applications-etc\"><\/div>\n\t<div class=\"section-inner\">\n\t\t<div class=\"flex\">\n\t\t\t<div class=\"width41\"><img decoding=\"async\" src=\"\/wp-content\/themes\/monolith2021\/img\/practices-itlaw\/practices-itlaw_pic2.jpg\" alt=\"Document Services\"><\/div>\n\t\t\t<div class=\"width51\">\n\t\t\t\t<h3>Asiakirjapalvelut<\/h3>\n\t\t\t\t<p>MONOLITH LAW OFFICE k\u00e4sittelee erilaisten sovellusten, palveluiden ja pelien, mukaan lukien lohkoketjupelejen, kryptovaluuttojen ja lohkoketjuun liittyvien tuotteiden ja palveluiden k\u00e4ytt\u00f6ehtojen ja tietosuojak\u00e4yt\u00e4nt\u00f6jen luomista ja tarkistamista. Tutkimme my\u00f6s olemassa olevia yritysasiakirjoja ja tietoja, kuten vaatimusten m\u00e4\u00e4rittelyj\u00e4 asiaankuuluvalle sovelluskehitykselle, Adobe XD:ss\u00e4 luotuja kehyksi\u00e4, LP:it\u00e4, myyntimateriaaleja mahdollisille asiakkaille jne.<\/p>\n\t\t\t<\/div>\n\t\t<\/div>\n\t<\/div>\n<\/section>\n\n<section class=\"purple2-section\">\n\t<div class=\"anchor\" id=\"monolith-law-magazine\"><\/div>\n\t<div class=\"section-inner\">\n\t\t    <section class=\"white-section temp-article\">\n        <div class=\"section-inner\">\n            <h4>MONOLITH LAW MAGAZINE<\/h4>\n            <div class=\"articles type_practice_column\">\n                                                                    <div class=\"article article-area\">\n                        <figure>\n                            <div class=\"img-wrap\">\n                                <img alt=\"Mitk\u00e4 ovat NASDAQ-listautumisen vaatimat yrityshallinnon vaatimukset?\" src=\"https:\/\/monolith.law\/fi\/wp-content\/uploads\/sites\/30\/2025\/08\/19e0312b170969f265c8e568bdf254db.webp\" width=\"500\" height=\"250\">\n                            <\/div>\n                            <figcaption>\n                                <div class=\"figcaption-inner\">\n                                    <h3>Mitk\u00e4 ovat NASDAQ-listautumisen vaatimat yrityshallinnon vaatimukset?<\/h3>\n                                <\/div>\n                            <\/figcaption>\n                            <a href=\"https:\/\/monolith.law\/fi\/it\/nasdaq-corporate-governance\"><\/a>\n                        <\/figure>\n                    <\/div>\n                                                    <div class=\"article article-area\">\n                        <figure>\n                            <div class=\"img-wrap\">\n                                <img alt=\"Mik\u00e4 on Web3:n hy\u00f6dynt\u00e4m\u00e4 liiketoimintamalli? Selit\u00e4mme uusimmat suuntaukset ja k\u00e4ytt\u00f6tapaukset\" src=\"https:\/\/monolith.law\/fi\/wp-content\/uploads\/sites\/30\/2025\/08\/Shutterstock_2333502635.webp\" width=\"500\" height=\"250\">\n                            <\/div>\n                            <figcaption>\n                                <div class=\"figcaption-inner\">\n                                    <h3>Mik\u00e4 on Web3:n hy\u00f6dynt\u00e4m\u00e4 liiketoimintamalli? Selit\u00e4mme uusimmat suuntaukset ja .<\/h3>\n                                <\/div>\n                            <\/figcaption>\n                            <a href=\"https:\/\/monolith.law\/fi\/it\/web3-business-model\"><\/a>\n                        <\/figure>\n                    <\/div>\n                                                    <div class=\"article article-area\">\n                        <figure>\n                            <div class=\"img-wrap\">\n                                <img alt=\"\u30102025 Uusin versio\u3011Kryptovaluuttojen (virtuaalivaluuttojen) oikeudellinen tulkinta: Arvopaperien soveltuvuus ja yritysten huomioon otettavat seikat\" src=\"https:\/\/monolith.law\/fi\/wp-content\/uploads\/sites\/30\/2025\/08\/Shutterstock_2049735344.webp\" width=\"500\" height=\"250\">\n                            <\/div>\n                            <figcaption>\n                                <div class=\"figcaption-inner\">\n                                    <h3>\u30102025 Uusin versio\u3011Kryptovaluuttojen (virtuaalivaluuttojen) oikeudellinen tulkin.<\/h3>\n                                <\/div>\n                            <\/figcaption>\n                            <a href=\"https:\/\/monolith.law\/fi\/it\/crypto-assets-securities\"><\/a>\n                        <\/figure>\n                    <\/div>\n                                            <\/div>\n            <div class=\"btn-more\"><a href=\"https:\/\/monolith.law\/fi\/tag\/crypto-assets-and-blockchains\">Read More<\/a><\/div>\n        <\/div>\n    <\/section>\n\t<\/div>\n<\/section>\n\n<section class=\"orange2-section\">\n\t<div class=\"anchor\" id=\"fee-structure\"><\/div>\n\t<div class=\"section-inner\">\n\t<div class=\"planWrap\">\n\t<h3>Palkkiorakenne<\/h3>\n\t<ul class=\"plan\">\n\t\t<li class=\"txt-left\">\n\t\t\t<div class=\"plan-inner\">\n\t\t\t<div class=\"plan-header\">\n\t\t\t<h4 class=\"plan-title\">Tuntiveloitus<\/h4>\n\t\t\t<div class=\"plan-price\"><span class=\"price-figure\">$300<\/span>tunnissa<span class=\"price-tax\"><\/span><\/div>\n\t\t\t<\/div>\n\t\t\t<div class=\"plan-body\">Tietyiss\u00e4 tapauksissa saatamme harkita riidan tai kanteen vastaanottamista aloitusmaksulla ja tulospalkkiolla. Lis\u00e4tietoja varten ota rohkeasti yhteytt\u00e4 meihin.<\/div>\n\t\t\t<\/div>\n\t\t<\/li>\n\t\t<li class=\"txt-left\">\n\t\t\t<div class=\"plan-inner\">\n\t\t\t<div class=\"plan-header\">\n\t\t\t<h4 class=\"plan-title\">Sopimusten Laatiminen<\/h4>\n\t\t\t<div class=\"plan-price\"><span class=\"price-value\">alkaen<\/span><span class=\"price-figure\">$500<\/span><span class=\"price-value\">to $2,000 tai enemm\u00e4n<\/span><span class=\"price-tax\"><\/span><\/div>\n\t\t\t<\/div>\n\t\t\t<div class=\"plan-body\">Hinnoittelurakenne voi vaihdella sopimusten tyypin ja m\u00e4\u00e4r\u00e4n mukaan. Tarjoamme mielell\u00e4mme alustavan arvion tiedustelun yhteydess\u00e4, joten \u00e4l\u00e4 ep\u00e4r\u00f6i ottaa meihin yhteytt\u00e4 saadaksesi lis\u00e4tietoja.<\/div>\n\t\t\t<\/div>\n\t\t<\/li>\n\t\t<li class=\"txt-left\">\n\t\t\t<div class=\"plan-inner\">\n\t\t\t<div class=\"plan-header\">\n\t\t\t<h4 class=\"plan-title\">Muut Palvelut<\/h4>\n\t\t\t<div class=\"plan-price\"><span class=\"price-figure\">Ota Yhteytt\u00e4<\/span><\/div>\n\t\t\t<\/div>\n\t\t\t<div class=\"plan-body\">Tarjoamme laajan valikoiman palveluita, joihin kuuluvat yrityksen perustaminen, sopimusten tarkastus, oikeudelliset lausunnot, tapausten katselmus tai tutkimuskirjeet. Jos sinulla on kysytt\u00e4v\u00e4\u00e4 tai huolenaiheita, kutsun sinut syd\u00e4mellisesti ottamaan yhteytt\u00e4 meihin. Autamme sinua mielell\u00e4mme.<\/div>\n\t\t\t<\/div>\n\t\t\t<\/div>\n\t\t<\/li>\n\t<\/ul>\n\t<\/div>\n\t<\/div>\n<\/section>\n\n<section class=\"white-section\">\n\t<div class=\"section-inner\">\n\t\t<div class=\"btn-area\">\n\t\t\t<div class=\"btn icon-contact\"><a href=\"\/fi\/contact\">Ota Yhteytt\u00e4<\/a><\/div>\n\t\t<\/div>\n\t<\/div>\n<\/section>\n","protected":false},"excerpt":{"rendered":"<p>Kryptovaluutat ja lohkoketjut Kryptovaluutat ja lohkoketjut ovat hajautettuja tietokantoja, jotka on luotu erilaisten IT-j\u00e4rjestelmien avulla, mukaan lukien konsensusalgoritmit, kryptografia ja P2P-ve [&hellip;]<\/p>\n","protected":false},"author":1,"featured_media":56655,"parent":0,"menu_order":6,"comment_status":"closed","ping_status":"closed","template":"other-page-temp.php","meta":{"footnotes":""},"acf":[],"_links":{"self":[{"href":"https:\/\/monolith.law\/fi\/wp-json\/wp\/v2\/pages\/47528"}],"collection":[{"href":"https:\/\/monolith.law\/fi\/wp-json\/wp\/v2\/pages"}],"about":[{"href":"https:\/\/monolith.law\/fi\/wp-json\/wp\/v2\/types\/page"}],"author":[{"embeddable":true,"href":"https:\/\/monolith.law\/fi\/wp-json\/wp\/v2\/users\/1"}],"replies":[{"embeddable":true,"href":"https:\/\/monolith.law\/fi\/wp-json\/wp\/v2\/comments?post=47528"}],"version-history":[{"count":70,"href":"https:\/\/monolith.law\/fi\/wp-json\/wp\/v2\/pages\/47528\/revisions"}],"predecessor-version":[{"id":65625,"href":"https:\/\/monolith.law\/fi\/wp-json\/wp\/v2\/pages\/47528\/revisions\/65625"}],"wp:featuredmedia":[{"embeddable":true,"href":"https:\/\/monolith.law\/fi\/wp-json\/wp\/v2\/media\/56655"}],"wp:attachment":[{"href":"https:\/\/monolith.law\/fi\/wp-json\/wp\/v2\/media?parent=47528"}],"curies":[{"name":"wp","href":"https:\/\/api.w.org\/{rel}","templated":true}]}}